{"id":1084,"date":"2023-11-04T20:58:49","date_gmt":"2023-11-04T20:58:49","guid":{"rendered":"http:\/\/masalacrua.pt\/?post_type=product&#038;p=1084"},"modified":"2026-03-17T19:26:10","modified_gmt":"2026-03-17T19:26:10","slug":"solid-conditioner-palmarosa","status":"publish","type":"product","link":"https:\/\/masalacrua.pt\/pt\/produto\/solid-conditioner-palmarosa\/","title":{"rendered":"condicionador | palmarosa"},"content":{"rendered":"<h3><strong>INGREDIENTES<\/strong><\/h3>\n<p class=\"p1\">behentrimonium methosulfate (e) cetearyl alcohol (cera), cetearyl alcohol, coco caprylate\/caprate, \u00f3leo da semente de simmondsia chinensis (jojoba), \u00f3leo de cocus nucifera (coco)*, d-pantenol provitamina B5, prote\u00edna de trigo hidrolisada, tocopherol (vitamina E), ilite (argila vermelha), madeira de pterocarpus santalinus (s\u00e2ndalo vermelho), p\u00f3 de \u00f3leo de cymbopogon martini (palmarosa), \u00f3leo de lavandula angustifolia (lavanda).<\/p>\n<p>*proveniente de produ\u00e7\u00e3o org\u00e2nica<br \/>\n100% ingredientes naturais ou de origem vegetal<\/p>\n<p>&nbsp;<\/p>\n<p><strong>Ingredientes principais<\/strong><\/p>\n<ul data-start=\"122\" data-end=\"669\">\n<li data-section-id=\"auno92\" data-start=\"122\" data-end=\"287\" class=\"translation-block\">Coco-caprilato: uma alternativa natural aos silicones que suaviza o cabelo,<strong data-start=\"313\" data-end=\"390\"> desembara\u00e7a, d\u00e1 brilho<\/strong> e deixa o cabelo macio sem acumula\u00e7\u00e3o de res\u00edduos.<\/li>\n<li data-section-id=\"12oiquf\" data-start=\"395\" data-end=\"506\">\n<p data-start=\"397\" data-end=\"506\" class=\"translation-block\">Espirulina: uma alga rica em nutrientes, repleta de vitaminas, minerais e antioxidantes que <strong data-start=\"181\" data-end=\"295\">fortalece o cabelo,<\/strong> nutre e hidrata o couro cabeludo, promove um crescimento capilar mais saud\u00e1vel e real\u00e7a o brilho natural. O seu conte\u00fado mineral, incluindo zinco, tamb\u00e9m <strong data-start=\"339\" data-end=\"399\">ajuda a reduzir a caspa e favorece o equil\u00edbrio geral do couro cabeludo<\/strong>.<\/p>\n<\/li>\n<li data-section-id=\"12oiquf\" data-start=\"395\" data-end=\"506\">\n<p data-start=\"397\" data-end=\"506\" class=\"translation-block\">\u00d3leo de jojoba: um \u00f3leo vegetal leve que hidrata, nutre e <strong data-start=\"443\" data-end=\"503\">ajuda a manter o equil\u00edbrio da humidade<\/strong>.<\/p>\n<\/li>\n<li data-section-id=\"kqyfzt\" data-start=\"718\" data-end=\"867\">\n<p data-start=\"720\" data-end=\"867\" class=\"translation-block\">Prote\u00edna de trigo hidrolisada e provitamina B5 (d-pantenol): <strong data-start=\"434\" data-end=\"545\">penetram na haste capilar, fortalecem e reparam as fibras do cabelo, <\/strong>aumentam a suavidade e melhoram o volume e o brilho.<\/p>\n<\/li>\n<li data-section-id=\"1khwn1b\" data-start=\"869\" data-end=\"988\">\n<p data-start=\"871\" data-end=\"988\" class=\"translation-block\">Vitamina E (tocoferol): um antioxidante que <strong data-start=\"915\" data-end=\"985\">protege o cabelo,<\/strong> nutre os fios e ajuda a manter um brilho saud\u00e1vel.<\/p>\n<\/li>\n<\/ul>\n<p>&nbsp;<\/p>\n<p><strong>Vegan and cruelty free.<\/strong><br \/>\n<strong>Biodegradable.<\/strong><br \/>\n<strong>No synthetic fragrance or colour.<\/strong><br \/>\n<strong>No toxic chemicals.<\/strong><\/p>\n<p>&nbsp;<\/p>\n<h3><strong>COMO USAR<\/strong><\/h3>\n<p>O condicionador s\u00f3lido pode ser utilizado de forma semelhante ao shampoo s\u00f3lido:<\/p>\n<p>1. Molhe a barra de condicionador.<br \/>\n2. Aplique diretamente no cabelo, focando-se no comprimento e nas pontas. Esfregue a barra num movimento de cima para baixo e evite o couro cabeludo.<br \/>\n3. Deixe atuar durante alguns minutos e, em seguida, enxague abundantemente com \u00e1gua.<br \/>\n4. Guarde corretamente ap\u00f3s a utiliza\u00e7\u00e3o: coloque a barra numa esponja ou saboneteira com furos de drenagem para permitir que seque completamente entre utiliza\u00e7\u00f5es. Assim, durar\u00e1 mais tempo.<\/p>\n<p>Para melhores resultados, combine com natural <a href=\"https:\/\/masalacrua.pt\/pt\/categoria-produto\/shop\/natural-skin-care\/hair-care\/\" target=\"_blank\" rel=\"noopener\">shampoo s\u00f3lido<\/a> e <a href=\"https:\/\/masalacrua.pt\/pt\/produto\/conditioner-spirulina-lemon\/\" target=\"_blank\" rel=\"noopener\">s\u00e9rum capilar<\/a>.<\/p>\n<p>&nbsp;<\/p>\n<p>&nbsp;<\/p>\n<h3><strong>O QUE TORNA O CONDICIONADOR S\u00d3LIDO MAIS SUSTENT\u00c1VEL<\/strong><\/h3>\n<p data-start=\"185\" data-end=\"275\" class=\"translation-block\">O condicionador s\u00f3lido \u00e9 uma <strong data-start=\"209\" data-end=\"237\">alternativa ecol\u00f3gica<\/strong> aos condicionadores l\u00edquidos tradicionais.<\/p>\n<p data-start=\"277\" data-end=\"452\" class=\"translation-block\">Como se apresenta num formato s\u00f3lido, evita a necessidade de garrafas de pl\u00e1stico e \u00e9 mais f\u00e1cil de transportar em viagens \u2014 especialmente quando acompanhado pela nossa <a href=\"https:\/\/masalacrua.pt\/pt\/produto\/travel-cork-box\/\" target=\"_blank\" rel=\"noopener\">caixa de viagem em corti\u00e7a<\/a>.<\/p>\n<p data-start=\"454\" data-end=\"621\">Durante a produ\u00e7\u00e3o, o condicionador s\u00f3lido n\u00e3o utiliza \u00e1gua, o que o torna um produto altamente concentrado. Em compara\u00e7\u00e3o, a maioria dos condicionadores l\u00edquidos \u00e9 composta por cerca de 80% de \u00e1gua.<\/p>\n<p data-start=\"623\" data-end=\"792\" class=\"translation-block\">Gra\u00e7as a esta f\u00f3rmula concentrada, apenas precisa de uma pequena quantidade por utiliza\u00e7\u00e3o, pelo que o condicionador <strong data-start=\"721\" data-end=\"744\">dura de 2 a 4 meses<\/strong>, dependendo do tipo de cabelo e da frequ\u00eancia de utiliza\u00e7\u00e3o.<\/p>\n<p data-start=\"794\" data-end=\"911\" class=\"translation-block\"><strong>Sem embalagens de pl\u00e1stico<\/strong><br data-start=\"900\" data-end=\"903\"><strong data-start=\"905\" data-end=\"935\">Produ\u00e7\u00e3o eficiente de \u00e1gua<\/strong><br data-start=\"935\" data-end=\"938\"><strong data-start=\"940\" data-end=\"971\">F\u00f3rmula altamente concentrada<\/strong><br data-start=\"971\" data-end=\"974\"><strong data-start=\"976\" data-end=\"1012\">Duradouro e ideal para viajar<\/strong><\/p>\n<p data-start=\"913\" data-end=\"1007\">Uma mudan\u00e7a simples que ajuda a reduzir o desperd\u00edcio, mantendo o cabelo macio, hidratado e saud\u00e1vel.<\/p>","protected":false},"excerpt":{"rendered":"<p>Condicionador s\u00f3lido com palmarosa e \u00f3leo de jojoba. Aroma floral.<\/p>\n<p>Uma f\u00f3rmula nutritiva especialmente concebida para cabelos secos ou danificados, mas adequada a todos os tipos de cabelo. O condicionador s\u00f3lido cuida do cabelo da raiz at\u00e9 \u00e0s pontas, ajudando a hidratar, fortalecer e suavizar os fios, deixando o cabelo macio, saud\u00e1vel e naturalmente brilhante.<\/p>","protected":false},"featured_media":2207,"comment_status":"open","ping_status":"closed","template":"","meta":{"_acf_changed":false,"_et_pb_use_builder":"off","_et_pb_old_content":"<h6><strong>SOLID CONDITIONER FOR DRY OR DAMAGED HAIR<\/strong><\/h6>\r\n<h6>WITH PALMAROSA AND RED CLAY<\/h6>\r\nNatural floral scent from palmarosa and lavender essential oils.\r\nNatural orange colour from red clay and red sandal powder.\r\n<h6><strong>WHY IS SOLID CONDITIONER MORE SUSTAINABLE<\/strong><\/h6>\r\nThe solid conditioner avoids the use of plastic containers and is more travel friendly, specially using our <a href=\"http:\/\/masalacrua.pt\/product\/travel-cork-box\/\">cork travel box<\/a>.\r\n\r\nIt doesn't use water in its production, making it highly concentrated and equivalent to multiple bottled liquid conditioners, that normally includes around 80% water in their formula.\r\n\r\nIt also means that you only need to use a small amount every time you wash your hair, so your solid conditioner will last longer. Is normally enough for 2 to 4 months, depending on how many times is used and the type of hair.\r\n<h6><strong>HOW TO USE<\/strong><\/h6>\r\nThe solid conditioner can be used the same way you would use the solid shampoo:\r\n\r\n1. Wet the conditioner bar.\r\n2. Apply directly on the hair, selecting some meshes and rubbing the bar in an up and down movement. Avoid applying on the scalp.\r\n3. Let it act for a few minutes and rinse with water.\r\n4. Always leave the conditioner on top of a sponge or a soap holder with holes for the water to go through, making sure that it dries well between uses. This step is very important to guarantee the right preservation and durability of the conditioner bar.\r\n<h6><strong>INGREDIENTS<\/strong><\/h6>\r\n<p class=\"p1\">behentrimonium methosulfate (and) cetearyl alcohol (wax), cetearyl alcohol, coco caprylate\/caprate, simmondsia chinensis\r\n(jojoba) seed oil, cocus nucifera (coconut) oil*, d-pantenol provitamin B5, hidrolyzed wheat protein, tocopherol (vitamin E), benzyl alcohol\/ dehydroacetic acid (natural preservative), illite (red clay), pterocarpus santalinus wood (red sandalwood) powder cymbopogon martini (palmarosa) oil, lavandula angustifolia (lavender)<\/p>\r\n<p class=\"p1\">*from organic production<\/p>\r\n<strong>Coco caprylate<\/strong> is a natural alternative to silicon. Silicons coat, lubricate and seal in moisture, making hair smooth, tangle free and shiny. However, they are non-soluble, build up over time and make your hair heavy and dull with prolonged use. Coco-caprylate, or caprate, is derived form coconut, and has similar properties, with the added bonus that it doesn\u2019t build up, is easily washed off and is biodegradable.\r\n\r\nVegan and cruelty free.\r\n100% biodegradable.\r\nNo synthetic fragrance or colour.\r\nNo toxic chemicals.","_et_gb_content_width":""},"product_brand":[],"product_cat":[132],"product_tag":[278],"class_list":{"0":"post-1084","1":"product","2":"type-product","3":"status-publish","4":"has-post-thumbnail","6":"product_cat-hair-care","7":"product_tag-conditioner","8":"pa_ingredients-coco-caprylate","9":"pa_ingredients-coconut-oil","10":"pa_ingredients-jojoba-oil","11":"pa_ingredients-lavender","12":"pa_ingredients-palmarosa","14":"first","15":"instock","16":"taxable","17":"shipping-taxable","18":"purchasable","19":"product-type-variable"},"acf":[],"yoast_head":"<!-- This site is optimized with the Yoast SEO plugin v27.4 - https:\/\/yoast.com\/product\/yoast-seo-wordpress\/ -->\n<title>Solid Conditioner with Palmarosa<\/title>\n<meta name=\"description\" content=\"A nourishing formula specially designed for dry or damaged hair, yet suitable for all hair types. Solid conditioner with palmarosa and jojoba oil.\" \/>\n<meta name=\"robots\" content=\"index, follow, max-snippet:-1, max-image-preview:large, max-video-preview:-1\" \/>\n<link rel=\"canonical\" href=\"https:\/\/masalacrua.pt\/pt\/produto\/solid-conditioner-palmarosa\/\" \/>\n<meta property=\"og:locale\" content=\"pt_PT\" \/>\n<meta property=\"og:type\" content=\"article\" \/>\n<meta property=\"og:title\" content=\"Solid Conditioner with Palmarosa\" \/>\n<meta property=\"og:description\" content=\"A nourishing formula specially designed for dry or damaged hair, yet suitable for all hair types. Solid conditioner with palmarosa and jojoba oil.\" \/>\n<meta property=\"og:url\" content=\"https:\/\/masalacrua.pt\/pt\/produto\/solid-conditioner-palmarosa\/\" \/>\n<meta property=\"og:site_name\" content=\"masalaCRUA\" \/>\n<meta property=\"article:publisher\" content=\"https:\/\/www.facebook.com\/masalaCRUA\" \/>\n<meta property=\"article:modified_time\" content=\"2026-03-17T19:26:10+00:00\" \/>\n<meta property=\"og:image\" content=\"https:\/\/masalacrua.pt\/wp-content\/uploads\/2024\/10\/img_7443-1.jpeg\" \/>\n\t<meta property=\"og:image:width\" content=\"2200\" \/>\n\t<meta property=\"og:image:height\" content=\"1650\" \/>\n\t<meta property=\"og:image:type\" content=\"image\/jpeg\" \/>\n<meta name=\"twitter:card\" content=\"summary_large_image\" \/>\n<meta name=\"twitter:label1\" content=\"Tempo estimado de leitura\" \/>\n\t<meta name=\"twitter:data1\" content=\"2 minutos\" \/>\n<script type=\"application\/ld+json\" class=\"yoast-schema-graph\">{\"@context\":\"https:\\\/\\\/schema.org\",\"@graph\":[{\"@type\":\"WebPage\",\"@id\":\"https:\\\/\\\/masalacrua.pt\\\/product\\\/solid-conditioner-palmarosa\\\/\",\"url\":\"https:\\\/\\\/masalacrua.pt\\\/product\\\/solid-conditioner-palmarosa\\\/\",\"name\":\"Solid Conditioner with Palmarosa\",\"isPartOf\":{\"@id\":\"https:\\\/\\\/masalacrua.pt\\\/#website\"},\"primaryImageOfPage\":{\"@id\":\"https:\\\/\\\/masalacrua.pt\\\/product\\\/solid-conditioner-palmarosa\\\/#primaryimage\"},\"image\":{\"@id\":\"https:\\\/\\\/masalacrua.pt\\\/product\\\/solid-conditioner-palmarosa\\\/#primaryimage\"},\"thumbnailUrl\":\"https:\\\/\\\/masalacrua.pt\\\/wp-content\\\/uploads\\\/2024\\\/10\\\/img_7443-1.jpeg\",\"datePublished\":\"2023-11-04T20:58:49+00:00\",\"dateModified\":\"2026-03-17T19:26:10+00:00\",\"description\":\"A nourishing formula specially designed for dry or damaged hair, yet suitable for all hair types. Solid conditioner with palmarosa and jojoba oil.\",\"breadcrumb\":{\"@id\":\"https:\\\/\\\/masalacrua.pt\\\/product\\\/solid-conditioner-palmarosa\\\/#breadcrumb\"},\"inLanguage\":\"pt-PT\",\"potentialAction\":[{\"@type\":\"ReadAction\",\"target\":[\"https:\\\/\\\/masalacrua.pt\\\/product\\\/solid-conditioner-palmarosa\\\/\"]}]},{\"@type\":\"ImageObject\",\"inLanguage\":\"pt-PT\",\"@id\":\"https:\\\/\\\/masalacrua.pt\\\/product\\\/solid-conditioner-palmarosa\\\/#primaryimage\",\"url\":\"https:\\\/\\\/masalacrua.pt\\\/wp-content\\\/uploads\\\/2024\\\/10\\\/img_7443-1.jpeg\",\"contentUrl\":\"https:\\\/\\\/masalacrua.pt\\\/wp-content\\\/uploads\\\/2024\\\/10\\\/img_7443-1.jpeg\",\"width\":2200,\"height\":1650,\"caption\":\"Processed with VSCO with a9 preset\"},{\"@type\":\"BreadcrumbList\",\"@id\":\"https:\\\/\\\/masalacrua.pt\\\/product\\\/solid-conditioner-palmarosa\\\/#breadcrumb\",\"itemListElement\":[{\"@type\":\"ListItem\",\"position\":1,\"name\":\"Home\",\"item\":\"https:\\\/\\\/masalacrua.pt\\\/\"},{\"@type\":\"ListItem\",\"position\":2,\"name\":\"SHOP\",\"item\":\"https:\\\/\\\/masalacrua.pt\\\/shop\\\/\"},{\"@type\":\"ListItem\",\"position\":3,\"name\":\"conditioner | palmarosa\"}]},{\"@type\":\"WebSite\",\"@id\":\"https:\\\/\\\/masalacrua.pt\\\/#website\",\"url\":\"https:\\\/\\\/masalacrua.pt\\\/\",\"name\":\"masalaCRUA\",\"description\":\"natural creations\",\"publisher\":{\"@id\":\"https:\\\/\\\/masalacrua.pt\\\/#organization\"},\"potentialAction\":[{\"@type\":\"SearchAction\",\"target\":{\"@type\":\"EntryPoint\",\"urlTemplate\":\"https:\\\/\\\/masalacrua.pt\\\/?s={search_term_string}\"},\"query-input\":{\"@type\":\"PropertyValueSpecification\",\"valueRequired\":true,\"valueName\":\"search_term_string\"}}],\"inLanguage\":\"pt-PT\"},{\"@type\":\"Organization\",\"@id\":\"https:\\\/\\\/masalacrua.pt\\\/#organization\",\"name\":\"masalaCRUA\",\"url\":\"https:\\\/\\\/masalacrua.pt\\\/\",\"logo\":{\"@type\":\"ImageObject\",\"inLanguage\":\"pt-PT\",\"@id\":\"https:\\\/\\\/masalacrua.pt\\\/#\\\/schema\\\/logo\\\/image\\\/\",\"url\":\"https:\\\/\\\/masalacrua.pt\\\/wp-content\\\/uploads\\\/2021\\\/11\\\/LOGO-finalLOGO-EXPAND-5pt-copy.png\",\"contentUrl\":\"https:\\\/\\\/masalacrua.pt\\\/wp-content\\\/uploads\\\/2021\\\/11\\\/LOGO-finalLOGO-EXPAND-5pt-copy.png\",\"width\":767,\"height\":766,\"caption\":\"masalaCRUA\"},\"image\":{\"@id\":\"https:\\\/\\\/masalacrua.pt\\\/#\\\/schema\\\/logo\\\/image\\\/\"},\"sameAs\":[\"https:\\\/\\\/www.facebook.com\\\/masalaCRUA\",\"https:\\\/\\\/www.instagram.com\\\/masala.crua\\\/\"]}]}<\/script>\n<!-- \/ Yoast SEO plugin. -->","yoast_head_json":{"title":"Solid Conditioner with Palmarosa","description":"A nourishing formula specially designed for dry or damaged hair, yet suitable for all hair types. Solid conditioner with palmarosa and jojoba oil.","robots":{"index":"index","follow":"follow","max-snippet":"max-snippet:-1","max-image-preview":"max-image-preview:large","max-video-preview":"max-video-preview:-1"},"canonical":"https:\/\/masalacrua.pt\/pt\/produto\/solid-conditioner-palmarosa\/","og_locale":"pt_PT","og_type":"article","og_title":"Solid Conditioner with Palmarosa","og_description":"A nourishing formula specially designed for dry or damaged hair, yet suitable for all hair types. Solid conditioner with palmarosa and jojoba oil.","og_url":"https:\/\/masalacrua.pt\/pt\/produto\/solid-conditioner-palmarosa\/","og_site_name":"masalaCRUA","article_publisher":"https:\/\/www.facebook.com\/masalaCRUA","article_modified_time":"2026-03-17T19:26:10+00:00","og_image":[{"width":2200,"height":1650,"url":"https:\/\/masalacrua.pt\/wp-content\/uploads\/2024\/10\/img_7443-1.jpeg","type":"image\/jpeg"}],"twitter_card":"summary_large_image","twitter_misc":{"Tempo estimado de leitura":"2 minutos"},"schema":{"@context":"https:\/\/schema.org","@graph":[{"@type":"WebPage","@id":"https:\/\/masalacrua.pt\/product\/solid-conditioner-palmarosa\/","url":"https:\/\/masalacrua.pt\/product\/solid-conditioner-palmarosa\/","name":"Solid Conditioner with Palmarosa","isPartOf":{"@id":"https:\/\/masalacrua.pt\/#website"},"primaryImageOfPage":{"@id":"https:\/\/masalacrua.pt\/product\/solid-conditioner-palmarosa\/#primaryimage"},"image":{"@id":"https:\/\/masalacrua.pt\/product\/solid-conditioner-palmarosa\/#primaryimage"},"thumbnailUrl":"https:\/\/masalacrua.pt\/wp-content\/uploads\/2024\/10\/img_7443-1.jpeg","datePublished":"2023-11-04T20:58:49+00:00","dateModified":"2026-03-17T19:26:10+00:00","description":"A nourishing formula specially designed for dry or damaged hair, yet suitable for all hair types. Solid conditioner with palmarosa and jojoba oil.","breadcrumb":{"@id":"https:\/\/masalacrua.pt\/product\/solid-conditioner-palmarosa\/#breadcrumb"},"inLanguage":"pt-PT","potentialAction":[{"@type":"ReadAction","target":["https:\/\/masalacrua.pt\/product\/solid-conditioner-palmarosa\/"]}]},{"@type":"ImageObject","inLanguage":"pt-PT","@id":"https:\/\/masalacrua.pt\/product\/solid-conditioner-palmarosa\/#primaryimage","url":"https:\/\/masalacrua.pt\/wp-content\/uploads\/2024\/10\/img_7443-1.jpeg","contentUrl":"https:\/\/masalacrua.pt\/wp-content\/uploads\/2024\/10\/img_7443-1.jpeg","width":2200,"height":1650,"caption":"Processed with VSCO with a9 preset"},{"@type":"BreadcrumbList","@id":"https:\/\/masalacrua.pt\/product\/solid-conditioner-palmarosa\/#breadcrumb","itemListElement":[{"@type":"ListItem","position":1,"name":"Home","item":"https:\/\/masalacrua.pt\/"},{"@type":"ListItem","position":2,"name":"SHOP","item":"https:\/\/masalacrua.pt\/shop\/"},{"@type":"ListItem","position":3,"name":"conditioner | palmarosa"}]},{"@type":"WebSite","@id":"https:\/\/masalacrua.pt\/#website","url":"https:\/\/masalacrua.pt\/","name":"masalaCRUA","description":"natural creations","publisher":{"@id":"https:\/\/masalacrua.pt\/#organization"},"potentialAction":[{"@type":"SearchAction","target":{"@type":"EntryPoint","urlTemplate":"https:\/\/masalacrua.pt\/?s={search_term_string}"},"query-input":{"@type":"PropertyValueSpecification","valueRequired":true,"valueName":"search_term_string"}}],"inLanguage":"pt-PT"},{"@type":"Organization","@id":"https:\/\/masalacrua.pt\/#organization","name":"masalaCRUA","url":"https:\/\/masalacrua.pt\/","logo":{"@type":"ImageObject","inLanguage":"pt-PT","@id":"https:\/\/masalacrua.pt\/#\/schema\/logo\/image\/","url":"https:\/\/masalacrua.pt\/wp-content\/uploads\/2021\/11\/LOGO-finalLOGO-EXPAND-5pt-copy.png","contentUrl":"https:\/\/masalacrua.pt\/wp-content\/uploads\/2021\/11\/LOGO-finalLOGO-EXPAND-5pt-copy.png","width":767,"height":766,"caption":"masalaCRUA"},"image":{"@id":"https:\/\/masalacrua.pt\/#\/schema\/logo\/image\/"},"sameAs":["https:\/\/www.facebook.com\/masalaCRUA","https:\/\/www.instagram.com\/masala.crua\/"]}]}},"jetpack_sharing_enabled":true,"_links":{"self":[{"href":"https:\/\/masalacrua.pt\/pt\/wp-json\/wp\/v2\/product\/1084","targetHints":{"allow":["GET"]}}],"collection":[{"href":"https:\/\/masalacrua.pt\/pt\/wp-json\/wp\/v2\/product"}],"about":[{"href":"https:\/\/masalacrua.pt\/pt\/wp-json\/wp\/v2\/types\/product"}],"replies":[{"embeddable":true,"href":"https:\/\/masalacrua.pt\/pt\/wp-json\/wp\/v2\/comments?post=1084"}],"wp:featuredmedia":[{"embeddable":true,"href":"https:\/\/masalacrua.pt\/pt\/wp-json\/wp\/v2\/media\/2207"}],"wp:attachment":[{"href":"https:\/\/masalacrua.pt\/pt\/wp-json\/wp\/v2\/media?parent=1084"}],"wp:term":[{"taxonomy":"product_brand","embeddable":true,"href":"https:\/\/masalacrua.pt\/pt\/wp-json\/wp\/v2\/product_brand?post=1084"},{"taxonomy":"product_cat","embeddable":true,"href":"https:\/\/masalacrua.pt\/pt\/wp-json\/wp\/v2\/product_cat?post=1084"},{"taxonomy":"product_tag","embeddable":true,"href":"https:\/\/masalacrua.pt\/pt\/wp-json\/wp\/v2\/product_tag?post=1084"}],"curies":[{"name":"wp","href":"https:\/\/api.w.org\/{rel}","templated":true}]}}