{"id":1123,"date":"2023-11-05T21:25:23","date_gmt":"2023-11-05T21:25:23","guid":{"rendered":"http:\/\/masalacrua.pt\/?post_type=product&#038;p=1123"},"modified":"2026-03-22T17:56:31","modified_gmt":"2026-03-22T17:56:31","slug":"masala-giftbox-essentials","status":"publish","type":"product","link":"https:\/\/masalacrua.pt\/pt\/produto\/masala-giftbox-essentials\/","title":{"rendered":"masala giftbox | essenciais"},"content":{"rendered":"<h3 data-start=\"397\" data-end=\"559\"><strong>A GIFTBOX ESSENCIAIS<\/strong><\/h3>\n<p data-start=\"397\" data-end=\"559\">Descubra a ess\u00eancia do cuidado natural capilar e da pele com este conjunto. Produzido artesanalmente com cuidado e ingredientes de origem vegetal, este kit re\u00fane os essenciais para uma rotina simples e nutritiva:<\/p>\n<ul data-start=\"561\" data-end=\"799\">\n<li data-section-id=\"dy560n\" data-start=\"561\" data-end=\"614\">\n<p data-start=\"563\" data-end=\"614\"><strong>Sabonete<\/strong> (100g) \u2013 artisanal moisturizing handmade soap that cleanse and refreshes the body.<\/p>\n<\/li>\n<li data-section-id=\"vy9ab6\" data-start=\"615\" data-end=\"719\">\n<p data-start=\"617\" data-end=\"719\" class=\"translation-block\"><strong>Shampoo S\u00f3lido<\/strong> (60 g) \u2013 uma f\u00f3rmula concentrada de origem vegetal que limpa e nutre o cabelo.<\/p>\n<\/li>\n<li data-section-id=\"5shl2q\" data-start=\"720\" data-end=\"799\">\n<p data-start=\"722\" data-end=\"799\" class=\"translation-block\"><strong>Condicionador S\u00f3lido<\/strong> (60 g) \u2013 hidrata, suaviza e fortalece o cabelo.<\/p>\n<\/li>\n<\/ul>\n<p data-start=\"801\" data-end=\"1079\">Todos os artigos s\u00e3o feitos \u00e0 m\u00e3o e amigos do ambiente, tornando esta caixa de presente a introdu\u00e7\u00e3o perfeita aos cuidados naturais ou um miminho especial para quem merece um cuidado consciente e suave todos os dias!<\/p>\n<p data-start=\"801\" data-end=\"1079\" class=\"translation-block\">Se desejar selecionar artigos espec\u00edficos, por favor adicione uma nota na sua encomenda, sujeito \u00e0 disponibilidade de stock. Explore a nossa cole\u00e7\u00e3o de <a href=\"https:\/\/masalacrua.pt\/pt\/categoria-produto\/shop\/natural-skin-care\/artisanal-soap\/\" target=\"_blank\" rel=\"noopener\">sabonetes<\/a> e <a href=\"https:\/\/masalacrua.pt\/pt\/categoria-produto\/shop\/natural-skin-care\/hair-care\/\" target=\"_blank\" rel=\"noopener\">cuidar do cabelo<\/a>.<\/p>","protected":false},"excerpt":{"rendered":"<p>A Giftbox Essenciais \u2013 um conjunto artesanal que inclui sabonete, shampoo s\u00f3lido e condicionador s\u00f3lido, perfeito para descobrir os nossos essenciais naturais de cuidado capilar e da pele.<\/p>","protected":false},"featured_media":2933,"comment_status":"open","ping_status":"closed","template":"","meta":{"_acf_changed":false,"_et_pb_use_builder":"off","_et_pb_old_content":"Giftbox containing one soap, one solid shampoo and one infused body oil.\r\n\r\nSpecial edition for Christmas\r\n\r\nThe soap and shampoo will be chosen randomly from our collection, the body oil is infused in lavender and Jasmin.\r\n\r\nsoap approximately 80g\r\n\r\nsolid shampoo 60g\r\n\r\nbody oil 30ml","_et_gb_content_width":""},"product_brand":[],"product_cat":[128,130,132],"product_tag":[463,275],"class_list":{"0":"post-1123","1":"product","2":"type-product","3":"status-publish","4":"has-post-thumbnail","6":"product_cat-artisanal-soap","7":"product_cat-accessories","8":"product_cat-hair-care","9":"product_tag-essential-care","10":"product_tag-giftbox","12":"first","13":"instock","14":"taxable","15":"shipping-taxable","16":"purchasable","17":"product-type-simple"},"acf":[],"yoast_head":"<!-- This site is optimized with the Yoast SEO plugin v27.5 - https:\/\/yoast.com\/product\/yoast-seo-wordpress\/ -->\n<title>Essentials Giftbox<\/title>\n<meta name=\"description\" content=\"The Essentials Giftbox \u2013 a handcrafted set including soap, solid shampoo, and solid conditioner, perfect for discovering natural hair and skin care essentials.\" \/>\n<meta name=\"robots\" content=\"index, follow, max-snippet:-1, max-image-preview:large, max-video-preview:-1\" \/>\n<link rel=\"canonical\" href=\"https:\/\/masalacrua.pt\/pt\/produto\/masala-giftbox-essentials\/\" \/>\n<meta property=\"og:locale\" content=\"pt_PT\" \/>\n<meta property=\"og:type\" content=\"article\" \/>\n<meta property=\"og:title\" content=\"Essentials Giftbox\" \/>\n<meta property=\"og:description\" content=\"The Essentials Giftbox \u2013 a handcrafted set including soap, solid shampoo, and solid conditioner, perfect for discovering natural hair and skin care essentials.\" \/>\n<meta property=\"og:url\" content=\"https:\/\/masalacrua.pt\/pt\/produto\/masala-giftbox-essentials\/\" \/>\n<meta property=\"og:site_name\" content=\"masalaCRUA\" \/>\n<meta property=\"article:publisher\" content=\"https:\/\/www.facebook.com\/masalaCRUA\" \/>\n<meta property=\"article:modified_time\" content=\"2026-03-22T17:56:31+00:00\" \/>\n<meta property=\"og:image\" content=\"https:\/\/masalacrua.pt\/wp-content\/uploads\/2023\/11\/4b2c66c6-b9ed-43cd-ad01-982f1a008285-scaled.jpeg\" \/>\n\t<meta property=\"og:image:width\" content=\"1920\" \/>\n\t<meta property=\"og:image:height\" content=\"2560\" \/>\n\t<meta property=\"og:image:type\" content=\"image\/jpeg\" \/>\n<meta name=\"twitter:card\" content=\"summary_large_image\" \/>\n<meta name=\"twitter:label1\" content=\"Tempo estimado de leitura\" \/>\n\t<meta name=\"twitter:data1\" content=\"1 minuto\" \/>\n<script type=\"application\/ld+json\" class=\"yoast-schema-graph\">{\"@context\":\"https:\\\/\\\/schema.org\",\"@graph\":[{\"@type\":\"WebPage\",\"@id\":\"https:\\\/\\\/masalacrua.pt\\\/product\\\/masala-giftbox-essentials\\\/\",\"url\":\"https:\\\/\\\/masalacrua.pt\\\/product\\\/masala-giftbox-essentials\\\/\",\"name\":\"Essentials Giftbox\",\"isPartOf\":{\"@id\":\"https:\\\/\\\/masalacrua.pt\\\/#website\"},\"primaryImageOfPage\":{\"@id\":\"https:\\\/\\\/masalacrua.pt\\\/product\\\/masala-giftbox-essentials\\\/#primaryimage\"},\"image\":{\"@id\":\"https:\\\/\\\/masalacrua.pt\\\/product\\\/masala-giftbox-essentials\\\/#primaryimage\"},\"thumbnailUrl\":\"https:\\\/\\\/masalacrua.pt\\\/wp-content\\\/uploads\\\/2023\\\/11\\\/4b2c66c6-b9ed-43cd-ad01-982f1a008285-scaled.jpeg\",\"datePublished\":\"2023-11-05T21:25:23+00:00\",\"dateModified\":\"2026-03-22T17:56:31+00:00\",\"description\":\"The Essentials Giftbox \u2013 a handcrafted set including soap, solid shampoo, and solid conditioner, perfect for discovering natural hair and skin care essentials.\",\"breadcrumb\":{\"@id\":\"https:\\\/\\\/masalacrua.pt\\\/product\\\/masala-giftbox-essentials\\\/#breadcrumb\"},\"inLanguage\":\"pt-PT\",\"potentialAction\":[{\"@type\":\"ReadAction\",\"target\":[\"https:\\\/\\\/masalacrua.pt\\\/product\\\/masala-giftbox-essentials\\\/\"]}]},{\"@type\":\"ImageObject\",\"inLanguage\":\"pt-PT\",\"@id\":\"https:\\\/\\\/masalacrua.pt\\\/product\\\/masala-giftbox-essentials\\\/#primaryimage\",\"url\":\"https:\\\/\\\/masalacrua.pt\\\/wp-content\\\/uploads\\\/2023\\\/11\\\/4b2c66c6-b9ed-43cd-ad01-982f1a008285-scaled.jpeg\",\"contentUrl\":\"https:\\\/\\\/masalacrua.pt\\\/wp-content\\\/uploads\\\/2023\\\/11\\\/4b2c66c6-b9ed-43cd-ad01-982f1a008285-scaled.jpeg\",\"width\":1920,\"height\":2560,\"caption\":\"Processed with VSCO with a9 preset\"},{\"@type\":\"BreadcrumbList\",\"@id\":\"https:\\\/\\\/masalacrua.pt\\\/product\\\/masala-giftbox-essentials\\\/#breadcrumb\",\"itemListElement\":[{\"@type\":\"ListItem\",\"position\":1,\"name\":\"Home\",\"item\":\"https:\\\/\\\/masalacrua.pt\\\/\"},{\"@type\":\"ListItem\",\"position\":2,\"name\":\"SHOP\",\"item\":\"https:\\\/\\\/masalacrua.pt\\\/shop\\\/\"},{\"@type\":\"ListItem\",\"position\":3,\"name\":\"masala giftbox | essentials\"}]},{\"@type\":\"WebSite\",\"@id\":\"https:\\\/\\\/masalacrua.pt\\\/#website\",\"url\":\"https:\\\/\\\/masalacrua.pt\\\/\",\"name\":\"masalaCRUA\",\"description\":\"natural creations\",\"publisher\":{\"@id\":\"https:\\\/\\\/masalacrua.pt\\\/#organization\"},\"potentialAction\":[{\"@type\":\"SearchAction\",\"target\":{\"@type\":\"EntryPoint\",\"urlTemplate\":\"https:\\\/\\\/masalacrua.pt\\\/?s={search_term_string}\"},\"query-input\":{\"@type\":\"PropertyValueSpecification\",\"valueRequired\":true,\"valueName\":\"search_term_string\"}}],\"inLanguage\":\"pt-PT\"},{\"@type\":\"Organization\",\"@id\":\"https:\\\/\\\/masalacrua.pt\\\/#organization\",\"name\":\"masalaCRUA\",\"url\":\"https:\\\/\\\/masalacrua.pt\\\/\",\"logo\":{\"@type\":\"ImageObject\",\"inLanguage\":\"pt-PT\",\"@id\":\"https:\\\/\\\/masalacrua.pt\\\/#\\\/schema\\\/logo\\\/image\\\/\",\"url\":\"https:\\\/\\\/masalacrua.pt\\\/wp-content\\\/uploads\\\/2021\\\/11\\\/LOGO-finalLOGO-EXPAND-5pt-copy.png\",\"contentUrl\":\"https:\\\/\\\/masalacrua.pt\\\/wp-content\\\/uploads\\\/2021\\\/11\\\/LOGO-finalLOGO-EXPAND-5pt-copy.png\",\"width\":767,\"height\":766,\"caption\":\"masalaCRUA\"},\"image\":{\"@id\":\"https:\\\/\\\/masalacrua.pt\\\/#\\\/schema\\\/logo\\\/image\\\/\"},\"sameAs\":[\"https:\\\/\\\/www.facebook.com\\\/masalaCRUA\",\"https:\\\/\\\/www.instagram.com\\\/masala.crua\\\/\"]}]}<\/script>\n<!-- \/ Yoast SEO plugin. -->","yoast_head_json":{"title":"Essentials Giftbox","description":"A Giftbox Essenciais \u2013 um conjunto artesanal que inclui sabonete, shampoo s\u00f3lido e condicionador s\u00f3lido, perfeito para descobrir os nossos essenciais naturais de cuidado capilar e da pele.","robots":{"index":"index","follow":"follow","max-snippet":"max-snippet:-1","max-image-preview":"max-image-preview:large","max-video-preview":"max-video-preview:-1"},"canonical":"https:\/\/masalacrua.pt\/pt\/produto\/masala-giftbox-essentials\/","og_locale":"pt_PT","og_type":"article","og_title":"Essentials Giftbox","og_description":"The Essentials Giftbox \u2013 a handcrafted set including soap, solid shampoo, and solid conditioner, perfect for discovering natural hair and skin care essentials.","og_url":"https:\/\/masalacrua.pt\/pt\/produto\/masala-giftbox-essentials\/","og_site_name":"masalaCRUA","article_publisher":"https:\/\/www.facebook.com\/masalaCRUA","article_modified_time":"2026-03-22T17:56:31+00:00","og_image":[{"width":1920,"height":2560,"url":"https:\/\/masalacrua.pt\/wp-content\/uploads\/2023\/11\/4b2c66c6-b9ed-43cd-ad01-982f1a008285-scaled.jpeg","type":"image\/jpeg"}],"twitter_card":"summary_large_image","twitter_misc":{"Tempo estimado de leitura":"1 minuto"},"schema":{"@context":"https:\/\/schema.org","@graph":[{"@type":"WebPage","@id":"https:\/\/masalacrua.pt\/product\/masala-giftbox-essentials\/","url":"https:\/\/masalacrua.pt\/product\/masala-giftbox-essentials\/","name":"Essentials Giftbox","isPartOf":{"@id":"https:\/\/masalacrua.pt\/#website"},"primaryImageOfPage":{"@id":"https:\/\/masalacrua.pt\/product\/masala-giftbox-essentials\/#primaryimage"},"image":{"@id":"https:\/\/masalacrua.pt\/product\/masala-giftbox-essentials\/#primaryimage"},"thumbnailUrl":"https:\/\/masalacrua.pt\/wp-content\/uploads\/2023\/11\/4b2c66c6-b9ed-43cd-ad01-982f1a008285-scaled.jpeg","datePublished":"2023-11-05T21:25:23+00:00","dateModified":"2026-03-22T17:56:31+00:00","description":"A Giftbox Essenciais \u2013 um conjunto artesanal que inclui sabonete, shampoo s\u00f3lido e condicionador s\u00f3lido, perfeito para descobrir os nossos essenciais naturais de cuidado capilar e da pele.","breadcrumb":{"@id":"https:\/\/masalacrua.pt\/product\/masala-giftbox-essentials\/#breadcrumb"},"inLanguage":"pt-PT","potentialAction":[{"@type":"ReadAction","target":["https:\/\/masalacrua.pt\/product\/masala-giftbox-essentials\/"]}]},{"@type":"ImageObject","inLanguage":"pt-PT","@id":"https:\/\/masalacrua.pt\/product\/masala-giftbox-essentials\/#primaryimage","url":"https:\/\/masalacrua.pt\/wp-content\/uploads\/2023\/11\/4b2c66c6-b9ed-43cd-ad01-982f1a008285-scaled.jpeg","contentUrl":"https:\/\/masalacrua.pt\/wp-content\/uploads\/2023\/11\/4b2c66c6-b9ed-43cd-ad01-982f1a008285-scaled.jpeg","width":1920,"height":2560,"caption":"Processed with VSCO with a9 preset"},{"@type":"BreadcrumbList","@id":"https:\/\/masalacrua.pt\/product\/masala-giftbox-essentials\/#breadcrumb","itemListElement":[{"@type":"ListItem","position":1,"name":"Home","item":"https:\/\/masalacrua.pt\/"},{"@type":"ListItem","position":2,"name":"SHOP","item":"https:\/\/masalacrua.pt\/shop\/"},{"@type":"ListItem","position":3,"name":"masala giftbox | essentials"}]},{"@type":"WebSite","@id":"https:\/\/masalacrua.pt\/#website","url":"https:\/\/masalacrua.pt\/","name":"masalaCRUA","description":"natural creations","publisher":{"@id":"https:\/\/masalacrua.pt\/#organization"},"potentialAction":[{"@type":"SearchAction","target":{"@type":"EntryPoint","urlTemplate":"https:\/\/masalacrua.pt\/?s={search_term_string}"},"query-input":{"@type":"PropertyValueSpecification","valueRequired":true,"valueName":"search_term_string"}}],"inLanguage":"pt-PT"},{"@type":"Organization","@id":"https:\/\/masalacrua.pt\/#organization","name":"masalaCRUA","url":"https:\/\/masalacrua.pt\/","logo":{"@type":"ImageObject","inLanguage":"pt-PT","@id":"https:\/\/masalacrua.pt\/#\/schema\/logo\/image\/","url":"https:\/\/masalacrua.pt\/wp-content\/uploads\/2021\/11\/LOGO-finalLOGO-EXPAND-5pt-copy.png","contentUrl":"https:\/\/masalacrua.pt\/wp-content\/uploads\/2021\/11\/LOGO-finalLOGO-EXPAND-5pt-copy.png","width":767,"height":766,"caption":"masalaCRUA"},"image":{"@id":"https:\/\/masalacrua.pt\/#\/schema\/logo\/image\/"},"sameAs":["https:\/\/www.facebook.com\/masalaCRUA","https:\/\/www.instagram.com\/masala.crua\/"]}]}},"jetpack_sharing_enabled":true,"_links":{"self":[{"href":"https:\/\/masalacrua.pt\/pt\/wp-json\/wp\/v2\/product\/1123","targetHints":{"allow":["GET"]}}],"collection":[{"href":"https:\/\/masalacrua.pt\/pt\/wp-json\/wp\/v2\/product"}],"about":[{"href":"https:\/\/masalacrua.pt\/pt\/wp-json\/wp\/v2\/types\/product"}],"replies":[{"embeddable":true,"href":"https:\/\/masalacrua.pt\/pt\/wp-json\/wp\/v2\/comments?post=1123"}],"wp:featuredmedia":[{"embeddable":true,"href":"https:\/\/masalacrua.pt\/pt\/wp-json\/wp\/v2\/media\/2933"}],"wp:attachment":[{"href":"https:\/\/masalacrua.pt\/pt\/wp-json\/wp\/v2\/media?parent=1123"}],"wp:term":[{"taxonomy":"product_brand","embeddable":true,"href":"https:\/\/masalacrua.pt\/pt\/wp-json\/wp\/v2\/product_brand?post=1123"},{"taxonomy":"product_cat","embeddable":true,"href":"https:\/\/masalacrua.pt\/pt\/wp-json\/wp\/v2\/product_cat?post=1123"},{"taxonomy":"product_tag","embeddable":true,"href":"https:\/\/masalacrua.pt\/pt\/wp-json\/wp\/v2\/product_tag?post=1123"}],"curies":[{"name":"wp","href":"https:\/\/api.w.org\/{rel}","templated":true}]}}