{"id":1125,"date":"2023-11-05T21:44:03","date_gmt":"2023-11-05T21:44:03","guid":{"rendered":"http:\/\/masalacrua.pt\/?post_type=product&#038;p=1125"},"modified":"2026-03-15T20:19:56","modified_gmt":"2026-03-15T20:19:56","slug":"masala-giftbox-winter","status":"publish","type":"product","link":"https:\/\/masalacrua.pt\/pt\/produto\/masala-giftbox-winter\/","title":{"rendered":"MASALA GIFTBOX | INVERNO"},"content":{"rendered":"<h3><strong>O CONJUNTO DE CUIDADOS DE INVERNO<\/strong><\/h3>\n<p data-start=\"413\" data-end=\"590\">Prepara-te para os meses mais frios com este conjunto medicinal, cuidadosamente elaborado para potenciar o poder da medicina herbal no apoio \u00e0s defesas naturais do teu corpo, promovendo o al\u00edvio e o bem-estar geral.<\/p>\n<p data-start=\"413\" data-end=\"590\">Este conjunto artesanal inclui:<\/p>\n<ul data-start=\"592\" data-end=\"951\">\n<li data-section-id=\"wwhqud\" data-start=\"592\" data-end=\"702\">\n<p data-start=\"594\" data-end=\"702\" class=\"translation-block\"><strong data-start=\"594\" data-end=\"608\">Cidra Fogo <\/strong> (100ml) \u2013 um <a href=\"https:\/\/masalacrua.pt\/pt\/produto\/fire-cider\/\" target=\"_blank\" rel=\"noopener\">extrato herbal<\/a> de vinagre, mel e ervas, elaborado para refor\u00e7ar a imunidade e a energia vital.<\/p>\n<\/li>\n<li data-section-id=\"3aus21\" data-start=\"703\" data-end=\"802\">\n<p data-start=\"705\" data-end=\"802\" class=\"translation-block\"><strong data-start=\"705\" data-end=\"719\">B\u00e1lsamo de Tigre<\/strong> (30ml) \u2013 um <a href=\"https:\/\/masalacrua.pt\/pt\/produto\/tiger-balm-mint-eucalyptus\/\" target=\"_blank\" rel=\"noopener\">b\u00e1lsamo herbal<\/a> medicinal para ajudar a aliviar a congest\u00e3o, a tosse e o desconforto.<\/p>\n<\/li>\n<li data-section-id=\"zogvaq\" data-start=\"803\" data-end=\"951\">\n<p data-start=\"805\" data-end=\"951\" class=\"translation-block\"><strong data-start=\"805\" data-end=\"824\">Tintura Herbal<\/strong> \u2013 um extrato alco\u00f3lico de plantas cuidadosamente selecionadas; escolhe entre a f\u00f3rmula para a <a href=\"https:\/\/masalacrua.pt\/pt\/produto\/tincture-flu\/\" target=\"_blank\" rel=\"noopener\">gripe<\/a> ou para a <a href=\"https:\/\/masalacrua.pt\/pt\/produto\/tincture-immunity\/\" target=\"_blank\" rel=\"noopener\">imunidade<\/a>, dependendo das tuas necessidades.<\/p>\n<\/li>\n<\/ul>\n<p data-start=\"953\" data-end=\"1192\">Todos os produtos s\u00e3o fabricados artesanalmente com ingredientes naturais, refletindo s\u00e9culos de tradi\u00e7\u00e3o herbal. Perfeito para uso dom\u00e9stico ou como um presente atencioso. Este kit oferece uma abordagem hol\u00edstica para o bem-estar sazonal, mantendo o teu corpo nutrido, resiliente e equilibrado.<\/p>","protected":false},"excerpt":{"rendered":"<p>A Giftbox de Cuidados de Inverno - um conjunto de cuidados de inverno artesanal que inclui cidra fogo, b\u00e1lsamo de tigre e uma tintura herbal, concebido para apoiar a imunidade e prevenir doen\u00e7as sazonais.<\/p>","protected":false},"featured_media":2952,"comment_status":"open","ping_status":"closed","template":"","meta":{"_acf_changed":false,"_et_pb_use_builder":"off","_et_pb_old_content":"Giftbox containing one soap, one solid shampoo and one infused body oil.\r\n\r\nSpecial edition for Christmas\r\n\r\nThe soap and shampoo will be chosen randomly from our collection, the body oil is infused in lavender and Jasmin.\r\n\r\nsoap approximately 80g\r\n\r\nsolid shampoo 60g\r\n\r\nbody oil 30ml","_et_gb_content_width":""},"product_brand":[],"product_cat":[130,239],"product_tag":[368,462,275,461,460],"class_list":{"0":"post-1125","1":"product","2":"type-product","3":"status-publish","4":"has-post-thumbnail","6":"product_cat-accessories","7":"product_cat-herbal-extracts","8":"product_tag-fire-cider","9":"product_tag-herbal-medicine","10":"product_tag-giftbox","11":"product_tag-tinctur","12":"product_tag-winter-care","14":"first","15":"instock","16":"taxable","17":"shipping-taxable","18":"purchasable","19":"product-type-simple"},"acf":[],"yoast_head":"<!-- This site is optimized with the Yoast SEO plugin v27.4 - https:\/\/yoast.com\/product\/yoast-seo-wordpress\/ -->\n<title>Winter Care Giftbox<\/title>\n<meta name=\"description\" content=\"The Winter Care Giftbox is a handcrafted set of herbal remedies including fire cider, tiger balm, and herbal tincture, designed to support immunity and prevent seasonal illnesses.\" \/>\n<meta name=\"robots\" content=\"index, follow, max-snippet:-1, max-image-preview:large, max-video-preview:-1\" \/>\n<link rel=\"canonical\" href=\"https:\/\/masalacrua.pt\/pt\/produto\/masala-giftbox-winter\/\" \/>\n<meta property=\"og:locale\" content=\"pt_PT\" \/>\n<meta property=\"og:type\" content=\"article\" \/>\n<meta property=\"og:title\" content=\"Winter Care Giftbox\" \/>\n<meta property=\"og:description\" content=\"The Winter Care Giftbox is a handcrafted set of herbal remedies including fire cider, tiger balm, and herbal tincture, designed to support immunity and prevent seasonal illnesses.\" \/>\n<meta property=\"og:url\" content=\"https:\/\/masalacrua.pt\/pt\/produto\/masala-giftbox-winter\/\" \/>\n<meta property=\"og:site_name\" content=\"masalaCRUA\" \/>\n<meta property=\"article:publisher\" content=\"https:\/\/www.facebook.com\/masalaCRUA\" \/>\n<meta property=\"article:modified_time\" content=\"2026-03-15T20:19:56+00:00\" \/>\n<meta property=\"og:image\" content=\"https:\/\/masalacrua.pt\/wp-content\/uploads\/2023\/11\/img_1759.jpeg\" \/>\n\t<meta property=\"og:image:width\" content=\"1000\" \/>\n\t<meta property=\"og:image:height\" content=\"1333\" \/>\n\t<meta property=\"og:image:type\" content=\"image\/jpeg\" \/>\n<meta name=\"twitter:card\" content=\"summary_large_image\" \/>\n<meta name=\"twitter:label1\" content=\"Tempo estimado de leitura\" \/>\n\t<meta name=\"twitter:data1\" content=\"1 minuto\" \/>\n<script type=\"application\/ld+json\" class=\"yoast-schema-graph\">{\"@context\":\"https:\\\/\\\/schema.org\",\"@graph\":[{\"@type\":\"WebPage\",\"@id\":\"https:\\\/\\\/masalacrua.pt\\\/product\\\/masala-giftbox-winter\\\/\",\"url\":\"https:\\\/\\\/masalacrua.pt\\\/product\\\/masala-giftbox-winter\\\/\",\"name\":\"Winter Care Giftbox\",\"isPartOf\":{\"@id\":\"https:\\\/\\\/masalacrua.pt\\\/#website\"},\"primaryImageOfPage\":{\"@id\":\"https:\\\/\\\/masalacrua.pt\\\/product\\\/masala-giftbox-winter\\\/#primaryimage\"},\"image\":{\"@id\":\"https:\\\/\\\/masalacrua.pt\\\/product\\\/masala-giftbox-winter\\\/#primaryimage\"},\"thumbnailUrl\":\"https:\\\/\\\/masalacrua.pt\\\/wp-content\\\/uploads\\\/2023\\\/11\\\/img_1759.jpeg\",\"datePublished\":\"2023-11-05T21:44:03+00:00\",\"dateModified\":\"2026-03-15T20:19:56+00:00\",\"description\":\"The Winter Care Giftbox is a handcrafted set of herbal remedies including fire cider, tiger balm, and herbal tincture, designed to support immunity and prevent seasonal illnesses.\",\"breadcrumb\":{\"@id\":\"https:\\\/\\\/masalacrua.pt\\\/product\\\/masala-giftbox-winter\\\/#breadcrumb\"},\"inLanguage\":\"pt-PT\",\"potentialAction\":[{\"@type\":\"ReadAction\",\"target\":[\"https:\\\/\\\/masalacrua.pt\\\/product\\\/masala-giftbox-winter\\\/\"]}]},{\"@type\":\"ImageObject\",\"inLanguage\":\"pt-PT\",\"@id\":\"https:\\\/\\\/masalacrua.pt\\\/product\\\/masala-giftbox-winter\\\/#primaryimage\",\"url\":\"https:\\\/\\\/masalacrua.pt\\\/wp-content\\\/uploads\\\/2023\\\/11\\\/img_1759.jpeg\",\"contentUrl\":\"https:\\\/\\\/masalacrua.pt\\\/wp-content\\\/uploads\\\/2023\\\/11\\\/img_1759.jpeg\",\"width\":1000,\"height\":1333,\"caption\":\"Processed with VSCO with a9 preset\"},{\"@type\":\"BreadcrumbList\",\"@id\":\"https:\\\/\\\/masalacrua.pt\\\/product\\\/masala-giftbox-winter\\\/#breadcrumb\",\"itemListElement\":[{\"@type\":\"ListItem\",\"position\":1,\"name\":\"Home\",\"item\":\"https:\\\/\\\/masalacrua.pt\\\/\"},{\"@type\":\"ListItem\",\"position\":2,\"name\":\"SHOP\",\"item\":\"https:\\\/\\\/masalacrua.pt\\\/shop\\\/\"},{\"@type\":\"ListItem\",\"position\":3,\"name\":\"masala giftbox | winter\"}]},{\"@type\":\"WebSite\",\"@id\":\"https:\\\/\\\/masalacrua.pt\\\/#website\",\"url\":\"https:\\\/\\\/masalacrua.pt\\\/\",\"name\":\"masalaCRUA\",\"description\":\"natural creations\",\"publisher\":{\"@id\":\"https:\\\/\\\/masalacrua.pt\\\/#organization\"},\"potentialAction\":[{\"@type\":\"SearchAction\",\"target\":{\"@type\":\"EntryPoint\",\"urlTemplate\":\"https:\\\/\\\/masalacrua.pt\\\/?s={search_term_string}\"},\"query-input\":{\"@type\":\"PropertyValueSpecification\",\"valueRequired\":true,\"valueName\":\"search_term_string\"}}],\"inLanguage\":\"pt-PT\"},{\"@type\":\"Organization\",\"@id\":\"https:\\\/\\\/masalacrua.pt\\\/#organization\",\"name\":\"masalaCRUA\",\"url\":\"https:\\\/\\\/masalacrua.pt\\\/\",\"logo\":{\"@type\":\"ImageObject\",\"inLanguage\":\"pt-PT\",\"@id\":\"https:\\\/\\\/masalacrua.pt\\\/#\\\/schema\\\/logo\\\/image\\\/\",\"url\":\"https:\\\/\\\/masalacrua.pt\\\/wp-content\\\/uploads\\\/2021\\\/11\\\/LOGO-finalLOGO-EXPAND-5pt-copy.png\",\"contentUrl\":\"https:\\\/\\\/masalacrua.pt\\\/wp-content\\\/uploads\\\/2021\\\/11\\\/LOGO-finalLOGO-EXPAND-5pt-copy.png\",\"width\":767,\"height\":766,\"caption\":\"masalaCRUA\"},\"image\":{\"@id\":\"https:\\\/\\\/masalacrua.pt\\\/#\\\/schema\\\/logo\\\/image\\\/\"},\"sameAs\":[\"https:\\\/\\\/www.facebook.com\\\/masalaCRUA\",\"https:\\\/\\\/www.instagram.com\\\/masala.crua\\\/\"]}]}<\/script>\n<!-- \/ Yoast SEO plugin. -->","yoast_head_json":{"title":"Winter Care Giftbox","description":"A Giftbox de Cuidados de Inverno - um conjunto de cuidados de inverno artesanal que inclui cidra fogo, b\u00e1lsamo de tigre e uma tintura herbal, concebido para apoiar a imunidade e prevenir doen\u00e7as sazonais.","robots":{"index":"index","follow":"follow","max-snippet":"max-snippet:-1","max-image-preview":"max-image-preview:large","max-video-preview":"max-video-preview:-1"},"canonical":"https:\/\/masalacrua.pt\/pt\/produto\/masala-giftbox-winter\/","og_locale":"pt_PT","og_type":"article","og_title":"Winter Care Giftbox","og_description":"The Winter Care Giftbox is a handcrafted set of herbal remedies including fire cider, tiger balm, and herbal tincture, designed to support immunity and prevent seasonal illnesses.","og_url":"https:\/\/masalacrua.pt\/pt\/produto\/masala-giftbox-winter\/","og_site_name":"masalaCRUA","article_publisher":"https:\/\/www.facebook.com\/masalaCRUA","article_modified_time":"2026-03-15T20:19:56+00:00","og_image":[{"width":1000,"height":1333,"url":"https:\/\/masalacrua.pt\/wp-content\/uploads\/2023\/11\/img_1759.jpeg","type":"image\/jpeg"}],"twitter_card":"summary_large_image","twitter_misc":{"Tempo estimado de leitura":"1 minuto"},"schema":{"@context":"https:\/\/schema.org","@graph":[{"@type":"WebPage","@id":"https:\/\/masalacrua.pt\/product\/masala-giftbox-winter\/","url":"https:\/\/masalacrua.pt\/product\/masala-giftbox-winter\/","name":"Winter Care Giftbox","isPartOf":{"@id":"https:\/\/masalacrua.pt\/#website"},"primaryImageOfPage":{"@id":"https:\/\/masalacrua.pt\/product\/masala-giftbox-winter\/#primaryimage"},"image":{"@id":"https:\/\/masalacrua.pt\/product\/masala-giftbox-winter\/#primaryimage"},"thumbnailUrl":"https:\/\/masalacrua.pt\/wp-content\/uploads\/2023\/11\/img_1759.jpeg","datePublished":"2023-11-05T21:44:03+00:00","dateModified":"2026-03-15T20:19:56+00:00","description":"A Giftbox de Cuidados de Inverno - um conjunto de cuidados de inverno artesanal que inclui cidra fogo, b\u00e1lsamo de tigre e uma tintura herbal, concebido para apoiar a imunidade e prevenir doen\u00e7as sazonais.","breadcrumb":{"@id":"https:\/\/masalacrua.pt\/product\/masala-giftbox-winter\/#breadcrumb"},"inLanguage":"pt-PT","potentialAction":[{"@type":"ReadAction","target":["https:\/\/masalacrua.pt\/product\/masala-giftbox-winter\/"]}]},{"@type":"ImageObject","inLanguage":"pt-PT","@id":"https:\/\/masalacrua.pt\/product\/masala-giftbox-winter\/#primaryimage","url":"https:\/\/masalacrua.pt\/wp-content\/uploads\/2023\/11\/img_1759.jpeg","contentUrl":"https:\/\/masalacrua.pt\/wp-content\/uploads\/2023\/11\/img_1759.jpeg","width":1000,"height":1333,"caption":"Processed with VSCO with a9 preset"},{"@type":"BreadcrumbList","@id":"https:\/\/masalacrua.pt\/product\/masala-giftbox-winter\/#breadcrumb","itemListElement":[{"@type":"ListItem","position":1,"name":"Home","item":"https:\/\/masalacrua.pt\/"},{"@type":"ListItem","position":2,"name":"SHOP","item":"https:\/\/masalacrua.pt\/shop\/"},{"@type":"ListItem","position":3,"name":"masala giftbox | winter"}]},{"@type":"WebSite","@id":"https:\/\/masalacrua.pt\/#website","url":"https:\/\/masalacrua.pt\/","name":"masalaCRUA","description":"natural creations","publisher":{"@id":"https:\/\/masalacrua.pt\/#organization"},"potentialAction":[{"@type":"SearchAction","target":{"@type":"EntryPoint","urlTemplate":"https:\/\/masalacrua.pt\/?s={search_term_string}"},"query-input":{"@type":"PropertyValueSpecification","valueRequired":true,"valueName":"search_term_string"}}],"inLanguage":"pt-PT"},{"@type":"Organization","@id":"https:\/\/masalacrua.pt\/#organization","name":"masalaCRUA","url":"https:\/\/masalacrua.pt\/","logo":{"@type":"ImageObject","inLanguage":"pt-PT","@id":"https:\/\/masalacrua.pt\/#\/schema\/logo\/image\/","url":"https:\/\/masalacrua.pt\/wp-content\/uploads\/2021\/11\/LOGO-finalLOGO-EXPAND-5pt-copy.png","contentUrl":"https:\/\/masalacrua.pt\/wp-content\/uploads\/2021\/11\/LOGO-finalLOGO-EXPAND-5pt-copy.png","width":767,"height":766,"caption":"masalaCRUA"},"image":{"@id":"https:\/\/masalacrua.pt\/#\/schema\/logo\/image\/"},"sameAs":["https:\/\/www.facebook.com\/masalaCRUA","https:\/\/www.instagram.com\/masala.crua\/"]}]}},"jetpack_sharing_enabled":true,"_links":{"self":[{"href":"https:\/\/masalacrua.pt\/pt\/wp-json\/wp\/v2\/product\/1125","targetHints":{"allow":["GET"]}}],"collection":[{"href":"https:\/\/masalacrua.pt\/pt\/wp-json\/wp\/v2\/product"}],"about":[{"href":"https:\/\/masalacrua.pt\/pt\/wp-json\/wp\/v2\/types\/product"}],"replies":[{"embeddable":true,"href":"https:\/\/masalacrua.pt\/pt\/wp-json\/wp\/v2\/comments?post=1125"}],"wp:featuredmedia":[{"embeddable":true,"href":"https:\/\/masalacrua.pt\/pt\/wp-json\/wp\/v2\/media\/2952"}],"wp:attachment":[{"href":"https:\/\/masalacrua.pt\/pt\/wp-json\/wp\/v2\/media?parent=1125"}],"wp:term":[{"taxonomy":"product_brand","embeddable":true,"href":"https:\/\/masalacrua.pt\/pt\/wp-json\/wp\/v2\/product_brand?post=1125"},{"taxonomy":"product_cat","embeddable":true,"href":"https:\/\/masalacrua.pt\/pt\/wp-json\/wp\/v2\/product_cat?post=1125"},{"taxonomy":"product_tag","embeddable":true,"href":"https:\/\/masalacrua.pt\/pt\/wp-json\/wp\/v2\/product_tag?post=1125"}],"curies":[{"name":"wp","href":"https:\/\/api.w.org\/{rel}","templated":true}]}}