{"id":1143,"date":"2023-11-21T16:46:41","date_gmt":"2023-11-21T16:46:41","guid":{"rendered":"http:\/\/masalacrua.pt\/?post_type=product&#038;p=1143"},"modified":"2026-03-16T17:41:53","modified_gmt":"2026-03-16T17:41:53","slug":"kit-samples","status":"publish","type":"product","link":"https:\/\/masalacrua.pt\/pt\/produto\/kit-samples\/","title":{"rendered":"kit | amostras"},"content":{"rendered":"<h3 data-section-id=\"8n8lae\" data-start=\"112\" data-end=\"130\"><strong data-start=\"115\" data-end=\"130\">O KIT DE AMOSTRAS<\/strong><\/h3>\n<p data-start=\"132\" data-end=\"502\">Explore os nossos essenciais de cuidado capilar e da pele com o Kit de Amostras, uma sele\u00e7\u00e3o cuidadosa dos favoritos em tamanho de experimenta\u00e7\u00e3o que lhe permite experienciar as nossas f\u00f3rmulas antes de optar pelos tamanhos originais. Cada produto \u00e9 elaborado com ingredientes naturais de origem vegetal, desenvolvidos para nutrir o seu cabelo de forma suave e eficaz. Perfeito para descobrir a combina\u00e7\u00e3o ideal para o seu tipo de cabelo e rotina.<\/p>\n<p data-start=\"504\" data-end=\"526\"><strong data-start=\"504\" data-end=\"524\">O que est\u00e1 inclu\u00eddo:<\/strong><\/p>\n<ul data-start=\"496\" data-end=\"871\">\n<li data-section-id=\"1vevpkb\" data-start=\"619\" data-end=\"677\">\n<p data-start=\"621\" data-end=\"677\" class=\"translation-block\"><strong>mini sabonete<\/strong> (50 g) \u2013 limpa suavemente e nutre a pele.<\/p>\n<\/li>\n<li data-section-id=\"1s3o52k\" data-start=\"678\" data-end=\"786\">\n<p data-start=\"680\" data-end=\"786\" class=\"translation-block\"><strong>mini shampoo s\u00f3lido<\/strong> (25 g) \u2013 uma f\u00f3rmula concentrada que limpa, refresca e nutre o cabelo.<\/p>\n<\/li>\n<li data-section-id=\"1nfzqc5\" data-start=\"787\" data-end=\"871\">\n<p data-start=\"789\" data-end=\"871\"><strong data-start=\"789\" data-end=\"822\">Mini condicionador s\u00f3lido\u00a0<\/strong>(20 g) \u2013 hidrata, suaviza e fortalece o cabelo.<\/p>\n<\/li>\n<\/ul>\n<p data-start=\"886\" data-end=\"1045\" class=\"translation-block\">Perfeito para experimentar a Masala Crua antes de comprar os tamanhos originais, este kit permite-lhe <strong>testar, descobrir e apaixonar-se<\/strong> pelos seus produtos de cuidado natural favoritos.<\/p>\n<p data-start=\"886\" data-end=\"1045\">Pode escolher diferentes tipos de sabonete, shampoo e condicionador ao realizar a sua encomenda, mediante o stock dispon\u00edvel.<\/p>\n<p data-start=\"886\" data-end=\"1045\" class=\"translation-block\">Explore a nossa cole\u00e7\u00e3o de <a href=\"https:\/\/masalacrua.pt\/pt\/categoria-produto\/natural-skin-care\/artisanal-soap\/\" target=\"_blank\" rel=\"noopener\">sabonetes<\/a>, <a href=\"https:\/\/masalacrua.pt\/pt\/categoria-produto\/shop\/natural-skin-care\/hair-care\/\" target=\"_blank\" rel=\"noopener\">shampoos s\u00f3lidos<\/a> e <a href=\"https:\/\/masalacrua.pt\/pt\/categoria-produto\/shop\/natural-skin-care\/hair-care\/\" target=\"_blank\" rel=\"noopener\">condicionadores<\/a> para completar a sua rotina sustent\u00e1vel de cuidado capilar e do corpo.<\/p>","protected":false},"excerpt":{"rendered":"<p>O Kit de Amostras Masala \u2013 um conjunto de experimenta\u00e7\u00e3o dos nossos essenciais de cuidado capilar, incluindo mini sabonete, shampoo e condicionador. Produzido com ingredientes naturais de origem vegetal para nutrir, hidratar e fortalecer o seu cabelo. Perfeito para experimentar as nossas f\u00f3rmulas, descobrir os seus favoritos e cuidar da sua pele e cabelo em qualquer lugar.<\/p>","protected":false},"featured_media":2050,"comment_status":"open","ping_status":"closed","template":"","meta":{"_acf_changed":false,"_et_pb_use_builder":"off","_et_pb_old_content":"Giftbox containing one soap, one solid shampoo and one infused body oil.\r\n\r\nSpecial edition for Christmas\r\n\r\nThe soap and shampoo will be chosen randomly from our collection, the body oil is infused in lavender and Jasmin.\r\n\r\nsoap approximately 80g\r\n\r\nsolid shampoo 60g\r\n\r\nbody oil 30ml","_et_gb_content_width":""},"product_brand":[],"product_cat":[128,130,132],"product_tag":[305],"class_list":{"0":"post-1143","1":"product","2":"type-product","3":"status-publish","4":"has-post-thumbnail","6":"product_cat-artisanal-soap","7":"product_cat-accessories","8":"product_cat-hair-care","9":"product_tag-pack","11":"first","12":"instock","13":"taxable","14":"shipping-taxable","15":"purchasable","16":"product-type-simple"},"acf":[],"yoast_head":"<!-- This site is optimized with the Yoast SEO plugin v27.4 - https:\/\/yoast.com\/product\/yoast-seo-wordpress\/ -->\n<title>Samples Kit<\/title>\n<meta name=\"description\" content=\"The Samples kit is trial set of our hair care essentials, including mini soap, shampoo and conditioner. Crafted with natural, plant-based ingredients.\" \/>\n<meta name=\"robots\" content=\"index, follow, max-snippet:-1, max-image-preview:large, max-video-preview:-1\" \/>\n<link rel=\"canonical\" href=\"https:\/\/masalacrua.pt\/pt\/produto\/kit-samples\/\" \/>\n<meta property=\"og:locale\" content=\"pt_PT\" \/>\n<meta property=\"og:type\" content=\"article\" \/>\n<meta property=\"og:title\" content=\"Samples Kit\" \/>\n<meta property=\"og:description\" content=\"The Samples kit is trial set of our hair care essentials, including mini soap, shampoo and conditioner. Crafted with natural, plant-based ingredients.\" \/>\n<meta property=\"og:url\" content=\"https:\/\/masalacrua.pt\/pt\/produto\/kit-samples\/\" \/>\n<meta property=\"og:site_name\" content=\"masalaCRUA\" \/>\n<meta property=\"article:publisher\" content=\"https:\/\/www.facebook.com\/masalaCRUA\" \/>\n<meta property=\"article:modified_time\" content=\"2026-03-16T17:41:53+00:00\" \/>\n<meta property=\"og:image\" content=\"https:\/\/masalacrua.pt\/wp-content\/uploads\/2024\/07\/img_5709-1-scaled.jpeg\" \/>\n\t<meta property=\"og:image:width\" content=\"1923\" \/>\n\t<meta property=\"og:image:height\" content=\"2560\" \/>\n\t<meta property=\"og:image:type\" content=\"image\/jpeg\" \/>\n<meta name=\"twitter:card\" content=\"summary_large_image\" \/>\n<meta name=\"twitter:label1\" content=\"Tempo estimado de leitura\" \/>\n\t<meta name=\"twitter:data1\" content=\"1 minuto\" \/>\n<script type=\"application\/ld+json\" class=\"yoast-schema-graph\">{\"@context\":\"https:\\\/\\\/schema.org\",\"@graph\":[{\"@type\":\"WebPage\",\"@id\":\"https:\\\/\\\/masalacrua.pt\\\/product\\\/kit-samples\\\/\",\"url\":\"https:\\\/\\\/masalacrua.pt\\\/product\\\/kit-samples\\\/\",\"name\":\"Samples Kit\",\"isPartOf\":{\"@id\":\"https:\\\/\\\/masalacrua.pt\\\/#website\"},\"primaryImageOfPage\":{\"@id\":\"https:\\\/\\\/masalacrua.pt\\\/product\\\/kit-samples\\\/#primaryimage\"},\"image\":{\"@id\":\"https:\\\/\\\/masalacrua.pt\\\/product\\\/kit-samples\\\/#primaryimage\"},\"thumbnailUrl\":\"https:\\\/\\\/masalacrua.pt\\\/wp-content\\\/uploads\\\/2024\\\/07\\\/img_5709-1-scaled.jpeg\",\"datePublished\":\"2023-11-21T16:46:41+00:00\",\"dateModified\":\"2026-03-16T17:41:53+00:00\",\"description\":\"The Samples kit is trial set of our hair care essentials, including mini soap, shampoo and conditioner. Crafted with natural, plant-based ingredients.\",\"breadcrumb\":{\"@id\":\"https:\\\/\\\/masalacrua.pt\\\/product\\\/kit-samples\\\/#breadcrumb\"},\"inLanguage\":\"pt-PT\",\"potentialAction\":[{\"@type\":\"ReadAction\",\"target\":[\"https:\\\/\\\/masalacrua.pt\\\/product\\\/kit-samples\\\/\"]}]},{\"@type\":\"ImageObject\",\"inLanguage\":\"pt-PT\",\"@id\":\"https:\\\/\\\/masalacrua.pt\\\/product\\\/kit-samples\\\/#primaryimage\",\"url\":\"https:\\\/\\\/masalacrua.pt\\\/wp-content\\\/uploads\\\/2024\\\/07\\\/img_5709-1-scaled.jpeg\",\"contentUrl\":\"https:\\\/\\\/masalacrua.pt\\\/wp-content\\\/uploads\\\/2024\\\/07\\\/img_5709-1-scaled.jpeg\",\"width\":1923,\"height\":2560,\"caption\":\"Processed with VSCO with a9 preset\"},{\"@type\":\"BreadcrumbList\",\"@id\":\"https:\\\/\\\/masalacrua.pt\\\/product\\\/kit-samples\\\/#breadcrumb\",\"itemListElement\":[{\"@type\":\"ListItem\",\"position\":1,\"name\":\"Home\",\"item\":\"https:\\\/\\\/masalacrua.pt\\\/\"},{\"@type\":\"ListItem\",\"position\":2,\"name\":\"SHOP\",\"item\":\"https:\\\/\\\/masalacrua.pt\\\/shop\\\/\"},{\"@type\":\"ListItem\",\"position\":3,\"name\":\"kit | samples\"}]},{\"@type\":\"WebSite\",\"@id\":\"https:\\\/\\\/masalacrua.pt\\\/#website\",\"url\":\"https:\\\/\\\/masalacrua.pt\\\/\",\"name\":\"masalaCRUA\",\"description\":\"natural creations\",\"publisher\":{\"@id\":\"https:\\\/\\\/masalacrua.pt\\\/#organization\"},\"potentialAction\":[{\"@type\":\"SearchAction\",\"target\":{\"@type\":\"EntryPoint\",\"urlTemplate\":\"https:\\\/\\\/masalacrua.pt\\\/?s={search_term_string}\"},\"query-input\":{\"@type\":\"PropertyValueSpecification\",\"valueRequired\":true,\"valueName\":\"search_term_string\"}}],\"inLanguage\":\"pt-PT\"},{\"@type\":\"Organization\",\"@id\":\"https:\\\/\\\/masalacrua.pt\\\/#organization\",\"name\":\"masalaCRUA\",\"url\":\"https:\\\/\\\/masalacrua.pt\\\/\",\"logo\":{\"@type\":\"ImageObject\",\"inLanguage\":\"pt-PT\",\"@id\":\"https:\\\/\\\/masalacrua.pt\\\/#\\\/schema\\\/logo\\\/image\\\/\",\"url\":\"https:\\\/\\\/masalacrua.pt\\\/wp-content\\\/uploads\\\/2021\\\/11\\\/LOGO-finalLOGO-EXPAND-5pt-copy.png\",\"contentUrl\":\"https:\\\/\\\/masalacrua.pt\\\/wp-content\\\/uploads\\\/2021\\\/11\\\/LOGO-finalLOGO-EXPAND-5pt-copy.png\",\"width\":767,\"height\":766,\"caption\":\"masalaCRUA\"},\"image\":{\"@id\":\"https:\\\/\\\/masalacrua.pt\\\/#\\\/schema\\\/logo\\\/image\\\/\"},\"sameAs\":[\"https:\\\/\\\/www.facebook.com\\\/masalaCRUA\",\"https:\\\/\\\/www.instagram.com\\\/masala.crua\\\/\"]}]}<\/script>\n<!-- \/ Yoast SEO plugin. -->","yoast_head_json":{"title":"Samples Kit","description":"The Samples kit is trial set of our hair care essentials, including mini soap, shampoo and conditioner. Crafted with natural, plant-based ingredients.","robots":{"index":"index","follow":"follow","max-snippet":"max-snippet:-1","max-image-preview":"max-image-preview:large","max-video-preview":"max-video-preview:-1"},"canonical":"https:\/\/masalacrua.pt\/pt\/produto\/kit-samples\/","og_locale":"pt_PT","og_type":"article","og_title":"Samples Kit","og_description":"The Samples kit is trial set of our hair care essentials, including mini soap, shampoo and conditioner. Crafted with natural, plant-based ingredients.","og_url":"https:\/\/masalacrua.pt\/pt\/produto\/kit-samples\/","og_site_name":"masalaCRUA","article_publisher":"https:\/\/www.facebook.com\/masalaCRUA","article_modified_time":"2026-03-16T17:41:53+00:00","og_image":[{"width":1923,"height":2560,"url":"https:\/\/masalacrua.pt\/wp-content\/uploads\/2024\/07\/img_5709-1-scaled.jpeg","type":"image\/jpeg"}],"twitter_card":"summary_large_image","twitter_misc":{"Tempo estimado de leitura":"1 minuto"},"schema":{"@context":"https:\/\/schema.org","@graph":[{"@type":"WebPage","@id":"https:\/\/masalacrua.pt\/product\/kit-samples\/","url":"https:\/\/masalacrua.pt\/product\/kit-samples\/","name":"Samples Kit","isPartOf":{"@id":"https:\/\/masalacrua.pt\/#website"},"primaryImageOfPage":{"@id":"https:\/\/masalacrua.pt\/product\/kit-samples\/#primaryimage"},"image":{"@id":"https:\/\/masalacrua.pt\/product\/kit-samples\/#primaryimage"},"thumbnailUrl":"https:\/\/masalacrua.pt\/wp-content\/uploads\/2024\/07\/img_5709-1-scaled.jpeg","datePublished":"2023-11-21T16:46:41+00:00","dateModified":"2026-03-16T17:41:53+00:00","description":"The Samples kit is trial set of our hair care essentials, including mini soap, shampoo and conditioner. Crafted with natural, plant-based ingredients.","breadcrumb":{"@id":"https:\/\/masalacrua.pt\/product\/kit-samples\/#breadcrumb"},"inLanguage":"pt-PT","potentialAction":[{"@type":"ReadAction","target":["https:\/\/masalacrua.pt\/product\/kit-samples\/"]}]},{"@type":"ImageObject","inLanguage":"pt-PT","@id":"https:\/\/masalacrua.pt\/product\/kit-samples\/#primaryimage","url":"https:\/\/masalacrua.pt\/wp-content\/uploads\/2024\/07\/img_5709-1-scaled.jpeg","contentUrl":"https:\/\/masalacrua.pt\/wp-content\/uploads\/2024\/07\/img_5709-1-scaled.jpeg","width":1923,"height":2560,"caption":"Processed with VSCO with a9 preset"},{"@type":"BreadcrumbList","@id":"https:\/\/masalacrua.pt\/product\/kit-samples\/#breadcrumb","itemListElement":[{"@type":"ListItem","position":1,"name":"Home","item":"https:\/\/masalacrua.pt\/"},{"@type":"ListItem","position":2,"name":"SHOP","item":"https:\/\/masalacrua.pt\/shop\/"},{"@type":"ListItem","position":3,"name":"kit | samples"}]},{"@type":"WebSite","@id":"https:\/\/masalacrua.pt\/#website","url":"https:\/\/masalacrua.pt\/","name":"masalaCRUA","description":"natural creations","publisher":{"@id":"https:\/\/masalacrua.pt\/#organization"},"potentialAction":[{"@type":"SearchAction","target":{"@type":"EntryPoint","urlTemplate":"https:\/\/masalacrua.pt\/?s={search_term_string}"},"query-input":{"@type":"PropertyValueSpecification","valueRequired":true,"valueName":"search_term_string"}}],"inLanguage":"pt-PT"},{"@type":"Organization","@id":"https:\/\/masalacrua.pt\/#organization","name":"masalaCRUA","url":"https:\/\/masalacrua.pt\/","logo":{"@type":"ImageObject","inLanguage":"pt-PT","@id":"https:\/\/masalacrua.pt\/#\/schema\/logo\/image\/","url":"https:\/\/masalacrua.pt\/wp-content\/uploads\/2021\/11\/LOGO-finalLOGO-EXPAND-5pt-copy.png","contentUrl":"https:\/\/masalacrua.pt\/wp-content\/uploads\/2021\/11\/LOGO-finalLOGO-EXPAND-5pt-copy.png","width":767,"height":766,"caption":"masalaCRUA"},"image":{"@id":"https:\/\/masalacrua.pt\/#\/schema\/logo\/image\/"},"sameAs":["https:\/\/www.facebook.com\/masalaCRUA","https:\/\/www.instagram.com\/masala.crua\/"]}]}},"jetpack_sharing_enabled":true,"_links":{"self":[{"href":"https:\/\/masalacrua.pt\/pt\/wp-json\/wp\/v2\/product\/1143","targetHints":{"allow":["GET"]}}],"collection":[{"href":"https:\/\/masalacrua.pt\/pt\/wp-json\/wp\/v2\/product"}],"about":[{"href":"https:\/\/masalacrua.pt\/pt\/wp-json\/wp\/v2\/types\/product"}],"replies":[{"embeddable":true,"href":"https:\/\/masalacrua.pt\/pt\/wp-json\/wp\/v2\/comments?post=1143"}],"wp:featuredmedia":[{"embeddable":true,"href":"https:\/\/masalacrua.pt\/pt\/wp-json\/wp\/v2\/media\/2050"}],"wp:attachment":[{"href":"https:\/\/masalacrua.pt\/pt\/wp-json\/wp\/v2\/media?parent=1143"}],"wp:term":[{"taxonomy":"product_brand","embeddable":true,"href":"https:\/\/masalacrua.pt\/pt\/wp-json\/wp\/v2\/product_brand?post=1143"},{"taxonomy":"product_cat","embeddable":true,"href":"https:\/\/masalacrua.pt\/pt\/wp-json\/wp\/v2\/product_cat?post=1143"},{"taxonomy":"product_tag","embeddable":true,"href":"https:\/\/masalacrua.pt\/pt\/wp-json\/wp\/v2\/product_tag?post=1143"}],"curies":[{"name":"wp","href":"https:\/\/api.w.org\/{rel}","templated":true}]}}