{"id":1149,"date":"2023-11-21T17:50:47","date_gmt":"2023-11-21T17:50:47","guid":{"rendered":"http:\/\/masalacrua.pt\/?post_type=product&#038;p=1149"},"modified":"2026-03-16T17:40:12","modified_gmt":"2026-03-16T17:40:12","slug":"kit-soap-lovers","status":"publish","type":"product","link":"https:\/\/masalacrua.pt\/pt\/produto\/kit-soap-lovers\/","title":{"rendered":"kit | amantes de sabonete"},"content":{"rendered":"<h3 data-start=\"299\" data-end=\"612\"><strong>O KIT AMANTES DE SABONETE<\/strong><\/h3>\n<p data-start=\"299\" data-end=\"612\" class=\"translation-block\">N\u00e3o sabe qual o pr\u00f3ximo sabonete a experimentar? O nosso Kit de Mini Sabonetes re\u00fane 4 mini sabonetes artesanais, cada um com um aroma \u00fanico e produzido \u00e0 m\u00e3o com cuidado. Os sabonetes s\u00e3o escolhidos de forma aleat\u00f3ria da nossa <a href=\"https:\/\/masalacrua.pt\/pt\/categoria-produto\/shop\/natural-skin-care\/artisanal-soap\/\" target=\"_blank\" rel=\"noopener\">cole\u00e7\u00e3o<\/a>, mas se desejar selecionar alguns em espec\u00edfico, basta deixar uma nota na sua encomenda (sujeito \u00e0 disponibilidade de stock).<\/p>\n<ul data-start=\"614\" data-end=\"952\">\n<li data-section-id=\"7pw9m4\" data-start=\"614\" data-end=\"666\">\n<p data-start=\"616\" data-end=\"666\" class=\"translation-block\"><strong>Peso:<\/strong> cada sabonete tem aproximadamente <strong>50 g<\/strong>.<\/p>\n<\/li>\n<li data-section-id=\"1trkag\" data-start=\"667\" data-end=\"818\">\n<p data-start=\"669\" data-end=\"818\" class=\"translation-block\"><strong>Produ\u00e7\u00e3o artesanal:<\/strong> cada pe\u00e7a \u00e9 produzida \u00e0 m\u00e3o, pelo que as decora\u00e7\u00f5es e o corte podem afetar ligeiramente o peso e a apar\u00eancia, tornando cada sabonete \u00fanico.<\/p>\n<\/li>\n<li data-section-id=\"r9gwb8\" data-start=\"819\" data-end=\"952\">\n<p data-start=\"821\" data-end=\"952\" class=\"translation-block\"><strong>Natural e Sustent\u00e1vel:<\/strong> Vegan, livre de crueldade, 100% biodegrad\u00e1vel, sem fragr\u00e2ncias sint\u00e9ticas, corantes ou qu\u00edmicos t\u00f3xicos.<\/p>\n<\/li>\n<\/ul>\n<p data-start=\"954\" data-end=\"1071\">Perfeito para oferecer ou descobrir novos favoritos, este kit transforma cada lavagem numa experi\u00eancia sensorial e consciente.<\/p>","protected":false},"excerpt":{"rendered":"<p>Conjunto de mini sabonetes \u2013 uma sele\u00e7\u00e3o divertida de 4 sabonetes produzidos \u00e0 m\u00e3o, perfeito para amantes de sabonete ou para oferecer e descobrir novos aromas.<\/p>","protected":false},"featured_media":2052,"comment_status":"open","ping_status":"closed","template":"","meta":{"_acf_changed":false,"_et_pb_use_builder":"off","_et_pb_old_content":"Giftbox containing one soap, one solid shampoo and one infused body oil.\r\n\r\nSpecial edition for Christmas\r\n\r\nThe soap and shampoo will be chosen randomly from our collection, the body oil is infused in lavender and Jasmin.\r\n\r\nsoap approximately 80g\r\n\r\nsolid shampoo 60g\r\n\r\nbody oil 30ml","_et_gb_content_width":""},"product_brand":[],"product_cat":[128,130],"product_tag":[305],"class_list":{"0":"post-1149","1":"product","2":"type-product","3":"status-publish","4":"has-post-thumbnail","6":"product_cat-artisanal-soap","7":"product_cat-accessories","8":"product_tag-pack","10":"first","11":"instock","12":"taxable","13":"shipping-taxable","14":"purchasable","15":"product-type-simple"},"acf":[],"yoast_head":"<!-- This site is optimized with the Yoast SEO plugin v27.4 - https:\/\/yoast.com\/product\/yoast-seo-wordpress\/ -->\n<title>Soap Lovers Kit<\/title>\n<meta name=\"description\" content=\"Soap Lovers Kit is a fun selection of 4 handmade soaps, perfect for soap lovers or as a gift to explore new scents. Ideal size for travelling.\" \/>\n<meta name=\"robots\" content=\"index, follow, max-snippet:-1, max-image-preview:large, max-video-preview:-1\" \/>\n<link rel=\"canonical\" href=\"https:\/\/masalacrua.pt\/pt\/produto\/kit-soap-lovers\/\" \/>\n<meta property=\"og:locale\" content=\"pt_PT\" \/>\n<meta property=\"og:type\" content=\"article\" \/>\n<meta property=\"og:title\" content=\"Soap Lovers Kit\" \/>\n<meta property=\"og:description\" content=\"Soap Lovers Kit is a fun selection of 4 handmade soaps, perfect for soap lovers or as a gift to explore new scents. Ideal size for travelling.\" \/>\n<meta property=\"og:url\" content=\"https:\/\/masalacrua.pt\/pt\/produto\/kit-soap-lovers\/\" \/>\n<meta property=\"og:site_name\" content=\"masalaCRUA\" \/>\n<meta property=\"article:publisher\" content=\"https:\/\/www.facebook.com\/masalaCRUA\" \/>\n<meta property=\"article:modified_time\" content=\"2026-03-16T17:40:12+00:00\" \/>\n<meta property=\"og:image\" content=\"https:\/\/masalacrua.pt\/wp-content\/uploads\/2024\/07\/img_5714.jpeg\" \/>\n\t<meta property=\"og:image:width\" content=\"2200\" \/>\n\t<meta property=\"og:image:height\" content=\"1646\" \/>\n\t<meta property=\"og:image:type\" content=\"image\/jpeg\" \/>\n<meta name=\"twitter:card\" content=\"summary_large_image\" \/>\n<meta name=\"twitter:label1\" content=\"Tempo estimado de leitura\" \/>\n\t<meta name=\"twitter:data1\" content=\"1 minuto\" \/>\n<script type=\"application\/ld+json\" class=\"yoast-schema-graph\">{\"@context\":\"https:\\\/\\\/schema.org\",\"@graph\":[{\"@type\":\"WebPage\",\"@id\":\"https:\\\/\\\/masalacrua.pt\\\/product\\\/kit-soap-lovers\\\/\",\"url\":\"https:\\\/\\\/masalacrua.pt\\\/product\\\/kit-soap-lovers\\\/\",\"name\":\"Soap Lovers Kit\",\"isPartOf\":{\"@id\":\"https:\\\/\\\/masalacrua.pt\\\/#website\"},\"primaryImageOfPage\":{\"@id\":\"https:\\\/\\\/masalacrua.pt\\\/product\\\/kit-soap-lovers\\\/#primaryimage\"},\"image\":{\"@id\":\"https:\\\/\\\/masalacrua.pt\\\/product\\\/kit-soap-lovers\\\/#primaryimage\"},\"thumbnailUrl\":\"https:\\\/\\\/masalacrua.pt\\\/wp-content\\\/uploads\\\/2024\\\/07\\\/img_5714.jpeg\",\"datePublished\":\"2023-11-21T17:50:47+00:00\",\"dateModified\":\"2026-03-16T17:40:12+00:00\",\"description\":\"Soap Lovers Kit is a fun selection of 4 handmade soaps, perfect for soap lovers or as a gift to explore new scents. Ideal size for travelling.\",\"breadcrumb\":{\"@id\":\"https:\\\/\\\/masalacrua.pt\\\/product\\\/kit-soap-lovers\\\/#breadcrumb\"},\"inLanguage\":\"pt-PT\",\"potentialAction\":[{\"@type\":\"ReadAction\",\"target\":[\"https:\\\/\\\/masalacrua.pt\\\/product\\\/kit-soap-lovers\\\/\"]}]},{\"@type\":\"ImageObject\",\"inLanguage\":\"pt-PT\",\"@id\":\"https:\\\/\\\/masalacrua.pt\\\/product\\\/kit-soap-lovers\\\/#primaryimage\",\"url\":\"https:\\\/\\\/masalacrua.pt\\\/wp-content\\\/uploads\\\/2024\\\/07\\\/img_5714.jpeg\",\"contentUrl\":\"https:\\\/\\\/masalacrua.pt\\\/wp-content\\\/uploads\\\/2024\\\/07\\\/img_5714.jpeg\",\"width\":2200,\"height\":1646,\"caption\":\"Processed with VSCO with a9 preset\"},{\"@type\":\"BreadcrumbList\",\"@id\":\"https:\\\/\\\/masalacrua.pt\\\/product\\\/kit-soap-lovers\\\/#breadcrumb\",\"itemListElement\":[{\"@type\":\"ListItem\",\"position\":1,\"name\":\"Home\",\"item\":\"https:\\\/\\\/masalacrua.pt\\\/\"},{\"@type\":\"ListItem\",\"position\":2,\"name\":\"SHOP\",\"item\":\"https:\\\/\\\/masalacrua.pt\\\/shop\\\/\"},{\"@type\":\"ListItem\",\"position\":3,\"name\":\"kit | soap lovers\"}]},{\"@type\":\"WebSite\",\"@id\":\"https:\\\/\\\/masalacrua.pt\\\/#website\",\"url\":\"https:\\\/\\\/masalacrua.pt\\\/\",\"name\":\"masalaCRUA\",\"description\":\"natural creations\",\"publisher\":{\"@id\":\"https:\\\/\\\/masalacrua.pt\\\/#organization\"},\"potentialAction\":[{\"@type\":\"SearchAction\",\"target\":{\"@type\":\"EntryPoint\",\"urlTemplate\":\"https:\\\/\\\/masalacrua.pt\\\/?s={search_term_string}\"},\"query-input\":{\"@type\":\"PropertyValueSpecification\",\"valueRequired\":true,\"valueName\":\"search_term_string\"}}],\"inLanguage\":\"pt-PT\"},{\"@type\":\"Organization\",\"@id\":\"https:\\\/\\\/masalacrua.pt\\\/#organization\",\"name\":\"masalaCRUA\",\"url\":\"https:\\\/\\\/masalacrua.pt\\\/\",\"logo\":{\"@type\":\"ImageObject\",\"inLanguage\":\"pt-PT\",\"@id\":\"https:\\\/\\\/masalacrua.pt\\\/#\\\/schema\\\/logo\\\/image\\\/\",\"url\":\"https:\\\/\\\/masalacrua.pt\\\/wp-content\\\/uploads\\\/2021\\\/11\\\/LOGO-finalLOGO-EXPAND-5pt-copy.png\",\"contentUrl\":\"https:\\\/\\\/masalacrua.pt\\\/wp-content\\\/uploads\\\/2021\\\/11\\\/LOGO-finalLOGO-EXPAND-5pt-copy.png\",\"width\":767,\"height\":766,\"caption\":\"masalaCRUA\"},\"image\":{\"@id\":\"https:\\\/\\\/masalacrua.pt\\\/#\\\/schema\\\/logo\\\/image\\\/\"},\"sameAs\":[\"https:\\\/\\\/www.facebook.com\\\/masalaCRUA\",\"https:\\\/\\\/www.instagram.com\\\/masala.crua\\\/\"]}]}<\/script>\n<!-- \/ Yoast SEO plugin. -->","yoast_head_json":{"title":"Soap Lovers Kit","description":"Soap Lovers Kit is a fun selection of 4 handmade soaps, perfect for soap lovers or as a gift to explore new scents. Ideal size for travelling.","robots":{"index":"index","follow":"follow","max-snippet":"max-snippet:-1","max-image-preview":"max-image-preview:large","max-video-preview":"max-video-preview:-1"},"canonical":"https:\/\/masalacrua.pt\/pt\/produto\/kit-soap-lovers\/","og_locale":"pt_PT","og_type":"article","og_title":"Soap Lovers Kit","og_description":"Soap Lovers Kit is a fun selection of 4 handmade soaps, perfect for soap lovers or as a gift to explore new scents. Ideal size for travelling.","og_url":"https:\/\/masalacrua.pt\/pt\/produto\/kit-soap-lovers\/","og_site_name":"masalaCRUA","article_publisher":"https:\/\/www.facebook.com\/masalaCRUA","article_modified_time":"2026-03-16T17:40:12+00:00","og_image":[{"width":2200,"height":1646,"url":"https:\/\/masalacrua.pt\/wp-content\/uploads\/2024\/07\/img_5714.jpeg","type":"image\/jpeg"}],"twitter_card":"summary_large_image","twitter_misc":{"Tempo estimado de leitura":"1 minuto"},"schema":{"@context":"https:\/\/schema.org","@graph":[{"@type":"WebPage","@id":"https:\/\/masalacrua.pt\/product\/kit-soap-lovers\/","url":"https:\/\/masalacrua.pt\/product\/kit-soap-lovers\/","name":"Soap Lovers Kit","isPartOf":{"@id":"https:\/\/masalacrua.pt\/#website"},"primaryImageOfPage":{"@id":"https:\/\/masalacrua.pt\/product\/kit-soap-lovers\/#primaryimage"},"image":{"@id":"https:\/\/masalacrua.pt\/product\/kit-soap-lovers\/#primaryimage"},"thumbnailUrl":"https:\/\/masalacrua.pt\/wp-content\/uploads\/2024\/07\/img_5714.jpeg","datePublished":"2023-11-21T17:50:47+00:00","dateModified":"2026-03-16T17:40:12+00:00","description":"Soap Lovers Kit is a fun selection of 4 handmade soaps, perfect for soap lovers or as a gift to explore new scents. Ideal size for travelling.","breadcrumb":{"@id":"https:\/\/masalacrua.pt\/product\/kit-soap-lovers\/#breadcrumb"},"inLanguage":"pt-PT","potentialAction":[{"@type":"ReadAction","target":["https:\/\/masalacrua.pt\/product\/kit-soap-lovers\/"]}]},{"@type":"ImageObject","inLanguage":"pt-PT","@id":"https:\/\/masalacrua.pt\/product\/kit-soap-lovers\/#primaryimage","url":"https:\/\/masalacrua.pt\/wp-content\/uploads\/2024\/07\/img_5714.jpeg","contentUrl":"https:\/\/masalacrua.pt\/wp-content\/uploads\/2024\/07\/img_5714.jpeg","width":2200,"height":1646,"caption":"Processed with VSCO with a9 preset"},{"@type":"BreadcrumbList","@id":"https:\/\/masalacrua.pt\/product\/kit-soap-lovers\/#breadcrumb","itemListElement":[{"@type":"ListItem","position":1,"name":"Home","item":"https:\/\/masalacrua.pt\/"},{"@type":"ListItem","position":2,"name":"SHOP","item":"https:\/\/masalacrua.pt\/shop\/"},{"@type":"ListItem","position":3,"name":"kit | soap lovers"}]},{"@type":"WebSite","@id":"https:\/\/masalacrua.pt\/#website","url":"https:\/\/masalacrua.pt\/","name":"masalaCRUA","description":"natural creations","publisher":{"@id":"https:\/\/masalacrua.pt\/#organization"},"potentialAction":[{"@type":"SearchAction","target":{"@type":"EntryPoint","urlTemplate":"https:\/\/masalacrua.pt\/?s={search_term_string}"},"query-input":{"@type":"PropertyValueSpecification","valueRequired":true,"valueName":"search_term_string"}}],"inLanguage":"pt-PT"},{"@type":"Organization","@id":"https:\/\/masalacrua.pt\/#organization","name":"masalaCRUA","url":"https:\/\/masalacrua.pt\/","logo":{"@type":"ImageObject","inLanguage":"pt-PT","@id":"https:\/\/masalacrua.pt\/#\/schema\/logo\/image\/","url":"https:\/\/masalacrua.pt\/wp-content\/uploads\/2021\/11\/LOGO-finalLOGO-EXPAND-5pt-copy.png","contentUrl":"https:\/\/masalacrua.pt\/wp-content\/uploads\/2021\/11\/LOGO-finalLOGO-EXPAND-5pt-copy.png","width":767,"height":766,"caption":"masalaCRUA"},"image":{"@id":"https:\/\/masalacrua.pt\/#\/schema\/logo\/image\/"},"sameAs":["https:\/\/www.facebook.com\/masalaCRUA","https:\/\/www.instagram.com\/masala.crua\/"]}]}},"jetpack_sharing_enabled":true,"_links":{"self":[{"href":"https:\/\/masalacrua.pt\/pt\/wp-json\/wp\/v2\/product\/1149","targetHints":{"allow":["GET"]}}],"collection":[{"href":"https:\/\/masalacrua.pt\/pt\/wp-json\/wp\/v2\/product"}],"about":[{"href":"https:\/\/masalacrua.pt\/pt\/wp-json\/wp\/v2\/types\/product"}],"replies":[{"embeddable":true,"href":"https:\/\/masalacrua.pt\/pt\/wp-json\/wp\/v2\/comments?post=1149"}],"wp:featuredmedia":[{"embeddable":true,"href":"https:\/\/masalacrua.pt\/pt\/wp-json\/wp\/v2\/media\/2052"}],"wp:attachment":[{"href":"https:\/\/masalacrua.pt\/pt\/wp-json\/wp\/v2\/media?parent=1149"}],"wp:term":[{"taxonomy":"product_brand","embeddable":true,"href":"https:\/\/masalacrua.pt\/pt\/wp-json\/wp\/v2\/product_brand?post=1149"},{"taxonomy":"product_cat","embeddable":true,"href":"https:\/\/masalacrua.pt\/pt\/wp-json\/wp\/v2\/product_cat?post=1149"},{"taxonomy":"product_tag","embeddable":true,"href":"https:\/\/masalacrua.pt\/pt\/wp-json\/wp\/v2\/product_tag?post=1149"}],"curies":[{"name":"wp","href":"https:\/\/api.w.org\/{rel}","templated":true}]}}