{"id":140,"date":"2021-11-15T07:25:10","date_gmt":"2021-11-15T07:25:10","guid":{"rendered":"http:\/\/masalacrua.pt\/?post_type=product&#038;p=140"},"modified":"2026-03-17T21:34:06","modified_gmt":"2026-03-17T21:34:06","slug":"toothpaste-mint","status":"publish","type":"product","link":"https:\/\/masalacrua.pt\/pt\/produto\/toothpaste-mint\/","title":{"rendered":"pasta de dentes | menta"},"content":{"rendered":"<h3><strong>INGREDIENTES<\/strong><\/h3>\n<p>Glycerin* (vegetal), aqua (\u00e1gua), bentonite clay (argila bentonita), calcium carbonate (carbonato de c\u00e1lcio), kaolin (argila branca), \u00f3leo de cocus nucifera (coco), extrato da semente de citrus grandis (toranja), benzyl alcohol\/ dehydroacetic acid (conservante natural), menthol (mentol), \u00f3leo de mentha piperita (hortel\u00e3-pimenta), coconut carbo activatus (carv\u00e3o ativado de coco), \u00f3leo do fruto de litsea cubeba, xanthan gum (goma xantana)*.<\/p>\n<p>*proveniente de produ\u00e7\u00e3o org\u00e2nica<\/p>\n<p>&nbsp;<\/p>\n<p><strong>Ingredientes principais:<\/strong><\/p>\n<ul>\n<li data-start=\"0\" data-end=\"255\" class=\"translation-block\">Argila bentonita: uma das argilas mais eficazes para pasta de dentes, pois \u00e9 rica em minerais ben\u00e9ficos que apoiam a <strong>remineraliza\u00e7\u00e3o do esmalte dent\u00e1rio<\/strong>, atuando ao mesmo tempo como um polidor natural suave. A sua natureza alcalina tamb\u00e9m ajuda a reduzir a acidez na boca.<\/li>\n<li data-start=\"257\" data-end=\"397\" class=\"translation-block\">Extrato de semente de toranja: rico em vitamina C e antioxidantes, ajudando a manter as <strong>gengivas saud\u00e1veis<\/strong> e a apoiar a preven\u00e7\u00e3o de c\u00e1ries dent\u00e1rias.<\/li>\n<li data-start=\"399\" data-end=\"517\" class=\"translation-block\">Carv\u00e3o ativado: derivado de cascas de coco, funciona como um abrasivo suave que <strong>pole suavemente<\/strong> e ajuda a branquear os dentes.<\/li>\n<\/ul>\n<p>&nbsp;<\/p>\n<p class=\"translation-block\">Saiba mais sobre o extrato de semente de toranja <a href=\"\" target=\"_self\">neste artigo.<\/a><\/p>\n<p>&nbsp;<\/p>\n<p class=\"translation-block\">Saiba mais sobre o extrato de semente de toranja <a href=\"https:\/\/pmc.ncbi.nlm.nih.gov\/articles\/PMC9176302\/?utm_source=chatgpt.com\" target=\"_self\">neste artigo.<\/a><\/p>\n<p>&nbsp;<\/p>\n<h3><strong>COMO USAR<\/strong><\/h3>\n<p data-start=\"0\" data-end=\"147\">1. Use uma pequena quantidade de pasta de dentes, aplicando-a com uma colher ou esp\u00e1tula limpa para ajudar a preservar o produto.<br \/>\n2. Guardar fora da luz solar direta.<\/p>\n<p data-start=\"0\" data-end=\"147\">\n<p class=\"translation-block\">Para um sabor mais doce e um efeito para dentes sens\u00edveis, consulte a nossa <a href=\"\" target=\"_self\">pasta de dentes de erva doce e laranja<\/a><\/p>","protected":false},"excerpt":{"rendered":"<p>Uma pasta de dentes natural com menta e carv\u00e3o ativado, especialmente formulada para um efeito branqueador suave, oferecendo uma limpeza eficaz sem fl\u00faor ou bicarbonato de s\u00f3dio.<\/p>","protected":false},"featured_media":1948,"comment_status":"open","ping_status":"closed","template":"","meta":{"_acf_changed":false,"_et_pb_use_builder":"","_et_pb_old_content":"","_et_gb_content_width":""},"product_brand":[],"product_cat":[151],"product_tag":[329,313,299,330],"class_list":{"0":"post-140","1":"product","2":"type-product","3":"status-publish","4":"has-post-thumbnail","6":"product_cat-face-oral-care","7":"product_tag-charcoal","8":"product_tag-mint","9":"product_tag-toothpaste","10":"product_tag-whitening","11":"pa_ingredients-activated-charcoal","12":"pa_ingredients-bentonite-clay","13":"pa_ingredients-grapefruit-seed-extract","14":"pa_ingredients-kaolin-clay","15":"pa_ingredients-peppermint","17":"first","18":"instock","19":"taxable","20":"shipping-taxable","21":"purchasable","22":"product-type-simple"},"acf":[],"yoast_head":"<!-- This site is optimized with the Yoast SEO plugin v27.4 - https:\/\/yoast.com\/product\/yoast-seo-wordpress\/ -->\n<title>Whitening Mint Toothpaste<\/title>\n<meta name=\"description\" content=\"With mint and activated charcoal, specially formulated for a mild whitening effect, offering effective cleansing without fluoride or sodium bicarbonate.\" \/>\n<meta name=\"robots\" content=\"index, follow, max-snippet:-1, max-image-preview:large, max-video-preview:-1\" \/>\n<link rel=\"canonical\" href=\"https:\/\/masalacrua.pt\/pt\/produto\/toothpaste-mint\/\" \/>\n<meta property=\"og:locale\" content=\"pt_PT\" \/>\n<meta property=\"og:type\" content=\"article\" \/>\n<meta property=\"og:title\" content=\"Whitening Mint Toothpaste\" \/>\n<meta property=\"og:description\" content=\"With mint and activated charcoal, specially formulated for a mild whitening effect, offering effective cleansing without fluoride or sodium bicarbonate.\" \/>\n<meta property=\"og:url\" content=\"https:\/\/masalacrua.pt\/pt\/produto\/toothpaste-mint\/\" \/>\n<meta property=\"og:site_name\" content=\"masalaCRUA\" \/>\n<meta property=\"article:publisher\" content=\"https:\/\/www.facebook.com\/masalaCRUA\" \/>\n<meta property=\"article:modified_time\" content=\"2026-03-17T21:34:06+00:00\" \/>\n<meta property=\"og:image\" content=\"https:\/\/masalacrua.pt\/wp-content\/uploads\/2024\/07\/masalacrua_toothpaste_5.jpg\" \/>\n\t<meta property=\"og:image:width\" content=\"2200\" \/>\n\t<meta property=\"og:image:height\" content=\"1650\" \/>\n\t<meta property=\"og:image:type\" content=\"image\/jpeg\" \/>\n<meta name=\"twitter:card\" content=\"summary_large_image\" \/>\n<meta name=\"twitter:label1\" content=\"Tempo estimado de leitura\" \/>\n\t<meta name=\"twitter:data1\" content=\"2 minutos\" \/>\n<script type=\"application\/ld+json\" class=\"yoast-schema-graph\">{\"@context\":\"https:\\\/\\\/schema.org\",\"@graph\":[{\"@type\":\"WebPage\",\"@id\":\"https:\\\/\\\/masalacrua.pt\\\/product\\\/toothpaste-mint\\\/\",\"url\":\"https:\\\/\\\/masalacrua.pt\\\/product\\\/toothpaste-mint\\\/\",\"name\":\"Whitening Mint Toothpaste\",\"isPartOf\":{\"@id\":\"https:\\\/\\\/masalacrua.pt\\\/#website\"},\"primaryImageOfPage\":{\"@id\":\"https:\\\/\\\/masalacrua.pt\\\/product\\\/toothpaste-mint\\\/#primaryimage\"},\"image\":{\"@id\":\"https:\\\/\\\/masalacrua.pt\\\/product\\\/toothpaste-mint\\\/#primaryimage\"},\"thumbnailUrl\":\"https:\\\/\\\/masalacrua.pt\\\/wp-content\\\/uploads\\\/2024\\\/07\\\/masalacrua_toothpaste_5.jpg\",\"datePublished\":\"2021-11-15T07:25:10+00:00\",\"dateModified\":\"2026-03-17T21:34:06+00:00\",\"description\":\"With mint and activated charcoal, specially formulated for a mild whitening effect, offering effective cleansing without fluoride or sodium bicarbonate.\",\"breadcrumb\":{\"@id\":\"https:\\\/\\\/masalacrua.pt\\\/product\\\/toothpaste-mint\\\/#breadcrumb\"},\"inLanguage\":\"pt-PT\",\"potentialAction\":[{\"@type\":\"ReadAction\",\"target\":[\"https:\\\/\\\/masalacrua.pt\\\/product\\\/toothpaste-mint\\\/\"]}]},{\"@type\":\"ImageObject\",\"inLanguage\":\"pt-PT\",\"@id\":\"https:\\\/\\\/masalacrua.pt\\\/product\\\/toothpaste-mint\\\/#primaryimage\",\"url\":\"https:\\\/\\\/masalacrua.pt\\\/wp-content\\\/uploads\\\/2024\\\/07\\\/masalacrua_toothpaste_5.jpg\",\"contentUrl\":\"https:\\\/\\\/masalacrua.pt\\\/wp-content\\\/uploads\\\/2024\\\/07\\\/masalacrua_toothpaste_5.jpg\",\"width\":2200,\"height\":1650},{\"@type\":\"BreadcrumbList\",\"@id\":\"https:\\\/\\\/masalacrua.pt\\\/product\\\/toothpaste-mint\\\/#breadcrumb\",\"itemListElement\":[{\"@type\":\"ListItem\",\"position\":1,\"name\":\"Home\",\"item\":\"https:\\\/\\\/masalacrua.pt\\\/\"},{\"@type\":\"ListItem\",\"position\":2,\"name\":\"SHOP\",\"item\":\"https:\\\/\\\/masalacrua.pt\\\/shop\\\/\"},{\"@type\":\"ListItem\",\"position\":3,\"name\":\"toothpaste | mint\"}]},{\"@type\":\"WebSite\",\"@id\":\"https:\\\/\\\/masalacrua.pt\\\/#website\",\"url\":\"https:\\\/\\\/masalacrua.pt\\\/\",\"name\":\"masalaCRUA\",\"description\":\"natural creations\",\"publisher\":{\"@id\":\"https:\\\/\\\/masalacrua.pt\\\/#organization\"},\"potentialAction\":[{\"@type\":\"SearchAction\",\"target\":{\"@type\":\"EntryPoint\",\"urlTemplate\":\"https:\\\/\\\/masalacrua.pt\\\/?s={search_term_string}\"},\"query-input\":{\"@type\":\"PropertyValueSpecification\",\"valueRequired\":true,\"valueName\":\"search_term_string\"}}],\"inLanguage\":\"pt-PT\"},{\"@type\":\"Organization\",\"@id\":\"https:\\\/\\\/masalacrua.pt\\\/#organization\",\"name\":\"masalaCRUA\",\"url\":\"https:\\\/\\\/masalacrua.pt\\\/\",\"logo\":{\"@type\":\"ImageObject\",\"inLanguage\":\"pt-PT\",\"@id\":\"https:\\\/\\\/masalacrua.pt\\\/#\\\/schema\\\/logo\\\/image\\\/\",\"url\":\"https:\\\/\\\/masalacrua.pt\\\/wp-content\\\/uploads\\\/2021\\\/11\\\/LOGO-finalLOGO-EXPAND-5pt-copy.png\",\"contentUrl\":\"https:\\\/\\\/masalacrua.pt\\\/wp-content\\\/uploads\\\/2021\\\/11\\\/LOGO-finalLOGO-EXPAND-5pt-copy.png\",\"width\":767,\"height\":766,\"caption\":\"masalaCRUA\"},\"image\":{\"@id\":\"https:\\\/\\\/masalacrua.pt\\\/#\\\/schema\\\/logo\\\/image\\\/\"},\"sameAs\":[\"https:\\\/\\\/www.facebook.com\\\/masalaCRUA\",\"https:\\\/\\\/www.instagram.com\\\/masala.crua\\\/\"]}]}<\/script>\n<!-- \/ Yoast SEO plugin. -->","yoast_head_json":{"title":"Whitening Mint Toothpaste","description":"With mint and activated charcoal, specially formulated for a mild whitening effect, offering effective cleansing without fluoride or sodium bicarbonate.","robots":{"index":"index","follow":"follow","max-snippet":"max-snippet:-1","max-image-preview":"max-image-preview:large","max-video-preview":"max-video-preview:-1"},"canonical":"https:\/\/masalacrua.pt\/pt\/produto\/toothpaste-mint\/","og_locale":"pt_PT","og_type":"article","og_title":"Whitening Mint Toothpaste","og_description":"With mint and activated charcoal, specially formulated for a mild whitening effect, offering effective cleansing without fluoride or sodium bicarbonate.","og_url":"https:\/\/masalacrua.pt\/pt\/produto\/toothpaste-mint\/","og_site_name":"masalaCRUA","article_publisher":"https:\/\/www.facebook.com\/masalaCRUA","article_modified_time":"2026-03-17T21:34:06+00:00","og_image":[{"width":2200,"height":1650,"url":"https:\/\/masalacrua.pt\/wp-content\/uploads\/2024\/07\/masalacrua_toothpaste_5.jpg","type":"image\/jpeg"}],"twitter_card":"summary_large_image","twitter_misc":{"Tempo estimado de leitura":"2 minutos"},"schema":{"@context":"https:\/\/schema.org","@graph":[{"@type":"WebPage","@id":"https:\/\/masalacrua.pt\/product\/toothpaste-mint\/","url":"https:\/\/masalacrua.pt\/product\/toothpaste-mint\/","name":"Whitening Mint Toothpaste","isPartOf":{"@id":"https:\/\/masalacrua.pt\/#website"},"primaryImageOfPage":{"@id":"https:\/\/masalacrua.pt\/product\/toothpaste-mint\/#primaryimage"},"image":{"@id":"https:\/\/masalacrua.pt\/product\/toothpaste-mint\/#primaryimage"},"thumbnailUrl":"https:\/\/masalacrua.pt\/wp-content\/uploads\/2024\/07\/masalacrua_toothpaste_5.jpg","datePublished":"2021-11-15T07:25:10+00:00","dateModified":"2026-03-17T21:34:06+00:00","description":"With mint and activated charcoal, specially formulated for a mild whitening effect, offering effective cleansing without fluoride or sodium bicarbonate.","breadcrumb":{"@id":"https:\/\/masalacrua.pt\/product\/toothpaste-mint\/#breadcrumb"},"inLanguage":"pt-PT","potentialAction":[{"@type":"ReadAction","target":["https:\/\/masalacrua.pt\/product\/toothpaste-mint\/"]}]},{"@type":"ImageObject","inLanguage":"pt-PT","@id":"https:\/\/masalacrua.pt\/product\/toothpaste-mint\/#primaryimage","url":"https:\/\/masalacrua.pt\/wp-content\/uploads\/2024\/07\/masalacrua_toothpaste_5.jpg","contentUrl":"https:\/\/masalacrua.pt\/wp-content\/uploads\/2024\/07\/masalacrua_toothpaste_5.jpg","width":2200,"height":1650},{"@type":"BreadcrumbList","@id":"https:\/\/masalacrua.pt\/product\/toothpaste-mint\/#breadcrumb","itemListElement":[{"@type":"ListItem","position":1,"name":"Home","item":"https:\/\/masalacrua.pt\/"},{"@type":"ListItem","position":2,"name":"SHOP","item":"https:\/\/masalacrua.pt\/shop\/"},{"@type":"ListItem","position":3,"name":"toothpaste | mint"}]},{"@type":"WebSite","@id":"https:\/\/masalacrua.pt\/#website","url":"https:\/\/masalacrua.pt\/","name":"masalaCRUA","description":"natural creations","publisher":{"@id":"https:\/\/masalacrua.pt\/#organization"},"potentialAction":[{"@type":"SearchAction","target":{"@type":"EntryPoint","urlTemplate":"https:\/\/masalacrua.pt\/?s={search_term_string}"},"query-input":{"@type":"PropertyValueSpecification","valueRequired":true,"valueName":"search_term_string"}}],"inLanguage":"pt-PT"},{"@type":"Organization","@id":"https:\/\/masalacrua.pt\/#organization","name":"masalaCRUA","url":"https:\/\/masalacrua.pt\/","logo":{"@type":"ImageObject","inLanguage":"pt-PT","@id":"https:\/\/masalacrua.pt\/#\/schema\/logo\/image\/","url":"https:\/\/masalacrua.pt\/wp-content\/uploads\/2021\/11\/LOGO-finalLOGO-EXPAND-5pt-copy.png","contentUrl":"https:\/\/masalacrua.pt\/wp-content\/uploads\/2021\/11\/LOGO-finalLOGO-EXPAND-5pt-copy.png","width":767,"height":766,"caption":"masalaCRUA"},"image":{"@id":"https:\/\/masalacrua.pt\/#\/schema\/logo\/image\/"},"sameAs":["https:\/\/www.facebook.com\/masalaCRUA","https:\/\/www.instagram.com\/masala.crua\/"]}]}},"jetpack_sharing_enabled":true,"_links":{"self":[{"href":"https:\/\/masalacrua.pt\/pt\/wp-json\/wp\/v2\/product\/140","targetHints":{"allow":["GET"]}}],"collection":[{"href":"https:\/\/masalacrua.pt\/pt\/wp-json\/wp\/v2\/product"}],"about":[{"href":"https:\/\/masalacrua.pt\/pt\/wp-json\/wp\/v2\/types\/product"}],"replies":[{"embeddable":true,"href":"https:\/\/masalacrua.pt\/pt\/wp-json\/wp\/v2\/comments?post=140"}],"wp:featuredmedia":[{"embeddable":true,"href":"https:\/\/masalacrua.pt\/pt\/wp-json\/wp\/v2\/media\/1948"}],"wp:attachment":[{"href":"https:\/\/masalacrua.pt\/pt\/wp-json\/wp\/v2\/media?parent=140"}],"wp:term":[{"taxonomy":"product_brand","embeddable":true,"href":"https:\/\/masalacrua.pt\/pt\/wp-json\/wp\/v2\/product_brand?post=140"},{"taxonomy":"product_cat","embeddable":true,"href":"https:\/\/masalacrua.pt\/pt\/wp-json\/wp\/v2\/product_cat?post=140"},{"taxonomy":"product_tag","embeddable":true,"href":"https:\/\/masalacrua.pt\/pt\/wp-json\/wp\/v2\/product_tag?post=140"}],"curies":[{"name":"wp","href":"https:\/\/api.w.org\/{rel}","templated":true}]}}