{"id":141,"date":"2021-11-15T07:30:08","date_gmt":"2021-11-15T07:30:08","guid":{"rendered":"http:\/\/masalacrua.pt\/?post_type=product&#038;p=141"},"modified":"2026-03-25T11:13:33","modified_gmt":"2026-03-25T11:13:33","slug":"deodorant-lavender","status":"publish","type":"product","link":"https:\/\/masalacrua.pt\/pt\/produto\/deodorant-lavender\/","title":{"rendered":"desodorizante | lavanda"},"content":{"rendered":"<h3><strong>NATURAL DEODORANT<\/strong><\/h3>\n<p class=\"translation-block\">A base desta f\u00f3rmula \u00e9 o <strong>al\u00famen de pot\u00e1ssio<\/strong>, um sal mineral utilizado h\u00e1 s\u00e9culos como desodorizante natural devido \u00e0s suas <strong>propriedades antimicrobianas<\/strong>. N\u00e3o bloqueia as gl\u00e2ndulas sudor\u00edparas, permitindo que o corpo transpire naturalmente, enquanto previne eficazmente as bact\u00e9rias respons\u00e1veis pelos odores desagrad\u00e1veis.<\/p>\n<p class=\"translation-block\">It is important not to confuse potassium alum with conventional aluminium salts. Unlike aluminium compounds with smaller particles that can be absorbed by the skin, <strong>potassium alum remains on the skin\u2019s surface<\/strong> and is considered safe for use in natural cosmetics<\/p>\n<p>Read more about potassium alum in <a href=\"https:\/\/www.ijpir.com\/index.php\/ijpir\/article\/view\/649?utm_source=chatgpt.com\" target=\"_blank\" rel=\"noopener\">this article<\/a>.<\/p>\n<p>Combined with citric acid, the formula achieves a low pH closer to the skin\u2019s natural balance, making it suitable <strong>for normal and sensitive skin<\/strong>. White clay helps absorb excess moisture, vegetable glycerin hydrates and protects the skin, and the lavender essential oil helps soothe and calm the skin<\/p>\n<p>&nbsp;<\/p>\n<h3><strong>INGREDIENTES<\/strong><\/h3>\n<div class=\"page\" title=\"Page 1\">\n<div class=\"section\">\n<div class=\"layoutArea\">\n<div class=\"column\">\n<div class=\"page\" title=\"Page 1\">\n<div class=\"section\">\n<div class=\"layoutArea\">\n<div class=\"column\">\n<p>aqua, glycerin* (vegetable), kaolin (white clay), potassium alum, citric acid, benzyl alcohol\/dehydroacetic acid**, lavandula angustifolia oil*, aniba rosaeodora wood (rosewood) oil, xanthan gum, pelargonium graveolens (geranium) oil, illite (red clay).<\/p>\n<p>*de produ\u00e7\u00e3o biol\u00f3gica **conservante aprovado para cosm\u00e9tica natural<\/p>\n<p class=\"translation-block\">Vegan e n\u00e3o testado em animais.<br>\n100% biodegrad\u00e1vel.<br>\nSem fragr\u00e2ncias ou cores sint\u00e9ticas.<br>\nSem produtos qu\u00edmicos t\u00f3xicos.<\/p>\n<p>&nbsp;<\/p>\n<h3><strong>COMO USAR<\/strong><\/h3>\n<p>1. Place one drop on your finger, avoiding contact with the bottle opening.<br \/>\n2. Apply under the armpit and gently spread evenly.<br \/>\n3. Store away from direct sunlight, preferably in a cool place.<\/p>\n<p>One drop per armpit is enough, allowing each bottle to last around 2 to 3 months with daily use.<\/p>\n<p>During the first few days, the deodorant may seem less effective while your skin\u2019s natural bacteria adjust to the new formula. Continue using it consistently for best results.<\/p>\n<p>Avoid touching the bottle opening, as this may introduce bacteria into the liquid. Since the formula contains only a very mild preservative, proper handling helps maintain the product\u2019s quality, lasting longer<\/p>\n<p>&nbsp;<\/p>\n<h3><strong>TRANSI\u00c7\u00c3O PARA UM DESODORIZANTE NATURAL<\/strong><\/h3>\n<p>The transition to a natural deodorant can be different for everyone. Most people notice no changes, while others may experience an <strong>initial period<\/strong> of increased sweating, mild itchiness, or slight irritation.<\/p>\n<p>Because natural deodorants do not block sweat glands, the underarm area may stay more moist at first. This moisture, combined with skin friction, can sometimes cause temporary irritation known as chafing. This is a normal adjustment process and <strong>usually disappears within the first few days<\/strong>.<\/p>\n<p>If discomfort persists beyond this initial period, it may indicate an allergic reaction, and use should be discontinued.<\/p>\n<p>You may also notice a stronger odor at the beginning, as the bacteria naturally present in the underarms &#8211; responsible for body odor &#8211; adjust to the new product. With continued use, <strong>your body gradually rebalances.<\/strong><\/p>\n<p>Give you body time to adapt.<\/p>\n<\/div>\n<\/div>\n<\/div>\n<\/div>\n<\/div>\n<\/div>\n<\/div>\n<\/div>","protected":false},"excerpt":{"rendered":"<p data-start=\"39\" data-end=\"215\">A sensitive deodorant made without sodium bicarbonate for a gentler feel on the skin and free from coconut oil to prevent stains on clothing.<\/p>\n<p data-start=\"39\" data-end=\"215\">Aroma floral.<\/p>\n<p data-start=\"39\" data-end=\"215\">For a stronger effect, try our<a href=\"https:\/\/masalacrua.pt\/pt\/produto\/deodorant-te-tree\/\" target=\"_blank\" rel=\"noopener\"> tea tree deodorant.<\/a><\/p>","protected":false},"featured_media":1903,"comment_status":"open","ping_status":"closed","template":"","meta":{"_acf_changed":false,"_et_pb_use_builder":"off","_et_pb_old_content":"<strong>HOW TO USE<\/strong>\r\n1.Put just one drop on the finger without touching the dropper.\r\n\r\n2.Apply the drop under the armpit and spread it.\r\n\r\n3.Store in a dry cold place.\r\n\r\n4.Please allow a few days for your body to adapt to the new deodorant.\r\n\r\nIts very important to not touch the dropper to avoid introducing bacterias in the liquid inside the bottle which could cause the deodorant to go bad, since the product only has a very mild preservative.\r\n\r\nThe transition to a natural deodorant can be a very different experience for everyone. Most people don\u2019t notice any difference, but some can have an initial period of increased sweat or even an itchy feeling or a small rash.\u00a0This reaction can happen because since the natural deodorant doesn\u2019t block the sweat, the armpit tends to be more moist and the friction of the skin produces an irritation called chafing. This is a normal process and if it occurs it\u2019s only in the first days. If this feeling remains after a few days then you might have a allergic reaction and you should stop using it.\r\nYou can also feel a stronger odor in the beginning since the bacterias that inhabit the armpit (and are ultimately responsible for the odor) are also adapting.\r\n\r\nYour body needs some time to find a balance.\r\nAllow it.\r\n\r\n<strong>INGREDIENTS<\/strong>\r\n\r\nWater, vegetable glycerin, white clay (kaolin), potassium alum, citric acid, xanthan gum, sharomix, essential oils of lavender and tea tree.\r\n\r\nThe base of this formula is the <strong>potassium alum,<\/strong>\u00a0a mineral salt used since centuries as a natural deodorant,\u00a0which has been shown to have antimicrobial properties. It\u00a0doesn't block the sweat glands, allowing you to sweat naturally, but it is very efficient in combating bacterias so you don't\u00a0get that 'sweaty' odour. Combined with citric acid gives this formula a low pH, more close to the skin pH making it perfect for normal or sensitive skin.\r\n\r\nWhite clay - absorbs the armpit humidity\r\n\r\nGlycerin - moisturises the skin\r\n\r\nTea tree essential oil - antibacterial effect\r\n\r\nLavender essential oil - soothes the skin\r\n\r\n\u00a0\r\n\r\nVegan and cruelty free.\r\n100% biodegradable.\r\nNo synthetic fragrance or colour.\r\nNo toxic chemicals.","_et_gb_content_width":""},"product_brand":[],"product_cat":[127],"product_tag":[255,252,256],"class_list":{"0":"post-141","1":"product","2":"type-product","3":"status-publish","4":"has-post-thumbnail","6":"product_cat-body-care","7":"product_tag-deodorant","8":"product_tag-lavender","9":"product_tag-sensitive","10":"pa_ingredients-geranium-essential-oil","11":"pa_ingredients-kaolin-clay","12":"pa_ingredients-lavender","13":"pa_ingredients-rosewood-essential-oil","15":"first","16":"instock","17":"taxable","18":"shipping-taxable","19":"purchasable","20":"product-type-simple"},"acf":[],"yoast_head":"<!-- This site is optimized with the Yoast SEO plugin v27.4 - https:\/\/yoast.com\/product\/yoast-seo-wordpress\/ -->\n<title>Lavender Natural Deodorant<\/title>\n<meta name=\"description\" content=\"An sensitive low pH formula. The Lavender Natural Deodorant is made without sodium bicarbonate for a gentler feel on the skin.\" \/>\n<meta name=\"robots\" content=\"index, follow, max-snippet:-1, max-image-preview:large, max-video-preview:-1\" \/>\n<link rel=\"canonical\" href=\"https:\/\/masalacrua.pt\/pt\/produto\/deodorant-lavender\/\" \/>\n<meta property=\"og:locale\" content=\"pt_PT\" \/>\n<meta property=\"og:type\" content=\"article\" \/>\n<meta property=\"og:title\" content=\"Lavender Natural Deodorant\" \/>\n<meta property=\"og:description\" content=\"An sensitive low pH formula. The Lavender Natural Deodorant is made without sodium bicarbonate for a gentler feel on the skin.\" \/>\n<meta property=\"og:url\" content=\"https:\/\/masalacrua.pt\/pt\/produto\/deodorant-lavender\/\" \/>\n<meta property=\"og:site_name\" content=\"masalaCRUA\" \/>\n<meta property=\"article:publisher\" content=\"https:\/\/www.facebook.com\/masalaCRUA\" \/>\n<meta property=\"article:modified_time\" content=\"2026-03-25T11:13:33+00:00\" \/>\n<meta property=\"og:image\" content=\"https:\/\/masalacrua.pt\/wp-content\/uploads\/2024\/07\/masalacrua_deodorant_2.jpg\" \/>\n\t<meta property=\"og:image:width\" content=\"2200\" \/>\n\t<meta property=\"og:image:height\" content=\"1650\" \/>\n\t<meta property=\"og:image:type\" content=\"image\/jpeg\" \/>\n<meta name=\"twitter:card\" content=\"summary_large_image\" \/>\n<meta name=\"twitter:label1\" content=\"Tempo estimado de leitura\" \/>\n\t<meta name=\"twitter:data1\" content=\"3 minutos\" \/>\n<script type=\"application\/ld+json\" class=\"yoast-schema-graph\">{\"@context\":\"https:\\\/\\\/schema.org\",\"@graph\":[{\"@type\":\"WebPage\",\"@id\":\"https:\\\/\\\/masalacrua.pt\\\/product\\\/deodorant-lavender\\\/\",\"url\":\"https:\\\/\\\/masalacrua.pt\\\/product\\\/deodorant-lavender\\\/\",\"name\":\"Lavender Natural Deodorant\",\"isPartOf\":{\"@id\":\"https:\\\/\\\/masalacrua.pt\\\/#website\"},\"primaryImageOfPage\":{\"@id\":\"https:\\\/\\\/masalacrua.pt\\\/product\\\/deodorant-lavender\\\/#primaryimage\"},\"image\":{\"@id\":\"https:\\\/\\\/masalacrua.pt\\\/product\\\/deodorant-lavender\\\/#primaryimage\"},\"thumbnailUrl\":\"https:\\\/\\\/masalacrua.pt\\\/wp-content\\\/uploads\\\/2024\\\/07\\\/masalacrua_deodorant_2.jpg\",\"datePublished\":\"2021-11-15T07:30:08+00:00\",\"dateModified\":\"2026-03-25T11:13:33+00:00\",\"description\":\"An sensitive low pH formula. The Lavender Natural Deodorant is made without sodium bicarbonate for a gentler feel on the skin.\",\"breadcrumb\":{\"@id\":\"https:\\\/\\\/masalacrua.pt\\\/product\\\/deodorant-lavender\\\/#breadcrumb\"},\"inLanguage\":\"pt-PT\",\"potentialAction\":[{\"@type\":\"ReadAction\",\"target\":[\"https:\\\/\\\/masalacrua.pt\\\/product\\\/deodorant-lavender\\\/\"]}]},{\"@type\":\"ImageObject\",\"inLanguage\":\"pt-PT\",\"@id\":\"https:\\\/\\\/masalacrua.pt\\\/product\\\/deodorant-lavender\\\/#primaryimage\",\"url\":\"https:\\\/\\\/masalacrua.pt\\\/wp-content\\\/uploads\\\/2024\\\/07\\\/masalacrua_deodorant_2.jpg\",\"contentUrl\":\"https:\\\/\\\/masalacrua.pt\\\/wp-content\\\/uploads\\\/2024\\\/07\\\/masalacrua_deodorant_2.jpg\",\"width\":2200,\"height\":1650},{\"@type\":\"BreadcrumbList\",\"@id\":\"https:\\\/\\\/masalacrua.pt\\\/product\\\/deodorant-lavender\\\/#breadcrumb\",\"itemListElement\":[{\"@type\":\"ListItem\",\"position\":1,\"name\":\"Home\",\"item\":\"https:\\\/\\\/masalacrua.pt\\\/\"},{\"@type\":\"ListItem\",\"position\":2,\"name\":\"SHOP\",\"item\":\"https:\\\/\\\/masalacrua.pt\\\/shop\\\/\"},{\"@type\":\"ListItem\",\"position\":3,\"name\":\"deodorant | lavender\"}]},{\"@type\":\"WebSite\",\"@id\":\"https:\\\/\\\/masalacrua.pt\\\/#website\",\"url\":\"https:\\\/\\\/masalacrua.pt\\\/\",\"name\":\"masalaCRUA\",\"description\":\"natural creations\",\"publisher\":{\"@id\":\"https:\\\/\\\/masalacrua.pt\\\/#organization\"},\"potentialAction\":[{\"@type\":\"SearchAction\",\"target\":{\"@type\":\"EntryPoint\",\"urlTemplate\":\"https:\\\/\\\/masalacrua.pt\\\/?s={search_term_string}\"},\"query-input\":{\"@type\":\"PropertyValueSpecification\",\"valueRequired\":true,\"valueName\":\"search_term_string\"}}],\"inLanguage\":\"pt-PT\"},{\"@type\":\"Organization\",\"@id\":\"https:\\\/\\\/masalacrua.pt\\\/#organization\",\"name\":\"masalaCRUA\",\"url\":\"https:\\\/\\\/masalacrua.pt\\\/\",\"logo\":{\"@type\":\"ImageObject\",\"inLanguage\":\"pt-PT\",\"@id\":\"https:\\\/\\\/masalacrua.pt\\\/#\\\/schema\\\/logo\\\/image\\\/\",\"url\":\"https:\\\/\\\/masalacrua.pt\\\/wp-content\\\/uploads\\\/2021\\\/11\\\/LOGO-finalLOGO-EXPAND-5pt-copy.png\",\"contentUrl\":\"https:\\\/\\\/masalacrua.pt\\\/wp-content\\\/uploads\\\/2021\\\/11\\\/LOGO-finalLOGO-EXPAND-5pt-copy.png\",\"width\":767,\"height\":766,\"caption\":\"masalaCRUA\"},\"image\":{\"@id\":\"https:\\\/\\\/masalacrua.pt\\\/#\\\/schema\\\/logo\\\/image\\\/\"},\"sameAs\":[\"https:\\\/\\\/www.facebook.com\\\/masalaCRUA\",\"https:\\\/\\\/www.instagram.com\\\/masala.crua\\\/\"]}]}<\/script>\n<!-- \/ Yoast SEO plugin. -->","yoast_head_json":{"title":"Lavender Natural Deodorant","description":"An sensitive low pH formula. The Lavender Natural Deodorant is made without sodium bicarbonate for a gentler feel on the skin.","robots":{"index":"index","follow":"follow","max-snippet":"max-snippet:-1","max-image-preview":"max-image-preview:large","max-video-preview":"max-video-preview:-1"},"canonical":"https:\/\/masalacrua.pt\/pt\/produto\/deodorant-lavender\/","og_locale":"pt_PT","og_type":"article","og_title":"Lavender Natural Deodorant","og_description":"An sensitive low pH formula. The Lavender Natural Deodorant is made without sodium bicarbonate for a gentler feel on the skin.","og_url":"https:\/\/masalacrua.pt\/pt\/produto\/deodorant-lavender\/","og_site_name":"masalaCRUA","article_publisher":"https:\/\/www.facebook.com\/masalaCRUA","article_modified_time":"2026-03-25T11:13:33+00:00","og_image":[{"width":2200,"height":1650,"url":"https:\/\/masalacrua.pt\/wp-content\/uploads\/2024\/07\/masalacrua_deodorant_2.jpg","type":"image\/jpeg"}],"twitter_card":"summary_large_image","twitter_misc":{"Tempo estimado de leitura":"3 minutos"},"schema":{"@context":"https:\/\/schema.org","@graph":[{"@type":"WebPage","@id":"https:\/\/masalacrua.pt\/product\/deodorant-lavender\/","url":"https:\/\/masalacrua.pt\/product\/deodorant-lavender\/","name":"Lavender Natural Deodorant","isPartOf":{"@id":"https:\/\/masalacrua.pt\/#website"},"primaryImageOfPage":{"@id":"https:\/\/masalacrua.pt\/product\/deodorant-lavender\/#primaryimage"},"image":{"@id":"https:\/\/masalacrua.pt\/product\/deodorant-lavender\/#primaryimage"},"thumbnailUrl":"https:\/\/masalacrua.pt\/wp-content\/uploads\/2024\/07\/masalacrua_deodorant_2.jpg","datePublished":"2021-11-15T07:30:08+00:00","dateModified":"2026-03-25T11:13:33+00:00","description":"An sensitive low pH formula. The Lavender Natural Deodorant is made without sodium bicarbonate for a gentler feel on the skin.","breadcrumb":{"@id":"https:\/\/masalacrua.pt\/product\/deodorant-lavender\/#breadcrumb"},"inLanguage":"pt-PT","potentialAction":[{"@type":"ReadAction","target":["https:\/\/masalacrua.pt\/product\/deodorant-lavender\/"]}]},{"@type":"ImageObject","inLanguage":"pt-PT","@id":"https:\/\/masalacrua.pt\/product\/deodorant-lavender\/#primaryimage","url":"https:\/\/masalacrua.pt\/wp-content\/uploads\/2024\/07\/masalacrua_deodorant_2.jpg","contentUrl":"https:\/\/masalacrua.pt\/wp-content\/uploads\/2024\/07\/masalacrua_deodorant_2.jpg","width":2200,"height":1650},{"@type":"BreadcrumbList","@id":"https:\/\/masalacrua.pt\/product\/deodorant-lavender\/#breadcrumb","itemListElement":[{"@type":"ListItem","position":1,"name":"Home","item":"https:\/\/masalacrua.pt\/"},{"@type":"ListItem","position":2,"name":"SHOP","item":"https:\/\/masalacrua.pt\/shop\/"},{"@type":"ListItem","position":3,"name":"deodorant | lavender"}]},{"@type":"WebSite","@id":"https:\/\/masalacrua.pt\/#website","url":"https:\/\/masalacrua.pt\/","name":"masalaCRUA","description":"natural creations","publisher":{"@id":"https:\/\/masalacrua.pt\/#organization"},"potentialAction":[{"@type":"SearchAction","target":{"@type":"EntryPoint","urlTemplate":"https:\/\/masalacrua.pt\/?s={search_term_string}"},"query-input":{"@type":"PropertyValueSpecification","valueRequired":true,"valueName":"search_term_string"}}],"inLanguage":"pt-PT"},{"@type":"Organization","@id":"https:\/\/masalacrua.pt\/#organization","name":"masalaCRUA","url":"https:\/\/masalacrua.pt\/","logo":{"@type":"ImageObject","inLanguage":"pt-PT","@id":"https:\/\/masalacrua.pt\/#\/schema\/logo\/image\/","url":"https:\/\/masalacrua.pt\/wp-content\/uploads\/2021\/11\/LOGO-finalLOGO-EXPAND-5pt-copy.png","contentUrl":"https:\/\/masalacrua.pt\/wp-content\/uploads\/2021\/11\/LOGO-finalLOGO-EXPAND-5pt-copy.png","width":767,"height":766,"caption":"masalaCRUA"},"image":{"@id":"https:\/\/masalacrua.pt\/#\/schema\/logo\/image\/"},"sameAs":["https:\/\/www.facebook.com\/masalaCRUA","https:\/\/www.instagram.com\/masala.crua\/"]}]}},"jetpack_sharing_enabled":true,"_links":{"self":[{"href":"https:\/\/masalacrua.pt\/pt\/wp-json\/wp\/v2\/product\/141","targetHints":{"allow":["GET"]}}],"collection":[{"href":"https:\/\/masalacrua.pt\/pt\/wp-json\/wp\/v2\/product"}],"about":[{"href":"https:\/\/masalacrua.pt\/pt\/wp-json\/wp\/v2\/types\/product"}],"replies":[{"embeddable":true,"href":"https:\/\/masalacrua.pt\/pt\/wp-json\/wp\/v2\/comments?post=141"}],"wp:featuredmedia":[{"embeddable":true,"href":"https:\/\/masalacrua.pt\/pt\/wp-json\/wp\/v2\/media\/1903"}],"wp:attachment":[{"href":"https:\/\/masalacrua.pt\/pt\/wp-json\/wp\/v2\/media?parent=141"}],"wp:term":[{"taxonomy":"product_brand","embeddable":true,"href":"https:\/\/masalacrua.pt\/pt\/wp-json\/wp\/v2\/product_brand?post=141"},{"taxonomy":"product_cat","embeddable":true,"href":"https:\/\/masalacrua.pt\/pt\/wp-json\/wp\/v2\/product_cat?post=141"},{"taxonomy":"product_tag","embeddable":true,"href":"https:\/\/masalacrua.pt\/pt\/wp-json\/wp\/v2\/product_tag?post=141"}],"curies":[{"name":"wp","href":"https:\/\/api.w.org\/{rel}","templated":true}]}}