{"id":145,"date":"2021-11-15T07:33:11","date_gmt":"2021-11-15T07:33:11","guid":{"rendered":"http:\/\/masalacrua.pt\/?post_type=product&#038;p=145"},"modified":"2026-03-14T21:28:16","modified_gmt":"2026-03-14T21:28:16","slug":"cork-box-shampoo","status":"publish","type":"product","link":"https:\/\/masalacrua.pt\/pt\/produto\/cork-box-shampoo\/","title":{"rendered":"caixa corti\u00e7a | shampoo"},"content":{"rendered":"<h6 data-start=\"90\" data-end=\"129\"><strong data-start=\"90\" data-end=\"127\">CAIXA DE VIAGEM EM CORTI\u00c7A\u00a0<\/strong><\/h6>\n<p data-start=\"131\" data-end=\"363\" class=\"translation-block\">Feita \u00e0 m\u00e3o no Alentejo pela @corkconnection, esta <strong data-start=\"177\" data-end=\"209\">caixa de viagem em corti\u00e7a 100% natural<\/strong> \u00e9 a companheira perfeita para o seu shampoo ou condicionador s\u00f3lido. Com 6\u202fcm de di\u00e2metro, mant\u00e9m os seus produtos secos enquanto viaja, ajudando-os a durar mais tempo.<\/p>\n<p data-start=\"365\" data-end=\"555\">Mais do que apenas um estojo de viagem, tamb\u00e9m pode servir como suporte de casa de banho para shampoo s\u00f3lido, sabonete ou outros itens pequenos, permitindo que a \u00e1gua escoe naturalmente gra\u00e7as \u00e0 corti\u00e7a respir\u00e1vel.<\/p>\n<p data-start=\"557\" data-end=\"586\">\n<p data-start=\"557\" data-end=\"586\">*shampoo n\u00e3o incluido<\/p>\n<p data-start=\"588\" data-end=\"723\">\n<p data-start=\"588\" data-end=\"723\" class=\"translation-block\">Aproveite o nosso <strong data-start=\"610\" data-end=\"672\">desconto ao comprar a caixa de corti\u00e7a e o shampoo em conjunto<\/strong> \u2014 consulte os links dos shampoos para selecionar esta op\u00e7\u00e3o.<\/p>","protected":false},"excerpt":{"rendered":"<p>Fabricada \u00e0 m\u00e3o no Alentejo, esta caixa de corti\u00e7a natural proporciona um lugar seguro e respir\u00e1vel para o seu shampoo s\u00f3lido, ajudando-o a manter-se seco e a durar mais tempo. O seu design inteligente tamb\u00e9m a torna um suporte multiusos para sabonetes, shampoos em barra ou outros pequenos essenciais de casa de banho.<\/p>","protected":false},"featured_media":1912,"comment_status":"open","ping_status":"closed","template":"","meta":{"_acf_changed":false,"_et_pb_use_builder":"","_et_pb_old_content":"","_et_gb_content_width":""},"product_brand":[],"product_cat":[130,132],"product_tag":[304],"class_list":{"0":"post-145","1":"product","2":"type-product","3":"status-publish","4":"has-post-thumbnail","6":"product_cat-accessories","7":"product_cat-hair-care","8":"product_tag-travel-box","10":"first","11":"outofstock","12":"taxable","13":"shipping-taxable","14":"purchasable","15":"product-type-simple"},"acf":[],"yoast_head":"<!-- This site is optimized with the Yoast SEO plugin v27.4 - https:\/\/yoast.com\/product\/yoast-seo-wordpress\/ -->\n<title>travel cork box for shampoo - masalaCRUA<\/title>\n<meta name=\"description\" content=\"Travel cork box for shampoo. Made in collaboration with corkconnections in Melides,Alentejo. Perfect to travel with the shampoo or use as a soap holder.\" \/>\n<meta name=\"robots\" content=\"index, follow, max-snippet:-1, max-image-preview:large, max-video-preview:-1\" \/>\n<link rel=\"canonical\" href=\"https:\/\/masalacrua.pt\/pt\/produto\/cork-box-shampoo\/\" \/>\n<meta property=\"og:locale\" content=\"pt_PT\" \/>\n<meta property=\"og:type\" content=\"article\" \/>\n<meta property=\"og:title\" content=\"travel cork box for shampoo - masalaCRUA\" \/>\n<meta property=\"og:description\" content=\"Travel cork box for shampoo. Made in collaboration with corkconnections in Melides,Alentejo. Perfect to travel with the shampoo or use as a soap holder.\" \/>\n<meta property=\"og:url\" content=\"https:\/\/masalacrua.pt\/pt\/produto\/cork-box-shampoo\/\" \/>\n<meta property=\"og:site_name\" content=\"masalaCRUA\" \/>\n<meta property=\"article:publisher\" content=\"https:\/\/www.facebook.com\/masalaCRUA\" \/>\n<meta property=\"article:modified_time\" content=\"2026-03-14T21:28:16+00:00\" \/>\n<meta property=\"og:image\" content=\"https:\/\/masalacrua.pt\/wp-content\/uploads\/2024\/07\/masalacrua_kitconditioner_3.jpg\" \/>\n\t<meta property=\"og:image:width\" content=\"2200\" \/>\n\t<meta property=\"og:image:height\" content=\"1650\" \/>\n\t<meta property=\"og:image:type\" content=\"image\/jpeg\" \/>\n<meta name=\"twitter:card\" content=\"summary_large_image\" \/>\n<meta name=\"twitter:label1\" content=\"Tempo estimado de leitura\" \/>\n\t<meta name=\"twitter:data1\" content=\"1 minuto\" \/>\n<script type=\"application\/ld+json\" class=\"yoast-schema-graph\">{\"@context\":\"https:\\\/\\\/schema.org\",\"@graph\":[{\"@type\":\"WebPage\",\"@id\":\"https:\\\/\\\/masalacrua.pt\\\/product\\\/cork-box-shampoo\\\/\",\"url\":\"https:\\\/\\\/masalacrua.pt\\\/product\\\/cork-box-shampoo\\\/\",\"name\":\"travel cork box for shampoo - masalaCRUA\",\"isPartOf\":{\"@id\":\"https:\\\/\\\/masalacrua.pt\\\/#website\"},\"primaryImageOfPage\":{\"@id\":\"https:\\\/\\\/masalacrua.pt\\\/product\\\/cork-box-shampoo\\\/#primaryimage\"},\"image\":{\"@id\":\"https:\\\/\\\/masalacrua.pt\\\/product\\\/cork-box-shampoo\\\/#primaryimage\"},\"thumbnailUrl\":\"https:\\\/\\\/masalacrua.pt\\\/wp-content\\\/uploads\\\/2024\\\/07\\\/masalacrua_kitconditioner_3.jpg\",\"datePublished\":\"2021-11-15T07:33:11+00:00\",\"dateModified\":\"2026-03-14T21:28:16+00:00\",\"description\":\"Travel cork box for shampoo. Made in collaboration with corkconnections in Melides,Alentejo. Perfect to travel with the shampoo or use as a soap holder.\",\"breadcrumb\":{\"@id\":\"https:\\\/\\\/masalacrua.pt\\\/product\\\/cork-box-shampoo\\\/#breadcrumb\"},\"inLanguage\":\"pt-PT\",\"potentialAction\":[{\"@type\":\"ReadAction\",\"target\":[\"https:\\\/\\\/masalacrua.pt\\\/product\\\/cork-box-shampoo\\\/\"]}]},{\"@type\":\"ImageObject\",\"inLanguage\":\"pt-PT\",\"@id\":\"https:\\\/\\\/masalacrua.pt\\\/product\\\/cork-box-shampoo\\\/#primaryimage\",\"url\":\"https:\\\/\\\/masalacrua.pt\\\/wp-content\\\/uploads\\\/2024\\\/07\\\/masalacrua_kitconditioner_3.jpg\",\"contentUrl\":\"https:\\\/\\\/masalacrua.pt\\\/wp-content\\\/uploads\\\/2024\\\/07\\\/masalacrua_kitconditioner_3.jpg\",\"width\":2200,\"height\":1650},{\"@type\":\"BreadcrumbList\",\"@id\":\"https:\\\/\\\/masalacrua.pt\\\/product\\\/cork-box-shampoo\\\/#breadcrumb\",\"itemListElement\":[{\"@type\":\"ListItem\",\"position\":1,\"name\":\"Home\",\"item\":\"https:\\\/\\\/masalacrua.pt\\\/\"},{\"@type\":\"ListItem\",\"position\":2,\"name\":\"SHOP\",\"item\":\"https:\\\/\\\/masalacrua.pt\\\/shop\\\/\"},{\"@type\":\"ListItem\",\"position\":3,\"name\":\"cork box | shampoo\"}]},{\"@type\":\"WebSite\",\"@id\":\"https:\\\/\\\/masalacrua.pt\\\/#website\",\"url\":\"https:\\\/\\\/masalacrua.pt\\\/\",\"name\":\"masalaCRUA\",\"description\":\"natural creations\",\"publisher\":{\"@id\":\"https:\\\/\\\/masalacrua.pt\\\/#organization\"},\"potentialAction\":[{\"@type\":\"SearchAction\",\"target\":{\"@type\":\"EntryPoint\",\"urlTemplate\":\"https:\\\/\\\/masalacrua.pt\\\/?s={search_term_string}\"},\"query-input\":{\"@type\":\"PropertyValueSpecification\",\"valueRequired\":true,\"valueName\":\"search_term_string\"}}],\"inLanguage\":\"pt-PT\"},{\"@type\":\"Organization\",\"@id\":\"https:\\\/\\\/masalacrua.pt\\\/#organization\",\"name\":\"masalaCRUA\",\"url\":\"https:\\\/\\\/masalacrua.pt\\\/\",\"logo\":{\"@type\":\"ImageObject\",\"inLanguage\":\"pt-PT\",\"@id\":\"https:\\\/\\\/masalacrua.pt\\\/#\\\/schema\\\/logo\\\/image\\\/\",\"url\":\"https:\\\/\\\/masalacrua.pt\\\/wp-content\\\/uploads\\\/2021\\\/11\\\/LOGO-finalLOGO-EXPAND-5pt-copy.png\",\"contentUrl\":\"https:\\\/\\\/masalacrua.pt\\\/wp-content\\\/uploads\\\/2021\\\/11\\\/LOGO-finalLOGO-EXPAND-5pt-copy.png\",\"width\":767,\"height\":766,\"caption\":\"masalaCRUA\"},\"image\":{\"@id\":\"https:\\\/\\\/masalacrua.pt\\\/#\\\/schema\\\/logo\\\/image\\\/\"},\"sameAs\":[\"https:\\\/\\\/www.facebook.com\\\/masalaCRUA\",\"https:\\\/\\\/www.instagram.com\\\/masala.crua\\\/\"]}]}<\/script>\n<!-- \/ Yoast SEO plugin. -->","yoast_head_json":{"title":"travel cork box for shampoo - masalaCRUA","description":"Travel cork box for shampoo. Made in collaboration with corkconnections in Melides,Alentejo. Perfect to travel with the shampoo or use as a soap holder.","robots":{"index":"index","follow":"follow","max-snippet":"max-snippet:-1","max-image-preview":"max-image-preview:large","max-video-preview":"max-video-preview:-1"},"canonical":"https:\/\/masalacrua.pt\/pt\/produto\/cork-box-shampoo\/","og_locale":"pt_PT","og_type":"article","og_title":"travel cork box for shampoo - masalaCRUA","og_description":"Travel cork box for shampoo. Made in collaboration with corkconnections in Melides,Alentejo. Perfect to travel with the shampoo or use as a soap holder.","og_url":"https:\/\/masalacrua.pt\/pt\/produto\/cork-box-shampoo\/","og_site_name":"masalaCRUA","article_publisher":"https:\/\/www.facebook.com\/masalaCRUA","article_modified_time":"2026-03-14T21:28:16+00:00","og_image":[{"width":2200,"height":1650,"url":"https:\/\/masalacrua.pt\/wp-content\/uploads\/2024\/07\/masalacrua_kitconditioner_3.jpg","type":"image\/jpeg"}],"twitter_card":"summary_large_image","twitter_misc":{"Tempo estimado de leitura":"1 minuto"},"schema":{"@context":"https:\/\/schema.org","@graph":[{"@type":"WebPage","@id":"https:\/\/masalacrua.pt\/product\/cork-box-shampoo\/","url":"https:\/\/masalacrua.pt\/product\/cork-box-shampoo\/","name":"travel cork box for shampoo - masalaCRUA","isPartOf":{"@id":"https:\/\/masalacrua.pt\/#website"},"primaryImageOfPage":{"@id":"https:\/\/masalacrua.pt\/product\/cork-box-shampoo\/#primaryimage"},"image":{"@id":"https:\/\/masalacrua.pt\/product\/cork-box-shampoo\/#primaryimage"},"thumbnailUrl":"https:\/\/masalacrua.pt\/wp-content\/uploads\/2024\/07\/masalacrua_kitconditioner_3.jpg","datePublished":"2021-11-15T07:33:11+00:00","dateModified":"2026-03-14T21:28:16+00:00","description":"Travel cork box for shampoo. Made in collaboration with corkconnections in Melides,Alentejo. Perfect to travel with the shampoo or use as a soap holder.","breadcrumb":{"@id":"https:\/\/masalacrua.pt\/product\/cork-box-shampoo\/#breadcrumb"},"inLanguage":"pt-PT","potentialAction":[{"@type":"ReadAction","target":["https:\/\/masalacrua.pt\/product\/cork-box-shampoo\/"]}]},{"@type":"ImageObject","inLanguage":"pt-PT","@id":"https:\/\/masalacrua.pt\/product\/cork-box-shampoo\/#primaryimage","url":"https:\/\/masalacrua.pt\/wp-content\/uploads\/2024\/07\/masalacrua_kitconditioner_3.jpg","contentUrl":"https:\/\/masalacrua.pt\/wp-content\/uploads\/2024\/07\/masalacrua_kitconditioner_3.jpg","width":2200,"height":1650},{"@type":"BreadcrumbList","@id":"https:\/\/masalacrua.pt\/product\/cork-box-shampoo\/#breadcrumb","itemListElement":[{"@type":"ListItem","position":1,"name":"Home","item":"https:\/\/masalacrua.pt\/"},{"@type":"ListItem","position":2,"name":"SHOP","item":"https:\/\/masalacrua.pt\/shop\/"},{"@type":"ListItem","position":3,"name":"cork box | shampoo"}]},{"@type":"WebSite","@id":"https:\/\/masalacrua.pt\/#website","url":"https:\/\/masalacrua.pt\/","name":"masalaCRUA","description":"natural creations","publisher":{"@id":"https:\/\/masalacrua.pt\/#organization"},"potentialAction":[{"@type":"SearchAction","target":{"@type":"EntryPoint","urlTemplate":"https:\/\/masalacrua.pt\/?s={search_term_string}"},"query-input":{"@type":"PropertyValueSpecification","valueRequired":true,"valueName":"search_term_string"}}],"inLanguage":"pt-PT"},{"@type":"Organization","@id":"https:\/\/masalacrua.pt\/#organization","name":"masalaCRUA","url":"https:\/\/masalacrua.pt\/","logo":{"@type":"ImageObject","inLanguage":"pt-PT","@id":"https:\/\/masalacrua.pt\/#\/schema\/logo\/image\/","url":"https:\/\/masalacrua.pt\/wp-content\/uploads\/2021\/11\/LOGO-finalLOGO-EXPAND-5pt-copy.png","contentUrl":"https:\/\/masalacrua.pt\/wp-content\/uploads\/2021\/11\/LOGO-finalLOGO-EXPAND-5pt-copy.png","width":767,"height":766,"caption":"masalaCRUA"},"image":{"@id":"https:\/\/masalacrua.pt\/#\/schema\/logo\/image\/"},"sameAs":["https:\/\/www.facebook.com\/masalaCRUA","https:\/\/www.instagram.com\/masala.crua\/"]}]}},"jetpack_sharing_enabled":true,"_links":{"self":[{"href":"https:\/\/masalacrua.pt\/pt\/wp-json\/wp\/v2\/product\/145","targetHints":{"allow":["GET"]}}],"collection":[{"href":"https:\/\/masalacrua.pt\/pt\/wp-json\/wp\/v2\/product"}],"about":[{"href":"https:\/\/masalacrua.pt\/pt\/wp-json\/wp\/v2\/types\/product"}],"replies":[{"embeddable":true,"href":"https:\/\/masalacrua.pt\/pt\/wp-json\/wp\/v2\/comments?post=145"}],"wp:featuredmedia":[{"embeddable":true,"href":"https:\/\/masalacrua.pt\/pt\/wp-json\/wp\/v2\/media\/1912"}],"wp:attachment":[{"href":"https:\/\/masalacrua.pt\/pt\/wp-json\/wp\/v2\/media?parent=145"}],"wp:term":[{"taxonomy":"product_brand","embeddable":true,"href":"https:\/\/masalacrua.pt\/pt\/wp-json\/wp\/v2\/product_brand?post=145"},{"taxonomy":"product_cat","embeddable":true,"href":"https:\/\/masalacrua.pt\/pt\/wp-json\/wp\/v2\/product_cat?post=145"},{"taxonomy":"product_tag","embeddable":true,"href":"https:\/\/masalacrua.pt\/pt\/wp-json\/wp\/v2\/product_tag?post=145"}],"curies":[{"name":"wp","href":"https:\/\/api.w.org\/{rel}","templated":true}]}}