{"id":149,"date":"2021-11-15T07:37:45","date_gmt":"2021-11-15T07:37:45","guid":{"rendered":"http:\/\/masalacrua.pt\/?post_type=product&#038;p=149"},"modified":"2026-04-08T10:00:00","modified_gmt":"2026-04-08T09:00:00","slug":"hair-serum-for-dry-hair","status":"publish","type":"product","link":"https:\/\/masalacrua.pt\/pt\/produto\/hair-serum-for-dry-hair\/","title":{"rendered":"s\u00e9rum capilar | cabelo seco"},"content":{"rendered":"<h3><strong>S\u00c9RUM CAPILAR PARA CABELOS SECOS OU DANIFICADOS<\/strong><\/h3>\n<p class=\"translation-block\">O nosso s\u00e9rum capilar foi formulado para uso di\u00e1rio. Ao contr\u00e1rio dos \u00f3leos tradicionais que podem ser pesados, \u00e9 muito leve e absorve rapidamente sem deixar o cabelo oleoso nem <strong>pes\u00e1-lo.<\/strong><\/p>\n<p>Enriquecido com \u00e1cidos gordos essenciais, nutre profundamente e hidrata os fios. Por esta raz\u00e3o, o nosso s\u00e9rum capilar reduz os n\u00f3s, real\u00e7a o brilho e ajuda a fortalecer o cabelo.<\/p>\n<p>Adequado para todos os tipos de cabelo, \u00e9 perfeito para utilizar ao pentear ou modelar o seu cabelo. Pode ser aplicado em cabelo h\u00famido ou seco, deixando-o suave e com um aspeto saud\u00e1vel durante todo o dia.<\/p>\n<p>&nbsp;<\/p>\n<h3><strong>INGREDIENTES<\/strong><\/h3>\n<p>coco-caprylate, isoamyl laurate, caprylic\/capric triglyceride, argania spinosa (argan) kernel oil*, crambe abyssinica seed oil (\u00f3leo da semente), simmondsia chinensis (jojoba) seed oil*, ricinus communis (castor) seed oil* (\u00f3leo de r\u00edcino), tocopherol (vitamina E), d-pantenol provitamina B5, prote\u00edna de trigo hidrolisada, lavandula augustifolia oil* (\u00f3leo de lavanda), pelargonium graveolens (geranium) oil (\u00f3leo de ger\u00e2nio), citrus aurantium bergamia (bergamot) peel oil (\u00f3leo da casca de bergamota).<\/p>\n<p>*proveniente de produ\u00e7\u00e3o org\u00e2nica<br \/>\n100% ingredientes naturais ou de origem vegetal<\/p>\n<p>&nbsp;<\/p>\n<p><strong>Ingredientes principais<\/strong><\/p>\n<ul>\n<li data-section-id=\"zbqb4n\" data-start=\"278\" data-end=\"472\">\n<p data-start=\"280\" data-end=\"472\" class=\"translation-block\">Coco-caprylate: derivado do \u00f3leo de coco, \u00e9 uma alternativa natural aos silicones que ajuda a manter o cabelo brilhante e sem n\u00f3s.<\/p>\n<\/li>\n<li data-section-id=\"1yl5eh\" data-start=\"474\" data-end=\"669\">\n<p data-start=\"476\" data-end=\"669\" class=\"translation-block\">Isoamyl laurate e caprylic\/capric triglyceride: emolientes leves de origem vegetal que proporcionam um acabamento sedoso <strong data-start=\"568\" data-end=\"668\">sem deixar uma sensa\u00e7\u00e3o oleosa<\/strong>.<\/p>\n<\/li>\n<li data-section-id=\"ewzyez\" data-start=\"671\" data-end=\"853\">\n<p data-start=\"673\" data-end=\"853\" class=\"translation-block\">Argan, jojoba e \u00f3leo de crambe: \u00f3leos nutritivos ricos em \u00e1cidos gordos que hidratam o cabelo, <strong data-start=\"774\" data-end=\"852\">melhoram a elasticidade<\/strong>, real\u00e7am o brilho e ajudam a reduzir o frizz.<\/p>\n<\/li>\n<li data-section-id=\"6265k1\" data-start=\"855\" data-end=\"1006\">\n<p data-start=\"857\" data-end=\"1006\" class=\"translation-block\">\u00d3leo de r\u00edcino: \u00f3leo profundamente nutritivo que cria uma <strong> camada protetora no cabelo,<\/strong> ajudando a reter a humidade.<\/p>\n<\/li>\n<li data-section-id=\"h0zi08\" data-start=\"1008\" data-end=\"1179\">\n<p data-start=\"1010\" data-end=\"1179\" class=\"translation-block\">Vitamina E: um antioxidante que nutre o couro cabeludo e os fios de cabelo, mantendo-os mais saud\u00e1veis. As suas propriedades antioxidantes tamb\u00e9m ajudam a proteger o cabelo do <strong data-start=\"233\" data-end=\"342\"> stresse oxidativo <\/strong> causado por fatores ambientais, como a polui\u00e7\u00e3o e os raios UV.<\/p>\n<\/li>\n<li data-section-id=\"2w2hsg\" data-start=\"1181\" data-end=\"1353\">\n<p data-start=\"1183\" data-end=\"1353\" class=\"translation-block\">Prote\u00edna de trigo hidrolisada: prote\u00ednas de baixo peso molecular que s\u00e3o facilmente absorvidas pela fibra capilar. Ajudam  a  manter a hidrata\u00e7\u00e3o, a dar volume e brilho, e a apoiar a <strong>repara\u00e7\u00e3o de fibras capilares enfraquecidas<\/strong> ou danificadas.<\/p>\n<p>&nbsp;<\/p>\n<p class=\"translation-block\"><strong>Vegan e cruelty-free<\/strong><br>\n<strong> biodegrad\u00e1vel<\/strong><br>\n<strong>Sem fragr\u00e2ncias ou corantes sint\u00e9ticos<\/strong><br>\n<strong>Sem qu\u00edmicos t\u00f3xicos<\/strong><\/p>\n<p>&nbsp;<\/p>\n<h3><strong>COMO USAR<\/strong><\/h3>\n<p>1. Use todos os dias de manh\u00e3 ao pentear ou modelar o seu cabelo.<br \/>\n2. Aplique algumas gotas na palma das m\u00e3os e espalhe uniformemente por todo o cabelo, focando especialmente nas pontas.<br \/>\n3. Pode ser aplicado em cabelo seco ou h\u00famido para suavizar, hidratar e dar brilho.<\/p>\n<p>Para melhores resultados, combine com natural <a href=\"https:\/\/masalacrua.pt\/pt\/categoria-produto\/shop\/natural-skin-care\/hair-care\/\" target=\"_blank\" rel=\"noopener\">shampoo s\u00f3lido<\/a> e <a href=\"https:\/\/masalacrua.pt\/pt\/produto\/conditioner-spirulina-lemon\/\" target=\"_blank\" rel=\"noopener\">conditioner<\/a>.<\/li>\n<\/ul>","protected":false},"excerpt":{"rendered":"<p>Um s\u00e9rum leve e de r\u00e1pida absor\u00e7\u00e3o, com ger\u00e2nio e \u00f3leo de arg\u00e3o, que nutre, hidrata e fortalece o cabelo seco ou danificado.<\/p>\n<p>Aroma floral.<\/p>\n<p>F\u00f3rmula n\u00e3o gordurosa para uso di\u00e1rio.<\/p>","protected":false},"featured_media":2195,"comment_status":"open","ping_status":"closed","template":"","meta":{"_acf_changed":false,"_et_pb_use_builder":"","_et_pb_old_content":"","_et_gb_content_width":""},"product_brand":[],"product_cat":[132],"product_tag":[323,276],"class_list":{"0":"post-149","1":"product","2":"type-product","3":"status-publish","4":"has-post-thumbnail","6":"product_cat-hair-care","7":"product_tag-geranium","8":"product_tag-hair-serum","9":"pa_ingredients-almond-oil","10":"pa_ingredients-argan-oil","11":"pa_ingredients-castor-oil","12":"pa_ingredients-coco-caprylate","13":"pa_ingredients-crambe-oil","14":"pa_ingredients-geranium-essential-oil","15":"pa_ingredients-hydrolized-wheat-protein","16":"pa_ingredients-jojoba-oil","17":"pa_ingredients-lavender","18":"pa_ingredients-vitamin-e","20":"first","21":"instock","22":"taxable","23":"shipping-taxable","24":"purchasable","25":"product-type-simple"},"acf":[],"yoast_head":"<!-- This site is optimized with the Yoast SEO plugin v27.4 - https:\/\/yoast.com\/product\/yoast-seo-wordpress\/ -->\n<title>Hair Serum for Dry Hair<\/title>\n<meta name=\"description\" content=\"Hair serum for dry or damaged hair with geranium and argan oil. Floral scent. A nourishing treatment serum designed for daily use.\" \/>\n<meta name=\"robots\" content=\"index, follow, max-snippet:-1, max-image-preview:large, max-video-preview:-1\" \/>\n<link rel=\"canonical\" href=\"https:\/\/masalacrua.pt\/pt\/produto\/hair-serum-for-dry-hair\/\" \/>\n<meta property=\"og:locale\" content=\"pt_PT\" \/>\n<meta property=\"og:type\" content=\"article\" \/>\n<meta property=\"og:title\" content=\"Hair Serum for Dry Hair\" \/>\n<meta property=\"og:description\" content=\"Hair serum for dry or damaged hair with geranium and argan oil. Floral scent. A nourishing treatment serum designed for daily use.\" \/>\n<meta property=\"og:url\" content=\"https:\/\/masalacrua.pt\/pt\/produto\/hair-serum-for-dry-hair\/\" \/>\n<meta property=\"og:site_name\" content=\"masalaCRUA\" \/>\n<meta property=\"article:publisher\" content=\"https:\/\/www.facebook.com\/masalaCRUA\" \/>\n<meta property=\"article:modified_time\" content=\"2026-04-08T09:00:00+00:00\" \/>\n<meta property=\"og:image\" content=\"https:\/\/masalacrua.pt\/wp-content\/uploads\/2024\/07\/IMG_7230.jpeg\" \/>\n\t<meta property=\"og:image:width\" content=\"2200\" \/>\n\t<meta property=\"og:image:height\" content=\"1650\" \/>\n\t<meta property=\"og:image:type\" content=\"image\/jpeg\" \/>\n<meta name=\"twitter:card\" content=\"summary_large_image\" \/>\n<meta name=\"twitter:label1\" content=\"Tempo estimado de leitura\" \/>\n\t<meta name=\"twitter:data1\" content=\"2 minutos\" \/>\n<script type=\"application\/ld+json\" class=\"yoast-schema-graph\">{\"@context\":\"https:\\\/\\\/schema.org\",\"@graph\":[{\"@type\":\"WebPage\",\"@id\":\"https:\\\/\\\/masalacrua.pt\\\/product\\\/hair-serum-for-dry-hair\\\/\",\"url\":\"https:\\\/\\\/masalacrua.pt\\\/product\\\/hair-serum-for-dry-hair\\\/\",\"name\":\"Hair Serum for Dry Hair\",\"isPartOf\":{\"@id\":\"https:\\\/\\\/masalacrua.pt\\\/#website\"},\"primaryImageOfPage\":{\"@id\":\"https:\\\/\\\/masalacrua.pt\\\/product\\\/hair-serum-for-dry-hair\\\/#primaryimage\"},\"image\":{\"@id\":\"https:\\\/\\\/masalacrua.pt\\\/product\\\/hair-serum-for-dry-hair\\\/#primaryimage\"},\"thumbnailUrl\":\"https:\\\/\\\/masalacrua.pt\\\/wp-content\\\/uploads\\\/2024\\\/07\\\/IMG_7230.jpeg\",\"datePublished\":\"2021-11-15T07:37:45+00:00\",\"dateModified\":\"2026-04-08T09:00:00+00:00\",\"description\":\"Hair serum for dry or damaged hair with geranium and argan oil. Floral scent. A nourishing treatment serum designed for daily use.\",\"breadcrumb\":{\"@id\":\"https:\\\/\\\/masalacrua.pt\\\/product\\\/hair-serum-for-dry-hair\\\/#breadcrumb\"},\"inLanguage\":\"pt-PT\",\"potentialAction\":[{\"@type\":\"ReadAction\",\"target\":[\"https:\\\/\\\/masalacrua.pt\\\/product\\\/hair-serum-for-dry-hair\\\/\"]}]},{\"@type\":\"ImageObject\",\"inLanguage\":\"pt-PT\",\"@id\":\"https:\\\/\\\/masalacrua.pt\\\/product\\\/hair-serum-for-dry-hair\\\/#primaryimage\",\"url\":\"https:\\\/\\\/masalacrua.pt\\\/wp-content\\\/uploads\\\/2024\\\/07\\\/IMG_7230.jpeg\",\"contentUrl\":\"https:\\\/\\\/masalacrua.pt\\\/wp-content\\\/uploads\\\/2024\\\/07\\\/IMG_7230.jpeg\",\"width\":2200,\"height\":1650,\"caption\":\"Processed with VSCO with a9 preset\"},{\"@type\":\"BreadcrumbList\",\"@id\":\"https:\\\/\\\/masalacrua.pt\\\/product\\\/hair-serum-for-dry-hair\\\/#breadcrumb\",\"itemListElement\":[{\"@type\":\"ListItem\",\"position\":1,\"name\":\"Home\",\"item\":\"https:\\\/\\\/masalacrua.pt\\\/\"},{\"@type\":\"ListItem\",\"position\":2,\"name\":\"SHOP\",\"item\":\"https:\\\/\\\/masalacrua.pt\\\/shop\\\/\"},{\"@type\":\"ListItem\",\"position\":3,\"name\":\"hair serum | dry hair\"}]},{\"@type\":\"WebSite\",\"@id\":\"https:\\\/\\\/masalacrua.pt\\\/#website\",\"url\":\"https:\\\/\\\/masalacrua.pt\\\/\",\"name\":\"masalaCRUA\",\"description\":\"natural creations\",\"publisher\":{\"@id\":\"https:\\\/\\\/masalacrua.pt\\\/#organization\"},\"potentialAction\":[{\"@type\":\"SearchAction\",\"target\":{\"@type\":\"EntryPoint\",\"urlTemplate\":\"https:\\\/\\\/masalacrua.pt\\\/?s={search_term_string}\"},\"query-input\":{\"@type\":\"PropertyValueSpecification\",\"valueRequired\":true,\"valueName\":\"search_term_string\"}}],\"inLanguage\":\"pt-PT\"},{\"@type\":\"Organization\",\"@id\":\"https:\\\/\\\/masalacrua.pt\\\/#organization\",\"name\":\"masalaCRUA\",\"url\":\"https:\\\/\\\/masalacrua.pt\\\/\",\"logo\":{\"@type\":\"ImageObject\",\"inLanguage\":\"pt-PT\",\"@id\":\"https:\\\/\\\/masalacrua.pt\\\/#\\\/schema\\\/logo\\\/image\\\/\",\"url\":\"https:\\\/\\\/masalacrua.pt\\\/wp-content\\\/uploads\\\/2021\\\/11\\\/LOGO-finalLOGO-EXPAND-5pt-copy.png\",\"contentUrl\":\"https:\\\/\\\/masalacrua.pt\\\/wp-content\\\/uploads\\\/2021\\\/11\\\/LOGO-finalLOGO-EXPAND-5pt-copy.png\",\"width\":767,\"height\":766,\"caption\":\"masalaCRUA\"},\"image\":{\"@id\":\"https:\\\/\\\/masalacrua.pt\\\/#\\\/schema\\\/logo\\\/image\\\/\"},\"sameAs\":[\"https:\\\/\\\/www.facebook.com\\\/masalaCRUA\",\"https:\\\/\\\/www.instagram.com\\\/masala.crua\\\/\"]}]}<\/script>\n<!-- \/ Yoast SEO plugin. -->","yoast_head_json":{"title":"Hair Serum for Dry Hair","description":"Hair serum for dry or damaged hair with geranium and argan oil. Floral scent. A nourishing treatment serum designed for daily use.","robots":{"index":"index","follow":"follow","max-snippet":"max-snippet:-1","max-image-preview":"max-image-preview:large","max-video-preview":"max-video-preview:-1"},"canonical":"https:\/\/masalacrua.pt\/pt\/produto\/hair-serum-for-dry-hair\/","og_locale":"pt_PT","og_type":"article","og_title":"Hair Serum for Dry Hair","og_description":"Hair serum for dry or damaged hair with geranium and argan oil. Floral scent. A nourishing treatment serum designed for daily use.","og_url":"https:\/\/masalacrua.pt\/pt\/produto\/hair-serum-for-dry-hair\/","og_site_name":"masalaCRUA","article_publisher":"https:\/\/www.facebook.com\/masalaCRUA","article_modified_time":"2026-04-08T09:00:00+00:00","og_image":[{"width":2200,"height":1650,"url":"https:\/\/masalacrua.pt\/wp-content\/uploads\/2024\/07\/IMG_7230.jpeg","type":"image\/jpeg"}],"twitter_card":"summary_large_image","twitter_misc":{"Tempo estimado de leitura":"2 minutos"},"schema":{"@context":"https:\/\/schema.org","@graph":[{"@type":"WebPage","@id":"https:\/\/masalacrua.pt\/product\/hair-serum-for-dry-hair\/","url":"https:\/\/masalacrua.pt\/product\/hair-serum-for-dry-hair\/","name":"Hair Serum for Dry Hair","isPartOf":{"@id":"https:\/\/masalacrua.pt\/#website"},"primaryImageOfPage":{"@id":"https:\/\/masalacrua.pt\/product\/hair-serum-for-dry-hair\/#primaryimage"},"image":{"@id":"https:\/\/masalacrua.pt\/product\/hair-serum-for-dry-hair\/#primaryimage"},"thumbnailUrl":"https:\/\/masalacrua.pt\/wp-content\/uploads\/2024\/07\/IMG_7230.jpeg","datePublished":"2021-11-15T07:37:45+00:00","dateModified":"2026-04-08T09:00:00+00:00","description":"Hair serum for dry or damaged hair with geranium and argan oil. Floral scent. A nourishing treatment serum designed for daily use.","breadcrumb":{"@id":"https:\/\/masalacrua.pt\/product\/hair-serum-for-dry-hair\/#breadcrumb"},"inLanguage":"pt-PT","potentialAction":[{"@type":"ReadAction","target":["https:\/\/masalacrua.pt\/product\/hair-serum-for-dry-hair\/"]}]},{"@type":"ImageObject","inLanguage":"pt-PT","@id":"https:\/\/masalacrua.pt\/product\/hair-serum-for-dry-hair\/#primaryimage","url":"https:\/\/masalacrua.pt\/wp-content\/uploads\/2024\/07\/IMG_7230.jpeg","contentUrl":"https:\/\/masalacrua.pt\/wp-content\/uploads\/2024\/07\/IMG_7230.jpeg","width":2200,"height":1650,"caption":"Processed with VSCO with a9 preset"},{"@type":"BreadcrumbList","@id":"https:\/\/masalacrua.pt\/product\/hair-serum-for-dry-hair\/#breadcrumb","itemListElement":[{"@type":"ListItem","position":1,"name":"Home","item":"https:\/\/masalacrua.pt\/"},{"@type":"ListItem","position":2,"name":"SHOP","item":"https:\/\/masalacrua.pt\/shop\/"},{"@type":"ListItem","position":3,"name":"hair serum | dry hair"}]},{"@type":"WebSite","@id":"https:\/\/masalacrua.pt\/#website","url":"https:\/\/masalacrua.pt\/","name":"masalaCRUA","description":"natural creations","publisher":{"@id":"https:\/\/masalacrua.pt\/#organization"},"potentialAction":[{"@type":"SearchAction","target":{"@type":"EntryPoint","urlTemplate":"https:\/\/masalacrua.pt\/?s={search_term_string}"},"query-input":{"@type":"PropertyValueSpecification","valueRequired":true,"valueName":"search_term_string"}}],"inLanguage":"pt-PT"},{"@type":"Organization","@id":"https:\/\/masalacrua.pt\/#organization","name":"masalaCRUA","url":"https:\/\/masalacrua.pt\/","logo":{"@type":"ImageObject","inLanguage":"pt-PT","@id":"https:\/\/masalacrua.pt\/#\/schema\/logo\/image\/","url":"https:\/\/masalacrua.pt\/wp-content\/uploads\/2021\/11\/LOGO-finalLOGO-EXPAND-5pt-copy.png","contentUrl":"https:\/\/masalacrua.pt\/wp-content\/uploads\/2021\/11\/LOGO-finalLOGO-EXPAND-5pt-copy.png","width":767,"height":766,"caption":"masalaCRUA"},"image":{"@id":"https:\/\/masalacrua.pt\/#\/schema\/logo\/image\/"},"sameAs":["https:\/\/www.facebook.com\/masalaCRUA","https:\/\/www.instagram.com\/masala.crua\/"]}]}},"jetpack_sharing_enabled":true,"_links":{"self":[{"href":"https:\/\/masalacrua.pt\/pt\/wp-json\/wp\/v2\/product\/149","targetHints":{"allow":["GET"]}}],"collection":[{"href":"https:\/\/masalacrua.pt\/pt\/wp-json\/wp\/v2\/product"}],"about":[{"href":"https:\/\/masalacrua.pt\/pt\/wp-json\/wp\/v2\/types\/product"}],"replies":[{"embeddable":true,"href":"https:\/\/masalacrua.pt\/pt\/wp-json\/wp\/v2\/comments?post=149"}],"wp:featuredmedia":[{"embeddable":true,"href":"https:\/\/masalacrua.pt\/pt\/wp-json\/wp\/v2\/media\/2195"}],"wp:attachment":[{"href":"https:\/\/masalacrua.pt\/pt\/wp-json\/wp\/v2\/media?parent=149"}],"wp:term":[{"taxonomy":"product_brand","embeddable":true,"href":"https:\/\/masalacrua.pt\/pt\/wp-json\/wp\/v2\/product_brand?post=149"},{"taxonomy":"product_cat","embeddable":true,"href":"https:\/\/masalacrua.pt\/pt\/wp-json\/wp\/v2\/product_cat?post=149"},{"taxonomy":"product_tag","embeddable":true,"href":"https:\/\/masalacrua.pt\/pt\/wp-json\/wp\/v2\/product_tag?post=149"}],"curies":[{"name":"wp","href":"https:\/\/api.w.org\/{rel}","templated":true}]}}