{"id":152,"date":"2021-11-15T07:42:47","date_gmt":"2021-11-15T07:42:47","guid":{"rendered":"http:\/\/masalacrua.pt\/?post_type=product&#038;p=152"},"modified":"2026-04-08T10:53:08","modified_gmt":"2026-04-08T09:53:08","slug":"solid-shampoo-with-extra-foam-for-dry-hair","status":"publish","type":"product","link":"https:\/\/masalacrua.pt\/pt\/produto\/solid-shampoo-with-extra-foam-for-dry-hair\/","title":{"rendered":"shampoo cabelo seco | extra espuma"},"content":{"rendered":"<h3><strong>SHAMPOO S\u00d3LIDO PARA CABELO SECO COM EXTRA ESPUMA<\/strong><\/h3>\n<p class=\"translation-block\">Este shampoo \u00e9 recomendado quando necessita de uma <strong>limpeza mais profunda<\/strong> ou quando est\u00e1 a fazer a transi\u00e7\u00e3o<strong> do shampoo convencional para o natural<\/strong> e ainda prefere uma espuma mais rica e abundante. A sua elevada concentra\u00e7\u00e3o de tensioativos e \u00f3leos vegetais atua para limpar minuciosamente o cabelo, mantendo-o macio, suave e bem hidratado.<\/p>\n<p>Para uma alternativa mais suave e para o dia a dia, experimente o nosso <a href=\"http:\/\/masalacrua.pt\/pt\/produto\/shampoo-sensitive-dry-hair\/\" target=\"_blank\" rel=\"noopener\">Sensitive Shampoo for Dry Hair.<\/a><\/p>\n<p>&nbsp;<\/p>\n<p class=\"translation-block\">Os nossos shampoos s\u00f3lidos t\u00eam um pH entre 5 e 6, aproximando-se do pH natural do cabelo e do couro cabeludo (4\u20135.5). Ao contr\u00e1rio dos shampoos de saponifica\u00e7\u00e3o a frio (pH ~9), os nossos s\u00e3o mais suaves para o cabelo, ajudando a limpar eficazmente sem o deixar pesado ou com res\u00edduos.<\/p>\n<p class=\"translation-block\">Este pH equilibrado ajuda a limpar o cabelo enquanto mant\u00e9m a sua condi\u00e7\u00e3o natural. Tamb\u00e9m reduz a eletricidade est\u00e1tica negativa nas fibras capilares, ajudando a manter o cabelo mais liso, saud\u00e1vel e com menos frizz.<\/p>\n<p>Para uma limpeza suave mas eficaz, utilizamos tensioativos de origem vegetal derivados do \u00f3leo de coco, que limpam o cabelo mantendo-se delicados com o couro cabeludo. A nossa f\u00f3rmula inclui apenas SCI e SLSA \u2013 dois dos tensioativos mais suaves dispon\u00edveis. O resultado \u00e9 um shampoo que produz uma espuma macia e leve, respeitando tanto o teu cabelo como o teu couro cabeludo.<\/p>\n<p class=\"translation-block\">Saiba mais sobre as vantagens do shampoo de pH baixo <a href=\"https:\/\/journals.lww.com\/ijot\/fulltext\/2014\/06030\/the_shampoo_ph_can_affect_the_hair__myth_or.4.aspx?utm_source=chatgpt.com\" target=\"_blank\" rel=\"noopener\">neste artigo<\/a>.<\/p>\n<p>&nbsp;<\/p>\n<h3><strong>INGREDIENTES<\/strong><\/h3>\n<p>sodium cocoyl isethionate, emblica officinalis (amla) p\u00f3*, avena sativa (aveia) kernel extract, sodium lauryl sulfoacetate, cocus nucifera (coco) oil*, calendula officinalis extract*, butyrospermum parkii (karit\u00e9) butter*, pelargonium graveolens (ger\u00e2nio) oil, tocopherol (vitamina E), cymbopogon martini (palmarosa) oil, CI77492 (\u00d3xido de Ferro Amarelo), cananga odorata (ylang ylang) flower oil, benzyl alcohol\/ dehydroacetic acid**.<\/p>\n<p>*de produ\u00e7\u00e3o biol\u00f3gica **conservante aprovado para cosm\u00e9tica natural<br \/>\n99% de ingredientes naturais ou de origem vegetal<\/p>\n<p>&nbsp;<\/p>\n<p><strong>Ingredientes principais<\/strong><\/p>\n<ul>\n<li data-section-id=\"16j449q\" data-start=\"145\" data-end=\"349\">\n<p data-start=\"147\" data-end=\"349\" class=\"translation-block\">Cal\u00eandula: conhecida pelas suas propriedades regeneradoras, \u00e9 rica em flavonoides, que oferecem benef\u00edcios antioxidantes. Fortalece o cabelo, hidrata o couro cabeludo e ajuda a combater a <strong data-start=\"267\" data-end=\"346\">secura e a caspa<\/strong>.<\/p>\n<\/li>\n<li data-section-id=\"uy58sz\" data-start=\"350\" data-end=\"479\">\n<p data-start=\"352\" data-end=\"479\" class=\"translation-block\">\u00d3leo essencial de ger\u00e2nio: equilibra o pH do couro cabeludo atrav\u00e9s de uma limpeza profunda e da regula\u00e7\u00e3o da produ\u00e7\u00e3o de sebo, promovendo um <strong data-start=\"457\" data-end=\"476\">couro cabeludo mais saud\u00e1vel<\/strong>.<\/p>\n<\/li>\n<li data-section-id=\"uy58sz\" data-start=\"350\" data-end=\"479\">\n<p data-start=\"352\" data-end=\"479\" class=\"translation-block\">Amla: rica em vitamina C e antioxidantes, que ajudam a <strong data-start=\"107\" data-end=\"172\">fortalecer o cabelo,<\/strong> reduzir a quebra e promover um couro cabeludo saud\u00e1vel<\/p>\n<\/li>\n<li data-section-id=\"uy58sz\" data-start=\"350\" data-end=\"479\">\n<p data-start=\"352\" data-end=\"479\" class=\"translation-block\">Extrato de Gr\u00e3o de Aveia: cont\u00e9m compostos suavizantes e prote\u00ednas que acalmam a irrita\u00e7\u00e3o,<strong data-start=\"267\" data-end=\"353\"> hidratam o couro cabeludo<\/strong> e melhoram a suavidade e a maleabilidade do cabelo<\/p>\n<\/li>\n<\/ul>\n<p>&nbsp;<\/p>\n<p class=\"translation-block\"><strong>Vegan e cruelty free<\/strong><br>\n<strong>100% biodegrad\u00e1vel<\/strong><br>\n<strong>Sem fragr\u00e2ncias ou corantes sint\u00e9ticos<\/strong><br>\n<strong>Sem sulfatos, parabenos ou conservantes t\u00f3xicos<\/strong><\/p>\n<p>&nbsp;<\/p>\n<h3><strong>COMO USAR<\/strong><\/h3>\n<p>Usar um shampoo s\u00f3lido \u00e9 simples \u2013 tal como usar uma barra de sabonete:<\/p>\n<p>1. Molhe bem a barra de shampoo e o seu cabelo.<br \/>\n2. Crie espuma esfregando a barra entre as m\u00e3os ou aplicando-a suavemente diretamente no cabelo e no couro cabeludo.<br \/>\n3. Deixe secar adequadamente ap\u00f3s a utiliza\u00e7\u00e3o. Evite deixar o shampoo numa superf\u00edcie plana onde n\u00e3o consiga secar. O ideal \u00e9 mant\u00ea-lo sobre uma esponja, assim durar\u00e1 mais tempo.<\/p>\n<p class=\"translation-block\">Para melhores resultados, termine a sua rotina com o nosso condicionador s\u00f3lido de <a href=\"https:\/\/masalacrua.pt\/pt\/produto\/conditioner-spirulina-lemon\/\" target=\"_blank\" rel=\"noopener\">lim\u00e3o<\/a> ou <a href=\"https:\/\/masalacrua.pt\/pt\/produto\/conditioner-palmarosa\/\" target=\"_blank\" rel=\"noopener\">palmarosa.<\/a><\/p>\n<p class=\"translation-block\">Para um cabelo mais brilhante e hidratado, aplique o nosso <a href=\"https:\/\/masalacrua.pt\/pt\/produto\/hair-serum-for-dry-hair\/\" target=\"_blank\" rel=\"noopener\">s\u00e9rum capilar<\/a> diariamente.<\/p>\n<p>&nbsp;<\/p>\n<h3><strong>PORQUE \u00c9 QUE O SHAMPOO S\u00d3LIDO \u00c9 MAIS SUSTENT\u00c1VEL<\/strong><\/h3>\n<p>O shampoo s\u00f3lido \u00e9 uma alternativa mais amiga do ambiente em compara\u00e7\u00e3o com os shampoos l\u00edquidos tradicionais.<\/p>\n<p class=\"translation-block\">Como se apresenta num formato s\u00f3lido, evita a necessidade de garrafas de pl\u00e1stico e \u00e9 mais f\u00e1cil de transportar em viagens \u2014 especialmente quando acompanhado pela nossa <a href=\"https:\/\/masalacrua.pt\/pt\/produto\/travel-cork-box\/\" target=\"_blank\" rel=\"noopener\">caixa de viagem em corti\u00e7a<\/a>.<\/p>\n<p>Durante a produ\u00e7\u00e3o, o shampoo s\u00f3lido requer significativamente menos \u00e1gua, tornando-o um produto altamente concentrado. Em compara\u00e7\u00e3o, a maioria dos shampoos l\u00edquidos cont\u00e9m cerca de 80% de \u00e1gua na sua formula\u00e7\u00e3o.<\/p>\n<p class=\"translation-block\">Gra\u00e7as a esta f\u00f3rmula concentrada, s\u00f3 precisa de usar uma pequena quantidade de cada vez que lava o cabelo, o que significa que o shampoo dura muito mais tempo. Uma barra dura normalmente entre <strong>3 e 6 meses<\/strong>, dependendo do comprimento do seu cabelo e da frequ\u00eancia com que \u00e9 utilizado.<\/p>\n<p class=\"translation-block\"><strong>Sem embalagens de pl\u00e1stico<\/strong><br data-start=\"900\" data-end=\"903\"><strong data-start=\"905\" data-end=\"935\">Produ\u00e7\u00e3o eficiente de \u00e1gua<\/strong><br data-start=\"935\" data-end=\"938\"><strong data-start=\"940\" data-end=\"971\">F\u00f3rmula altamente concentrada<\/strong><br data-start=\"971\" data-end=\"974\"><strong data-start=\"976\" data-end=\"1012\">Duradouro e ideal para viajar<\/strong><\/p>\n<p data-start=\"1014\" data-end=\"1081\">Uma mudan\u00e7a simples que ajuda a reduzir o desperd\u00edcio enquanto cuida do seu cabelo.<\/p>","protected":false},"excerpt":{"rendered":"<p>Shampoo s\u00f3lido de pH baixo para cabelos espessos com tend\u00eancia a ficarem secos. Com uma f\u00f3rmula de espuma extra, foi concebido especialmente para facilitar a transi\u00e7\u00e3o para o shampoo natural ou para uma limpeza profunda.<\/p>\n<p>Com ger\u00e2nio e cal\u00eandula. Aroma floral.<\/p>","protected":false},"featured_media":2226,"comment_status":"open","ping_status":"closed","template":"","meta":{"_acf_changed":false,"_et_pb_use_builder":"off","_et_pb_old_content":"<h6><strong>SOLID SHAMPOO\u00a0<\/strong><strong>WITH EXTRA FOAM\u00a0<\/strong><strong>FOR DRY HAIR<\/strong><\/h6>\r\n<h6>WITH CALENDULA AND GERANIUM<\/h6>\r\nThis formula is made with extra foam, for those starting to\u00a0use natural products or for a deep cleansing, specially when applying other non natural products in the hair. The high concentration of carrier oils in this shampoo helps to keep the hair soft and moisturised while cleaning it deeply.\u00a0For a more sensitive formula try our <a href=\"http:\/\/masalacrua.pt\/product\/shampoo-ayurvedic-dry-hair\/\">ayurvedic shampoo for dry hair.<\/a>\r\n<h6><strong>WHAT IS A LOW PH SHAMPOO<\/strong><\/h6>\r\nContrary to a cold process soap (with a pH around 9) which is sometimes used as a shampoo, our solid shampoo has a pH between 5 to 6, closer to our skin and hair pH (4 to 5.5).\r\nIt has the ability to clean the hair keeping the pH at an optimal level. It creates less negative static electricity on the fiber surface, resulting on a more healthy hair with less frizz.\r\n\r\nIn order to promote the cleaning properties of the shampoo we use plant-based surfactants (they aren't directly taken from nature like the surfactants created in the soap but they aren't synthetic like the sulfates found in conventional products). The plant-based surfactants that we include in all our formulas are\u00a0coming from the coconut oil (SCI, SCS and SLSA). They are all biodegradable, without parabens, other preservatives or harmful sulfates and are certified for natural cosmetic, allowing the formulations of mild products, with some amount of foam but not aggressive for our skin and hair.\r\n<h6><strong>WHY IS SOLID SHAMPOO MORE SUSTAINABLE<\/strong><\/h6>\r\nThe solid shampoo avoids the use of plastic containers and is more travel friendly, specially using our <a href=\"http:\/\/masalacrua.pt\/product\/travel-cork-box\/\">cork travel box<\/a>.\r\nIt uses less water in their production, making it\u00a0highly concentrated and equivalent to multiple bottled liquid shampoos,\u00a0that normally includes around 80% water in their formula.\r\nIt also means that you only need to use a small amount every time you wash your hair, so your solid shampoo will last longer.\u00a0Is normally enough for 3 to 5 months, depending on how many times is used.\r\n<h6><strong>HOW TO USE<\/strong><\/h6>\r\nThe shampoo can be used the same way you would use a soap:\r\n<ol>\r\n \t<li>Wet the shampoo bar<\/li>\r\n \t<li>Rub it on the hands to make some foam or directly on the hair.<\/li>\r\n \t<li>After using the shampoo always leave it hanged to dry or on top of a sponge. This step is very important to guarantee the right preservation of the shampoo, if it stays with water it might go bad after a few weeks.<\/li>\r\n<\/ol>\r\n<span style=\"text-decoration: underline\">Suggestion for conditioning the hair after shampooing:<\/span> Rinse with apple cider vinegar diluted in water (1:5) to restore the hair pH.\u00a0Let it work for a few minutes and wash off with water.\r\n\r\nFinish off with the <a href=\"http:\/\/masalacrua.pt\/product\/hair-serum-for-dry-hair\/\">hair serum<\/a> for dry hair, applying it on the ends every day.\r\n<h6><strong>INGREDIENTS<\/strong><\/h6>\r\nSCI (sodium cocoyl isethionate), SCS (sodium coco sulfate), calendula water infusion, coconut oil, SLSA (sodium lauryl sulfoacetate), shea butter, yellow mineral pigment, cosgard,\u00a0vitamin E, essential oils: ylang ylang,\u00a0geranium and bergamot.\r\n\r\n<strong>Calendula<\/strong>\u00a0is commonly known for its\u00a0regenerative properties. Has high amounts of flavonoids, which are plant metabolites that provide health benefits through cell signaling pathways and antioxidant effects. Also stimulates the production of collagen promoting stronger hair and is often used to hydrate dry scalps and remove dandruff.\r\n\r\n<strong>Geranium<\/strong>\u00a0essential oil balances the scalp's pH by deep-cleansing the scalp and regulating its sebum production.\r\n\r\n<strong>Ylang ylang<\/strong> essential oil helps to reduce hair fall and promotes conditioning and shine to the hair.\r\n\r\n<strong>Shea butter<\/strong> contains vitamin A and E with essential fatty acids which add moisture and shine to the hair. Its non-greasy quality makes it a great moisturizer for the hair.\r\n\r\nVegan and cruelty free.\r\n100% biodegradable.\r\nNo synthetic fragrance or colour.\r\nNo toxic chemicals.","_et_gb_content_width":""},"product_brand":[],"product_cat":[132],"product_tag":[277],"class_list":{"0":"post-152","1":"product","2":"type-product","3":"status-publish","4":"has-post-thumbnail","6":"product_cat-hair-care","7":"product_tag-shampoo","8":"pa_ingredients-coconut-oil","9":"pa_ingredients-geranium-essential-oil","10":"pa_ingredients-ylang-ylang","12":"first","13":"instock","14":"taxable","15":"shipping-taxable","16":"purchasable","17":"product-type-variable"},"acf":[],"yoast_head":"<!-- This site is optimized with the Yoast SEO plugin v27.4 - https:\/\/yoast.com\/product\/yoast-seo-wordpress\/ -->\n<title>Solid Shampoo with Extra Foam for Dry Hair<\/title>\n<meta name=\"description\" content=\"Solid Shampoo with Extra Foam for Dry Hair is perfect for those new to natural products or for a deep cleanse. With spirulina and green clay. Lemon scent.\" \/>\n<meta name=\"robots\" content=\"index, follow, max-snippet:-1, max-image-preview:large, max-video-preview:-1\" \/>\n<link rel=\"canonical\" href=\"https:\/\/masalacrua.pt\/pt\/produto\/solid-shampoo-with-extra-foam-for-dry-hair\/\" \/>\n<meta property=\"og:locale\" content=\"pt_PT\" \/>\n<meta property=\"og:type\" content=\"article\" \/>\n<meta property=\"og:title\" content=\"Solid Shampoo with Extra Foam for Dry Hair\" \/>\n<meta property=\"og:description\" content=\"Solid Shampoo with Extra Foam for Dry Hair is perfect for those new to natural products or for a deep cleanse. With spirulina and green clay. Lemon scent.\" \/>\n<meta property=\"og:url\" content=\"https:\/\/masalacrua.pt\/pt\/produto\/solid-shampoo-with-extra-foam-for-dry-hair\/\" \/>\n<meta property=\"og:site_name\" content=\"masalaCRUA\" \/>\n<meta property=\"article:publisher\" content=\"https:\/\/www.facebook.com\/masalaCRUA\" \/>\n<meta property=\"article:modified_time\" content=\"2026-04-08T09:53:08+00:00\" \/>\n<meta property=\"og:image\" content=\"https:\/\/masalacrua.pt\/wp-content\/uploads\/2024\/10\/img_7453-2.jpeg\" \/>\n\t<meta property=\"og:image:width\" content=\"2200\" \/>\n\t<meta property=\"og:image:height\" content=\"1650\" \/>\n\t<meta property=\"og:image:type\" content=\"image\/jpeg\" \/>\n<meta name=\"twitter:card\" content=\"summary_large_image\" \/>\n<meta name=\"twitter:label1\" content=\"Tempo estimado de leitura\" \/>\n\t<meta name=\"twitter:data1\" content=\"3 minutos\" \/>\n<script type=\"application\/ld+json\" class=\"yoast-schema-graph\">{\"@context\":\"https:\\\/\\\/schema.org\",\"@graph\":[{\"@type\":\"WebPage\",\"@id\":\"https:\\\/\\\/masalacrua.pt\\\/product\\\/solid-shampoo-with-extra-foam-for-dry-hair\\\/\",\"url\":\"https:\\\/\\\/masalacrua.pt\\\/product\\\/solid-shampoo-with-extra-foam-for-dry-hair\\\/\",\"name\":\"Solid Shampoo with Extra Foam for Dry Hair\",\"isPartOf\":{\"@id\":\"https:\\\/\\\/masalacrua.pt\\\/#website\"},\"primaryImageOfPage\":{\"@id\":\"https:\\\/\\\/masalacrua.pt\\\/product\\\/solid-shampoo-with-extra-foam-for-dry-hair\\\/#primaryimage\"},\"image\":{\"@id\":\"https:\\\/\\\/masalacrua.pt\\\/product\\\/solid-shampoo-with-extra-foam-for-dry-hair\\\/#primaryimage\"},\"thumbnailUrl\":\"https:\\\/\\\/masalacrua.pt\\\/wp-content\\\/uploads\\\/2024\\\/10\\\/img_7453-2.jpeg\",\"datePublished\":\"2021-11-15T07:42:47+00:00\",\"dateModified\":\"2026-04-08T09:53:08+00:00\",\"description\":\"Solid Shampoo with Extra Foam for Dry Hair is perfect for those new to natural products or for a deep cleanse. With spirulina and green clay. Lemon scent.\",\"breadcrumb\":{\"@id\":\"https:\\\/\\\/masalacrua.pt\\\/product\\\/solid-shampoo-with-extra-foam-for-dry-hair\\\/#breadcrumb\"},\"inLanguage\":\"pt-PT\",\"potentialAction\":[{\"@type\":\"ReadAction\",\"target\":[\"https:\\\/\\\/masalacrua.pt\\\/product\\\/solid-shampoo-with-extra-foam-for-dry-hair\\\/\"]}]},{\"@type\":\"ImageObject\",\"inLanguage\":\"pt-PT\",\"@id\":\"https:\\\/\\\/masalacrua.pt\\\/product\\\/solid-shampoo-with-extra-foam-for-dry-hair\\\/#primaryimage\",\"url\":\"https:\\\/\\\/masalacrua.pt\\\/wp-content\\\/uploads\\\/2024\\\/10\\\/img_7453-2.jpeg\",\"contentUrl\":\"https:\\\/\\\/masalacrua.pt\\\/wp-content\\\/uploads\\\/2024\\\/10\\\/img_7453-2.jpeg\",\"width\":2200,\"height\":1650,\"caption\":\"Processed with VSCO with a9 preset\"},{\"@type\":\"BreadcrumbList\",\"@id\":\"https:\\\/\\\/masalacrua.pt\\\/product\\\/solid-shampoo-with-extra-foam-for-dry-hair\\\/#breadcrumb\",\"itemListElement\":[{\"@type\":\"ListItem\",\"position\":1,\"name\":\"Home\",\"item\":\"https:\\\/\\\/masalacrua.pt\\\/\"},{\"@type\":\"ListItem\",\"position\":2,\"name\":\"SHOP\",\"item\":\"https:\\\/\\\/masalacrua.pt\\\/shop\\\/\"},{\"@type\":\"ListItem\",\"position\":3,\"name\":\"shampoo dry hair | extra foam\"}]},{\"@type\":\"WebSite\",\"@id\":\"https:\\\/\\\/masalacrua.pt\\\/#website\",\"url\":\"https:\\\/\\\/masalacrua.pt\\\/\",\"name\":\"masalaCRUA\",\"description\":\"natural creations\",\"publisher\":{\"@id\":\"https:\\\/\\\/masalacrua.pt\\\/#organization\"},\"potentialAction\":[{\"@type\":\"SearchAction\",\"target\":{\"@type\":\"EntryPoint\",\"urlTemplate\":\"https:\\\/\\\/masalacrua.pt\\\/?s={search_term_string}\"},\"query-input\":{\"@type\":\"PropertyValueSpecification\",\"valueRequired\":true,\"valueName\":\"search_term_string\"}}],\"inLanguage\":\"pt-PT\"},{\"@type\":\"Organization\",\"@id\":\"https:\\\/\\\/masalacrua.pt\\\/#organization\",\"name\":\"masalaCRUA\",\"url\":\"https:\\\/\\\/masalacrua.pt\\\/\",\"logo\":{\"@type\":\"ImageObject\",\"inLanguage\":\"pt-PT\",\"@id\":\"https:\\\/\\\/masalacrua.pt\\\/#\\\/schema\\\/logo\\\/image\\\/\",\"url\":\"https:\\\/\\\/masalacrua.pt\\\/wp-content\\\/uploads\\\/2021\\\/11\\\/LOGO-finalLOGO-EXPAND-5pt-copy.png\",\"contentUrl\":\"https:\\\/\\\/masalacrua.pt\\\/wp-content\\\/uploads\\\/2021\\\/11\\\/LOGO-finalLOGO-EXPAND-5pt-copy.png\",\"width\":767,\"height\":766,\"caption\":\"masalaCRUA\"},\"image\":{\"@id\":\"https:\\\/\\\/masalacrua.pt\\\/#\\\/schema\\\/logo\\\/image\\\/\"},\"sameAs\":[\"https:\\\/\\\/www.facebook.com\\\/masalaCRUA\",\"https:\\\/\\\/www.instagram.com\\\/masala.crua\\\/\"]}]}<\/script>\n<!-- \/ Yoast SEO plugin. -->","yoast_head_json":{"title":"Solid Shampoo with Extra Foam for Dry Hair","description":"Solid Shampoo with Extra Foam for Dry Hair is perfect for those new to natural products or for a deep cleanse. With spirulina and green clay. Lemon scent.","robots":{"index":"index","follow":"follow","max-snippet":"max-snippet:-1","max-image-preview":"max-image-preview:large","max-video-preview":"max-video-preview:-1"},"canonical":"https:\/\/masalacrua.pt\/pt\/produto\/solid-shampoo-with-extra-foam-for-dry-hair\/","og_locale":"pt_PT","og_type":"article","og_title":"Solid Shampoo with Extra Foam for Dry Hair","og_description":"Solid Shampoo with Extra Foam for Dry Hair is perfect for those new to natural products or for a deep cleanse. With spirulina and green clay. Lemon scent.","og_url":"https:\/\/masalacrua.pt\/pt\/produto\/solid-shampoo-with-extra-foam-for-dry-hair\/","og_site_name":"masalaCRUA","article_publisher":"https:\/\/www.facebook.com\/masalaCRUA","article_modified_time":"2026-04-08T09:53:08+00:00","og_image":[{"width":2200,"height":1650,"url":"https:\/\/masalacrua.pt\/wp-content\/uploads\/2024\/10\/img_7453-2.jpeg","type":"image\/jpeg"}],"twitter_card":"summary_large_image","twitter_misc":{"Tempo estimado de leitura":"3 minutos"},"schema":{"@context":"https:\/\/schema.org","@graph":[{"@type":"WebPage","@id":"https:\/\/masalacrua.pt\/product\/solid-shampoo-with-extra-foam-for-dry-hair\/","url":"https:\/\/masalacrua.pt\/product\/solid-shampoo-with-extra-foam-for-dry-hair\/","name":"Solid Shampoo with Extra Foam for Dry Hair","isPartOf":{"@id":"https:\/\/masalacrua.pt\/#website"},"primaryImageOfPage":{"@id":"https:\/\/masalacrua.pt\/product\/solid-shampoo-with-extra-foam-for-dry-hair\/#primaryimage"},"image":{"@id":"https:\/\/masalacrua.pt\/product\/solid-shampoo-with-extra-foam-for-dry-hair\/#primaryimage"},"thumbnailUrl":"https:\/\/masalacrua.pt\/wp-content\/uploads\/2024\/10\/img_7453-2.jpeg","datePublished":"2021-11-15T07:42:47+00:00","dateModified":"2026-04-08T09:53:08+00:00","description":"Solid Shampoo with Extra Foam for Dry Hair is perfect for those new to natural products or for a deep cleanse. With spirulina and green clay. Lemon scent.","breadcrumb":{"@id":"https:\/\/masalacrua.pt\/product\/solid-shampoo-with-extra-foam-for-dry-hair\/#breadcrumb"},"inLanguage":"pt-PT","potentialAction":[{"@type":"ReadAction","target":["https:\/\/masalacrua.pt\/product\/solid-shampoo-with-extra-foam-for-dry-hair\/"]}]},{"@type":"ImageObject","inLanguage":"pt-PT","@id":"https:\/\/masalacrua.pt\/product\/solid-shampoo-with-extra-foam-for-dry-hair\/#primaryimage","url":"https:\/\/masalacrua.pt\/wp-content\/uploads\/2024\/10\/img_7453-2.jpeg","contentUrl":"https:\/\/masalacrua.pt\/wp-content\/uploads\/2024\/10\/img_7453-2.jpeg","width":2200,"height":1650,"caption":"Processed with VSCO with a9 preset"},{"@type":"BreadcrumbList","@id":"https:\/\/masalacrua.pt\/product\/solid-shampoo-with-extra-foam-for-dry-hair\/#breadcrumb","itemListElement":[{"@type":"ListItem","position":1,"name":"Home","item":"https:\/\/masalacrua.pt\/"},{"@type":"ListItem","position":2,"name":"SHOP","item":"https:\/\/masalacrua.pt\/shop\/"},{"@type":"ListItem","position":3,"name":"shampoo dry hair | extra foam"}]},{"@type":"WebSite","@id":"https:\/\/masalacrua.pt\/#website","url":"https:\/\/masalacrua.pt\/","name":"masalaCRUA","description":"natural creations","publisher":{"@id":"https:\/\/masalacrua.pt\/#organization"},"potentialAction":[{"@type":"SearchAction","target":{"@type":"EntryPoint","urlTemplate":"https:\/\/masalacrua.pt\/?s={search_term_string}"},"query-input":{"@type":"PropertyValueSpecification","valueRequired":true,"valueName":"search_term_string"}}],"inLanguage":"pt-PT"},{"@type":"Organization","@id":"https:\/\/masalacrua.pt\/#organization","name":"masalaCRUA","url":"https:\/\/masalacrua.pt\/","logo":{"@type":"ImageObject","inLanguage":"pt-PT","@id":"https:\/\/masalacrua.pt\/#\/schema\/logo\/image\/","url":"https:\/\/masalacrua.pt\/wp-content\/uploads\/2021\/11\/LOGO-finalLOGO-EXPAND-5pt-copy.png","contentUrl":"https:\/\/masalacrua.pt\/wp-content\/uploads\/2021\/11\/LOGO-finalLOGO-EXPAND-5pt-copy.png","width":767,"height":766,"caption":"masalaCRUA"},"image":{"@id":"https:\/\/masalacrua.pt\/#\/schema\/logo\/image\/"},"sameAs":["https:\/\/www.facebook.com\/masalaCRUA","https:\/\/www.instagram.com\/masala.crua\/"]}]}},"jetpack_sharing_enabled":true,"_links":{"self":[{"href":"https:\/\/masalacrua.pt\/pt\/wp-json\/wp\/v2\/product\/152","targetHints":{"allow":["GET"]}}],"collection":[{"href":"https:\/\/masalacrua.pt\/pt\/wp-json\/wp\/v2\/product"}],"about":[{"href":"https:\/\/masalacrua.pt\/pt\/wp-json\/wp\/v2\/types\/product"}],"replies":[{"embeddable":true,"href":"https:\/\/masalacrua.pt\/pt\/wp-json\/wp\/v2\/comments?post=152"}],"wp:featuredmedia":[{"embeddable":true,"href":"https:\/\/masalacrua.pt\/pt\/wp-json\/wp\/v2\/media\/2226"}],"wp:attachment":[{"href":"https:\/\/masalacrua.pt\/pt\/wp-json\/wp\/v2\/media?parent=152"}],"wp:term":[{"taxonomy":"product_brand","embeddable":true,"href":"https:\/\/masalacrua.pt\/pt\/wp-json\/wp\/v2\/product_brand?post=152"},{"taxonomy":"product_cat","embeddable":true,"href":"https:\/\/masalacrua.pt\/pt\/wp-json\/wp\/v2\/product_cat?post=152"},{"taxonomy":"product_tag","embeddable":true,"href":"https:\/\/masalacrua.pt\/pt\/wp-json\/wp\/v2\/product_tag?post=152"}],"curies":[{"name":"wp","href":"https:\/\/api.w.org\/{rel}","templated":true}]}}