{"id":156,"date":"2021-11-15T07:47:14","date_gmt":"2021-11-15T07:47:14","guid":{"rendered":"http:\/\/masalacrua.pt\/?post_type=product&#038;p=156"},"modified":"2026-04-08T10:54:49","modified_gmt":"2026-04-08T09:54:49","slug":"shampoo-sensitive-dry-hair","status":"publish","type":"product","link":"https:\/\/masalacrua.pt\/pt\/produto\/shampoo-sensitive-dry-hair\/","title":{"rendered":"shampoo cabelo seco | sens\u00edvel"},"content":{"rendered":"<h3><strong>SHAMPOO SENS\u00cdVEL PARA CABELO SECO<\/strong><\/h3>\n<p class=\"translation-block\">Esta f\u00f3rmula sens\u00edvel, feita com uma mistura de ervas ayurv\u00e9dicas, \u00e9 <strong>a melhor op\u00e7\u00e3o para uso di\u00e1rio,<\/strong> pois \u00e9 a f\u00f3rmula mais suave, mantendo ainda uma quantidade de espuma satisfat\u00f3ria. Este shampoo promove uma limpeza suave, sem retirar os \u00f3leos naturais do cabelo.<\/p>\n<p class=\"translation-block\">Se ainda estiver a fazer a transi\u00e7\u00e3o dos shampoos convencionais ou se precisar de uma limpeza mais profunda, experimente o nosso <a href=\"https:\/\/masalacrua.pt\/pt\/produto\/solid-shampoo-with-extra-foam-for-dry-hair\/\" target=\"_self\">shampoo de espuma extra para cabelo seco.<\/a><\/p>\n<p>&nbsp;<\/p>\n<p class=\"translation-block\">Os nossos shampoos s\u00f3lidos t\u00eam um pH entre 5 e 6, aproximando-se do pH natural do cabelo e do couro cabeludo (4\u20135.5). Ao contr\u00e1rio dos shampoos de saponifica\u00e7\u00e3o a frio (pH ~9), os nossos s\u00e3o mais suaves para o cabelo, ajudando a limpar eficazmente sem o deixar pesado ou com res\u00edduos.<\/p>\n<p class=\"translation-block\">Este pH equilibrado ajuda a limpar o cabelo enquanto mant\u00e9m a sua condi\u00e7\u00e3o natural. Tamb\u00e9m reduz a eletricidade est\u00e1tica negativa nas fibras capilares, ajudando a manter o cabelo mais liso, saud\u00e1vel e com menos frizz.<\/p>\n<p>Para uma limpeza suave mas eficaz, utilizamos tensioativos de origem vegetal derivados do \u00f3leo de coco, que limpam o cabelo mantendo-se delicados com o couro cabeludo. A nossa f\u00f3rmula inclui apenas SCI e SLSA \u2013 dois dos tensioativos mais suaves dispon\u00edveis. O resultado \u00e9 um shampoo que produz uma espuma macia e leve, respeitando tanto o teu cabelo como o teu couro cabeludo.<\/p>\n<p class=\"translation-block\">Saiba mais sobre as vantagens do shampoo de pH baixo <a href=\"https:\/\/journals.lww.com\/ijot\/fulltext\/2014\/06030\/the_shampoo_ph_can_affect_the_hair__myth_or.4.aspx?utm_source=chatgpt.com\" target=\"_blank\" rel=\"noopener\">neste artigo<\/a>.<\/p>\n<p>&nbsp;<\/p>\n<h3><strong>INGREDIENTES<\/strong><\/h3>\n<p class=\"p1\">sodium cocoyl isethionate, acacia concinna (shikakai) fruit powder*, sodium lauryl sulfoacetate, emblica officinalis (amla) powder*, sapindus mukorossi (reetha) powder*, aqua, butyrospermum parkii (karit\u00e9) butter*, cetearyl alcohol, ocimum sanctum (tulsi) powder*, citrus aurantium dulcis (laranja) peel oil, cocus nucifera (coco) oil*, tocopherol (vitamina E), cymbopogon citratus leaf (erva-pr\u00edncipe) oil, litsea cubea fruit oil, benzyl alcohol\/dehydroacetic acid**.<\/p>\n<p class=\"p1\">*de produ\u00e7\u00e3o biol\u00f3gica **conservante aprovado para cosm\u00e9tica natural<br \/>\n99% de ingredientes naturais ou de origem vegetal<\/p>\n<p data-start=\"181\" data-end=\"202\"><strong data-start=\"181\" data-end=\"200\">Ingredientes principais<\/strong><\/p>\n<ul data-start=\"204\" data-end=\"892\">\n<li data-section-id=\"1we7lh1\" data-start=\"204\" data-end=\"532\">\n<p data-start=\"206\" data-end=\"532\" class=\"translation-block\">Shikakai e reetha: ervas ayurv\u00e9dicas que cont\u00eam saponinas naturais com propriedades de limpeza. Ajudam a criar uma espuma natural e a remover suavemente a oleosidade do couro cabeludo sem retirar os seus \u00f3leos naturais. O shikakai tamb\u00e9m hidrata o cabelo e <strong data-start=\"402\" data-end=\"455\">ajuda a prevenir as pontas espigadas<\/strong>, enquanto as vitaminas do p\u00f3 de reetha aumentam o brilho e <strong data-start=\"493\" data-end=\"529\">reduzem a secura<\/strong>.<\/p>\n<\/li>\n<li data-section-id=\"pxp77w\" data-start=\"533\" data-end=\"631\">\n<p data-start=\"535\" data-end=\"631\" class=\"translation-block\">Amla: p\u00f3 ayurv\u00e9dico rico em antioxidantes e vitamina A, promove o <strong data-start=\"580\" data-end=\"628\">crescimento capilar <\/strong>ao inibir a queda de cabelo.<\/p>\n<\/li>\n<li data-section-id=\"l0p4fr\" data-start=\"632\" data-end=\"773\">\n<p data-start=\"634\" data-end=\"773\" class=\"translation-block\">Folha de Tulsi: p\u00f3 ayurv\u00e9dico que melhora a circula\u00e7\u00e3o sangu\u00ednea, reduz a comich\u00e3o e a secura, <strong data-start=\"681\" data-end=\"770\">fortalece os fol\u00edculos capilares e apoia ra\u00edzes saud\u00e1veis<\/strong>.<\/p>\n<\/li>\n<li data-section-id=\"1dvj0i4\" data-start=\"774\" data-end=\"892\">\n<p data-start=\"776\" data-end=\"892\" class=\"translation-block\">Manteiga de karit\u00e9: cont\u00e9m vitaminas A e E com \u00e1cidos gordos essenciais, <strong data-start=\"843\" data-end=\"870\">proporciona hidrata\u00e7\u00e3o e brilho<\/strong> sem deixar o cabelo oleoso.<\/p>\n<\/li>\n<\/ul>\n<p>&nbsp;<\/p>\n<p class=\"translation-block\"><strong>Vegan e cruelty free<\/strong><br>\n<strong>100% biodegrad\u00e1vel<\/strong><br>\n<strong>Sem fragr\u00e2ncias ou corantes sint\u00e9ticos<\/strong><br>\n<strong>Sem sulfatos, parabenos ou conservantes t\u00f3xicos<\/strong><\/p>\n<p>&nbsp;<\/p>\n<h3><strong>COMO USAR<\/strong><\/h3>\n<p>Usar um shampoo s\u00f3lido \u00e9 simples \u2013 tal como usar uma barra de sabonete:<\/p>\n<p>1. Molhe bem a barra de shampoo e o seu cabelo.<br \/>\n2. Crie espuma esfregando a barra entre as m\u00e3os ou aplicando-a suavemente diretamente no cabelo e no couro cabeludo.<br \/>\n3. Deixe secar adequadamente ap\u00f3s a utiliza\u00e7\u00e3o. Evite deixar o shampoo numa superf\u00edcie plana onde n\u00e3o consiga secar. O ideal \u00e9 mant\u00ea-lo sobre uma esponja, assim durar\u00e1 mais tempo.<\/p>\n<p class=\"translation-block\">Para melhores resultados, termine a sua rotina com o nosso condicionador s\u00f3lido de <a href=\"https:\/\/masalacrua.pt\/pt\/produto\/conditioner-spirulina-lemon\/\" target=\"_blank\" rel=\"noopener\">lim\u00e3o<\/a> ou <a href=\"https:\/\/masalacrua.pt\/pt\/produto\/conditioner-palmarosa\/\" target=\"_blank\" rel=\"noopener\">palmarosa.<\/a><\/p>\n<p class=\"translation-block\">Para um cabelo mais brilhante e hidratado, aplique o nosso <a href=\"https:\/\/masalacrua.pt\/pt\/produto\/hair-serum-for-dry-hair\/\" target=\"_blank\" rel=\"noopener\">s\u00e9rum capilar<\/a> diariamente.<\/p>\n<p>&nbsp;<\/p>\n<h3><strong>PORQUE \u00c9 QUE O SHAMPOO S\u00d3LIDO \u00c9 MAIS SUSTENT\u00c1VEL<\/strong><\/h3>\n<p>O shampoo s\u00f3lido \u00e9 uma alternativa mais amiga do ambiente em compara\u00e7\u00e3o com os shampoos l\u00edquidos tradicionais.<\/p>\n<p class=\"translation-block\">Como se apresenta num formato s\u00f3lido, evita a necessidade de garrafas de pl\u00e1stico e \u00e9 mais f\u00e1cil de transportar em viagens \u2014 especialmente quando acompanhado pela nossa <a href=\"https:\/\/masalacrua.pt\/pt\/produto\/travel-cork-box\/\" target=\"_blank\" rel=\"noopener\">caixa de viagem em corti\u00e7a<\/a>.<\/p>\n<p>Durante a produ\u00e7\u00e3o, o shampoo s\u00f3lido requer significativamente menos \u00e1gua, tornando-o um produto altamente concentrado. Em compara\u00e7\u00e3o, a maioria dos shampoos l\u00edquidos cont\u00e9m cerca de 80% de \u00e1gua na sua formula\u00e7\u00e3o.<\/p>\n<p class=\"translation-block\">Gra\u00e7as a esta f\u00f3rmula concentrada, s\u00f3 precisa de usar uma pequena quantidade de cada vez que lava o cabelo, o que significa que o shampoo dura muito mais tempo. Uma barra dura normalmente entre <strong>3 e 6 meses<\/strong>, dependendo do comprimento do seu cabelo e da frequ\u00eancia com que \u00e9 utilizado.<\/p>\n<p class=\"translation-block\"><strong>Sem embalagens de pl\u00e1stico<\/strong><br data-start=\"900\" data-end=\"903\"><strong data-start=\"905\" data-end=\"935\">Produ\u00e7\u00e3o eficiente de \u00e1gua<\/strong><br data-start=\"935\" data-end=\"938\"><strong data-start=\"940\" data-end=\"971\">F\u00f3rmula altamente concentrada<\/strong><br data-start=\"971\" data-end=\"974\"><strong data-start=\"976\" data-end=\"1012\">Duradouro e ideal para viajar<\/strong><\/p>\n<p data-start=\"1014\" data-end=\"1081\">Uma mudan\u00e7a simples que ajuda a reduzir o desperd\u00edcio enquanto cuida do seu cabelo.<\/p>","protected":false},"excerpt":{"rendered":"<p>Shampoo s\u00f3lido de pH baixo para cabelos espessos com tend\u00eancia a ficarem secos. Esta f\u00f3rmula sens\u00edvel feita com uma mistura de ervas ayurv\u00e9dicas \u00e9 a melhor op\u00e7\u00e3o para o uso di\u00e1rio.<\/p>\n<p>Com shikakai e tulsi. Aroma de laranja.<\/p>","protected":false},"featured_media":1972,"comment_status":"open","ping_status":"closed","template":"","meta":{"_acf_changed":false,"_et_pb_use_builder":"","_et_pb_old_content":"","_et_gb_content_width":""},"product_brand":[],"product_cat":[132],"product_tag":[277],"class_list":{"0":"post-156","1":"product","2":"type-product","3":"status-publish","4":"has-post-thumbnail","6":"product_cat-hair-care","7":"product_tag-shampoo","8":"pa_ingredients-amla","9":"pa_ingredients-orange","10":"pa_ingredients-reetha","11":"pa_ingredients-shea-butter","12":"pa_ingredients-shikakai","13":"pa_ingredients-tulsi","14":"pa_ingredients-vitamin-e","16":"first","17":"instock","18":"taxable","19":"shipping-taxable","20":"purchasable","21":"product-type-variable","22":"has-default-attributes"},"acf":[],"yoast_head":"<!-- This site is optimized with the Yoast SEO plugin v27.4 - https:\/\/yoast.com\/product\/yoast-seo-wordpress\/ -->\n<title>Sensitive Solid Shampoo for Dry Hair<\/title>\n<meta name=\"description\" content=\"Sensitive Solid Shampoo for Dry Hair specially formulated for thick hair with a tendency to become dry. With shikakai and tulsi. Orange scent.\" \/>\n<meta name=\"robots\" content=\"index, follow, max-snippet:-1, max-image-preview:large, max-video-preview:-1\" \/>\n<link rel=\"canonical\" href=\"https:\/\/masalacrua.pt\/pt\/produto\/shampoo-sensitive-dry-hair\/\" \/>\n<meta property=\"og:locale\" content=\"pt_PT\" \/>\n<meta property=\"og:type\" content=\"article\" \/>\n<meta property=\"og:title\" content=\"Sensitive Solid Shampoo for Dry Hair\" \/>\n<meta property=\"og:description\" content=\"Sensitive Solid Shampoo for Dry Hair specially formulated for thick hair with a tendency to become dry. With shikakai and tulsi. Orange scent.\" \/>\n<meta property=\"og:url\" content=\"https:\/\/masalacrua.pt\/pt\/produto\/shampoo-sensitive-dry-hair\/\" \/>\n<meta property=\"og:site_name\" content=\"masalaCRUA\" \/>\n<meta property=\"article:publisher\" content=\"https:\/\/www.facebook.com\/masalaCRUA\" \/>\n<meta property=\"article:modified_time\" content=\"2026-04-08T09:54:49+00:00\" \/>\n<meta property=\"og:image\" content=\"https:\/\/masalacrua.pt\/wp-content\/uploads\/2024\/07\/masalacrua_shampoo_17.jpg\" \/>\n\t<meta property=\"og:image:width\" content=\"2200\" \/>\n\t<meta property=\"og:image:height\" content=\"1650\" \/>\n\t<meta property=\"og:image:type\" content=\"image\/jpeg\" \/>\n<meta name=\"twitter:card\" content=\"summary_large_image\" \/>\n<meta name=\"twitter:label1\" content=\"Tempo estimado de leitura\" \/>\n\t<meta name=\"twitter:data1\" content=\"4 minutos\" \/>\n<script type=\"application\/ld+json\" class=\"yoast-schema-graph\">{\"@context\":\"https:\\\/\\\/schema.org\",\"@graph\":[{\"@type\":\"WebPage\",\"@id\":\"https:\\\/\\\/masalacrua.pt\\\/product\\\/shampoo-sensitive-dry-hair\\\/\",\"url\":\"https:\\\/\\\/masalacrua.pt\\\/product\\\/shampoo-sensitive-dry-hair\\\/\",\"name\":\"Sensitive Solid Shampoo for Dry Hair\",\"isPartOf\":{\"@id\":\"https:\\\/\\\/masalacrua.pt\\\/#website\"},\"primaryImageOfPage\":{\"@id\":\"https:\\\/\\\/masalacrua.pt\\\/product\\\/shampoo-sensitive-dry-hair\\\/#primaryimage\"},\"image\":{\"@id\":\"https:\\\/\\\/masalacrua.pt\\\/product\\\/shampoo-sensitive-dry-hair\\\/#primaryimage\"},\"thumbnailUrl\":\"https:\\\/\\\/masalacrua.pt\\\/wp-content\\\/uploads\\\/2024\\\/07\\\/masalacrua_shampoo_17.jpg\",\"datePublished\":\"2021-11-15T07:47:14+00:00\",\"dateModified\":\"2026-04-08T09:54:49+00:00\",\"description\":\"Sensitive Solid Shampoo for Dry Hair specially formulated for thick hair with a tendency to become dry. With shikakai and tulsi. Orange scent.\",\"breadcrumb\":{\"@id\":\"https:\\\/\\\/masalacrua.pt\\\/product\\\/shampoo-sensitive-dry-hair\\\/#breadcrumb\"},\"inLanguage\":\"pt-PT\",\"potentialAction\":[{\"@type\":\"ReadAction\",\"target\":[\"https:\\\/\\\/masalacrua.pt\\\/product\\\/shampoo-sensitive-dry-hair\\\/\"]}]},{\"@type\":\"ImageObject\",\"inLanguage\":\"pt-PT\",\"@id\":\"https:\\\/\\\/masalacrua.pt\\\/product\\\/shampoo-sensitive-dry-hair\\\/#primaryimage\",\"url\":\"https:\\\/\\\/masalacrua.pt\\\/wp-content\\\/uploads\\\/2024\\\/07\\\/masalacrua_shampoo_17.jpg\",\"contentUrl\":\"https:\\\/\\\/masalacrua.pt\\\/wp-content\\\/uploads\\\/2024\\\/07\\\/masalacrua_shampoo_17.jpg\",\"width\":2200,\"height\":1650},{\"@type\":\"BreadcrumbList\",\"@id\":\"https:\\\/\\\/masalacrua.pt\\\/product\\\/shampoo-sensitive-dry-hair\\\/#breadcrumb\",\"itemListElement\":[{\"@type\":\"ListItem\",\"position\":1,\"name\":\"Home\",\"item\":\"https:\\\/\\\/masalacrua.pt\\\/\"},{\"@type\":\"ListItem\",\"position\":2,\"name\":\"SHOP\",\"item\":\"https:\\\/\\\/masalacrua.pt\\\/shop\\\/\"},{\"@type\":\"ListItem\",\"position\":3,\"name\":\"shampoo dry hair | sensitive\"}]},{\"@type\":\"WebSite\",\"@id\":\"https:\\\/\\\/masalacrua.pt\\\/#website\",\"url\":\"https:\\\/\\\/masalacrua.pt\\\/\",\"name\":\"masalaCRUA\",\"description\":\"natural creations\",\"publisher\":{\"@id\":\"https:\\\/\\\/masalacrua.pt\\\/#organization\"},\"potentialAction\":[{\"@type\":\"SearchAction\",\"target\":{\"@type\":\"EntryPoint\",\"urlTemplate\":\"https:\\\/\\\/masalacrua.pt\\\/?s={search_term_string}\"},\"query-input\":{\"@type\":\"PropertyValueSpecification\",\"valueRequired\":true,\"valueName\":\"search_term_string\"}}],\"inLanguage\":\"pt-PT\"},{\"@type\":\"Organization\",\"@id\":\"https:\\\/\\\/masalacrua.pt\\\/#organization\",\"name\":\"masalaCRUA\",\"url\":\"https:\\\/\\\/masalacrua.pt\\\/\",\"logo\":{\"@type\":\"ImageObject\",\"inLanguage\":\"pt-PT\",\"@id\":\"https:\\\/\\\/masalacrua.pt\\\/#\\\/schema\\\/logo\\\/image\\\/\",\"url\":\"https:\\\/\\\/masalacrua.pt\\\/wp-content\\\/uploads\\\/2021\\\/11\\\/LOGO-finalLOGO-EXPAND-5pt-copy.png\",\"contentUrl\":\"https:\\\/\\\/masalacrua.pt\\\/wp-content\\\/uploads\\\/2021\\\/11\\\/LOGO-finalLOGO-EXPAND-5pt-copy.png\",\"width\":767,\"height\":766,\"caption\":\"masalaCRUA\"},\"image\":{\"@id\":\"https:\\\/\\\/masalacrua.pt\\\/#\\\/schema\\\/logo\\\/image\\\/\"},\"sameAs\":[\"https:\\\/\\\/www.facebook.com\\\/masalaCRUA\",\"https:\\\/\\\/www.instagram.com\\\/masala.crua\\\/\"]}]}<\/script>\n<!-- \/ Yoast SEO plugin. -->","yoast_head_json":{"title":"Sensitive Solid Shampoo for Dry Hair","description":"Sensitive Solid Shampoo for Dry Hair specially formulated for thick hair with a tendency to become dry. With shikakai and tulsi. Orange scent.","robots":{"index":"index","follow":"follow","max-snippet":"max-snippet:-1","max-image-preview":"max-image-preview:large","max-video-preview":"max-video-preview:-1"},"canonical":"https:\/\/masalacrua.pt\/pt\/produto\/shampoo-sensitive-dry-hair\/","og_locale":"pt_PT","og_type":"article","og_title":"Sensitive Solid Shampoo for Dry Hair","og_description":"Sensitive Solid Shampoo for Dry Hair specially formulated for thick hair with a tendency to become dry. With shikakai and tulsi. Orange scent.","og_url":"https:\/\/masalacrua.pt\/pt\/produto\/shampoo-sensitive-dry-hair\/","og_site_name":"masalaCRUA","article_publisher":"https:\/\/www.facebook.com\/masalaCRUA","article_modified_time":"2026-04-08T09:54:49+00:00","og_image":[{"width":2200,"height":1650,"url":"https:\/\/masalacrua.pt\/wp-content\/uploads\/2024\/07\/masalacrua_shampoo_17.jpg","type":"image\/jpeg"}],"twitter_card":"summary_large_image","twitter_misc":{"Tempo estimado de leitura":"4 minutos"},"schema":{"@context":"https:\/\/schema.org","@graph":[{"@type":"WebPage","@id":"https:\/\/masalacrua.pt\/product\/shampoo-sensitive-dry-hair\/","url":"https:\/\/masalacrua.pt\/product\/shampoo-sensitive-dry-hair\/","name":"Sensitive Solid Shampoo for Dry Hair","isPartOf":{"@id":"https:\/\/masalacrua.pt\/#website"},"primaryImageOfPage":{"@id":"https:\/\/masalacrua.pt\/product\/shampoo-sensitive-dry-hair\/#primaryimage"},"image":{"@id":"https:\/\/masalacrua.pt\/product\/shampoo-sensitive-dry-hair\/#primaryimage"},"thumbnailUrl":"https:\/\/masalacrua.pt\/wp-content\/uploads\/2024\/07\/masalacrua_shampoo_17.jpg","datePublished":"2021-11-15T07:47:14+00:00","dateModified":"2026-04-08T09:54:49+00:00","description":"Sensitive Solid Shampoo for Dry Hair specially formulated for thick hair with a tendency to become dry. With shikakai and tulsi. Orange scent.","breadcrumb":{"@id":"https:\/\/masalacrua.pt\/product\/shampoo-sensitive-dry-hair\/#breadcrumb"},"inLanguage":"pt-PT","potentialAction":[{"@type":"ReadAction","target":["https:\/\/masalacrua.pt\/product\/shampoo-sensitive-dry-hair\/"]}]},{"@type":"ImageObject","inLanguage":"pt-PT","@id":"https:\/\/masalacrua.pt\/product\/shampoo-sensitive-dry-hair\/#primaryimage","url":"https:\/\/masalacrua.pt\/wp-content\/uploads\/2024\/07\/masalacrua_shampoo_17.jpg","contentUrl":"https:\/\/masalacrua.pt\/wp-content\/uploads\/2024\/07\/masalacrua_shampoo_17.jpg","width":2200,"height":1650},{"@type":"BreadcrumbList","@id":"https:\/\/masalacrua.pt\/product\/shampoo-sensitive-dry-hair\/#breadcrumb","itemListElement":[{"@type":"ListItem","position":1,"name":"Home","item":"https:\/\/masalacrua.pt\/"},{"@type":"ListItem","position":2,"name":"SHOP","item":"https:\/\/masalacrua.pt\/shop\/"},{"@type":"ListItem","position":3,"name":"shampoo dry hair | sensitive"}]},{"@type":"WebSite","@id":"https:\/\/masalacrua.pt\/#website","url":"https:\/\/masalacrua.pt\/","name":"masalaCRUA","description":"natural creations","publisher":{"@id":"https:\/\/masalacrua.pt\/#organization"},"potentialAction":[{"@type":"SearchAction","target":{"@type":"EntryPoint","urlTemplate":"https:\/\/masalacrua.pt\/?s={search_term_string}"},"query-input":{"@type":"PropertyValueSpecification","valueRequired":true,"valueName":"search_term_string"}}],"inLanguage":"pt-PT"},{"@type":"Organization","@id":"https:\/\/masalacrua.pt\/#organization","name":"masalaCRUA","url":"https:\/\/masalacrua.pt\/","logo":{"@type":"ImageObject","inLanguage":"pt-PT","@id":"https:\/\/masalacrua.pt\/#\/schema\/logo\/image\/","url":"https:\/\/masalacrua.pt\/wp-content\/uploads\/2021\/11\/LOGO-finalLOGO-EXPAND-5pt-copy.png","contentUrl":"https:\/\/masalacrua.pt\/wp-content\/uploads\/2021\/11\/LOGO-finalLOGO-EXPAND-5pt-copy.png","width":767,"height":766,"caption":"masalaCRUA"},"image":{"@id":"https:\/\/masalacrua.pt\/#\/schema\/logo\/image\/"},"sameAs":["https:\/\/www.facebook.com\/masalaCRUA","https:\/\/www.instagram.com\/masala.crua\/"]}]}},"jetpack_sharing_enabled":true,"_links":{"self":[{"href":"https:\/\/masalacrua.pt\/pt\/wp-json\/wp\/v2\/product\/156","targetHints":{"allow":["GET"]}}],"collection":[{"href":"https:\/\/masalacrua.pt\/pt\/wp-json\/wp\/v2\/product"}],"about":[{"href":"https:\/\/masalacrua.pt\/pt\/wp-json\/wp\/v2\/types\/product"}],"replies":[{"embeddable":true,"href":"https:\/\/masalacrua.pt\/pt\/wp-json\/wp\/v2\/comments?post=156"}],"wp:featuredmedia":[{"embeddable":true,"href":"https:\/\/masalacrua.pt\/pt\/wp-json\/wp\/v2\/media\/1972"}],"wp:attachment":[{"href":"https:\/\/masalacrua.pt\/pt\/wp-json\/wp\/v2\/media?parent=156"}],"wp:term":[{"taxonomy":"product_brand","embeddable":true,"href":"https:\/\/masalacrua.pt\/pt\/wp-json\/wp\/v2\/product_brand?post=156"},{"taxonomy":"product_cat","embeddable":true,"href":"https:\/\/masalacrua.pt\/pt\/wp-json\/wp\/v2\/product_cat?post=156"},{"taxonomy":"product_tag","embeddable":true,"href":"https:\/\/masalacrua.pt\/pt\/wp-json\/wp\/v2\/product_tag?post=156"}],"curies":[{"name":"wp","href":"https:\/\/api.w.org\/{rel}","templated":true}]}}