{"id":161,"date":"2021-11-15T07:57:19","date_gmt":"2021-11-15T07:57:19","guid":{"rendered":"http:\/\/masalacrua.pt\/?post_type=product&#038;p=161"},"modified":"2026-04-07T13:41:17","modified_gmt":"2026-04-07T12:41:17","slug":"shampoo-mix-hair-charcoal","status":"publish","type":"product","link":"https:\/\/masalacrua.pt\/pt\/produto\/shampoo-mix-hair-charcoal\/","title":{"rendered":"shampoo cabelo misto | carv\u00e3o"},"content":{"rendered":"<h3><strong>SHAMPOO S\u00d3LIDO PARA CABELO MISTO<\/strong><\/h3>\n<p>Ideal para cabelo normal, que n\u00e3o \u00e9 nem muito grosso nem muito fino e n\u00e3o tende nem para a secura nem para a oleosidade. Esta f\u00f3rmula combina as qualidades das nossas gamas Sensitive e Extra Foam para criar um champ\u00f4 equilibrado. Cuida suavemente do cabelo enquanto produz uma espuma rica e satisfat\u00f3ria, deixando-o limpo, macio e refrescado.<\/p>\n<p class=\"translation-block\">Para um aroma diferente, experimente o nosso <a href=\"https:\/\/masalacrua.pt\/pt\/produto\/shampoo-mix-hair-red-clay\/\" target=\"_blank\" rel=\"noopener\">shampoo de argila vermelha<\/a>.<\/p>\n<p>&nbsp;<\/p>\n<p class=\"translation-block\">Os nossos shampoos s\u00f3lidos t\u00eam um pH entre 5 e 6, aproximando-se do pH natural do cabelo e do couro cabeludo (4\u20135.5). Ao contr\u00e1rio dos shampoos de saponifica\u00e7\u00e3o a frio (pH ~9), os nossos s\u00e3o mais suaves para o cabelo, ajudando a limpar eficazmente sem o deixar pesado ou com res\u00edduos.<\/p>\n<p class=\"translation-block\">Este pH equilibrado ajuda a limpar o cabelo enquanto mant\u00e9m a sua condi\u00e7\u00e3o natural. Tamb\u00e9m reduz a eletricidade est\u00e1tica negativa nas fibras capilares, ajudando a manter o cabelo mais liso, saud\u00e1vel e com menos frizz.<\/p>\n<p>Para uma limpeza suave mas eficaz, utilizamos tensioativos de origem vegetal derivados do \u00f3leo de coco, que limpam o cabelo mantendo-se delicados com o couro cabeludo. A nossa f\u00f3rmula inclui apenas SCI e SLSA \u2013 dois dos tensioativos mais suaves dispon\u00edveis. O resultado \u00e9 um shampoo que produz uma espuma macia e leve, respeitando tanto o teu cabelo como o teu couro cabeludo.<\/p>\n<p class=\"translation-block\">Saiba mais sobre as vantagens do shampoo de pH baixo <a href=\"https:\/\/journals.lww.com\/ijot\/fulltext\/2014\/06030\/the_shampoo_ph_can_affect_the_hair__myth_or.4.aspx?utm_source=chatgpt.com\" target=\"_blank\" rel=\"noopener\">neste artigo<\/a>.<\/p>\n<p>&nbsp;<\/p>\n<h3><strong>INGREDIENTES<\/strong><\/h3>\n<p>sodium cocoyl isethionate, sapindus mukorossi (reetha) em p\u00f3*, sodium lauryl sulfoacetate, aqua, \u00f3leo de mentha piperita (hortel\u00e3-pimenta), \u00f3leo de prunus amygdalus dulcis (am\u00eandoas doces), cetearyl alcohol, \u00f3leo de semente de simmondsia chinensis (jojoba)*, coconut carbo activatus (carv\u00e3o ativado), tocopherol (vitamina E), benzyl alcohol\/dehydroacetic acid**<\/p>\n<p>*de produ\u00e7\u00e3o biol\u00f3gica **conservante aprovado para cosm\u00e9tica natural<br \/>\n99% de ingredientes naturais ou de origem vegetal<\/p>\n<p data-start=\"237\" data-end=\"258\"><strong data-start=\"237\" data-end=\"256\">Ingredientes principais<\/strong><\/p>\n<ul>\n<li data-section-id=\"1a3qrjk\" data-start=\"260\" data-end=\"499\">\n<p data-start=\"262\" data-end=\"499\" class=\"translation-block\">Carv\u00e3o ativado: atua como um \u00edman, <strong data-start=\"302\" data-end=\"357\">removendo impurezas <\/strong>como sujidade, polui\u00e7\u00e3o e toxinas, absorvendo o excesso de sebo e ajudando o couro cabeludo e as ra\u00edzes a respirar e a manterem-se equilibrados, evitando que o cabelo pare\u00e7a oleoso ou pesado.<\/p>\n<\/li>\n<li data-section-id=\"1xtkjkj\" data-start=\"500\" data-end=\"661\">\n<p data-start=\"502\" data-end=\"661\" class=\"translation-block\">Reetha (noz de sapon\u00e1ria): cont\u00e9m saponinas naturais que <strong data-start=\"551\" data-end=\"627\">criam uma espuma suave<\/strong>, removem o excesso de oleosidade, aumentam o brilho e reduzem a secura sem remover os \u00f3leos naturais.<\/p>\n<\/li>\n<li data-section-id=\"1vp0hyr\" data-start=\"662\" data-end=\"824\">\n<p data-start=\"664\" data-end=\"824\" class=\"translation-block\">\u00d3leo de am\u00eandoas: com propriedades emolientes, <strong data-start=\"706\" data-end=\"779\">suaviza o cabelo<\/strong>, preenche falhas a n\u00edvel celular e <strong data-start=\"706\" data-end=\"779\">fortalece o cabelo<\/strong> gra\u00e7as ao seu conte\u00fado de vitamina B7 (biotina).<\/p>\n<\/li>\n<li data-section-id=\"1vp0hyr\" data-start=\"662\" data-end=\"824\">\n<p data-start=\"664\" data-end=\"824\" class=\"translation-block\">\u00d3leo essencial de hortel\u00e3-pimenta: <strong data-start=\"853\" data-end=\"978\">estimula o couro cabeludo e os fol\u00edculos capilares<\/strong>, promove o crescimento do cabelo, ajuda a prevenir a queda e deixa uma sensa\u00e7\u00e3o refrescante.<\/p>\n<\/li>\n<\/ul>\n<p>&nbsp;<\/p>\n<p class=\"translation-block\"><strong>Vegan e cruelty free<\/strong><br>\n<strong>100% biodegrad\u00e1vel<\/strong><br>\n<strong>Sem fragr\u00e2ncias ou corantes sint\u00e9ticos<\/strong><br>\n<strong>Sem sulfatos, parabenos ou conservantes t\u00f3xicos<\/strong><\/p>\n<p>&nbsp;<\/p>\n<h3><strong>COMO USAR<\/strong><\/h3>\n<p>Usar um shampoo s\u00f3lido \u00e9 simples \u2013 tal como usar uma barra de sabonete:<\/p>\n<p>1. Molhe bem a barra de shampoo e o seu cabelo.<br \/>\n2. Crie espuma esfregando a barra entre as m\u00e3os ou aplicando-a suavemente diretamente no cabelo e no couro cabeludo.<br \/>\n3. Deixe secar adequadamente ap\u00f3s a utiliza\u00e7\u00e3o. Evite deixar o shampoo numa superf\u00edcie plana onde n\u00e3o consiga secar. O ideal \u00e9 mant\u00ea-lo sobre uma esponja, assim durar\u00e1 mais tempo.<\/p>\n<p class=\"translation-block\">Para melhores resultados, termine a sua rotina com o nosso condicionador s\u00f3lido de <a href=\"https:\/\/masalacrua.pt\/pt\/produto\/conditioner-spirulina-lemon\/\" target=\"_blank\" rel=\"noopener\">lim\u00e3o<\/a> ou <a href=\"https:\/\/masalacrua.pt\/pt\/produto\/conditioner-palmarosa\/\" target=\"_blank\" rel=\"noopener\">palmarosa.<\/a><\/p>\n<p class=\"translation-block\">Para um cabelo mais brilhante e hidratado, aplique o nosso <a href=\"https:\/\/masalacrua.pt\/pt\/produto\/hair-serum-for-dry-hair\/\" target=\"_blank\" rel=\"noopener\">s\u00e9rum capilar<\/a> diariamente.<\/p>\n<p>&nbsp;<\/p>\n<h3><strong>PORQUE \u00c9 QUE O SHAMPOO S\u00d3LIDO \u00c9 MAIS SUSTENT\u00c1VEL<\/strong><\/h3>\n<p>O shampoo s\u00f3lido \u00e9 uma alternativa mais amiga do ambiente em compara\u00e7\u00e3o com os shampoos l\u00edquidos tradicionais.<\/p>\n<p class=\"translation-block\">Como se apresenta num formato s\u00f3lido, evita a necessidade de garrafas de pl\u00e1stico e \u00e9 mais f\u00e1cil de transportar em viagens \u2014 especialmente quando acompanhado pela nossa <a href=\"https:\/\/masalacrua.pt\/pt\/produto\/travel-cork-box\/\" target=\"_blank\" rel=\"noopener\">caixa de viagem em corti\u00e7a<\/a>.<\/p>\n<p>Durante a produ\u00e7\u00e3o, o shampoo s\u00f3lido requer significativamente menos \u00e1gua, tornando-o um produto altamente concentrado. Em compara\u00e7\u00e3o, a maioria dos shampoos l\u00edquidos cont\u00e9m cerca de 80% de \u00e1gua na sua formula\u00e7\u00e3o.<\/p>\n<p class=\"translation-block\">Gra\u00e7as a esta f\u00f3rmula concentrada, s\u00f3 precisa de usar uma pequena quantidade de cada vez que lava o cabelo, o que significa que o shampoo dura muito mais tempo. Uma barra dura normalmente entre <strong>3 e 6 meses<\/strong>, dependendo do comprimento do seu cabelo e da frequ\u00eancia com que \u00e9 utilizado.<\/p>\n<p class=\"translation-block\"><strong>Sem embalagens de pl\u00e1stico<\/strong><br data-start=\"900\" data-end=\"903\"><strong data-start=\"905\" data-end=\"935\">Produ\u00e7\u00e3o eficiente de \u00e1gua<\/strong><br data-start=\"935\" data-end=\"938\"><strong data-start=\"940\" data-end=\"971\">F\u00f3rmula altamente concentrada<\/strong><br data-start=\"971\" data-end=\"974\"><strong data-start=\"976\" data-end=\"1012\">Duradouro e ideal para viajar<\/strong><\/p>\n<p data-start=\"1014\" data-end=\"1081\">Uma mudan\u00e7a simples que ajuda a reduzir o desperd\u00edcio enquanto cuida do seu cabelo.<\/p>","protected":false},"excerpt":{"rendered":"<p>Shampoo s\u00f3lido de pH baixo, ideal para cabelos normais - nem muito grossos, nem muito finos -que n\u00e3o tendem a ser secos nem oleosos.<\/p>\n<p data-start=\"120\" data-end=\"271\">Com hortel\u00e3-pimenta e carv\u00e3o. Aroma fresco a menta.<\/p>\n<p>&nbsp;<\/p>","protected":false},"featured_media":1983,"comment_status":"open","ping_status":"closed","template":"","meta":{"_acf_changed":false,"_et_pb_use_builder":"","_et_pb_old_content":"","_et_gb_content_width":""},"product_brand":[],"product_cat":[132],"product_tag":[277],"class_list":{"0":"post-161","1":"product","2":"type-product","3":"status-publish","4":"has-post-thumbnail","6":"product_cat-hair-care","7":"product_tag-shampoo","8":"pa_ingredients-activated-charcoal","9":"pa_ingredients-almond-oil","10":"pa_ingredients-jojoba-oil","11":"pa_ingredients-peppermint","12":"pa_ingredients-reetha","13":"pa_ingredients-shea-butter","14":"pa_ingredients-vitamin-e","16":"first","17":"instock","18":"taxable","19":"shipping-taxable","20":"purchasable","21":"product-type-variable"},"acf":[],"yoast_head":"<!-- This site is optimized with the Yoast SEO plugin v27.3 - https:\/\/yoast.com\/product\/yoast-seo-wordpress\/ -->\n<title>Solid Shampoo for Mix Hair with Charcoal<\/title>\n<meta name=\"description\" content=\"Solid Shampoo for Mix Hair with Charcoal suitable for normal hair, not too thick or too thin. With peppermint and activated charcoal.\" \/>\n<meta name=\"robots\" content=\"index, follow, max-snippet:-1, max-image-preview:large, max-video-preview:-1\" \/>\n<link rel=\"canonical\" href=\"https:\/\/masalacrua.pt\/pt\/produto\/shampoo-mix-hair-charcoal\/\" \/>\n<meta property=\"og:locale\" content=\"pt_PT\" \/>\n<meta property=\"og:type\" content=\"article\" \/>\n<meta property=\"og:title\" content=\"Solid Shampoo for Mix Hair with Charcoal\" \/>\n<meta property=\"og:description\" content=\"Solid Shampoo for Mix Hair with Charcoal suitable for normal hair, not too thick or too thin. With peppermint and activated charcoal.\" \/>\n<meta property=\"og:url\" content=\"https:\/\/masalacrua.pt\/pt\/produto\/shampoo-mix-hair-charcoal\/\" \/>\n<meta property=\"og:site_name\" content=\"masalaCRUA\" \/>\n<meta property=\"article:publisher\" content=\"https:\/\/www.facebook.com\/masalaCRUA\" \/>\n<meta property=\"article:modified_time\" content=\"2026-04-07T12:41:17+00:00\" \/>\n<meta property=\"og:image\" content=\"https:\/\/masalacrua.pt\/wp-content\/uploads\/2024\/07\/masalacrua_shampoo_28.jpg\" \/>\n\t<meta property=\"og:image:width\" content=\"2200\" \/>\n\t<meta property=\"og:image:height\" content=\"1650\" \/>\n\t<meta property=\"og:image:type\" content=\"image\/jpeg\" \/>\n<meta name=\"twitter:card\" content=\"summary_large_image\" \/>\n<meta name=\"twitter:label1\" content=\"Tempo estimado de leitura\" \/>\n\t<meta name=\"twitter:data1\" content=\"3 minutos\" \/>\n<script type=\"application\/ld+json\" class=\"yoast-schema-graph\">{\"@context\":\"https:\\\/\\\/schema.org\",\"@graph\":[{\"@type\":\"WebPage\",\"@id\":\"https:\\\/\\\/masalacrua.pt\\\/product\\\/shampoo-mix-hair-charcoal\\\/\",\"url\":\"https:\\\/\\\/masalacrua.pt\\\/product\\\/shampoo-mix-hair-charcoal\\\/\",\"name\":\"Solid Shampoo for Mix Hair with Charcoal\",\"isPartOf\":{\"@id\":\"https:\\\/\\\/masalacrua.pt\\\/#website\"},\"primaryImageOfPage\":{\"@id\":\"https:\\\/\\\/masalacrua.pt\\\/product\\\/shampoo-mix-hair-charcoal\\\/#primaryimage\"},\"image\":{\"@id\":\"https:\\\/\\\/masalacrua.pt\\\/product\\\/shampoo-mix-hair-charcoal\\\/#primaryimage\"},\"thumbnailUrl\":\"https:\\\/\\\/masalacrua.pt\\\/wp-content\\\/uploads\\\/2024\\\/07\\\/masalacrua_shampoo_28.jpg\",\"datePublished\":\"2021-11-15T07:57:19+00:00\",\"dateModified\":\"2026-04-07T12:41:17+00:00\",\"description\":\"Solid Shampoo for Mix Hair with Charcoal suitable for normal hair, not too thick or too thin. With peppermint and activated charcoal.\",\"breadcrumb\":{\"@id\":\"https:\\\/\\\/masalacrua.pt\\\/product\\\/shampoo-mix-hair-charcoal\\\/#breadcrumb\"},\"inLanguage\":\"pt-PT\",\"potentialAction\":[{\"@type\":\"ReadAction\",\"target\":[\"https:\\\/\\\/masalacrua.pt\\\/product\\\/shampoo-mix-hair-charcoal\\\/\"]}]},{\"@type\":\"ImageObject\",\"inLanguage\":\"pt-PT\",\"@id\":\"https:\\\/\\\/masalacrua.pt\\\/product\\\/shampoo-mix-hair-charcoal\\\/#primaryimage\",\"url\":\"https:\\\/\\\/masalacrua.pt\\\/wp-content\\\/uploads\\\/2024\\\/07\\\/masalacrua_shampoo_28.jpg\",\"contentUrl\":\"https:\\\/\\\/masalacrua.pt\\\/wp-content\\\/uploads\\\/2024\\\/07\\\/masalacrua_shampoo_28.jpg\",\"width\":2200,\"height\":1650},{\"@type\":\"BreadcrumbList\",\"@id\":\"https:\\\/\\\/masalacrua.pt\\\/product\\\/shampoo-mix-hair-charcoal\\\/#breadcrumb\",\"itemListElement\":[{\"@type\":\"ListItem\",\"position\":1,\"name\":\"Home\",\"item\":\"https:\\\/\\\/masalacrua.pt\\\/\"},{\"@type\":\"ListItem\",\"position\":2,\"name\":\"SHOP\",\"item\":\"https:\\\/\\\/masalacrua.pt\\\/shop\\\/\"},{\"@type\":\"ListItem\",\"position\":3,\"name\":\"shampoo mixed hair | charcoal\"}]},{\"@type\":\"WebSite\",\"@id\":\"https:\\\/\\\/masalacrua.pt\\\/#website\",\"url\":\"https:\\\/\\\/masalacrua.pt\\\/\",\"name\":\"masalaCRUA\",\"description\":\"natural creations\",\"publisher\":{\"@id\":\"https:\\\/\\\/masalacrua.pt\\\/#organization\"},\"potentialAction\":[{\"@type\":\"SearchAction\",\"target\":{\"@type\":\"EntryPoint\",\"urlTemplate\":\"https:\\\/\\\/masalacrua.pt\\\/?s={search_term_string}\"},\"query-input\":{\"@type\":\"PropertyValueSpecification\",\"valueRequired\":true,\"valueName\":\"search_term_string\"}}],\"inLanguage\":\"pt-PT\"},{\"@type\":\"Organization\",\"@id\":\"https:\\\/\\\/masalacrua.pt\\\/#organization\",\"name\":\"masalaCRUA\",\"url\":\"https:\\\/\\\/masalacrua.pt\\\/\",\"logo\":{\"@type\":\"ImageObject\",\"inLanguage\":\"pt-PT\",\"@id\":\"https:\\\/\\\/masalacrua.pt\\\/#\\\/schema\\\/logo\\\/image\\\/\",\"url\":\"https:\\\/\\\/masalacrua.pt\\\/wp-content\\\/uploads\\\/2021\\\/11\\\/LOGO-finalLOGO-EXPAND-5pt-copy.png\",\"contentUrl\":\"https:\\\/\\\/masalacrua.pt\\\/wp-content\\\/uploads\\\/2021\\\/11\\\/LOGO-finalLOGO-EXPAND-5pt-copy.png\",\"width\":767,\"height\":766,\"caption\":\"masalaCRUA\"},\"image\":{\"@id\":\"https:\\\/\\\/masalacrua.pt\\\/#\\\/schema\\\/logo\\\/image\\\/\"},\"sameAs\":[\"https:\\\/\\\/www.facebook.com\\\/masalaCRUA\",\"https:\\\/\\\/www.instagram.com\\\/masala.crua\\\/\"]}]}<\/script>\n<!-- \/ Yoast SEO plugin. -->","yoast_head_json":{"title":"Solid Shampoo for Mix Hair with Charcoal","description":"Solid Shampoo for Mix Hair with Charcoal suitable for normal hair, not too thick or too thin. With peppermint and activated charcoal.","robots":{"index":"index","follow":"follow","max-snippet":"max-snippet:-1","max-image-preview":"max-image-preview:large","max-video-preview":"max-video-preview:-1"},"canonical":"https:\/\/masalacrua.pt\/pt\/produto\/shampoo-mix-hair-charcoal\/","og_locale":"pt_PT","og_type":"article","og_title":"Solid Shampoo for Mix Hair with Charcoal","og_description":"Solid Shampoo for Mix Hair with Charcoal suitable for normal hair, not too thick or too thin. With peppermint and activated charcoal.","og_url":"https:\/\/masalacrua.pt\/pt\/produto\/shampoo-mix-hair-charcoal\/","og_site_name":"masalaCRUA","article_publisher":"https:\/\/www.facebook.com\/masalaCRUA","article_modified_time":"2026-04-07T12:41:17+00:00","og_image":[{"width":2200,"height":1650,"url":"https:\/\/masalacrua.pt\/wp-content\/uploads\/2024\/07\/masalacrua_shampoo_28.jpg","type":"image\/jpeg"}],"twitter_card":"summary_large_image","twitter_misc":{"Tempo estimado de leitura":"3 minutos"},"schema":{"@context":"https:\/\/schema.org","@graph":[{"@type":"WebPage","@id":"https:\/\/masalacrua.pt\/product\/shampoo-mix-hair-charcoal\/","url":"https:\/\/masalacrua.pt\/product\/shampoo-mix-hair-charcoal\/","name":"Solid Shampoo for Mix Hair with Charcoal","isPartOf":{"@id":"https:\/\/masalacrua.pt\/#website"},"primaryImageOfPage":{"@id":"https:\/\/masalacrua.pt\/product\/shampoo-mix-hair-charcoal\/#primaryimage"},"image":{"@id":"https:\/\/masalacrua.pt\/product\/shampoo-mix-hair-charcoal\/#primaryimage"},"thumbnailUrl":"https:\/\/masalacrua.pt\/wp-content\/uploads\/2024\/07\/masalacrua_shampoo_28.jpg","datePublished":"2021-11-15T07:57:19+00:00","dateModified":"2026-04-07T12:41:17+00:00","description":"Solid Shampoo for Mix Hair with Charcoal suitable for normal hair, not too thick or too thin. With peppermint and activated charcoal.","breadcrumb":{"@id":"https:\/\/masalacrua.pt\/product\/shampoo-mix-hair-charcoal\/#breadcrumb"},"inLanguage":"pt-PT","potentialAction":[{"@type":"ReadAction","target":["https:\/\/masalacrua.pt\/product\/shampoo-mix-hair-charcoal\/"]}]},{"@type":"ImageObject","inLanguage":"pt-PT","@id":"https:\/\/masalacrua.pt\/product\/shampoo-mix-hair-charcoal\/#primaryimage","url":"https:\/\/masalacrua.pt\/wp-content\/uploads\/2024\/07\/masalacrua_shampoo_28.jpg","contentUrl":"https:\/\/masalacrua.pt\/wp-content\/uploads\/2024\/07\/masalacrua_shampoo_28.jpg","width":2200,"height":1650},{"@type":"BreadcrumbList","@id":"https:\/\/masalacrua.pt\/product\/shampoo-mix-hair-charcoal\/#breadcrumb","itemListElement":[{"@type":"ListItem","position":1,"name":"Home","item":"https:\/\/masalacrua.pt\/"},{"@type":"ListItem","position":2,"name":"SHOP","item":"https:\/\/masalacrua.pt\/shop\/"},{"@type":"ListItem","position":3,"name":"shampoo mixed hair | charcoal"}]},{"@type":"WebSite","@id":"https:\/\/masalacrua.pt\/#website","url":"https:\/\/masalacrua.pt\/","name":"masalaCRUA","description":"natural creations","publisher":{"@id":"https:\/\/masalacrua.pt\/#organization"},"potentialAction":[{"@type":"SearchAction","target":{"@type":"EntryPoint","urlTemplate":"https:\/\/masalacrua.pt\/?s={search_term_string}"},"query-input":{"@type":"PropertyValueSpecification","valueRequired":true,"valueName":"search_term_string"}}],"inLanguage":"pt-PT"},{"@type":"Organization","@id":"https:\/\/masalacrua.pt\/#organization","name":"masalaCRUA","url":"https:\/\/masalacrua.pt\/","logo":{"@type":"ImageObject","inLanguage":"pt-PT","@id":"https:\/\/masalacrua.pt\/#\/schema\/logo\/image\/","url":"https:\/\/masalacrua.pt\/wp-content\/uploads\/2021\/11\/LOGO-finalLOGO-EXPAND-5pt-copy.png","contentUrl":"https:\/\/masalacrua.pt\/wp-content\/uploads\/2021\/11\/LOGO-finalLOGO-EXPAND-5pt-copy.png","width":767,"height":766,"caption":"masalaCRUA"},"image":{"@id":"https:\/\/masalacrua.pt\/#\/schema\/logo\/image\/"},"sameAs":["https:\/\/www.facebook.com\/masalaCRUA","https:\/\/www.instagram.com\/masala.crua\/"]}]}},"jetpack_sharing_enabled":true,"_links":{"self":[{"href":"https:\/\/masalacrua.pt\/pt\/wp-json\/wp\/v2\/product\/161","targetHints":{"allow":["GET"]}}],"collection":[{"href":"https:\/\/masalacrua.pt\/pt\/wp-json\/wp\/v2\/product"}],"about":[{"href":"https:\/\/masalacrua.pt\/pt\/wp-json\/wp\/v2\/types\/product"}],"replies":[{"embeddable":true,"href":"https:\/\/masalacrua.pt\/pt\/wp-json\/wp\/v2\/comments?post=161"}],"wp:featuredmedia":[{"embeddable":true,"href":"https:\/\/masalacrua.pt\/pt\/wp-json\/wp\/v2\/media\/1983"}],"wp:attachment":[{"href":"https:\/\/masalacrua.pt\/pt\/wp-json\/wp\/v2\/media?parent=161"}],"wp:term":[{"taxonomy":"product_brand","embeddable":true,"href":"https:\/\/masalacrua.pt\/pt\/wp-json\/wp\/v2\/product_brand?post=161"},{"taxonomy":"product_cat","embeddable":true,"href":"https:\/\/masalacrua.pt\/pt\/wp-json\/wp\/v2\/product_cat?post=161"},{"taxonomy":"product_tag","embeddable":true,"href":"https:\/\/masalacrua.pt\/pt\/wp-json\/wp\/v2\/product_tag?post=161"}],"curies":[{"name":"wp","href":"https:\/\/api.w.org\/{rel}","templated":true}]}}