{"id":173,"date":"2021-11-15T08:17:08","date_gmt":"2021-11-15T08:17:08","guid":{"rendered":"http:\/\/masalacrua.pt\/?post_type=product&#038;p=173"},"modified":"2026-03-17T20:39:35","modified_gmt":"2026-03-17T20:39:35","slug":"lemongrass-ginger-soap","status":"publish","type":"product","link":"https:\/\/masalacrua.pt\/pt\/produto\/lemongrass-ginger-soap\/","title":{"rendered":"sab\u00e3o | erva pr\u00edncipe gengibre"},"content":{"rendered":"<h4 class=\"translation-block\"><strong>SABONETE NATURAL DE ERVA-PR\u00cdNCIPE E GENGIBRE<\/strong><\/h4>\n<p class=\"translation-block\">Sabonete artesanal produzido \u00e0 m\u00e3o em pequenos lotes, atrav\u00e9s do m\u00e9todo tradicional de saponifica\u00e7\u00e3o a frio. O sabonete de erva-pr\u00edncipe e gengibre foi formulado para uso di\u00e1rio no <strong>corpo, rosto e m\u00e3os<\/strong>, sendo adequado para todos os tipos de pele.<\/p>\n<p class=\"translation-block\">Formulada com uma mistura nutritiva de <strong>azeite biol\u00f3gico e \u00f3leo de coco biol\u00f3gico<\/strong>, a f\u00f3rmula \u00e9 totalmente isenta de \u00f3leo de palma.<\/p>\n<p>Utilizamos azeite local, colhido das oliveiras que moldam a paisagem caracter\u00edstica portuguesa. O azeite hidrata e nutre a pele, proporcionando suavidade e cuidado. O \u00f3leo de coco limpa, fortalece e cria uma espuma rica e borbulhante.<\/p>\n<p class=\"translation-block\">Explore os nossos <a href=\"https:\/\/masalacrua.pt\/pt\/categoria-produto\/accessories\/\" target=\"_blank\" rel=\"noopener\">acess\u00f3rios<\/a>, incluindo saboneteiras, caixas de viagem e packs especiais para experimentar diferentes variedades de sabonete.<\/p>\n<p>&nbsp;<\/p>\n<h4><strong>INGREDIENTES<\/strong><\/h4>\n<p>olea europaea fruit (azeite), cocus nucifera (coco) \u00f3leo*, aqua, cymbopogon citratus leaf (erva-pr\u00edncipe) \u00f3leo, zingiber officinale root (gengibre) \u00f3leo, citrus limon peel (lim\u00e3o) \u00f3leo, montmorillonite (argila verde), spinacia oleracea (espinafres) p\u00f3, 0,02% CI 77492 (\u00f3xido verde), calendula officinalis (cal\u00eandula) flor*.<\/p>\n<p>*de produ\u00e7\u00e3o biol\u00f3gica **de origem local ***pigmento mineral natural<\/p>\n<p class=\"translation-block\"><strong>Vegan e cruelty-free<\/strong><br>\n<strong>100% biodegrad\u00e1vel<\/strong><br>\n<strong>Sem fragr\u00e2ncias ou corantes sint\u00e9ticos<\/strong><br>\n<strong>Sem qu\u00edmicos t\u00f3xicos<\/strong><\/p>\n<p>&nbsp;<\/p>\n<h4><strong>COMO UTILIZAR O SABONETE DE ERVA-PR\u00cdNCIPE E GENGIBRE<\/strong><\/h4>\n<p class=\"translation-block\">1. <strong>Molhe o sabonete<\/strong>.<br>\n2. <strong>Crie espuma<\/strong> esfregando o sabonete entre as m\u00e3os ou aplicando-o diretamente no corpo de forma suave.<br>\n3. <strong>Deixe secar bem<\/strong> ap\u00f3s a utiliza\u00e7\u00e3o. Evite deixar o sabonete numa superf\u00edcie plana onde n\u00e3o consiga secar. O ideal \u00e9 mant\u00ea-lo sobre uma esponja, assim durar\u00e1 mais tempo.<\/p>\n<p>&nbsp;<\/p>\n<h4><strong>O QUE \u00c9 UM SABONETE ARTESANAL<\/strong><\/h4>\n<p class=\"translation-block\">Os sabonetes artesanais s\u00e3o cuidadosamente produzidos \u00e0 m\u00e3o em pequenos lotes, utilizando os melhores ingredientes de alta qualidade. Ao trabalhar de forma lenta e atenta, cada barra \u00e9 <strong>preparada com cuidado<\/strong>, garantindo que chegue at\u00e9 si <strong>fresca, perfumada e naturalmente vibrante<\/strong>, tudo sem recorrer a qu\u00edmicos t\u00f3xicos para prolongar o prazo de validade.<\/p>\n<p class=\"translation-block\">Al\u00e9m disso, cada sabonete \u00e9 <strong>criado com inten\u00e7\u00e3o e dedica\u00e7\u00e3o<\/strong>, combinando \u00f3leos nutritivos com cores naturais e aromas bot\u00e2nicos. Como cada barra \u00e9 cortada \u00e0 m\u00e3o, desenvolve o seu pr\u00f3prio car\u00e1cter \u00fanico, com subtis varia\u00e7\u00f5es na forma, padr\u00e3o e textura que tornam cada pe\u00e7a verdadeiramente especial.<\/p>\n<p class=\"translation-block\">Normalmente, um sabonete inteiro pesa cerca de 110g, enquanto os mini sabonetes t\u00eam cerca de 55g. Por serem feitos \u00e0 m\u00e3o, as decora\u00e7\u00f5es e o corte final podem afetar ligeiramente o peso e a apar\u00eancia, contribuindo para a <strong>singularidade de cada barra.<\/strong><\/p>","protected":false},"excerpt":{"rendered":"<p class=\"translation-block\">Sabonete artesanal de azeite, ideal para o corpo, rosto e m\u00e3os. Suave e nutritivo para <strong>todos os tipos de pele<\/strong>.<\/p>\n<p>Aroma fresco a citrinos.<\/p>","protected":false},"featured_media":2594,"comment_status":"open","ping_status":"closed","template":"","meta":{"_acf_changed":false,"_et_pb_use_builder":"off","_et_pb_old_content":"<h6><strong>LEMONGRASS AND GINGER NATURAL SOAP<\/strong><\/h6>\r\nArtisanal soap handcrafted in small batches, through the traditional cold process method. This gentle soap is designed for daily use on the body, face, and hands, making it suitable for all skin types.\r\n\r\nCreated with a nourishing blend of <strong>organic olive oil and organic coconut oil<\/strong>, the formula is free from palm oil.The olive oil is sourced from local olive trees that shape the characteristic Portuguese landscape. Valued for its moisturizing and skin-nourishing properties, olive oil provides softness and care, while coconut oil adds cleansing strength, firmness, and a rich, bubbly lather.Explore our <a href=\"https:\/\/masalacrua.pt\/product-category\/accessories\/\" target=\"_blank\" rel=\"noopener\">accessories<\/a>, including soap holders, travel boxes, and special packs try different varieties.\r\n<div class=\"[--thread-content-max-width:40rem] @w-lg\/main:[--thread-content-max-width:48rem] mx-auto max-w-(--thread-content-max-width) flex-1 group\/turn-messages focus-visible:outline-hidden relative flex w-full min-w-0 flex-col agent-turn\">\r\n\r\n\u00a0\r\n<p class=\"text-center\"><strong style=\"color: #333333\">INGREDIENTS<\/strong><\/p>\r\n\r\n<\/div>\r\n<div class=\"page\" title=\"Page 1\">\r\n<div class=\"layoutArea\">\r\n<div class=\"column\">\r\n\r\nolea europaea fruit (olive) oil**, cocus nucifera (coconut) oil*, aqua, cymbopogon citratus leaf (lemongrass) oil, zingiber officinale root (ginger) oil, citrus limon peel (lemon) oil, montmorillonite (green clay), spinacia oleracea (spinach) powder, 0,02% CI 77492 (green oxide)***, calendula officinalis (calendula) flower**.\r\n\r\n<\/div>\r\n<\/div>\r\n<\/div>\r\n*from organic production **locally sourced ***natural mineral pigment\r\n\r\n<strong>Vegan and cruelty free<\/strong>\r\n<strong>100% biodegradable<\/strong>\r\n<strong>No synthetic fragrance or colour<\/strong>\r\n<strong>No toxic chemicals<\/strong>\r\n<h6><\/h6>\r\n<h6><strong>HOW TO USE<\/strong><\/h6>\r\n<ol>\r\n \t<li><strong>Wet the soap<\/strong> bar.<\/li>\r\n \t<li><strong>Rub the soap <\/strong>between your hands or directly onto the body to create a gentle lather.<\/li>\r\n \t<li><strong>Let it dry properly<\/strong> after use. Avoid leaving the soap in a flat surface where it won't be able to dry. The best is to keep it on top of a sponge, it will last longer.<\/li>\r\n<\/ol>\r\n<h6><\/h6>\r\n<h6><\/h6>\r\n<h6 class=\"et_pb_toggle_title\"><strong>WHAT IS AN ARTISANAL SOAP\u00a0<\/strong><\/h6>\r\n<p data-start=\"32\" data-end=\"329\">Artisanal soaps are handmade using carefully selected, <strong>high-quality ingredients<\/strong> and crafted in small batches. This slow, attentive process allows each bar to be prepared with care, <strong>ensuring freshness, beautiful appearance, and natural scent<\/strong> without relying on toxic chemicals to extend shelf life.<\/p>\r\n<p data-start=\"331\" data-end=\"567\">Every soap is designed with intention and dedication, combining nourishing oils with natural colours and pure essential oils. Because they are made and cut by hand, each bar has its own character and subtle variations in shape, pattern, and texture.<\/p>\r\n<p data-start=\"569\" data-end=\"798\" data-is-last-node=\"\" data-is-only-node=\"\">Each full soap weighs around 110 g, and the mini soaps around 55 g. As with any handmade product, the decoration and final cutting may slightly affect the weight and appearance \u2014 making every piece <strong data-start=\"775\" data-end=\"797\">unique and special<\/strong>.<\/p>","_et_gb_content_width":""},"product_brand":[],"product_cat":[128],"product_tag":[280,393,394,324,392],"class_list":{"0":"post-173","1":"product","2":"type-product","3":"status-publish","4":"has-post-thumbnail","6":"product_cat-artisanal-soap","7":"product_tag-soap","8":"product_tag-calendula","9":"product_tag-ginger","10":"product_tag-lemon","11":"product_tag-lemongrass","13":"first","14":"instock","15":"taxable","16":"shipping-taxable","17":"purchasable","18":"product-type-variable"},"acf":[],"yoast_head":"<!-- This site is optimized with the Yoast SEO plugin v27.3 - https:\/\/yoast.com\/product\/yoast-seo-wordpress\/ -->\n<title>Lemongrass &amp; Ginger Soap<\/title>\n<meta name=\"description\" content=\"Handcrafted olive oil soap, ideal for body, face, and hands. The Lemongrass &amp; Ginger Soap soap gentle and nourishing for all skin types.\" \/>\n<meta name=\"robots\" content=\"index, follow, max-snippet:-1, max-image-preview:large, max-video-preview:-1\" \/>\n<link rel=\"canonical\" href=\"https:\/\/masalacrua.pt\/pt\/produto\/lemongrass-ginger-soap\/\" \/>\n<meta property=\"og:locale\" content=\"pt_PT\" \/>\n<meta property=\"og:type\" content=\"article\" \/>\n<meta property=\"og:title\" content=\"Lemongrass &amp; Ginger Soap\" \/>\n<meta property=\"og:description\" content=\"Handcrafted olive oil soap, ideal for body, face, and hands. The Lemongrass &amp; Ginger Soap soap gentle and nourishing for all skin types.\" \/>\n<meta property=\"og:url\" content=\"https:\/\/masalacrua.pt\/pt\/produto\/lemongrass-ginger-soap\/\" \/>\n<meta property=\"og:site_name\" content=\"masalaCRUA\" \/>\n<meta property=\"article:publisher\" content=\"https:\/\/www.facebook.com\/masalaCRUA\" \/>\n<meta property=\"article:modified_time\" content=\"2026-03-17T20:39:35+00:00\" \/>\n<meta property=\"og:image\" content=\"https:\/\/masalacrua.pt\/wp-content\/uploads\/2021\/11\/img_0435.jpeg\" \/>\n\t<meta property=\"og:image:width\" content=\"1000\" \/>\n\t<meta property=\"og:image:height\" content=\"748\" \/>\n\t<meta property=\"og:image:type\" content=\"image\/jpeg\" \/>\n<meta name=\"twitter:card\" content=\"summary_large_image\" \/>\n<meta name=\"twitter:label1\" content=\"Tempo estimado de leitura\" \/>\n\t<meta name=\"twitter:data1\" content=\"2 minutos\" \/>\n<script type=\"application\/ld+json\" class=\"yoast-schema-graph\">{\"@context\":\"https:\\\/\\\/schema.org\",\"@graph\":[{\"@type\":\"WebPage\",\"@id\":\"https:\\\/\\\/masalacrua.pt\\\/product\\\/lemongrass-ginger-soap\\\/\",\"url\":\"https:\\\/\\\/masalacrua.pt\\\/product\\\/lemongrass-ginger-soap\\\/\",\"name\":\"Lemongrass & Ginger Soap\",\"isPartOf\":{\"@id\":\"https:\\\/\\\/masalacrua.pt\\\/#website\"},\"primaryImageOfPage\":{\"@id\":\"https:\\\/\\\/masalacrua.pt\\\/product\\\/lemongrass-ginger-soap\\\/#primaryimage\"},\"image\":{\"@id\":\"https:\\\/\\\/masalacrua.pt\\\/product\\\/lemongrass-ginger-soap\\\/#primaryimage\"},\"thumbnailUrl\":\"https:\\\/\\\/masalacrua.pt\\\/wp-content\\\/uploads\\\/2021\\\/11\\\/img_0435.jpeg\",\"datePublished\":\"2021-11-15T08:17:08+00:00\",\"dateModified\":\"2026-03-17T20:39:35+00:00\",\"description\":\"Handcrafted olive oil soap, ideal for body, face, and hands. The Lemongrass & Ginger Soap soap gentle and nourishing for all skin types.\",\"breadcrumb\":{\"@id\":\"https:\\\/\\\/masalacrua.pt\\\/product\\\/lemongrass-ginger-soap\\\/#breadcrumb\"},\"inLanguage\":\"pt-PT\",\"potentialAction\":[{\"@type\":\"ReadAction\",\"target\":[\"https:\\\/\\\/masalacrua.pt\\\/product\\\/lemongrass-ginger-soap\\\/\"]}]},{\"@type\":\"ImageObject\",\"inLanguage\":\"pt-PT\",\"@id\":\"https:\\\/\\\/masalacrua.pt\\\/product\\\/lemongrass-ginger-soap\\\/#primaryimage\",\"url\":\"https:\\\/\\\/masalacrua.pt\\\/wp-content\\\/uploads\\\/2021\\\/11\\\/img_0435.jpeg\",\"contentUrl\":\"https:\\\/\\\/masalacrua.pt\\\/wp-content\\\/uploads\\\/2021\\\/11\\\/img_0435.jpeg\",\"width\":1000,\"height\":748,\"caption\":\"Processed with VSCO with a9 preset\"},{\"@type\":\"BreadcrumbList\",\"@id\":\"https:\\\/\\\/masalacrua.pt\\\/product\\\/lemongrass-ginger-soap\\\/#breadcrumb\",\"itemListElement\":[{\"@type\":\"ListItem\",\"position\":1,\"name\":\"Home\",\"item\":\"https:\\\/\\\/masalacrua.pt\\\/\"},{\"@type\":\"ListItem\",\"position\":2,\"name\":\"SHOP\",\"item\":\"https:\\\/\\\/masalacrua.pt\\\/shop\\\/\"},{\"@type\":\"ListItem\",\"position\":3,\"name\":\"soap | lemongrass ginger\"}]},{\"@type\":\"WebSite\",\"@id\":\"https:\\\/\\\/masalacrua.pt\\\/#website\",\"url\":\"https:\\\/\\\/masalacrua.pt\\\/\",\"name\":\"masalaCRUA\",\"description\":\"natural creations\",\"publisher\":{\"@id\":\"https:\\\/\\\/masalacrua.pt\\\/#organization\"},\"potentialAction\":[{\"@type\":\"SearchAction\",\"target\":{\"@type\":\"EntryPoint\",\"urlTemplate\":\"https:\\\/\\\/masalacrua.pt\\\/?s={search_term_string}\"},\"query-input\":{\"@type\":\"PropertyValueSpecification\",\"valueRequired\":true,\"valueName\":\"search_term_string\"}}],\"inLanguage\":\"pt-PT\"},{\"@type\":\"Organization\",\"@id\":\"https:\\\/\\\/masalacrua.pt\\\/#organization\",\"name\":\"masalaCRUA\",\"url\":\"https:\\\/\\\/masalacrua.pt\\\/\",\"logo\":{\"@type\":\"ImageObject\",\"inLanguage\":\"pt-PT\",\"@id\":\"https:\\\/\\\/masalacrua.pt\\\/#\\\/schema\\\/logo\\\/image\\\/\",\"url\":\"https:\\\/\\\/masalacrua.pt\\\/wp-content\\\/uploads\\\/2021\\\/11\\\/LOGO-finalLOGO-EXPAND-5pt-copy.png\",\"contentUrl\":\"https:\\\/\\\/masalacrua.pt\\\/wp-content\\\/uploads\\\/2021\\\/11\\\/LOGO-finalLOGO-EXPAND-5pt-copy.png\",\"width\":767,\"height\":766,\"caption\":\"masalaCRUA\"},\"image\":{\"@id\":\"https:\\\/\\\/masalacrua.pt\\\/#\\\/schema\\\/logo\\\/image\\\/\"},\"sameAs\":[\"https:\\\/\\\/www.facebook.com\\\/masalaCRUA\",\"https:\\\/\\\/www.instagram.com\\\/masala.crua\\\/\"]}]}<\/script>\n<!-- \/ Yoast SEO plugin. -->","yoast_head_json":{"title":"Lemongrass & Ginger Soap","description":"Handcrafted olive oil soap, ideal for body, face, and hands. The Lemongrass & Ginger Soap soap gentle and nourishing for all skin types.","robots":{"index":"index","follow":"follow","max-snippet":"max-snippet:-1","max-image-preview":"max-image-preview:large","max-video-preview":"max-video-preview:-1"},"canonical":"https:\/\/masalacrua.pt\/pt\/produto\/lemongrass-ginger-soap\/","og_locale":"pt_PT","og_type":"article","og_title":"Lemongrass & Ginger Soap","og_description":"Handcrafted olive oil soap, ideal for body, face, and hands. The Lemongrass & Ginger Soap soap gentle and nourishing for all skin types.","og_url":"https:\/\/masalacrua.pt\/pt\/produto\/lemongrass-ginger-soap\/","og_site_name":"masalaCRUA","article_publisher":"https:\/\/www.facebook.com\/masalaCRUA","article_modified_time":"2026-03-17T20:39:35+00:00","og_image":[{"width":1000,"height":748,"url":"https:\/\/masalacrua.pt\/wp-content\/uploads\/2021\/11\/img_0435.jpeg","type":"image\/jpeg"}],"twitter_card":"summary_large_image","twitter_misc":{"Tempo estimado de leitura":"2 minutos"},"schema":{"@context":"https:\/\/schema.org","@graph":[{"@type":"WebPage","@id":"https:\/\/masalacrua.pt\/product\/lemongrass-ginger-soap\/","url":"https:\/\/masalacrua.pt\/product\/lemongrass-ginger-soap\/","name":"Lemongrass & Ginger Soap","isPartOf":{"@id":"https:\/\/masalacrua.pt\/#website"},"primaryImageOfPage":{"@id":"https:\/\/masalacrua.pt\/product\/lemongrass-ginger-soap\/#primaryimage"},"image":{"@id":"https:\/\/masalacrua.pt\/product\/lemongrass-ginger-soap\/#primaryimage"},"thumbnailUrl":"https:\/\/masalacrua.pt\/wp-content\/uploads\/2021\/11\/img_0435.jpeg","datePublished":"2021-11-15T08:17:08+00:00","dateModified":"2026-03-17T20:39:35+00:00","description":"Handcrafted olive oil soap, ideal for body, face, and hands. The Lemongrass & Ginger Soap soap gentle and nourishing for all skin types.","breadcrumb":{"@id":"https:\/\/masalacrua.pt\/product\/lemongrass-ginger-soap\/#breadcrumb"},"inLanguage":"pt-PT","potentialAction":[{"@type":"ReadAction","target":["https:\/\/masalacrua.pt\/product\/lemongrass-ginger-soap\/"]}]},{"@type":"ImageObject","inLanguage":"pt-PT","@id":"https:\/\/masalacrua.pt\/product\/lemongrass-ginger-soap\/#primaryimage","url":"https:\/\/masalacrua.pt\/wp-content\/uploads\/2021\/11\/img_0435.jpeg","contentUrl":"https:\/\/masalacrua.pt\/wp-content\/uploads\/2021\/11\/img_0435.jpeg","width":1000,"height":748,"caption":"Processed with VSCO with a9 preset"},{"@type":"BreadcrumbList","@id":"https:\/\/masalacrua.pt\/product\/lemongrass-ginger-soap\/#breadcrumb","itemListElement":[{"@type":"ListItem","position":1,"name":"Home","item":"https:\/\/masalacrua.pt\/"},{"@type":"ListItem","position":2,"name":"SHOP","item":"https:\/\/masalacrua.pt\/shop\/"},{"@type":"ListItem","position":3,"name":"soap | lemongrass ginger"}]},{"@type":"WebSite","@id":"https:\/\/masalacrua.pt\/#website","url":"https:\/\/masalacrua.pt\/","name":"masalaCRUA","description":"natural creations","publisher":{"@id":"https:\/\/masalacrua.pt\/#organization"},"potentialAction":[{"@type":"SearchAction","target":{"@type":"EntryPoint","urlTemplate":"https:\/\/masalacrua.pt\/?s={search_term_string}"},"query-input":{"@type":"PropertyValueSpecification","valueRequired":true,"valueName":"search_term_string"}}],"inLanguage":"pt-PT"},{"@type":"Organization","@id":"https:\/\/masalacrua.pt\/#organization","name":"masalaCRUA","url":"https:\/\/masalacrua.pt\/","logo":{"@type":"ImageObject","inLanguage":"pt-PT","@id":"https:\/\/masalacrua.pt\/#\/schema\/logo\/image\/","url":"https:\/\/masalacrua.pt\/wp-content\/uploads\/2021\/11\/LOGO-finalLOGO-EXPAND-5pt-copy.png","contentUrl":"https:\/\/masalacrua.pt\/wp-content\/uploads\/2021\/11\/LOGO-finalLOGO-EXPAND-5pt-copy.png","width":767,"height":766,"caption":"masalaCRUA"},"image":{"@id":"https:\/\/masalacrua.pt\/#\/schema\/logo\/image\/"},"sameAs":["https:\/\/www.facebook.com\/masalaCRUA","https:\/\/www.instagram.com\/masala.crua\/"]}]}},"jetpack_sharing_enabled":true,"_links":{"self":[{"href":"https:\/\/masalacrua.pt\/pt\/wp-json\/wp\/v2\/product\/173","targetHints":{"allow":["GET"]}}],"collection":[{"href":"https:\/\/masalacrua.pt\/pt\/wp-json\/wp\/v2\/product"}],"about":[{"href":"https:\/\/masalacrua.pt\/pt\/wp-json\/wp\/v2\/types\/product"}],"replies":[{"embeddable":true,"href":"https:\/\/masalacrua.pt\/pt\/wp-json\/wp\/v2\/comments?post=173"}],"wp:featuredmedia":[{"embeddable":true,"href":"https:\/\/masalacrua.pt\/pt\/wp-json\/wp\/v2\/media\/2594"}],"wp:attachment":[{"href":"https:\/\/masalacrua.pt\/pt\/wp-json\/wp\/v2\/media?parent=173"}],"wp:term":[{"taxonomy":"product_brand","embeddable":true,"href":"https:\/\/masalacrua.pt\/pt\/wp-json\/wp\/v2\/product_brand?post=173"},{"taxonomy":"product_cat","embeddable":true,"href":"https:\/\/masalacrua.pt\/pt\/wp-json\/wp\/v2\/product_cat?post=173"},{"taxonomy":"product_tag","embeddable":true,"href":"https:\/\/masalacrua.pt\/pt\/wp-json\/wp\/v2\/product_tag?post=173"}],"curies":[{"name":"wp","href":"https:\/\/api.w.org\/{rel}","templated":true}]}}