{"id":1795,"date":"2024-07-14T17:55:20","date_gmt":"2024-07-14T16:55:20","guid":{"rendered":"https:\/\/masalacrua.pt\/?post_type=product&#038;p=1795"},"modified":"2026-03-23T11:24:56","modified_gmt":"2026-03-23T11:24:56","slug":"honey-shea-butter-soap","status":"publish","type":"product","link":"https:\/\/masalacrua.pt\/pt\/produto\/honey-shea-butter-soap\/","title":{"rendered":"sab\u00e3o | mel  karit\u00e9"},"content":{"rendered":"<h4 class=\"translation-block\"><strong>SABONETE NATURAL DE MEL E KARIT\u00c9<\/strong><\/h4>\n<p class=\"translation-block\">Sabonete artesanal produzido \u00e0 m\u00e3o em pequenos lotes, atrav\u00e9s do m\u00e9todo tradicional de saponifica\u00e7\u00e3o a frio. O Sabonete de Mel e Manteiga de Karit\u00e9 foi concebido para o uso di\u00e1rio no corpo, rosto e m\u00e3os, sendo adequado para todos os tipos de pele. Isento de \u00f3leos essenciais, \u00e9 especialmente <strong>suave para pele seca ou sens\u00edvel<\/strong> e seguro para <strong>crian\u00e7as e beb\u00e9s.<\/strong><\/p>\n<p data-start=\"296\" data-end=\"432\" data-is-last-node=\"\" data-is-only-node=\"\" class=\"translation-block\">A sua f\u00f3rmula <strong>extra hidratante<\/strong>, enriquecida com mel, manteiga de karit\u00e9 e \u00f3leo de r\u00edcino, nutre e suaviza a pele a cada utiliza\u00e7\u00e3o.<\/p>\n<p class=\"translation-block\">Formulada com uma mistura nutritiva de <strong>azeite biol\u00f3gico e \u00f3leo de coco biol\u00f3gico<\/strong>, a f\u00f3rmula \u00e9 totalmente isenta de \u00f3leo de palma.<\/p>\n<p>Utilizamos azeite local, colhido das oliveiras que moldam a paisagem caracter\u00edstica portuguesa. O azeite hidrata e nutre a pele, proporcionando suavidade e cuidado. O \u00f3leo de coco limpa, fortalece e cria uma espuma rica e borbulhante.<\/p>\n<p class=\"translation-block\">Explore os nossos <a href=\"https:\/\/masalacrua.pt\/pt\/categoria-produto\/accessories\/\" target=\"_blank\" rel=\"noopener\">acess\u00f3rios<\/a>, incluindo saboneteiras, caixas de viagem e packs especiais para experimentar diferentes variedades de sabonete.<\/p>\n<p>&nbsp;<\/p>\n<h4><strong>INGREDIENTES<\/strong><\/h4>\n<div class=\"page\" title=\"Page 1\">\n<div class=\"layoutArea\">\n<div class=\"column\">\n<p>olea europaea fruit oil (azeite), cocos nucifera oil (\u00f3leo de coco), butyrospermum parkii butter (manteiga de karit\u00e9), prunus amygdalus dulcis oil (\u00f3leo de am\u00eandoas doces)*, aqua (\u00e1gua), mel (mel), illite (argila vermelha).<\/p>\n<p>*org\u00e2nico de origem local **de produ\u00e7\u00e3o org\u00e2nica<\/p>\n<\/div>\n<\/div>\n<\/div>\n<p>&nbsp;<\/p>\n<p><strong>Ingredientes principais<\/strong><\/p>\n<ul>\n<li class=\"translation-block\">Manteiga de Karit\u00e9: uma gordura rica com elevado teor de \u00e1cidos linoleico e oleico, <strong>condiciona a pele e produz sabonetes suaves e delicados<\/strong>. Os seus insaponific\u00e1veis mant\u00eam as propriedades ben\u00e9ficas para a pele, tornando-a ideal para sabonetes de saponifica\u00e7\u00e3o a frio.<\/li>\n<li>\u00d3leo de R\u00edcino: um \u00f3leo luxuoso que potencia a espuma e cria bolhas grandes e cremosas. Atua tamb\u00e9m como humectante, ajudando a pele a manter-se hidratada, enquanto proporciona propriedades de limpeza e nutri\u00e7\u00e3o.<\/li>\n<li class=\"translation-block\">Cal\u00eandula: valorizada pelas suas propriedades anti-inflamat\u00f3rias, antibacterianas e cicatrizantes, ajuda a <strong>acalmar erup\u00e7\u00f5es cut\u00e2neas, eczema, psor\u00edase<\/strong>, pele gretada, picadas de insetos e outras formas de pele danificada.<\/li>\n<li class=\"translation-block\">Mel: um humectante natural que atrai a humidade do ar, ajudando a <strong>manter a pele hidratada.<\/strong> Rico em antioxidantes e a\u00e7\u00facares naturais, tamb\u00e9m potencia a espuma e refor\u00e7a a suavidade natural da pele.<\/li>\n<\/ul>\n<p>&nbsp;<\/p>\n<p class=\"translation-block\"><strong>Vegan e cruelty-free<\/strong><br>\n<strong>100% biodegrad\u00e1vel<\/strong><br>\n<strong>Sem fragr\u00e2ncias ou corantes sint\u00e9ticos<\/strong><br>\n<strong>Sem qu\u00edmicos t\u00f3xicos<\/strong><\/p>\n<p>&nbsp;<\/p>\n<h4 class=\"translation-block\"><strong>COMO UTILIZAR O <\/strong><strong>SABONETE DE MEL E  KARIT\u00c9<\/strong><\/h4>\n<p class=\"translation-block\">1. <strong>Molhe o sabonete<\/strong>.<br>\n2. <strong>Crie espuma<\/strong> esfregando o sabonete entre as m\u00e3os ou aplicando-o diretamente no corpo de forma suave.<br>\n3. <strong>Deixe secar bem<\/strong> ap\u00f3s a utiliza\u00e7\u00e3o. Evite deixar o sabonete numa superf\u00edcie plana onde n\u00e3o consiga secar. O ideal \u00e9 mant\u00ea-lo sobre uma esponja, assim durar\u00e1 mais tempo.<\/p>\n<p>&nbsp;<\/p>\n<h4><strong>O QUE \u00c9 UM SABONETE ARTESANAL<\/strong><\/h4>\n<p class=\"translation-block\">Os sabonetes artesanais s\u00e3o cuidadosamente produzidos \u00e0 m\u00e3o em pequenos lotes, utilizando os melhores ingredientes de alta qualidade. Ao trabalhar de forma lenta e atenta, cada barra \u00e9 <strong>preparada com cuidado<\/strong>, garantindo que chegue at\u00e9 si <strong>fresca, perfumada e naturalmente vibrante<\/strong>, tudo sem recorrer a qu\u00edmicos t\u00f3xicos para prolongar o prazo de validade.<\/p>\n<p class=\"translation-block\">Al\u00e9m disso, cada sabonete \u00e9 <strong>criado com inten\u00e7\u00e3o e dedica\u00e7\u00e3o<\/strong>, combinando \u00f3leos nutritivos com cores naturais e aromas bot\u00e2nicos. Como cada barra \u00e9 cortada \u00e0 m\u00e3o, desenvolve o seu pr\u00f3prio car\u00e1cter \u00fanico, com subtis varia\u00e7\u00f5es na forma, padr\u00e3o e textura que tornam cada pe\u00e7a verdadeiramente especial.<\/p>\n<p class=\"translation-block\">Normalmente, um sabonete inteiro pesa cerca de 110g, enquanto os mini sabonetes t\u00eam cerca de 55g. Por serem feitos \u00e0 m\u00e3o, as decora\u00e7\u00f5es e o corte final podem afetar ligeiramente o peso e a apar\u00eancia, contribuindo para a <strong>singularidade de cada barra.<\/strong><\/p>","protected":false},"excerpt":{"rendered":"<p>Sabonete artesanal de azeite, ideal para o corpo, rosto e m\u00e3os.<\/p>\n<p>Extra hidratante e isento de \u00f3leos essenciais, especialmente indicado para pele seca ou sens\u00edvel e crian\u00e7as.<\/p>\n<p>Aroma quente a mel.<\/p>","protected":false},"featured_media":2588,"comment_status":"open","ping_status":"closed","template":"","meta":{"_acf_changed":false,"_et_pb_use_builder":"off","_et_pb_old_content":"Extra moisturizing formula with combination of shea butter, castor oil and honey.\u00a0<span style=\"font-weight: 300\">To keep it as gentle as possible, no essential oils were added, and the fragrance comes only from the honey and olive oil infused in calendula flowers, locally planted by a friend and collected and dried by us, making this soap perfect for extra dry skin, sensitive or with eczema or psoriasis.<\/span>\r\n\r\nThe main ingredient is the <strong>extra virgin olive oil<\/strong>, extracted from local olive trees that grow all around this area and give the Alentejo its characteristic landscape. To add to the moisturizing characteristics of the olive oil, the organic cold pressed\u00a0<strong>coconut oil<\/strong> provides the cleansing and firming properties and creates a bubbly lather.\r\n\r\n<strong>Shea butter<\/strong> is\u00a0a fat extracted from the nut of the African shea tree and is mostly used for its healing, protecting and\u00a0moisturizing properties.\u00a0It has a high concentration of linoleic and oleic acids, which provide conditioning properties and produce gentle and mild soaps.\u00a0It also has a high content of unsaponifiables (additional components that don't completely convert into soap, fully keeping its properties), which means it\u2019s an excellent skin-loving ingredient in cold process soap.\r\n\r\n<strong>Castor oil<\/strong> is a luxurious oil extracted from the seeds of the castor oil plant.\u00a0It has a thick and viscous texture and a slight odor. In cold process soap, it contributes to large bubbles and is known for its cleansing properties. It feels similar to glycerin with a thick and sticky texture acting as a humectant on the skin.\r\n\r\n<strong>Calendula<\/strong> is widely known for its\u00a0anti-inflammatory, anti-bacterial\u00a0and healing properties, making it an amazing plant to treat\u00a0rashes, scratches, eczema, psoriasis, chapped skin, insect bites and damaged skin. Natural soap infused with Calendula olive oil is considered to be a very effective herbal remedy for skin problems.\r\n\r\n<strong>Honey<\/strong> is a natural humectant, which means it absorbs moisture from the air. Humectants are great for the skin, as they can help the skin retain moisture. It also contains antioxidants and natural sugars which can increase the lather of cold process soap.\r\n\r\n<strong>HOW TO USE<\/strong>\r\n\r\n1.Wet the soap bar.\r\n\r\n2.Rub the soap in the hands or directly on the body.\r\n\r\n3.Always leave the soap on top of a sponge or a soap holder with holes for the water to go through, making sure that it dries well between uses. This is the most important step for the soap to last a longer time. If it doesn't dry properly, it becomes soft and every time it comes off a lot more quantity than needed.\r\n\r\n<strong>INGREDIENTS<\/strong>\r\n\r\nExtra virgin olive oil infused in calendula (sodium olivate), bio cold pressed coconut oil (sodium cocoate), calendula water infusion, shea butter (sodium shea butterate), castor oil (sodium castorate), honey, pink clay, sodium lactate, dried calendula flowers.\r\n\r\nCruelty free.\r\n100% biodegradable.\r\nNo synthetic fragrance or colour.\r\nNo toxic chemicals.\r\n\r\nAll the soaps are made in small batches in an artesanal process. Each batch can be a little bit different from the picture.\r\n\r\nThe weight is approximately 80g since the soap keeps on evaporating the water even after some weeks.","_et_gb_content_width":""},"product_brand":[],"product_cat":[128],"product_tag":[280,417,414,416,415],"class_list":{"0":"post-1795","1":"product","2":"type-product","3":"status-publish","4":"has-post-thumbnail","6":"product_cat-artisanal-soap","7":"product_tag-soap","8":"product_tag-baby-soap","9":"product_tag-honey-soap","10":"product_tag-sensitive-soap","11":"product_tag-shea-butte-soap","12":"pa_ingredients-almond-oil","13":"pa_ingredients-castor-oil","14":"pa_ingredients-coconut-oil","15":"pa_ingredients-honey","16":"pa_ingredients-olive-oil","17":"pa_ingredients-red-clay","18":"pa_ingredients-shea-butter","20":"first","21":"instock","22":"taxable","23":"shipping-taxable","24":"purchasable","25":"product-type-variable"},"acf":[],"yoast_head":"<!-- This site is optimized with the Yoast SEO plugin v27.3 - https:\/\/yoast.com\/product\/yoast-seo-wordpress\/ -->\n<title>Natural calendula and honey soap - masalaCRUA<\/title>\n<meta name=\"description\" content=\"Handcrafted olive oil soap, ideal for body, face, and hands. This Honey &amp; Shea Butter Soap is specially made for dry or sensitive skin, babies and children.\" \/>\n<meta name=\"robots\" content=\"index, follow, max-snippet:-1, max-image-preview:large, max-video-preview:-1\" \/>\n<link rel=\"canonical\" href=\"https:\/\/masalacrua.pt\/pt\/produto\/honey-shea-butter-soap\/\" \/>\n<meta property=\"og:locale\" content=\"pt_PT\" \/>\n<meta property=\"og:type\" content=\"article\" \/>\n<meta property=\"og:title\" content=\"Natural calendula and honey soap - masalaCRUA\" \/>\n<meta property=\"og:description\" content=\"Handcrafted olive oil soap, ideal for body, face, and hands. This Honey &amp; Shea Butter Soap is specially made for dry or sensitive skin, babies and children.\" \/>\n<meta property=\"og:url\" content=\"https:\/\/masalacrua.pt\/pt\/produto\/honey-shea-butter-soap\/\" \/>\n<meta property=\"og:site_name\" content=\"masalaCRUA\" \/>\n<meta property=\"article:publisher\" content=\"https:\/\/www.facebook.com\/masalaCRUA\" \/>\n<meta property=\"article:modified_time\" content=\"2026-03-23T11:24:56+00:00\" \/>\n<meta property=\"og:image\" content=\"https:\/\/masalacrua.pt\/wp-content\/uploads\/2024\/07\/img_0421.jpeg\" \/>\n\t<meta property=\"og:image:width\" content=\"1000\" \/>\n\t<meta property=\"og:image:height\" content=\"750\" \/>\n\t<meta property=\"og:image:type\" content=\"image\/jpeg\" \/>\n<meta name=\"twitter:card\" content=\"summary_large_image\" \/>\n<meta name=\"twitter:label1\" content=\"Tempo estimado de leitura\" \/>\n\t<meta name=\"twitter:data1\" content=\"3 minutos\" \/>\n<script type=\"application\/ld+json\" class=\"yoast-schema-graph\">{\"@context\":\"https:\\\/\\\/schema.org\",\"@graph\":[{\"@type\":\"WebPage\",\"@id\":\"https:\\\/\\\/masalacrua.pt\\\/product\\\/honey-shea-butter-soap\\\/\",\"url\":\"https:\\\/\\\/masalacrua.pt\\\/product\\\/honey-shea-butter-soap\\\/\",\"name\":\"Natural calendula and honey soap - masalaCRUA\",\"isPartOf\":{\"@id\":\"https:\\\/\\\/masalacrua.pt\\\/#website\"},\"primaryImageOfPage\":{\"@id\":\"https:\\\/\\\/masalacrua.pt\\\/product\\\/honey-shea-butter-soap\\\/#primaryimage\"},\"image\":{\"@id\":\"https:\\\/\\\/masalacrua.pt\\\/product\\\/honey-shea-butter-soap\\\/#primaryimage\"},\"thumbnailUrl\":\"https:\\\/\\\/masalacrua.pt\\\/wp-content\\\/uploads\\\/2024\\\/07\\\/img_0421.jpeg\",\"datePublished\":\"2024-07-14T16:55:20+00:00\",\"dateModified\":\"2026-03-23T11:24:56+00:00\",\"description\":\"Handcrafted olive oil soap, ideal for body, face, and hands. This Honey & Shea Butter Soap is specially made for dry or sensitive skin, babies and children.\",\"breadcrumb\":{\"@id\":\"https:\\\/\\\/masalacrua.pt\\\/product\\\/honey-shea-butter-soap\\\/#breadcrumb\"},\"inLanguage\":\"pt-PT\",\"potentialAction\":[{\"@type\":\"ReadAction\",\"target\":[\"https:\\\/\\\/masalacrua.pt\\\/product\\\/honey-shea-butter-soap\\\/\"]}]},{\"@type\":\"ImageObject\",\"inLanguage\":\"pt-PT\",\"@id\":\"https:\\\/\\\/masalacrua.pt\\\/product\\\/honey-shea-butter-soap\\\/#primaryimage\",\"url\":\"https:\\\/\\\/masalacrua.pt\\\/wp-content\\\/uploads\\\/2024\\\/07\\\/img_0421.jpeg\",\"contentUrl\":\"https:\\\/\\\/masalacrua.pt\\\/wp-content\\\/uploads\\\/2024\\\/07\\\/img_0421.jpeg\",\"width\":1000,\"height\":750,\"caption\":\"Processed with VSCO with a9 preset\"},{\"@type\":\"BreadcrumbList\",\"@id\":\"https:\\\/\\\/masalacrua.pt\\\/product\\\/honey-shea-butter-soap\\\/#breadcrumb\",\"itemListElement\":[{\"@type\":\"ListItem\",\"position\":1,\"name\":\"Home\",\"item\":\"https:\\\/\\\/masalacrua.pt\\\/\"},{\"@type\":\"ListItem\",\"position\":2,\"name\":\"SHOP\",\"item\":\"https:\\\/\\\/masalacrua.pt\\\/shop\\\/\"},{\"@type\":\"ListItem\",\"position\":3,\"name\":\"soap | honey shea butter\"}]},{\"@type\":\"WebSite\",\"@id\":\"https:\\\/\\\/masalacrua.pt\\\/#website\",\"url\":\"https:\\\/\\\/masalacrua.pt\\\/\",\"name\":\"masalaCRUA\",\"description\":\"natural creations\",\"publisher\":{\"@id\":\"https:\\\/\\\/masalacrua.pt\\\/#organization\"},\"potentialAction\":[{\"@type\":\"SearchAction\",\"target\":{\"@type\":\"EntryPoint\",\"urlTemplate\":\"https:\\\/\\\/masalacrua.pt\\\/?s={search_term_string}\"},\"query-input\":{\"@type\":\"PropertyValueSpecification\",\"valueRequired\":true,\"valueName\":\"search_term_string\"}}],\"inLanguage\":\"pt-PT\"},{\"@type\":\"Organization\",\"@id\":\"https:\\\/\\\/masalacrua.pt\\\/#organization\",\"name\":\"masalaCRUA\",\"url\":\"https:\\\/\\\/masalacrua.pt\\\/\",\"logo\":{\"@type\":\"ImageObject\",\"inLanguage\":\"pt-PT\",\"@id\":\"https:\\\/\\\/masalacrua.pt\\\/#\\\/schema\\\/logo\\\/image\\\/\",\"url\":\"https:\\\/\\\/masalacrua.pt\\\/wp-content\\\/uploads\\\/2021\\\/11\\\/LOGO-finalLOGO-EXPAND-5pt-copy.png\",\"contentUrl\":\"https:\\\/\\\/masalacrua.pt\\\/wp-content\\\/uploads\\\/2021\\\/11\\\/LOGO-finalLOGO-EXPAND-5pt-copy.png\",\"width\":767,\"height\":766,\"caption\":\"masalaCRUA\"},\"image\":{\"@id\":\"https:\\\/\\\/masalacrua.pt\\\/#\\\/schema\\\/logo\\\/image\\\/\"},\"sameAs\":[\"https:\\\/\\\/www.facebook.com\\\/masalaCRUA\",\"https:\\\/\\\/www.instagram.com\\\/masala.crua\\\/\"]}]}<\/script>\n<!-- \/ Yoast SEO plugin. -->","yoast_head_json":{"title":"Natural calendula and honey soap - masalaCRUA","description":"Handcrafted olive oil soap, ideal for body, face, and hands. This Honey & Shea Butter Soap is specially made for dry or sensitive skin, babies and children.","robots":{"index":"index","follow":"follow","max-snippet":"max-snippet:-1","max-image-preview":"max-image-preview:large","max-video-preview":"max-video-preview:-1"},"canonical":"https:\/\/masalacrua.pt\/pt\/produto\/honey-shea-butter-soap\/","og_locale":"pt_PT","og_type":"article","og_title":"Natural calendula and honey soap - masalaCRUA","og_description":"Handcrafted olive oil soap, ideal for body, face, and hands. This Honey & Shea Butter Soap is specially made for dry or sensitive skin, babies and children.","og_url":"https:\/\/masalacrua.pt\/pt\/produto\/honey-shea-butter-soap\/","og_site_name":"masalaCRUA","article_publisher":"https:\/\/www.facebook.com\/masalaCRUA","article_modified_time":"2026-03-23T11:24:56+00:00","og_image":[{"width":1000,"height":750,"url":"https:\/\/masalacrua.pt\/wp-content\/uploads\/2024\/07\/img_0421.jpeg","type":"image\/jpeg"}],"twitter_card":"summary_large_image","twitter_misc":{"Tempo estimado de leitura":"3 minutos"},"schema":{"@context":"https:\/\/schema.org","@graph":[{"@type":"WebPage","@id":"https:\/\/masalacrua.pt\/product\/honey-shea-butter-soap\/","url":"https:\/\/masalacrua.pt\/product\/honey-shea-butter-soap\/","name":"Natural calendula and honey soap - masalaCRUA","isPartOf":{"@id":"https:\/\/masalacrua.pt\/#website"},"primaryImageOfPage":{"@id":"https:\/\/masalacrua.pt\/product\/honey-shea-butter-soap\/#primaryimage"},"image":{"@id":"https:\/\/masalacrua.pt\/product\/honey-shea-butter-soap\/#primaryimage"},"thumbnailUrl":"https:\/\/masalacrua.pt\/wp-content\/uploads\/2024\/07\/img_0421.jpeg","datePublished":"2024-07-14T16:55:20+00:00","dateModified":"2026-03-23T11:24:56+00:00","description":"Handcrafted olive oil soap, ideal for body, face, and hands. This Honey & Shea Butter Soap is specially made for dry or sensitive skin, babies and children.","breadcrumb":{"@id":"https:\/\/masalacrua.pt\/product\/honey-shea-butter-soap\/#breadcrumb"},"inLanguage":"pt-PT","potentialAction":[{"@type":"ReadAction","target":["https:\/\/masalacrua.pt\/product\/honey-shea-butter-soap\/"]}]},{"@type":"ImageObject","inLanguage":"pt-PT","@id":"https:\/\/masalacrua.pt\/product\/honey-shea-butter-soap\/#primaryimage","url":"https:\/\/masalacrua.pt\/wp-content\/uploads\/2024\/07\/img_0421.jpeg","contentUrl":"https:\/\/masalacrua.pt\/wp-content\/uploads\/2024\/07\/img_0421.jpeg","width":1000,"height":750,"caption":"Processed with VSCO with a9 preset"},{"@type":"BreadcrumbList","@id":"https:\/\/masalacrua.pt\/product\/honey-shea-butter-soap\/#breadcrumb","itemListElement":[{"@type":"ListItem","position":1,"name":"Home","item":"https:\/\/masalacrua.pt\/"},{"@type":"ListItem","position":2,"name":"SHOP","item":"https:\/\/masalacrua.pt\/shop\/"},{"@type":"ListItem","position":3,"name":"soap | honey shea butter"}]},{"@type":"WebSite","@id":"https:\/\/masalacrua.pt\/#website","url":"https:\/\/masalacrua.pt\/","name":"masalaCRUA","description":"natural creations","publisher":{"@id":"https:\/\/masalacrua.pt\/#organization"},"potentialAction":[{"@type":"SearchAction","target":{"@type":"EntryPoint","urlTemplate":"https:\/\/masalacrua.pt\/?s={search_term_string}"},"query-input":{"@type":"PropertyValueSpecification","valueRequired":true,"valueName":"search_term_string"}}],"inLanguage":"pt-PT"},{"@type":"Organization","@id":"https:\/\/masalacrua.pt\/#organization","name":"masalaCRUA","url":"https:\/\/masalacrua.pt\/","logo":{"@type":"ImageObject","inLanguage":"pt-PT","@id":"https:\/\/masalacrua.pt\/#\/schema\/logo\/image\/","url":"https:\/\/masalacrua.pt\/wp-content\/uploads\/2021\/11\/LOGO-finalLOGO-EXPAND-5pt-copy.png","contentUrl":"https:\/\/masalacrua.pt\/wp-content\/uploads\/2021\/11\/LOGO-finalLOGO-EXPAND-5pt-copy.png","width":767,"height":766,"caption":"masalaCRUA"},"image":{"@id":"https:\/\/masalacrua.pt\/#\/schema\/logo\/image\/"},"sameAs":["https:\/\/www.facebook.com\/masalaCRUA","https:\/\/www.instagram.com\/masala.crua\/"]}]}},"jetpack_sharing_enabled":true,"_links":{"self":[{"href":"https:\/\/masalacrua.pt\/pt\/wp-json\/wp\/v2\/product\/1795","targetHints":{"allow":["GET"]}}],"collection":[{"href":"https:\/\/masalacrua.pt\/pt\/wp-json\/wp\/v2\/product"}],"about":[{"href":"https:\/\/masalacrua.pt\/pt\/wp-json\/wp\/v2\/types\/product"}],"replies":[{"embeddable":true,"href":"https:\/\/masalacrua.pt\/pt\/wp-json\/wp\/v2\/comments?post=1795"}],"wp:featuredmedia":[{"embeddable":true,"href":"https:\/\/masalacrua.pt\/pt\/wp-json\/wp\/v2\/media\/2588"}],"wp:attachment":[{"href":"https:\/\/masalacrua.pt\/pt\/wp-json\/wp\/v2\/media?parent=1795"}],"wp:term":[{"taxonomy":"product_brand","embeddable":true,"href":"https:\/\/masalacrua.pt\/pt\/wp-json\/wp\/v2\/product_brand?post=1795"},{"taxonomy":"product_cat","embeddable":true,"href":"https:\/\/masalacrua.pt\/pt\/wp-json\/wp\/v2\/product_cat?post=1795"},{"taxonomy":"product_tag","embeddable":true,"href":"https:\/\/masalacrua.pt\/pt\/wp-json\/wp\/v2\/product_tag?post=1795"}],"curies":[{"name":"wp","href":"https:\/\/api.w.org\/{rel}","templated":true}]}}