{"id":1796,"date":"2024-07-14T18:37:10","date_gmt":"2024-07-14T17:37:10","guid":{"rendered":"https:\/\/masalacrua.pt\/?post_type=product&#038;p=1796"},"modified":"2026-03-17T12:27:58","modified_gmt":"2026-03-17T12:27:58","slug":"natural-mosquito-repellent","status":"publish","type":"product","link":"https:\/\/masalacrua.pt\/pt\/produto\/natural-mosquito-repellent\/","title":{"rendered":"repelente de mosquito | citronela"},"content":{"rendered":"<h3 data-start=\"129\" data-end=\"169\"><strong data-start=\"129\" data-end=\"167\">NATURAL MOSQUITO REPELLENT ROLL-ON<\/strong><\/h3>\n<p data-start=\"171\" data-end=\"416\">Keep mosquitoes and other insects away with this gentle, oil-based natural repellent. Crafted with a blend of pure essential oils, it\u2019s easy to apply, skin-friendly, and perfect to carry anywhere thanks to its convenient 10ml roll-on design.<\/p>\n<p data-start=\"171\" data-end=\"416\">The natural repellent combines nourishing oils and powerful essential oils for gentle, effective protection. Cold-pressed almond oil softens and hydrates the skin. The essential oils of citronella, eucalyptus citriodora, lavender, geranium, clove and litsea are carefully blended to naturally repel mosquitoes and other insects, while offering a refreshing, uplifting aroma.<\/p>\n<p data-start=\"171\" data-end=\"416\">Each essential oil contributes not only its protective properties but also a <strong>soothing, calming effect on the skin<\/strong> and senses, making this roll-on both effective and gentle for everyday use.<\/p>\n<p>Our repellent is oil-based and <strong>free from alcohol<\/strong>, making it gentle and nourishing for the skin. Unlike traditional alcohol-based perfumes, which can dry out the skin and weaken its natural protective barrier, the oil helps the fragrance spread smoothly while keeping your skin soft and cared for.<\/p>\n<p>&nbsp;<\/p>\n<p>Check out our other roll on: <a href=\"https:\/\/masalacrua.pt\/pt\/produto\/natural-perfume-lavender\/\" target=\"_blank\" rel=\"noopener\">lavanda<\/a> or <a href=\"https:\/\/masalacrua.pt\/pt\/produto\/natural-perfume-jasmine\/\" target=\"_blank\" rel=\"noopener\">jasmine <\/a>natural perfumes.<\/p>\n<p>&nbsp;<\/p>\n<h3><strong>INGREDIENTES<\/strong><\/h3>\n<p>prunus amygdalus dulcis oil (cold pressed)*, tocopherol (natural vitamin E), lavandula augustifolia oil, pelargonium graveolens (geranium) oil, eugenia caryophyllus bud (clove) oil, cymbopogon winterianus (Citronella) oil, litsea cubea fruit oil, eucalyptus citriodora oil*.<\/p>\n<p>*proveniente de produ\u00e7\u00e3o org\u00e2nica<\/p>\n<p>&nbsp;<\/p>\n<p class=\"translation-block\">Vegan e n\u00e3o testado em animais.<br>\n100% biodegrad\u00e1vel.<br>\nSem fragr\u00e2ncias ou cores sint\u00e9ticas.<br>\nSem produtos qu\u00edmicos t\u00f3xicos.<\/p>","protected":false},"excerpt":{"rendered":"<p>A natural oil based repellent with a blend of pure essential oils to keep the mosquitos and other insects away.<\/p>\n<p>10ml roll ideal for carrying in your bag and applying with ease.<\/p>","protected":false},"featured_media":2624,"comment_status":"open","ping_status":"closed","template":"","meta":{"_acf_changed":false,"_et_pb_use_builder":"off","_et_pb_old_content":"<span style=\"font-weight: 300\">The almond oil is infused in eucalyptus leaves, that grow all over alentejo. They are carefully picked and slowly dried by us and put inside jars with almond oil for a few weeks until the scent and properties are completely incorporated into the oil.<\/span>\r\n\r\n<span style=\"font-weight: 300\"><strong>Eucalyptus\u00a0<\/strong><\/span>improves dry skin by increasing its ceramide content, a type of fatty acid in the skin that\u2019s responsible for maintaining its barrier and retaining the moisture that normally are present in lower levels in people with dry skin, dandruff, or skin disorders like dermatitis and psoriasis.<span style=\"font-weight: 300\">\u00a0Its characteristic scent brings refreshing, purifying and cleansing properties. It is also<\/span>\u00a0packed full of analgesic, antiseptic, antiviral and decongestant properties, being highly beneficial to the respiratory and immune system.\r\n\r\n<strong>Almond oil<\/strong>\u00a0is an easily absorbed oil that works both as a moisturizer (provides hydration) and emollient (smooths the skin), which makes it a great choice for all kinds of skin care products. Non-irritating and light, it is safe for sensitive skin and it has been used for centuries to soothe the skin and treat minor wounds and cuts, specially in ancient Chinese and ayurvedic practices to treat skin conditions like eczema and psoriasis.\u00a0Almond oil can also help to reduce stretch marks in pregnant women by applying it combined with massage and can also\u00a0reduce itching caused by stretch marks as the skin heals.\r\n\r\n<strong>INGREDIENTS<\/strong>\r\n\r\nCold pressed almond oil infused in eucalyptus leaves\u00a0(locally grown),\u00a0essential oil of eucalyptus blue gum.\r\n\r\nVegan and cruelty free.\r\n100% biodegradable.\r\nNo synthetic fragrance or colour.\r\nNo toxic chemicals.","_et_gb_content_width":""},"product_brand":[],"product_cat":[127],"product_tag":[322,323,252,230,439],"class_list":{"0":"post-1796","1":"product","2":"type-product","3":"status-publish","4":"has-post-thumbnail","6":"product_cat-body-care","7":"product_tag-citronella","8":"product_tag-geranium","9":"product_tag-lavender","10":"product_tag-mosquito-repellent","11":"product_tag-natural-repellent","12":"pa_ingredients-citronella-essential-oil","13":"pa_ingredients-clove","14":"pa_ingredients-geranium-essential-oil","15":"pa_ingredients-grape-seed-oil","16":"pa_ingredients-lavender","18":"first","19":"instock","20":"taxable","21":"shipping-taxable","22":"purchasable","23":"product-type-simple"},"acf":[],"yoast_head":"<!-- This site is optimized with the Yoast SEO plugin v27.3 - https:\/\/yoast.com\/product\/yoast-seo-wordpress\/ -->\n<title>Natural Mosquito Repellent<\/title>\n<meta name=\"description\" content=\"Oil based natural repellent with a blend of pure essential oils to keep the mosquitos and other insects away. Natural Mosquito Repellent roll on.\" \/>\n<meta name=\"robots\" content=\"index, follow, max-snippet:-1, max-image-preview:large, max-video-preview:-1\" \/>\n<link rel=\"canonical\" href=\"https:\/\/masalacrua.pt\/pt\/produto\/natural-mosquito-repellent\/\" \/>\n<meta property=\"og:locale\" content=\"pt_PT\" \/>\n<meta property=\"og:type\" content=\"article\" \/>\n<meta property=\"og:title\" content=\"Natural Mosquito Repellent\" \/>\n<meta property=\"og:description\" content=\"Oil based natural repellent with a blend of pure essential oils to keep the mosquitos and other insects away. Natural Mosquito Repellent roll on.\" \/>\n<meta property=\"og:url\" content=\"https:\/\/masalacrua.pt\/pt\/produto\/natural-mosquito-repellent\/\" \/>\n<meta property=\"og:site_name\" content=\"masalaCRUA\" \/>\n<meta property=\"article:publisher\" content=\"https:\/\/www.facebook.com\/masalaCRUA\" \/>\n<meta property=\"article:modified_time\" content=\"2026-03-17T12:27:58+00:00\" \/>\n<meta property=\"og:image\" content=\"https:\/\/masalacrua.pt\/wp-content\/uploads\/2024\/07\/img_0497.jpeg\" \/>\n\t<meta property=\"og:image:width\" content=\"1000\" \/>\n\t<meta property=\"og:image:height\" content=\"750\" \/>\n\t<meta property=\"og:image:type\" content=\"image\/jpeg\" \/>\n<meta name=\"twitter:card\" content=\"summary_large_image\" \/>\n<meta name=\"twitter:label1\" content=\"Tempo estimado de leitura\" \/>\n\t<meta name=\"twitter:data1\" content=\"2 minutos\" \/>\n<script type=\"application\/ld+json\" class=\"yoast-schema-graph\">{\"@context\":\"https:\\\/\\\/schema.org\",\"@graph\":[{\"@type\":\"WebPage\",\"@id\":\"https:\\\/\\\/masalacrua.pt\\\/product\\\/natural-mosquito-repellent\\\/\",\"url\":\"https:\\\/\\\/masalacrua.pt\\\/product\\\/natural-mosquito-repellent\\\/\",\"name\":\"Natural Mosquito Repellent\",\"isPartOf\":{\"@id\":\"https:\\\/\\\/masalacrua.pt\\\/#website\"},\"primaryImageOfPage\":{\"@id\":\"https:\\\/\\\/masalacrua.pt\\\/product\\\/natural-mosquito-repellent\\\/#primaryimage\"},\"image\":{\"@id\":\"https:\\\/\\\/masalacrua.pt\\\/product\\\/natural-mosquito-repellent\\\/#primaryimage\"},\"thumbnailUrl\":\"https:\\\/\\\/masalacrua.pt\\\/wp-content\\\/uploads\\\/2024\\\/07\\\/img_0497.jpeg\",\"datePublished\":\"2024-07-14T17:37:10+00:00\",\"dateModified\":\"2026-03-17T12:27:58+00:00\",\"description\":\"Oil based natural repellent with a blend of pure essential oils to keep the mosquitos and other insects away. Natural Mosquito Repellent roll on.\",\"breadcrumb\":{\"@id\":\"https:\\\/\\\/masalacrua.pt\\\/product\\\/natural-mosquito-repellent\\\/#breadcrumb\"},\"inLanguage\":\"pt-PT\",\"potentialAction\":[{\"@type\":\"ReadAction\",\"target\":[\"https:\\\/\\\/masalacrua.pt\\\/product\\\/natural-mosquito-repellent\\\/\"]}]},{\"@type\":\"ImageObject\",\"inLanguage\":\"pt-PT\",\"@id\":\"https:\\\/\\\/masalacrua.pt\\\/product\\\/natural-mosquito-repellent\\\/#primaryimage\",\"url\":\"https:\\\/\\\/masalacrua.pt\\\/wp-content\\\/uploads\\\/2024\\\/07\\\/img_0497.jpeg\",\"contentUrl\":\"https:\\\/\\\/masalacrua.pt\\\/wp-content\\\/uploads\\\/2024\\\/07\\\/img_0497.jpeg\",\"width\":1000,\"height\":750,\"caption\":\"Processed with VSCO with a9 preset\"},{\"@type\":\"BreadcrumbList\",\"@id\":\"https:\\\/\\\/masalacrua.pt\\\/product\\\/natural-mosquito-repellent\\\/#breadcrumb\",\"itemListElement\":[{\"@type\":\"ListItem\",\"position\":1,\"name\":\"Home\",\"item\":\"https:\\\/\\\/masalacrua.pt\\\/\"},{\"@type\":\"ListItem\",\"position\":2,\"name\":\"SHOP\",\"item\":\"https:\\\/\\\/masalacrua.pt\\\/shop\\\/\"},{\"@type\":\"ListItem\",\"position\":3,\"name\":\"Mosquito repellent | citronella\"}]},{\"@type\":\"WebSite\",\"@id\":\"https:\\\/\\\/masalacrua.pt\\\/#website\",\"url\":\"https:\\\/\\\/masalacrua.pt\\\/\",\"name\":\"masalaCRUA\",\"description\":\"natural creations\",\"publisher\":{\"@id\":\"https:\\\/\\\/masalacrua.pt\\\/#organization\"},\"potentialAction\":[{\"@type\":\"SearchAction\",\"target\":{\"@type\":\"EntryPoint\",\"urlTemplate\":\"https:\\\/\\\/masalacrua.pt\\\/?s={search_term_string}\"},\"query-input\":{\"@type\":\"PropertyValueSpecification\",\"valueRequired\":true,\"valueName\":\"search_term_string\"}}],\"inLanguage\":\"pt-PT\"},{\"@type\":\"Organization\",\"@id\":\"https:\\\/\\\/masalacrua.pt\\\/#organization\",\"name\":\"masalaCRUA\",\"url\":\"https:\\\/\\\/masalacrua.pt\\\/\",\"logo\":{\"@type\":\"ImageObject\",\"inLanguage\":\"pt-PT\",\"@id\":\"https:\\\/\\\/masalacrua.pt\\\/#\\\/schema\\\/logo\\\/image\\\/\",\"url\":\"https:\\\/\\\/masalacrua.pt\\\/wp-content\\\/uploads\\\/2021\\\/11\\\/LOGO-finalLOGO-EXPAND-5pt-copy.png\",\"contentUrl\":\"https:\\\/\\\/masalacrua.pt\\\/wp-content\\\/uploads\\\/2021\\\/11\\\/LOGO-finalLOGO-EXPAND-5pt-copy.png\",\"width\":767,\"height\":766,\"caption\":\"masalaCRUA\"},\"image\":{\"@id\":\"https:\\\/\\\/masalacrua.pt\\\/#\\\/schema\\\/logo\\\/image\\\/\"},\"sameAs\":[\"https:\\\/\\\/www.facebook.com\\\/masalaCRUA\",\"https:\\\/\\\/www.instagram.com\\\/masala.crua\\\/\"]}]}<\/script>\n<!-- \/ Yoast SEO plugin. -->","yoast_head_json":{"title":"Natural Mosquito Repellent","description":"Oil based natural repellent with a blend of pure essential oils to keep the mosquitos and other insects away. Natural Mosquito Repellent roll on.","robots":{"index":"index","follow":"follow","max-snippet":"max-snippet:-1","max-image-preview":"max-image-preview:large","max-video-preview":"max-video-preview:-1"},"canonical":"https:\/\/masalacrua.pt\/pt\/produto\/natural-mosquito-repellent\/","og_locale":"pt_PT","og_type":"article","og_title":"Natural Mosquito Repellent","og_description":"Oil based natural repellent with a blend of pure essential oils to keep the mosquitos and other insects away. Natural Mosquito Repellent roll on.","og_url":"https:\/\/masalacrua.pt\/pt\/produto\/natural-mosquito-repellent\/","og_site_name":"masalaCRUA","article_publisher":"https:\/\/www.facebook.com\/masalaCRUA","article_modified_time":"2026-03-17T12:27:58+00:00","og_image":[{"width":1000,"height":750,"url":"https:\/\/masalacrua.pt\/wp-content\/uploads\/2024\/07\/img_0497.jpeg","type":"image\/jpeg"}],"twitter_card":"summary_large_image","twitter_misc":{"Tempo estimado de leitura":"2 minutos"},"schema":{"@context":"https:\/\/schema.org","@graph":[{"@type":"WebPage","@id":"https:\/\/masalacrua.pt\/product\/natural-mosquito-repellent\/","url":"https:\/\/masalacrua.pt\/product\/natural-mosquito-repellent\/","name":"Natural Mosquito Repellent","isPartOf":{"@id":"https:\/\/masalacrua.pt\/#website"},"primaryImageOfPage":{"@id":"https:\/\/masalacrua.pt\/product\/natural-mosquito-repellent\/#primaryimage"},"image":{"@id":"https:\/\/masalacrua.pt\/product\/natural-mosquito-repellent\/#primaryimage"},"thumbnailUrl":"https:\/\/masalacrua.pt\/wp-content\/uploads\/2024\/07\/img_0497.jpeg","datePublished":"2024-07-14T17:37:10+00:00","dateModified":"2026-03-17T12:27:58+00:00","description":"Oil based natural repellent with a blend of pure essential oils to keep the mosquitos and other insects away. Natural Mosquito Repellent roll on.","breadcrumb":{"@id":"https:\/\/masalacrua.pt\/product\/natural-mosquito-repellent\/#breadcrumb"},"inLanguage":"pt-PT","potentialAction":[{"@type":"ReadAction","target":["https:\/\/masalacrua.pt\/product\/natural-mosquito-repellent\/"]}]},{"@type":"ImageObject","inLanguage":"pt-PT","@id":"https:\/\/masalacrua.pt\/product\/natural-mosquito-repellent\/#primaryimage","url":"https:\/\/masalacrua.pt\/wp-content\/uploads\/2024\/07\/img_0497.jpeg","contentUrl":"https:\/\/masalacrua.pt\/wp-content\/uploads\/2024\/07\/img_0497.jpeg","width":1000,"height":750,"caption":"Processed with VSCO with a9 preset"},{"@type":"BreadcrumbList","@id":"https:\/\/masalacrua.pt\/product\/natural-mosquito-repellent\/#breadcrumb","itemListElement":[{"@type":"ListItem","position":1,"name":"Home","item":"https:\/\/masalacrua.pt\/"},{"@type":"ListItem","position":2,"name":"SHOP","item":"https:\/\/masalacrua.pt\/shop\/"},{"@type":"ListItem","position":3,"name":"Mosquito repellent | citronella"}]},{"@type":"WebSite","@id":"https:\/\/masalacrua.pt\/#website","url":"https:\/\/masalacrua.pt\/","name":"masalaCRUA","description":"natural creations","publisher":{"@id":"https:\/\/masalacrua.pt\/#organization"},"potentialAction":[{"@type":"SearchAction","target":{"@type":"EntryPoint","urlTemplate":"https:\/\/masalacrua.pt\/?s={search_term_string}"},"query-input":{"@type":"PropertyValueSpecification","valueRequired":true,"valueName":"search_term_string"}}],"inLanguage":"pt-PT"},{"@type":"Organization","@id":"https:\/\/masalacrua.pt\/#organization","name":"masalaCRUA","url":"https:\/\/masalacrua.pt\/","logo":{"@type":"ImageObject","inLanguage":"pt-PT","@id":"https:\/\/masalacrua.pt\/#\/schema\/logo\/image\/","url":"https:\/\/masalacrua.pt\/wp-content\/uploads\/2021\/11\/LOGO-finalLOGO-EXPAND-5pt-copy.png","contentUrl":"https:\/\/masalacrua.pt\/wp-content\/uploads\/2021\/11\/LOGO-finalLOGO-EXPAND-5pt-copy.png","width":767,"height":766,"caption":"masalaCRUA"},"image":{"@id":"https:\/\/masalacrua.pt\/#\/schema\/logo\/image\/"},"sameAs":["https:\/\/www.facebook.com\/masalaCRUA","https:\/\/www.instagram.com\/masala.crua\/"]}]}},"jetpack_sharing_enabled":true,"_links":{"self":[{"href":"https:\/\/masalacrua.pt\/pt\/wp-json\/wp\/v2\/product\/1796","targetHints":{"allow":["GET"]}}],"collection":[{"href":"https:\/\/masalacrua.pt\/pt\/wp-json\/wp\/v2\/product"}],"about":[{"href":"https:\/\/masalacrua.pt\/pt\/wp-json\/wp\/v2\/types\/product"}],"replies":[{"embeddable":true,"href":"https:\/\/masalacrua.pt\/pt\/wp-json\/wp\/v2\/comments?post=1796"}],"wp:featuredmedia":[{"embeddable":true,"href":"https:\/\/masalacrua.pt\/pt\/wp-json\/wp\/v2\/media\/2624"}],"wp:attachment":[{"href":"https:\/\/masalacrua.pt\/pt\/wp-json\/wp\/v2\/media?parent=1796"}],"wp:term":[{"taxonomy":"product_brand","embeddable":true,"href":"https:\/\/masalacrua.pt\/pt\/wp-json\/wp\/v2\/product_brand?post=1796"},{"taxonomy":"product_cat","embeddable":true,"href":"https:\/\/masalacrua.pt\/pt\/wp-json\/wp\/v2\/product_cat?post=1796"},{"taxonomy":"product_tag","embeddable":true,"href":"https:\/\/masalacrua.pt\/pt\/wp-json\/wp\/v2\/product_tag?post=1796"}],"curies":[{"name":"wp","href":"https:\/\/api.w.org\/{rel}","templated":true}]}}