{"id":1806,"date":"2024-07-26T09:07:39","date_gmt":"2024-07-26T08:07:39","guid":{"rendered":"https:\/\/masalacrua.pt\/?post_type=product&#038;p=1806"},"modified":"2026-03-17T13:37:15","modified_gmt":"2026-03-17T13:37:15","slug":"natural-perfume-lavender","status":"publish","type":"product","link":"https:\/\/masalacrua.pt\/pt\/produto\/natural-perfume-lavender\/","title":{"rendered":"perfume natural | lavanda"},"content":{"rendered":"<h4><strong>RELAXING LAVENDER NATURAL PERFUME<\/strong><\/h4>\n<p data-start=\"180\" data-end=\"546\">Experience the calming, restorative scent of lavender with this Natural Lavender Perfume. Made with pure lavender essential oil, in a nourishing oil base, it settles gently on the skin. This perfume leaves a floral aroma that soothes the senses and brings a moment of tranquility to your day. Simple, natural, and intimate, it\u2019s a little touch of calm you can carry anywhere.<\/p>\n<p data-start=\"180\" data-end=\"546\">Our perfume is oil-based and <strong>free from alcohol,<\/strong> making it gentle and nourishing for the skin. Unlike traditional alcohol-based perfumes, which can dry out the skin and weaken its natural protective barrier, the oil helps the fragrance spread smoothly while keeping your skin soft and cared for.<\/p>\n<p data-start=\"180\" data-end=\"546\">Discover our collection of lavender products, like the <a href=\"https:\/\/masalacrua.pt\/pt\/produto\/massage-oil-lavender-arnica\/\" target=\"_blank\" rel=\"noopener\">\u00f3leo de massagem<\/a> e <a href=\"https:\/\/masalacrua.pt\/pt\/produto\/soap-lavender\/\" target=\"_blank\" rel=\"noopener\">lavender soap.<\/a><\/p>\n<p>&nbsp;<\/p>\n<h3><strong>INGREDIENTES<\/strong><\/h3>\n<p>prunus amygdalus dulcis (almond) oil* (cold pressed infused in lavender), lavandula augustifolia (lavander) oil*, tocopherol (natural vitamin E).<\/p>\n<p>*proveniente de produ\u00e7\u00e3o org\u00e2nica<\/p>\n<p>&nbsp;<\/p>\n<p>Lavender is celebrated for its relaxing and balancing qualities, both for the mind and the skin. It helps soothe and soften the skin while its familiar floral-herbal aroma promotes calm, reduces stress, and encourages emotional balance. Its timeless scent has been cherished for centuries, making it a favorite for moments of self-care and daily ritual.<\/p>\n<p>&nbsp;<\/p>\n<p class=\"translation-block\">Vegan e n\u00e3o testado em animais.<br>\n100% biodegrad\u00e1vel.<br>\nSem fragr\u00e2ncias ou cores sint\u00e9ticas.<br>\nSem produtos qu\u00edmicos t\u00f3xicos.<\/p>","protected":false},"excerpt":{"rendered":"<p>An oil-based perfume infused with lavender, that nourishes the skin while immersing you in a gentle, relaxing floral scent.<\/p>\n<p>10ml roll ideal for carrying in your bag and applying with ease.<\/p>","protected":false},"featured_media":2626,"comment_status":"open","ping_status":"closed","template":"","meta":{"_acf_changed":false,"_et_pb_use_builder":"","_et_pb_old_content":"","_et_gb_content_width":""},"product_brand":[],"product_cat":[127],"product_tag":[252,244,319],"class_list":{"0":"post-1806","1":"product","2":"type-product","3":"status-publish","4":"has-post-thumbnail","6":"product_cat-body-care","7":"product_tag-lavender","8":"product_tag-natural-perfume","9":"product_tag-rosewood","10":"pa_ingredients-almond-oil","11":"pa_ingredients-grape-seed-oil","12":"pa_ingredients-jojoba-oil","13":"pa_ingredients-lavender","15":"first","16":"instock","17":"taxable","18":"shipping-taxable","19":"purchasable","20":"product-type-simple"},"acf":[],"yoast_head":"<!-- This site is optimized with the Yoast SEO plugin v27.4 - https:\/\/yoast.com\/product\/yoast-seo-wordpress\/ -->\n<title>Natural Lavender Perfume<\/title>\n<meta name=\"description\" content=\"A natural, oil-based perfume that nourishes the skin while immersing you in a gentle, relaxing floral scent. Natural Lavender Perfume roll on.\" \/>\n<meta name=\"robots\" content=\"index, follow, max-snippet:-1, max-image-preview:large, max-video-preview:-1\" \/>\n<link rel=\"canonical\" href=\"https:\/\/masalacrua.pt\/pt\/produto\/natural-perfume-lavender\/\" \/>\n<meta property=\"og:locale\" content=\"pt_PT\" \/>\n<meta property=\"og:type\" content=\"article\" \/>\n<meta property=\"og:title\" content=\"Natural Lavender Perfume\" \/>\n<meta property=\"og:description\" content=\"A natural, oil-based perfume that nourishes the skin while immersing you in a gentle, relaxing floral scent. Natural Lavender Perfume roll on.\" \/>\n<meta property=\"og:url\" content=\"https:\/\/masalacrua.pt\/pt\/produto\/natural-perfume-lavender\/\" \/>\n<meta property=\"og:site_name\" content=\"masalaCRUA\" \/>\n<meta property=\"article:publisher\" content=\"https:\/\/www.facebook.com\/masalaCRUA\" \/>\n<meta property=\"article:modified_time\" content=\"2026-03-17T13:37:15+00:00\" \/>\n<meta property=\"og:image\" content=\"https:\/\/masalacrua.pt\/wp-content\/uploads\/2024\/07\/img_0494.jpeg\" \/>\n\t<meta property=\"og:image:width\" content=\"1000\" \/>\n\t<meta property=\"og:image:height\" content=\"750\" \/>\n\t<meta property=\"og:image:type\" content=\"image\/jpeg\" \/>\n<meta name=\"twitter:card\" content=\"summary_large_image\" \/>\n<meta name=\"twitter:label1\" content=\"Tempo estimado de leitura\" \/>\n\t<meta name=\"twitter:data1\" content=\"2 minutos\" \/>\n<script type=\"application\/ld+json\" class=\"yoast-schema-graph\">{\"@context\":\"https:\\\/\\\/schema.org\",\"@graph\":[{\"@type\":\"WebPage\",\"@id\":\"https:\\\/\\\/masalacrua.pt\\\/product\\\/natural-perfume-lavender\\\/\",\"url\":\"https:\\\/\\\/masalacrua.pt\\\/product\\\/natural-perfume-lavender\\\/\",\"name\":\"Natural Lavender Perfume\",\"isPartOf\":{\"@id\":\"https:\\\/\\\/masalacrua.pt\\\/#website\"},\"primaryImageOfPage\":{\"@id\":\"https:\\\/\\\/masalacrua.pt\\\/product\\\/natural-perfume-lavender\\\/#primaryimage\"},\"image\":{\"@id\":\"https:\\\/\\\/masalacrua.pt\\\/product\\\/natural-perfume-lavender\\\/#primaryimage\"},\"thumbnailUrl\":\"https:\\\/\\\/masalacrua.pt\\\/wp-content\\\/uploads\\\/2024\\\/07\\\/img_0494.jpeg\",\"datePublished\":\"2024-07-26T08:07:39+00:00\",\"dateModified\":\"2026-03-17T13:37:15+00:00\",\"description\":\"A natural, oil-based perfume that nourishes the skin while immersing you in a gentle, relaxing floral scent. Natural Lavender Perfume roll on.\",\"breadcrumb\":{\"@id\":\"https:\\\/\\\/masalacrua.pt\\\/product\\\/natural-perfume-lavender\\\/#breadcrumb\"},\"inLanguage\":\"pt-PT\",\"potentialAction\":[{\"@type\":\"ReadAction\",\"target\":[\"https:\\\/\\\/masalacrua.pt\\\/product\\\/natural-perfume-lavender\\\/\"]}]},{\"@type\":\"ImageObject\",\"inLanguage\":\"pt-PT\",\"@id\":\"https:\\\/\\\/masalacrua.pt\\\/product\\\/natural-perfume-lavender\\\/#primaryimage\",\"url\":\"https:\\\/\\\/masalacrua.pt\\\/wp-content\\\/uploads\\\/2024\\\/07\\\/img_0494.jpeg\",\"contentUrl\":\"https:\\\/\\\/masalacrua.pt\\\/wp-content\\\/uploads\\\/2024\\\/07\\\/img_0494.jpeg\",\"width\":1000,\"height\":750,\"caption\":\"Processed with VSCO with a9 preset\"},{\"@type\":\"BreadcrumbList\",\"@id\":\"https:\\\/\\\/masalacrua.pt\\\/product\\\/natural-perfume-lavender\\\/#breadcrumb\",\"itemListElement\":[{\"@type\":\"ListItem\",\"position\":1,\"name\":\"Home\",\"item\":\"https:\\\/\\\/masalacrua.pt\\\/\"},{\"@type\":\"ListItem\",\"position\":2,\"name\":\"SHOP\",\"item\":\"https:\\\/\\\/masalacrua.pt\\\/shop\\\/\"},{\"@type\":\"ListItem\",\"position\":3,\"name\":\"natural perfume | lavender\"}]},{\"@type\":\"WebSite\",\"@id\":\"https:\\\/\\\/masalacrua.pt\\\/#website\",\"url\":\"https:\\\/\\\/masalacrua.pt\\\/\",\"name\":\"masalaCRUA\",\"description\":\"natural creations\",\"publisher\":{\"@id\":\"https:\\\/\\\/masalacrua.pt\\\/#organization\"},\"potentialAction\":[{\"@type\":\"SearchAction\",\"target\":{\"@type\":\"EntryPoint\",\"urlTemplate\":\"https:\\\/\\\/masalacrua.pt\\\/?s={search_term_string}\"},\"query-input\":{\"@type\":\"PropertyValueSpecification\",\"valueRequired\":true,\"valueName\":\"search_term_string\"}}],\"inLanguage\":\"pt-PT\"},{\"@type\":\"Organization\",\"@id\":\"https:\\\/\\\/masalacrua.pt\\\/#organization\",\"name\":\"masalaCRUA\",\"url\":\"https:\\\/\\\/masalacrua.pt\\\/\",\"logo\":{\"@type\":\"ImageObject\",\"inLanguage\":\"pt-PT\",\"@id\":\"https:\\\/\\\/masalacrua.pt\\\/#\\\/schema\\\/logo\\\/image\\\/\",\"url\":\"https:\\\/\\\/masalacrua.pt\\\/wp-content\\\/uploads\\\/2021\\\/11\\\/LOGO-finalLOGO-EXPAND-5pt-copy.png\",\"contentUrl\":\"https:\\\/\\\/masalacrua.pt\\\/wp-content\\\/uploads\\\/2021\\\/11\\\/LOGO-finalLOGO-EXPAND-5pt-copy.png\",\"width\":767,\"height\":766,\"caption\":\"masalaCRUA\"},\"image\":{\"@id\":\"https:\\\/\\\/masalacrua.pt\\\/#\\\/schema\\\/logo\\\/image\\\/\"},\"sameAs\":[\"https:\\\/\\\/www.facebook.com\\\/masalaCRUA\",\"https:\\\/\\\/www.instagram.com\\\/masala.crua\\\/\"]}]}<\/script>\n<!-- \/ Yoast SEO plugin. -->","yoast_head_json":{"title":"Natural Lavender Perfume","description":"A natural, oil-based perfume that nourishes the skin while immersing you in a gentle, relaxing floral scent. Natural Lavender Perfume roll on.","robots":{"index":"index","follow":"follow","max-snippet":"max-snippet:-1","max-image-preview":"max-image-preview:large","max-video-preview":"max-video-preview:-1"},"canonical":"https:\/\/masalacrua.pt\/pt\/produto\/natural-perfume-lavender\/","og_locale":"pt_PT","og_type":"article","og_title":"Natural Lavender Perfume","og_description":"A natural, oil-based perfume that nourishes the skin while immersing you in a gentle, relaxing floral scent. Natural Lavender Perfume roll on.","og_url":"https:\/\/masalacrua.pt\/pt\/produto\/natural-perfume-lavender\/","og_site_name":"masalaCRUA","article_publisher":"https:\/\/www.facebook.com\/masalaCRUA","article_modified_time":"2026-03-17T13:37:15+00:00","og_image":[{"width":1000,"height":750,"url":"https:\/\/masalacrua.pt\/wp-content\/uploads\/2024\/07\/img_0494.jpeg","type":"image\/jpeg"}],"twitter_card":"summary_large_image","twitter_misc":{"Tempo estimado de leitura":"2 minutos"},"schema":{"@context":"https:\/\/schema.org","@graph":[{"@type":"WebPage","@id":"https:\/\/masalacrua.pt\/product\/natural-perfume-lavender\/","url":"https:\/\/masalacrua.pt\/product\/natural-perfume-lavender\/","name":"Natural Lavender Perfume","isPartOf":{"@id":"https:\/\/masalacrua.pt\/#website"},"primaryImageOfPage":{"@id":"https:\/\/masalacrua.pt\/product\/natural-perfume-lavender\/#primaryimage"},"image":{"@id":"https:\/\/masalacrua.pt\/product\/natural-perfume-lavender\/#primaryimage"},"thumbnailUrl":"https:\/\/masalacrua.pt\/wp-content\/uploads\/2024\/07\/img_0494.jpeg","datePublished":"2024-07-26T08:07:39+00:00","dateModified":"2026-03-17T13:37:15+00:00","description":"A natural, oil-based perfume that nourishes the skin while immersing you in a gentle, relaxing floral scent. Natural Lavender Perfume roll on.","breadcrumb":{"@id":"https:\/\/masalacrua.pt\/product\/natural-perfume-lavender\/#breadcrumb"},"inLanguage":"pt-PT","potentialAction":[{"@type":"ReadAction","target":["https:\/\/masalacrua.pt\/product\/natural-perfume-lavender\/"]}]},{"@type":"ImageObject","inLanguage":"pt-PT","@id":"https:\/\/masalacrua.pt\/product\/natural-perfume-lavender\/#primaryimage","url":"https:\/\/masalacrua.pt\/wp-content\/uploads\/2024\/07\/img_0494.jpeg","contentUrl":"https:\/\/masalacrua.pt\/wp-content\/uploads\/2024\/07\/img_0494.jpeg","width":1000,"height":750,"caption":"Processed with VSCO with a9 preset"},{"@type":"BreadcrumbList","@id":"https:\/\/masalacrua.pt\/product\/natural-perfume-lavender\/#breadcrumb","itemListElement":[{"@type":"ListItem","position":1,"name":"Home","item":"https:\/\/masalacrua.pt\/"},{"@type":"ListItem","position":2,"name":"SHOP","item":"https:\/\/masalacrua.pt\/shop\/"},{"@type":"ListItem","position":3,"name":"natural perfume | lavender"}]},{"@type":"WebSite","@id":"https:\/\/masalacrua.pt\/#website","url":"https:\/\/masalacrua.pt\/","name":"masalaCRUA","description":"natural creations","publisher":{"@id":"https:\/\/masalacrua.pt\/#organization"},"potentialAction":[{"@type":"SearchAction","target":{"@type":"EntryPoint","urlTemplate":"https:\/\/masalacrua.pt\/?s={search_term_string}"},"query-input":{"@type":"PropertyValueSpecification","valueRequired":true,"valueName":"search_term_string"}}],"inLanguage":"pt-PT"},{"@type":"Organization","@id":"https:\/\/masalacrua.pt\/#organization","name":"masalaCRUA","url":"https:\/\/masalacrua.pt\/","logo":{"@type":"ImageObject","inLanguage":"pt-PT","@id":"https:\/\/masalacrua.pt\/#\/schema\/logo\/image\/","url":"https:\/\/masalacrua.pt\/wp-content\/uploads\/2021\/11\/LOGO-finalLOGO-EXPAND-5pt-copy.png","contentUrl":"https:\/\/masalacrua.pt\/wp-content\/uploads\/2021\/11\/LOGO-finalLOGO-EXPAND-5pt-copy.png","width":767,"height":766,"caption":"masalaCRUA"},"image":{"@id":"https:\/\/masalacrua.pt\/#\/schema\/logo\/image\/"},"sameAs":["https:\/\/www.facebook.com\/masalaCRUA","https:\/\/www.instagram.com\/masala.crua\/"]}]}},"jetpack_sharing_enabled":true,"_links":{"self":[{"href":"https:\/\/masalacrua.pt\/pt\/wp-json\/wp\/v2\/product\/1806","targetHints":{"allow":["GET"]}}],"collection":[{"href":"https:\/\/masalacrua.pt\/pt\/wp-json\/wp\/v2\/product"}],"about":[{"href":"https:\/\/masalacrua.pt\/pt\/wp-json\/wp\/v2\/types\/product"}],"replies":[{"embeddable":true,"href":"https:\/\/masalacrua.pt\/pt\/wp-json\/wp\/v2\/comments?post=1806"}],"wp:featuredmedia":[{"embeddable":true,"href":"https:\/\/masalacrua.pt\/pt\/wp-json\/wp\/v2\/media\/2626"}],"wp:attachment":[{"href":"https:\/\/masalacrua.pt\/pt\/wp-json\/wp\/v2\/media?parent=1806"}],"wp:term":[{"taxonomy":"product_brand","embeddable":true,"href":"https:\/\/masalacrua.pt\/pt\/wp-json\/wp\/v2\/product_brand?post=1806"},{"taxonomy":"product_cat","embeddable":true,"href":"https:\/\/masalacrua.pt\/pt\/wp-json\/wp\/v2\/product_cat?post=1806"},{"taxonomy":"product_tag","embeddable":true,"href":"https:\/\/masalacrua.pt\/pt\/wp-json\/wp\/v2\/product_tag?post=1806"}],"curies":[{"name":"wp","href":"https:\/\/api.w.org\/{rel}","templated":true}]}}