{"id":184,"date":"2021-11-15T08:29:16","date_gmt":"2021-11-15T08:29:16","guid":{"rendered":"http:\/\/masalacrua.pt\/?post_type=product&#038;p=184"},"modified":"2026-03-17T20:40:44","modified_gmt":"2026-03-17T20:40:44","slug":"indian-spices-soap","status":"publish","type":"product","link":"https:\/\/masalacrua.pt\/pt\/produto\/indian-spices-soap\/","title":{"rendered":"sab\u00e3o | especiarias indianas"},"content":{"rendered":"<h4><strong>INDIAN SPICES NATURAL<\/strong><strong>\u00a0SAB\u00c3O<\/strong><\/h4>\n<p class=\"translation-block\">Sabonete artesanal produzido \u00e0 m\u00e3o em pequenos lotes, atrav\u00e9s do m\u00e9todo tradicional de saponifica\u00e7\u00e3o a frio. O sabonete de especiarias indianas foi formulado para uso di\u00e1rio no <strong>corpo, rosto e m\u00e3os<\/strong>, sendo adequado para todos os tipos de pele.<\/p>\n<p class=\"translation-block\">Formulada com uma mistura nutritiva de <strong>azeite biol\u00f3gico e \u00f3leo de coco biol\u00f3gico<\/strong>, a f\u00f3rmula \u00e9 totalmente isenta de \u00f3leo de palma.<\/p>\n<p>Utilizamos azeite local, colhido das oliveiras que moldam a paisagem caracter\u00edstica portuguesa. O azeite hidrata e nutre a pele, proporcionando suavidade e cuidado. O \u00f3leo de coco limpa, fortalece e cria uma espuma rica e borbulhante.<\/p>\n<p class=\"translation-block\">Explore os nossos <a href=\"https:\/\/masalacrua.pt\/pt\/categoria-produto\/accessories\/\" target=\"_blank\" rel=\"noopener\">acess\u00f3rios<\/a>, incluindo saboneteiras, caixas de viagem e packs especiais para experimentar diferentes variedades de sabonete.<\/p>\n<p>&nbsp;<\/p>\n<h4><strong>INGREDIENTES<\/strong><\/h4>\n<div class=\"page\" title=\"Page 1\">\n<div class=\"layoutArea\">\n<div class=\"column\">\n<p>olea europaea fruit (azeite)**, cocus nucifera (coco) \u00f3leo*, aqua, cinnamomum cassia (canela) \u00f3leo, eugenia caryophyllus (cravinho) \u00f3leo, cinnamomum cassia p\u00f3, myristica fragrans (noz-moscada) p\u00f3, elettaria cardamomum (cardamomo) p\u00f3, caryophyllus (cravinho).<\/p>\n<\/div>\n<\/div>\n<\/div>\n<p>*org\u00e2nico de origem local **de produ\u00e7\u00e3o org\u00e2nica<\/p>\n<p class=\"translation-block\"><strong>Vegan e cruelty-free<\/strong><br>\n<strong>100% biodegrad\u00e1vel<\/strong><br>\n<strong>Sem fragr\u00e2ncias ou corantes sint\u00e9ticos<\/strong><br>\n<strong>Sem qu\u00edmicos t\u00f3xicos<\/strong><\/p>\n<p>&nbsp;<\/p>\n<h4><strong>HOW TO USE INDIAN SPICES SOAP<\/strong><\/h4>\n<p class=\"translation-block\">1. <strong>Molhe o sabonete<\/strong>.<br>\n2. <strong>Crie espuma<\/strong> esfregando o sabonete entre as m\u00e3os ou aplicando-o diretamente no corpo de forma suave.<br>\n3. <strong>Deixe secar bem<\/strong> ap\u00f3s a utiliza\u00e7\u00e3o. Evite deixar o sabonete numa superf\u00edcie plana onde n\u00e3o consiga secar. O ideal \u00e9 mant\u00ea-lo sobre uma esponja, assim durar\u00e1 mais tempo.<\/p>\n<p>&nbsp;<\/p>\n<h4><strong>O QUE \u00c9 UM SABONETE ARTESANAL<\/strong><\/h4>\n<p class=\"translation-block\">Os sabonetes artesanais s\u00e3o cuidadosamente produzidos \u00e0 m\u00e3o em pequenos lotes, utilizando os melhores ingredientes de alta qualidade. Ao trabalhar de forma lenta e atenta, cada barra \u00e9 <strong>preparada com cuidado<\/strong>, garantindo que chegue at\u00e9 si <strong>fresca, perfumada e naturalmente vibrante<\/strong>, tudo sem recorrer a qu\u00edmicos t\u00f3xicos para prolongar o prazo de validade.<\/p>\n<p class=\"translation-block\">Al\u00e9m disso, cada sabonete \u00e9 <strong>criado com inten\u00e7\u00e3o e dedica\u00e7\u00e3o<\/strong>, combinando \u00f3leos nutritivos com cores naturais e aromas bot\u00e2nicos. Como cada barra \u00e9 cortada \u00e0 m\u00e3o, desenvolve o seu pr\u00f3prio car\u00e1cter \u00fanico, com subtis varia\u00e7\u00f5es na forma, padr\u00e3o e textura que tornam cada pe\u00e7a verdadeiramente especial.<\/p>\n<p class=\"translation-block\">Normalmente, um sabonete inteiro pesa cerca de 110g, enquanto os mini sabonetes t\u00eam cerca de 55g. Por serem feitos \u00e0 m\u00e3o, as decora\u00e7\u00f5es e o corte final podem afetar ligeiramente o peso e a apar\u00eancia, contribuindo para a <strong>singularidade de cada barra.<\/strong><\/p>","protected":false},"excerpt":{"rendered":"<p class=\"translation-block\">Sabonete artesanal de azeite, ideal para o corpo, rosto e m\u00e3os. Suave e nutritivo para <strong>todos os tipos de pele<\/strong>.<\/p>\n<p>Aroma quente e especiado.<\/p>","protected":false},"featured_media":2334,"comment_status":"open","ping_status":"closed","template":"","meta":{"_acf_changed":false,"_et_pb_use_builder":"","_et_pb_old_content":"","_et_gb_content_width":""},"product_brand":[],"product_cat":[128],"product_tag":[280],"class_list":{"0":"post-184","1":"product","2":"type-product","3":"status-publish","4":"has-post-thumbnail","6":"product_cat-artisanal-soap","7":"product_tag-soap","8":"pa_ingredients-cardamon","9":"pa_ingredients-cinnamon-essential-oil","10":"pa_ingredients-clove","11":"pa_ingredients-coconut-oil","12":"pa_ingredients-olive-oil","14":"first","15":"outofstock","16":"taxable","17":"shipping-taxable","18":"purchasable","19":"product-type-simple"},"acf":[],"yoast_head":"<!-- This site is optimized with the Yoast SEO plugin v27.3 - https:\/\/yoast.com\/product\/yoast-seo-wordpress\/ -->\n<title>Indian Spices Soap - masalaCRUA<\/title>\n<meta name=\"description\" content=\"Handcrafted olive oil soap, ideal for body, face, and hands. The indian spices soap is gentle and nourishing for all skin types. Warm spicy scent.\" \/>\n<meta name=\"robots\" content=\"index, follow, max-snippet:-1, max-image-preview:large, max-video-preview:-1\" \/>\n<link rel=\"canonical\" href=\"https:\/\/masalacrua.pt\/pt\/produto\/indian-spices-soap\/\" \/>\n<meta property=\"og:locale\" content=\"pt_PT\" \/>\n<meta property=\"og:type\" content=\"article\" \/>\n<meta property=\"og:title\" content=\"Indian Spices Soap - masalaCRUA\" \/>\n<meta property=\"og:description\" content=\"Handcrafted olive oil soap, ideal for body, face, and hands. The indian spices soap is gentle and nourishing for all skin types. Warm spicy scent.\" \/>\n<meta property=\"og:url\" content=\"https:\/\/masalacrua.pt\/pt\/produto\/indian-spices-soap\/\" \/>\n<meta property=\"og:site_name\" content=\"masalaCRUA\" \/>\n<meta property=\"article:publisher\" content=\"https:\/\/www.facebook.com\/masalaCRUA\" \/>\n<meta property=\"article:modified_time\" content=\"2026-03-17T20:40:44+00:00\" \/>\n<meta property=\"og:image\" content=\"https:\/\/masalacrua.pt\/wp-content\/uploads\/2021\/11\/img_8205.jpeg\" \/>\n\t<meta property=\"og:image:width\" content=\"1000\" \/>\n\t<meta property=\"og:image:height\" content=\"750\" \/>\n\t<meta property=\"og:image:type\" content=\"image\/jpeg\" \/>\n<meta name=\"twitter:card\" content=\"summary_large_image\" \/>\n<meta name=\"twitter:label1\" content=\"Tempo estimado de leitura\" \/>\n\t<meta name=\"twitter:data1\" content=\"2 minutos\" \/>\n<script type=\"application\/ld+json\" class=\"yoast-schema-graph\">{\"@context\":\"https:\\\/\\\/schema.org\",\"@graph\":[{\"@type\":\"WebPage\",\"@id\":\"https:\\\/\\\/masalacrua.pt\\\/product\\\/indian-spices-soap\\\/\",\"url\":\"https:\\\/\\\/masalacrua.pt\\\/product\\\/indian-spices-soap\\\/\",\"name\":\"Indian Spices Soap - masalaCRUA\",\"isPartOf\":{\"@id\":\"https:\\\/\\\/masalacrua.pt\\\/#website\"},\"primaryImageOfPage\":{\"@id\":\"https:\\\/\\\/masalacrua.pt\\\/product\\\/indian-spices-soap\\\/#primaryimage\"},\"image\":{\"@id\":\"https:\\\/\\\/masalacrua.pt\\\/product\\\/indian-spices-soap\\\/#primaryimage\"},\"thumbnailUrl\":\"https:\\\/\\\/masalacrua.pt\\\/wp-content\\\/uploads\\\/2021\\\/11\\\/img_8205.jpeg\",\"datePublished\":\"2021-11-15T08:29:16+00:00\",\"dateModified\":\"2026-03-17T20:40:44+00:00\",\"description\":\"Handcrafted olive oil soap, ideal for body, face, and hands. The indian spices soap is gentle and nourishing for all skin types. Warm spicy scent.\",\"breadcrumb\":{\"@id\":\"https:\\\/\\\/masalacrua.pt\\\/product\\\/indian-spices-soap\\\/#breadcrumb\"},\"inLanguage\":\"pt-PT\",\"potentialAction\":[{\"@type\":\"ReadAction\",\"target\":[\"https:\\\/\\\/masalacrua.pt\\\/product\\\/indian-spices-soap\\\/\"]}]},{\"@type\":\"ImageObject\",\"inLanguage\":\"pt-PT\",\"@id\":\"https:\\\/\\\/masalacrua.pt\\\/product\\\/indian-spices-soap\\\/#primaryimage\",\"url\":\"https:\\\/\\\/masalacrua.pt\\\/wp-content\\\/uploads\\\/2021\\\/11\\\/img_8205.jpeg\",\"contentUrl\":\"https:\\\/\\\/masalacrua.pt\\\/wp-content\\\/uploads\\\/2021\\\/11\\\/img_8205.jpeg\",\"width\":1000,\"height\":750,\"caption\":\"Processed with VSCO with a9 preset\"},{\"@type\":\"BreadcrumbList\",\"@id\":\"https:\\\/\\\/masalacrua.pt\\\/product\\\/indian-spices-soap\\\/#breadcrumb\",\"itemListElement\":[{\"@type\":\"ListItem\",\"position\":1,\"name\":\"Home\",\"item\":\"https:\\\/\\\/masalacrua.pt\\\/\"},{\"@type\":\"ListItem\",\"position\":2,\"name\":\"SHOP\",\"item\":\"https:\\\/\\\/masalacrua.pt\\\/shop\\\/\"},{\"@type\":\"ListItem\",\"position\":3,\"name\":\"soap | indian spices\"}]},{\"@type\":\"WebSite\",\"@id\":\"https:\\\/\\\/masalacrua.pt\\\/#website\",\"url\":\"https:\\\/\\\/masalacrua.pt\\\/\",\"name\":\"masalaCRUA\",\"description\":\"natural creations\",\"publisher\":{\"@id\":\"https:\\\/\\\/masalacrua.pt\\\/#organization\"},\"potentialAction\":[{\"@type\":\"SearchAction\",\"target\":{\"@type\":\"EntryPoint\",\"urlTemplate\":\"https:\\\/\\\/masalacrua.pt\\\/?s={search_term_string}\"},\"query-input\":{\"@type\":\"PropertyValueSpecification\",\"valueRequired\":true,\"valueName\":\"search_term_string\"}}],\"inLanguage\":\"pt-PT\"},{\"@type\":\"Organization\",\"@id\":\"https:\\\/\\\/masalacrua.pt\\\/#organization\",\"name\":\"masalaCRUA\",\"url\":\"https:\\\/\\\/masalacrua.pt\\\/\",\"logo\":{\"@type\":\"ImageObject\",\"inLanguage\":\"pt-PT\",\"@id\":\"https:\\\/\\\/masalacrua.pt\\\/#\\\/schema\\\/logo\\\/image\\\/\",\"url\":\"https:\\\/\\\/masalacrua.pt\\\/wp-content\\\/uploads\\\/2021\\\/11\\\/LOGO-finalLOGO-EXPAND-5pt-copy.png\",\"contentUrl\":\"https:\\\/\\\/masalacrua.pt\\\/wp-content\\\/uploads\\\/2021\\\/11\\\/LOGO-finalLOGO-EXPAND-5pt-copy.png\",\"width\":767,\"height\":766,\"caption\":\"masalaCRUA\"},\"image\":{\"@id\":\"https:\\\/\\\/masalacrua.pt\\\/#\\\/schema\\\/logo\\\/image\\\/\"},\"sameAs\":[\"https:\\\/\\\/www.facebook.com\\\/masalaCRUA\",\"https:\\\/\\\/www.instagram.com\\\/masala.crua\\\/\"]}]}<\/script>\n<!-- \/ Yoast SEO plugin. -->","yoast_head_json":{"title":"Indian Spices Soap - masalaCRUA","description":"Handcrafted olive oil soap, ideal for body, face, and hands. The indian spices soap is gentle and nourishing for all skin types. Warm spicy scent.","robots":{"index":"index","follow":"follow","max-snippet":"max-snippet:-1","max-image-preview":"max-image-preview:large","max-video-preview":"max-video-preview:-1"},"canonical":"https:\/\/masalacrua.pt\/pt\/produto\/indian-spices-soap\/","og_locale":"pt_PT","og_type":"article","og_title":"Indian Spices Soap - masalaCRUA","og_description":"Handcrafted olive oil soap, ideal for body, face, and hands. The indian spices soap is gentle and nourishing for all skin types. Warm spicy scent.","og_url":"https:\/\/masalacrua.pt\/pt\/produto\/indian-spices-soap\/","og_site_name":"masalaCRUA","article_publisher":"https:\/\/www.facebook.com\/masalaCRUA","article_modified_time":"2026-03-17T20:40:44+00:00","og_image":[{"width":1000,"height":750,"url":"https:\/\/masalacrua.pt\/wp-content\/uploads\/2021\/11\/img_8205.jpeg","type":"image\/jpeg"}],"twitter_card":"summary_large_image","twitter_misc":{"Tempo estimado de leitura":"2 minutos"},"schema":{"@context":"https:\/\/schema.org","@graph":[{"@type":"WebPage","@id":"https:\/\/masalacrua.pt\/product\/indian-spices-soap\/","url":"https:\/\/masalacrua.pt\/product\/indian-spices-soap\/","name":"Indian Spices Soap - masalaCRUA","isPartOf":{"@id":"https:\/\/masalacrua.pt\/#website"},"primaryImageOfPage":{"@id":"https:\/\/masalacrua.pt\/product\/indian-spices-soap\/#primaryimage"},"image":{"@id":"https:\/\/masalacrua.pt\/product\/indian-spices-soap\/#primaryimage"},"thumbnailUrl":"https:\/\/masalacrua.pt\/wp-content\/uploads\/2021\/11\/img_8205.jpeg","datePublished":"2021-11-15T08:29:16+00:00","dateModified":"2026-03-17T20:40:44+00:00","description":"Handcrafted olive oil soap, ideal for body, face, and hands. The indian spices soap is gentle and nourishing for all skin types. Warm spicy scent.","breadcrumb":{"@id":"https:\/\/masalacrua.pt\/product\/indian-spices-soap\/#breadcrumb"},"inLanguage":"pt-PT","potentialAction":[{"@type":"ReadAction","target":["https:\/\/masalacrua.pt\/product\/indian-spices-soap\/"]}]},{"@type":"ImageObject","inLanguage":"pt-PT","@id":"https:\/\/masalacrua.pt\/product\/indian-spices-soap\/#primaryimage","url":"https:\/\/masalacrua.pt\/wp-content\/uploads\/2021\/11\/img_8205.jpeg","contentUrl":"https:\/\/masalacrua.pt\/wp-content\/uploads\/2021\/11\/img_8205.jpeg","width":1000,"height":750,"caption":"Processed with VSCO with a9 preset"},{"@type":"BreadcrumbList","@id":"https:\/\/masalacrua.pt\/product\/indian-spices-soap\/#breadcrumb","itemListElement":[{"@type":"ListItem","position":1,"name":"Home","item":"https:\/\/masalacrua.pt\/"},{"@type":"ListItem","position":2,"name":"SHOP","item":"https:\/\/masalacrua.pt\/shop\/"},{"@type":"ListItem","position":3,"name":"soap | indian spices"}]},{"@type":"WebSite","@id":"https:\/\/masalacrua.pt\/#website","url":"https:\/\/masalacrua.pt\/","name":"masalaCRUA","description":"natural creations","publisher":{"@id":"https:\/\/masalacrua.pt\/#organization"},"potentialAction":[{"@type":"SearchAction","target":{"@type":"EntryPoint","urlTemplate":"https:\/\/masalacrua.pt\/?s={search_term_string}"},"query-input":{"@type":"PropertyValueSpecification","valueRequired":true,"valueName":"search_term_string"}}],"inLanguage":"pt-PT"},{"@type":"Organization","@id":"https:\/\/masalacrua.pt\/#organization","name":"masalaCRUA","url":"https:\/\/masalacrua.pt\/","logo":{"@type":"ImageObject","inLanguage":"pt-PT","@id":"https:\/\/masalacrua.pt\/#\/schema\/logo\/image\/","url":"https:\/\/masalacrua.pt\/wp-content\/uploads\/2021\/11\/LOGO-finalLOGO-EXPAND-5pt-copy.png","contentUrl":"https:\/\/masalacrua.pt\/wp-content\/uploads\/2021\/11\/LOGO-finalLOGO-EXPAND-5pt-copy.png","width":767,"height":766,"caption":"masalaCRUA"},"image":{"@id":"https:\/\/masalacrua.pt\/#\/schema\/logo\/image\/"},"sameAs":["https:\/\/www.facebook.com\/masalaCRUA","https:\/\/www.instagram.com\/masala.crua\/"]}]}},"jetpack_sharing_enabled":true,"_links":{"self":[{"href":"https:\/\/masalacrua.pt\/pt\/wp-json\/wp\/v2\/product\/184","targetHints":{"allow":["GET"]}}],"collection":[{"href":"https:\/\/masalacrua.pt\/pt\/wp-json\/wp\/v2\/product"}],"about":[{"href":"https:\/\/masalacrua.pt\/pt\/wp-json\/wp\/v2\/types\/product"}],"replies":[{"embeddable":true,"href":"https:\/\/masalacrua.pt\/pt\/wp-json\/wp\/v2\/comments?post=184"}],"wp:featuredmedia":[{"embeddable":true,"href":"https:\/\/masalacrua.pt\/pt\/wp-json\/wp\/v2\/media\/2334"}],"wp:attachment":[{"href":"https:\/\/masalacrua.pt\/pt\/wp-json\/wp\/v2\/media?parent=184"}],"wp:term":[{"taxonomy":"product_brand","embeddable":true,"href":"https:\/\/masalacrua.pt\/pt\/wp-json\/wp\/v2\/product_brand?post=184"},{"taxonomy":"product_cat","embeddable":true,"href":"https:\/\/masalacrua.pt\/pt\/wp-json\/wp\/v2\/product_cat?post=184"},{"taxonomy":"product_tag","embeddable":true,"href":"https:\/\/masalacrua.pt\/pt\/wp-json\/wp\/v2\/product_tag?post=184"}],"curies":[{"name":"wp","href":"https:\/\/api.w.org\/{rel}","templated":true}]}}