{"id":188,"date":"2021-11-15T08:33:19","date_gmt":"2021-11-15T08:33:19","guid":{"rendered":"http:\/\/masalacrua.pt\/?post_type=product&#038;p=188"},"modified":"2026-03-22T17:23:08","modified_gmt":"2026-03-22T17:23:08","slug":"soap-orange-and-cacau","status":"publish","type":"product","link":"https:\/\/masalacrua.pt\/pt\/produto\/soap-orange-and-cacau\/","title":{"rendered":"sab\u00e3o | cacau laranja"},"content":{"rendered":"<h4 class=\"translation-block\"><strong>SABONETE NATURAL DE LARANJA E CACAU<\/strong><\/h4>\n<p class=\"translation-block\">Sabonete artesanal produzido \u00e0 m\u00e3o em pequenos lotes, atrav\u00e9s do m\u00e9todo tradicional de saponifica\u00e7\u00e3o a frio. O sabonete de laranja e cacau foi formulado para uso di\u00e1rio no <strong>corpo, rosto e m\u00e3os<\/strong>, sendo adequado para todos os tipos de pele.<\/p>\n<p class=\"translation-block\">Formulada com uma mistura nutritiva de <strong>azeite biol\u00f3gico e \u00f3leo de coco biol\u00f3gico<\/strong>, a f\u00f3rmula \u00e9 totalmente isenta de \u00f3leo de palma.<\/p>\n<p>Utilizamos azeite local, colhido das oliveiras que moldam a paisagem caracter\u00edstica portuguesa. O azeite hidrata e nutre a pele, proporcionando suavidade e cuidado. O \u00f3leo de coco limpa, fortalece e cria uma espuma rica e borbulhante.<\/p>\n<p class=\"translation-block\">Explore os nossos <a href=\"https:\/\/masalacrua.pt\/pt\/categoria-produto\/accessories\/\" target=\"_blank\" rel=\"noopener\">acess\u00f3rios<\/a>, incluindo saboneteiras, caixas de viagem e packs especiais para experimentar diferentes variedades de sabonete.<\/p>\n<p>&nbsp;<\/p>\n<h4><strong>INGREDIENTES<\/strong><\/h4>\n<div class=\"page\" title=\"Page 1\">\n<div class=\"layoutArea\">\n<div class=\"column\">\n<div class=\"page\" title=\"Page 1\">\n<div class=\"layoutArea\">\n<div class=\"column\">\n<p>olea europaea fruit (azeite)**, cocus nucifera (coco) \u00f3leo*, aqua, citrus aurantium dulcis (laranja) \u00f3leo da casca, cinnamomum cassia (canela) \u00f3leo da folha, pogostemon cablin leaf (patchouli) \u00f3leo, prunus amygdalus dulcis (am\u00eandoas doces) \u00f3leo, curcuma longa root (curcuma) p\u00f3, theobroma cacao p\u00f3, bixa orellana p\u00f3 de semente, pterocarpus santalinus wood (s\u00e2ndalo vermelho) p\u00f3.<\/p>\n<\/div>\n<\/div>\n<\/div>\n<\/div>\n<\/div>\n<\/div>\n<p>*org\u00e2nico de origem local **de produ\u00e7\u00e3o org\u00e2nica<\/p>\n<p class=\"translation-block\"><strong>Vegan e cruelty-free<\/strong><br>\n<strong>100% biodegrad\u00e1vel<\/strong><br>\n<strong>Sem fragr\u00e2ncias ou corantes sint\u00e9ticos<\/strong><br>\n<strong>Sem qu\u00edmicos t\u00f3xicos<\/strong><\/p>\n<p>&nbsp;<\/p>\n<h4><strong>COMO UTILIZAR O SABONETE DE LARANJA E CACAU<\/strong><\/h4>\n<p class=\"translation-block\">1. <strong>Molhe o sabonete<\/strong>.<br>\n2. <strong>Crie espuma<\/strong> esfregando o sabonete entre as m\u00e3os ou aplicando-o diretamente no corpo de forma suave.<br>\n3. <strong>Deixe secar bem<\/strong> ap\u00f3s a utiliza\u00e7\u00e3o. Evite deixar o sabonete numa superf\u00edcie plana onde n\u00e3o consiga secar. O ideal \u00e9 mant\u00ea-lo sobre uma esponja, assim durar\u00e1 mais tempo.<\/p>\n<p>&nbsp;<\/p>\n<h4><strong>O QUE \u00c9 UM SABONETE ARTESANAL<\/strong><\/h4>\n<p class=\"translation-block\">Os sabonetes artesanais s\u00e3o cuidadosamente produzidos \u00e0 m\u00e3o em pequenos lotes, utilizando os melhores ingredientes de alta qualidade. Ao trabalhar de forma lenta e atenta, cada barra \u00e9 <strong>preparada com cuidado<\/strong>, garantindo que chegue at\u00e9 si <strong>fresca, perfumada e naturalmente vibrante<\/strong>, tudo sem recorrer a qu\u00edmicos t\u00f3xicos para prolongar o prazo de validade.<\/p>\n<p class=\"translation-block\">Al\u00e9m disso, cada sabonete \u00e9 <strong>criado com inten\u00e7\u00e3o e dedica\u00e7\u00e3o<\/strong>, combinando \u00f3leos nutritivos com cores naturais e aromas bot\u00e2nicos. Como cada barra \u00e9 cortada \u00e0 m\u00e3o, desenvolve o seu pr\u00f3prio car\u00e1cter \u00fanico, com subtis varia\u00e7\u00f5es na forma, padr\u00e3o e textura que tornam cada pe\u00e7a verdadeiramente especial.<\/p>\n<p class=\"translation-block\">Normalmente, um sabonete inteiro pesa cerca de 110g, enquanto os mini sabonetes t\u00eam cerca de 55g. Por serem feitos \u00e0 m\u00e3o, as decora\u00e7\u00f5es e o corte final podem afetar ligeiramente o peso e a apar\u00eancia, contribuindo para a <strong>singularidade de cada barra.<\/strong><\/p>","protected":false},"excerpt":{"rendered":"<p class=\"translation-block\">Sabonete artesanal de azeite, ideal para o corpo, rosto e m\u00e3os. Suave e nutritivo para <strong>todos os tipos de pele<\/strong>.<\/p>\n<p>Aroma a laranja acolhedor.<\/p>","protected":false},"featured_media":2603,"comment_status":"open","ping_status":"closed","template":"","meta":{"_acf_changed":false,"_et_pb_use_builder":"","_et_pb_old_content":"","_et_gb_content_width":""},"product_brand":[],"product_cat":[128],"product_tag":[280,395,420,396,390,397,398],"class_list":{"0":"post-188","1":"product","2":"type-product","3":"status-publish","4":"has-post-thumbnail","6":"product_cat-artisanal-soap","7":"product_tag-soap","8":"product_tag-cacau","9":"product_tag-cacau-soap","10":"product_tag-cinnamon","11":"product_tag-orange","12":"product_tag-patchouli","13":"product_tag-sweet-soap","14":"pa_ingredients-cacau","15":"pa_ingredients-cinnamon-essential-oil","16":"pa_ingredients-coconut-oil","17":"pa_ingredients-olive-oil","18":"pa_ingredients-orange","19":"pa_ingredients-patchouly","20":"pa_ingredients-turmeric","22":"first","23":"instock","24":"taxable","25":"shipping-taxable","26":"purchasable","27":"product-type-variable"},"acf":[],"yoast_head":"<!-- This site is optimized with the Yoast SEO plugin v27.4 - https:\/\/yoast.com\/product\/yoast-seo-wordpress\/ -->\n<title>Orange and Cacau Soap - masalaCRUA<\/title>\n<meta name=\"description\" content=\"Handcrafted olive oil soap, ideal for body, face, and hands. This Orange and Cacau Soap is gentle and nourishing for all skin types.\" \/>\n<meta name=\"robots\" content=\"index, follow, max-snippet:-1, max-image-preview:large, max-video-preview:-1\" \/>\n<link rel=\"canonical\" href=\"https:\/\/masalacrua.pt\/pt\/produto\/soap-orange-and-cacau\/\" \/>\n<meta property=\"og:locale\" content=\"pt_PT\" \/>\n<meta property=\"og:type\" content=\"article\" \/>\n<meta property=\"og:title\" content=\"Orange and Cacau Soap - masalaCRUA\" \/>\n<meta property=\"og:description\" content=\"Handcrafted olive oil soap, ideal for body, face, and hands. This Orange and Cacau Soap is gentle and nourishing for all skin types.\" \/>\n<meta property=\"og:url\" content=\"https:\/\/masalacrua.pt\/pt\/produto\/soap-orange-and-cacau\/\" \/>\n<meta property=\"og:site_name\" content=\"masalaCRUA\" \/>\n<meta property=\"article:publisher\" content=\"https:\/\/www.facebook.com\/masalaCRUA\" \/>\n<meta property=\"article:modified_time\" content=\"2026-03-22T17:23:08+00:00\" \/>\n<meta property=\"og:image\" content=\"https:\/\/masalacrua.pt\/wp-content\/uploads\/2021\/11\/img_0466.jpeg\" \/>\n\t<meta property=\"og:image:width\" content=\"1000\" \/>\n\t<meta property=\"og:image:height\" content=\"750\" \/>\n\t<meta property=\"og:image:type\" content=\"image\/jpeg\" \/>\n<meta name=\"twitter:card\" content=\"summary_large_image\" \/>\n<meta name=\"twitter:label1\" content=\"Tempo estimado de leitura\" \/>\n\t<meta name=\"twitter:data1\" content=\"2 minutos\" \/>\n<script type=\"application\/ld+json\" class=\"yoast-schema-graph\">{\"@context\":\"https:\\\/\\\/schema.org\",\"@graph\":[{\"@type\":\"WebPage\",\"@id\":\"https:\\\/\\\/masalacrua.pt\\\/product\\\/soap-orange-and-cacau\\\/\",\"url\":\"https:\\\/\\\/masalacrua.pt\\\/product\\\/soap-orange-and-cacau\\\/\",\"name\":\"Orange and Cacau Soap - masalaCRUA\",\"isPartOf\":{\"@id\":\"https:\\\/\\\/masalacrua.pt\\\/#website\"},\"primaryImageOfPage\":{\"@id\":\"https:\\\/\\\/masalacrua.pt\\\/product\\\/soap-orange-and-cacau\\\/#primaryimage\"},\"image\":{\"@id\":\"https:\\\/\\\/masalacrua.pt\\\/product\\\/soap-orange-and-cacau\\\/#primaryimage\"},\"thumbnailUrl\":\"https:\\\/\\\/masalacrua.pt\\\/wp-content\\\/uploads\\\/2021\\\/11\\\/img_0466.jpeg\",\"datePublished\":\"2021-11-15T08:33:19+00:00\",\"dateModified\":\"2026-03-22T17:23:08+00:00\",\"description\":\"Handcrafted olive oil soap, ideal for body, face, and hands. This Orange and Cacau Soap is gentle and nourishing for all skin types.\",\"breadcrumb\":{\"@id\":\"https:\\\/\\\/masalacrua.pt\\\/product\\\/soap-orange-and-cacau\\\/#breadcrumb\"},\"inLanguage\":\"pt-PT\",\"potentialAction\":[{\"@type\":\"ReadAction\",\"target\":[\"https:\\\/\\\/masalacrua.pt\\\/product\\\/soap-orange-and-cacau\\\/\"]}]},{\"@type\":\"ImageObject\",\"inLanguage\":\"pt-PT\",\"@id\":\"https:\\\/\\\/masalacrua.pt\\\/product\\\/soap-orange-and-cacau\\\/#primaryimage\",\"url\":\"https:\\\/\\\/masalacrua.pt\\\/wp-content\\\/uploads\\\/2021\\\/11\\\/img_0466.jpeg\",\"contentUrl\":\"https:\\\/\\\/masalacrua.pt\\\/wp-content\\\/uploads\\\/2021\\\/11\\\/img_0466.jpeg\",\"width\":1000,\"height\":750,\"caption\":\"Processed with VSCO with a9 preset\"},{\"@type\":\"BreadcrumbList\",\"@id\":\"https:\\\/\\\/masalacrua.pt\\\/product\\\/soap-orange-and-cacau\\\/#breadcrumb\",\"itemListElement\":[{\"@type\":\"ListItem\",\"position\":1,\"name\":\"Home\",\"item\":\"https:\\\/\\\/masalacrua.pt\\\/\"},{\"@type\":\"ListItem\",\"position\":2,\"name\":\"SHOP\",\"item\":\"https:\\\/\\\/masalacrua.pt\\\/shop\\\/\"},{\"@type\":\"ListItem\",\"position\":3,\"name\":\"soap | orange cacau\"}]},{\"@type\":\"WebSite\",\"@id\":\"https:\\\/\\\/masalacrua.pt\\\/#website\",\"url\":\"https:\\\/\\\/masalacrua.pt\\\/\",\"name\":\"masalaCRUA\",\"description\":\"natural creations\",\"publisher\":{\"@id\":\"https:\\\/\\\/masalacrua.pt\\\/#organization\"},\"potentialAction\":[{\"@type\":\"SearchAction\",\"target\":{\"@type\":\"EntryPoint\",\"urlTemplate\":\"https:\\\/\\\/masalacrua.pt\\\/?s={search_term_string}\"},\"query-input\":{\"@type\":\"PropertyValueSpecification\",\"valueRequired\":true,\"valueName\":\"search_term_string\"}}],\"inLanguage\":\"pt-PT\"},{\"@type\":\"Organization\",\"@id\":\"https:\\\/\\\/masalacrua.pt\\\/#organization\",\"name\":\"masalaCRUA\",\"url\":\"https:\\\/\\\/masalacrua.pt\\\/\",\"logo\":{\"@type\":\"ImageObject\",\"inLanguage\":\"pt-PT\",\"@id\":\"https:\\\/\\\/masalacrua.pt\\\/#\\\/schema\\\/logo\\\/image\\\/\",\"url\":\"https:\\\/\\\/masalacrua.pt\\\/wp-content\\\/uploads\\\/2021\\\/11\\\/LOGO-finalLOGO-EXPAND-5pt-copy.png\",\"contentUrl\":\"https:\\\/\\\/masalacrua.pt\\\/wp-content\\\/uploads\\\/2021\\\/11\\\/LOGO-finalLOGO-EXPAND-5pt-copy.png\",\"width\":767,\"height\":766,\"caption\":\"masalaCRUA\"},\"image\":{\"@id\":\"https:\\\/\\\/masalacrua.pt\\\/#\\\/schema\\\/logo\\\/image\\\/\"},\"sameAs\":[\"https:\\\/\\\/www.facebook.com\\\/masalaCRUA\",\"https:\\\/\\\/www.instagram.com\\\/masala.crua\\\/\"]}]}<\/script>\n<!-- \/ Yoast SEO plugin. -->","yoast_head_json":{"title":"Orange and Cacau Soap - masalaCRUA","description":"Handcrafted olive oil soap, ideal for body, face, and hands. This Orange and Cacau Soap is gentle and nourishing for all skin types.","robots":{"index":"index","follow":"follow","max-snippet":"max-snippet:-1","max-image-preview":"max-image-preview:large","max-video-preview":"max-video-preview:-1"},"canonical":"https:\/\/masalacrua.pt\/pt\/produto\/soap-orange-and-cacau\/","og_locale":"pt_PT","og_type":"article","og_title":"Orange and Cacau Soap - masalaCRUA","og_description":"Handcrafted olive oil soap, ideal for body, face, and hands. This Orange and Cacau Soap is gentle and nourishing for all skin types.","og_url":"https:\/\/masalacrua.pt\/pt\/produto\/soap-orange-and-cacau\/","og_site_name":"masalaCRUA","article_publisher":"https:\/\/www.facebook.com\/masalaCRUA","article_modified_time":"2026-03-22T17:23:08+00:00","og_image":[{"width":1000,"height":750,"url":"https:\/\/masalacrua.pt\/wp-content\/uploads\/2021\/11\/img_0466.jpeg","type":"image\/jpeg"}],"twitter_card":"summary_large_image","twitter_misc":{"Tempo estimado de leitura":"2 minutos"},"schema":{"@context":"https:\/\/schema.org","@graph":[{"@type":"WebPage","@id":"https:\/\/masalacrua.pt\/product\/soap-orange-and-cacau\/","url":"https:\/\/masalacrua.pt\/product\/soap-orange-and-cacau\/","name":"Orange and Cacau Soap - masalaCRUA","isPartOf":{"@id":"https:\/\/masalacrua.pt\/#website"},"primaryImageOfPage":{"@id":"https:\/\/masalacrua.pt\/product\/soap-orange-and-cacau\/#primaryimage"},"image":{"@id":"https:\/\/masalacrua.pt\/product\/soap-orange-and-cacau\/#primaryimage"},"thumbnailUrl":"https:\/\/masalacrua.pt\/wp-content\/uploads\/2021\/11\/img_0466.jpeg","datePublished":"2021-11-15T08:33:19+00:00","dateModified":"2026-03-22T17:23:08+00:00","description":"Handcrafted olive oil soap, ideal for body, face, and hands. This Orange and Cacau Soap is gentle and nourishing for all skin types.","breadcrumb":{"@id":"https:\/\/masalacrua.pt\/product\/soap-orange-and-cacau\/#breadcrumb"},"inLanguage":"pt-PT","potentialAction":[{"@type":"ReadAction","target":["https:\/\/masalacrua.pt\/product\/soap-orange-and-cacau\/"]}]},{"@type":"ImageObject","inLanguage":"pt-PT","@id":"https:\/\/masalacrua.pt\/product\/soap-orange-and-cacau\/#primaryimage","url":"https:\/\/masalacrua.pt\/wp-content\/uploads\/2021\/11\/img_0466.jpeg","contentUrl":"https:\/\/masalacrua.pt\/wp-content\/uploads\/2021\/11\/img_0466.jpeg","width":1000,"height":750,"caption":"Processed with VSCO with a9 preset"},{"@type":"BreadcrumbList","@id":"https:\/\/masalacrua.pt\/product\/soap-orange-and-cacau\/#breadcrumb","itemListElement":[{"@type":"ListItem","position":1,"name":"Home","item":"https:\/\/masalacrua.pt\/"},{"@type":"ListItem","position":2,"name":"SHOP","item":"https:\/\/masalacrua.pt\/shop\/"},{"@type":"ListItem","position":3,"name":"soap | orange cacau"}]},{"@type":"WebSite","@id":"https:\/\/masalacrua.pt\/#website","url":"https:\/\/masalacrua.pt\/","name":"masalaCRUA","description":"natural creations","publisher":{"@id":"https:\/\/masalacrua.pt\/#organization"},"potentialAction":[{"@type":"SearchAction","target":{"@type":"EntryPoint","urlTemplate":"https:\/\/masalacrua.pt\/?s={search_term_string}"},"query-input":{"@type":"PropertyValueSpecification","valueRequired":true,"valueName":"search_term_string"}}],"inLanguage":"pt-PT"},{"@type":"Organization","@id":"https:\/\/masalacrua.pt\/#organization","name":"masalaCRUA","url":"https:\/\/masalacrua.pt\/","logo":{"@type":"ImageObject","inLanguage":"pt-PT","@id":"https:\/\/masalacrua.pt\/#\/schema\/logo\/image\/","url":"https:\/\/masalacrua.pt\/wp-content\/uploads\/2021\/11\/LOGO-finalLOGO-EXPAND-5pt-copy.png","contentUrl":"https:\/\/masalacrua.pt\/wp-content\/uploads\/2021\/11\/LOGO-finalLOGO-EXPAND-5pt-copy.png","width":767,"height":766,"caption":"masalaCRUA"},"image":{"@id":"https:\/\/masalacrua.pt\/#\/schema\/logo\/image\/"},"sameAs":["https:\/\/www.facebook.com\/masalaCRUA","https:\/\/www.instagram.com\/masala.crua\/"]}]}},"jetpack_sharing_enabled":true,"_links":{"self":[{"href":"https:\/\/masalacrua.pt\/pt\/wp-json\/wp\/v2\/product\/188","targetHints":{"allow":["GET"]}}],"collection":[{"href":"https:\/\/masalacrua.pt\/pt\/wp-json\/wp\/v2\/product"}],"about":[{"href":"https:\/\/masalacrua.pt\/pt\/wp-json\/wp\/v2\/types\/product"}],"replies":[{"embeddable":true,"href":"https:\/\/masalacrua.pt\/pt\/wp-json\/wp\/v2\/comments?post=188"}],"wp:featuredmedia":[{"embeddable":true,"href":"https:\/\/masalacrua.pt\/pt\/wp-json\/wp\/v2\/media\/2603"}],"wp:attachment":[{"href":"https:\/\/masalacrua.pt\/pt\/wp-json\/wp\/v2\/media?parent=188"}],"wp:term":[{"taxonomy":"product_brand","embeddable":true,"href":"https:\/\/masalacrua.pt\/pt\/wp-json\/wp\/v2\/product_brand?post=188"},{"taxonomy":"product_cat","embeddable":true,"href":"https:\/\/masalacrua.pt\/pt\/wp-json\/wp\/v2\/product_cat?post=188"},{"taxonomy":"product_tag","embeddable":true,"href":"https:\/\/masalacrua.pt\/pt\/wp-json\/wp\/v2\/product_tag?post=188"}],"curies":[{"name":"wp","href":"https:\/\/api.w.org\/{rel}","templated":true}]}}