{"id":1913,"date":"2024-07-27T22:11:51","date_gmt":"2024-07-27T21:11:51","guid":{"rendered":"https:\/\/masalacrua.pt\/?post_type=product&#038;p=1913"},"modified":"2026-03-17T17:29:43","modified_gmt":"2026-03-17T17:29:43","slug":"deodorant-tea-tree","status":"publish","type":"product","link":"https:\/\/masalacrua.pt\/pt\/produto\/deodorant-tea-tree\/","title":{"rendered":"desodorizante  | tea tree"},"content":{"rendered":"<h3><strong>NATURAL DEODORANT<\/strong><\/h3>\n<p class=\"translation-block\">A base desta f\u00f3rmula \u00e9 o <strong>al\u00famen de pot\u00e1ssio<\/strong>, um sal mineral utilizado h\u00e1 s\u00e9culos como desodorizante natural devido \u00e0s suas <strong>propriedades antimicrobianas<\/strong>. N\u00e3o bloqueia as gl\u00e2ndulas sudor\u00edparas, permitindo que o corpo transpire naturalmente, enquanto previne eficazmente as bact\u00e9rias respons\u00e1veis pelos odores desagrad\u00e1veis.<\/p>\n<p>It is important not to confuse potassium alum with conventional aluminium salts. Unlike aluminium compounds with smaller particles that can be absorbed by the skin, <strong>potassium alum remains on the skin\u2019s surface<\/strong> and is considered safe for use in natural cosmetics.<\/p>\n<p>Read more about potassium alum in <a href=\"https:\/\/www.ijpir.com\/index.php\/ijpir\/article\/view\/649?utm_source=chatgpt.com\" target=\"_blank\" rel=\"noopener\">this article<\/a>.<\/p>\n<p>Combined with citric acid, the formula achieves a low pH closer to the skin\u2019s natural balance, making it suitable <strong>for normal and sensitive skin<\/strong>. White clay helps absorb excess moisture, vegetable glycerin hydrates and protects the skin, and tea tree essential oil provides additional antibacterial action.<\/p>\n<p>&nbsp;<\/p>\n<h3><strong>INGREDIENTES<\/strong><\/h3>\n<div class=\"page\" title=\"Page 1\">\n<div class=\"section\">\n<div class=\"layoutArea\">\n<div class=\"column\">\n<p>aqua, glycerin* (vegetable), potassium alum, citric acid, kaolin (white clay), montmorillonite (green clay), benzyl alcohol\/dehydroacetic acid**, melaleuca alternifolia (tea tree) oil, thymus (thyme) essential oil, eucalyptus globulus oil, lavandula\u00a0 angustifolia (lavender) oil*, xanthan gum.<\/p>\n<p>*de produ\u00e7\u00e3o biol\u00f3gica **conservante aprovado para cosm\u00e9tica natural<\/p>\n<p class=\"translation-block\">Vegan e n\u00e3o testado em animais.<br>\n100% biodegrad\u00e1vel.<br>\nSem fragr\u00e2ncias ou cores sint\u00e9ticas.<br>\nSem produtos qu\u00edmicos t\u00f3xicos.<\/p>\n<p>&nbsp;<\/p>\n<h3><strong>COMO USAR<\/strong><\/h3>\n<p>1. Place one drop on your finger, avoiding contact with the bottle opening.<br \/>\n2. Apply under the armpit and gently spread evenly.<br \/>\n3. Store away from direct sunlight, preferably in a cool place.<\/p>\n<p>One drop per armpit is enough, allowing each bottle to last around 2 to 3 months with daily use.<\/p>\n<p>During the first few days, the deodorant may seem less effective while your skin\u2019s natural bacteria adjust to the new formula. Continue using it consistently for best results.<\/p>\n<p>Avoid touching the bottle opening, as this may introduce bacteria into the liquid. Since the formula contains only a very mild preservative, proper handling helps maintain the product\u2019s quality, lasting longer<\/p>\n<p>&nbsp;<\/p>\n<h3><strong>TRANSI\u00c7\u00c3O PARA UM DESODORIZANTE NATURAL<\/strong><\/h3>\n<p>The transition to a natural deodorant can be different for everyone. Most people notice no changes, while others may experience an <strong>initial period<\/strong> of increased sweating, mild itchiness, or slight irritation.<\/p>\n<p>Because natural deodorants do not block sweat glands, the underarm area may stay more moist at first. This moisture, combined with skin friction, can sometimes cause temporary irritation known as chafing. This is a normal adjustment process and <strong>usually disappears within the first few days<\/strong>.<\/p>\n<p>If discomfort persists beyond this initial period, it may indicate an allergic reaction, and use should be discontinued.<\/p>\n<p>You may also notice a stronger odor at the beginning, as the bacteria naturally present in the underarms &#8211; responsible for body odor &#8211; adjust to the new product. With continued use, <strong>your body gradually rebalances.<\/strong><\/p>\n<p>Give you body time to adapt.<\/p>\n<\/div>\n<\/div>\n<\/div>\n<\/div>","protected":false},"excerpt":{"rendered":"<div class=\"flex flex-col text-sm pb-25\">\n<article class=\"text-token-text-primary w-full focus:outline-none [--shadow-height:45px] has-data-writing-block:pointer-events-none has-data-writing-block:-mt-(--shadow-height) has-data-writing-block:pt-(--shadow-height) [&amp;:has([data-writing-block])&gt;*]:pointer-events-auto scroll-mt-[calc(var(--header-height)+min(200px,max(70px,20svh)))]\" dir=\"auto\" tabindex=\"-1\" data-turn-id=\"request-69b55ced-2d5c-8327-a3f5-df6b08b179c2-1\" data-testid=\"conversation-turn-242\" data-scroll-anchor=\"true\" data-turn=\"assistant\">\n<div class=\"text-base my-auto mx-auto pb-10 [--thread-content-margin:var(--thread-content-margin-xs,calc(var(--spacing)*4))] @w-sm\/main:[--thread-content-margin:var(--thread-content-margin-sm,calc(var(--spacing)*6))] @w-lg\/main:[--thread-content-margin:var(--thread-content-margin-lg,calc(var(--spacing)*16))] px-(--thread-content-margin)\">\n<div class=\"[--thread-content-max-width:40rem] @w-lg\/main:[--thread-content-max-width:48rem] mx-auto max-w-(--thread-content-max-width) flex-1 group\/turn-messages focus-visible:outline-hidden relative flex w-full min-w-0 flex-col agent-turn\" tabindex=\"-1\">\n<div class=\"flex max-w-full flex-col gap-4 grow\">\n<div class=\"min-h-8 text-message relative flex w-full flex-col items-end gap-2 text-start break-words whitespace-normal [.text-message+&amp;]:mt-1\" dir=\"auto\" data-message-author-role=\"assistant\" data-message-id=\"e9c88d88-5d56-471b-b35a-adec432a1064\" data-message-model-slug=\"gpt-5-3\">\n<div class=\"flex w-full flex-col gap-1 empty:hidden\">\n<div class=\"markdown prose dark:prose-invert w-full wrap-break-word light markdown-new-styling\">\n<p data-start=\"39\" data-end=\"215\">An extra strong deodorant made without sodium bicarbonate for a gentler feel on the skin and free from coconut oil to prevent stains on clothing.<\/p>\n<p data-start=\"39\" data-end=\"215\">Herbal scent.<\/p>\n<p data-start=\"39\" data-end=\"215\">For a milder effect, try our <a href=\"https:\/\/masalacrua.pt\/product\/deodorant-lavender\/\" target=\"_blank\" rel=\"noopener\">sensitive lavender deodorant.<\/a><\/p>\n<\/div>\n<\/div>\n<\/div>\n<\/div>\n<\/div>\n<\/div>\n<\/article>\n<\/div>\n","protected":false},"featured_media":1890,"comment_status":"open","ping_status":"closed","template":"","meta":{"_acf_changed":false,"_et_pb_use_builder":"","_et_pb_old_content":"","_et_gb_content_width":""},"product_brand":[],"product_cat":[127],"product_tag":[255,317,382],"class_list":{"0":"post-1913","1":"product","2":"type-product","3":"status-publish","4":"has-post-thumbnail","6":"product_cat-body-care","7":"product_tag-deodorant","8":"product_tag-tea-tree","9":"product_tag-thyme","10":"pa_ingredients-eucalyptus","11":"pa_ingredients-kaolin-clay","12":"pa_ingredients-lavender","13":"pa_ingredients-tea-tree","14":"pa_ingredients-thyme-essential-oil","16":"first","17":"instock","18":"taxable","19":"shipping-taxable","20":"purchasable","21":"product-type-simple"},"acf":[],"yoast_head":"<!-- This site is optimized with the Yoast SEO plugin v27.4 - https:\/\/yoast.com\/product\/yoast-seo-wordpress\/ -->\n<title>Tea Tree Natural Deodorant<\/title>\n<meta name=\"description\" content=\"An extra-strength low pH formula. Tea Tree Natural Deodorant is made without sodium bicarbonate for a gentler feel on the skin.\" \/>\n<meta name=\"robots\" content=\"index, follow, max-snippet:-1, max-image-preview:large, max-video-preview:-1\" \/>\n<link rel=\"canonical\" href=\"https:\/\/masalacrua.pt\/pt\/produto\/deodorant-tea-tree\/\" \/>\n<meta property=\"og:locale\" content=\"pt_PT\" \/>\n<meta property=\"og:type\" content=\"article\" \/>\n<meta property=\"og:title\" content=\"Tea Tree Natural Deodorant\" \/>\n<meta property=\"og:description\" content=\"An extra-strength low pH formula. Tea Tree Natural Deodorant is made without sodium bicarbonate for a gentler feel on the skin.\" \/>\n<meta property=\"og:url\" content=\"https:\/\/masalacrua.pt\/pt\/produto\/deodorant-tea-tree\/\" \/>\n<meta property=\"og:site_name\" content=\"masalaCRUA\" \/>\n<meta property=\"article:publisher\" content=\"https:\/\/www.facebook.com\/masalaCRUA\" \/>\n<meta property=\"article:modified_time\" content=\"2026-03-17T17:29:43+00:00\" \/>\n<meta property=\"og:image\" content=\"https:\/\/masalacrua.pt\/wp-content\/uploads\/2024\/07\/masalacrua_deodorant_1.jpg\" \/>\n\t<meta property=\"og:image:width\" content=\"2200\" \/>\n\t<meta property=\"og:image:height\" content=\"1650\" \/>\n\t<meta property=\"og:image:type\" content=\"image\/jpeg\" \/>\n<meta name=\"twitter:card\" content=\"summary_large_image\" \/>\n<meta name=\"twitter:label1\" content=\"Tempo estimado de leitura\" \/>\n\t<meta name=\"twitter:data1\" content=\"3 minutos\" \/>\n<script type=\"application\/ld+json\" class=\"yoast-schema-graph\">{\"@context\":\"https:\\\/\\\/schema.org\",\"@graph\":[{\"@type\":\"WebPage\",\"@id\":\"https:\\\/\\\/masalacrua.pt\\\/product\\\/deodorant-tea-tree\\\/\",\"url\":\"https:\\\/\\\/masalacrua.pt\\\/product\\\/deodorant-tea-tree\\\/\",\"name\":\"Tea Tree Natural Deodorant\",\"isPartOf\":{\"@id\":\"https:\\\/\\\/masalacrua.pt\\\/#website\"},\"primaryImageOfPage\":{\"@id\":\"https:\\\/\\\/masalacrua.pt\\\/product\\\/deodorant-tea-tree\\\/#primaryimage\"},\"image\":{\"@id\":\"https:\\\/\\\/masalacrua.pt\\\/product\\\/deodorant-tea-tree\\\/#primaryimage\"},\"thumbnailUrl\":\"https:\\\/\\\/masalacrua.pt\\\/wp-content\\\/uploads\\\/2024\\\/07\\\/masalacrua_deodorant_1.jpg\",\"datePublished\":\"2024-07-27T21:11:51+00:00\",\"dateModified\":\"2026-03-17T17:29:43+00:00\",\"description\":\"An extra-strength low pH formula. Tea Tree Natural Deodorant is made without sodium bicarbonate for a gentler feel on the skin.\",\"breadcrumb\":{\"@id\":\"https:\\\/\\\/masalacrua.pt\\\/product\\\/deodorant-tea-tree\\\/#breadcrumb\"},\"inLanguage\":\"pt-PT\",\"potentialAction\":[{\"@type\":\"ReadAction\",\"target\":[\"https:\\\/\\\/masalacrua.pt\\\/product\\\/deodorant-tea-tree\\\/\"]}]},{\"@type\":\"ImageObject\",\"inLanguage\":\"pt-PT\",\"@id\":\"https:\\\/\\\/masalacrua.pt\\\/product\\\/deodorant-tea-tree\\\/#primaryimage\",\"url\":\"https:\\\/\\\/masalacrua.pt\\\/wp-content\\\/uploads\\\/2024\\\/07\\\/masalacrua_deodorant_1.jpg\",\"contentUrl\":\"https:\\\/\\\/masalacrua.pt\\\/wp-content\\\/uploads\\\/2024\\\/07\\\/masalacrua_deodorant_1.jpg\",\"width\":2200,\"height\":1650},{\"@type\":\"BreadcrumbList\",\"@id\":\"https:\\\/\\\/masalacrua.pt\\\/product\\\/deodorant-tea-tree\\\/#breadcrumb\",\"itemListElement\":[{\"@type\":\"ListItem\",\"position\":1,\"name\":\"Home\",\"item\":\"https:\\\/\\\/masalacrua.pt\\\/\"},{\"@type\":\"ListItem\",\"position\":2,\"name\":\"SHOP\",\"item\":\"https:\\\/\\\/masalacrua.pt\\\/shop\\\/\"},{\"@type\":\"ListItem\",\"position\":3,\"name\":\"deodorant | tea tree\"}]},{\"@type\":\"WebSite\",\"@id\":\"https:\\\/\\\/masalacrua.pt\\\/#website\",\"url\":\"https:\\\/\\\/masalacrua.pt\\\/\",\"name\":\"masalaCRUA\",\"description\":\"natural creations\",\"publisher\":{\"@id\":\"https:\\\/\\\/masalacrua.pt\\\/#organization\"},\"potentialAction\":[{\"@type\":\"SearchAction\",\"target\":{\"@type\":\"EntryPoint\",\"urlTemplate\":\"https:\\\/\\\/masalacrua.pt\\\/?s={search_term_string}\"},\"query-input\":{\"@type\":\"PropertyValueSpecification\",\"valueRequired\":true,\"valueName\":\"search_term_string\"}}],\"inLanguage\":\"pt-PT\"},{\"@type\":\"Organization\",\"@id\":\"https:\\\/\\\/masalacrua.pt\\\/#organization\",\"name\":\"masalaCRUA\",\"url\":\"https:\\\/\\\/masalacrua.pt\\\/\",\"logo\":{\"@type\":\"ImageObject\",\"inLanguage\":\"pt-PT\",\"@id\":\"https:\\\/\\\/masalacrua.pt\\\/#\\\/schema\\\/logo\\\/image\\\/\",\"url\":\"https:\\\/\\\/masalacrua.pt\\\/wp-content\\\/uploads\\\/2021\\\/11\\\/LOGO-finalLOGO-EXPAND-5pt-copy.png\",\"contentUrl\":\"https:\\\/\\\/masalacrua.pt\\\/wp-content\\\/uploads\\\/2021\\\/11\\\/LOGO-finalLOGO-EXPAND-5pt-copy.png\",\"width\":767,\"height\":766,\"caption\":\"masalaCRUA\"},\"image\":{\"@id\":\"https:\\\/\\\/masalacrua.pt\\\/#\\\/schema\\\/logo\\\/image\\\/\"},\"sameAs\":[\"https:\\\/\\\/www.facebook.com\\\/masalaCRUA\",\"https:\\\/\\\/www.instagram.com\\\/masala.crua\\\/\"]}]}<\/script>\n<!-- \/ Yoast SEO plugin. -->","yoast_head_json":{"title":"Tea Tree Natural Deodorant","description":"An extra-strength low pH formula. Tea Tree Natural Deodorant is made without sodium bicarbonate for a gentler feel on the skin.","robots":{"index":"index","follow":"follow","max-snippet":"max-snippet:-1","max-image-preview":"max-image-preview:large","max-video-preview":"max-video-preview:-1"},"canonical":"https:\/\/masalacrua.pt\/pt\/produto\/deodorant-tea-tree\/","og_locale":"pt_PT","og_type":"article","og_title":"Tea Tree Natural Deodorant","og_description":"An extra-strength low pH formula. Tea Tree Natural Deodorant is made without sodium bicarbonate for a gentler feel on the skin.","og_url":"https:\/\/masalacrua.pt\/pt\/produto\/deodorant-tea-tree\/","og_site_name":"masalaCRUA","article_publisher":"https:\/\/www.facebook.com\/masalaCRUA","article_modified_time":"2026-03-17T17:29:43+00:00","og_image":[{"width":2200,"height":1650,"url":"https:\/\/masalacrua.pt\/wp-content\/uploads\/2024\/07\/masalacrua_deodorant_1.jpg","type":"image\/jpeg"}],"twitter_card":"summary_large_image","twitter_misc":{"Tempo estimado de leitura":"3 minutos"},"schema":{"@context":"https:\/\/schema.org","@graph":[{"@type":"WebPage","@id":"https:\/\/masalacrua.pt\/product\/deodorant-tea-tree\/","url":"https:\/\/masalacrua.pt\/product\/deodorant-tea-tree\/","name":"Tea Tree Natural Deodorant","isPartOf":{"@id":"https:\/\/masalacrua.pt\/#website"},"primaryImageOfPage":{"@id":"https:\/\/masalacrua.pt\/product\/deodorant-tea-tree\/#primaryimage"},"image":{"@id":"https:\/\/masalacrua.pt\/product\/deodorant-tea-tree\/#primaryimage"},"thumbnailUrl":"https:\/\/masalacrua.pt\/wp-content\/uploads\/2024\/07\/masalacrua_deodorant_1.jpg","datePublished":"2024-07-27T21:11:51+00:00","dateModified":"2026-03-17T17:29:43+00:00","description":"An extra-strength low pH formula. Tea Tree Natural Deodorant is made without sodium bicarbonate for a gentler feel on the skin.","breadcrumb":{"@id":"https:\/\/masalacrua.pt\/product\/deodorant-tea-tree\/#breadcrumb"},"inLanguage":"pt-PT","potentialAction":[{"@type":"ReadAction","target":["https:\/\/masalacrua.pt\/product\/deodorant-tea-tree\/"]}]},{"@type":"ImageObject","inLanguage":"pt-PT","@id":"https:\/\/masalacrua.pt\/product\/deodorant-tea-tree\/#primaryimage","url":"https:\/\/masalacrua.pt\/wp-content\/uploads\/2024\/07\/masalacrua_deodorant_1.jpg","contentUrl":"https:\/\/masalacrua.pt\/wp-content\/uploads\/2024\/07\/masalacrua_deodorant_1.jpg","width":2200,"height":1650},{"@type":"BreadcrumbList","@id":"https:\/\/masalacrua.pt\/product\/deodorant-tea-tree\/#breadcrumb","itemListElement":[{"@type":"ListItem","position":1,"name":"Home","item":"https:\/\/masalacrua.pt\/"},{"@type":"ListItem","position":2,"name":"SHOP","item":"https:\/\/masalacrua.pt\/shop\/"},{"@type":"ListItem","position":3,"name":"deodorant | tea tree"}]},{"@type":"WebSite","@id":"https:\/\/masalacrua.pt\/#website","url":"https:\/\/masalacrua.pt\/","name":"masalaCRUA","description":"natural creations","publisher":{"@id":"https:\/\/masalacrua.pt\/#organization"},"potentialAction":[{"@type":"SearchAction","target":{"@type":"EntryPoint","urlTemplate":"https:\/\/masalacrua.pt\/?s={search_term_string}"},"query-input":{"@type":"PropertyValueSpecification","valueRequired":true,"valueName":"search_term_string"}}],"inLanguage":"pt-PT"},{"@type":"Organization","@id":"https:\/\/masalacrua.pt\/#organization","name":"masalaCRUA","url":"https:\/\/masalacrua.pt\/","logo":{"@type":"ImageObject","inLanguage":"pt-PT","@id":"https:\/\/masalacrua.pt\/#\/schema\/logo\/image\/","url":"https:\/\/masalacrua.pt\/wp-content\/uploads\/2021\/11\/LOGO-finalLOGO-EXPAND-5pt-copy.png","contentUrl":"https:\/\/masalacrua.pt\/wp-content\/uploads\/2021\/11\/LOGO-finalLOGO-EXPAND-5pt-copy.png","width":767,"height":766,"caption":"masalaCRUA"},"image":{"@id":"https:\/\/masalacrua.pt\/#\/schema\/logo\/image\/"},"sameAs":["https:\/\/www.facebook.com\/masalaCRUA","https:\/\/www.instagram.com\/masala.crua\/"]}]}},"jetpack_sharing_enabled":true,"_links":{"self":[{"href":"https:\/\/masalacrua.pt\/pt\/wp-json\/wp\/v2\/product\/1913","targetHints":{"allow":["GET"]}}],"collection":[{"href":"https:\/\/masalacrua.pt\/pt\/wp-json\/wp\/v2\/product"}],"about":[{"href":"https:\/\/masalacrua.pt\/pt\/wp-json\/wp\/v2\/types\/product"}],"replies":[{"embeddable":true,"href":"https:\/\/masalacrua.pt\/pt\/wp-json\/wp\/v2\/comments?post=1913"}],"wp:featuredmedia":[{"embeddable":true,"href":"https:\/\/masalacrua.pt\/pt\/wp-json\/wp\/v2\/media\/1890"}],"wp:attachment":[{"href":"https:\/\/masalacrua.pt\/pt\/wp-json\/wp\/v2\/media?parent=1913"}],"wp:term":[{"taxonomy":"product_brand","embeddable":true,"href":"https:\/\/masalacrua.pt\/pt\/wp-json\/wp\/v2\/product_brand?post=1913"},{"taxonomy":"product_cat","embeddable":true,"href":"https:\/\/masalacrua.pt\/pt\/wp-json\/wp\/v2\/product_cat?post=1913"},{"taxonomy":"product_tag","embeddable":true,"href":"https:\/\/masalacrua.pt\/pt\/wp-json\/wp\/v2\/product_tag?post=1913"}],"curies":[{"name":"wp","href":"https:\/\/api.w.org\/{rel}","templated":true}]}}