{"id":1918,"date":"2024-07-27T22:18:09","date_gmt":"2024-07-27T21:18:09","guid":{"rendered":"https:\/\/masalacrua.pt\/?post_type=product&#038;p=1918"},"modified":"2026-03-16T17:39:03","modified_gmt":"2026-03-16T17:39:03","slug":"cork-box-soap","status":"publish","type":"product","link":"https:\/\/masalacrua.pt\/pt\/produto\/cork-box-soap\/","title":{"rendered":"caixa corti\u00e7a | sab\u00e3o"},"content":{"rendered":"<h3 data-start=\"151\" data-end=\"185\"><strong data-start=\"151\" data-end=\"183\">CAIXA DE VIAGEM EM CORTI\u00c7A PARA SABONETE<\/strong><\/h3>\n<p data-start=\"187\" data-end=\"395\">Uma caixa de corti\u00e7a natural produzida artesanalmente no Alentejo que mant\u00e9m o seu sabonete seco, protegido e pronto para viajar. O seu design vers\u00e1til tamb\u00e9m funciona como suporte para sabonetes, champ\u00f4s s\u00f3lidos ou pequenos artigos de casa de banho.<\/p>\n<p data-start=\"397\" data-end=\"675\" class=\"translation-block\">Produzida artesanalmente pela corkconnection, esta <strong data-start=\"434\" data-end=\"459\">caixa de corti\u00e7a 100% natural. <\/strong>Mede <strong data-start=\"469\" data-end=\"491\">7.5 \u00d7 8.5 \u00d7 2.5\u202fcm<\/strong>, o tamanho perfeito para o seu sabonete s\u00f3lido favorito. A corti\u00e7a respir\u00e1vel permite que a \u00e1gua escoe naturalmente, mantendo o seu sabonete seco e prolongando a sua dura\u00e7\u00e3o, quer em casa ou em viagem. Tamb\u00e9m pode ser utilizada para transportar o <a href=\"https:\/\/masalacrua.pt\/pt\/produto\/kit-samples\/\" target=\"_blank\" rel=\"noopener\">kit de viagem <\/a>de mini sabonete, mini champ\u00f4 e mini amaciador.<\/p>\n<p data-start=\"677\" data-end=\"830\">Mais do que um simples acess\u00f3rio de viagem, a caixa pode servir como um suporte de casa de banho pr\u00e1tico e elegante para champ\u00f4s s\u00f3lidos, sabonetes ou outros pequenos artigos.<\/p>\n<p data-start=\"832\" data-end=\"858\">*Sabonete n\u00e3o inclu\u00eddo<\/p>\n<p data-start=\"860\" data-end=\"997\" class=\"translation-block\">Explora os nossos <a href=\"https:\/\/masalacrua.pt\/pt\/categoria-produto\/natural-skin-care\/artisanal-soap\/\" target=\"_blank\" rel=\"noopener\">sabonetes<\/a> para combinar perfeitamente com a tua caixa de corti\u00e7a e criar um conjunto de cuidados de corpo e cabelo sustent\u00e1vel e zero-waste.<\/p>","protected":false},"excerpt":{"rendered":"<p>Caixa de Viagem em Corti\u00e7a Natural para sabonete \u2013 produzida artesanalmente no Alentejo a partir de corti\u00e7a 100% natural. Esta caixa mant\u00e9m o seu sabonete seco e protegido, tornando-a perfeita para viajar ou para o uso di\u00e1rio. O seu design vers\u00e1til tamb\u00e9m funciona como suporte para champ\u00f4s s\u00f3lidos, sabonetes ou pequenos essenciais de casa de banho.<\/p>","protected":false},"featured_media":2359,"comment_status":"open","ping_status":"closed","template":"","meta":{"_acf_changed":false,"_et_pb_use_builder":"","_et_pb_old_content":"","_et_gb_content_width":""},"product_brand":[],"product_cat":[128,130],"product_tag":[304],"class_list":{"0":"post-1918","1":"product","2":"type-product","3":"status-publish","4":"has-post-thumbnail","6":"product_cat-artisanal-soap","7":"product_cat-accessories","8":"product_tag-travel-box","10":"first","11":"instock","12":"taxable","13":"shipping-taxable","14":"purchasable","15":"product-type-simple"},"acf":[],"yoast_head":"<!-- This site is optimized with the Yoast SEO plugin v27.3 - https:\/\/yoast.com\/product\/yoast-seo-wordpress\/ -->\n<title>Travel Cork Box for Soap<\/title>\n<meta name=\"description\" content=\"Travel Cork Box for Soap is handcrafted in Alentejo from 100% cork. Keeps your soap dry and protected, making it perfect for travel or everyday use.\" \/>\n<meta name=\"robots\" content=\"index, follow, max-snippet:-1, max-image-preview:large, max-video-preview:-1\" \/>\n<link rel=\"canonical\" href=\"https:\/\/masalacrua.pt\/pt\/produto\/cork-box-soap\/\" \/>\n<meta property=\"og:locale\" content=\"pt_PT\" \/>\n<meta property=\"og:type\" content=\"article\" \/>\n<meta property=\"og:title\" content=\"Travel Cork Box for Soap\" \/>\n<meta property=\"og:description\" content=\"Travel Cork Box for Soap is handcrafted in Alentejo from 100% cork. Keeps your soap dry and protected, making it perfect for travel or everyday use.\" \/>\n<meta property=\"og:url\" content=\"https:\/\/masalacrua.pt\/pt\/produto\/cork-box-soap\/\" \/>\n<meta property=\"og:site_name\" content=\"masalaCRUA\" \/>\n<meta property=\"article:publisher\" content=\"https:\/\/www.facebook.com\/masalaCRUA\" \/>\n<meta property=\"article:modified_time\" content=\"2026-03-16T17:39:03+00:00\" \/>\n<meta property=\"og:image\" content=\"https:\/\/masalacrua.pt\/wp-content\/uploads\/2024\/07\/img_8227.jpeg\" \/>\n\t<meta property=\"og:image:width\" content=\"1000\" \/>\n\t<meta property=\"og:image:height\" content=\"750\" \/>\n\t<meta property=\"og:image:type\" content=\"image\/jpeg\" \/>\n<meta name=\"twitter:card\" content=\"summary_large_image\" \/>\n<meta name=\"twitter:label1\" content=\"Tempo estimado de leitura\" \/>\n\t<meta name=\"twitter:data1\" content=\"1 minuto\" \/>\n<script type=\"application\/ld+json\" class=\"yoast-schema-graph\">{\"@context\":\"https:\\\/\\\/schema.org\",\"@graph\":[{\"@type\":\"WebPage\",\"@id\":\"https:\\\/\\\/masalacrua.pt\\\/product\\\/cork-box-soap\\\/\",\"url\":\"https:\\\/\\\/masalacrua.pt\\\/product\\\/cork-box-soap\\\/\",\"name\":\"Travel Cork Box for Soap\",\"isPartOf\":{\"@id\":\"https:\\\/\\\/masalacrua.pt\\\/#website\"},\"primaryImageOfPage\":{\"@id\":\"https:\\\/\\\/masalacrua.pt\\\/product\\\/cork-box-soap\\\/#primaryimage\"},\"image\":{\"@id\":\"https:\\\/\\\/masalacrua.pt\\\/product\\\/cork-box-soap\\\/#primaryimage\"},\"thumbnailUrl\":\"https:\\\/\\\/masalacrua.pt\\\/wp-content\\\/uploads\\\/2024\\\/07\\\/img_8227.jpeg\",\"datePublished\":\"2024-07-27T21:18:09+00:00\",\"dateModified\":\"2026-03-16T17:39:03+00:00\",\"description\":\"Travel Cork Box for Soap is handcrafted in Alentejo from 100% cork. Keeps your soap dry and protected, making it perfect for travel or everyday use.\",\"breadcrumb\":{\"@id\":\"https:\\\/\\\/masalacrua.pt\\\/product\\\/cork-box-soap\\\/#breadcrumb\"},\"inLanguage\":\"pt-PT\",\"potentialAction\":[{\"@type\":\"ReadAction\",\"target\":[\"https:\\\/\\\/masalacrua.pt\\\/product\\\/cork-box-soap\\\/\"]}]},{\"@type\":\"ImageObject\",\"inLanguage\":\"pt-PT\",\"@id\":\"https:\\\/\\\/masalacrua.pt\\\/product\\\/cork-box-soap\\\/#primaryimage\",\"url\":\"https:\\\/\\\/masalacrua.pt\\\/wp-content\\\/uploads\\\/2024\\\/07\\\/img_8227.jpeg\",\"contentUrl\":\"https:\\\/\\\/masalacrua.pt\\\/wp-content\\\/uploads\\\/2024\\\/07\\\/img_8227.jpeg\",\"width\":1000,\"height\":750,\"caption\":\"Processed with VSCO with a9 preset\"},{\"@type\":\"BreadcrumbList\",\"@id\":\"https:\\\/\\\/masalacrua.pt\\\/product\\\/cork-box-soap\\\/#breadcrumb\",\"itemListElement\":[{\"@type\":\"ListItem\",\"position\":1,\"name\":\"Home\",\"item\":\"https:\\\/\\\/masalacrua.pt\\\/\"},{\"@type\":\"ListItem\",\"position\":2,\"name\":\"SHOP\",\"item\":\"https:\\\/\\\/masalacrua.pt\\\/shop\\\/\"},{\"@type\":\"ListItem\",\"position\":3,\"name\":\"cork box | soap\"}]},{\"@type\":\"WebSite\",\"@id\":\"https:\\\/\\\/masalacrua.pt\\\/#website\",\"url\":\"https:\\\/\\\/masalacrua.pt\\\/\",\"name\":\"masalaCRUA\",\"description\":\"natural creations\",\"publisher\":{\"@id\":\"https:\\\/\\\/masalacrua.pt\\\/#organization\"},\"potentialAction\":[{\"@type\":\"SearchAction\",\"target\":{\"@type\":\"EntryPoint\",\"urlTemplate\":\"https:\\\/\\\/masalacrua.pt\\\/?s={search_term_string}\"},\"query-input\":{\"@type\":\"PropertyValueSpecification\",\"valueRequired\":true,\"valueName\":\"search_term_string\"}}],\"inLanguage\":\"pt-PT\"},{\"@type\":\"Organization\",\"@id\":\"https:\\\/\\\/masalacrua.pt\\\/#organization\",\"name\":\"masalaCRUA\",\"url\":\"https:\\\/\\\/masalacrua.pt\\\/\",\"logo\":{\"@type\":\"ImageObject\",\"inLanguage\":\"pt-PT\",\"@id\":\"https:\\\/\\\/masalacrua.pt\\\/#\\\/schema\\\/logo\\\/image\\\/\",\"url\":\"https:\\\/\\\/masalacrua.pt\\\/wp-content\\\/uploads\\\/2021\\\/11\\\/LOGO-finalLOGO-EXPAND-5pt-copy.png\",\"contentUrl\":\"https:\\\/\\\/masalacrua.pt\\\/wp-content\\\/uploads\\\/2021\\\/11\\\/LOGO-finalLOGO-EXPAND-5pt-copy.png\",\"width\":767,\"height\":766,\"caption\":\"masalaCRUA\"},\"image\":{\"@id\":\"https:\\\/\\\/masalacrua.pt\\\/#\\\/schema\\\/logo\\\/image\\\/\"},\"sameAs\":[\"https:\\\/\\\/www.facebook.com\\\/masalaCRUA\",\"https:\\\/\\\/www.instagram.com\\\/masala.crua\\\/\"]}]}<\/script>\n<!-- \/ Yoast SEO plugin. -->","yoast_head_json":{"title":"Travel Cork Box for Soap","description":"Travel Cork Box for Soap is handcrafted in Alentejo from 100% cork. Keeps your soap dry and protected, making it perfect for travel or everyday use.","robots":{"index":"index","follow":"follow","max-snippet":"max-snippet:-1","max-image-preview":"max-image-preview:large","max-video-preview":"max-video-preview:-1"},"canonical":"https:\/\/masalacrua.pt\/pt\/produto\/cork-box-soap\/","og_locale":"pt_PT","og_type":"article","og_title":"Travel Cork Box for Soap","og_description":"Travel Cork Box for Soap is handcrafted in Alentejo from 100% cork. Keeps your soap dry and protected, making it perfect for travel or everyday use.","og_url":"https:\/\/masalacrua.pt\/pt\/produto\/cork-box-soap\/","og_site_name":"masalaCRUA","article_publisher":"https:\/\/www.facebook.com\/masalaCRUA","article_modified_time":"2026-03-16T17:39:03+00:00","og_image":[{"width":1000,"height":750,"url":"https:\/\/masalacrua.pt\/wp-content\/uploads\/2024\/07\/img_8227.jpeg","type":"image\/jpeg"}],"twitter_card":"summary_large_image","twitter_misc":{"Tempo estimado de leitura":"1 minuto"},"schema":{"@context":"https:\/\/schema.org","@graph":[{"@type":"WebPage","@id":"https:\/\/masalacrua.pt\/product\/cork-box-soap\/","url":"https:\/\/masalacrua.pt\/product\/cork-box-soap\/","name":"Travel Cork Box for Soap","isPartOf":{"@id":"https:\/\/masalacrua.pt\/#website"},"primaryImageOfPage":{"@id":"https:\/\/masalacrua.pt\/product\/cork-box-soap\/#primaryimage"},"image":{"@id":"https:\/\/masalacrua.pt\/product\/cork-box-soap\/#primaryimage"},"thumbnailUrl":"https:\/\/masalacrua.pt\/wp-content\/uploads\/2024\/07\/img_8227.jpeg","datePublished":"2024-07-27T21:18:09+00:00","dateModified":"2026-03-16T17:39:03+00:00","description":"Travel Cork Box for Soap is handcrafted in Alentejo from 100% cork. Keeps your soap dry and protected, making it perfect for travel or everyday use.","breadcrumb":{"@id":"https:\/\/masalacrua.pt\/product\/cork-box-soap\/#breadcrumb"},"inLanguage":"pt-PT","potentialAction":[{"@type":"ReadAction","target":["https:\/\/masalacrua.pt\/product\/cork-box-soap\/"]}]},{"@type":"ImageObject","inLanguage":"pt-PT","@id":"https:\/\/masalacrua.pt\/product\/cork-box-soap\/#primaryimage","url":"https:\/\/masalacrua.pt\/wp-content\/uploads\/2024\/07\/img_8227.jpeg","contentUrl":"https:\/\/masalacrua.pt\/wp-content\/uploads\/2024\/07\/img_8227.jpeg","width":1000,"height":750,"caption":"Processed with VSCO with a9 preset"},{"@type":"BreadcrumbList","@id":"https:\/\/masalacrua.pt\/product\/cork-box-soap\/#breadcrumb","itemListElement":[{"@type":"ListItem","position":1,"name":"Home","item":"https:\/\/masalacrua.pt\/"},{"@type":"ListItem","position":2,"name":"SHOP","item":"https:\/\/masalacrua.pt\/shop\/"},{"@type":"ListItem","position":3,"name":"cork box | soap"}]},{"@type":"WebSite","@id":"https:\/\/masalacrua.pt\/#website","url":"https:\/\/masalacrua.pt\/","name":"masalaCRUA","description":"natural creations","publisher":{"@id":"https:\/\/masalacrua.pt\/#organization"},"potentialAction":[{"@type":"SearchAction","target":{"@type":"EntryPoint","urlTemplate":"https:\/\/masalacrua.pt\/?s={search_term_string}"},"query-input":{"@type":"PropertyValueSpecification","valueRequired":true,"valueName":"search_term_string"}}],"inLanguage":"pt-PT"},{"@type":"Organization","@id":"https:\/\/masalacrua.pt\/#organization","name":"masalaCRUA","url":"https:\/\/masalacrua.pt\/","logo":{"@type":"ImageObject","inLanguage":"pt-PT","@id":"https:\/\/masalacrua.pt\/#\/schema\/logo\/image\/","url":"https:\/\/masalacrua.pt\/wp-content\/uploads\/2021\/11\/LOGO-finalLOGO-EXPAND-5pt-copy.png","contentUrl":"https:\/\/masalacrua.pt\/wp-content\/uploads\/2021\/11\/LOGO-finalLOGO-EXPAND-5pt-copy.png","width":767,"height":766,"caption":"masalaCRUA"},"image":{"@id":"https:\/\/masalacrua.pt\/#\/schema\/logo\/image\/"},"sameAs":["https:\/\/www.facebook.com\/masalaCRUA","https:\/\/www.instagram.com\/masala.crua\/"]}]}},"jetpack_sharing_enabled":true,"_links":{"self":[{"href":"https:\/\/masalacrua.pt\/pt\/wp-json\/wp\/v2\/product\/1918","targetHints":{"allow":["GET"]}}],"collection":[{"href":"https:\/\/masalacrua.pt\/pt\/wp-json\/wp\/v2\/product"}],"about":[{"href":"https:\/\/masalacrua.pt\/pt\/wp-json\/wp\/v2\/types\/product"}],"replies":[{"embeddable":true,"href":"https:\/\/masalacrua.pt\/pt\/wp-json\/wp\/v2\/comments?post=1918"}],"wp:featuredmedia":[{"embeddable":true,"href":"https:\/\/masalacrua.pt\/pt\/wp-json\/wp\/v2\/media\/2359"}],"wp:attachment":[{"href":"https:\/\/masalacrua.pt\/pt\/wp-json\/wp\/v2\/media?parent=1918"}],"wp:term":[{"taxonomy":"product_brand","embeddable":true,"href":"https:\/\/masalacrua.pt\/pt\/wp-json\/wp\/v2\/product_brand?post=1918"},{"taxonomy":"product_cat","embeddable":true,"href":"https:\/\/masalacrua.pt\/pt\/wp-json\/wp\/v2\/product_cat?post=1918"},{"taxonomy":"product_tag","embeddable":true,"href":"https:\/\/masalacrua.pt\/pt\/wp-json\/wp\/v2\/product_tag?post=1918"}],"curies":[{"name":"wp","href":"https:\/\/api.w.org\/{rel}","templated":true}]}}