{"id":1927,"date":"2024-07-27T22:30:10","date_gmt":"2024-07-27T21:30:10","guid":{"rendered":"https:\/\/masalacrua.pt\/?post_type=product&#038;p=1927"},"modified":"2026-03-23T14:19:48","modified_gmt":"2026-03-23T14:19:48","slug":"kit-travel","status":"publish","type":"product","link":"https:\/\/masalacrua.pt\/pt\/produto\/kit-travel\/","title":{"rendered":"KIT | VIAGEM"},"content":{"rendered":"<h3 data-start=\"464\" data-end=\"938\"><strong data-start=\"501\" data-end=\"527\">O KIT DE VIAGEM<\/strong><\/h3>\n<p data-start=\"177\" data-end=\"471\">Eleva a tua rotina de viagem com o nosso Kit de Viagem para Cabelo e Corpo, cuidadosamente selecionado para manter os teus essenciais organizados, protegidos e eco-friendly onde quer que v\u00e1s. Cada item \u00e9 elaborado com ingredientes naturais e de origem vegetal para cuidar da tua pele e cabelo, respeitando o planeta.<\/p>\n<p data-start=\"473\" data-end=\"495\">O que est\u00e1 inclu\u00eddo:<\/p>\n<ul data-start=\"496\" data-end=\"871\">\n<li data-section-id=\"13wrd16\" data-start=\"496\" data-end=\"618\">\n<p data-start=\"498\" data-end=\"618\"><strong data-start=\"498\" data-end=\"526\">Caixa de viagem artesanal em corti\u00e7a<\/strong> \u2013 mant\u00e9m os teus sabonetes e champ\u00f4s s\u00f3lidos secos e protegidos, perfeita para viagens ou para usar em casa.<\/p>\n<\/li>\n<li data-section-id=\"1vevpkb\" data-start=\"619\" data-end=\"677\">\n<p data-start=\"621\" data-end=\"677\"><strong data-start=\"621\" data-end=\"633\">Mini soap bar <\/strong>(50g)\u00a0\u2013 gently cleanses and nourishes the skin.<\/p>\n<\/li>\n<li data-section-id=\"1s3o52k\" data-start=\"678\" data-end=\"786\">\n<p data-start=\"680\" data-end=\"786\" class=\"translation-block\"><strong>Mini shampoo s\u00f3lido<\/strong> (25 g) \u2013 uma f\u00f3rmula concentrada que limpa, refresca e nutre o cabelo.<\/p>\n<\/li>\n<li data-section-id=\"1nfzqc5\" data-start=\"787\" data-end=\"871\">\n<p data-start=\"789\" data-end=\"871\" class=\"translation-block\"><strong data-start=\"789\" data-end=\"822\">Mini condicionador s\u00f3lido <\/strong>(20\u202fg) \u2013 hidrata, suaviza e fortalece o cabelo.<\/p>\n<\/li>\n<\/ul>\n<p data-start=\"873\" data-end=\"1021\">Perfeito para viagens ou para o dia a dia, este kit torna o cuidado do teu cabelo e pele simples, pr\u00e1tico e agrad\u00e1vel, seja em casa ou em qualquer lugar.<\/p>\n<p data-start=\"940\" data-end=\"1293\">A caixa de corti\u00e7a permite que a \u00e1gua escoe naturalmente, ajudando os teus sabonetes e champ\u00f4s a manterem-se secos e duradouros. O seu tamanho compacto \u00e9 ideal para a mala de m\u00e3o, aventuras de fim de semana ou para o dia a dia. Seja em casa ou em qualquer lugar, este kit de viagem torna o cuidado do teu cabelo e pele simples, pr\u00e1tico e agrad\u00e1vel.<\/p>\n<p>Pode escolher diferentes tipos de sabonete, shampoo e condicionador ao realizar a sua encomenda, mediante o stock dispon\u00edvel.<\/p>\n<p>&nbsp;<\/p>\n<p data-start=\"940\" data-end=\"1293\" class=\"translation-block\">Explora a nossa cole\u00e7\u00e3o de <a href=\"https:\/\/masalacrua.pt\/pt\/categoria-produto\/natural-skin-care\/artisanal-soap\/\" target=\"_blank\" rel=\"noopener\">sabonetes<\/a>, <a href=\"https:\/\/masalacrua.pt\/pt\/categoria-produto\/shop\/natural-skin-care\/hair-care\/\" target=\"_blank\" rel=\"noopener\">champ\u00f4s s\u00f3lidos<\/a> e <a href=\"https:\/\/masalacrua.pt\/pt\/categoria-produto\/shop\/natural-skin-care\/hair-care\/\" target=\"_blank\" rel=\"noopener\">Condicionador<\/a> para completares a tua rotina de cuidados de corpo e cabelo sustent\u00e1vel.<\/p>","protected":false},"excerpt":{"rendered":"<p>Kit de Viagem para Cabelo e Corpo \u2013 essenciais selecionados numa caixa de corti\u00e7a natural, desenhado para um autocuidado f\u00e1cil e sustent\u00e1vel onde quer que a vida te leve.<\/p>","protected":false},"featured_media":1896,"comment_status":"open","ping_status":"closed","template":"","meta":{"_acf_changed":false,"_et_pb_use_builder":"","_et_pb_old_content":"","_et_gb_content_width":""},"product_brand":[],"product_cat":[128,130],"product_tag":[458,305,457],"class_list":{"0":"post-1927","1":"product","2":"type-product","3":"status-publish","4":"has-post-thumbnail","6":"product_cat-artisanal-soap","7":"product_cat-accessories","8":"product_tag-cork-soap-box","9":"product_tag-pack","10":"product_tag-travel-kit","12":"first","13":"instock","14":"taxable","15":"shipping-taxable","16":"purchasable","17":"product-type-simple"},"acf":[],"yoast_head":"<!-- This site is optimized with the Yoast SEO plugin v27.4 - https:\/\/yoast.com\/product\/yoast-seo-wordpress\/ -->\n<title>Travel Kit with Cork box<\/title>\n<meta name=\"description\" content=\"Travel Hair &amp; Soap Kit \u2013 curated essentials in a natural cork case, designed for easy, sustainable self\u2011care wherever life takes you.\" \/>\n<meta name=\"robots\" content=\"index, follow, max-snippet:-1, max-image-preview:large, max-video-preview:-1\" \/>\n<link rel=\"canonical\" href=\"https:\/\/masalacrua.pt\/pt\/produto\/kit-travel\/\" \/>\n<meta property=\"og:locale\" content=\"pt_PT\" \/>\n<meta property=\"og:type\" content=\"article\" \/>\n<meta property=\"og:title\" content=\"Travel Kit with Cork box\" \/>\n<meta property=\"og:description\" content=\"Travel Hair &amp; Soap Kit \u2013 curated essentials in a natural cork case, designed for easy, sustainable self\u2011care wherever life takes you.\" \/>\n<meta property=\"og:url\" content=\"https:\/\/masalacrua.pt\/pt\/produto\/kit-travel\/\" \/>\n<meta property=\"og:site_name\" content=\"masalaCRUA\" \/>\n<meta property=\"article:publisher\" content=\"https:\/\/www.facebook.com\/masalaCRUA\" \/>\n<meta property=\"article:modified_time\" content=\"2026-03-23T14:19:48+00:00\" \/>\n<meta property=\"og:image\" content=\"https:\/\/masalacrua.pt\/wp-content\/uploads\/2024\/07\/masalacrua_kitbox_5.jpg\" \/>\n\t<meta property=\"og:image:width\" content=\"2200\" \/>\n\t<meta property=\"og:image:height\" content=\"1650\" \/>\n\t<meta property=\"og:image:type\" content=\"image\/jpeg\" \/>\n<meta name=\"twitter:card\" content=\"summary_large_image\" \/>\n<meta name=\"twitter:label1\" content=\"Tempo estimado de leitura\" \/>\n\t<meta name=\"twitter:data1\" content=\"2 minutos\" \/>\n<script type=\"application\/ld+json\" class=\"yoast-schema-graph\">{\"@context\":\"https:\\\/\\\/schema.org\",\"@graph\":[{\"@type\":\"WebPage\",\"@id\":\"https:\\\/\\\/masalacrua.pt\\\/product\\\/kit-travel\\\/\",\"url\":\"https:\\\/\\\/masalacrua.pt\\\/product\\\/kit-travel\\\/\",\"name\":\"Travel Kit with Cork box\",\"isPartOf\":{\"@id\":\"https:\\\/\\\/masalacrua.pt\\\/#website\"},\"primaryImageOfPage\":{\"@id\":\"https:\\\/\\\/masalacrua.pt\\\/product\\\/kit-travel\\\/#primaryimage\"},\"image\":{\"@id\":\"https:\\\/\\\/masalacrua.pt\\\/product\\\/kit-travel\\\/#primaryimage\"},\"thumbnailUrl\":\"https:\\\/\\\/masalacrua.pt\\\/wp-content\\\/uploads\\\/2024\\\/07\\\/masalacrua_kitbox_5.jpg\",\"datePublished\":\"2024-07-27T21:30:10+00:00\",\"dateModified\":\"2026-03-23T14:19:48+00:00\",\"description\":\"Travel Hair & Soap Kit \u2013 curated essentials in a natural cork case, designed for easy, sustainable self\u2011care wherever life takes you.\",\"breadcrumb\":{\"@id\":\"https:\\\/\\\/masalacrua.pt\\\/product\\\/kit-travel\\\/#breadcrumb\"},\"inLanguage\":\"pt-PT\",\"potentialAction\":[{\"@type\":\"ReadAction\",\"target\":[\"https:\\\/\\\/masalacrua.pt\\\/product\\\/kit-travel\\\/\"]}]},{\"@type\":\"ImageObject\",\"inLanguage\":\"pt-PT\",\"@id\":\"https:\\\/\\\/masalacrua.pt\\\/product\\\/kit-travel\\\/#primaryimage\",\"url\":\"https:\\\/\\\/masalacrua.pt\\\/wp-content\\\/uploads\\\/2024\\\/07\\\/masalacrua_kitbox_5.jpg\",\"contentUrl\":\"https:\\\/\\\/masalacrua.pt\\\/wp-content\\\/uploads\\\/2024\\\/07\\\/masalacrua_kitbox_5.jpg\",\"width\":2200,\"height\":1650},{\"@type\":\"BreadcrumbList\",\"@id\":\"https:\\\/\\\/masalacrua.pt\\\/product\\\/kit-travel\\\/#breadcrumb\",\"itemListElement\":[{\"@type\":\"ListItem\",\"position\":1,\"name\":\"Home\",\"item\":\"https:\\\/\\\/masalacrua.pt\\\/\"},{\"@type\":\"ListItem\",\"position\":2,\"name\":\"SHOP\",\"item\":\"https:\\\/\\\/masalacrua.pt\\\/shop\\\/\"},{\"@type\":\"ListItem\",\"position\":3,\"name\":\"kit | travel\"}]},{\"@type\":\"WebSite\",\"@id\":\"https:\\\/\\\/masalacrua.pt\\\/#website\",\"url\":\"https:\\\/\\\/masalacrua.pt\\\/\",\"name\":\"masalaCRUA\",\"description\":\"natural creations\",\"publisher\":{\"@id\":\"https:\\\/\\\/masalacrua.pt\\\/#organization\"},\"potentialAction\":[{\"@type\":\"SearchAction\",\"target\":{\"@type\":\"EntryPoint\",\"urlTemplate\":\"https:\\\/\\\/masalacrua.pt\\\/?s={search_term_string}\"},\"query-input\":{\"@type\":\"PropertyValueSpecification\",\"valueRequired\":true,\"valueName\":\"search_term_string\"}}],\"inLanguage\":\"pt-PT\"},{\"@type\":\"Organization\",\"@id\":\"https:\\\/\\\/masalacrua.pt\\\/#organization\",\"name\":\"masalaCRUA\",\"url\":\"https:\\\/\\\/masalacrua.pt\\\/\",\"logo\":{\"@type\":\"ImageObject\",\"inLanguage\":\"pt-PT\",\"@id\":\"https:\\\/\\\/masalacrua.pt\\\/#\\\/schema\\\/logo\\\/image\\\/\",\"url\":\"https:\\\/\\\/masalacrua.pt\\\/wp-content\\\/uploads\\\/2021\\\/11\\\/LOGO-finalLOGO-EXPAND-5pt-copy.png\",\"contentUrl\":\"https:\\\/\\\/masalacrua.pt\\\/wp-content\\\/uploads\\\/2021\\\/11\\\/LOGO-finalLOGO-EXPAND-5pt-copy.png\",\"width\":767,\"height\":766,\"caption\":\"masalaCRUA\"},\"image\":{\"@id\":\"https:\\\/\\\/masalacrua.pt\\\/#\\\/schema\\\/logo\\\/image\\\/\"},\"sameAs\":[\"https:\\\/\\\/www.facebook.com\\\/masalaCRUA\",\"https:\\\/\\\/www.instagram.com\\\/masala.crua\\\/\"]}]}<\/script>\n<!-- \/ Yoast SEO plugin. -->","yoast_head_json":{"title":"Travel Kit with Cork box","description":"Kit de Viagem para Cabelo e Corpo \u2013 essenciais selecionados numa caixa de corti\u00e7a natural, desenhado para um autocuidado f\u00e1cil e sustent\u00e1vel onde quer que a vida te leve.","robots":{"index":"index","follow":"follow","max-snippet":"max-snippet:-1","max-image-preview":"max-image-preview:large","max-video-preview":"max-video-preview:-1"},"canonical":"https:\/\/masalacrua.pt\/pt\/produto\/kit-travel\/","og_locale":"pt_PT","og_type":"article","og_title":"Travel Kit with Cork box","og_description":"Travel Hair & Soap Kit \u2013 curated essentials in a natural cork case, designed for easy, sustainable self\u2011care wherever life takes you.","og_url":"https:\/\/masalacrua.pt\/pt\/produto\/kit-travel\/","og_site_name":"masalaCRUA","article_publisher":"https:\/\/www.facebook.com\/masalaCRUA","article_modified_time":"2026-03-23T14:19:48+00:00","og_image":[{"width":2200,"height":1650,"url":"https:\/\/masalacrua.pt\/wp-content\/uploads\/2024\/07\/masalacrua_kitbox_5.jpg","type":"image\/jpeg"}],"twitter_card":"summary_large_image","twitter_misc":{"Tempo estimado de leitura":"2 minutos"},"schema":{"@context":"https:\/\/schema.org","@graph":[{"@type":"WebPage","@id":"https:\/\/masalacrua.pt\/product\/kit-travel\/","url":"https:\/\/masalacrua.pt\/product\/kit-travel\/","name":"Travel Kit with Cork box","isPartOf":{"@id":"https:\/\/masalacrua.pt\/#website"},"primaryImageOfPage":{"@id":"https:\/\/masalacrua.pt\/product\/kit-travel\/#primaryimage"},"image":{"@id":"https:\/\/masalacrua.pt\/product\/kit-travel\/#primaryimage"},"thumbnailUrl":"https:\/\/masalacrua.pt\/wp-content\/uploads\/2024\/07\/masalacrua_kitbox_5.jpg","datePublished":"2024-07-27T21:30:10+00:00","dateModified":"2026-03-23T14:19:48+00:00","description":"Kit de Viagem para Cabelo e Corpo \u2013 essenciais selecionados numa caixa de corti\u00e7a natural, desenhado para um autocuidado f\u00e1cil e sustent\u00e1vel onde quer que a vida te leve.","breadcrumb":{"@id":"https:\/\/masalacrua.pt\/product\/kit-travel\/#breadcrumb"},"inLanguage":"pt-PT","potentialAction":[{"@type":"ReadAction","target":["https:\/\/masalacrua.pt\/product\/kit-travel\/"]}]},{"@type":"ImageObject","inLanguage":"pt-PT","@id":"https:\/\/masalacrua.pt\/product\/kit-travel\/#primaryimage","url":"https:\/\/masalacrua.pt\/wp-content\/uploads\/2024\/07\/masalacrua_kitbox_5.jpg","contentUrl":"https:\/\/masalacrua.pt\/wp-content\/uploads\/2024\/07\/masalacrua_kitbox_5.jpg","width":2200,"height":1650},{"@type":"BreadcrumbList","@id":"https:\/\/masalacrua.pt\/product\/kit-travel\/#breadcrumb","itemListElement":[{"@type":"ListItem","position":1,"name":"Home","item":"https:\/\/masalacrua.pt\/"},{"@type":"ListItem","position":2,"name":"SHOP","item":"https:\/\/masalacrua.pt\/shop\/"},{"@type":"ListItem","position":3,"name":"kit | travel"}]},{"@type":"WebSite","@id":"https:\/\/masalacrua.pt\/#website","url":"https:\/\/masalacrua.pt\/","name":"masalaCRUA","description":"natural creations","publisher":{"@id":"https:\/\/masalacrua.pt\/#organization"},"potentialAction":[{"@type":"SearchAction","target":{"@type":"EntryPoint","urlTemplate":"https:\/\/masalacrua.pt\/?s={search_term_string}"},"query-input":{"@type":"PropertyValueSpecification","valueRequired":true,"valueName":"search_term_string"}}],"inLanguage":"pt-PT"},{"@type":"Organization","@id":"https:\/\/masalacrua.pt\/#organization","name":"masalaCRUA","url":"https:\/\/masalacrua.pt\/","logo":{"@type":"ImageObject","inLanguage":"pt-PT","@id":"https:\/\/masalacrua.pt\/#\/schema\/logo\/image\/","url":"https:\/\/masalacrua.pt\/wp-content\/uploads\/2021\/11\/LOGO-finalLOGO-EXPAND-5pt-copy.png","contentUrl":"https:\/\/masalacrua.pt\/wp-content\/uploads\/2021\/11\/LOGO-finalLOGO-EXPAND-5pt-copy.png","width":767,"height":766,"caption":"masalaCRUA"},"image":{"@id":"https:\/\/masalacrua.pt\/#\/schema\/logo\/image\/"},"sameAs":["https:\/\/www.facebook.com\/masalaCRUA","https:\/\/www.instagram.com\/masala.crua\/"]}]}},"jetpack_sharing_enabled":true,"_links":{"self":[{"href":"https:\/\/masalacrua.pt\/pt\/wp-json\/wp\/v2\/product\/1927","targetHints":{"allow":["GET"]}}],"collection":[{"href":"https:\/\/masalacrua.pt\/pt\/wp-json\/wp\/v2\/product"}],"about":[{"href":"https:\/\/masalacrua.pt\/pt\/wp-json\/wp\/v2\/types\/product"}],"replies":[{"embeddable":true,"href":"https:\/\/masalacrua.pt\/pt\/wp-json\/wp\/v2\/comments?post=1927"}],"wp:featuredmedia":[{"embeddable":true,"href":"https:\/\/masalacrua.pt\/pt\/wp-json\/wp\/v2\/media\/1896"}],"wp:attachment":[{"href":"https:\/\/masalacrua.pt\/pt\/wp-json\/wp\/v2\/media?parent=1927"}],"wp:term":[{"taxonomy":"product_brand","embeddable":true,"href":"https:\/\/masalacrua.pt\/pt\/wp-json\/wp\/v2\/product_brand?post=1927"},{"taxonomy":"product_cat","embeddable":true,"href":"https:\/\/masalacrua.pt\/pt\/wp-json\/wp\/v2\/product_cat?post=1927"},{"taxonomy":"product_tag","embeddable":true,"href":"https:\/\/masalacrua.pt\/pt\/wp-json\/wp\/v2\/product_tag?post=1927"}],"curies":[{"name":"wp","href":"https:\/\/api.w.org\/{rel}","templated":true}]}}