{"id":1935,"date":"2024-07-27T22:42:17","date_gmt":"2024-07-27T21:42:17","guid":{"rendered":"https:\/\/masalacrua.pt\/?post_type=product&#038;p=1935"},"modified":"2026-03-16T17:32:10","modified_gmt":"2026-03-16T17:32:10","slug":"soap-holder-kit","status":"publish","type":"product","link":"https:\/\/masalacrua.pt\/pt\/produto\/soap-holder-kit\/","title":{"rendered":"kit | saboneteira"},"content":{"rendered":"<h3 data-start=\"391\" data-end=\"617\"><strong>KIT DE SABONETEIRA<\/strong><\/h3>\n<p data-start=\"391\" data-end=\"617\">Celebra a arte do cuidado natural do cabelo e da pele com o nosso Kit de Saboneteira, cuidadosamente artesanal para trazer um cuidado suave e de origem vegetal para a tua rotina di\u00e1ria ou para partilhares com algu\u00e9m especial. Este conjunto artesanal inclui:<\/p>\n<p data-start=\"504\" data-end=\"526\"><strong data-start=\"504\" data-end=\"524\">O que est\u00e1 inclu\u00eddo:<\/strong><\/p>\n<ul data-start=\"496\" data-end=\"871\">\n<li data-section-id=\"1vevpkb\" data-start=\"619\" data-end=\"677\">\n<p data-start=\"621\" data-end=\"677\"><strong data-start=\"621\" data-end=\"633\">Sabonete <\/strong>(100\u202fg) \u2013 limpa suavemente e nutre a pele.<\/p>\n<\/li>\n<li data-section-id=\"1s3o52k\" data-start=\"678\" data-end=\"786\">\n<p data-start=\"680\" data-end=\"786\"><strong data-start=\"680\" data-end=\"709\">Champ\u00f4 s\u00f3lido <\/strong>(60\u202fg) \u2013 uma f\u00f3rmula concentrada que limpa, refresca e nutre o cabelo.<\/p>\n<\/li>\n<li data-section-id=\"1nfzqc5\" data-start=\"787\" data-end=\"871\">\n<p data-start=\"789\" data-end=\"871\"><strong data-start=\"789\" data-end=\"822\">Condicionador s\u00f3lido <\/strong>(60\u202fg) \u2013 hidrata, suaviza e fortalece o cabelo.<\/p>\n<\/li>\n<\/ul>\n<p data-start=\"886\" data-end=\"1045\">Cada produto \u00e9 produzido artesanalmente com ingredientes naturais, refletindo um compromisso com uma produ\u00e7\u00e3o sustent\u00e1vel e cuidada. Perfeito para uso em casa ou para oferecer, este kit transforma o cuidado di\u00e1rio do cabelo e da pele num ritual consciente e natural.<\/p>\n<p data-start=\"886\" data-end=\"1045\">Pode escolher diferentes tipos de sabonete, shampoo e condicionador ao realizar a sua encomenda, mediante o stock dispon\u00edvel.<\/p>\n<p data-start=\"886\" data-end=\"1045\" class=\"translation-block\">Explore a nossa cole\u00e7\u00e3o de <a href=\"https:\/\/masalacrua.pt\/pt\/categoria-produto\/natural-skin-care\/artisanal-soap\/\" target=\"_blank\" rel=\"noopener\">sabonetes<\/a>, <a href=\"https:\/\/masalacrua.pt\/pt\/categoria-produto\/shop\/natural-skin-care\/hair-care\/\" target=\"_blank\" rel=\"noopener\">shampoos s\u00f3lidos<\/a> e <a href=\"https:\/\/masalacrua.pt\/pt\/categoria-produto\/shop\/natural-skin-care\/hair-care\/\" target=\"_blank\" rel=\"noopener\">condicionadores<\/a> para completar a sua rotina sustent\u00e1vel de cuidado capilar e do corpo.<\/p>","protected":false},"excerpt":{"rendered":"<p>Kit de Sabonete e Cuidados de Cabelo \u2013 um conjunto pensado que inclui um sabonete, um champ\u00f4 s\u00f3lido e um condicionador s\u00f3lido, perfeito para o autocuidado di\u00e1rio ou como um presente natural.<\/p>","protected":false},"featured_media":1910,"comment_status":"open","ping_status":"closed","template":"","meta":{"_acf_changed":false,"_et_pb_use_builder":"","_et_pb_old_content":"","_et_gb_content_width":""},"product_brand":[],"product_cat":[128,130],"product_tag":[459,305,457],"class_list":{"0":"post-1935","1":"product","2":"type-product","3":"status-publish","4":"has-post-thumbnail","6":"product_cat-artisanal-soap","7":"product_cat-accessories","8":"product_tag-cork-soap-holder","9":"product_tag-pack","10":"product_tag-travel-kit","12":"first","13":"instock","14":"taxable","15":"shipping-taxable","16":"purchasable","17":"product-type-simple"},"acf":[],"yoast_head":"<!-- This site is optimized with the Yoast SEO plugin v27.3 - https:\/\/yoast.com\/product\/yoast-seo-wordpress\/ -->\n<title>Cork Soap Holder Kit<\/title>\n<meta name=\"description\" content=\"Cork Soap holder Kit \u2013 a thoughtful set including a soap bar, solid shampoo, and solid conditioner, perfect for everyday self-care or as a natural gift.\" \/>\n<meta name=\"robots\" content=\"index, follow, max-snippet:-1, max-image-preview:large, max-video-preview:-1\" \/>\n<link rel=\"canonical\" href=\"https:\/\/masalacrua.pt\/pt\/produto\/soap-holder-kit\/\" \/>\n<meta property=\"og:locale\" content=\"pt_PT\" \/>\n<meta property=\"og:type\" content=\"article\" \/>\n<meta property=\"og:title\" content=\"Cork Soap Holder Kit\" \/>\n<meta property=\"og:description\" content=\"Cork Soap holder Kit \u2013 a thoughtful set including a soap bar, solid shampoo, and solid conditioner, perfect for everyday self-care or as a natural gift.\" \/>\n<meta property=\"og:url\" content=\"https:\/\/masalacrua.pt\/pt\/produto\/soap-holder-kit\/\" \/>\n<meta property=\"og:site_name\" content=\"masalaCRUA\" \/>\n<meta property=\"article:publisher\" content=\"https:\/\/www.facebook.com\/masalaCRUA\" \/>\n<meta property=\"article:modified_time\" content=\"2026-03-16T17:32:10+00:00\" \/>\n<meta property=\"og:image\" content=\"https:\/\/masalacrua.pt\/wp-content\/uploads\/2024\/07\/masalacrua_kitsoapholder_2.jpg\" \/>\n\t<meta property=\"og:image:width\" content=\"2200\" \/>\n\t<meta property=\"og:image:height\" content=\"1650\" \/>\n\t<meta property=\"og:image:type\" content=\"image\/jpeg\" \/>\n<meta name=\"twitter:card\" content=\"summary_large_image\" \/>\n<meta name=\"twitter:label1\" content=\"Tempo estimado de leitura\" \/>\n\t<meta name=\"twitter:data1\" content=\"1 minuto\" \/>\n<script type=\"application\/ld+json\" class=\"yoast-schema-graph\">{\"@context\":\"https:\\\/\\\/schema.org\",\"@graph\":[{\"@type\":\"WebPage\",\"@id\":\"https:\\\/\\\/masalacrua.pt\\\/product\\\/soap-holder-kit\\\/\",\"url\":\"https:\\\/\\\/masalacrua.pt\\\/product\\\/soap-holder-kit\\\/\",\"name\":\"Cork Soap Holder Kit\",\"isPartOf\":{\"@id\":\"https:\\\/\\\/masalacrua.pt\\\/#website\"},\"primaryImageOfPage\":{\"@id\":\"https:\\\/\\\/masalacrua.pt\\\/product\\\/soap-holder-kit\\\/#primaryimage\"},\"image\":{\"@id\":\"https:\\\/\\\/masalacrua.pt\\\/product\\\/soap-holder-kit\\\/#primaryimage\"},\"thumbnailUrl\":\"https:\\\/\\\/masalacrua.pt\\\/wp-content\\\/uploads\\\/2024\\\/07\\\/masalacrua_kitsoapholder_2.jpg\",\"datePublished\":\"2024-07-27T21:42:17+00:00\",\"dateModified\":\"2026-03-16T17:32:10+00:00\",\"description\":\"Cork Soap holder Kit \u2013 a thoughtful set including a soap bar, solid shampoo, and solid conditioner, perfect for everyday self-care or as a natural gift.\",\"breadcrumb\":{\"@id\":\"https:\\\/\\\/masalacrua.pt\\\/product\\\/soap-holder-kit\\\/#breadcrumb\"},\"inLanguage\":\"pt-PT\",\"potentialAction\":[{\"@type\":\"ReadAction\",\"target\":[\"https:\\\/\\\/masalacrua.pt\\\/product\\\/soap-holder-kit\\\/\"]}]},{\"@type\":\"ImageObject\",\"inLanguage\":\"pt-PT\",\"@id\":\"https:\\\/\\\/masalacrua.pt\\\/product\\\/soap-holder-kit\\\/#primaryimage\",\"url\":\"https:\\\/\\\/masalacrua.pt\\\/wp-content\\\/uploads\\\/2024\\\/07\\\/masalacrua_kitsoapholder_2.jpg\",\"contentUrl\":\"https:\\\/\\\/masalacrua.pt\\\/wp-content\\\/uploads\\\/2024\\\/07\\\/masalacrua_kitsoapholder_2.jpg\",\"width\":2200,\"height\":1650},{\"@type\":\"BreadcrumbList\",\"@id\":\"https:\\\/\\\/masalacrua.pt\\\/product\\\/soap-holder-kit\\\/#breadcrumb\",\"itemListElement\":[{\"@type\":\"ListItem\",\"position\":1,\"name\":\"Home\",\"item\":\"https:\\\/\\\/masalacrua.pt\\\/\"},{\"@type\":\"ListItem\",\"position\":2,\"name\":\"SHOP\",\"item\":\"https:\\\/\\\/masalacrua.pt\\\/shop\\\/\"},{\"@type\":\"ListItem\",\"position\":3,\"name\":\"kit | soap holder\"}]},{\"@type\":\"WebSite\",\"@id\":\"https:\\\/\\\/masalacrua.pt\\\/#website\",\"url\":\"https:\\\/\\\/masalacrua.pt\\\/\",\"name\":\"masalaCRUA\",\"description\":\"natural creations\",\"publisher\":{\"@id\":\"https:\\\/\\\/masalacrua.pt\\\/#organization\"},\"potentialAction\":[{\"@type\":\"SearchAction\",\"target\":{\"@type\":\"EntryPoint\",\"urlTemplate\":\"https:\\\/\\\/masalacrua.pt\\\/?s={search_term_string}\"},\"query-input\":{\"@type\":\"PropertyValueSpecification\",\"valueRequired\":true,\"valueName\":\"search_term_string\"}}],\"inLanguage\":\"pt-PT\"},{\"@type\":\"Organization\",\"@id\":\"https:\\\/\\\/masalacrua.pt\\\/#organization\",\"name\":\"masalaCRUA\",\"url\":\"https:\\\/\\\/masalacrua.pt\\\/\",\"logo\":{\"@type\":\"ImageObject\",\"inLanguage\":\"pt-PT\",\"@id\":\"https:\\\/\\\/masalacrua.pt\\\/#\\\/schema\\\/logo\\\/image\\\/\",\"url\":\"https:\\\/\\\/masalacrua.pt\\\/wp-content\\\/uploads\\\/2021\\\/11\\\/LOGO-finalLOGO-EXPAND-5pt-copy.png\",\"contentUrl\":\"https:\\\/\\\/masalacrua.pt\\\/wp-content\\\/uploads\\\/2021\\\/11\\\/LOGO-finalLOGO-EXPAND-5pt-copy.png\",\"width\":767,\"height\":766,\"caption\":\"masalaCRUA\"},\"image\":{\"@id\":\"https:\\\/\\\/masalacrua.pt\\\/#\\\/schema\\\/logo\\\/image\\\/\"},\"sameAs\":[\"https:\\\/\\\/www.facebook.com\\\/masalaCRUA\",\"https:\\\/\\\/www.instagram.com\\\/masala.crua\\\/\"]}]}<\/script>\n<!-- \/ Yoast SEO plugin. -->","yoast_head_json":{"title":"Cork Soap Holder Kit","description":"Cork Soap holder Kit \u2013 a thoughtful set including a soap bar, solid shampoo, and solid conditioner, perfect for everyday self-care or as a natural gift.","robots":{"index":"index","follow":"follow","max-snippet":"max-snippet:-1","max-image-preview":"max-image-preview:large","max-video-preview":"max-video-preview:-1"},"canonical":"https:\/\/masalacrua.pt\/pt\/produto\/soap-holder-kit\/","og_locale":"pt_PT","og_type":"article","og_title":"Cork Soap Holder Kit","og_description":"Cork Soap holder Kit \u2013 a thoughtful set including a soap bar, solid shampoo, and solid conditioner, perfect for everyday self-care or as a natural gift.","og_url":"https:\/\/masalacrua.pt\/pt\/produto\/soap-holder-kit\/","og_site_name":"masalaCRUA","article_publisher":"https:\/\/www.facebook.com\/masalaCRUA","article_modified_time":"2026-03-16T17:32:10+00:00","og_image":[{"width":2200,"height":1650,"url":"https:\/\/masalacrua.pt\/wp-content\/uploads\/2024\/07\/masalacrua_kitsoapholder_2.jpg","type":"image\/jpeg"}],"twitter_card":"summary_large_image","twitter_misc":{"Tempo estimado de leitura":"1 minuto"},"schema":{"@context":"https:\/\/schema.org","@graph":[{"@type":"WebPage","@id":"https:\/\/masalacrua.pt\/product\/soap-holder-kit\/","url":"https:\/\/masalacrua.pt\/product\/soap-holder-kit\/","name":"Cork Soap Holder Kit","isPartOf":{"@id":"https:\/\/masalacrua.pt\/#website"},"primaryImageOfPage":{"@id":"https:\/\/masalacrua.pt\/product\/soap-holder-kit\/#primaryimage"},"image":{"@id":"https:\/\/masalacrua.pt\/product\/soap-holder-kit\/#primaryimage"},"thumbnailUrl":"https:\/\/masalacrua.pt\/wp-content\/uploads\/2024\/07\/masalacrua_kitsoapholder_2.jpg","datePublished":"2024-07-27T21:42:17+00:00","dateModified":"2026-03-16T17:32:10+00:00","description":"Cork Soap holder Kit \u2013 a thoughtful set including a soap bar, solid shampoo, and solid conditioner, perfect for everyday self-care or as a natural gift.","breadcrumb":{"@id":"https:\/\/masalacrua.pt\/product\/soap-holder-kit\/#breadcrumb"},"inLanguage":"pt-PT","potentialAction":[{"@type":"ReadAction","target":["https:\/\/masalacrua.pt\/product\/soap-holder-kit\/"]}]},{"@type":"ImageObject","inLanguage":"pt-PT","@id":"https:\/\/masalacrua.pt\/product\/soap-holder-kit\/#primaryimage","url":"https:\/\/masalacrua.pt\/wp-content\/uploads\/2024\/07\/masalacrua_kitsoapholder_2.jpg","contentUrl":"https:\/\/masalacrua.pt\/wp-content\/uploads\/2024\/07\/masalacrua_kitsoapholder_2.jpg","width":2200,"height":1650},{"@type":"BreadcrumbList","@id":"https:\/\/masalacrua.pt\/product\/soap-holder-kit\/#breadcrumb","itemListElement":[{"@type":"ListItem","position":1,"name":"Home","item":"https:\/\/masalacrua.pt\/"},{"@type":"ListItem","position":2,"name":"SHOP","item":"https:\/\/masalacrua.pt\/shop\/"},{"@type":"ListItem","position":3,"name":"kit | soap holder"}]},{"@type":"WebSite","@id":"https:\/\/masalacrua.pt\/#website","url":"https:\/\/masalacrua.pt\/","name":"masalaCRUA","description":"natural creations","publisher":{"@id":"https:\/\/masalacrua.pt\/#organization"},"potentialAction":[{"@type":"SearchAction","target":{"@type":"EntryPoint","urlTemplate":"https:\/\/masalacrua.pt\/?s={search_term_string}"},"query-input":{"@type":"PropertyValueSpecification","valueRequired":true,"valueName":"search_term_string"}}],"inLanguage":"pt-PT"},{"@type":"Organization","@id":"https:\/\/masalacrua.pt\/#organization","name":"masalaCRUA","url":"https:\/\/masalacrua.pt\/","logo":{"@type":"ImageObject","inLanguage":"pt-PT","@id":"https:\/\/masalacrua.pt\/#\/schema\/logo\/image\/","url":"https:\/\/masalacrua.pt\/wp-content\/uploads\/2021\/11\/LOGO-finalLOGO-EXPAND-5pt-copy.png","contentUrl":"https:\/\/masalacrua.pt\/wp-content\/uploads\/2021\/11\/LOGO-finalLOGO-EXPAND-5pt-copy.png","width":767,"height":766,"caption":"masalaCRUA"},"image":{"@id":"https:\/\/masalacrua.pt\/#\/schema\/logo\/image\/"},"sameAs":["https:\/\/www.facebook.com\/masalaCRUA","https:\/\/www.instagram.com\/masala.crua\/"]}]}},"jetpack_sharing_enabled":true,"_links":{"self":[{"href":"https:\/\/masalacrua.pt\/pt\/wp-json\/wp\/v2\/product\/1935","targetHints":{"allow":["GET"]}}],"collection":[{"href":"https:\/\/masalacrua.pt\/pt\/wp-json\/wp\/v2\/product"}],"about":[{"href":"https:\/\/masalacrua.pt\/pt\/wp-json\/wp\/v2\/types\/product"}],"replies":[{"embeddable":true,"href":"https:\/\/masalacrua.pt\/pt\/wp-json\/wp\/v2\/comments?post=1935"}],"wp:featuredmedia":[{"embeddable":true,"href":"https:\/\/masalacrua.pt\/pt\/wp-json\/wp\/v2\/media\/1910"}],"wp:attachment":[{"href":"https:\/\/masalacrua.pt\/pt\/wp-json\/wp\/v2\/media?parent=1935"}],"wp:term":[{"taxonomy":"product_brand","embeddable":true,"href":"https:\/\/masalacrua.pt\/pt\/wp-json\/wp\/v2\/product_brand?post=1935"},{"taxonomy":"product_cat","embeddable":true,"href":"https:\/\/masalacrua.pt\/pt\/wp-json\/wp\/v2\/product_cat?post=1935"},{"taxonomy":"product_tag","embeddable":true,"href":"https:\/\/masalacrua.pt\/pt\/wp-json\/wp\/v2\/product_tag?post=1935"}],"curies":[{"name":"wp","href":"https:\/\/api.w.org\/{rel}","templated":true}]}}