{"id":1969,"date":"2024-07-27T23:02:06","date_gmt":"2024-07-27T22:02:06","guid":{"rendered":"https:\/\/masalacrua.pt\/?post_type=product&#038;p=1969"},"modified":"2026-03-25T11:10:07","modified_gmt":"2026-03-25T11:10:07","slug":"tiger-balm-hypericum-arnica","status":"publish","type":"product","link":"https:\/\/masalacrua.pt\/pt\/produto\/tiger-balm-hypericum-arnica\/","title":{"rendered":"B\u00e1lsamo do Tigre | Hiperic\u00e3o e Arnica"},"content":{"rendered":"<h3><strong>B\u00c1LSAMO MEDICINAL COM ARNICA E HIPERIC\u00c3O<\/strong><\/h3>\n<p>Esta vers\u00e3o artesanal do conhecido \u201cB\u00e1lsamo do Tigre Vermelho\u201d junta o poder suavizante do Hiperic\u00e3o (Erva de S. Jo\u00e3o) e da Arnica aos efeitos quentes e revigorantes dos \u00f3leos de C\u00e2nfora, Cajeput e Canela.<\/p>\n<p class=\"translation-block\">Cuidadosamente formulado pelas suas propriedades <strong>anti-inflamat\u00f3rias<\/strong> e de est\u00edmulo \u00e0 circula\u00e7\u00e3o, ajuda a <strong>aliviar os m\u00fasculos doridos, a reduzir a tens\u00e3o<\/strong> e a promover a recupera\u00e7\u00e3o ap\u00f3s a atividade f\u00edsica. A sua textura suave e de f\u00e1cil aplica\u00e7\u00e3o proporciona um al\u00edvio direcionado exatamente onde precisa, deixando a pele com uma sensa\u00e7\u00e3o refrescada e revitalizada.<\/p>\n<p class=\"translation-block\">Combine com o nosso <a href=\"https:\/\/masalacrua.pt\/pt\/produto\/massage-oil-lavender-arnica\/\" target=\"_blank\" rel=\"noopener\">\u00f3leo de massagem<\/a> com arnica, cal\u00eandula e lavanda.<\/p>\n<p class=\"translation-block\">Para saber mais sobre os benef\u00edcios da arnica e do hiperic\u00e3o, leia <a href=\"https:\/\/juniperpublishers.blogspot.com\/2022\/10\/immediate-and-mid-term-effect-of.html?utm_source=chatgpt.com\" target=\"_blank\" rel=\"noopener noreferrer\">este estudo cl\u00ednico.<\/a><\/p>\n<p>&nbsp;<\/p>\n<p>&nbsp;<\/p>\n<h3><strong>INGREDIENTES<\/strong><\/h3>\n<p>olea europaea (azeite)** infundido em hiperic\u00e3o** e arnica, cera alba (cera de abelha), butyrospermum parkii (manteiga de karit\u00e9), cinnamomum camphora (\u00f3leo de c\u00e2nfora), mentol, mentha piperita (\u00f3leo de hortel\u00e3-pimenta), melaleuca leucadendron cajaputi (\u00f3leo de Cajeput), extrato alco\u00f3lico de hiperic\u00e3o, tocopherol (vitamina E), eugenia caryophyllus (\u00f3leo de cravinho)*, illite (argila vermelha), cinnamomum cassia (\u00f3leo de canela).<\/p>\n<p>*de produ\u00e7\u00e3o org\u00e2nica  **org\u00e2nico de origem local<\/p>\n<p>&nbsp;<\/p>\n<p><strong>Ingredientes principais:<\/strong><\/p>\n<ul>\n<li class=\"translation-block\">Hiperic\u00e3o (Erva de S. Jo\u00e3o): tradicionalmente utilizado pelas suas propriedades calmantes e anti-inflamat\u00f3rias para ajudar a acalmar os tecidos irritados e <strong>promover a recupera\u00e7\u00e3o muscular.<\/strong><\/li>\n<li class=\"translation-block\">Arnica: reconhecida pela sua capacidade de <strong>reduzir a inflama\u00e7\u00e3o<\/strong> e aliviar a dor, n\u00f3doas negras e o desconforto muscular.<\/li>\n<li>Cajeput essential oil: provides a warming, stimulating effect that helps <strong>relieve tension<\/strong> and promotes circulation in tired or sore muscles.<\/li>\n<li class=\"translation-block\">\u00d3leo essencial de Canela: adiciona uma suave sensa\u00e7\u00e3o de aquecimento, enquanto <strong>estimula a circula\u00e7\u00e3o<\/strong> e potencia os efeitos calmantes e restauradores do b\u00e1lsamo.<\/li>\n<\/ul>\n<p class=\"translation-block\">N\u00e3o testado em animais.<br>\n100% biodegrad\u00e1vel.<br>\nSem fragr\u00e2ncias ou cores sint\u00e9ticas.<br>\nSem produtos qu\u00edmicos t\u00f3xicos.<\/p>\n<p>&nbsp;<\/p>\n<h3><strong>COMO USAR<\/strong><\/h3>\n<p>Aplique uma pequena quantidade diretamente na \u00e1rea com dor e massaje suavemente at\u00e9 \u00e0 absor\u00e7\u00e3o total.<\/p>\n<p>Aplique o b\u00e1lsamo em \u00e1reas musculares, articula\u00e7\u00f5es ou pontos de dor localizada e evite aplicar diretamente no peito ou perto de membranas mucosas.<\/p>\n<p>&nbsp;<\/p>\n<h3><strong>PRECAU\u00c7\u00d5ES<\/strong><\/h3>\n<p>Apenas para uso externo.<\/p>\n<p>As indica\u00e7\u00f5es dadas s\u00e3o meras sugest\u00f5es. Por favor, consulte um profissional de sa\u00fade qualificado antes de utilizar produtos \u00e0 base de plantas. Especialmente se estiver gr\u00e1vida ou a amamentar. N\u00e3o \u00e9 recomend\u00e1vel aplicar em beb\u00e9s ou crian\u00e7as.<\/p>\n<p>*Este produto n\u00e3o se destina a diagnosticar, tratar, curar ou prevenir qualquer doen\u00e7a. Apenas para fins educacionais*<\/p>","protected":false},"excerpt":{"rendered":"<p>B\u00e1lsamo medicinal natural com Hiperic\u00e3o (Erva de S. Jo\u00e3o) e Arnica, especialmente formulado pelas suas propriedades anti-inflamat\u00f3rias para ajudar a acalmar e aliviar os m\u00fasculos doridos.<\/p>","protected":false},"featured_media":2234,"comment_status":"open","ping_status":"closed","template":"","meta":{"_acf_changed":false,"_et_pb_use_builder":"","_et_pb_old_content":"","_et_gb_content_width":""},"product_brand":[],"product_cat":[240],"product_tag":[315,314,316,300],"class_list":{"0":"post-1969","1":"product","2":"type-product","3":"status-publish","4":"has-post-thumbnail","6":"product_cat-herbal-balms","7":"product_tag-arnica","8":"product_tag-muscle-pain","9":"product_tag-st-johns-wort","10":"product_tag-tiger-balm","11":"pa_ingredients-arnica","12":"pa_ingredients-cajeput","13":"pa_ingredients-cinnamon-essential-oil","14":"pa_ingredients-clove","15":"pa_ingredients-menthol","16":"pa_ingredients-peppermint","17":"pa_ingredients-shea-butter","18":"pa_ingredients-st-johns-wort","20":"first","21":"instock","22":"taxable","23":"shipping-taxable","24":"purchasable","25":"product-type-simple"},"acf":[],"yoast_head":"<!-- This site is optimized with the Yoast SEO plugin v27.4 - https:\/\/yoast.com\/product\/yoast-seo-wordpress\/ -->\n<title>Hypericum and Arnica Tiger Balm<\/title>\n<meta name=\"description\" content=\"Natural medicinal balm with Hypericum and Arnica, specially formulated for its anti-inflammatory properties to help soothe and relieve sore muscles.\" \/>\n<meta name=\"robots\" content=\"index, follow, max-snippet:-1, max-image-preview:large, max-video-preview:-1\" \/>\n<link rel=\"canonical\" href=\"https:\/\/masalacrua.pt\/pt\/produto\/tiger-balm-hypericum-arnica\/\" \/>\n<meta property=\"og:locale\" content=\"pt_PT\" \/>\n<meta property=\"og:type\" content=\"article\" \/>\n<meta property=\"og:title\" content=\"Hypericum and Arnica Tiger Balm\" \/>\n<meta property=\"og:description\" content=\"Natural medicinal balm with Hypericum and Arnica, specially formulated for its anti-inflammatory properties to help soothe and relieve sore muscles.\" \/>\n<meta property=\"og:url\" content=\"https:\/\/masalacrua.pt\/pt\/produto\/tiger-balm-hypericum-arnica\/\" \/>\n<meta property=\"og:site_name\" content=\"masalaCRUA\" \/>\n<meta property=\"article:publisher\" content=\"https:\/\/www.facebook.com\/masalaCRUA\" \/>\n<meta property=\"article:modified_time\" content=\"2026-03-25T11:10:07+00:00\" \/>\n<meta property=\"og:image\" content=\"https:\/\/masalacrua.pt\/wp-content\/uploads\/2024\/10\/img_7441.jpeg\" \/>\n\t<meta property=\"og:image:width\" content=\"2200\" \/>\n\t<meta property=\"og:image:height\" content=\"1650\" \/>\n\t<meta property=\"og:image:type\" content=\"image\/jpeg\" \/>\n<meta name=\"twitter:card\" content=\"summary_large_image\" \/>\n<meta name=\"twitter:label1\" content=\"Tempo estimado de leitura\" \/>\n\t<meta name=\"twitter:data1\" content=\"2 minutos\" \/>\n<script type=\"application\/ld+json\" class=\"yoast-schema-graph\">{\"@context\":\"https:\\\/\\\/schema.org\",\"@graph\":[{\"@type\":\"WebPage\",\"@id\":\"https:\\\/\\\/masalacrua.pt\\\/product\\\/tiger-balm-hypericum-arnica\\\/\",\"url\":\"https:\\\/\\\/masalacrua.pt\\\/product\\\/tiger-balm-hypericum-arnica\\\/\",\"name\":\"Hypericum and Arnica Tiger Balm\",\"isPartOf\":{\"@id\":\"https:\\\/\\\/masalacrua.pt\\\/#website\"},\"primaryImageOfPage\":{\"@id\":\"https:\\\/\\\/masalacrua.pt\\\/product\\\/tiger-balm-hypericum-arnica\\\/#primaryimage\"},\"image\":{\"@id\":\"https:\\\/\\\/masalacrua.pt\\\/product\\\/tiger-balm-hypericum-arnica\\\/#primaryimage\"},\"thumbnailUrl\":\"https:\\\/\\\/masalacrua.pt\\\/wp-content\\\/uploads\\\/2024\\\/10\\\/img_7441.jpeg\",\"datePublished\":\"2024-07-27T22:02:06+00:00\",\"dateModified\":\"2026-03-25T11:10:07+00:00\",\"description\":\"Natural medicinal balm with Hypericum and Arnica, specially formulated for its anti-inflammatory properties to help soothe and relieve sore muscles.\",\"breadcrumb\":{\"@id\":\"https:\\\/\\\/masalacrua.pt\\\/product\\\/tiger-balm-hypericum-arnica\\\/#breadcrumb\"},\"inLanguage\":\"pt-PT\",\"potentialAction\":[{\"@type\":\"ReadAction\",\"target\":[\"https:\\\/\\\/masalacrua.pt\\\/product\\\/tiger-balm-hypericum-arnica\\\/\"]}]},{\"@type\":\"ImageObject\",\"inLanguage\":\"pt-PT\",\"@id\":\"https:\\\/\\\/masalacrua.pt\\\/product\\\/tiger-balm-hypericum-arnica\\\/#primaryimage\",\"url\":\"https:\\\/\\\/masalacrua.pt\\\/wp-content\\\/uploads\\\/2024\\\/10\\\/img_7441.jpeg\",\"contentUrl\":\"https:\\\/\\\/masalacrua.pt\\\/wp-content\\\/uploads\\\/2024\\\/10\\\/img_7441.jpeg\",\"width\":2200,\"height\":1650,\"caption\":\"Processed with VSCO with a9 preset\"},{\"@type\":\"BreadcrumbList\",\"@id\":\"https:\\\/\\\/masalacrua.pt\\\/product\\\/tiger-balm-hypericum-arnica\\\/#breadcrumb\",\"itemListElement\":[{\"@type\":\"ListItem\",\"position\":1,\"name\":\"Home\",\"item\":\"https:\\\/\\\/masalacrua.pt\\\/\"},{\"@type\":\"ListItem\",\"position\":2,\"name\":\"SHOP\",\"item\":\"https:\\\/\\\/masalacrua.pt\\\/shop\\\/\"},{\"@type\":\"ListItem\",\"position\":3,\"name\":\"tiger balm | hypericum arnica\"}]},{\"@type\":\"WebSite\",\"@id\":\"https:\\\/\\\/masalacrua.pt\\\/#website\",\"url\":\"https:\\\/\\\/masalacrua.pt\\\/\",\"name\":\"masalaCRUA\",\"description\":\"natural creations\",\"publisher\":{\"@id\":\"https:\\\/\\\/masalacrua.pt\\\/#organization\"},\"potentialAction\":[{\"@type\":\"SearchAction\",\"target\":{\"@type\":\"EntryPoint\",\"urlTemplate\":\"https:\\\/\\\/masalacrua.pt\\\/?s={search_term_string}\"},\"query-input\":{\"@type\":\"PropertyValueSpecification\",\"valueRequired\":true,\"valueName\":\"search_term_string\"}}],\"inLanguage\":\"pt-PT\"},{\"@type\":\"Organization\",\"@id\":\"https:\\\/\\\/masalacrua.pt\\\/#organization\",\"name\":\"masalaCRUA\",\"url\":\"https:\\\/\\\/masalacrua.pt\\\/\",\"logo\":{\"@type\":\"ImageObject\",\"inLanguage\":\"pt-PT\",\"@id\":\"https:\\\/\\\/masalacrua.pt\\\/#\\\/schema\\\/logo\\\/image\\\/\",\"url\":\"https:\\\/\\\/masalacrua.pt\\\/wp-content\\\/uploads\\\/2021\\\/11\\\/LOGO-finalLOGO-EXPAND-5pt-copy.png\",\"contentUrl\":\"https:\\\/\\\/masalacrua.pt\\\/wp-content\\\/uploads\\\/2021\\\/11\\\/LOGO-finalLOGO-EXPAND-5pt-copy.png\",\"width\":767,\"height\":766,\"caption\":\"masalaCRUA\"},\"image\":{\"@id\":\"https:\\\/\\\/masalacrua.pt\\\/#\\\/schema\\\/logo\\\/image\\\/\"},\"sameAs\":[\"https:\\\/\\\/www.facebook.com\\\/masalaCRUA\",\"https:\\\/\\\/www.instagram.com\\\/masala.crua\\\/\"]}]}<\/script>\n<!-- \/ Yoast SEO plugin. -->","yoast_head_json":{"title":"Hypericum and Arnica Tiger Balm","description":"Natural medicinal balm with Hypericum and Arnica, specially formulated for its anti-inflammatory properties to help soothe and relieve sore muscles.","robots":{"index":"index","follow":"follow","max-snippet":"max-snippet:-1","max-image-preview":"max-image-preview:large","max-video-preview":"max-video-preview:-1"},"canonical":"https:\/\/masalacrua.pt\/pt\/produto\/tiger-balm-hypericum-arnica\/","og_locale":"pt_PT","og_type":"article","og_title":"Hypericum and Arnica Tiger Balm","og_description":"Natural medicinal balm with Hypericum and Arnica, specially formulated for its anti-inflammatory properties to help soothe and relieve sore muscles.","og_url":"https:\/\/masalacrua.pt\/pt\/produto\/tiger-balm-hypericum-arnica\/","og_site_name":"masalaCRUA","article_publisher":"https:\/\/www.facebook.com\/masalaCRUA","article_modified_time":"2026-03-25T11:10:07+00:00","og_image":[{"width":2200,"height":1650,"url":"https:\/\/masalacrua.pt\/wp-content\/uploads\/2024\/10\/img_7441.jpeg","type":"image\/jpeg"}],"twitter_card":"summary_large_image","twitter_misc":{"Tempo estimado de leitura":"2 minutos"},"schema":{"@context":"https:\/\/schema.org","@graph":[{"@type":"WebPage","@id":"https:\/\/masalacrua.pt\/product\/tiger-balm-hypericum-arnica\/","url":"https:\/\/masalacrua.pt\/product\/tiger-balm-hypericum-arnica\/","name":"Hypericum and Arnica Tiger Balm","isPartOf":{"@id":"https:\/\/masalacrua.pt\/#website"},"primaryImageOfPage":{"@id":"https:\/\/masalacrua.pt\/product\/tiger-balm-hypericum-arnica\/#primaryimage"},"image":{"@id":"https:\/\/masalacrua.pt\/product\/tiger-balm-hypericum-arnica\/#primaryimage"},"thumbnailUrl":"https:\/\/masalacrua.pt\/wp-content\/uploads\/2024\/10\/img_7441.jpeg","datePublished":"2024-07-27T22:02:06+00:00","dateModified":"2026-03-25T11:10:07+00:00","description":"Natural medicinal balm with Hypericum and Arnica, specially formulated for its anti-inflammatory properties to help soothe and relieve sore muscles.","breadcrumb":{"@id":"https:\/\/masalacrua.pt\/product\/tiger-balm-hypericum-arnica\/#breadcrumb"},"inLanguage":"pt-PT","potentialAction":[{"@type":"ReadAction","target":["https:\/\/masalacrua.pt\/product\/tiger-balm-hypericum-arnica\/"]}]},{"@type":"ImageObject","inLanguage":"pt-PT","@id":"https:\/\/masalacrua.pt\/product\/tiger-balm-hypericum-arnica\/#primaryimage","url":"https:\/\/masalacrua.pt\/wp-content\/uploads\/2024\/10\/img_7441.jpeg","contentUrl":"https:\/\/masalacrua.pt\/wp-content\/uploads\/2024\/10\/img_7441.jpeg","width":2200,"height":1650,"caption":"Processed with VSCO with a9 preset"},{"@type":"BreadcrumbList","@id":"https:\/\/masalacrua.pt\/product\/tiger-balm-hypericum-arnica\/#breadcrumb","itemListElement":[{"@type":"ListItem","position":1,"name":"Home","item":"https:\/\/masalacrua.pt\/"},{"@type":"ListItem","position":2,"name":"SHOP","item":"https:\/\/masalacrua.pt\/shop\/"},{"@type":"ListItem","position":3,"name":"tiger balm | hypericum arnica"}]},{"@type":"WebSite","@id":"https:\/\/masalacrua.pt\/#website","url":"https:\/\/masalacrua.pt\/","name":"masalaCRUA","description":"natural creations","publisher":{"@id":"https:\/\/masalacrua.pt\/#organization"},"potentialAction":[{"@type":"SearchAction","target":{"@type":"EntryPoint","urlTemplate":"https:\/\/masalacrua.pt\/?s={search_term_string}"},"query-input":{"@type":"PropertyValueSpecification","valueRequired":true,"valueName":"search_term_string"}}],"inLanguage":"pt-PT"},{"@type":"Organization","@id":"https:\/\/masalacrua.pt\/#organization","name":"masalaCRUA","url":"https:\/\/masalacrua.pt\/","logo":{"@type":"ImageObject","inLanguage":"pt-PT","@id":"https:\/\/masalacrua.pt\/#\/schema\/logo\/image\/","url":"https:\/\/masalacrua.pt\/wp-content\/uploads\/2021\/11\/LOGO-finalLOGO-EXPAND-5pt-copy.png","contentUrl":"https:\/\/masalacrua.pt\/wp-content\/uploads\/2021\/11\/LOGO-finalLOGO-EXPAND-5pt-copy.png","width":767,"height":766,"caption":"masalaCRUA"},"image":{"@id":"https:\/\/masalacrua.pt\/#\/schema\/logo\/image\/"},"sameAs":["https:\/\/www.facebook.com\/masalaCRUA","https:\/\/www.instagram.com\/masala.crua\/"]}]}},"jetpack_sharing_enabled":true,"_links":{"self":[{"href":"https:\/\/masalacrua.pt\/pt\/wp-json\/wp\/v2\/product\/1969","targetHints":{"allow":["GET"]}}],"collection":[{"href":"https:\/\/masalacrua.pt\/pt\/wp-json\/wp\/v2\/product"}],"about":[{"href":"https:\/\/masalacrua.pt\/pt\/wp-json\/wp\/v2\/types\/product"}],"replies":[{"embeddable":true,"href":"https:\/\/masalacrua.pt\/pt\/wp-json\/wp\/v2\/comments?post=1969"}],"wp:featuredmedia":[{"embeddable":true,"href":"https:\/\/masalacrua.pt\/pt\/wp-json\/wp\/v2\/media\/2234"}],"wp:attachment":[{"href":"https:\/\/masalacrua.pt\/pt\/wp-json\/wp\/v2\/media?parent=1969"}],"wp:term":[{"taxonomy":"product_brand","embeddable":true,"href":"https:\/\/masalacrua.pt\/pt\/wp-json\/wp\/v2\/product_brand?post=1969"},{"taxonomy":"product_cat","embeddable":true,"href":"https:\/\/masalacrua.pt\/pt\/wp-json\/wp\/v2\/product_cat?post=1969"},{"taxonomy":"product_tag","embeddable":true,"href":"https:\/\/masalacrua.pt\/pt\/wp-json\/wp\/v2\/product_tag?post=1969"}],"curies":[{"name":"wp","href":"https:\/\/api.w.org\/{rel}","templated":true}]}}