{"id":1971,"date":"2024-07-27T23:02:27","date_gmt":"2024-07-27T22:02:27","guid":{"rendered":"https:\/\/masalacrua.pt\/?post_type=product&#038;p=1971"},"modified":"2026-03-25T11:06:16","modified_gmt":"2026-03-25T11:06:16","slug":"tiger-balm-mint-eucalyptus","status":"publish","type":"product","link":"https:\/\/masalacrua.pt\/pt\/produto\/tiger-balm-mint-eucalyptus\/","title":{"rendered":"B\u00e1lsamo do Tigre | Eucalipto e Hortel\u00e3"},"content":{"rendered":"<h3><strong>B\u00c1LSAMO MEDICINAL COM HORTEL\u00c3 E EUCALIPTO<\/strong><\/h3>\n<p class=\"translation-block\">Esta vers\u00e3o artesanal do conhecido \u201cB\u00e1lsamo do Tigre Branco\u201d re\u00fane uma mistura de plantas cuidadosamente selecionadas, cada uma celebrada pelo seu papel tradicional no <strong>al\u00edvio do desconforto nasal e do peito.<\/strong> Aplicado na pele ou levemente inalado, ajuda a desobstruir as vias respirat\u00f3rias, a aliviar a tosse e a congest\u00e3o  e at\u00e9 a proporcionar um al\u00edvio suave das dores de cabe\u00e7a.<\/p>\n<p>A mistura trabalha em harmonia: a hortel\u00e3 proporciona uma sensa\u00e7\u00e3o refrescante e de frescura, a c\u00e2nfora oferece um toque quente e suavizante que alivia a tens\u00e3o, e o eucalipto abre suavemente as vias respirat\u00f3rias enquanto ajuda a libertar o muco. Juntos, aliviam a congest\u00e3o, acalmam a irrita\u00e7\u00e3o da garganta e do peito, e deixam-no a respirar melhor e a sentir-se cuidado.<\/p>\n<p>&nbsp;<\/p>\n<p class=\"translation-block\">Para melhores resultados combine com a nossa <a href=\"https:\/\/masalacrua.pt\/pt\/produto\/tincture-flu\/\" target=\"_blank\" rel=\"noopener\">tintura para gripe e tosse<\/a><\/p>\n<p class=\"translation-block\">Saiba mais sobre os benef\u00edcios do \u00f3leo de eucalipto <a href=\"https:\/\/pubmed.ncbi.nlm.nih.gov\/19624838\/\" target=\"_blank\" rel=\"noopener noreferrer\">neste estudo cl\u00ednico.<\/a><\/p>\n<p>&nbsp;<\/p>\n<h3><strong>INGREDIENTES<\/strong><\/h3>\n<p>olea europaea fruit (azeite) \u00f3leo** infundido em eucalipto**, cera alba (cera de abelha), butyrospermum parkii (manteiga de karit\u00e9), cinnamomum camphora (\u00f3leo de c\u00e2nfora), mentol, eucalyptus globulus oil (\u00f3leo de eucalipto), mentha piperita (\u00f3leo de hortel\u00e3-pimenta), thymus vulgaris (extrato alco\u00f3lico de tomilho), tocopherol (vitamina E), eugenia caryophyllus (\u00f3leo de cravinho)*.<\/p>\n<p>*de produ\u00e7\u00e3o org\u00e2nica  **org\u00e2nico de origem local<\/p>\n<p>&nbsp;<\/p>\n<p><strong>Ingredientes principais:<\/strong><\/p>\n<ul>\n<li class=\"translation-block\">\u00d3leo de Eucalipto: ajuda a <strong>desobstruir a congest\u00e3o<\/strong> e apoia uma respira\u00e7\u00e3o mais f\u00e1cil.<\/li>\n<li class=\"translation-block\">Mentol e \u00f3leo essencial de Hortel\u00e3-pimenta: produzem um efeito de frescura que <strong>acalma a irrita\u00e7\u00e3o<\/strong> e pode ajudar a libertar o muco.<\/li>\n<li class=\"translation-block\">\u00d3leo essencial de C\u00e2nfora: atua como um <strong>contrairritante<\/strong>, promovendo uma sensa\u00e7\u00e3o de frescura seguida de aquecimento para al\u00edvio.<\/li>\n<li class=\"translation-block\">Extrato de Tomilho: tradicionalmente utilizado para acalmar a tosse e <strong>promover o conforto respirat\u00f3rio.<\/strong><\/li>\n<\/ul>\n<p>&nbsp;<\/p>\n<p class=\"translation-block\">N\u00e3o testado em animais.<br>\n100% biodegrad\u00e1vel.<br>\nSem fragr\u00e2ncias ou cores sint\u00e9ticas.<br>\nSem produtos qu\u00edmicos t\u00f3xicos.<\/p>\n<p>&nbsp;<\/p>\n<h3><strong>COMO USAR<\/strong><\/h3>\n<ul>\n<li data-section-id=\"1xfm10q\" data-start=\"107\" data-end=\"241\">\n<p data-start=\"109\" data-end=\"241\" class=\"translation-block\"><strong>Para o al\u00edvio da tosse:<\/strong> aplicar no peito, massajar suavemente at\u00e9 \u00e0 absor\u00e7\u00e3o total e cobrir com roupa quente para potenciar o seu efeito.<\/p>\n<\/li>\n<li data-section-id=\"1hgj728\" data-start=\"242\" data-end=\"343\">\n<p data-start=\"244\" data-end=\"343\" class=\"translation-block\"><strong>Para a congest\u00e3o nasal:<\/strong> aplicar \u00e0 volta do nariz para ajudar a desobstruir as vias respirat\u00f3rias bloqueadas.<\/p>\n<\/li>\n<li data-section-id=\"1ds8r68\" data-start=\"344\" data-end=\"451\">\n<p data-start=\"346\" data-end=\"451\" class=\"translation-block\"><strong>Para dores de cabe\u00e7a ou enxaquecas:<\/strong> esfregar na testa e massajar suavemente at\u00e9 ser absorvido.<\/p>\n<\/li>\n<\/ul>\n<p>Como o b\u00e1lsamo \u00e9 muito concentrado, aplique apenas uma pequena quantidade no rosto, focando-se em \u00e1reas espec\u00edficas, e evite a pele sens\u00edvel ao redor dos olhos.<\/p>\n<p>.<\/p>\n<p>&nbsp;<\/p>\n<h3><strong>PRECAU\u00c7\u00d5ES<\/strong><\/h3>\n<p>Apenas para uso externo.<\/p>\n<p>As indica\u00e7\u00f5es dadas s\u00e3o meras sugest\u00f5es. Por favor, consulte um profissional de sa\u00fade qualificado antes de utilizar produtos \u00e0 base de plantas. Especialmente se estiver gr\u00e1vida ou a amamentar. N\u00e3o \u00e9 recomend\u00e1vel aplicar em beb\u00e9s ou crian\u00e7as.<\/p>\n<p>*Este produto n\u00e3o se destina a diagnosticar, tratar, curar ou prevenir qualquer doen\u00e7a. Apenas para fins educacionais*<\/p>","protected":false},"excerpt":{"rendered":"<p>B\u00e1lsamo medicinal natural com Hortel\u00e3 e Eucalipto, concebido para ajudar a aliviar a congest\u00e3o e os sintomas associados a tosses, constipa\u00e7\u00f5es, dores de cabe\u00e7a e desconforto sinusal.<\/p>","protected":false},"featured_media":2237,"comment_status":"open","ping_status":"closed","template":"","meta":{"_acf_changed":false,"_et_pb_use_builder":"","_et_pb_old_content":"","_et_gb_content_width":""},"product_brand":[],"product_cat":[240],"product_tag":[246,313,312,300,307],"class_list":{"0":"post-1971","1":"product","2":"type-product","3":"status-publish","4":"has-post-thumbnail","6":"product_cat-herbal-balms","7":"product_tag-eucalyptus","8":"product_tag-mint","9":"product_tag-respiratory-system","10":"product_tag-tiger-balm","11":"product_tag-winter","12":"pa_ingredients-camphor-essential-oil","13":"pa_ingredients-clove","14":"pa_ingredients-eucalyptus","15":"pa_ingredients-menthol","16":"pa_ingredients-olive-oil","17":"pa_ingredients-peppermint","18":"pa_ingredients-shea-butter","20":"first","21":"instock","22":"taxable","23":"shipping-taxable","24":"purchasable","25":"product-type-simple"},"acf":[],"yoast_head":"<!-- This site is optimized with the Yoast SEO plugin v27.4 - https:\/\/yoast.com\/product\/yoast-seo-wordpress\/ -->\n<title>Mint and Eucalyptus Tiger Balm<\/title>\n<meta name=\"description\" content=\"Natural medicinal balm with mint and eucalyptus designed to help clear congestion and ease symptoms associated with coughs, colds and headaches.\" \/>\n<meta name=\"robots\" content=\"index, follow, max-snippet:-1, max-image-preview:large, max-video-preview:-1\" \/>\n<link rel=\"canonical\" href=\"https:\/\/masalacrua.pt\/pt\/produto\/tiger-balm-mint-eucalyptus\/\" \/>\n<meta property=\"og:locale\" content=\"pt_PT\" \/>\n<meta property=\"og:type\" content=\"article\" \/>\n<meta property=\"og:title\" content=\"Mint and Eucalyptus Tiger Balm\" \/>\n<meta property=\"og:description\" content=\"Natural medicinal balm with mint and eucalyptus designed to help clear congestion and ease symptoms associated with coughs, colds and headaches.\" \/>\n<meta property=\"og:url\" content=\"https:\/\/masalacrua.pt\/pt\/produto\/tiger-balm-mint-eucalyptus\/\" \/>\n<meta property=\"og:site_name\" content=\"masalaCRUA\" \/>\n<meta property=\"article:publisher\" content=\"https:\/\/www.facebook.com\/masalaCRUA\" \/>\n<meta property=\"article:modified_time\" content=\"2026-03-25T11:06:16+00:00\" \/>\n<meta property=\"og:image\" content=\"https:\/\/masalacrua.pt\/wp-content\/uploads\/2024\/10\/img_7439.jpeg\" \/>\n\t<meta property=\"og:image:width\" content=\"2200\" \/>\n\t<meta property=\"og:image:height\" content=\"1650\" \/>\n\t<meta property=\"og:image:type\" content=\"image\/jpeg\" \/>\n<meta name=\"twitter:card\" content=\"summary_large_image\" \/>\n<meta name=\"twitter:label1\" content=\"Tempo estimado de leitura\" \/>\n\t<meta name=\"twitter:data1\" content=\"2 minutos\" \/>\n<script type=\"application\/ld+json\" class=\"yoast-schema-graph\">{\"@context\":\"https:\\\/\\\/schema.org\",\"@graph\":[{\"@type\":\"WebPage\",\"@id\":\"https:\\\/\\\/masalacrua.pt\\\/product\\\/tiger-balm-mint-eucalyptus\\\/\",\"url\":\"https:\\\/\\\/masalacrua.pt\\\/product\\\/tiger-balm-mint-eucalyptus\\\/\",\"name\":\"Mint and Eucalyptus Tiger Balm\",\"isPartOf\":{\"@id\":\"https:\\\/\\\/masalacrua.pt\\\/#website\"},\"primaryImageOfPage\":{\"@id\":\"https:\\\/\\\/masalacrua.pt\\\/product\\\/tiger-balm-mint-eucalyptus\\\/#primaryimage\"},\"image\":{\"@id\":\"https:\\\/\\\/masalacrua.pt\\\/product\\\/tiger-balm-mint-eucalyptus\\\/#primaryimage\"},\"thumbnailUrl\":\"https:\\\/\\\/masalacrua.pt\\\/wp-content\\\/uploads\\\/2024\\\/10\\\/img_7439.jpeg\",\"datePublished\":\"2024-07-27T22:02:27+00:00\",\"dateModified\":\"2026-03-25T11:06:16+00:00\",\"description\":\"Natural medicinal balm with mint and eucalyptus designed to help clear congestion and ease symptoms associated with coughs, colds and headaches.\",\"breadcrumb\":{\"@id\":\"https:\\\/\\\/masalacrua.pt\\\/product\\\/tiger-balm-mint-eucalyptus\\\/#breadcrumb\"},\"inLanguage\":\"pt-PT\",\"potentialAction\":[{\"@type\":\"ReadAction\",\"target\":[\"https:\\\/\\\/masalacrua.pt\\\/product\\\/tiger-balm-mint-eucalyptus\\\/\"]}]},{\"@type\":\"ImageObject\",\"inLanguage\":\"pt-PT\",\"@id\":\"https:\\\/\\\/masalacrua.pt\\\/product\\\/tiger-balm-mint-eucalyptus\\\/#primaryimage\",\"url\":\"https:\\\/\\\/masalacrua.pt\\\/wp-content\\\/uploads\\\/2024\\\/10\\\/img_7439.jpeg\",\"contentUrl\":\"https:\\\/\\\/masalacrua.pt\\\/wp-content\\\/uploads\\\/2024\\\/10\\\/img_7439.jpeg\",\"width\":2200,\"height\":1650,\"caption\":\"Processed with VSCO with a9 preset\"},{\"@type\":\"BreadcrumbList\",\"@id\":\"https:\\\/\\\/masalacrua.pt\\\/product\\\/tiger-balm-mint-eucalyptus\\\/#breadcrumb\",\"itemListElement\":[{\"@type\":\"ListItem\",\"position\":1,\"name\":\"Home\",\"item\":\"https:\\\/\\\/masalacrua.pt\\\/\"},{\"@type\":\"ListItem\",\"position\":2,\"name\":\"SHOP\",\"item\":\"https:\\\/\\\/masalacrua.pt\\\/shop\\\/\"},{\"@type\":\"ListItem\",\"position\":3,\"name\":\"tiger balm | mint eucalyptus\"}]},{\"@type\":\"WebSite\",\"@id\":\"https:\\\/\\\/masalacrua.pt\\\/#website\",\"url\":\"https:\\\/\\\/masalacrua.pt\\\/\",\"name\":\"masalaCRUA\",\"description\":\"natural creations\",\"publisher\":{\"@id\":\"https:\\\/\\\/masalacrua.pt\\\/#organization\"},\"potentialAction\":[{\"@type\":\"SearchAction\",\"target\":{\"@type\":\"EntryPoint\",\"urlTemplate\":\"https:\\\/\\\/masalacrua.pt\\\/?s={search_term_string}\"},\"query-input\":{\"@type\":\"PropertyValueSpecification\",\"valueRequired\":true,\"valueName\":\"search_term_string\"}}],\"inLanguage\":\"pt-PT\"},{\"@type\":\"Organization\",\"@id\":\"https:\\\/\\\/masalacrua.pt\\\/#organization\",\"name\":\"masalaCRUA\",\"url\":\"https:\\\/\\\/masalacrua.pt\\\/\",\"logo\":{\"@type\":\"ImageObject\",\"inLanguage\":\"pt-PT\",\"@id\":\"https:\\\/\\\/masalacrua.pt\\\/#\\\/schema\\\/logo\\\/image\\\/\",\"url\":\"https:\\\/\\\/masalacrua.pt\\\/wp-content\\\/uploads\\\/2021\\\/11\\\/LOGO-finalLOGO-EXPAND-5pt-copy.png\",\"contentUrl\":\"https:\\\/\\\/masalacrua.pt\\\/wp-content\\\/uploads\\\/2021\\\/11\\\/LOGO-finalLOGO-EXPAND-5pt-copy.png\",\"width\":767,\"height\":766,\"caption\":\"masalaCRUA\"},\"image\":{\"@id\":\"https:\\\/\\\/masalacrua.pt\\\/#\\\/schema\\\/logo\\\/image\\\/\"},\"sameAs\":[\"https:\\\/\\\/www.facebook.com\\\/masalaCRUA\",\"https:\\\/\\\/www.instagram.com\\\/masala.crua\\\/\"]}]}<\/script>\n<!-- \/ Yoast SEO plugin. -->","yoast_head_json":{"title":"Mint and Eucalyptus Tiger Balm","description":"Natural medicinal balm with mint and eucalyptus designed to help clear congestion and ease symptoms associated with coughs, colds and headaches.","robots":{"index":"index","follow":"follow","max-snippet":"max-snippet:-1","max-image-preview":"max-image-preview:large","max-video-preview":"max-video-preview:-1"},"canonical":"https:\/\/masalacrua.pt\/pt\/produto\/tiger-balm-mint-eucalyptus\/","og_locale":"pt_PT","og_type":"article","og_title":"Mint and Eucalyptus Tiger Balm","og_description":"Natural medicinal balm with mint and eucalyptus designed to help clear congestion and ease symptoms associated with coughs, colds and headaches.","og_url":"https:\/\/masalacrua.pt\/pt\/produto\/tiger-balm-mint-eucalyptus\/","og_site_name":"masalaCRUA","article_publisher":"https:\/\/www.facebook.com\/masalaCRUA","article_modified_time":"2026-03-25T11:06:16+00:00","og_image":[{"width":2200,"height":1650,"url":"https:\/\/masalacrua.pt\/wp-content\/uploads\/2024\/10\/img_7439.jpeg","type":"image\/jpeg"}],"twitter_card":"summary_large_image","twitter_misc":{"Tempo estimado de leitura":"2 minutos"},"schema":{"@context":"https:\/\/schema.org","@graph":[{"@type":"WebPage","@id":"https:\/\/masalacrua.pt\/product\/tiger-balm-mint-eucalyptus\/","url":"https:\/\/masalacrua.pt\/product\/tiger-balm-mint-eucalyptus\/","name":"Mint and Eucalyptus Tiger Balm","isPartOf":{"@id":"https:\/\/masalacrua.pt\/#website"},"primaryImageOfPage":{"@id":"https:\/\/masalacrua.pt\/product\/tiger-balm-mint-eucalyptus\/#primaryimage"},"image":{"@id":"https:\/\/masalacrua.pt\/product\/tiger-balm-mint-eucalyptus\/#primaryimage"},"thumbnailUrl":"https:\/\/masalacrua.pt\/wp-content\/uploads\/2024\/10\/img_7439.jpeg","datePublished":"2024-07-27T22:02:27+00:00","dateModified":"2026-03-25T11:06:16+00:00","description":"Natural medicinal balm with mint and eucalyptus designed to help clear congestion and ease symptoms associated with coughs, colds and headaches.","breadcrumb":{"@id":"https:\/\/masalacrua.pt\/product\/tiger-balm-mint-eucalyptus\/#breadcrumb"},"inLanguage":"pt-PT","potentialAction":[{"@type":"ReadAction","target":["https:\/\/masalacrua.pt\/product\/tiger-balm-mint-eucalyptus\/"]}]},{"@type":"ImageObject","inLanguage":"pt-PT","@id":"https:\/\/masalacrua.pt\/product\/tiger-balm-mint-eucalyptus\/#primaryimage","url":"https:\/\/masalacrua.pt\/wp-content\/uploads\/2024\/10\/img_7439.jpeg","contentUrl":"https:\/\/masalacrua.pt\/wp-content\/uploads\/2024\/10\/img_7439.jpeg","width":2200,"height":1650,"caption":"Processed with VSCO with a9 preset"},{"@type":"BreadcrumbList","@id":"https:\/\/masalacrua.pt\/product\/tiger-balm-mint-eucalyptus\/#breadcrumb","itemListElement":[{"@type":"ListItem","position":1,"name":"Home","item":"https:\/\/masalacrua.pt\/"},{"@type":"ListItem","position":2,"name":"SHOP","item":"https:\/\/masalacrua.pt\/shop\/"},{"@type":"ListItem","position":3,"name":"tiger balm | mint eucalyptus"}]},{"@type":"WebSite","@id":"https:\/\/masalacrua.pt\/#website","url":"https:\/\/masalacrua.pt\/","name":"masalaCRUA","description":"natural creations","publisher":{"@id":"https:\/\/masalacrua.pt\/#organization"},"potentialAction":[{"@type":"SearchAction","target":{"@type":"EntryPoint","urlTemplate":"https:\/\/masalacrua.pt\/?s={search_term_string}"},"query-input":{"@type":"PropertyValueSpecification","valueRequired":true,"valueName":"search_term_string"}}],"inLanguage":"pt-PT"},{"@type":"Organization","@id":"https:\/\/masalacrua.pt\/#organization","name":"masalaCRUA","url":"https:\/\/masalacrua.pt\/","logo":{"@type":"ImageObject","inLanguage":"pt-PT","@id":"https:\/\/masalacrua.pt\/#\/schema\/logo\/image\/","url":"https:\/\/masalacrua.pt\/wp-content\/uploads\/2021\/11\/LOGO-finalLOGO-EXPAND-5pt-copy.png","contentUrl":"https:\/\/masalacrua.pt\/wp-content\/uploads\/2021\/11\/LOGO-finalLOGO-EXPAND-5pt-copy.png","width":767,"height":766,"caption":"masalaCRUA"},"image":{"@id":"https:\/\/masalacrua.pt\/#\/schema\/logo\/image\/"},"sameAs":["https:\/\/www.facebook.com\/masalaCRUA","https:\/\/www.instagram.com\/masala.crua\/"]}]}},"jetpack_sharing_enabled":true,"_links":{"self":[{"href":"https:\/\/masalacrua.pt\/pt\/wp-json\/wp\/v2\/product\/1971","targetHints":{"allow":["GET"]}}],"collection":[{"href":"https:\/\/masalacrua.pt\/pt\/wp-json\/wp\/v2\/product"}],"about":[{"href":"https:\/\/masalacrua.pt\/pt\/wp-json\/wp\/v2\/types\/product"}],"replies":[{"embeddable":true,"href":"https:\/\/masalacrua.pt\/pt\/wp-json\/wp\/v2\/comments?post=1971"}],"wp:featuredmedia":[{"embeddable":true,"href":"https:\/\/masalacrua.pt\/pt\/wp-json\/wp\/v2\/media\/2237"}],"wp:attachment":[{"href":"https:\/\/masalacrua.pt\/pt\/wp-json\/wp\/v2\/media?parent=1971"}],"wp:term":[{"taxonomy":"product_brand","embeddable":true,"href":"https:\/\/masalacrua.pt\/pt\/wp-json\/wp\/v2\/product_brand?post=1971"},{"taxonomy":"product_cat","embeddable":true,"href":"https:\/\/masalacrua.pt\/pt\/wp-json\/wp\/v2\/product_cat?post=1971"},{"taxonomy":"product_tag","embeddable":true,"href":"https:\/\/masalacrua.pt\/pt\/wp-json\/wp\/v2\/product_tag?post=1971"}],"curies":[{"name":"wp","href":"https:\/\/api.w.org\/{rel}","templated":true}]}}