{"id":1979,"date":"2024-07-27T23:08:19","date_gmt":"2024-07-27T22:08:19","guid":{"rendered":"https:\/\/masalacrua.pt\/product\/tincture-detox\/"},"modified":"2026-03-18T20:35:32","modified_gmt":"2026-03-18T20:35:32","slug":"tincture-detox","status":"publish","type":"product","link":"https:\/\/masalacrua.pt\/pt\/produto\/tincture-detox\/","title":{"rendered":"tintura | detox"},"content":{"rendered":"<h3 class=\"translation-block\"><strong>TINTURA HERBAL PARA DETOX DO F\u00cdGADO<\/strong><\/h3>\n<p class=\"translation-block\">A tintura detox \u00e9 uma mistura cuidadosamente equilibrada de ervas tradicionalmente utilizadas para apoiar a fun\u00e7\u00e3o hep\u00e1tica e os processos naturais de limpeza do organismo. Estas atuam em conjunto para estimular a <strong>produ\u00e7\u00e3o de b\u00edlis, apoiar a digest\u00e3o e promover a elimina\u00e7\u00e3o de res\u00edduos metab\u00f3licos.<\/strong><\/p>\n<p class=\"translation-block\">Em vez de for\u00e7ar o corpo, esta tintura apoia os processos naturais do f\u00edgado, ajudando-o a filtrar, transformar e <strong>eliminar toxinas acumuladas de forma mais eficiente.<\/strong> A tintura deve ser utilizada preferencialmente por per\u00edodos curtos, como 10 dias, para dar ao f\u00edgado um apoio focado sem sobrestimula\u00e7\u00e3o. Por isso, \u00e9 ideal para um \"reset\" sazonal ou ap\u00f3s per\u00edodos de excessos alimentares ou de maior stress.<\/p>\n<p>A tintura detox \u00e9 especialmente \u00fatil ap\u00f3s o inverno, quando os nossos corpos est\u00e3o frequentemente expostos a refei\u00e7\u00f5es mais pesadas e ricas, a menos frutas e vegetais frescos e a uma atividade f\u00edsica reduzida. Isto pode levar a um metabolismo mais lento, a uma digest\u00e3o menos eficiente e a uma ligeira acumula\u00e7\u00e3o de res\u00edduos metab\u00f3licos, que o f\u00edgado e os rins devem processar.<\/p>\n<p class=\"translation-block\">Fazer um detox antes da primavera oferece ao corpo um apoio suave para reativar as vias naturais de limpeza, estimular a fun\u00e7\u00e3o hep\u00e1tica e digestiva, e ajudar a restaurar a energia e o equil\u00edbrio \u00e0 medida que a esta\u00e7\u00e3o muda. \u00c9 uma forma de preparar o corpo para o per\u00edodo mais leve e ativo da primavera. Para obter melhores resultados, o ideal \u00e9 <strong>combinar a tintura detox com uma dieta equilibrada e saud\u00e1vel<\/strong>, rica em frutas frescas, vegetais e alimentos integrais, para apoiar totalmente a desintoxica\u00e7\u00e3o natural do corpo e o bem-estar geral.<\/p>\n<p>&nbsp;<\/p>\n<p class=\"translation-block\">Saiba mais sobre as propriedades do dente-de-le\u00e3o <a href=\"https:\/\/www.mdpi.com\/1422-0067\/26\/2\/450?utm_source=chatgpt.com#Conclusions\" target=\"_blank\" rel=\"noopener\">neste artigo.<\/a><\/p>\n<p>&nbsp;<\/p>\n<h3><strong>INGREDIENTES<\/strong><\/h3>\n<p>aguardente (\u00e1lcool de grau alimentar), taraxacum officinale (dente-de-le\u00e3o), cynara cardunculus (alcachofra), peumus boldus (boldo), silybum marianum (cardo-mariano)<\/p>\n<p>*de origem local<br \/>\n&nbsp;<\/p>\n<ul>\n<li class=\"translation-block\"><strong data-start=\"127\" data-end=\"140\">Dente-de-le\u00e3o<\/strong> apoia a fun\u00e7\u00e3o hep\u00e1tica e renal, promovendo a desintoxica\u00e7\u00e3o natural e ajudando a estimular a digest\u00e3o e o equil\u00edbrio de fluidos.<\/li>\n<li class=\"translation-block\"><strong data-start=\"263\" data-end=\"276\">Alcachofra<\/strong> estimula a produ\u00e7\u00e3o de b\u00edlis, auxiliando a digest\u00e3o de gorduras, enquanto apoia a sa\u00fade do f\u00edgado e ajuda a aliviar a sensa\u00e7\u00e3o de peso ap\u00f3s as refei\u00e7\u00f5es.<\/li>\n<li class=\"translation-block\"><strong data-start=\"413\" data-end=\"422\">Boldo<\/strong> apoia tradicionalmente a fun\u00e7\u00e3o hep\u00e1tica e o fluxo biliar, auxiliando o conforto digestivo e ajudando o corpo a processar as gorduras de forma mais eficiente.<\/li>\n<li class=\"translation-block\"><strong data-start=\"558\" data-end=\"574\">Cardo-mariano<\/strong> \u00e9 rico em silimarina, um complexo antioxidante poderoso conhecido por proteger as c\u00e9lulas hep\u00e1ticas e apoiar os processos de regenera\u00e7\u00e3o e desintoxica\u00e7\u00e3o do f\u00edgado.<\/li>\n<\/ul>\n<p class=\"translation-block\">\u00a0<br>\n<strong>Vegan e cruelty-free.<\/strong>\u00a0<br>\n<strong>100% biodegrad\u00e1vel.<\/strong>\u00a0<br>\n<strong>Sem conservantes.<\/strong>\u00a0<br>\n<strong>Sem qu\u00edmicos t\u00f3xicos.<\/strong><\/p>\n<p>&nbsp;<\/p>\n<h3><strong>COMO USAR<\/strong><\/h3>\n<p>10-30 gotas 1x por dia, diretamente debaixo da l\u00edngua ou dilu\u00eddas em \u00e1gua ou ch\u00e1.<br \/>\nM\u00e1ximo 10 dias.<\/p>\n<p>&nbsp;<\/p>\n<h3><strong>O QUE \u00c9 UMA TINTURA<\/strong><\/h3>\n<p>As tinturas s\u00e3o extratos de ervas concentrados feitos a partir de plantas e utilizados como rem\u00e9dios herbais tradicionais. S\u00e3o normalmente tomadas por via oral para apoiar v\u00e1rias quest\u00f5es de sa\u00fade ou utilizadas preventivamente para promover o bem-estar geral. As tinturas de ervas oferecem v\u00e1rias vantagens como forma de prepara\u00e7\u00e3o medicinal.<\/p>\n<p class=\"translation-block\">As tinturas t\u00eam um <strong>longo prazo de validade<\/strong> porque o \u00e1lcool atua como um conservante natural, permitindo que durem anos sem perder a efic\u00e1cia. O \u00e1lcool tamb\u00e9m tem a capacidade \u00fanica de extrair certos compostos ben\u00e9ficos que a \u00e1gua ou o \u00f3leo sozinhos n\u00e3o conseguem, tornando as tinturas <strong>mais potentes e completas.<\/strong><\/p>\n<p class=\"translation-block\">As tinturas de ervas s\u00e3o <strong>altamente concentradas,<\/strong> pelo que mesmo uma pequena quantidade fornece uma dose forte dos constituintes ben\u00e9ficos da planta. A sua forma l\u00edquida permite que o corpo absorva os compostos ativos das plantas mais rapidamente do que ch\u00e1s ou c\u00e1psulas, proporcionando efeitos mais r\u00e1pidos. Al\u00e9m disso, as tinturas permitem uma dosagem precisa e podem ser tomadas diretamente, dilu\u00eddas em \u00e1gua fria ou morna, ou adicionadas a alimentos e bebidas, tornando-as uma op\u00e7\u00e3o vers\u00e1til e conveniente para o uso de ervas.<\/p>\n<p>&nbsp;<\/p>\n<p>O processo de fabrico de uma tintura \u00e9 simples mas \u00fanico. Durante 40 dias, as ervas s\u00e3o infundidas em \u00e1lcool de grau alimentar e agitadas diariamente para extrair totalmente os seus compostos ativos. Ap\u00f3s este per\u00edodo, as plantas s\u00e3o removidas e a tintura est\u00e1 pronta a ser utilizada.<\/p>\n<p>Sabia que, na alquimia antiga, os herbalistas acreditavam que destilar plantas com \u00e1lcool capturava a ess\u00eancia ou as qualidades mais vitais da planta? Chamavam a este l\u00edquido destilado o \u201cesp\u00edrito\u201d da planta, e \u00e9 por isso que a maioria das bebidas alco\u00f3licas s\u00e3o conhecidas como \"spirits\" (espirituosas).<\/p>\n<p>&nbsp;<\/p>\n<h3><strong>PRECAU\u00c7\u00d5ES<\/strong><\/h3>\n<p>As tinturas s\u00e3o \u00e0 base de \u00e1lcool e podem n\u00e3o ser adequadas para mulheres gr\u00e1vidas ou a amamentar, crian\u00e7as ou qualquer pessoa que esteja a tomar medica\u00e7\u00e3o. As indica\u00e7\u00f5es dadas s\u00e3o meras sugest\u00f5es. Por favor, consulte um profissional de sa\u00fade qualificado antes de utilizar produtos \u00e0 base de ervas.<\/p>\n<p>*Este produto n\u00e3o se destina a diagnosticar, tratar, curar ou prevenir qualquer doen\u00e7a. Apenas para fins educacionais*<\/p>","protected":false},"excerpt":{"rendered":"<p>Extrato herbal alco\u00f3lico formulado para apoiar os processos de limpeza do organismo, promover a fun\u00e7\u00e3o hep\u00e1tica e ajudar a restaurar o equil\u00edbrio e a vitalidade.<\/p>","protected":false},"featured_media":2627,"comment_status":"open","ping_status":"closed","template":"","meta":{"_acf_changed":false,"_et_pb_use_builder":"","_et_pb_old_content":"","_et_gb_content_width":""},"product_brand":[],"product_cat":[239],"product_tag":[310,440,311,301],"class_list":{"0":"post-1979","1":"product","2":"type-product","3":"status-publish","4":"has-post-thumbnail","6":"product_cat-herbal-extracts","7":"product_tag-detox","8":"product_tag-herbal-extract","9":"product_tag-liver","10":"product_tag-tincture","11":"pa_ingredients-artichoke","12":"pa_ingredients-boldo","13":"pa_ingredients-dandelian","14":"pa_ingredients-milk-thistle","16":"first","17":"instock","18":"sale","19":"featured","20":"taxable","21":"shipping-taxable","22":"purchasable","23":"product-type-simple"},"acf":[],"yoast_head":"<!-- This site is optimized with the Yoast SEO plugin v27.4 - https:\/\/yoast.com\/product\/yoast-seo-wordpress\/ -->\n<title>Detox Tincture<\/title>\n<meta name=\"description\" content=\"Alcoholic herbal extract formulated to support the body\u2019s cleansing processes, promote liver function, and help restore balance and vitality.\" \/>\n<meta name=\"robots\" content=\"index, follow, max-snippet:-1, max-image-preview:large, max-video-preview:-1\" \/>\n<link rel=\"canonical\" href=\"https:\/\/masalacrua.pt\/pt\/produto\/tincture-detox\/\" \/>\n<meta property=\"og:locale\" content=\"pt_PT\" \/>\n<meta property=\"og:type\" content=\"article\" \/>\n<meta property=\"og:title\" content=\"Detox Tincture\" \/>\n<meta property=\"og:description\" content=\"Alcoholic herbal extract formulated to support the body\u2019s cleansing processes, promote liver function, and help restore balance and vitality.\" \/>\n<meta property=\"og:url\" content=\"https:\/\/masalacrua.pt\/pt\/produto\/tincture-detox\/\" \/>\n<meta property=\"og:site_name\" content=\"masalaCRUA\" \/>\n<meta property=\"article:publisher\" content=\"https:\/\/www.facebook.com\/masalaCRUA\" \/>\n<meta property=\"article:modified_time\" content=\"2026-03-18T20:35:32+00:00\" \/>\n<meta property=\"og:image\" content=\"https:\/\/masalacrua.pt\/wp-content\/uploads\/2024\/07\/img_0500.jpeg\" \/>\n\t<meta property=\"og:image:width\" content=\"1000\" \/>\n\t<meta property=\"og:image:height\" content=\"750\" \/>\n\t<meta property=\"og:image:type\" content=\"image\/jpeg\" \/>\n<meta name=\"twitter:card\" content=\"summary_large_image\" \/>\n<meta name=\"twitter:label1\" content=\"Tempo estimado de leitura\" \/>\n\t<meta name=\"twitter:data1\" content=\"4 minutos\" \/>\n<script type=\"application\/ld+json\" class=\"yoast-schema-graph\">{\"@context\":\"https:\\\/\\\/schema.org\",\"@graph\":[{\"@type\":\"WebPage\",\"@id\":\"https:\\\/\\\/masalacrua.pt\\\/product\\\/tincture-detox\\\/\",\"url\":\"https:\\\/\\\/masalacrua.pt\\\/product\\\/tincture-detox\\\/\",\"name\":\"Detox Tincture\",\"isPartOf\":{\"@id\":\"https:\\\/\\\/masalacrua.pt\\\/#website\"},\"primaryImageOfPage\":{\"@id\":\"https:\\\/\\\/masalacrua.pt\\\/product\\\/tincture-detox\\\/#primaryimage\"},\"image\":{\"@id\":\"https:\\\/\\\/masalacrua.pt\\\/product\\\/tincture-detox\\\/#primaryimage\"},\"thumbnailUrl\":\"https:\\\/\\\/masalacrua.pt\\\/wp-content\\\/uploads\\\/2024\\\/07\\\/img_0500.jpeg\",\"datePublished\":\"2024-07-27T22:08:19+00:00\",\"dateModified\":\"2026-03-18T20:35:32+00:00\",\"description\":\"Alcoholic herbal extract formulated to support the body\u2019s cleansing processes, promote liver function, and help restore balance and vitality.\",\"breadcrumb\":{\"@id\":\"https:\\\/\\\/masalacrua.pt\\\/product\\\/tincture-detox\\\/#breadcrumb\"},\"inLanguage\":\"pt-PT\",\"potentialAction\":[{\"@type\":\"ReadAction\",\"target\":[\"https:\\\/\\\/masalacrua.pt\\\/product\\\/tincture-detox\\\/\"]}]},{\"@type\":\"ImageObject\",\"inLanguage\":\"pt-PT\",\"@id\":\"https:\\\/\\\/masalacrua.pt\\\/product\\\/tincture-detox\\\/#primaryimage\",\"url\":\"https:\\\/\\\/masalacrua.pt\\\/wp-content\\\/uploads\\\/2024\\\/07\\\/img_0500.jpeg\",\"contentUrl\":\"https:\\\/\\\/masalacrua.pt\\\/wp-content\\\/uploads\\\/2024\\\/07\\\/img_0500.jpeg\",\"width\":1000,\"height\":750,\"caption\":\"Processed with VSCO with a9 preset\"},{\"@type\":\"BreadcrumbList\",\"@id\":\"https:\\\/\\\/masalacrua.pt\\\/product\\\/tincture-detox\\\/#breadcrumb\",\"itemListElement\":[{\"@type\":\"ListItem\",\"position\":1,\"name\":\"Home\",\"item\":\"https:\\\/\\\/masalacrua.pt\\\/\"},{\"@type\":\"ListItem\",\"position\":2,\"name\":\"SHOP\",\"item\":\"https:\\\/\\\/masalacrua.pt\\\/shop\\\/\"},{\"@type\":\"ListItem\",\"position\":3,\"name\":\"tincture | detox\"}]},{\"@type\":\"WebSite\",\"@id\":\"https:\\\/\\\/masalacrua.pt\\\/#website\",\"url\":\"https:\\\/\\\/masalacrua.pt\\\/\",\"name\":\"masalaCRUA\",\"description\":\"natural creations\",\"publisher\":{\"@id\":\"https:\\\/\\\/masalacrua.pt\\\/#organization\"},\"potentialAction\":[{\"@type\":\"SearchAction\",\"target\":{\"@type\":\"EntryPoint\",\"urlTemplate\":\"https:\\\/\\\/masalacrua.pt\\\/?s={search_term_string}\"},\"query-input\":{\"@type\":\"PropertyValueSpecification\",\"valueRequired\":true,\"valueName\":\"search_term_string\"}}],\"inLanguage\":\"pt-PT\"},{\"@type\":\"Organization\",\"@id\":\"https:\\\/\\\/masalacrua.pt\\\/#organization\",\"name\":\"masalaCRUA\",\"url\":\"https:\\\/\\\/masalacrua.pt\\\/\",\"logo\":{\"@type\":\"ImageObject\",\"inLanguage\":\"pt-PT\",\"@id\":\"https:\\\/\\\/masalacrua.pt\\\/#\\\/schema\\\/logo\\\/image\\\/\",\"url\":\"https:\\\/\\\/masalacrua.pt\\\/wp-content\\\/uploads\\\/2021\\\/11\\\/LOGO-finalLOGO-EXPAND-5pt-copy.png\",\"contentUrl\":\"https:\\\/\\\/masalacrua.pt\\\/wp-content\\\/uploads\\\/2021\\\/11\\\/LOGO-finalLOGO-EXPAND-5pt-copy.png\",\"width\":767,\"height\":766,\"caption\":\"masalaCRUA\"},\"image\":{\"@id\":\"https:\\\/\\\/masalacrua.pt\\\/#\\\/schema\\\/logo\\\/image\\\/\"},\"sameAs\":[\"https:\\\/\\\/www.facebook.com\\\/masalaCRUA\",\"https:\\\/\\\/www.instagram.com\\\/masala.crua\\\/\"]}]}<\/script>\n<!-- \/ Yoast SEO plugin. -->","yoast_head_json":{"title":"Detox Tincture","description":"Extrato herbal alco\u00f3lico formulado para apoiar os processos de limpeza do organismo, promover a fun\u00e7\u00e3o hep\u00e1tica e ajudar a restaurar o equil\u00edbrio e a vitalidade.","robots":{"index":"index","follow":"follow","max-snippet":"max-snippet:-1","max-image-preview":"max-image-preview:large","max-video-preview":"max-video-preview:-1"},"canonical":"https:\/\/masalacrua.pt\/pt\/produto\/tincture-detox\/","og_locale":"pt_PT","og_type":"article","og_title":"Detox Tincture","og_description":"Alcoholic herbal extract formulated to support the body\u2019s cleansing processes, promote liver function, and help restore balance and vitality.","og_url":"https:\/\/masalacrua.pt\/pt\/produto\/tincture-detox\/","og_site_name":"masalaCRUA","article_publisher":"https:\/\/www.facebook.com\/masalaCRUA","article_modified_time":"2026-03-18T20:35:32+00:00","og_image":[{"width":1000,"height":750,"url":"https:\/\/masalacrua.pt\/wp-content\/uploads\/2024\/07\/img_0500.jpeg","type":"image\/jpeg"}],"twitter_card":"summary_large_image","twitter_misc":{"Tempo estimado de leitura":"4 minutos"},"schema":{"@context":"https:\/\/schema.org","@graph":[{"@type":"WebPage","@id":"https:\/\/masalacrua.pt\/product\/tincture-detox\/","url":"https:\/\/masalacrua.pt\/product\/tincture-detox\/","name":"Detox Tincture","isPartOf":{"@id":"https:\/\/masalacrua.pt\/#website"},"primaryImageOfPage":{"@id":"https:\/\/masalacrua.pt\/product\/tincture-detox\/#primaryimage"},"image":{"@id":"https:\/\/masalacrua.pt\/product\/tincture-detox\/#primaryimage"},"thumbnailUrl":"https:\/\/masalacrua.pt\/wp-content\/uploads\/2024\/07\/img_0500.jpeg","datePublished":"2024-07-27T22:08:19+00:00","dateModified":"2026-03-18T20:35:32+00:00","description":"Extrato herbal alco\u00f3lico formulado para apoiar os processos de limpeza do organismo, promover a fun\u00e7\u00e3o hep\u00e1tica e ajudar a restaurar o equil\u00edbrio e a vitalidade.","breadcrumb":{"@id":"https:\/\/masalacrua.pt\/product\/tincture-detox\/#breadcrumb"},"inLanguage":"pt-PT","potentialAction":[{"@type":"ReadAction","target":["https:\/\/masalacrua.pt\/product\/tincture-detox\/"]}]},{"@type":"ImageObject","inLanguage":"pt-PT","@id":"https:\/\/masalacrua.pt\/product\/tincture-detox\/#primaryimage","url":"https:\/\/masalacrua.pt\/wp-content\/uploads\/2024\/07\/img_0500.jpeg","contentUrl":"https:\/\/masalacrua.pt\/wp-content\/uploads\/2024\/07\/img_0500.jpeg","width":1000,"height":750,"caption":"Processed with VSCO with a9 preset"},{"@type":"BreadcrumbList","@id":"https:\/\/masalacrua.pt\/product\/tincture-detox\/#breadcrumb","itemListElement":[{"@type":"ListItem","position":1,"name":"Home","item":"https:\/\/masalacrua.pt\/"},{"@type":"ListItem","position":2,"name":"SHOP","item":"https:\/\/masalacrua.pt\/shop\/"},{"@type":"ListItem","position":3,"name":"tincture | detox"}]},{"@type":"WebSite","@id":"https:\/\/masalacrua.pt\/#website","url":"https:\/\/masalacrua.pt\/","name":"masalaCRUA","description":"natural creations","publisher":{"@id":"https:\/\/masalacrua.pt\/#organization"},"potentialAction":[{"@type":"SearchAction","target":{"@type":"EntryPoint","urlTemplate":"https:\/\/masalacrua.pt\/?s={search_term_string}"},"query-input":{"@type":"PropertyValueSpecification","valueRequired":true,"valueName":"search_term_string"}}],"inLanguage":"pt-PT"},{"@type":"Organization","@id":"https:\/\/masalacrua.pt\/#organization","name":"masalaCRUA","url":"https:\/\/masalacrua.pt\/","logo":{"@type":"ImageObject","inLanguage":"pt-PT","@id":"https:\/\/masalacrua.pt\/#\/schema\/logo\/image\/","url":"https:\/\/masalacrua.pt\/wp-content\/uploads\/2021\/11\/LOGO-finalLOGO-EXPAND-5pt-copy.png","contentUrl":"https:\/\/masalacrua.pt\/wp-content\/uploads\/2021\/11\/LOGO-finalLOGO-EXPAND-5pt-copy.png","width":767,"height":766,"caption":"masalaCRUA"},"image":{"@id":"https:\/\/masalacrua.pt\/#\/schema\/logo\/image\/"},"sameAs":["https:\/\/www.facebook.com\/masalaCRUA","https:\/\/www.instagram.com\/masala.crua\/"]}]}},"jetpack_sharing_enabled":true,"_links":{"self":[{"href":"https:\/\/masalacrua.pt\/pt\/wp-json\/wp\/v2\/product\/1979","targetHints":{"allow":["GET"]}}],"collection":[{"href":"https:\/\/masalacrua.pt\/pt\/wp-json\/wp\/v2\/product"}],"about":[{"href":"https:\/\/masalacrua.pt\/pt\/wp-json\/wp\/v2\/types\/product"}],"replies":[{"embeddable":true,"href":"https:\/\/masalacrua.pt\/pt\/wp-json\/wp\/v2\/comments?post=1979"}],"wp:featuredmedia":[{"embeddable":true,"href":"https:\/\/masalacrua.pt\/pt\/wp-json\/wp\/v2\/media\/2627"}],"wp:attachment":[{"href":"https:\/\/masalacrua.pt\/pt\/wp-json\/wp\/v2\/media?parent=1979"}],"wp:term":[{"taxonomy":"product_brand","embeddable":true,"href":"https:\/\/masalacrua.pt\/pt\/wp-json\/wp\/v2\/product_brand?post=1979"},{"taxonomy":"product_cat","embeddable":true,"href":"https:\/\/masalacrua.pt\/pt\/wp-json\/wp\/v2\/product_cat?post=1979"},{"taxonomy":"product_tag","embeddable":true,"href":"https:\/\/masalacrua.pt\/pt\/wp-json\/wp\/v2\/product_tag?post=1979"}],"curies":[{"name":"wp","href":"https:\/\/api.w.org\/{rel}","templated":true}]}}