{"id":199,"date":"2021-11-15T08:44:24","date_gmt":"2021-11-15T08:44:24","guid":{"rendered":"http:\/\/masalacrua.pt\/?post_type=product&#038;p=199"},"modified":"2026-03-17T11:23:31","modified_gmt":"2026-03-17T11:23:31","slug":"massage-oil-lavender-arnica","status":"publish","type":"product","link":"https:\/\/masalacrua.pt\/pt\/produto\/massage-oil-lavender-arnica\/","title":{"rendered":"\u00f3leo de massagem | lavanda calendula arnica"},"content":{"rendered":"<h3><strong>LAVENDER AND ARNICA MASSAGE OIL<\/strong><\/h3>\n<p>Nourish and soothe your skin with our Lavender Massage Oil, enriched with Calendula and Arnica. Light and silky, this oil absorbs easily, leaving the skin soft, smooth, and hydrated. Ideal for daily use or gentle massage, it helps relax muscles, supports skin restoration thanks to calendula, and provides anti-inflammatory benefits from arnica, turning your skincare routine into a calming, restorative experience.<\/p>\n<p>&nbsp;<\/p>\n<h3><strong>INGREDIENTES<\/strong><\/h3>\n<div class=\"page\" title=\"Page 1\">\n<div class=\"layoutArea\">\n<div class=\"column\">\n<p>prunus amygdalus dulcis (almond) oil* infused with calendula officinalis, simmondsia chinensis (jojoba) seed oil*, olea europaea fruit (olive) oil** infused with arnica montana, lavandula angustifolia (lavender) oil*, cymbopogon citratus leaf (lemongrass) oil, tocopherol (natural vitamin E).<\/p>\n<p>*org\u00e2nico de origem local **de produ\u00e7\u00e3o org\u00e2nica<\/p>\n<p><strong data-start=\"327\" data-end=\"347\">Ingredientes principais:<\/strong><\/p>\n<\/div>\n<\/div>\n<\/div>\n<ul data-start=\"350\" data-end=\"950\">\n<li data-section-id=\"bjym90\" data-start=\"350\" data-end=\"526\">\n<p data-start=\"352\" data-end=\"526\">Lavender: calms and soothes the skin while promoting a sense of <strong>relaxation<\/strong>.<\/p>\n<\/li>\n<li data-section-id=\"1l59xh2\" data-start=\"527\" data-end=\"634\">\n<p data-start=\"529\" data-end=\"634\">Arnica: widely appreciated for its anti-inflammatory benefits, helping to <strong>relieve muscle tension<\/strong> and discomfort.<\/p>\n<\/li>\n<li data-section-id=\"1ak7f5q\" data-start=\"635\" data-end=\"728\">\n<p data-start=\"637\" data-end=\"728\">Calendula: supports <strong>skin soothing and restoration<\/strong>, enhancing gentle care and healing.<\/p>\n<\/li>\n<li data-section-id=\"16z7nlf\" data-start=\"729\" data-end=\"950\">\n<p data-start=\"731\" data-end=\"950\">Almond Oil: lightweight and easily absorbed, <strong>hydrates and softens skin<\/strong> while being gentle on sensitive skin. Traditionally used to support skin elasticity, soothe dryness, and improve overall skin condition.<\/p>\n<p>&nbsp;<\/p>\n<p class=\"translation-block\">Vegan e n\u00e3o testado em animais.<br>\n100% biodegrad\u00e1vel.<br>\nSem fragr\u00e2ncias ou cores sint\u00e9ticas.<br>\nSem produtos qu\u00edmicos t\u00f3xicos.<\/li>\n<\/ul>","protected":false},"excerpt":{"rendered":"<p>A nourishing body oil, infused with soothing plant extracts, perfect for massage or daily skin hydration.<\/p>","protected":false},"featured_media":2619,"comment_status":"open","ping_status":"closed","template":"","meta":{"_acf_changed":false,"_et_pb_use_builder":"","_et_pb_old_content":"","_et_gb_content_width":""},"product_brand":[],"product_cat":[127],"product_tag":[247,253,254,252],"class_list":{"0":"post-199","1":"product","2":"type-product","3":"status-publish","4":"has-post-thumbnail","6":"product_cat-body-care","7":"product_tag-body-oil","8":"product_tag-calming","9":"product_tag-jasmin","10":"product_tag-lavender","11":"pa_ingredients-almond-oil","12":"pa_ingredients-arnica","13":"pa_ingredients-calendula","14":"pa_ingredients-lavender","15":"pa_ingredients-lemongrass-essential-oil","17":"first","18":"instock","19":"sale","20":"taxable","21":"shipping-taxable","22":"purchasable","23":"product-type-variable","24":"has-default-attributes"},"acf":[],"yoast_head":"<!-- This site is optimized with the Yoast SEO plugin v27.4 - https:\/\/yoast.com\/product\/yoast-seo-wordpress\/ -->\n<title>Lavender and Arnica Massage Oil<\/title>\n<meta name=\"description\" content=\"Lavender and Arnica Massage Oil is a nourishing body oil, infused with soothing plant extracts, perfect for massage or daily skin hydration.\" \/>\n<meta name=\"robots\" content=\"index, follow, max-snippet:-1, max-image-preview:large, max-video-preview:-1\" \/>\n<link rel=\"canonical\" href=\"https:\/\/masalacrua.pt\/pt\/produto\/massage-oil-lavender-arnica\/\" \/>\n<meta property=\"og:locale\" content=\"pt_PT\" \/>\n<meta property=\"og:type\" content=\"article\" \/>\n<meta property=\"og:title\" content=\"Lavender and Arnica Massage Oil\" \/>\n<meta property=\"og:description\" content=\"Lavender and Arnica Massage Oil is a nourishing body oil, infused with soothing plant extracts, perfect for massage or daily skin hydration.\" \/>\n<meta property=\"og:url\" content=\"https:\/\/masalacrua.pt\/pt\/produto\/massage-oil-lavender-arnica\/\" \/>\n<meta property=\"og:site_name\" content=\"masalaCRUA\" \/>\n<meta property=\"article:publisher\" content=\"https:\/\/www.facebook.com\/masalaCRUA\" \/>\n<meta property=\"article:modified_time\" content=\"2026-03-17T11:23:31+00:00\" \/>\n<meta property=\"og:image\" content=\"https:\/\/masalacrua.pt\/wp-content\/uploads\/2021\/11\/img_0499.jpeg\" \/>\n\t<meta property=\"og:image:width\" content=\"1000\" \/>\n\t<meta property=\"og:image:height\" content=\"750\" \/>\n\t<meta property=\"og:image:type\" content=\"image\/jpeg\" \/>\n<meta name=\"twitter:card\" content=\"summary_large_image\" \/>\n<meta name=\"twitter:label1\" content=\"Tempo estimado de leitura\" \/>\n\t<meta name=\"twitter:data1\" content=\"2 minutos\" \/>\n<script type=\"application\/ld+json\" class=\"yoast-schema-graph\">{\"@context\":\"https:\\\/\\\/schema.org\",\"@graph\":[{\"@type\":\"WebPage\",\"@id\":\"https:\\\/\\\/masalacrua.pt\\\/product\\\/massage-oil-lavender-arnica\\\/\",\"url\":\"https:\\\/\\\/masalacrua.pt\\\/product\\\/massage-oil-lavender-arnica\\\/\",\"name\":\"Lavender and Arnica Massage Oil\",\"isPartOf\":{\"@id\":\"https:\\\/\\\/masalacrua.pt\\\/#website\"},\"primaryImageOfPage\":{\"@id\":\"https:\\\/\\\/masalacrua.pt\\\/product\\\/massage-oil-lavender-arnica\\\/#primaryimage\"},\"image\":{\"@id\":\"https:\\\/\\\/masalacrua.pt\\\/product\\\/massage-oil-lavender-arnica\\\/#primaryimage\"},\"thumbnailUrl\":\"https:\\\/\\\/masalacrua.pt\\\/wp-content\\\/uploads\\\/2021\\\/11\\\/img_0499.jpeg\",\"datePublished\":\"2021-11-15T08:44:24+00:00\",\"dateModified\":\"2026-03-17T11:23:31+00:00\",\"description\":\"Lavender and Arnica Massage Oil is a nourishing body oil, infused with soothing plant extracts, perfect for massage or daily skin hydration.\",\"breadcrumb\":{\"@id\":\"https:\\\/\\\/masalacrua.pt\\\/product\\\/massage-oil-lavender-arnica\\\/#breadcrumb\"},\"inLanguage\":\"pt-PT\",\"potentialAction\":[{\"@type\":\"ReadAction\",\"target\":[\"https:\\\/\\\/masalacrua.pt\\\/product\\\/massage-oil-lavender-arnica\\\/\"]}]},{\"@type\":\"ImageObject\",\"inLanguage\":\"pt-PT\",\"@id\":\"https:\\\/\\\/masalacrua.pt\\\/product\\\/massage-oil-lavender-arnica\\\/#primaryimage\",\"url\":\"https:\\\/\\\/masalacrua.pt\\\/wp-content\\\/uploads\\\/2021\\\/11\\\/img_0499.jpeg\",\"contentUrl\":\"https:\\\/\\\/masalacrua.pt\\\/wp-content\\\/uploads\\\/2021\\\/11\\\/img_0499.jpeg\",\"width\":1000,\"height\":750,\"caption\":\"Processed with VSCO with a9 preset\"},{\"@type\":\"BreadcrumbList\",\"@id\":\"https:\\\/\\\/masalacrua.pt\\\/product\\\/massage-oil-lavender-arnica\\\/#breadcrumb\",\"itemListElement\":[{\"@type\":\"ListItem\",\"position\":1,\"name\":\"Home\",\"item\":\"https:\\\/\\\/masalacrua.pt\\\/\"},{\"@type\":\"ListItem\",\"position\":2,\"name\":\"SHOP\",\"item\":\"https:\\\/\\\/masalacrua.pt\\\/shop\\\/\"},{\"@type\":\"ListItem\",\"position\":3,\"name\":\"massage oil | lavender calendula arnica\"}]},{\"@type\":\"WebSite\",\"@id\":\"https:\\\/\\\/masalacrua.pt\\\/#website\",\"url\":\"https:\\\/\\\/masalacrua.pt\\\/\",\"name\":\"masalaCRUA\",\"description\":\"natural creations\",\"publisher\":{\"@id\":\"https:\\\/\\\/masalacrua.pt\\\/#organization\"},\"potentialAction\":[{\"@type\":\"SearchAction\",\"target\":{\"@type\":\"EntryPoint\",\"urlTemplate\":\"https:\\\/\\\/masalacrua.pt\\\/?s={search_term_string}\"},\"query-input\":{\"@type\":\"PropertyValueSpecification\",\"valueRequired\":true,\"valueName\":\"search_term_string\"}}],\"inLanguage\":\"pt-PT\"},{\"@type\":\"Organization\",\"@id\":\"https:\\\/\\\/masalacrua.pt\\\/#organization\",\"name\":\"masalaCRUA\",\"url\":\"https:\\\/\\\/masalacrua.pt\\\/\",\"logo\":{\"@type\":\"ImageObject\",\"inLanguage\":\"pt-PT\",\"@id\":\"https:\\\/\\\/masalacrua.pt\\\/#\\\/schema\\\/logo\\\/image\\\/\",\"url\":\"https:\\\/\\\/masalacrua.pt\\\/wp-content\\\/uploads\\\/2021\\\/11\\\/LOGO-finalLOGO-EXPAND-5pt-copy.png\",\"contentUrl\":\"https:\\\/\\\/masalacrua.pt\\\/wp-content\\\/uploads\\\/2021\\\/11\\\/LOGO-finalLOGO-EXPAND-5pt-copy.png\",\"width\":767,\"height\":766,\"caption\":\"masalaCRUA\"},\"image\":{\"@id\":\"https:\\\/\\\/masalacrua.pt\\\/#\\\/schema\\\/logo\\\/image\\\/\"},\"sameAs\":[\"https:\\\/\\\/www.facebook.com\\\/masalaCRUA\",\"https:\\\/\\\/www.instagram.com\\\/masala.crua\\\/\"]}]}<\/script>\n<!-- \/ Yoast SEO plugin. -->","yoast_head_json":{"title":"Lavender and Arnica Massage Oil","description":"Lavender and Arnica Massage Oil is a nourishing body oil, infused with soothing plant extracts, perfect for massage or daily skin hydration.","robots":{"index":"index","follow":"follow","max-snippet":"max-snippet:-1","max-image-preview":"max-image-preview:large","max-video-preview":"max-video-preview:-1"},"canonical":"https:\/\/masalacrua.pt\/pt\/produto\/massage-oil-lavender-arnica\/","og_locale":"pt_PT","og_type":"article","og_title":"Lavender and Arnica Massage Oil","og_description":"Lavender and Arnica Massage Oil is a nourishing body oil, infused with soothing plant extracts, perfect for massage or daily skin hydration.","og_url":"https:\/\/masalacrua.pt\/pt\/produto\/massage-oil-lavender-arnica\/","og_site_name":"masalaCRUA","article_publisher":"https:\/\/www.facebook.com\/masalaCRUA","article_modified_time":"2026-03-17T11:23:31+00:00","og_image":[{"width":1000,"height":750,"url":"https:\/\/masalacrua.pt\/wp-content\/uploads\/2021\/11\/img_0499.jpeg","type":"image\/jpeg"}],"twitter_card":"summary_large_image","twitter_misc":{"Tempo estimado de leitura":"2 minutos"},"schema":{"@context":"https:\/\/schema.org","@graph":[{"@type":"WebPage","@id":"https:\/\/masalacrua.pt\/product\/massage-oil-lavender-arnica\/","url":"https:\/\/masalacrua.pt\/product\/massage-oil-lavender-arnica\/","name":"Lavender and Arnica Massage Oil","isPartOf":{"@id":"https:\/\/masalacrua.pt\/#website"},"primaryImageOfPage":{"@id":"https:\/\/masalacrua.pt\/product\/massage-oil-lavender-arnica\/#primaryimage"},"image":{"@id":"https:\/\/masalacrua.pt\/product\/massage-oil-lavender-arnica\/#primaryimage"},"thumbnailUrl":"https:\/\/masalacrua.pt\/wp-content\/uploads\/2021\/11\/img_0499.jpeg","datePublished":"2021-11-15T08:44:24+00:00","dateModified":"2026-03-17T11:23:31+00:00","description":"Lavender and Arnica Massage Oil is a nourishing body oil, infused with soothing plant extracts, perfect for massage or daily skin hydration.","breadcrumb":{"@id":"https:\/\/masalacrua.pt\/product\/massage-oil-lavender-arnica\/#breadcrumb"},"inLanguage":"pt-PT","potentialAction":[{"@type":"ReadAction","target":["https:\/\/masalacrua.pt\/product\/massage-oil-lavender-arnica\/"]}]},{"@type":"ImageObject","inLanguage":"pt-PT","@id":"https:\/\/masalacrua.pt\/product\/massage-oil-lavender-arnica\/#primaryimage","url":"https:\/\/masalacrua.pt\/wp-content\/uploads\/2021\/11\/img_0499.jpeg","contentUrl":"https:\/\/masalacrua.pt\/wp-content\/uploads\/2021\/11\/img_0499.jpeg","width":1000,"height":750,"caption":"Processed with VSCO with a9 preset"},{"@type":"BreadcrumbList","@id":"https:\/\/masalacrua.pt\/product\/massage-oil-lavender-arnica\/#breadcrumb","itemListElement":[{"@type":"ListItem","position":1,"name":"Home","item":"https:\/\/masalacrua.pt\/"},{"@type":"ListItem","position":2,"name":"SHOP","item":"https:\/\/masalacrua.pt\/shop\/"},{"@type":"ListItem","position":3,"name":"massage oil | lavender calendula arnica"}]},{"@type":"WebSite","@id":"https:\/\/masalacrua.pt\/#website","url":"https:\/\/masalacrua.pt\/","name":"masalaCRUA","description":"natural creations","publisher":{"@id":"https:\/\/masalacrua.pt\/#organization"},"potentialAction":[{"@type":"SearchAction","target":{"@type":"EntryPoint","urlTemplate":"https:\/\/masalacrua.pt\/?s={search_term_string}"},"query-input":{"@type":"PropertyValueSpecification","valueRequired":true,"valueName":"search_term_string"}}],"inLanguage":"pt-PT"},{"@type":"Organization","@id":"https:\/\/masalacrua.pt\/#organization","name":"masalaCRUA","url":"https:\/\/masalacrua.pt\/","logo":{"@type":"ImageObject","inLanguage":"pt-PT","@id":"https:\/\/masalacrua.pt\/#\/schema\/logo\/image\/","url":"https:\/\/masalacrua.pt\/wp-content\/uploads\/2021\/11\/LOGO-finalLOGO-EXPAND-5pt-copy.png","contentUrl":"https:\/\/masalacrua.pt\/wp-content\/uploads\/2021\/11\/LOGO-finalLOGO-EXPAND-5pt-copy.png","width":767,"height":766,"caption":"masalaCRUA"},"image":{"@id":"https:\/\/masalacrua.pt\/#\/schema\/logo\/image\/"},"sameAs":["https:\/\/www.facebook.com\/masalaCRUA","https:\/\/www.instagram.com\/masala.crua\/"]}]}},"jetpack_sharing_enabled":true,"_links":{"self":[{"href":"https:\/\/masalacrua.pt\/pt\/wp-json\/wp\/v2\/product\/199","targetHints":{"allow":["GET"]}}],"collection":[{"href":"https:\/\/masalacrua.pt\/pt\/wp-json\/wp\/v2\/product"}],"about":[{"href":"https:\/\/masalacrua.pt\/pt\/wp-json\/wp\/v2\/types\/product"}],"replies":[{"embeddable":true,"href":"https:\/\/masalacrua.pt\/pt\/wp-json\/wp\/v2\/comments?post=199"}],"wp:featuredmedia":[{"embeddable":true,"href":"https:\/\/masalacrua.pt\/pt\/wp-json\/wp\/v2\/media\/2619"}],"wp:attachment":[{"href":"https:\/\/masalacrua.pt\/pt\/wp-json\/wp\/v2\/media?parent=199"}],"wp:term":[{"taxonomy":"product_brand","embeddable":true,"href":"https:\/\/masalacrua.pt\/pt\/wp-json\/wp\/v2\/product_brand?post=199"},{"taxonomy":"product_cat","embeddable":true,"href":"https:\/\/masalacrua.pt\/pt\/wp-json\/wp\/v2\/product_cat?post=199"},{"taxonomy":"product_tag","embeddable":true,"href":"https:\/\/masalacrua.pt\/pt\/wp-json\/wp\/v2\/product_tag?post=199"}],"curies":[{"name":"wp","href":"https:\/\/api.w.org\/{rel}","templated":true}]}}