{"id":2067,"date":"2024-07-28T01:16:26","date_gmt":"2024-07-28T00:16:26","guid":{"rendered":"https:\/\/masalacrua.pt\/?post_type=product&#038;p=2067"},"modified":"2026-03-18T21:09:35","modified_gmt":"2026-03-18T21:09:35","slug":"tincture-deep-sleep","status":"publish","type":"product","link":"https:\/\/masalacrua.pt\/pt\/produto\/tincture-deep-sleep\/","title":{"rendered":"tintura | sono profundo"},"content":{"rendered":"<h3><strong>HERBAL TINCTURE FOR <\/strong><strong>DEEP SLEEP<\/strong><\/h3>\n<p>This potent herbal tincture combines the natural <strong>sleep\u2011inducing and calming properties<\/strong> of carefully selected herbs to support both mind and body. It helps soothe the nervous system, reduce stress and anxiety, and promote a faster, more restful sleep.<\/p>\n<p>Just a few drops before bedtime can enhance relaxation, <strong>improve sleep quality,<\/strong> and support deep, restorative sleep cycles, helping restore balance and promote overall well-being.<\/p>\n<p>It can also be taken in smaller amounts during the day to <strong>ease tension, calm anxious moments<\/strong>, or bring a sense of tranquility whenever needed. This versatile formula offers gentle yet effective support for restful nights and balanced days.<\/p>\n<p>Combine com o nosso <a href=\"https:\/\/masalacrua.pt\/pt\/produto\/natural-perfume-lavender\/\" target=\"_blank\" rel=\"noopener\">lavender roll on<\/a> e<a href=\"https:\/\/masalacrua.pt\/pt\/produto\/soap-lavender\/\" target=\"_blank\" rel=\"noopener\"> sab\u00e3o alfazema<\/a> for a complete relaxation pack.<\/p>\n<p>&nbsp;<\/p>\n<p>Learn more about the sleeping benefits of passiflora in <a href=\"https:\/\/hhy-research.ams3.digitaloceanspaces.com\/23.Passionflower-subjective-sleep-quality.pdf\" target=\"_blank\" rel=\"noopener\">this study.<\/a><\/p>\n<p>&nbsp;<\/p>\n<h3><strong>INGREDIENTES<\/strong><\/h3>\n<p>aguardente (food grade alcohol)*, valeriana officinalis (valerian), humulus lupulus (hops), passiflora incarnata (passionflower), lavendula augustifolia (lavender), chamomilla recutita (chamomile).<\/p>\n<p>*de origem local<\/p>\n<ul>\n<li>Valerian and Hops are <strong>mild herbal sedatives and hypnotics<\/strong> (sleep inducing). They are commonly used to treat insomnia, restlessness, and anxiety, often increasing the activity of GABA neurotransmitters, which calms the central nervous system.<\/li>\n<li>Passionflower: eases anxiety and <strong>promotes deeper, restorative sleep. <\/strong><\/li>\n<li>Lavender and chamomile: provide <strong>calming and soothing effects<\/strong> that help reduce stress and promote relaxation, supporting restful and restorative sleep.<\/li>\n<\/ul>\n<p class=\"translation-block\">\u00a0<br>\n<strong>Vegan e cruelty-free.<\/strong>\u00a0<br>\n<strong>100% biodegrad\u00e1vel.<\/strong>\u00a0<br>\n<strong>Sem conservantes.<\/strong>\u00a0<br>\n<strong>Sem qu\u00edmicos t\u00f3xicos.<\/strong><\/p>\n<p>&nbsp;<\/p>\n<h3><strong>COMO USAR<\/strong><\/h3>\n<p>10 or more drops, 30 min before sleep or in moments of high anxiety<\/p>\n<p>Take directly under the tongue or diluted in water or tea<\/p>\n<p>&nbsp;<\/p>\n<h3><strong>O QUE \u00c9 UMA TINTURA<\/strong><\/h3>\n<p>As tinturas s\u00e3o extratos de ervas concentrados feitos a partir de plantas e utilizados como rem\u00e9dios herbais tradicionais. S\u00e3o normalmente tomadas por via oral para apoiar v\u00e1rias quest\u00f5es de sa\u00fade ou utilizadas preventivamente para promover o bem-estar geral. As tinturas de ervas oferecem v\u00e1rias vantagens como forma de prepara\u00e7\u00e3o medicinal.<\/p>\n<p class=\"translation-block\">As tinturas t\u00eam um <strong>longo prazo de validade<\/strong> porque o \u00e1lcool atua como um conservante natural, permitindo que durem anos sem perder a efic\u00e1cia. O \u00e1lcool tamb\u00e9m tem a capacidade \u00fanica de extrair certos compostos ben\u00e9ficos que a \u00e1gua ou o \u00f3leo sozinhos n\u00e3o conseguem, tornando as tinturas <strong>mais potentes e completas.<\/strong><\/p>\n<p class=\"translation-block\">As tinturas de ervas s\u00e3o <strong>altamente concentradas,<\/strong> pelo que mesmo uma pequena quantidade fornece uma dose forte dos constituintes ben\u00e9ficos da planta. A sua forma l\u00edquida permite que o corpo absorva os compostos ativos das plantas mais rapidamente do que ch\u00e1s ou c\u00e1psulas, proporcionando efeitos mais r\u00e1pidos. Al\u00e9m disso, as tinturas permitem uma dosagem precisa e podem ser tomadas diretamente, dilu\u00eddas em \u00e1gua fria ou morna, ou adicionadas a alimentos e bebidas, tornando-as uma op\u00e7\u00e3o vers\u00e1til e conveniente para o uso de ervas.<\/p>\n<p>&nbsp;<\/p>\n<p>O processo de fabrico de uma tintura \u00e9 simples mas \u00fanico. Durante 40 dias, as ervas s\u00e3o infundidas em \u00e1lcool de grau alimentar e agitadas diariamente para extrair totalmente os seus compostos ativos. Ap\u00f3s este per\u00edodo, as plantas s\u00e3o removidas e a tintura est\u00e1 pronta a ser utilizada.<\/p>\n<p>Sabia que, na alquimia antiga, os herbalistas acreditavam que destilar plantas com \u00e1lcool capturava a ess\u00eancia ou as qualidades mais vitais da planta? Chamavam a este l\u00edquido destilado o \u201cesp\u00edrito\u201d da planta, e \u00e9 por isso que a maioria das bebidas alco\u00f3licas s\u00e3o conhecidas como \"spirits\" (espirituosas).<\/p>\n<p>&nbsp;<\/p>\n<h3><strong>PRECAU\u00c7\u00d5ES<\/strong><\/h3>\n<p>As tinturas s\u00e3o \u00e0 base de \u00e1lcool e podem n\u00e3o ser adequadas para mulheres gr\u00e1vidas ou a amamentar, crian\u00e7as ou qualquer pessoa que esteja a tomar medica\u00e7\u00e3o. As indica\u00e7\u00f5es dadas s\u00e3o meras sugest\u00f5es. Por favor, consulte um profissional de sa\u00fade qualificado antes de utilizar produtos \u00e0 base de ervas.<\/p>\n<p>*Este produto n\u00e3o se destina a diagnosticar, tratar, curar ou prevenir qualquer doen\u00e7a. Apenas para fins educacionais*<\/p>","protected":false},"excerpt":{"rendered":"<p>Alcoholic herbal extract that gently soothes the mind and body, helping to calm anxiety and promote restful, restorative sleep.<\/p>","protected":false},"featured_media":2632,"comment_status":"open","ping_status":"closed","template":"","meta":{"_acf_changed":false,"_et_pb_use_builder":"","_et_pb_old_content":"","_et_gb_content_width":""},"product_brand":[],"product_cat":[239],"product_tag":[253,443,440,309,301],"class_list":{"0":"post-2067","1":"product","2":"type-product","3":"status-publish","4":"has-post-thumbnail","6":"product_cat-herbal-extracts","7":"product_tag-calming","8":"product_tag-deep-sleep","9":"product_tag-herbal-extract","10":"product_tag-sleep","11":"product_tag-tincture","12":"pa_ingredients-chamomile","13":"pa_ingredients-hops","14":"pa_ingredients-lavender-2","15":"pa_ingredients-passiflora","16":"pa_ingredients-valerian","18":"first","19":"instock","20":"taxable","21":"shipping-taxable","22":"purchasable","23":"product-type-simple"},"acf":[],"yoast_head":"<!-- This site is optimized with the Yoast SEO plugin v27.5 - https:\/\/yoast.com\/product\/yoast-seo-wordpress\/ -->\n<title>tincture | deep sleep - masalaCRUA<\/title>\n<meta name=\"description\" content=\"Alcoholic herbal extract that gently soothes the mind and body, helping to calm anxiety and promote restful, restorative sleep.\" \/>\n<meta name=\"robots\" content=\"index, follow, max-snippet:-1, max-image-preview:large, max-video-preview:-1\" \/>\n<link rel=\"canonical\" href=\"https:\/\/masalacrua.pt\/pt\/produto\/tincture-deep-sleep\/\" \/>\n<meta property=\"og:locale\" content=\"pt_PT\" \/>\n<meta property=\"og:type\" content=\"article\" \/>\n<meta property=\"og:title\" content=\"tincture | deep sleep - masalaCRUA\" \/>\n<meta property=\"og:description\" content=\"Alcoholic herbal extract that gently soothes the mind and body, helping to calm anxiety and promote restful, restorative sleep.\" \/>\n<meta property=\"og:url\" content=\"https:\/\/masalacrua.pt\/pt\/produto\/tincture-deep-sleep\/\" \/>\n<meta property=\"og:site_name\" content=\"masalaCRUA\" \/>\n<meta property=\"article:publisher\" content=\"https:\/\/www.facebook.com\/masalaCRUA\" \/>\n<meta property=\"article:modified_time\" content=\"2026-03-18T21:09:35+00:00\" \/>\n<meta property=\"og:image\" content=\"https:\/\/masalacrua.pt\/wp-content\/uploads\/2024\/07\/img_0502.jpeg\" \/>\n\t<meta property=\"og:image:width\" content=\"1000\" \/>\n\t<meta property=\"og:image:height\" content=\"750\" \/>\n\t<meta property=\"og:image:type\" content=\"image\/jpeg\" \/>\n<meta name=\"twitter:card\" content=\"summary_large_image\" \/>\n<meta name=\"twitter:label1\" content=\"Tempo estimado de leitura\" \/>\n\t<meta name=\"twitter:data1\" content=\"3 minutos\" \/>\n<script type=\"application\/ld+json\" class=\"yoast-schema-graph\">{\"@context\":\"https:\\\/\\\/schema.org\",\"@graph\":[{\"@type\":\"WebPage\",\"@id\":\"https:\\\/\\\/masalacrua.pt\\\/product\\\/tincture-deep-sleep\\\/\",\"url\":\"https:\\\/\\\/masalacrua.pt\\\/product\\\/tincture-deep-sleep\\\/\",\"name\":\"tincture | deep sleep - masalaCRUA\",\"isPartOf\":{\"@id\":\"https:\\\/\\\/masalacrua.pt\\\/#website\"},\"primaryImageOfPage\":{\"@id\":\"https:\\\/\\\/masalacrua.pt\\\/product\\\/tincture-deep-sleep\\\/#primaryimage\"},\"image\":{\"@id\":\"https:\\\/\\\/masalacrua.pt\\\/product\\\/tincture-deep-sleep\\\/#primaryimage\"},\"thumbnailUrl\":\"https:\\\/\\\/masalacrua.pt\\\/wp-content\\\/uploads\\\/2024\\\/07\\\/img_0502.jpeg\",\"datePublished\":\"2024-07-28T00:16:26+00:00\",\"dateModified\":\"2026-03-18T21:09:35+00:00\",\"description\":\"Alcoholic herbal extract that gently soothes the mind and body, helping to calm anxiety and promote restful, restorative sleep.\",\"breadcrumb\":{\"@id\":\"https:\\\/\\\/masalacrua.pt\\\/product\\\/tincture-deep-sleep\\\/#breadcrumb\"},\"inLanguage\":\"pt-PT\",\"potentialAction\":[{\"@type\":\"ReadAction\",\"target\":[\"https:\\\/\\\/masalacrua.pt\\\/product\\\/tincture-deep-sleep\\\/\"]}]},{\"@type\":\"ImageObject\",\"inLanguage\":\"pt-PT\",\"@id\":\"https:\\\/\\\/masalacrua.pt\\\/product\\\/tincture-deep-sleep\\\/#primaryimage\",\"url\":\"https:\\\/\\\/masalacrua.pt\\\/wp-content\\\/uploads\\\/2024\\\/07\\\/img_0502.jpeg\",\"contentUrl\":\"https:\\\/\\\/masalacrua.pt\\\/wp-content\\\/uploads\\\/2024\\\/07\\\/img_0502.jpeg\",\"width\":1000,\"height\":750,\"caption\":\"Processed with VSCO with a9 preset\"},{\"@type\":\"BreadcrumbList\",\"@id\":\"https:\\\/\\\/masalacrua.pt\\\/product\\\/tincture-deep-sleep\\\/#breadcrumb\",\"itemListElement\":[{\"@type\":\"ListItem\",\"position\":1,\"name\":\"Home\",\"item\":\"https:\\\/\\\/masalacrua.pt\\\/\"},{\"@type\":\"ListItem\",\"position\":2,\"name\":\"SHOP\",\"item\":\"https:\\\/\\\/masalacrua.pt\\\/shop\\\/\"},{\"@type\":\"ListItem\",\"position\":3,\"name\":\"tincture | deep sleep\"}]},{\"@type\":\"WebSite\",\"@id\":\"https:\\\/\\\/masalacrua.pt\\\/#website\",\"url\":\"https:\\\/\\\/masalacrua.pt\\\/\",\"name\":\"masalaCRUA\",\"description\":\"natural creations\",\"publisher\":{\"@id\":\"https:\\\/\\\/masalacrua.pt\\\/#organization\"},\"potentialAction\":[{\"@type\":\"SearchAction\",\"target\":{\"@type\":\"EntryPoint\",\"urlTemplate\":\"https:\\\/\\\/masalacrua.pt\\\/?s={search_term_string}\"},\"query-input\":{\"@type\":\"PropertyValueSpecification\",\"valueRequired\":true,\"valueName\":\"search_term_string\"}}],\"inLanguage\":\"pt-PT\"},{\"@type\":\"Organization\",\"@id\":\"https:\\\/\\\/masalacrua.pt\\\/#organization\",\"name\":\"masalaCRUA\",\"url\":\"https:\\\/\\\/masalacrua.pt\\\/\",\"logo\":{\"@type\":\"ImageObject\",\"inLanguage\":\"pt-PT\",\"@id\":\"https:\\\/\\\/masalacrua.pt\\\/#\\\/schema\\\/logo\\\/image\\\/\",\"url\":\"https:\\\/\\\/masalacrua.pt\\\/wp-content\\\/uploads\\\/2021\\\/11\\\/LOGO-finalLOGO-EXPAND-5pt-copy.png\",\"contentUrl\":\"https:\\\/\\\/masalacrua.pt\\\/wp-content\\\/uploads\\\/2021\\\/11\\\/LOGO-finalLOGO-EXPAND-5pt-copy.png\",\"width\":767,\"height\":766,\"caption\":\"masalaCRUA\"},\"image\":{\"@id\":\"https:\\\/\\\/masalacrua.pt\\\/#\\\/schema\\\/logo\\\/image\\\/\"},\"sameAs\":[\"https:\\\/\\\/www.facebook.com\\\/masalaCRUA\",\"https:\\\/\\\/www.instagram.com\\\/masala.crua\\\/\"]}]}<\/script>\n<!-- \/ Yoast SEO plugin. -->","yoast_head_json":{"title":"tincture | deep sleep - masalaCRUA","description":"Alcoholic herbal extract that gently soothes the mind and body, helping to calm anxiety and promote restful, restorative sleep.","robots":{"index":"index","follow":"follow","max-snippet":"max-snippet:-1","max-image-preview":"max-image-preview:large","max-video-preview":"max-video-preview:-1"},"canonical":"https:\/\/masalacrua.pt\/pt\/produto\/tincture-deep-sleep\/","og_locale":"pt_PT","og_type":"article","og_title":"tincture | deep sleep - masalaCRUA","og_description":"Alcoholic herbal extract that gently soothes the mind and body, helping to calm anxiety and promote restful, restorative sleep.","og_url":"https:\/\/masalacrua.pt\/pt\/produto\/tincture-deep-sleep\/","og_site_name":"masalaCRUA","article_publisher":"https:\/\/www.facebook.com\/masalaCRUA","article_modified_time":"2026-03-18T21:09:35+00:00","og_image":[{"width":1000,"height":750,"url":"https:\/\/masalacrua.pt\/wp-content\/uploads\/2024\/07\/img_0502.jpeg","type":"image\/jpeg"}],"twitter_card":"summary_large_image","twitter_misc":{"Tempo estimado de leitura":"3 minutos"},"schema":{"@context":"https:\/\/schema.org","@graph":[{"@type":"WebPage","@id":"https:\/\/masalacrua.pt\/product\/tincture-deep-sleep\/","url":"https:\/\/masalacrua.pt\/product\/tincture-deep-sleep\/","name":"tincture | deep sleep - masalaCRUA","isPartOf":{"@id":"https:\/\/masalacrua.pt\/#website"},"primaryImageOfPage":{"@id":"https:\/\/masalacrua.pt\/product\/tincture-deep-sleep\/#primaryimage"},"image":{"@id":"https:\/\/masalacrua.pt\/product\/tincture-deep-sleep\/#primaryimage"},"thumbnailUrl":"https:\/\/masalacrua.pt\/wp-content\/uploads\/2024\/07\/img_0502.jpeg","datePublished":"2024-07-28T00:16:26+00:00","dateModified":"2026-03-18T21:09:35+00:00","description":"Alcoholic herbal extract that gently soothes the mind and body, helping to calm anxiety and promote restful, restorative sleep.","breadcrumb":{"@id":"https:\/\/masalacrua.pt\/product\/tincture-deep-sleep\/#breadcrumb"},"inLanguage":"pt-PT","potentialAction":[{"@type":"ReadAction","target":["https:\/\/masalacrua.pt\/product\/tincture-deep-sleep\/"]}]},{"@type":"ImageObject","inLanguage":"pt-PT","@id":"https:\/\/masalacrua.pt\/product\/tincture-deep-sleep\/#primaryimage","url":"https:\/\/masalacrua.pt\/wp-content\/uploads\/2024\/07\/img_0502.jpeg","contentUrl":"https:\/\/masalacrua.pt\/wp-content\/uploads\/2024\/07\/img_0502.jpeg","width":1000,"height":750,"caption":"Processed with VSCO with a9 preset"},{"@type":"BreadcrumbList","@id":"https:\/\/masalacrua.pt\/product\/tincture-deep-sleep\/#breadcrumb","itemListElement":[{"@type":"ListItem","position":1,"name":"Home","item":"https:\/\/masalacrua.pt\/"},{"@type":"ListItem","position":2,"name":"SHOP","item":"https:\/\/masalacrua.pt\/shop\/"},{"@type":"ListItem","position":3,"name":"tincture | deep sleep"}]},{"@type":"WebSite","@id":"https:\/\/masalacrua.pt\/#website","url":"https:\/\/masalacrua.pt\/","name":"masalaCRUA","description":"natural creations","publisher":{"@id":"https:\/\/masalacrua.pt\/#organization"},"potentialAction":[{"@type":"SearchAction","target":{"@type":"EntryPoint","urlTemplate":"https:\/\/masalacrua.pt\/?s={search_term_string}"},"query-input":{"@type":"PropertyValueSpecification","valueRequired":true,"valueName":"search_term_string"}}],"inLanguage":"pt-PT"},{"@type":"Organization","@id":"https:\/\/masalacrua.pt\/#organization","name":"masalaCRUA","url":"https:\/\/masalacrua.pt\/","logo":{"@type":"ImageObject","inLanguage":"pt-PT","@id":"https:\/\/masalacrua.pt\/#\/schema\/logo\/image\/","url":"https:\/\/masalacrua.pt\/wp-content\/uploads\/2021\/11\/LOGO-finalLOGO-EXPAND-5pt-copy.png","contentUrl":"https:\/\/masalacrua.pt\/wp-content\/uploads\/2021\/11\/LOGO-finalLOGO-EXPAND-5pt-copy.png","width":767,"height":766,"caption":"masalaCRUA"},"image":{"@id":"https:\/\/masalacrua.pt\/#\/schema\/logo\/image\/"},"sameAs":["https:\/\/www.facebook.com\/masalaCRUA","https:\/\/www.instagram.com\/masala.crua\/"]}]}},"jetpack_sharing_enabled":true,"_links":{"self":[{"href":"https:\/\/masalacrua.pt\/pt\/wp-json\/wp\/v2\/product\/2067","targetHints":{"allow":["GET"]}}],"collection":[{"href":"https:\/\/masalacrua.pt\/pt\/wp-json\/wp\/v2\/product"}],"about":[{"href":"https:\/\/masalacrua.pt\/pt\/wp-json\/wp\/v2\/types\/product"}],"replies":[{"embeddable":true,"href":"https:\/\/masalacrua.pt\/pt\/wp-json\/wp\/v2\/comments?post=2067"}],"wp:featuredmedia":[{"embeddable":true,"href":"https:\/\/masalacrua.pt\/pt\/wp-json\/wp\/v2\/media\/2632"}],"wp:attachment":[{"href":"https:\/\/masalacrua.pt\/pt\/wp-json\/wp\/v2\/media?parent=2067"}],"wp:term":[{"taxonomy":"product_brand","embeddable":true,"href":"https:\/\/masalacrua.pt\/pt\/wp-json\/wp\/v2\/product_brand?post=2067"},{"taxonomy":"product_cat","embeddable":true,"href":"https:\/\/masalacrua.pt\/pt\/wp-json\/wp\/v2\/product_cat?post=2067"},{"taxonomy":"product_tag","embeddable":true,"href":"https:\/\/masalacrua.pt\/pt\/wp-json\/wp\/v2\/product_tag?post=2067"}],"curies":[{"name":"wp","href":"https:\/\/api.w.org\/{rel}","templated":true}]}}