{"id":2068,"date":"2024-07-28T01:19:13","date_gmt":"2024-07-28T00:19:13","guid":{"rendered":"https:\/\/masalacrua.pt\/?post_type=product&#038;p=2068"},"modified":"2026-03-18T14:57:08","modified_gmt":"2026-03-18T14:57:08","slug":"tincture-immunity","status":"publish","type":"product","link":"https:\/\/masalacrua.pt\/pt\/produto\/tincture-immunity\/","title":{"rendered":"tintura | imunidade"},"content":{"rendered":"<h3><strong>HERBAL TINCTURE FOR <\/strong><strong>IMMUNE SYSTEM<\/strong><\/h3>\n<p>The immunity tincture is a carefully crafted blend of natural ingredients designed to support the body during <strong>seasonal challenges.<\/strong><\/p>\n<p>For better results, it is advised to start taking the tincture <strong>at least two weeks before any challenging situation<\/strong>\u00a0as a preventive measure. You can use for moments such as cold winter months, seasonal spring allergies, long travels, festivals or periods of stress &#8211; so it can help strengthen the body\u2019s natural defenses and support the immune system more effectively.<\/p>\n<p>Combine com o nosso <a href=\"https:\/\/masalacrua.pt\/pt\/produto\/honey-fire-cider\/\" target=\"_blank\" rel=\"noopener\">fire cider<\/a> for a complete prevention pack.<\/p>\n<p>&nbsp;<\/p>\n<p>Learn more about the benefits of elder in <a href=\"https:\/\/link.springer.com\/article\/10.1007\/s10787-025-02017-0#Sec16\" target=\"_blank\" rel=\"noopener\">this study.<\/a><\/p>\n<p>&nbsp;<\/p>\n<h3><strong>INGREDIENTES<\/strong><\/h3>\n<p>aguardente (food grade alcohol)* sambucus nigra* (elder flower and berry), urtica dioica* (nettles), pinus* (pine needles and buds), rosa canina* (rosehip), echinaceae purpureae (echinacea).<\/p>\n<p>*de origem local<\/p>\n<ul>\n<li>Elderflower and elderberry are rich in antioxidants and immune\u2011supporting compounds that may help reduce the severity and duration of viral infections.<\/li>\n<li>Nettles provides anti-inflammatory and allergy\u2011supporting effects, helping to soothe irritation and promote immune balance.<\/li>\n<li>Pine needles and rosehip are a powerful natural source of vitamin C and antioxidants, aiding immune resilience.<\/li>\n<\/ul>\n<p class=\"translation-block\">\u00a0<br>\n<strong>Vegan e cruelty-free.<\/strong>\u00a0<br>\n<strong>100% biodegrad\u00e1vel.<\/strong>\u00a0<br>\n<strong>Sem conservantes.<\/strong>\u00a0<br>\n<strong>Sem qu\u00edmicos t\u00f3xicos.<\/strong><\/p>\n<p>&nbsp;<\/p>\n<h3><strong>COMO USAR<\/strong><\/h3>\n<p>For prevention: 1 pipette, 1x per day<br \/>\nDuring a crisis: 1 pipette, 3x per day<\/p>\n<p>Take directly under the tongue or diluted in water or tea.<\/p>\n<p>It\u2019s important to take the tincture in smaller, consistent doses that allow the body to respond more effectively than a single large dose. Traditional herbal remedies work best when taken regularly, as their effects are gentler and more gradual than conventional medicines.<\/p>\n<p>Common uses:<br \/>\nfor boosting immune system for winter start taking once a day in autumn<br \/>\nfor preventing seasonal spring allergies start taking once a day in winter<\/p>\n<p>&nbsp;<\/p>\n<h3><strong>O QUE \u00c9 UMA TINTURA<\/strong><\/h3>\n<p>As tinturas s\u00e3o extratos de ervas concentrados feitos a partir de plantas e utilizados como rem\u00e9dios herbais tradicionais. S\u00e3o normalmente tomadas por via oral para apoiar v\u00e1rias quest\u00f5es de sa\u00fade ou utilizadas preventivamente para promover o bem-estar geral. As tinturas de ervas oferecem v\u00e1rias vantagens como forma de prepara\u00e7\u00e3o medicinal.<\/p>\n<p class=\"translation-block\">As tinturas t\u00eam um <strong>longo prazo de validade<\/strong> porque o \u00e1lcool atua como um conservante natural, permitindo que durem anos sem perder a efic\u00e1cia. O \u00e1lcool tamb\u00e9m tem a capacidade \u00fanica de extrair certos compostos ben\u00e9ficos que a \u00e1gua ou o \u00f3leo sozinhos n\u00e3o conseguem, tornando as tinturas <strong>mais potentes e completas.<\/strong><\/p>\n<p class=\"translation-block\">As tinturas de ervas s\u00e3o <strong>altamente concentradas,<\/strong> pelo que mesmo uma pequena quantidade fornece uma dose forte dos constituintes ben\u00e9ficos da planta. A sua forma l\u00edquida permite que o corpo absorva os compostos ativos das plantas mais rapidamente do que ch\u00e1s ou c\u00e1psulas, proporcionando efeitos mais r\u00e1pidos. Al\u00e9m disso, as tinturas permitem uma dosagem precisa e podem ser tomadas diretamente, dilu\u00eddas em \u00e1gua fria ou morna, ou adicionadas a alimentos e bebidas, tornando-as uma op\u00e7\u00e3o vers\u00e1til e conveniente para o uso de ervas.<\/p>\n<p>&nbsp;<\/p>\n<p>O processo de fabrico de uma tintura \u00e9 simples mas \u00fanico. Durante 40 dias, as ervas s\u00e3o infundidas em \u00e1lcool de grau alimentar e agitadas diariamente para extrair totalmente os seus compostos ativos. Ap\u00f3s este per\u00edodo, as plantas s\u00e3o removidas e a tintura est\u00e1 pronta a ser utilizada.<\/p>\n<p>Sabia que, na alquimia antiga, os herbalistas acreditavam que destilar plantas com \u00e1lcool capturava a ess\u00eancia ou as qualidades mais vitais da planta? Chamavam a este l\u00edquido destilado o \u201cesp\u00edrito\u201d da planta, e \u00e9 por isso que a maioria das bebidas alco\u00f3licas s\u00e3o conhecidas como \"spirits\" (espirituosas).<\/p>\n<p>&nbsp;<\/p>\n<h3><strong>PRECAU\u00c7\u00d5ES<\/strong><\/h3>\n<p>As tinturas s\u00e3o \u00e0 base de \u00e1lcool e podem n\u00e3o ser adequadas para mulheres gr\u00e1vidas ou a amamentar, crian\u00e7as ou qualquer pessoa que esteja a tomar medica\u00e7\u00e3o. As indica\u00e7\u00f5es dadas s\u00e3o meras sugest\u00f5es. Por favor, consulte um profissional de sa\u00fade qualificado antes de utilizar produtos \u00e0 base de ervas.<\/p>\n<p>*Este produto n\u00e3o se destina a diagnosticar, tratar, curar ou prevenir qualquer doen\u00e7a. Apenas para fins educacionais*<\/p>","protected":false},"excerpt":{"rendered":"<p>Alcoholic herbal extract to support the immune system or relieve symptoms of seasonal allergies.<\/p>","protected":false},"featured_media":2631,"comment_status":"open","ping_status":"closed","template":"","meta":{"_acf_changed":false,"_et_pb_use_builder":"","_et_pb_old_content":"","_et_gb_content_width":""},"product_brand":[],"product_cat":[239],"product_tag":[308,301,307],"class_list":{"0":"post-2068","1":"product","2":"type-product","3":"status-publish","4":"has-post-thumbnail","6":"product_cat-herbal-extracts","7":"product_tag-immunity","8":"product_tag-tincture","9":"product_tag-winter","10":"pa_ingredients-echinacea","11":"pa_ingredients-elder-flower-and-berries","12":"pa_ingredients-nettles","13":"pa_ingredients-pine-buds-and-needles","14":"pa_ingredients-rosehip","16":"first","17":"instock","18":"taxable","19":"shipping-taxable","20":"purchasable","21":"product-type-simple"},"acf":[],"yoast_head":"<!-- This site is optimized with the Yoast SEO plugin v27.4 - https:\/\/yoast.com\/product\/yoast-seo-wordpress\/ -->\n<title>Immunity Tincture<\/title>\n<meta name=\"description\" content=\"Alcoholic herbal extract to support\u00a0the immune system. With elder flower and berries, nettles, pine needles and buds, rosehip and echinacea.\" \/>\n<meta name=\"robots\" content=\"index, follow, max-snippet:-1, max-image-preview:large, max-video-preview:-1\" \/>\n<link rel=\"canonical\" href=\"https:\/\/masalacrua.pt\/pt\/produto\/tincture-immunity\/\" \/>\n<meta property=\"og:locale\" content=\"pt_PT\" \/>\n<meta property=\"og:type\" content=\"article\" \/>\n<meta property=\"og:title\" content=\"Immunity Tincture\" \/>\n<meta property=\"og:description\" content=\"Alcoholic herbal extract to support\u00a0the immune system. With elder flower and berries, nettles, pine needles and buds, rosehip and echinacea.\" \/>\n<meta property=\"og:url\" content=\"https:\/\/masalacrua.pt\/pt\/produto\/tincture-immunity\/\" \/>\n<meta property=\"og:site_name\" content=\"masalaCRUA\" \/>\n<meta property=\"article:publisher\" content=\"https:\/\/www.facebook.com\/masalaCRUA\" \/>\n<meta property=\"article:modified_time\" content=\"2026-03-18T14:57:08+00:00\" \/>\n<meta property=\"og:image\" content=\"https:\/\/masalacrua.pt\/wp-content\/uploads\/2024\/07\/img_0501.jpeg\" \/>\n\t<meta property=\"og:image:width\" content=\"1000\" \/>\n\t<meta property=\"og:image:height\" content=\"750\" \/>\n\t<meta property=\"og:image:type\" content=\"image\/jpeg\" \/>\n<meta name=\"twitter:card\" content=\"summary_large_image\" \/>\n<meta name=\"twitter:label1\" content=\"Tempo estimado de leitura\" \/>\n\t<meta name=\"twitter:data1\" content=\"3 minutos\" \/>\n<script type=\"application\/ld+json\" class=\"yoast-schema-graph\">{\"@context\":\"https:\\\/\\\/schema.org\",\"@graph\":[{\"@type\":\"WebPage\",\"@id\":\"https:\\\/\\\/masalacrua.pt\\\/product\\\/tincture-immunity\\\/\",\"url\":\"https:\\\/\\\/masalacrua.pt\\\/product\\\/tincture-immunity\\\/\",\"name\":\"Immunity Tincture\",\"isPartOf\":{\"@id\":\"https:\\\/\\\/masalacrua.pt\\\/#website\"},\"primaryImageOfPage\":{\"@id\":\"https:\\\/\\\/masalacrua.pt\\\/product\\\/tincture-immunity\\\/#primaryimage\"},\"image\":{\"@id\":\"https:\\\/\\\/masalacrua.pt\\\/product\\\/tincture-immunity\\\/#primaryimage\"},\"thumbnailUrl\":\"https:\\\/\\\/masalacrua.pt\\\/wp-content\\\/uploads\\\/2024\\\/07\\\/img_0501.jpeg\",\"datePublished\":\"2024-07-28T00:19:13+00:00\",\"dateModified\":\"2026-03-18T14:57:08+00:00\",\"description\":\"Alcoholic herbal extract to support\u00a0the immune system. With elder flower and berries, nettles, pine needles and buds, rosehip and echinacea.\",\"breadcrumb\":{\"@id\":\"https:\\\/\\\/masalacrua.pt\\\/product\\\/tincture-immunity\\\/#breadcrumb\"},\"inLanguage\":\"pt-PT\",\"potentialAction\":[{\"@type\":\"ReadAction\",\"target\":[\"https:\\\/\\\/masalacrua.pt\\\/product\\\/tincture-immunity\\\/\"]}]},{\"@type\":\"ImageObject\",\"inLanguage\":\"pt-PT\",\"@id\":\"https:\\\/\\\/masalacrua.pt\\\/product\\\/tincture-immunity\\\/#primaryimage\",\"url\":\"https:\\\/\\\/masalacrua.pt\\\/wp-content\\\/uploads\\\/2024\\\/07\\\/img_0501.jpeg\",\"contentUrl\":\"https:\\\/\\\/masalacrua.pt\\\/wp-content\\\/uploads\\\/2024\\\/07\\\/img_0501.jpeg\",\"width\":1000,\"height\":750,\"caption\":\"Processed with VSCO with a9 preset\"},{\"@type\":\"BreadcrumbList\",\"@id\":\"https:\\\/\\\/masalacrua.pt\\\/product\\\/tincture-immunity\\\/#breadcrumb\",\"itemListElement\":[{\"@type\":\"ListItem\",\"position\":1,\"name\":\"Home\",\"item\":\"https:\\\/\\\/masalacrua.pt\\\/\"},{\"@type\":\"ListItem\",\"position\":2,\"name\":\"SHOP\",\"item\":\"https:\\\/\\\/masalacrua.pt\\\/shop\\\/\"},{\"@type\":\"ListItem\",\"position\":3,\"name\":\"tincture | immunity\"}]},{\"@type\":\"WebSite\",\"@id\":\"https:\\\/\\\/masalacrua.pt\\\/#website\",\"url\":\"https:\\\/\\\/masalacrua.pt\\\/\",\"name\":\"masalaCRUA\",\"description\":\"natural creations\",\"publisher\":{\"@id\":\"https:\\\/\\\/masalacrua.pt\\\/#organization\"},\"potentialAction\":[{\"@type\":\"SearchAction\",\"target\":{\"@type\":\"EntryPoint\",\"urlTemplate\":\"https:\\\/\\\/masalacrua.pt\\\/?s={search_term_string}\"},\"query-input\":{\"@type\":\"PropertyValueSpecification\",\"valueRequired\":true,\"valueName\":\"search_term_string\"}}],\"inLanguage\":\"pt-PT\"},{\"@type\":\"Organization\",\"@id\":\"https:\\\/\\\/masalacrua.pt\\\/#organization\",\"name\":\"masalaCRUA\",\"url\":\"https:\\\/\\\/masalacrua.pt\\\/\",\"logo\":{\"@type\":\"ImageObject\",\"inLanguage\":\"pt-PT\",\"@id\":\"https:\\\/\\\/masalacrua.pt\\\/#\\\/schema\\\/logo\\\/image\\\/\",\"url\":\"https:\\\/\\\/masalacrua.pt\\\/wp-content\\\/uploads\\\/2021\\\/11\\\/LOGO-finalLOGO-EXPAND-5pt-copy.png\",\"contentUrl\":\"https:\\\/\\\/masalacrua.pt\\\/wp-content\\\/uploads\\\/2021\\\/11\\\/LOGO-finalLOGO-EXPAND-5pt-copy.png\",\"width\":767,\"height\":766,\"caption\":\"masalaCRUA\"},\"image\":{\"@id\":\"https:\\\/\\\/masalacrua.pt\\\/#\\\/schema\\\/logo\\\/image\\\/\"},\"sameAs\":[\"https:\\\/\\\/www.facebook.com\\\/masalaCRUA\",\"https:\\\/\\\/www.instagram.com\\\/masala.crua\\\/\"]}]}<\/script>\n<!-- \/ Yoast SEO plugin. -->","yoast_head_json":{"title":"Immunity Tincture","description":"Alcoholic herbal extract to support\u00a0the immune system. With elder flower and berries, nettles, pine needles and buds, rosehip and echinacea.","robots":{"index":"index","follow":"follow","max-snippet":"max-snippet:-1","max-image-preview":"max-image-preview:large","max-video-preview":"max-video-preview:-1"},"canonical":"https:\/\/masalacrua.pt\/pt\/produto\/tincture-immunity\/","og_locale":"pt_PT","og_type":"article","og_title":"Immunity Tincture","og_description":"Alcoholic herbal extract to support\u00a0the immune system. With elder flower and berries, nettles, pine needles and buds, rosehip and echinacea.","og_url":"https:\/\/masalacrua.pt\/pt\/produto\/tincture-immunity\/","og_site_name":"masalaCRUA","article_publisher":"https:\/\/www.facebook.com\/masalaCRUA","article_modified_time":"2026-03-18T14:57:08+00:00","og_image":[{"width":1000,"height":750,"url":"https:\/\/masalacrua.pt\/wp-content\/uploads\/2024\/07\/img_0501.jpeg","type":"image\/jpeg"}],"twitter_card":"summary_large_image","twitter_misc":{"Tempo estimado de leitura":"3 minutos"},"schema":{"@context":"https:\/\/schema.org","@graph":[{"@type":"WebPage","@id":"https:\/\/masalacrua.pt\/product\/tincture-immunity\/","url":"https:\/\/masalacrua.pt\/product\/tincture-immunity\/","name":"Immunity Tincture","isPartOf":{"@id":"https:\/\/masalacrua.pt\/#website"},"primaryImageOfPage":{"@id":"https:\/\/masalacrua.pt\/product\/tincture-immunity\/#primaryimage"},"image":{"@id":"https:\/\/masalacrua.pt\/product\/tincture-immunity\/#primaryimage"},"thumbnailUrl":"https:\/\/masalacrua.pt\/wp-content\/uploads\/2024\/07\/img_0501.jpeg","datePublished":"2024-07-28T00:19:13+00:00","dateModified":"2026-03-18T14:57:08+00:00","description":"Alcoholic herbal extract to support\u00a0the immune system. With elder flower and berries, nettles, pine needles and buds, rosehip and echinacea.","breadcrumb":{"@id":"https:\/\/masalacrua.pt\/product\/tincture-immunity\/#breadcrumb"},"inLanguage":"pt-PT","potentialAction":[{"@type":"ReadAction","target":["https:\/\/masalacrua.pt\/product\/tincture-immunity\/"]}]},{"@type":"ImageObject","inLanguage":"pt-PT","@id":"https:\/\/masalacrua.pt\/product\/tincture-immunity\/#primaryimage","url":"https:\/\/masalacrua.pt\/wp-content\/uploads\/2024\/07\/img_0501.jpeg","contentUrl":"https:\/\/masalacrua.pt\/wp-content\/uploads\/2024\/07\/img_0501.jpeg","width":1000,"height":750,"caption":"Processed with VSCO with a9 preset"},{"@type":"BreadcrumbList","@id":"https:\/\/masalacrua.pt\/product\/tincture-immunity\/#breadcrumb","itemListElement":[{"@type":"ListItem","position":1,"name":"Home","item":"https:\/\/masalacrua.pt\/"},{"@type":"ListItem","position":2,"name":"SHOP","item":"https:\/\/masalacrua.pt\/shop\/"},{"@type":"ListItem","position":3,"name":"tincture | immunity"}]},{"@type":"WebSite","@id":"https:\/\/masalacrua.pt\/#website","url":"https:\/\/masalacrua.pt\/","name":"masalaCRUA","description":"natural creations","publisher":{"@id":"https:\/\/masalacrua.pt\/#organization"},"potentialAction":[{"@type":"SearchAction","target":{"@type":"EntryPoint","urlTemplate":"https:\/\/masalacrua.pt\/?s={search_term_string}"},"query-input":{"@type":"PropertyValueSpecification","valueRequired":true,"valueName":"search_term_string"}}],"inLanguage":"pt-PT"},{"@type":"Organization","@id":"https:\/\/masalacrua.pt\/#organization","name":"masalaCRUA","url":"https:\/\/masalacrua.pt\/","logo":{"@type":"ImageObject","inLanguage":"pt-PT","@id":"https:\/\/masalacrua.pt\/#\/schema\/logo\/image\/","url":"https:\/\/masalacrua.pt\/wp-content\/uploads\/2021\/11\/LOGO-finalLOGO-EXPAND-5pt-copy.png","contentUrl":"https:\/\/masalacrua.pt\/wp-content\/uploads\/2021\/11\/LOGO-finalLOGO-EXPAND-5pt-copy.png","width":767,"height":766,"caption":"masalaCRUA"},"image":{"@id":"https:\/\/masalacrua.pt\/#\/schema\/logo\/image\/"},"sameAs":["https:\/\/www.facebook.com\/masalaCRUA","https:\/\/www.instagram.com\/masala.crua\/"]}]}},"jetpack_sharing_enabled":true,"_links":{"self":[{"href":"https:\/\/masalacrua.pt\/pt\/wp-json\/wp\/v2\/product\/2068","targetHints":{"allow":["GET"]}}],"collection":[{"href":"https:\/\/masalacrua.pt\/pt\/wp-json\/wp\/v2\/product"}],"about":[{"href":"https:\/\/masalacrua.pt\/pt\/wp-json\/wp\/v2\/types\/product"}],"replies":[{"embeddable":true,"href":"https:\/\/masalacrua.pt\/pt\/wp-json\/wp\/v2\/comments?post=2068"}],"wp:featuredmedia":[{"embeddable":true,"href":"https:\/\/masalacrua.pt\/pt\/wp-json\/wp\/v2\/media\/2631"}],"wp:attachment":[{"href":"https:\/\/masalacrua.pt\/pt\/wp-json\/wp\/v2\/media?parent=2068"}],"wp:term":[{"taxonomy":"product_brand","embeddable":true,"href":"https:\/\/masalacrua.pt\/pt\/wp-json\/wp\/v2\/product_brand?post=2068"},{"taxonomy":"product_cat","embeddable":true,"href":"https:\/\/masalacrua.pt\/pt\/wp-json\/wp\/v2\/product_cat?post=2068"},{"taxonomy":"product_tag","embeddable":true,"href":"https:\/\/masalacrua.pt\/pt\/wp-json\/wp\/v2\/product_tag?post=2068"}],"curies":[{"name":"wp","href":"https:\/\/api.w.org\/{rel}","templated":true}]}}