{"id":2069,"date":"2024-07-28T01:23:24","date_gmt":"2024-07-28T00:23:24","guid":{"rendered":"https:\/\/masalacrua.pt\/?post_type=product&#038;p=2069"},"modified":"2026-03-18T21:26:36","modified_gmt":"2026-03-18T21:26:36","slug":"tincture-flu","status":"publish","type":"product","link":"https:\/\/masalacrua.pt\/pt\/produto\/tincture-flu\/","title":{"rendered":"tintura | gripe"},"content":{"rendered":"<h3><strong>HERBAL TINCTURE FOR <\/strong><strong>FLU AND COUGH <\/strong><\/h3>\n<p data-start=\"75\" data-end=\"485\">Formulated with a mix of healing herbs this tincture eases coughs and throat irritation, aids the body in regaining health more efficiently during colds and flu and enhancing the body\u2019s immune response. For better results should be taken at the first signs of illness.<\/p>\n<p>Echinacea is a traditional herbal remedy often used to help with flu and colds due to its potential immune-boosting and <strong>antiviral properties.<\/strong> It contains compounds such as polysaccharides, alkamides, and caffeic acid derivatives that may stimulate the immune system by enhancing white blood cell activity and promoting cytokine production, which <strong>helps the body fight infections<\/strong>. Additionally, echinacea has mild anti-inflammatory effects that can help ease flu symptoms like sore throat, fever, and body aches.<\/p>\n<p>Oregano and thyme are two herbs commonly used to r<strong>elieve coughs and support respiratory health<\/strong>. Both contain compounds with antimicrobial, anti-inflammatory, and expectorant properties that help the body fight respiratory infections and ease symptoms.<\/p>\n<p>Oregano is rich in carvacrol and thymol, which can help <strong>reduce bacterial and viral activit<\/strong>y in the respiratory tract while also soothing irritation in the throat and airways. Thyme contains thymol and flavonoids, which act as <strong>natural antispasmodics,<\/strong> relaxing the muscles of the airways, and as mild expectorants, helping to loosen mucus and make coughing more productive. Together, these herbs may help reduce the severity and frequency of coughs, relieve congestion, and calm inflammation in the respiratory passages.<\/p>\n<p>Combine com o nosso <a href=\"https:\/\/masalacrua.pt\/pt\/produto\/tincture-propolis\/\" target=\"_blank\" rel=\"noopener\">propolis extract<\/a> e <a href=\"https:\/\/masalacrua.pt\/pt\/produto\/tiger-balm-mint-eucalyptus\/\" target=\"_blank\" rel=\"noopener\">b\u00e1lsamo de tigre<\/a> for a complete recovery pack.<\/p>\n<p>&nbsp;<\/p>\n<p>Learn more about the benefits of echinacea in <a href=\"https:\/\/pubmed.ncbi.nlm.nih.gov\/26265958\/\" target=\"_blank\" rel=\"noopener\">this study<\/a> where they concluded that &#8220;Echinaforce Hotdrink is as effective as oseltamivir in the early treatment of clinically diagnosed and virologically confirmed influenza virus infections with a reduced risk of complications and adverse events&#8221;.<\/p>\n<p>&nbsp;<\/p>\n<h3><strong>INGREDIENTES<\/strong><\/h3>\n<p>aguardente (food grade alcohol)* echinaceae purpureae (echinacea), origanum vulgare* (oregano), thymus vulgaris (thyme), glycyrrhiza glabra (liquorice), achillea millefolium (yarrow), curcuma longa (turmeric), zingiber officinale (ginger).<\/p>\n<p>*de origem local<\/p>\n<p>&nbsp;<\/p>\n<ul>\n<li>Echinacea, when taken at the first signs of illness, may help reduce the duration of viral infections and supports the immune system in responding to seasonal challenges.<\/li>\n<li>Oregano and thyme help relieve coughing, and have natural antimicrobial properties.<\/li>\n<li>Licorice soothes the throat and eases irritation, while yarrow supports overall immune function.<\/li>\n<li>Turmeric and ginger provide antioxidant and anti-inflammatory support.<\/li>\n<\/ul>\n<p>&nbsp;<\/p>\n<p class=\"translation-block\">\u00a0<br>\n<strong>Vegan e cruelty-free.<\/strong>\u00a0<br>\n<strong>100% biodegrad\u00e1vel.<\/strong>\u00a0<br>\n<strong>Sem conservantes.<\/strong>\u00a0<br>\n<strong>Sem qu\u00edmicos t\u00f3xicos.<\/strong><\/p>\n<p>&nbsp;<\/p>\n<h3><strong>COMO USAR<\/strong><\/h3>\n<p>Take 1 pipette, 3x per day, directly under the tongue or diluted in water or tea.<\/p>\n<p>For better results start at the first sign of illness.<\/p>\n<p>It\u2019s important to take the tincture in smaller, consistent doses that allow the body to respond more effectively than a single large dose. Traditional herbal remedies work best when taken regularly, as their effects are gentler and more gradual than conventional medicines.<\/p>\n<p>&nbsp;<\/p>\n<h3><strong>O QUE \u00c9 UMA TINTURA<\/strong><\/h3>\n<p>As tinturas s\u00e3o extratos de ervas concentrados feitos a partir de plantas e utilizados como rem\u00e9dios herbais tradicionais. S\u00e3o normalmente tomadas por via oral para apoiar v\u00e1rias quest\u00f5es de sa\u00fade ou utilizadas preventivamente para promover o bem-estar geral. As tinturas de ervas oferecem v\u00e1rias vantagens como forma de prepara\u00e7\u00e3o medicinal.<\/p>\n<p class=\"translation-block\">As tinturas t\u00eam um <strong>longo prazo de validade<\/strong> porque o \u00e1lcool atua como um conservante natural, permitindo que durem anos sem perder a efic\u00e1cia. O \u00e1lcool tamb\u00e9m tem a capacidade \u00fanica de extrair certos compostos ben\u00e9ficos que a \u00e1gua ou o \u00f3leo sozinhos n\u00e3o conseguem, tornando as tinturas <strong>mais potentes e completas.<\/strong><\/p>\n<p class=\"translation-block\">As tinturas de ervas s\u00e3o <strong>altamente concentradas,<\/strong> pelo que mesmo uma pequena quantidade fornece uma dose forte dos constituintes ben\u00e9ficos da planta. A sua forma l\u00edquida permite que o corpo absorva os compostos ativos das plantas mais rapidamente do que ch\u00e1s ou c\u00e1psulas, proporcionando efeitos mais r\u00e1pidos. Al\u00e9m disso, as tinturas permitem uma dosagem precisa e podem ser tomadas diretamente, dilu\u00eddas em \u00e1gua fria ou morna, ou adicionadas a alimentos e bebidas, tornando-as uma op\u00e7\u00e3o vers\u00e1til e conveniente para o uso de ervas.<\/p>\n<p>&nbsp;<\/p>\n<p>O processo de fabrico de uma tintura \u00e9 simples mas \u00fanico. Durante 40 dias, as ervas s\u00e3o infundidas em \u00e1lcool de grau alimentar e agitadas diariamente para extrair totalmente os seus compostos ativos. Ap\u00f3s este per\u00edodo, as plantas s\u00e3o removidas e a tintura est\u00e1 pronta a ser utilizada.<\/p>\n<p>Sabia que, na alquimia antiga, os herbalistas acreditavam que destilar plantas com \u00e1lcool capturava a ess\u00eancia ou as qualidades mais vitais da planta? Chamavam a este l\u00edquido destilado o \u201cesp\u00edrito\u201d da planta, e \u00e9 por isso que a maioria das bebidas alco\u00f3licas s\u00e3o conhecidas como \"spirits\" (espirituosas).<\/p>\n<p>&nbsp;<\/p>\n<h3><strong>PRECAU\u00c7\u00d5ES<\/strong><\/h3>\n<p>As tinturas s\u00e3o \u00e0 base de \u00e1lcool e podem n\u00e3o ser adequadas para mulheres gr\u00e1vidas ou a amamentar, crian\u00e7as ou qualquer pessoa que esteja a tomar medica\u00e7\u00e3o. As indica\u00e7\u00f5es dadas s\u00e3o meras sugest\u00f5es. Por favor, consulte um profissional de sa\u00fade qualificado antes de utilizar produtos \u00e0 base de ervas.<\/p>\n<p>*Este produto n\u00e3o se destina a diagnosticar, tratar, curar ou prevenir qualquer doen\u00e7a. Apenas para fins educacionais*<\/p>","protected":false},"excerpt":{"rendered":"<p>Alcoholic herbal extract designed to support the recovery of common cold, flu or cough, helping to soothe the throat, support the immune system and promote a quicker recovery.<\/p>","protected":false},"featured_media":2630,"comment_status":"open","ping_status":"closed","template":"","meta":{"_acf_changed":false,"_et_pb_use_builder":"","_et_pb_old_content":"","_et_gb_content_width":""},"product_brand":[],"product_cat":[239],"product_tag":[306,301,307],"class_list":{"0":"post-2069","1":"product","2":"type-product","3":"status-publish","4":"has-post-thumbnail","6":"product_cat-herbal-extracts","7":"product_tag-flu","8":"product_tag-tincture","9":"product_tag-winter","10":"pa_ingredients-echinacea","11":"pa_ingredients-ginger-2","12":"pa_ingredients-liquorice","13":"pa_ingredients-oregano","14":"pa_ingredients-thyme","15":"pa_ingredients-turmeric","17":"first","18":"instock","19":"taxable","20":"shipping-taxable","21":"purchasable","22":"product-type-simple"},"acf":[],"yoast_head":"<!-- This site is optimized with the Yoast SEO plugin v27.4 - https:\/\/yoast.com\/product\/yoast-seo-wordpress\/ -->\n<title>Flu Tincture<\/title>\n<meta name=\"description\" content=\"Alcoholic herbal extract designed to support the recovery of common cold, flu or cough, helping to soothe the throat and promote a quicker recovery.\" \/>\n<meta name=\"robots\" content=\"index, follow, max-snippet:-1, max-image-preview:large, max-video-preview:-1\" \/>\n<link rel=\"canonical\" href=\"https:\/\/masalacrua.pt\/pt\/produto\/tincture-flu\/\" \/>\n<meta property=\"og:locale\" content=\"pt_PT\" \/>\n<meta property=\"og:type\" content=\"article\" \/>\n<meta property=\"og:title\" content=\"Flu Tincture\" \/>\n<meta property=\"og:description\" content=\"Alcoholic herbal extract designed to support the recovery of common cold, flu or cough, helping to soothe the throat and promote a quicker recovery.\" \/>\n<meta property=\"og:url\" content=\"https:\/\/masalacrua.pt\/pt\/produto\/tincture-flu\/\" \/>\n<meta property=\"og:site_name\" content=\"masalaCRUA\" \/>\n<meta property=\"article:publisher\" content=\"https:\/\/www.facebook.com\/masalaCRUA\" \/>\n<meta property=\"article:modified_time\" content=\"2026-03-18T21:26:36+00:00\" \/>\n<meta property=\"og:image\" content=\"https:\/\/masalacrua.pt\/wp-content\/uploads\/2024\/07\/img_0503.jpeg\" \/>\n\t<meta property=\"og:image:width\" content=\"1000\" \/>\n\t<meta property=\"og:image:height\" content=\"750\" \/>\n\t<meta property=\"og:image:type\" content=\"image\/jpeg\" \/>\n<meta name=\"twitter:card\" content=\"summary_large_image\" \/>\n<meta name=\"twitter:label1\" content=\"Tempo estimado de leitura\" \/>\n\t<meta name=\"twitter:data1\" content=\"4 minutos\" \/>\n<script type=\"application\/ld+json\" class=\"yoast-schema-graph\">{\"@context\":\"https:\\\/\\\/schema.org\",\"@graph\":[{\"@type\":\"WebPage\",\"@id\":\"https:\\\/\\\/masalacrua.pt\\\/product\\\/tincture-flu\\\/\",\"url\":\"https:\\\/\\\/masalacrua.pt\\\/product\\\/tincture-flu\\\/\",\"name\":\"Flu Tincture\",\"isPartOf\":{\"@id\":\"https:\\\/\\\/masalacrua.pt\\\/#website\"},\"primaryImageOfPage\":{\"@id\":\"https:\\\/\\\/masalacrua.pt\\\/product\\\/tincture-flu\\\/#primaryimage\"},\"image\":{\"@id\":\"https:\\\/\\\/masalacrua.pt\\\/product\\\/tincture-flu\\\/#primaryimage\"},\"thumbnailUrl\":\"https:\\\/\\\/masalacrua.pt\\\/wp-content\\\/uploads\\\/2024\\\/07\\\/img_0503.jpeg\",\"datePublished\":\"2024-07-28T00:23:24+00:00\",\"dateModified\":\"2026-03-18T21:26:36+00:00\",\"description\":\"Alcoholic herbal extract designed to support the recovery of common cold, flu or cough, helping to soothe the throat and promote a quicker recovery.\",\"breadcrumb\":{\"@id\":\"https:\\\/\\\/masalacrua.pt\\\/product\\\/tincture-flu\\\/#breadcrumb\"},\"inLanguage\":\"pt-PT\",\"potentialAction\":[{\"@type\":\"ReadAction\",\"target\":[\"https:\\\/\\\/masalacrua.pt\\\/product\\\/tincture-flu\\\/\"]}]},{\"@type\":\"ImageObject\",\"inLanguage\":\"pt-PT\",\"@id\":\"https:\\\/\\\/masalacrua.pt\\\/product\\\/tincture-flu\\\/#primaryimage\",\"url\":\"https:\\\/\\\/masalacrua.pt\\\/wp-content\\\/uploads\\\/2024\\\/07\\\/img_0503.jpeg\",\"contentUrl\":\"https:\\\/\\\/masalacrua.pt\\\/wp-content\\\/uploads\\\/2024\\\/07\\\/img_0503.jpeg\",\"width\":1000,\"height\":750,\"caption\":\"Processed with VSCO with a9 preset\"},{\"@type\":\"BreadcrumbList\",\"@id\":\"https:\\\/\\\/masalacrua.pt\\\/product\\\/tincture-flu\\\/#breadcrumb\",\"itemListElement\":[{\"@type\":\"ListItem\",\"position\":1,\"name\":\"Home\",\"item\":\"https:\\\/\\\/masalacrua.pt\\\/\"},{\"@type\":\"ListItem\",\"position\":2,\"name\":\"SHOP\",\"item\":\"https:\\\/\\\/masalacrua.pt\\\/shop\\\/\"},{\"@type\":\"ListItem\",\"position\":3,\"name\":\"tincture | flu\"}]},{\"@type\":\"WebSite\",\"@id\":\"https:\\\/\\\/masalacrua.pt\\\/#website\",\"url\":\"https:\\\/\\\/masalacrua.pt\\\/\",\"name\":\"masalaCRUA\",\"description\":\"natural creations\",\"publisher\":{\"@id\":\"https:\\\/\\\/masalacrua.pt\\\/#organization\"},\"potentialAction\":[{\"@type\":\"SearchAction\",\"target\":{\"@type\":\"EntryPoint\",\"urlTemplate\":\"https:\\\/\\\/masalacrua.pt\\\/?s={search_term_string}\"},\"query-input\":{\"@type\":\"PropertyValueSpecification\",\"valueRequired\":true,\"valueName\":\"search_term_string\"}}],\"inLanguage\":\"pt-PT\"},{\"@type\":\"Organization\",\"@id\":\"https:\\\/\\\/masalacrua.pt\\\/#organization\",\"name\":\"masalaCRUA\",\"url\":\"https:\\\/\\\/masalacrua.pt\\\/\",\"logo\":{\"@type\":\"ImageObject\",\"inLanguage\":\"pt-PT\",\"@id\":\"https:\\\/\\\/masalacrua.pt\\\/#\\\/schema\\\/logo\\\/image\\\/\",\"url\":\"https:\\\/\\\/masalacrua.pt\\\/wp-content\\\/uploads\\\/2021\\\/11\\\/LOGO-finalLOGO-EXPAND-5pt-copy.png\",\"contentUrl\":\"https:\\\/\\\/masalacrua.pt\\\/wp-content\\\/uploads\\\/2021\\\/11\\\/LOGO-finalLOGO-EXPAND-5pt-copy.png\",\"width\":767,\"height\":766,\"caption\":\"masalaCRUA\"},\"image\":{\"@id\":\"https:\\\/\\\/masalacrua.pt\\\/#\\\/schema\\\/logo\\\/image\\\/\"},\"sameAs\":[\"https:\\\/\\\/www.facebook.com\\\/masalaCRUA\",\"https:\\\/\\\/www.instagram.com\\\/masala.crua\\\/\"]}]}<\/script>\n<!-- \/ Yoast SEO plugin. -->","yoast_head_json":{"title":"Flu Tincture","description":"Alcoholic herbal extract designed to support the recovery of common cold, flu or cough, helping to soothe the throat and promote a quicker recovery.","robots":{"index":"index","follow":"follow","max-snippet":"max-snippet:-1","max-image-preview":"max-image-preview:large","max-video-preview":"max-video-preview:-1"},"canonical":"https:\/\/masalacrua.pt\/pt\/produto\/tincture-flu\/","og_locale":"pt_PT","og_type":"article","og_title":"Flu Tincture","og_description":"Alcoholic herbal extract designed to support the recovery of common cold, flu or cough, helping to soothe the throat and promote a quicker recovery.","og_url":"https:\/\/masalacrua.pt\/pt\/produto\/tincture-flu\/","og_site_name":"masalaCRUA","article_publisher":"https:\/\/www.facebook.com\/masalaCRUA","article_modified_time":"2026-03-18T21:26:36+00:00","og_image":[{"width":1000,"height":750,"url":"https:\/\/masalacrua.pt\/wp-content\/uploads\/2024\/07\/img_0503.jpeg","type":"image\/jpeg"}],"twitter_card":"summary_large_image","twitter_misc":{"Tempo estimado de leitura":"4 minutos"},"schema":{"@context":"https:\/\/schema.org","@graph":[{"@type":"WebPage","@id":"https:\/\/masalacrua.pt\/product\/tincture-flu\/","url":"https:\/\/masalacrua.pt\/product\/tincture-flu\/","name":"Flu Tincture","isPartOf":{"@id":"https:\/\/masalacrua.pt\/#website"},"primaryImageOfPage":{"@id":"https:\/\/masalacrua.pt\/product\/tincture-flu\/#primaryimage"},"image":{"@id":"https:\/\/masalacrua.pt\/product\/tincture-flu\/#primaryimage"},"thumbnailUrl":"https:\/\/masalacrua.pt\/wp-content\/uploads\/2024\/07\/img_0503.jpeg","datePublished":"2024-07-28T00:23:24+00:00","dateModified":"2026-03-18T21:26:36+00:00","description":"Alcoholic herbal extract designed to support the recovery of common cold, flu or cough, helping to soothe the throat and promote a quicker recovery.","breadcrumb":{"@id":"https:\/\/masalacrua.pt\/product\/tincture-flu\/#breadcrumb"},"inLanguage":"pt-PT","potentialAction":[{"@type":"ReadAction","target":["https:\/\/masalacrua.pt\/product\/tincture-flu\/"]}]},{"@type":"ImageObject","inLanguage":"pt-PT","@id":"https:\/\/masalacrua.pt\/product\/tincture-flu\/#primaryimage","url":"https:\/\/masalacrua.pt\/wp-content\/uploads\/2024\/07\/img_0503.jpeg","contentUrl":"https:\/\/masalacrua.pt\/wp-content\/uploads\/2024\/07\/img_0503.jpeg","width":1000,"height":750,"caption":"Processed with VSCO with a9 preset"},{"@type":"BreadcrumbList","@id":"https:\/\/masalacrua.pt\/product\/tincture-flu\/#breadcrumb","itemListElement":[{"@type":"ListItem","position":1,"name":"Home","item":"https:\/\/masalacrua.pt\/"},{"@type":"ListItem","position":2,"name":"SHOP","item":"https:\/\/masalacrua.pt\/shop\/"},{"@type":"ListItem","position":3,"name":"tincture | flu"}]},{"@type":"WebSite","@id":"https:\/\/masalacrua.pt\/#website","url":"https:\/\/masalacrua.pt\/","name":"masalaCRUA","description":"natural creations","publisher":{"@id":"https:\/\/masalacrua.pt\/#organization"},"potentialAction":[{"@type":"SearchAction","target":{"@type":"EntryPoint","urlTemplate":"https:\/\/masalacrua.pt\/?s={search_term_string}"},"query-input":{"@type":"PropertyValueSpecification","valueRequired":true,"valueName":"search_term_string"}}],"inLanguage":"pt-PT"},{"@type":"Organization","@id":"https:\/\/masalacrua.pt\/#organization","name":"masalaCRUA","url":"https:\/\/masalacrua.pt\/","logo":{"@type":"ImageObject","inLanguage":"pt-PT","@id":"https:\/\/masalacrua.pt\/#\/schema\/logo\/image\/","url":"https:\/\/masalacrua.pt\/wp-content\/uploads\/2021\/11\/LOGO-finalLOGO-EXPAND-5pt-copy.png","contentUrl":"https:\/\/masalacrua.pt\/wp-content\/uploads\/2021\/11\/LOGO-finalLOGO-EXPAND-5pt-copy.png","width":767,"height":766,"caption":"masalaCRUA"},"image":{"@id":"https:\/\/masalacrua.pt\/#\/schema\/logo\/image\/"},"sameAs":["https:\/\/www.facebook.com\/masalaCRUA","https:\/\/www.instagram.com\/masala.crua\/"]}]}},"jetpack_sharing_enabled":true,"_links":{"self":[{"href":"https:\/\/masalacrua.pt\/pt\/wp-json\/wp\/v2\/product\/2069","targetHints":{"allow":["GET"]}}],"collection":[{"href":"https:\/\/masalacrua.pt\/pt\/wp-json\/wp\/v2\/product"}],"about":[{"href":"https:\/\/masalacrua.pt\/pt\/wp-json\/wp\/v2\/types\/product"}],"replies":[{"embeddable":true,"href":"https:\/\/masalacrua.pt\/pt\/wp-json\/wp\/v2\/comments?post=2069"}],"wp:featuredmedia":[{"embeddable":true,"href":"https:\/\/masalacrua.pt\/pt\/wp-json\/wp\/v2\/media\/2630"}],"wp:attachment":[{"href":"https:\/\/masalacrua.pt\/pt\/wp-json\/wp\/v2\/media?parent=2069"}],"wp:term":[{"taxonomy":"product_brand","embeddable":true,"href":"https:\/\/masalacrua.pt\/pt\/wp-json\/wp\/v2\/product_brand?post=2069"},{"taxonomy":"product_cat","embeddable":true,"href":"https:\/\/masalacrua.pt\/pt\/wp-json\/wp\/v2\/product_cat?post=2069"},{"taxonomy":"product_tag","embeddable":true,"href":"https:\/\/masalacrua.pt\/pt\/wp-json\/wp\/v2\/product_tag?post=2069"}],"curies":[{"name":"wp","href":"https:\/\/api.w.org\/{rel}","templated":true}]}}