{"id":2095,"date":"2024-07-28T20:41:50","date_gmt":"2024-07-28T19:41:50","guid":{"rendered":"https:\/\/masalacrua.pt\/?post_type=product&#038;p=2095"},"modified":"2026-03-17T20:58:57","modified_gmt":"2026-03-17T20:58:57","slug":"lipbalm-mint-orange","status":"publish","type":"product","link":"https:\/\/masalacrua.pt\/pt\/produto\/lipbalm-mint-orange\/","title":{"rendered":"b\u00e1lsamo labial  | menta e laranja"},"content":{"rendered":"<h3><strong>INGREDIENTES<\/strong><\/h3>\n<p>manteiga de karit\u00e9 n\u00e3o refinada**, cera de abelha*, \u00f3leo de am\u00eandoas doces prensado a frio**, manteiga de cacau**, \u00f3leo de r\u00edcino prensado a frio, vitamina E natural, \u00f3leos essenciais de hortel\u00e3-pimenta e laranja doce<\/p>\n<p>*de origem local e org\u00e2nica<br \/>\n**de produ\u00e7\u00e3o org\u00e2nica<\/p>\n<p>&nbsp;<\/p>\n<p><strong>Ingredientes principais:<\/strong><\/p>\n<ul>\n<li data-start=\"80\" data-end=\"461\" class=\"translation-block\">Manteiga de Karit\u00e9: um ingrediente rico e profundamente nutritivo, conhecido pela sua capacidade de hidratar e recuperar l\u00e1bios secos e gretados. Repleta de \u00e1cidos gordos essenciais e vitaminas, <strong>ajuda a restaurar a barreira cut\u00e2nea<\/strong> enquanto melhora a suavidade e a elasticidade.<\/li>\n<li data-start=\"463\" data-end=\"822\" class=\"translation-block\">Manteiga de Cacau: naturalmente <strong>rica em antioxidantes<\/strong>, apoia a defesa da pele contra agressores externos como o vento e o frio. Tamb\u00e9m confere estrutura ao b\u00e1lsamo, garantindo uma textura firme enquanto proporciona uma hidrata\u00e7\u00e3o duradoura.<\/li>\n<li data-start=\"824\" data-end=\"1157\" class=\"translation-block\">\u00d3leo de R\u00edcino: um \u00f3leo denso e brilhante, valorizado pela sua capacidade de <strong>reter a humidade<\/strong> e manter os l\u00e1bios hidratados por mais tempo. Ajuda a condicionar e a suavizar l\u00e1bios \u00e1speros ou gretados, deixando-os com uma sensa\u00e7\u00e3o de flexibilidade e conforto.<\/li>\n<\/ul>\n<p>&nbsp;<\/p>\n<p class=\"translation-block\">N\u00e3o testado em animais.<br>\n100% biodegrad\u00e1vel.<br>\nSem fragr\u00e2ncias ou cores sint\u00e9ticas.<br>\nSem produtos qu\u00edmicos t\u00f3xicos.<\/p>","protected":false},"excerpt":{"rendered":"<p>Um b\u00e1lsamo labial reparador com infus\u00e3o de menta e laranja, concebido para nutrir e proteger.<\/p>\n<p>F\u00f3rmula extra-hidratante que combina manteiga de karit\u00e9, \u00f3leo de r\u00edcino e manteiga de cacau para ajudar a prevenir a secura e recuperar l\u00e1bios gretados, deixando-os macios e suaves.<\/p>","protected":false},"featured_media":2193,"comment_status":"open","ping_status":"closed","template":"","meta":{"_acf_changed":false,"_et_pb_use_builder":"","_et_pb_old_content":"","_et_gb_content_width":""},"product_brand":[],"product_cat":[151],"product_tag":[260,262,261],"class_list":{"0":"post-2095","1":"product","2":"type-product","3":"status-publish","4":"has-post-thumbnail","6":"product_cat-face-oral-care","7":"product_tag-lipbalm","8":"product_tag-repairing","9":"product_tag-shea-butter","10":"pa_ingredients-almond-oil","11":"pa_ingredients-castor-oil","12":"pa_ingredients-cocoa-butter","13":"pa_ingredients-orange","14":"pa_ingredients-peppermint","15":"pa_ingredients-shea-butter","17":"first","18":"outofstock","19":"taxable","20":"shipping-taxable","21":"purchasable","22":"product-type-simple"},"acf":[],"yoast_head":"<!-- This site is optimized with the Yoast SEO plugin v27.4 - https:\/\/yoast.com\/product\/yoast-seo-wordpress\/ -->\n<title>Mint and orange Lipbalm<\/title>\n<meta name=\"description\" content=\"Repairing Lipbalm with mint and orange.\u00a0Formula extra moisturizing with shea butter, castor oil and cocoa butter, specially made for chapped lips.\" \/>\n<meta name=\"robots\" content=\"index, follow, max-snippet:-1, max-image-preview:large, max-video-preview:-1\" \/>\n<link rel=\"canonical\" href=\"https:\/\/masalacrua.pt\/pt\/produto\/lipbalm-mint-orange\/\" \/>\n<meta property=\"og:locale\" content=\"pt_PT\" \/>\n<meta property=\"og:type\" content=\"article\" \/>\n<meta property=\"og:title\" content=\"Mint and orange Lipbalm\" \/>\n<meta property=\"og:description\" content=\"Repairing Lipbalm with mint and orange.\u00a0Formula extra moisturizing with shea butter, castor oil and cocoa butter, specially made for chapped lips.\" \/>\n<meta property=\"og:url\" content=\"https:\/\/masalacrua.pt\/pt\/produto\/lipbalm-mint-orange\/\" \/>\n<meta property=\"og:site_name\" content=\"masalaCRUA\" \/>\n<meta property=\"article:publisher\" content=\"https:\/\/www.facebook.com\/masalaCRUA\" \/>\n<meta property=\"article:modified_time\" content=\"2026-03-17T20:58:57+00:00\" \/>\n<meta property=\"og:image\" content=\"https:\/\/masalacrua.pt\/wp-content\/uploads\/2024\/07\/IMG_7231.jpeg\" \/>\n\t<meta property=\"og:image:width\" content=\"2200\" \/>\n\t<meta property=\"og:image:height\" content=\"1650\" \/>\n\t<meta property=\"og:image:type\" content=\"image\/jpeg\" \/>\n<meta name=\"twitter:card\" content=\"summary_large_image\" \/>\n<meta name=\"twitter:label1\" content=\"Tempo estimado de leitura\" \/>\n\t<meta name=\"twitter:data1\" content=\"1 minuto\" \/>\n<script type=\"application\/ld+json\" class=\"yoast-schema-graph\">{\"@context\":\"https:\\\/\\\/schema.org\",\"@graph\":[{\"@type\":\"WebPage\",\"@id\":\"https:\\\/\\\/masalacrua.pt\\\/product\\\/lipbalm-mint-orange\\\/\",\"url\":\"https:\\\/\\\/masalacrua.pt\\\/product\\\/lipbalm-mint-orange\\\/\",\"name\":\"Mint and orange Lipbalm\",\"isPartOf\":{\"@id\":\"https:\\\/\\\/masalacrua.pt\\\/#website\"},\"primaryImageOfPage\":{\"@id\":\"https:\\\/\\\/masalacrua.pt\\\/product\\\/lipbalm-mint-orange\\\/#primaryimage\"},\"image\":{\"@id\":\"https:\\\/\\\/masalacrua.pt\\\/product\\\/lipbalm-mint-orange\\\/#primaryimage\"},\"thumbnailUrl\":\"https:\\\/\\\/masalacrua.pt\\\/wp-content\\\/uploads\\\/2024\\\/07\\\/IMG_7231.jpeg\",\"datePublished\":\"2024-07-28T19:41:50+00:00\",\"dateModified\":\"2026-03-17T20:58:57+00:00\",\"description\":\"Repairing Lipbalm with mint and orange.\u00a0Formula extra moisturizing with shea butter, castor oil and cocoa butter, specially made for chapped lips.\",\"breadcrumb\":{\"@id\":\"https:\\\/\\\/masalacrua.pt\\\/product\\\/lipbalm-mint-orange\\\/#breadcrumb\"},\"inLanguage\":\"pt-PT\",\"potentialAction\":[{\"@type\":\"ReadAction\",\"target\":[\"https:\\\/\\\/masalacrua.pt\\\/product\\\/lipbalm-mint-orange\\\/\"]}]},{\"@type\":\"ImageObject\",\"inLanguage\":\"pt-PT\",\"@id\":\"https:\\\/\\\/masalacrua.pt\\\/product\\\/lipbalm-mint-orange\\\/#primaryimage\",\"url\":\"https:\\\/\\\/masalacrua.pt\\\/wp-content\\\/uploads\\\/2024\\\/07\\\/IMG_7231.jpeg\",\"contentUrl\":\"https:\\\/\\\/masalacrua.pt\\\/wp-content\\\/uploads\\\/2024\\\/07\\\/IMG_7231.jpeg\",\"width\":2200,\"height\":1650,\"caption\":\"Processed with VSCO with a9 preset\"},{\"@type\":\"BreadcrumbList\",\"@id\":\"https:\\\/\\\/masalacrua.pt\\\/product\\\/lipbalm-mint-orange\\\/#breadcrumb\",\"itemListElement\":[{\"@type\":\"ListItem\",\"position\":1,\"name\":\"Home\",\"item\":\"https:\\\/\\\/masalacrua.pt\\\/\"},{\"@type\":\"ListItem\",\"position\":2,\"name\":\"SHOP\",\"item\":\"https:\\\/\\\/masalacrua.pt\\\/shop\\\/\"},{\"@type\":\"ListItem\",\"position\":3,\"name\":\"lipbalm | mint and orange\"}]},{\"@type\":\"WebSite\",\"@id\":\"https:\\\/\\\/masalacrua.pt\\\/#website\",\"url\":\"https:\\\/\\\/masalacrua.pt\\\/\",\"name\":\"masalaCRUA\",\"description\":\"natural creations\",\"publisher\":{\"@id\":\"https:\\\/\\\/masalacrua.pt\\\/#organization\"},\"potentialAction\":[{\"@type\":\"SearchAction\",\"target\":{\"@type\":\"EntryPoint\",\"urlTemplate\":\"https:\\\/\\\/masalacrua.pt\\\/?s={search_term_string}\"},\"query-input\":{\"@type\":\"PropertyValueSpecification\",\"valueRequired\":true,\"valueName\":\"search_term_string\"}}],\"inLanguage\":\"pt-PT\"},{\"@type\":\"Organization\",\"@id\":\"https:\\\/\\\/masalacrua.pt\\\/#organization\",\"name\":\"masalaCRUA\",\"url\":\"https:\\\/\\\/masalacrua.pt\\\/\",\"logo\":{\"@type\":\"ImageObject\",\"inLanguage\":\"pt-PT\",\"@id\":\"https:\\\/\\\/masalacrua.pt\\\/#\\\/schema\\\/logo\\\/image\\\/\",\"url\":\"https:\\\/\\\/masalacrua.pt\\\/wp-content\\\/uploads\\\/2021\\\/11\\\/LOGO-finalLOGO-EXPAND-5pt-copy.png\",\"contentUrl\":\"https:\\\/\\\/masalacrua.pt\\\/wp-content\\\/uploads\\\/2021\\\/11\\\/LOGO-finalLOGO-EXPAND-5pt-copy.png\",\"width\":767,\"height\":766,\"caption\":\"masalaCRUA\"},\"image\":{\"@id\":\"https:\\\/\\\/masalacrua.pt\\\/#\\\/schema\\\/logo\\\/image\\\/\"},\"sameAs\":[\"https:\\\/\\\/www.facebook.com\\\/masalaCRUA\",\"https:\\\/\\\/www.instagram.com\\\/masala.crua\\\/\"]}]}<\/script>\n<!-- \/ Yoast SEO plugin. -->","yoast_head_json":{"title":"Mint and orange Lipbalm","description":"Repairing Lipbalm with mint and orange.\u00a0Formula extra moisturizing with shea butter, castor oil and cocoa butter, specially made for chapped lips.","robots":{"index":"index","follow":"follow","max-snippet":"max-snippet:-1","max-image-preview":"max-image-preview:large","max-video-preview":"max-video-preview:-1"},"canonical":"https:\/\/masalacrua.pt\/pt\/produto\/lipbalm-mint-orange\/","og_locale":"pt_PT","og_type":"article","og_title":"Mint and orange Lipbalm","og_description":"Repairing Lipbalm with mint and orange.\u00a0Formula extra moisturizing with shea butter, castor oil and cocoa butter, specially made for chapped lips.","og_url":"https:\/\/masalacrua.pt\/pt\/produto\/lipbalm-mint-orange\/","og_site_name":"masalaCRUA","article_publisher":"https:\/\/www.facebook.com\/masalaCRUA","article_modified_time":"2026-03-17T20:58:57+00:00","og_image":[{"width":2200,"height":1650,"url":"https:\/\/masalacrua.pt\/wp-content\/uploads\/2024\/07\/IMG_7231.jpeg","type":"image\/jpeg"}],"twitter_card":"summary_large_image","twitter_misc":{"Tempo estimado de leitura":"1 minuto"},"schema":{"@context":"https:\/\/schema.org","@graph":[{"@type":"WebPage","@id":"https:\/\/masalacrua.pt\/product\/lipbalm-mint-orange\/","url":"https:\/\/masalacrua.pt\/product\/lipbalm-mint-orange\/","name":"Mint and orange Lipbalm","isPartOf":{"@id":"https:\/\/masalacrua.pt\/#website"},"primaryImageOfPage":{"@id":"https:\/\/masalacrua.pt\/product\/lipbalm-mint-orange\/#primaryimage"},"image":{"@id":"https:\/\/masalacrua.pt\/product\/lipbalm-mint-orange\/#primaryimage"},"thumbnailUrl":"https:\/\/masalacrua.pt\/wp-content\/uploads\/2024\/07\/IMG_7231.jpeg","datePublished":"2024-07-28T19:41:50+00:00","dateModified":"2026-03-17T20:58:57+00:00","description":"Repairing Lipbalm with mint and orange.\u00a0Formula extra moisturizing with shea butter, castor oil and cocoa butter, specially made for chapped lips.","breadcrumb":{"@id":"https:\/\/masalacrua.pt\/product\/lipbalm-mint-orange\/#breadcrumb"},"inLanguage":"pt-PT","potentialAction":[{"@type":"ReadAction","target":["https:\/\/masalacrua.pt\/product\/lipbalm-mint-orange\/"]}]},{"@type":"ImageObject","inLanguage":"pt-PT","@id":"https:\/\/masalacrua.pt\/product\/lipbalm-mint-orange\/#primaryimage","url":"https:\/\/masalacrua.pt\/wp-content\/uploads\/2024\/07\/IMG_7231.jpeg","contentUrl":"https:\/\/masalacrua.pt\/wp-content\/uploads\/2024\/07\/IMG_7231.jpeg","width":2200,"height":1650,"caption":"Processed with VSCO with a9 preset"},{"@type":"BreadcrumbList","@id":"https:\/\/masalacrua.pt\/product\/lipbalm-mint-orange\/#breadcrumb","itemListElement":[{"@type":"ListItem","position":1,"name":"Home","item":"https:\/\/masalacrua.pt\/"},{"@type":"ListItem","position":2,"name":"SHOP","item":"https:\/\/masalacrua.pt\/shop\/"},{"@type":"ListItem","position":3,"name":"lipbalm | mint and orange"}]},{"@type":"WebSite","@id":"https:\/\/masalacrua.pt\/#website","url":"https:\/\/masalacrua.pt\/","name":"masalaCRUA","description":"natural creations","publisher":{"@id":"https:\/\/masalacrua.pt\/#organization"},"potentialAction":[{"@type":"SearchAction","target":{"@type":"EntryPoint","urlTemplate":"https:\/\/masalacrua.pt\/?s={search_term_string}"},"query-input":{"@type":"PropertyValueSpecification","valueRequired":true,"valueName":"search_term_string"}}],"inLanguage":"pt-PT"},{"@type":"Organization","@id":"https:\/\/masalacrua.pt\/#organization","name":"masalaCRUA","url":"https:\/\/masalacrua.pt\/","logo":{"@type":"ImageObject","inLanguage":"pt-PT","@id":"https:\/\/masalacrua.pt\/#\/schema\/logo\/image\/","url":"https:\/\/masalacrua.pt\/wp-content\/uploads\/2021\/11\/LOGO-finalLOGO-EXPAND-5pt-copy.png","contentUrl":"https:\/\/masalacrua.pt\/wp-content\/uploads\/2021\/11\/LOGO-finalLOGO-EXPAND-5pt-copy.png","width":767,"height":766,"caption":"masalaCRUA"},"image":{"@id":"https:\/\/masalacrua.pt\/#\/schema\/logo\/image\/"},"sameAs":["https:\/\/www.facebook.com\/masalaCRUA","https:\/\/www.instagram.com\/masala.crua\/"]}]}},"jetpack_sharing_enabled":true,"_links":{"self":[{"href":"https:\/\/masalacrua.pt\/pt\/wp-json\/wp\/v2\/product\/2095","targetHints":{"allow":["GET"]}}],"collection":[{"href":"https:\/\/masalacrua.pt\/pt\/wp-json\/wp\/v2\/product"}],"about":[{"href":"https:\/\/masalacrua.pt\/pt\/wp-json\/wp\/v2\/types\/product"}],"replies":[{"embeddable":true,"href":"https:\/\/masalacrua.pt\/pt\/wp-json\/wp\/v2\/comments?post=2095"}],"wp:featuredmedia":[{"embeddable":true,"href":"https:\/\/masalacrua.pt\/pt\/wp-json\/wp\/v2\/media\/2193"}],"wp:attachment":[{"href":"https:\/\/masalacrua.pt\/pt\/wp-json\/wp\/v2\/media?parent=2095"}],"wp:term":[{"taxonomy":"product_brand","embeddable":true,"href":"https:\/\/masalacrua.pt\/pt\/wp-json\/wp\/v2\/product_brand?post=2095"},{"taxonomy":"product_cat","embeddable":true,"href":"https:\/\/masalacrua.pt\/pt\/wp-json\/wp\/v2\/product_cat?post=2095"},{"taxonomy":"product_tag","embeddable":true,"href":"https:\/\/masalacrua.pt\/pt\/wp-json\/wp\/v2\/product_tag?post=2095"}],"curies":[{"name":"wp","href":"https:\/\/api.w.org\/{rel}","templated":true}]}}