{"id":2096,"date":"2024-07-28T20:50:14","date_gmt":"2024-07-28T19:50:14","guid":{"rendered":"https:\/\/masalacrua.pt\/?post_type=product&#038;p=2096"},"modified":"2026-03-25T11:13:54","modified_gmt":"2026-03-25T11:13:54","slug":"lipbalm-sage-lavender","status":"publish","type":"product","link":"https:\/\/masalacrua.pt\/pt\/produto\/lipbalm-sage-lavender\/","title":{"rendered":"b\u00e1lsamo labial | s\u00e1lvia e lavanda"},"content":{"rendered":"<h3><strong>INGREDIENTES<\/strong><\/h3>\n<p>Manteiga de butyrospermum parkii (karit\u00e9), \u00f3leo de prunus amygdalus dulcis (am\u00eandoas), cera alba (cera de abelha)**, manteiga de theobroma cacao (cacau), \u00f3leo de ricinus communis (r\u00edcino), tocopherol (vitamina E), \u00f3leo de lavandula angustifolia (lavanda), \u00f3leo de salvia officinalis (salva).<\/p>\n<p>*org\u00e2nico de origem local **de produ\u00e7\u00e3o org\u00e2nica<\/p>\n<p>&nbsp;<\/p>\n<p><strong>Ingredientes principais:<\/strong><\/p>\n<ul>\n<li data-start=\"80\" data-end=\"461\" class=\"translation-block\">Manteiga de Karit\u00e9: um ingrediente rico e profundamente nutritivo, conhecido pela sua capacidade de hidratar e recuperar l\u00e1bios secos e gretados. Repleta de \u00e1cidos gordos essenciais e vitaminas, <strong>ajuda a restaurar a barreira cut\u00e2nea<\/strong> enquanto melhora a suavidade e a elasticidade.<\/li>\n<li data-start=\"463\" data-end=\"822\" class=\"translation-block\">Manteiga de Cacau: naturalmente <strong>rica em antioxidantes<\/strong>, apoia a defesa da pele contra agressores externos como o vento e o frio. Tamb\u00e9m confere estrutura ao b\u00e1lsamo, garantindo uma textura firme enquanto proporciona uma hidrata\u00e7\u00e3o duradoura.<\/li>\n<li data-start=\"824\" data-end=\"1157\" class=\"translation-block\">\u00d3leo de R\u00edcino: um \u00f3leo denso e brilhante, valorizado pela sua capacidade de <strong>reter a humidade<\/strong> e manter os l\u00e1bios hidratados por mais tempo. Ajuda a condicionar e a suavizar l\u00e1bios \u00e1speros ou gretados, deixando-os com uma sensa\u00e7\u00e3o de flexibilidade e conforto.<\/li>\n<\/ul>\n<p>&nbsp;<\/p>\n<p class=\"translation-block\">Saiba mais sobre a manteiga de karit\u00e9 <a href=\"https:\/\/pubmed.ncbi.nlm.nih.gov\/39528438\/\" target=\"_self\">neste artigo.<\/a><\/p>\n<p>&nbsp;<\/p>\n<p class=\"translation-block\">N\u00e3o testado em animais.<br>\n100% biodegrad\u00e1vel.<br>\nSem fragr\u00e2ncias ou cores sint\u00e9ticas.<br>\nSem produtos qu\u00edmicos t\u00f3xicos.<\/p>\n<p>&nbsp;<\/p>\n<p class=\"translation-block\">Descubra a nossa cole\u00e7\u00e3o de lavanda com o <a href=\"https:\/\/masalacrua.pt\/pt\/produto\/soap-lavender\/\" target=\"_blank\" rel=\"noopener\">sabonete de alfazema<\/a>, <a href=\"https:\/\/masalacrua.pt\/pt\/produto\/natural-perfume-lavender\/\" target=\"_blank\" rel=\"noopener\">perfume<\/a> e <a href=\"https:\/\/masalacrua.pt\/pt\/produto\/deodorant-lavender\/\" target=\"_blank\" rel=\"noopener\">desodorizante<\/a>.<\/p>\n<\/div>","protected":false},"excerpt":{"rendered":"<p>Um B\u00e1lsamo labial reparador com infus\u00e3o de salva e lavanda, concebido para nutrir e proteger.<\/p>\n<p>F\u00f3rmula extra-hidratante que combina manteiga de karit\u00e9, \u00f3leo de r\u00edcino e manteiga de cacau para ajudar a prevenir a secura e recuperar l\u00e1bios gretados, deixando-os macios e suaves.<\/p>","protected":false},"featured_media":2194,"comment_status":"open","ping_status":"closed","template":"","meta":{"_acf_changed":false,"_et_pb_use_builder":"","_et_pb_old_content":"","_et_gb_content_width":""},"product_brand":[],"product_cat":[151],"product_tag":[260],"class_list":{"0":"post-2096","1":"product","2":"type-product","3":"status-publish","4":"has-post-thumbnail","6":"product_cat-face-oral-care","7":"product_tag-lipbalm","8":"pa_ingredients-almond-oil","9":"pa_ingredients-castor-oil","10":"pa_ingredients-cocoa-butter","11":"pa_ingredients-lavender","12":"pa_ingredients-sage-essential-oil","13":"pa_ingredients-shea-butter","15":"first","16":"instock","17":"taxable","18":"shipping-taxable","19":"purchasable","20":"product-type-simple"},"acf":[],"yoast_head":"<!-- This site is optimized with the Yoast SEO plugin v27.4 - https:\/\/yoast.com\/product\/yoast-seo-wordpress\/ -->\n<title>Sage and Lavender Lipbalm<\/title>\n<meta name=\"description\" content=\"Repairing Lipbalm with sage and lavender.\u00a0Formula extra moisturizing with shea butter, castor oil and cocoa butter, specially made for chapped lips.\" \/>\n<meta name=\"robots\" content=\"index, follow, max-snippet:-1, max-image-preview:large, max-video-preview:-1\" \/>\n<link rel=\"canonical\" href=\"https:\/\/masalacrua.pt\/pt\/produto\/lipbalm-sage-lavender\/\" \/>\n<meta property=\"og:locale\" content=\"pt_PT\" \/>\n<meta property=\"og:type\" content=\"article\" \/>\n<meta property=\"og:title\" content=\"Sage and Lavender Lipbalm\" \/>\n<meta property=\"og:description\" content=\"Repairing Lipbalm with sage and lavender.\u00a0Formula extra moisturizing with shea butter, castor oil and cocoa butter, specially made for chapped lips.\" \/>\n<meta property=\"og:url\" content=\"https:\/\/masalacrua.pt\/pt\/produto\/lipbalm-sage-lavender\/\" \/>\n<meta property=\"og:site_name\" content=\"masalaCRUA\" \/>\n<meta property=\"article:publisher\" content=\"https:\/\/www.facebook.com\/masalaCRUA\" \/>\n<meta property=\"article:modified_time\" content=\"2026-03-25T11:13:54+00:00\" \/>\n<meta property=\"og:image\" content=\"https:\/\/masalacrua.pt\/wp-content\/uploads\/2024\/07\/IMG_7232.jpeg\" \/>\n\t<meta property=\"og:image:width\" content=\"2200\" \/>\n\t<meta property=\"og:image:height\" content=\"1650\" \/>\n\t<meta property=\"og:image:type\" content=\"image\/jpeg\" \/>\n<meta name=\"twitter:card\" content=\"summary_large_image\" \/>\n<meta name=\"twitter:label1\" content=\"Tempo estimado de leitura\" \/>\n\t<meta name=\"twitter:data1\" content=\"1 minuto\" \/>\n<script type=\"application\/ld+json\" class=\"yoast-schema-graph\">{\"@context\":\"https:\\\/\\\/schema.org\",\"@graph\":[{\"@type\":\"WebPage\",\"@id\":\"https:\\\/\\\/masalacrua.pt\\\/product\\\/lipbalm-sage-lavender\\\/\",\"url\":\"https:\\\/\\\/masalacrua.pt\\\/product\\\/lipbalm-sage-lavender\\\/\",\"name\":\"Sage and Lavender Lipbalm\",\"isPartOf\":{\"@id\":\"https:\\\/\\\/masalacrua.pt\\\/#website\"},\"primaryImageOfPage\":{\"@id\":\"https:\\\/\\\/masalacrua.pt\\\/product\\\/lipbalm-sage-lavender\\\/#primaryimage\"},\"image\":{\"@id\":\"https:\\\/\\\/masalacrua.pt\\\/product\\\/lipbalm-sage-lavender\\\/#primaryimage\"},\"thumbnailUrl\":\"https:\\\/\\\/masalacrua.pt\\\/wp-content\\\/uploads\\\/2024\\\/07\\\/IMG_7232.jpeg\",\"datePublished\":\"2024-07-28T19:50:14+00:00\",\"dateModified\":\"2026-03-25T11:13:54+00:00\",\"description\":\"Repairing Lipbalm with sage and lavender.\u00a0Formula extra moisturizing with shea butter, castor oil and cocoa butter, specially made for chapped lips.\",\"breadcrumb\":{\"@id\":\"https:\\\/\\\/masalacrua.pt\\\/product\\\/lipbalm-sage-lavender\\\/#breadcrumb\"},\"inLanguage\":\"pt-PT\",\"potentialAction\":[{\"@type\":\"ReadAction\",\"target\":[\"https:\\\/\\\/masalacrua.pt\\\/product\\\/lipbalm-sage-lavender\\\/\"]}]},{\"@type\":\"ImageObject\",\"inLanguage\":\"pt-PT\",\"@id\":\"https:\\\/\\\/masalacrua.pt\\\/product\\\/lipbalm-sage-lavender\\\/#primaryimage\",\"url\":\"https:\\\/\\\/masalacrua.pt\\\/wp-content\\\/uploads\\\/2024\\\/07\\\/IMG_7232.jpeg\",\"contentUrl\":\"https:\\\/\\\/masalacrua.pt\\\/wp-content\\\/uploads\\\/2024\\\/07\\\/IMG_7232.jpeg\",\"width\":2200,\"height\":1650,\"caption\":\"Processed with VSCO with a9 preset\"},{\"@type\":\"BreadcrumbList\",\"@id\":\"https:\\\/\\\/masalacrua.pt\\\/product\\\/lipbalm-sage-lavender\\\/#breadcrumb\",\"itemListElement\":[{\"@type\":\"ListItem\",\"position\":1,\"name\":\"Home\",\"item\":\"https:\\\/\\\/masalacrua.pt\\\/\"},{\"@type\":\"ListItem\",\"position\":2,\"name\":\"SHOP\",\"item\":\"https:\\\/\\\/masalacrua.pt\\\/shop\\\/\"},{\"@type\":\"ListItem\",\"position\":3,\"name\":\"lipbalm | sage and lavender\"}]},{\"@type\":\"WebSite\",\"@id\":\"https:\\\/\\\/masalacrua.pt\\\/#website\",\"url\":\"https:\\\/\\\/masalacrua.pt\\\/\",\"name\":\"masalaCRUA\",\"description\":\"natural creations\",\"publisher\":{\"@id\":\"https:\\\/\\\/masalacrua.pt\\\/#organization\"},\"potentialAction\":[{\"@type\":\"SearchAction\",\"target\":{\"@type\":\"EntryPoint\",\"urlTemplate\":\"https:\\\/\\\/masalacrua.pt\\\/?s={search_term_string}\"},\"query-input\":{\"@type\":\"PropertyValueSpecification\",\"valueRequired\":true,\"valueName\":\"search_term_string\"}}],\"inLanguage\":\"pt-PT\"},{\"@type\":\"Organization\",\"@id\":\"https:\\\/\\\/masalacrua.pt\\\/#organization\",\"name\":\"masalaCRUA\",\"url\":\"https:\\\/\\\/masalacrua.pt\\\/\",\"logo\":{\"@type\":\"ImageObject\",\"inLanguage\":\"pt-PT\",\"@id\":\"https:\\\/\\\/masalacrua.pt\\\/#\\\/schema\\\/logo\\\/image\\\/\",\"url\":\"https:\\\/\\\/masalacrua.pt\\\/wp-content\\\/uploads\\\/2021\\\/11\\\/LOGO-finalLOGO-EXPAND-5pt-copy.png\",\"contentUrl\":\"https:\\\/\\\/masalacrua.pt\\\/wp-content\\\/uploads\\\/2021\\\/11\\\/LOGO-finalLOGO-EXPAND-5pt-copy.png\",\"width\":767,\"height\":766,\"caption\":\"masalaCRUA\"},\"image\":{\"@id\":\"https:\\\/\\\/masalacrua.pt\\\/#\\\/schema\\\/logo\\\/image\\\/\"},\"sameAs\":[\"https:\\\/\\\/www.facebook.com\\\/masalaCRUA\",\"https:\\\/\\\/www.instagram.com\\\/masala.crua\\\/\"]}]}<\/script>\n<!-- \/ Yoast SEO plugin. -->","yoast_head_json":{"title":"Sage and Lavender Lipbalm","description":"Repairing Lipbalm with sage and lavender.\u00a0Formula extra moisturizing with shea butter, castor oil and cocoa butter, specially made for chapped lips.","robots":{"index":"index","follow":"follow","max-snippet":"max-snippet:-1","max-image-preview":"max-image-preview:large","max-video-preview":"max-video-preview:-1"},"canonical":"https:\/\/masalacrua.pt\/pt\/produto\/lipbalm-sage-lavender\/","og_locale":"pt_PT","og_type":"article","og_title":"Sage and Lavender Lipbalm","og_description":"Repairing Lipbalm with sage and lavender.\u00a0Formula extra moisturizing with shea butter, castor oil and cocoa butter, specially made for chapped lips.","og_url":"https:\/\/masalacrua.pt\/pt\/produto\/lipbalm-sage-lavender\/","og_site_name":"masalaCRUA","article_publisher":"https:\/\/www.facebook.com\/masalaCRUA","article_modified_time":"2026-03-25T11:13:54+00:00","og_image":[{"width":2200,"height":1650,"url":"https:\/\/masalacrua.pt\/wp-content\/uploads\/2024\/07\/IMG_7232.jpeg","type":"image\/jpeg"}],"twitter_card":"summary_large_image","twitter_misc":{"Tempo estimado de leitura":"1 minuto"},"schema":{"@context":"https:\/\/schema.org","@graph":[{"@type":"WebPage","@id":"https:\/\/masalacrua.pt\/product\/lipbalm-sage-lavender\/","url":"https:\/\/masalacrua.pt\/product\/lipbalm-sage-lavender\/","name":"Sage and Lavender Lipbalm","isPartOf":{"@id":"https:\/\/masalacrua.pt\/#website"},"primaryImageOfPage":{"@id":"https:\/\/masalacrua.pt\/product\/lipbalm-sage-lavender\/#primaryimage"},"image":{"@id":"https:\/\/masalacrua.pt\/product\/lipbalm-sage-lavender\/#primaryimage"},"thumbnailUrl":"https:\/\/masalacrua.pt\/wp-content\/uploads\/2024\/07\/IMG_7232.jpeg","datePublished":"2024-07-28T19:50:14+00:00","dateModified":"2026-03-25T11:13:54+00:00","description":"Repairing Lipbalm with sage and lavender.\u00a0Formula extra moisturizing with shea butter, castor oil and cocoa butter, specially made for chapped lips.","breadcrumb":{"@id":"https:\/\/masalacrua.pt\/product\/lipbalm-sage-lavender\/#breadcrumb"},"inLanguage":"pt-PT","potentialAction":[{"@type":"ReadAction","target":["https:\/\/masalacrua.pt\/product\/lipbalm-sage-lavender\/"]}]},{"@type":"ImageObject","inLanguage":"pt-PT","@id":"https:\/\/masalacrua.pt\/product\/lipbalm-sage-lavender\/#primaryimage","url":"https:\/\/masalacrua.pt\/wp-content\/uploads\/2024\/07\/IMG_7232.jpeg","contentUrl":"https:\/\/masalacrua.pt\/wp-content\/uploads\/2024\/07\/IMG_7232.jpeg","width":2200,"height":1650,"caption":"Processed with VSCO with a9 preset"},{"@type":"BreadcrumbList","@id":"https:\/\/masalacrua.pt\/product\/lipbalm-sage-lavender\/#breadcrumb","itemListElement":[{"@type":"ListItem","position":1,"name":"Home","item":"https:\/\/masalacrua.pt\/"},{"@type":"ListItem","position":2,"name":"SHOP","item":"https:\/\/masalacrua.pt\/shop\/"},{"@type":"ListItem","position":3,"name":"lipbalm | sage and lavender"}]},{"@type":"WebSite","@id":"https:\/\/masalacrua.pt\/#website","url":"https:\/\/masalacrua.pt\/","name":"masalaCRUA","description":"natural creations","publisher":{"@id":"https:\/\/masalacrua.pt\/#organization"},"potentialAction":[{"@type":"SearchAction","target":{"@type":"EntryPoint","urlTemplate":"https:\/\/masalacrua.pt\/?s={search_term_string}"},"query-input":{"@type":"PropertyValueSpecification","valueRequired":true,"valueName":"search_term_string"}}],"inLanguage":"pt-PT"},{"@type":"Organization","@id":"https:\/\/masalacrua.pt\/#organization","name":"masalaCRUA","url":"https:\/\/masalacrua.pt\/","logo":{"@type":"ImageObject","inLanguage":"pt-PT","@id":"https:\/\/masalacrua.pt\/#\/schema\/logo\/image\/","url":"https:\/\/masalacrua.pt\/wp-content\/uploads\/2021\/11\/LOGO-finalLOGO-EXPAND-5pt-copy.png","contentUrl":"https:\/\/masalacrua.pt\/wp-content\/uploads\/2021\/11\/LOGO-finalLOGO-EXPAND-5pt-copy.png","width":767,"height":766,"caption":"masalaCRUA"},"image":{"@id":"https:\/\/masalacrua.pt\/#\/schema\/logo\/image\/"},"sameAs":["https:\/\/www.facebook.com\/masalaCRUA","https:\/\/www.instagram.com\/masala.crua\/"]}]}},"jetpack_sharing_enabled":true,"_links":{"self":[{"href":"https:\/\/masalacrua.pt\/pt\/wp-json\/wp\/v2\/product\/2096","targetHints":{"allow":["GET"]}}],"collection":[{"href":"https:\/\/masalacrua.pt\/pt\/wp-json\/wp\/v2\/product"}],"about":[{"href":"https:\/\/masalacrua.pt\/pt\/wp-json\/wp\/v2\/types\/product"}],"replies":[{"embeddable":true,"href":"https:\/\/masalacrua.pt\/pt\/wp-json\/wp\/v2\/comments?post=2096"}],"wp:featuredmedia":[{"embeddable":true,"href":"https:\/\/masalacrua.pt\/pt\/wp-json\/wp\/v2\/media\/2194"}],"wp:attachment":[{"href":"https:\/\/masalacrua.pt\/pt\/wp-json\/wp\/v2\/media?parent=2096"}],"wp:term":[{"taxonomy":"product_brand","embeddable":true,"href":"https:\/\/masalacrua.pt\/pt\/wp-json\/wp\/v2\/product_brand?post=2096"},{"taxonomy":"product_cat","embeddable":true,"href":"https:\/\/masalacrua.pt\/pt\/wp-json\/wp\/v2\/product_cat?post=2096"},{"taxonomy":"product_tag","embeddable":true,"href":"https:\/\/masalacrua.pt\/pt\/wp-json\/wp\/v2\/product_tag?post=2096"}],"curies":[{"name":"wp","href":"https:\/\/api.w.org\/{rel}","templated":true}]}}