{"id":2247,"date":"2024-10-30T19:26:23","date_gmt":"2024-10-30T19:26:23","guid":{"rendered":"https:\/\/masalacrua.pt\/?post_type=product&#038;p=2247"},"modified":"2026-03-16T14:56:10","modified_gmt":"2026-03-16T14:56:10","slug":"masala-giftbox-hair-care","status":"publish","type":"product","link":"https:\/\/masalacrua.pt\/pt\/produto\/masala-giftbox-hair-care\/","title":{"rendered":"masala giftbox | CUIDAR DO CABELO"},"content":{"rendered":"<h3 data-start=\"200\" data-end=\"343\"><strong data-start=\"200\" data-end=\"225\">A GIFTBOX CUIDAR DO CABELO<\/strong><\/h3>\n<p data-start=\"200\" data-end=\"343\">Inclui um shampoo, condicionador e s\u00e9rum capilar, cuidadosamente selecionados para criar um ritual completo de cuidar do cabelo.<\/p>\n<p data-start=\"345\" data-end=\"546\" class=\"translation-block\"><a href=\"https:\/\/masalacrua.pt\/pt\/produto\/shampoo-mix-hair-charcoal\/\" target=\"_blank\" rel=\"noopener\">Shampoo s\u00f3lido<\/a> para cabelos mistos, mini 25 g<br data-start=\"403\" data-end=\"406\">Uma limpeza suave e de base vegetal que remove impurezas, equilibra o couro cabeludo e deixa o cabelo macio, refrescado e naturalmente radiante.<\/p>\n<p data-start=\"548\" data-end=\"756\" class=\"translation-block\"><a href=\"https:\/\/masalacrua.pt\/pt\/produto\/conditioner-spirulina-lemon\/\" target=\"_blank\" rel=\"noopener\">Condicionador s\u00f3lido<\/a>, mini 20 g<br data-start=\"599\" data-end=\"602\">Um tratamento nutritivo da raiz \u00e0s pontas que hidrata, fortalece e suaviza os fios, deixando o cabelo macio, f\u00e1cil de pentear e com brilho natural.<\/p>\n<p data-start=\"758\" data-end=\"984\" class=\"translation-block\"><a href=\"https:\/\/masalacrua.pt\/pt\/produto\/hair-serum-for-dry-hair\/\" target=\"_blank\" rel=\"noopener\">S\u00e9rum capilar de ger\u00e2nio<\/a> para cabelo seco, 30 ml<br data-start=\"814\" data-end=\"817\">Um s\u00e9rum di\u00e1rio leve, enriquecido com \u00e1cidos gordos essenciais, que desembara\u00e7a, hidrata e fortalece o cabelo, deixando-o macio, saud\u00e1vel e luminoso.<\/p>\n<p>&nbsp;<\/p>\n<p>Pode escolher diferentes tipos de sabonete, shampoo e condicionador ao realizar a sua encomenda, mediante o stock dispon\u00edvel.<\/p>\n<p>&nbsp;<\/p>\n<p data-start=\"901\" data-end=\"1047\" class=\"translation-block\"><strong>Vegan e cruelty free<\/strong><br>\n<strong>100% biodegrad\u00e1vel<\/strong><br>\n<strong>Sem fragr\u00e2ncias ou corantes sint\u00e9ticos<\/strong><br>\n<strong>Sem sulfatos, parabenos ou conservantes t\u00f3xicos<\/strong><\/p>","protected":false},"excerpt":{"rendered":"<p class=\"translation-block\">Ofere\u00e7a ao seu cabelo o poder suave e nutritivo da natureza com o nosso conjunto cuidadosamente selecionado, que celebra o cuidado di\u00e1rio do cabelo como um momento de amor-pr\u00f3prio. Esta caixa elegantemente apresentada inclui tr\u00eas essenciais concebidos para atuar em harmonia: um <strong data-start=\"649\" data-end=\"666\">shampoo s\u00f3lido<\/strong>, um <strong data-start=\"670\" data-end=\"691\">condicionador s\u00f3lido<\/strong> e um <strong data-start=\"699\" data-end=\"713\">s\u00e9rum capilar<\/strong> \u2013 cada um elaborado com ingredientes naturais de origem vegetal e enriquecido com os benef\u00edcios tradicionais das plantas.<\/p>","protected":false},"featured_media":2248,"comment_status":"open","ping_status":"closed","template":"","meta":{"_acf_changed":false,"_et_pb_use_builder":"","_et_pb_old_content":"","_et_gb_content_width":""},"product_brand":[],"product_cat":[130,132],"product_tag":[275],"class_list":{"0":"post-2247","1":"product","2":"type-product","3":"status-publish","4":"has-post-thumbnail","6":"product_cat-accessories","7":"product_cat-hair-care","8":"product_tag-giftbox","10":"first","11":"instock","12":"taxable","13":"shipping-taxable","14":"purchasable","15":"product-type-simple"},"acf":[],"yoast_head":"<!-- This site is optimized with the Yoast SEO plugin v27.4 - https:\/\/yoast.com\/product\/yoast-seo-wordpress\/ -->\n<title>Hair Care Giftbox<\/title>\n<meta name=\"description\" content=\"The Hair Care Giftbox includes a solid shampoo, a solid conditioner, and a hair serum - each crafted with natural, plant\u2011based ingredients.\" \/>\n<meta name=\"robots\" content=\"index, follow, max-snippet:-1, max-image-preview:large, max-video-preview:-1\" \/>\n<link rel=\"canonical\" href=\"https:\/\/masalacrua.pt\/pt\/produto\/masala-giftbox-hair-care\/\" \/>\n<meta property=\"og:locale\" content=\"pt_PT\" \/>\n<meta property=\"og:type\" content=\"article\" \/>\n<meta property=\"og:title\" content=\"Hair Care Giftbox\" \/>\n<meta property=\"og:description\" content=\"The Hair Care Giftbox includes a solid shampoo, a solid conditioner, and a hair serum - each crafted with natural, plant\u2011based ingredients.\" \/>\n<meta property=\"og:url\" content=\"https:\/\/masalacrua.pt\/pt\/produto\/masala-giftbox-hair-care\/\" \/>\n<meta property=\"og:site_name\" content=\"masalaCRUA\" \/>\n<meta property=\"article:publisher\" content=\"https:\/\/www.facebook.com\/masalaCRUA\" \/>\n<meta property=\"article:modified_time\" content=\"2026-03-16T14:56:10+00:00\" \/>\n<meta property=\"og:image\" content=\"https:\/\/masalacrua.pt\/wp-content\/uploads\/2024\/10\/img_7222.jpeg\" \/>\n\t<meta property=\"og:image:width\" content=\"2200\" \/>\n\t<meta property=\"og:image:height\" content=\"1650\" \/>\n\t<meta property=\"og:image:type\" content=\"image\/jpeg\" \/>\n<meta name=\"twitter:card\" content=\"summary_large_image\" \/>\n<meta name=\"twitter:label1\" content=\"Tempo estimado de leitura\" \/>\n\t<meta name=\"twitter:data1\" content=\"1 minuto\" \/>\n<script type=\"application\/ld+json\" class=\"yoast-schema-graph\">{\"@context\":\"https:\\\/\\\/schema.org\",\"@graph\":[{\"@type\":\"WebPage\",\"@id\":\"https:\\\/\\\/masalacrua.pt\\\/product\\\/masala-giftbox-hair-care\\\/\",\"url\":\"https:\\\/\\\/masalacrua.pt\\\/product\\\/masala-giftbox-hair-care\\\/\",\"name\":\"Hair Care Giftbox\",\"isPartOf\":{\"@id\":\"https:\\\/\\\/masalacrua.pt\\\/#website\"},\"primaryImageOfPage\":{\"@id\":\"https:\\\/\\\/masalacrua.pt\\\/product\\\/masala-giftbox-hair-care\\\/#primaryimage\"},\"image\":{\"@id\":\"https:\\\/\\\/masalacrua.pt\\\/product\\\/masala-giftbox-hair-care\\\/#primaryimage\"},\"thumbnailUrl\":\"https:\\\/\\\/masalacrua.pt\\\/wp-content\\\/uploads\\\/2024\\\/10\\\/img_7222.jpeg\",\"datePublished\":\"2024-10-30T19:26:23+00:00\",\"dateModified\":\"2026-03-16T14:56:10+00:00\",\"description\":\"The Hair Care Giftbox includes a solid shampoo, a solid conditioner, and a hair serum - each crafted with natural, plant\u2011based ingredients.\",\"breadcrumb\":{\"@id\":\"https:\\\/\\\/masalacrua.pt\\\/product\\\/masala-giftbox-hair-care\\\/#breadcrumb\"},\"inLanguage\":\"pt-PT\",\"potentialAction\":[{\"@type\":\"ReadAction\",\"target\":[\"https:\\\/\\\/masalacrua.pt\\\/product\\\/masala-giftbox-hair-care\\\/\"]}]},{\"@type\":\"ImageObject\",\"inLanguage\":\"pt-PT\",\"@id\":\"https:\\\/\\\/masalacrua.pt\\\/product\\\/masala-giftbox-hair-care\\\/#primaryimage\",\"url\":\"https:\\\/\\\/masalacrua.pt\\\/wp-content\\\/uploads\\\/2024\\\/10\\\/img_7222.jpeg\",\"contentUrl\":\"https:\\\/\\\/masalacrua.pt\\\/wp-content\\\/uploads\\\/2024\\\/10\\\/img_7222.jpeg\",\"width\":2200,\"height\":1650,\"caption\":\"Processed with VSCO with a9 preset\"},{\"@type\":\"BreadcrumbList\",\"@id\":\"https:\\\/\\\/masalacrua.pt\\\/product\\\/masala-giftbox-hair-care\\\/#breadcrumb\",\"itemListElement\":[{\"@type\":\"ListItem\",\"position\":1,\"name\":\"Home\",\"item\":\"https:\\\/\\\/masalacrua.pt\\\/\"},{\"@type\":\"ListItem\",\"position\":2,\"name\":\"SHOP\",\"item\":\"https:\\\/\\\/masalacrua.pt\\\/shop\\\/\"},{\"@type\":\"ListItem\",\"position\":3,\"name\":\"masala giftbox | hair care\"}]},{\"@type\":\"WebSite\",\"@id\":\"https:\\\/\\\/masalacrua.pt\\\/#website\",\"url\":\"https:\\\/\\\/masalacrua.pt\\\/\",\"name\":\"masalaCRUA\",\"description\":\"natural creations\",\"publisher\":{\"@id\":\"https:\\\/\\\/masalacrua.pt\\\/#organization\"},\"potentialAction\":[{\"@type\":\"SearchAction\",\"target\":{\"@type\":\"EntryPoint\",\"urlTemplate\":\"https:\\\/\\\/masalacrua.pt\\\/?s={search_term_string}\"},\"query-input\":{\"@type\":\"PropertyValueSpecification\",\"valueRequired\":true,\"valueName\":\"search_term_string\"}}],\"inLanguage\":\"pt-PT\"},{\"@type\":\"Organization\",\"@id\":\"https:\\\/\\\/masalacrua.pt\\\/#organization\",\"name\":\"masalaCRUA\",\"url\":\"https:\\\/\\\/masalacrua.pt\\\/\",\"logo\":{\"@type\":\"ImageObject\",\"inLanguage\":\"pt-PT\",\"@id\":\"https:\\\/\\\/masalacrua.pt\\\/#\\\/schema\\\/logo\\\/image\\\/\",\"url\":\"https:\\\/\\\/masalacrua.pt\\\/wp-content\\\/uploads\\\/2021\\\/11\\\/LOGO-finalLOGO-EXPAND-5pt-copy.png\",\"contentUrl\":\"https:\\\/\\\/masalacrua.pt\\\/wp-content\\\/uploads\\\/2021\\\/11\\\/LOGO-finalLOGO-EXPAND-5pt-copy.png\",\"width\":767,\"height\":766,\"caption\":\"masalaCRUA\"},\"image\":{\"@id\":\"https:\\\/\\\/masalacrua.pt\\\/#\\\/schema\\\/logo\\\/image\\\/\"},\"sameAs\":[\"https:\\\/\\\/www.facebook.com\\\/masalaCRUA\",\"https:\\\/\\\/www.instagram.com\\\/masala.crua\\\/\"]}]}<\/script>\n<!-- \/ Yoast SEO plugin. -->","yoast_head_json":{"title":"Hair Care Giftbox","description":"The Hair Care Giftbox includes a solid shampoo, a solid conditioner, and a hair serum - each crafted with natural, plant\u2011based ingredients.","robots":{"index":"index","follow":"follow","max-snippet":"max-snippet:-1","max-image-preview":"max-image-preview:large","max-video-preview":"max-video-preview:-1"},"canonical":"https:\/\/masalacrua.pt\/pt\/produto\/masala-giftbox-hair-care\/","og_locale":"pt_PT","og_type":"article","og_title":"Hair Care Giftbox","og_description":"The Hair Care Giftbox includes a solid shampoo, a solid conditioner, and a hair serum - each crafted with natural, plant\u2011based ingredients.","og_url":"https:\/\/masalacrua.pt\/pt\/produto\/masala-giftbox-hair-care\/","og_site_name":"masalaCRUA","article_publisher":"https:\/\/www.facebook.com\/masalaCRUA","article_modified_time":"2026-03-16T14:56:10+00:00","og_image":[{"width":2200,"height":1650,"url":"https:\/\/masalacrua.pt\/wp-content\/uploads\/2024\/10\/img_7222.jpeg","type":"image\/jpeg"}],"twitter_card":"summary_large_image","twitter_misc":{"Tempo estimado de leitura":"1 minuto"},"schema":{"@context":"https:\/\/schema.org","@graph":[{"@type":"WebPage","@id":"https:\/\/masalacrua.pt\/product\/masala-giftbox-hair-care\/","url":"https:\/\/masalacrua.pt\/product\/masala-giftbox-hair-care\/","name":"Hair Care Giftbox","isPartOf":{"@id":"https:\/\/masalacrua.pt\/#website"},"primaryImageOfPage":{"@id":"https:\/\/masalacrua.pt\/product\/masala-giftbox-hair-care\/#primaryimage"},"image":{"@id":"https:\/\/masalacrua.pt\/product\/masala-giftbox-hair-care\/#primaryimage"},"thumbnailUrl":"https:\/\/masalacrua.pt\/wp-content\/uploads\/2024\/10\/img_7222.jpeg","datePublished":"2024-10-30T19:26:23+00:00","dateModified":"2026-03-16T14:56:10+00:00","description":"The Hair Care Giftbox includes a solid shampoo, a solid conditioner, and a hair serum - each crafted with natural, plant\u2011based ingredients.","breadcrumb":{"@id":"https:\/\/masalacrua.pt\/product\/masala-giftbox-hair-care\/#breadcrumb"},"inLanguage":"pt-PT","potentialAction":[{"@type":"ReadAction","target":["https:\/\/masalacrua.pt\/product\/masala-giftbox-hair-care\/"]}]},{"@type":"ImageObject","inLanguage":"pt-PT","@id":"https:\/\/masalacrua.pt\/product\/masala-giftbox-hair-care\/#primaryimage","url":"https:\/\/masalacrua.pt\/wp-content\/uploads\/2024\/10\/img_7222.jpeg","contentUrl":"https:\/\/masalacrua.pt\/wp-content\/uploads\/2024\/10\/img_7222.jpeg","width":2200,"height":1650,"caption":"Processed with VSCO with a9 preset"},{"@type":"BreadcrumbList","@id":"https:\/\/masalacrua.pt\/product\/masala-giftbox-hair-care\/#breadcrumb","itemListElement":[{"@type":"ListItem","position":1,"name":"Home","item":"https:\/\/masalacrua.pt\/"},{"@type":"ListItem","position":2,"name":"SHOP","item":"https:\/\/masalacrua.pt\/shop\/"},{"@type":"ListItem","position":3,"name":"masala giftbox | hair care"}]},{"@type":"WebSite","@id":"https:\/\/masalacrua.pt\/#website","url":"https:\/\/masalacrua.pt\/","name":"masalaCRUA","description":"natural creations","publisher":{"@id":"https:\/\/masalacrua.pt\/#organization"},"potentialAction":[{"@type":"SearchAction","target":{"@type":"EntryPoint","urlTemplate":"https:\/\/masalacrua.pt\/?s={search_term_string}"},"query-input":{"@type":"PropertyValueSpecification","valueRequired":true,"valueName":"search_term_string"}}],"inLanguage":"pt-PT"},{"@type":"Organization","@id":"https:\/\/masalacrua.pt\/#organization","name":"masalaCRUA","url":"https:\/\/masalacrua.pt\/","logo":{"@type":"ImageObject","inLanguage":"pt-PT","@id":"https:\/\/masalacrua.pt\/#\/schema\/logo\/image\/","url":"https:\/\/masalacrua.pt\/wp-content\/uploads\/2021\/11\/LOGO-finalLOGO-EXPAND-5pt-copy.png","contentUrl":"https:\/\/masalacrua.pt\/wp-content\/uploads\/2021\/11\/LOGO-finalLOGO-EXPAND-5pt-copy.png","width":767,"height":766,"caption":"masalaCRUA"},"image":{"@id":"https:\/\/masalacrua.pt\/#\/schema\/logo\/image\/"},"sameAs":["https:\/\/www.facebook.com\/masalaCRUA","https:\/\/www.instagram.com\/masala.crua\/"]}]}},"jetpack_sharing_enabled":true,"_links":{"self":[{"href":"https:\/\/masalacrua.pt\/pt\/wp-json\/wp\/v2\/product\/2247","targetHints":{"allow":["GET"]}}],"collection":[{"href":"https:\/\/masalacrua.pt\/pt\/wp-json\/wp\/v2\/product"}],"about":[{"href":"https:\/\/masalacrua.pt\/pt\/wp-json\/wp\/v2\/types\/product"}],"replies":[{"embeddable":true,"href":"https:\/\/masalacrua.pt\/pt\/wp-json\/wp\/v2\/comments?post=2247"}],"wp:featuredmedia":[{"embeddable":true,"href":"https:\/\/masalacrua.pt\/pt\/wp-json\/wp\/v2\/media\/2248"}],"wp:attachment":[{"href":"https:\/\/masalacrua.pt\/pt\/wp-json\/wp\/v2\/media?parent=2247"}],"wp:term":[{"taxonomy":"product_brand","embeddable":true,"href":"https:\/\/masalacrua.pt\/pt\/wp-json\/wp\/v2\/product_brand?post=2247"},{"taxonomy":"product_cat","embeddable":true,"href":"https:\/\/masalacrua.pt\/pt\/wp-json\/wp\/v2\/product_cat?post=2247"},{"taxonomy":"product_tag","embeddable":true,"href":"https:\/\/masalacrua.pt\/pt\/wp-json\/wp\/v2\/product_tag?post=2247"}],"curies":[{"name":"wp","href":"https:\/\/api.w.org\/{rel}","templated":true}]}}