{"id":2348,"date":"2025-01-29T14:15:51","date_gmt":"2025-01-29T14:15:51","guid":{"rendered":"https:\/\/masalacrua.pt\/?post_type=product&#038;p=2348"},"modified":"2026-03-18T13:46:53","modified_gmt":"2026-03-18T13:46:53","slug":"tincture-propolis","status":"publish","type":"product","link":"https:\/\/masalacrua.pt\/pt\/produto\/tincture-propolis\/","title":{"rendered":"tintura | propolis"},"content":{"rendered":"<h3><strong>PROPOLIS EXTRACT<\/strong><\/h3>\n<p>Propolis is a resinous substance that honeybees create by collecting resins, sap, and buds from trees and plants, then mixing with beeswax and enzymes. Bees use it to seal and protect their hives, filling gaps and preventing infections.<\/p>\n<p>Rich in bioactive compounds such as flavonoids, phenolic acids, and antioxidants, propolis has long been valued for its antimicrobial, anti-inflammatory, and immune-supporting properties.<\/p>\n<p>When used <strong>topically, it can help protect the skin from infections<\/strong> and support wound healing, while <strong>oral application may soothe the throat<\/strong> and support overall immunity.<\/p>\n<p>Its broad range of beneficial effects makes propolis extract a versatile natural remedy in both traditional and modern herbal practices.<\/p>\n<p>Combine com o nosso <a href=\"https:\/\/masalacrua.pt\/pt\/produto\/tincture-flu\/\" target=\"_blank\" rel=\"noopener\">flu tincture<\/a> e <a href=\"https:\/\/masalacrua.pt\/pt\/produto\/tiger-balm-mint-eucalyptus\/\" target=\"_blank\" rel=\"noopener\">b\u00e1lsamo de tigre<\/a> for a complete recovery pack.<\/p>\n<p>&nbsp;<\/p>\n<p>Learn more about propolis properties in <a href=\"https:\/\/pubmed.ncbi.nlm.nih.gov\/33091857\/\" target=\"_blank\" rel=\"noopener\">this study<\/a> where they concluded that. &#8220;Propolis oral spray can be used to improve both bacterial and viral uncomplicated URTI symptoms in a smaller number of days without the use of pharmacological treatment, leading to a prompt symptom resolution.&#8221;<\/p>\n<p>&nbsp;<\/p>\n<h3><strong>INGREDIENTES<\/strong><\/h3>\n<p>aguardente (food grade alcohol)* bee\u2019s propolis* (1:4).<\/p>\n<p>*de origem local<\/p>\n<p><strong>Cruelty free.<\/strong><br \/>\n<strong>100% biodegradable.<\/strong><br \/>\n<strong>No preservatives.<\/strong><br \/>\n<strong>No toxic chemicals.<\/strong><\/p>\n<p>&nbsp;<\/p>\n<h3><strong>COMO USAR<\/strong><\/h3>\n<p>Our propolis extract comes in a convenient spray bottle for easy application.<\/p>\n<p>Apply directly to the throat for soothing effects, or to small cuts and abrasions as a natural antiseptic.<\/p>\n<p>&nbsp;<\/p>\n<h3><strong>O QUE \u00c9 UMA TINTURA<\/strong><\/h3>\n<p>As tinturas s\u00e3o extratos de ervas concentrados feitos a partir de plantas e utilizados como rem\u00e9dios herbais tradicionais. S\u00e3o normalmente tomadas por via oral para apoiar v\u00e1rias quest\u00f5es de sa\u00fade ou utilizadas preventivamente para promover o bem-estar geral. As tinturas de ervas oferecem v\u00e1rias vantagens como forma de prepara\u00e7\u00e3o medicinal.<\/p>\n<p class=\"translation-block\">As tinturas t\u00eam um <strong>longo prazo de validade<\/strong> porque o \u00e1lcool atua como um conservante natural, permitindo que durem anos sem perder a efic\u00e1cia. O \u00e1lcool tamb\u00e9m tem a capacidade \u00fanica de extrair certos compostos ben\u00e9ficos que a \u00e1gua ou o \u00f3leo sozinhos n\u00e3o conseguem, tornando as tinturas <strong>mais potentes e completas.<\/strong><\/p>\n<p class=\"translation-block\">As tinturas de ervas s\u00e3o <strong>altamente concentradas,<\/strong> pelo que mesmo uma pequena quantidade fornece uma dose forte dos constituintes ben\u00e9ficos da planta. A sua forma l\u00edquida permite que o corpo absorva os compostos ativos das plantas mais rapidamente do que ch\u00e1s ou c\u00e1psulas, proporcionando efeitos mais r\u00e1pidos. Al\u00e9m disso, as tinturas permitem uma dosagem precisa e podem ser tomadas diretamente, dilu\u00eddas em \u00e1gua fria ou morna, ou adicionadas a alimentos e bebidas, tornando-as uma op\u00e7\u00e3o vers\u00e1til e conveniente para o uso de ervas.<\/p>\n<p>&nbsp;<\/p>\n<p>O processo de fabrico de uma tintura \u00e9 simples mas \u00fanico. Durante 40 dias, as ervas s\u00e3o infundidas em \u00e1lcool de grau alimentar e agitadas diariamente para extrair totalmente os seus compostos ativos. Ap\u00f3s este per\u00edodo, as plantas s\u00e3o removidas e a tintura est\u00e1 pronta a ser utilizada.<\/p>\n<p>Sabia que, na alquimia antiga, os herbalistas acreditavam que destilar plantas com \u00e1lcool capturava a ess\u00eancia ou as qualidades mais vitais da planta? Chamavam a este l\u00edquido destilado o \u201cesp\u00edrito\u201d da planta, e \u00e9 por isso que a maioria das bebidas alco\u00f3licas s\u00e3o conhecidas como \"spirits\" (espirituosas).<\/p>\n<p>&nbsp;<\/p>\n<h3><strong>PRECAU\u00c7\u00d5ES<\/strong><\/h3>\n<p>As tinturas s\u00e3o \u00e0 base de \u00e1lcool e podem n\u00e3o ser adequadas para mulheres gr\u00e1vidas ou a amamentar, crian\u00e7as ou qualquer pessoa que esteja a tomar medica\u00e7\u00e3o. As indica\u00e7\u00f5es dadas s\u00e3o meras sugest\u00f5es. Por favor, consulte um profissional de sa\u00fade qualificado antes de utilizar produtos \u00e0 base de ervas.<\/p>\n<p>*Este produto n\u00e3o se destina a diagnosticar, tratar, curar ou prevenir qualquer doen\u00e7a. Apenas para fins educacionais*<\/p>","protected":false},"excerpt":{"rendered":"<p>Alcoholic extract of bee propolis in a spray bottle.<\/p>\n<p>Soothes the throat, supports immunity and aids wound healing.<\/p>","protected":false},"featured_media":2352,"comment_status":"open","ping_status":"closed","template":"","meta":{"_acf_changed":false,"_et_pb_use_builder":"","_et_pb_old_content":"","_et_gb_content_width":""},"product_brand":[],"product_cat":[239],"product_tag":[366,365,367,301],"class_list":{"0":"post-2348","1":"product","2":"type-product","3":"status-publish","4":"has-post-thumbnail","6":"product_cat-herbal-extracts","7":"product_tag-anti-septic","8":"product_tag-propolis","9":"product_tag-throat-spray","10":"product_tag-tincture","11":"pa_ingredients-propolis","13":"first","14":"instock","15":"taxable","16":"shipping-taxable","17":"purchasable","18":"product-type-simple"},"acf":[],"yoast_head":"<!-- This site is optimized with the Yoast SEO plugin v27.4 - https:\/\/yoast.com\/product\/yoast-seo-wordpress\/ -->\n<title>Propolis Extract<\/title>\n<meta name=\"description\" content=\"Natural propolis extract, traditionally used to support everyday well being. A concentrated herbal extract from the beehive.\" \/>\n<meta name=\"robots\" content=\"index, follow, max-snippet:-1, max-image-preview:large, max-video-preview:-1\" \/>\n<link rel=\"canonical\" href=\"https:\/\/masalacrua.pt\/pt\/produto\/tincture-propolis\/\" \/>\n<meta property=\"og:locale\" content=\"pt_PT\" \/>\n<meta property=\"og:type\" content=\"article\" \/>\n<meta property=\"og:title\" content=\"Propolis Extract\" \/>\n<meta property=\"og:description\" content=\"Natural propolis extract, traditionally used to support everyday well being. A concentrated herbal extract from the beehive.\" \/>\n<meta property=\"og:url\" content=\"https:\/\/masalacrua.pt\/pt\/produto\/tincture-propolis\/\" \/>\n<meta property=\"og:site_name\" content=\"masalaCRUA\" \/>\n<meta property=\"article:publisher\" content=\"https:\/\/www.facebook.com\/masalaCRUA\" \/>\n<meta property=\"article:modified_time\" content=\"2026-03-18T13:46:53+00:00\" \/>\n<meta property=\"og:image\" content=\"https:\/\/masalacrua.pt\/wp-content\/uploads\/2024\/07\/img_8212-1.jpeg\" \/>\n\t<meta property=\"og:image:width\" content=\"1000\" \/>\n\t<meta property=\"og:image:height\" content=\"750\" \/>\n\t<meta property=\"og:image:type\" content=\"image\/jpeg\" \/>\n<meta name=\"twitter:card\" content=\"summary_large_image\" \/>\n<meta name=\"twitter:label1\" content=\"Tempo estimado de leitura\" \/>\n\t<meta name=\"twitter:data1\" content=\"3 minutos\" \/>\n<script type=\"application\/ld+json\" class=\"yoast-schema-graph\">{\"@context\":\"https:\\\/\\\/schema.org\",\"@graph\":[{\"@type\":\"WebPage\",\"@id\":\"https:\\\/\\\/masalacrua.pt\\\/product\\\/tincture-propolis\\\/\",\"url\":\"https:\\\/\\\/masalacrua.pt\\\/product\\\/tincture-propolis\\\/\",\"name\":\"Propolis Extract\",\"isPartOf\":{\"@id\":\"https:\\\/\\\/masalacrua.pt\\\/#website\"},\"primaryImageOfPage\":{\"@id\":\"https:\\\/\\\/masalacrua.pt\\\/product\\\/tincture-propolis\\\/#primaryimage\"},\"image\":{\"@id\":\"https:\\\/\\\/masalacrua.pt\\\/product\\\/tincture-propolis\\\/#primaryimage\"},\"thumbnailUrl\":\"https:\\\/\\\/masalacrua.pt\\\/wp-content\\\/uploads\\\/2024\\\/07\\\/img_8212-1.jpeg\",\"datePublished\":\"2025-01-29T14:15:51+00:00\",\"dateModified\":\"2026-03-18T13:46:53+00:00\",\"description\":\"Natural propolis extract, traditionally used to support everyday well being. A concentrated herbal extract from the beehive.\",\"breadcrumb\":{\"@id\":\"https:\\\/\\\/masalacrua.pt\\\/product\\\/tincture-propolis\\\/#breadcrumb\"},\"inLanguage\":\"pt-PT\",\"potentialAction\":[{\"@type\":\"ReadAction\",\"target\":[\"https:\\\/\\\/masalacrua.pt\\\/product\\\/tincture-propolis\\\/\"]}]},{\"@type\":\"ImageObject\",\"inLanguage\":\"pt-PT\",\"@id\":\"https:\\\/\\\/masalacrua.pt\\\/product\\\/tincture-propolis\\\/#primaryimage\",\"url\":\"https:\\\/\\\/masalacrua.pt\\\/wp-content\\\/uploads\\\/2024\\\/07\\\/img_8212-1.jpeg\",\"contentUrl\":\"https:\\\/\\\/masalacrua.pt\\\/wp-content\\\/uploads\\\/2024\\\/07\\\/img_8212-1.jpeg\",\"width\":1000,\"height\":750,\"caption\":\"Processed with VSCO with a9 preset\"},{\"@type\":\"BreadcrumbList\",\"@id\":\"https:\\\/\\\/masalacrua.pt\\\/product\\\/tincture-propolis\\\/#breadcrumb\",\"itemListElement\":[{\"@type\":\"ListItem\",\"position\":1,\"name\":\"Home\",\"item\":\"https:\\\/\\\/masalacrua.pt\\\/\"},{\"@type\":\"ListItem\",\"position\":2,\"name\":\"SHOP\",\"item\":\"https:\\\/\\\/masalacrua.pt\\\/shop\\\/\"},{\"@type\":\"ListItem\",\"position\":3,\"name\":\"tincture | propolis extract\"}]},{\"@type\":\"WebSite\",\"@id\":\"https:\\\/\\\/masalacrua.pt\\\/#website\",\"url\":\"https:\\\/\\\/masalacrua.pt\\\/\",\"name\":\"masalaCRUA\",\"description\":\"natural creations\",\"publisher\":{\"@id\":\"https:\\\/\\\/masalacrua.pt\\\/#organization\"},\"potentialAction\":[{\"@type\":\"SearchAction\",\"target\":{\"@type\":\"EntryPoint\",\"urlTemplate\":\"https:\\\/\\\/masalacrua.pt\\\/?s={search_term_string}\"},\"query-input\":{\"@type\":\"PropertyValueSpecification\",\"valueRequired\":true,\"valueName\":\"search_term_string\"}}],\"inLanguage\":\"pt-PT\"},{\"@type\":\"Organization\",\"@id\":\"https:\\\/\\\/masalacrua.pt\\\/#organization\",\"name\":\"masalaCRUA\",\"url\":\"https:\\\/\\\/masalacrua.pt\\\/\",\"logo\":{\"@type\":\"ImageObject\",\"inLanguage\":\"pt-PT\",\"@id\":\"https:\\\/\\\/masalacrua.pt\\\/#\\\/schema\\\/logo\\\/image\\\/\",\"url\":\"https:\\\/\\\/masalacrua.pt\\\/wp-content\\\/uploads\\\/2021\\\/11\\\/LOGO-finalLOGO-EXPAND-5pt-copy.png\",\"contentUrl\":\"https:\\\/\\\/masalacrua.pt\\\/wp-content\\\/uploads\\\/2021\\\/11\\\/LOGO-finalLOGO-EXPAND-5pt-copy.png\",\"width\":767,\"height\":766,\"caption\":\"masalaCRUA\"},\"image\":{\"@id\":\"https:\\\/\\\/masalacrua.pt\\\/#\\\/schema\\\/logo\\\/image\\\/\"},\"sameAs\":[\"https:\\\/\\\/www.facebook.com\\\/masalaCRUA\",\"https:\\\/\\\/www.instagram.com\\\/masala.crua\\\/\"]}]}<\/script>\n<!-- \/ Yoast SEO plugin. -->","yoast_head_json":{"title":"Propolis Extract","description":"Natural propolis extract, traditionally used to support everyday well being. A concentrated herbal extract from the beehive.","robots":{"index":"index","follow":"follow","max-snippet":"max-snippet:-1","max-image-preview":"max-image-preview:large","max-video-preview":"max-video-preview:-1"},"canonical":"https:\/\/masalacrua.pt\/pt\/produto\/tincture-propolis\/","og_locale":"pt_PT","og_type":"article","og_title":"Propolis Extract","og_description":"Natural propolis extract, traditionally used to support everyday well being. A concentrated herbal extract from the beehive.","og_url":"https:\/\/masalacrua.pt\/pt\/produto\/tincture-propolis\/","og_site_name":"masalaCRUA","article_publisher":"https:\/\/www.facebook.com\/masalaCRUA","article_modified_time":"2026-03-18T13:46:53+00:00","og_image":[{"width":1000,"height":750,"url":"https:\/\/masalacrua.pt\/wp-content\/uploads\/2024\/07\/img_8212-1.jpeg","type":"image\/jpeg"}],"twitter_card":"summary_large_image","twitter_misc":{"Tempo estimado de leitura":"3 minutos"},"schema":{"@context":"https:\/\/schema.org","@graph":[{"@type":"WebPage","@id":"https:\/\/masalacrua.pt\/product\/tincture-propolis\/","url":"https:\/\/masalacrua.pt\/product\/tincture-propolis\/","name":"Propolis Extract","isPartOf":{"@id":"https:\/\/masalacrua.pt\/#website"},"primaryImageOfPage":{"@id":"https:\/\/masalacrua.pt\/product\/tincture-propolis\/#primaryimage"},"image":{"@id":"https:\/\/masalacrua.pt\/product\/tincture-propolis\/#primaryimage"},"thumbnailUrl":"https:\/\/masalacrua.pt\/wp-content\/uploads\/2024\/07\/img_8212-1.jpeg","datePublished":"2025-01-29T14:15:51+00:00","dateModified":"2026-03-18T13:46:53+00:00","description":"Natural propolis extract, traditionally used to support everyday well being. A concentrated herbal extract from the beehive.","breadcrumb":{"@id":"https:\/\/masalacrua.pt\/product\/tincture-propolis\/#breadcrumb"},"inLanguage":"pt-PT","potentialAction":[{"@type":"ReadAction","target":["https:\/\/masalacrua.pt\/product\/tincture-propolis\/"]}]},{"@type":"ImageObject","inLanguage":"pt-PT","@id":"https:\/\/masalacrua.pt\/product\/tincture-propolis\/#primaryimage","url":"https:\/\/masalacrua.pt\/wp-content\/uploads\/2024\/07\/img_8212-1.jpeg","contentUrl":"https:\/\/masalacrua.pt\/wp-content\/uploads\/2024\/07\/img_8212-1.jpeg","width":1000,"height":750,"caption":"Processed with VSCO with a9 preset"},{"@type":"BreadcrumbList","@id":"https:\/\/masalacrua.pt\/product\/tincture-propolis\/#breadcrumb","itemListElement":[{"@type":"ListItem","position":1,"name":"Home","item":"https:\/\/masalacrua.pt\/"},{"@type":"ListItem","position":2,"name":"SHOP","item":"https:\/\/masalacrua.pt\/shop\/"},{"@type":"ListItem","position":3,"name":"tincture | propolis extract"}]},{"@type":"WebSite","@id":"https:\/\/masalacrua.pt\/#website","url":"https:\/\/masalacrua.pt\/","name":"masalaCRUA","description":"natural creations","publisher":{"@id":"https:\/\/masalacrua.pt\/#organization"},"potentialAction":[{"@type":"SearchAction","target":{"@type":"EntryPoint","urlTemplate":"https:\/\/masalacrua.pt\/?s={search_term_string}"},"query-input":{"@type":"PropertyValueSpecification","valueRequired":true,"valueName":"search_term_string"}}],"inLanguage":"pt-PT"},{"@type":"Organization","@id":"https:\/\/masalacrua.pt\/#organization","name":"masalaCRUA","url":"https:\/\/masalacrua.pt\/","logo":{"@type":"ImageObject","inLanguage":"pt-PT","@id":"https:\/\/masalacrua.pt\/#\/schema\/logo\/image\/","url":"https:\/\/masalacrua.pt\/wp-content\/uploads\/2021\/11\/LOGO-finalLOGO-EXPAND-5pt-copy.png","contentUrl":"https:\/\/masalacrua.pt\/wp-content\/uploads\/2021\/11\/LOGO-finalLOGO-EXPAND-5pt-copy.png","width":767,"height":766,"caption":"masalaCRUA"},"image":{"@id":"https:\/\/masalacrua.pt\/#\/schema\/logo\/image\/"},"sameAs":["https:\/\/www.facebook.com\/masalaCRUA","https:\/\/www.instagram.com\/masala.crua\/"]}]}},"jetpack_sharing_enabled":true,"_links":{"self":[{"href":"https:\/\/masalacrua.pt\/pt\/wp-json\/wp\/v2\/product\/2348","targetHints":{"allow":["GET"]}}],"collection":[{"href":"https:\/\/masalacrua.pt\/pt\/wp-json\/wp\/v2\/product"}],"about":[{"href":"https:\/\/masalacrua.pt\/pt\/wp-json\/wp\/v2\/types\/product"}],"replies":[{"embeddable":true,"href":"https:\/\/masalacrua.pt\/pt\/wp-json\/wp\/v2\/comments?post=2348"}],"wp:featuredmedia":[{"embeddable":true,"href":"https:\/\/masalacrua.pt\/pt\/wp-json\/wp\/v2\/media\/2352"}],"wp:attachment":[{"href":"https:\/\/masalacrua.pt\/pt\/wp-json\/wp\/v2\/media?parent=2348"}],"wp:term":[{"taxonomy":"product_brand","embeddable":true,"href":"https:\/\/masalacrua.pt\/pt\/wp-json\/wp\/v2\/product_brand?post=2348"},{"taxonomy":"product_cat","embeddable":true,"href":"https:\/\/masalacrua.pt\/pt\/wp-json\/wp\/v2\/product_cat?post=2348"},{"taxonomy":"product_tag","embeddable":true,"href":"https:\/\/masalacrua.pt\/pt\/wp-json\/wp\/v2\/product_tag?post=2348"}],"curies":[{"name":"wp","href":"https:\/\/api.w.org\/{rel}","templated":true}]}}