{"id":2353,"date":"2025-01-29T14:21:12","date_gmt":"2025-01-29T14:21:12","guid":{"rendered":"https:\/\/masalacrua.pt\/?post_type=product&#038;p=2353"},"modified":"2026-03-25T11:06:50","modified_gmt":"2026-03-25T11:06:50","slug":"honey-fire-cider","status":"publish","type":"product","link":"https:\/\/masalacrua.pt\/pt\/produto\/honey-fire-cider\/","title":{"rendered":"cidra de fogo e mel"},"content":{"rendered":"<h3><strong>cidra de fogo e mel<\/strong><\/h3>\n<p class=\"translation-block\">O Cidra de Fogo \u00e9 um t\u00f3nico herbal tradicional, feito atrav\u00e9s da infus\u00e3o de vinagre de sidra de ma\u00e7\u00e3 cru e mel com plantas e especiarias de natureza aquecedora e picante. \u00c9 comummente utilizado no herbalismo como um rem\u00e9dio sazonal para <strong>apoiar a imunidade, a digest\u00e3o e a energia vital,<\/strong> especialmente durante os meses mais frios.<\/p>\n<p class=\"translation-block\">Tamb\u00e9m \u00e9 altamente recomendado durante o <strong>per\u00edodo p\u00f3s-parto<\/strong>, ajudando a fortalecer o organismo e a apoiar a recupera\u00e7\u00e3o do corpo.<\/p>\n<p>O vinagre extrai minerais e compostos vegetais, enquanto os ingredientes picantes estimulam a saliva, o \u00e1cido estomacal e a circula\u00e7\u00e3o \u2013 apoiando o \u201cfogo digestivo\u201d do corpo. Isto \u00e9 especialmente importante durante o outono e o inverno, quando a nossa digest\u00e3o e vitalidade diminuem.<\/p>\n<p class=\"translation-block\">O Cidra de Fogo tornou-se amplamente conhecido atrav\u00e9s das tradi\u00e7\u00f5es herbais populares da Am\u00e9rica do Norte e foi popularizado no final do s\u00e9culo XX pela herbalista Rosemary Gladstar, embora existam prepara\u00e7\u00f5es herbais semelhantes \u00e0 base de vinagre em muitas culturas. Saiba mais sobre o Fire Cider de Rosemary Gladstar no <a href=\"https:\/\/scienceandartofherbalism.com\/product\/fire-cider\/\" target=\"_blank\" rel=\"noopener\">seu website.<\/a><\/p>\n<p>Esta mistura \u00e9 feita principalmente com plantas locais, cultivadas nos meus jardins ou colhidas na floresta circundante.<\/p>\n<p>&nbsp;<\/p>\n<p class=\"translation-block\">Combine o Cidra de Fogo com a nossa <a href=\"https:\/\/masalacrua.pt\/pt\/produto\/tincture-immunity\/\" target=\"_blank\" rel=\"noopener\">tintura de imunidade<\/a> para um pack de preven\u00e7\u00e3o de inverno.<\/p>\n<p>&nbsp;<\/p>\n<h3><strong>INGREDIENTES<\/strong><\/h3>\n<p>vinagre de sidra de ma\u00e7\u00e3 cru e n\u00e3o filtrado, mel*, cebola*, alho*, gengibre, curcuma*, malagueta**, lim\u00e3o**, laranja, pimenta preta, canela, alca\u00e7uz, dente-de-le\u00e3o, lavanda**, hibisco, urtigas**, agulhas de pinheiro**, alecrim**, or\u00e9g\u00e3os**, tomilho**, pr\u00edmula**, roseira-brava**, bagas e flores de sabugueiro**, bagas de zimbro**.**<\/p>\n<p>*org\u00e2nico de origem local **de produ\u00e7\u00e3o org\u00e2nica<\/p>\n<p>&nbsp;<\/p>\n<h3><strong>COMO TOMAR CIDRA DE FOGO<\/strong><\/h3>\n<p>Agite suavemente o frasco antes de usar.<\/p>\n<p>Tome uma colher de sopa por dia, pura ou dilu\u00edda em \u00e1gua, ou use como tempero para saladas.<\/p>\n<p>Caso n\u00e3o se sinta bem, pode tomar at\u00e9 tr\u00eas vezes ao dia.<\/p>\n<p>&nbsp;<\/p>\n<h3><strong>PRECAU\u00c7\u00d5ES<\/strong><\/h3>\n<p>As indica\u00e7\u00f5es fornecidas s\u00e3o apenas sugest\u00f5es. Consulta um profissional de sa\u00fade qualificado antes de usar produtos \u00e0 base de ervas.<\/p>\n<p>*Este produto n\u00e3o se destina a diagnosticar, tratar, curar ou prevenir qualquer doen\u00e7a. Apenas para fins educacionais*<\/p>","protected":false},"excerpt":{"rendered":"<p>Extrato de ervas com mel e vinagre<\/p>\n<p>Apoia os sistemas imunit\u00e1rio e digestivo, ao mesmo tempo que proporciona um refor\u00e7o de energia vital, ajudando a aliviar a depress\u00e3o sazonal.<\/p>","protected":false},"featured_media":2354,"comment_status":"open","ping_status":"closed","template":"","meta":{"_acf_changed":false,"_et_pb_use_builder":"","_et_pb_old_content":"","_et_gb_content_width":""},"product_brand":[],"product_cat":[239],"product_tag":[380,368,369,378,308,370,379],"class_list":{"0":"post-2353","1":"product","2":"type-product","3":"status-publish","4":"has-post-thumbnail","6":"product_cat-herbal-extracts","7":"product_tag-depression","8":"product_tag-fire-cider","9":"product_tag-honey","10":"product_tag-honey-extract","11":"product_tag-immunity","12":"product_tag-vinagre-extract","13":"product_tag-vinegar-extract","14":"pa_ingredients-apple-cider-vinegar","15":"pa_ingredients-elder-flower-and-berries","16":"pa_ingredients-garlic","17":"pa_ingredients-ginger-2","18":"pa_ingredients-honey","19":"pa_ingredients-onion","20":"pa_ingredients-oregano","21":"pa_ingredients-rosehip","22":"pa_ingredients-turmeric","24":"first","25":"instock","26":"taxable","27":"shipping-taxable","28":"purchasable","29":"product-type-simple"},"acf":[],"yoast_head":"<!-- This site is optimized with the Yoast SEO plugin v27.5 - https:\/\/yoast.com\/product\/yoast-seo-wordpress\/ -->\n<title>Honey Fire Cider<\/title>\n<meta name=\"description\" content=\"Traditional honey fire cider made with herbs and spices, all-natural ingredients packed with vitamins, with immune-boosting properties\" \/>\n<meta name=\"robots\" content=\"index, follow, max-snippet:-1, max-image-preview:large, max-video-preview:-1\" \/>\n<link rel=\"canonical\" href=\"https:\/\/masalacrua.pt\/pt\/produto\/honey-fire-cider\/\" \/>\n<meta property=\"og:locale\" content=\"pt_PT\" \/>\n<meta property=\"og:type\" content=\"article\" \/>\n<meta property=\"og:title\" content=\"Honey Fire Cider\" \/>\n<meta property=\"og:description\" content=\"Traditional honey fire cider made with herbs and spices, all-natural ingredients packed with vitamins, with immune-boosting properties\" \/>\n<meta property=\"og:url\" content=\"https:\/\/masalacrua.pt\/pt\/produto\/honey-fire-cider\/\" \/>\n<meta property=\"og:site_name\" content=\"masalaCRUA\" \/>\n<meta property=\"article:publisher\" content=\"https:\/\/www.facebook.com\/masalaCRUA\" \/>\n<meta property=\"article:modified_time\" content=\"2026-03-25T11:06:50+00:00\" \/>\n<meta property=\"og:image\" content=\"https:\/\/masalacrua.pt\/wp-content\/uploads\/2025\/01\/img_8217.jpeg\" \/>\n\t<meta property=\"og:image:width\" content=\"1000\" \/>\n\t<meta property=\"og:image:height\" content=\"750\" \/>\n\t<meta property=\"og:image:type\" content=\"image\/jpeg\" \/>\n<meta name=\"twitter:card\" content=\"summary_large_image\" \/>\n<meta name=\"twitter:label1\" content=\"Tempo estimado de leitura\" \/>\n\t<meta name=\"twitter:data1\" content=\"2 minutos\" \/>\n<script type=\"application\/ld+json\" class=\"yoast-schema-graph\">{\"@context\":\"https:\\\/\\\/schema.org\",\"@graph\":[{\"@type\":\"WebPage\",\"@id\":\"https:\\\/\\\/masalacrua.pt\\\/product\\\/honey-fire-cider\\\/\",\"url\":\"https:\\\/\\\/masalacrua.pt\\\/product\\\/honey-fire-cider\\\/\",\"name\":\"Honey Fire Cider\",\"isPartOf\":{\"@id\":\"https:\\\/\\\/masalacrua.pt\\\/#website\"},\"primaryImageOfPage\":{\"@id\":\"https:\\\/\\\/masalacrua.pt\\\/product\\\/honey-fire-cider\\\/#primaryimage\"},\"image\":{\"@id\":\"https:\\\/\\\/masalacrua.pt\\\/product\\\/honey-fire-cider\\\/#primaryimage\"},\"thumbnailUrl\":\"https:\\\/\\\/masalacrua.pt\\\/wp-content\\\/uploads\\\/2025\\\/01\\\/img_8217.jpeg\",\"datePublished\":\"2025-01-29T14:21:12+00:00\",\"dateModified\":\"2026-03-25T11:06:50+00:00\",\"description\":\"Traditional honey fire cider made with herbs and spices, all-natural ingredients packed with vitamins, with immune-boosting properties\",\"breadcrumb\":{\"@id\":\"https:\\\/\\\/masalacrua.pt\\\/product\\\/honey-fire-cider\\\/#breadcrumb\"},\"inLanguage\":\"pt-PT\",\"potentialAction\":[{\"@type\":\"ReadAction\",\"target\":[\"https:\\\/\\\/masalacrua.pt\\\/product\\\/honey-fire-cider\\\/\"]}]},{\"@type\":\"ImageObject\",\"inLanguage\":\"pt-PT\",\"@id\":\"https:\\\/\\\/masalacrua.pt\\\/product\\\/honey-fire-cider\\\/#primaryimage\",\"url\":\"https:\\\/\\\/masalacrua.pt\\\/wp-content\\\/uploads\\\/2025\\\/01\\\/img_8217.jpeg\",\"contentUrl\":\"https:\\\/\\\/masalacrua.pt\\\/wp-content\\\/uploads\\\/2025\\\/01\\\/img_8217.jpeg\",\"width\":1000,\"height\":750,\"caption\":\"Processed with VSCO with a9 preset\"},{\"@type\":\"BreadcrumbList\",\"@id\":\"https:\\\/\\\/masalacrua.pt\\\/product\\\/honey-fire-cider\\\/#breadcrumb\",\"itemListElement\":[{\"@type\":\"ListItem\",\"position\":1,\"name\":\"Home\",\"item\":\"https:\\\/\\\/masalacrua.pt\\\/\"},{\"@type\":\"ListItem\",\"position\":2,\"name\":\"SHOP\",\"item\":\"https:\\\/\\\/masalacrua.pt\\\/shop\\\/\"},{\"@type\":\"ListItem\",\"position\":3,\"name\":\"honey fire cider\"}]},{\"@type\":\"WebSite\",\"@id\":\"https:\\\/\\\/masalacrua.pt\\\/#website\",\"url\":\"https:\\\/\\\/masalacrua.pt\\\/\",\"name\":\"masalaCRUA\",\"description\":\"natural creations\",\"publisher\":{\"@id\":\"https:\\\/\\\/masalacrua.pt\\\/#organization\"},\"potentialAction\":[{\"@type\":\"SearchAction\",\"target\":{\"@type\":\"EntryPoint\",\"urlTemplate\":\"https:\\\/\\\/masalacrua.pt\\\/?s={search_term_string}\"},\"query-input\":{\"@type\":\"PropertyValueSpecification\",\"valueRequired\":true,\"valueName\":\"search_term_string\"}}],\"inLanguage\":\"pt-PT\"},{\"@type\":\"Organization\",\"@id\":\"https:\\\/\\\/masalacrua.pt\\\/#organization\",\"name\":\"masalaCRUA\",\"url\":\"https:\\\/\\\/masalacrua.pt\\\/\",\"logo\":{\"@type\":\"ImageObject\",\"inLanguage\":\"pt-PT\",\"@id\":\"https:\\\/\\\/masalacrua.pt\\\/#\\\/schema\\\/logo\\\/image\\\/\",\"url\":\"https:\\\/\\\/masalacrua.pt\\\/wp-content\\\/uploads\\\/2021\\\/11\\\/LOGO-finalLOGO-EXPAND-5pt-copy.png\",\"contentUrl\":\"https:\\\/\\\/masalacrua.pt\\\/wp-content\\\/uploads\\\/2021\\\/11\\\/LOGO-finalLOGO-EXPAND-5pt-copy.png\",\"width\":767,\"height\":766,\"caption\":\"masalaCRUA\"},\"image\":{\"@id\":\"https:\\\/\\\/masalacrua.pt\\\/#\\\/schema\\\/logo\\\/image\\\/\"},\"sameAs\":[\"https:\\\/\\\/www.facebook.com\\\/masalaCRUA\",\"https:\\\/\\\/www.instagram.com\\\/masala.crua\\\/\"]}]}<\/script>\n<!-- \/ Yoast SEO plugin. -->","yoast_head_json":{"title":"Honey Fire Cider","description":"Traditional honey fire cider made with herbs and spices, all-natural ingredients packed with vitamins, with immune-boosting properties","robots":{"index":"index","follow":"follow","max-snippet":"max-snippet:-1","max-image-preview":"max-image-preview:large","max-video-preview":"max-video-preview:-1"},"canonical":"https:\/\/masalacrua.pt\/pt\/produto\/honey-fire-cider\/","og_locale":"pt_PT","og_type":"article","og_title":"Honey Fire Cider","og_description":"Traditional honey fire cider made with herbs and spices, all-natural ingredients packed with vitamins, with immune-boosting properties","og_url":"https:\/\/masalacrua.pt\/pt\/produto\/honey-fire-cider\/","og_site_name":"masalaCRUA","article_publisher":"https:\/\/www.facebook.com\/masalaCRUA","article_modified_time":"2026-03-25T11:06:50+00:00","og_image":[{"width":1000,"height":750,"url":"https:\/\/masalacrua.pt\/wp-content\/uploads\/2025\/01\/img_8217.jpeg","type":"image\/jpeg"}],"twitter_card":"summary_large_image","twitter_misc":{"Tempo estimado de leitura":"2 minutos"},"schema":{"@context":"https:\/\/schema.org","@graph":[{"@type":"WebPage","@id":"https:\/\/masalacrua.pt\/product\/honey-fire-cider\/","url":"https:\/\/masalacrua.pt\/product\/honey-fire-cider\/","name":"Honey Fire Cider","isPartOf":{"@id":"https:\/\/masalacrua.pt\/#website"},"primaryImageOfPage":{"@id":"https:\/\/masalacrua.pt\/product\/honey-fire-cider\/#primaryimage"},"image":{"@id":"https:\/\/masalacrua.pt\/product\/honey-fire-cider\/#primaryimage"},"thumbnailUrl":"https:\/\/masalacrua.pt\/wp-content\/uploads\/2025\/01\/img_8217.jpeg","datePublished":"2025-01-29T14:21:12+00:00","dateModified":"2026-03-25T11:06:50+00:00","description":"Traditional honey fire cider made with herbs and spices, all-natural ingredients packed with vitamins, with immune-boosting properties","breadcrumb":{"@id":"https:\/\/masalacrua.pt\/product\/honey-fire-cider\/#breadcrumb"},"inLanguage":"pt-PT","potentialAction":[{"@type":"ReadAction","target":["https:\/\/masalacrua.pt\/product\/honey-fire-cider\/"]}]},{"@type":"ImageObject","inLanguage":"pt-PT","@id":"https:\/\/masalacrua.pt\/product\/honey-fire-cider\/#primaryimage","url":"https:\/\/masalacrua.pt\/wp-content\/uploads\/2025\/01\/img_8217.jpeg","contentUrl":"https:\/\/masalacrua.pt\/wp-content\/uploads\/2025\/01\/img_8217.jpeg","width":1000,"height":750,"caption":"Processed with VSCO with a9 preset"},{"@type":"BreadcrumbList","@id":"https:\/\/masalacrua.pt\/product\/honey-fire-cider\/#breadcrumb","itemListElement":[{"@type":"ListItem","position":1,"name":"Home","item":"https:\/\/masalacrua.pt\/"},{"@type":"ListItem","position":2,"name":"SHOP","item":"https:\/\/masalacrua.pt\/shop\/"},{"@type":"ListItem","position":3,"name":"honey fire cider"}]},{"@type":"WebSite","@id":"https:\/\/masalacrua.pt\/#website","url":"https:\/\/masalacrua.pt\/","name":"masalaCRUA","description":"natural creations","publisher":{"@id":"https:\/\/masalacrua.pt\/#organization"},"potentialAction":[{"@type":"SearchAction","target":{"@type":"EntryPoint","urlTemplate":"https:\/\/masalacrua.pt\/?s={search_term_string}"},"query-input":{"@type":"PropertyValueSpecification","valueRequired":true,"valueName":"search_term_string"}}],"inLanguage":"pt-PT"},{"@type":"Organization","@id":"https:\/\/masalacrua.pt\/#organization","name":"masalaCRUA","url":"https:\/\/masalacrua.pt\/","logo":{"@type":"ImageObject","inLanguage":"pt-PT","@id":"https:\/\/masalacrua.pt\/#\/schema\/logo\/image\/","url":"https:\/\/masalacrua.pt\/wp-content\/uploads\/2021\/11\/LOGO-finalLOGO-EXPAND-5pt-copy.png","contentUrl":"https:\/\/masalacrua.pt\/wp-content\/uploads\/2021\/11\/LOGO-finalLOGO-EXPAND-5pt-copy.png","width":767,"height":766,"caption":"masalaCRUA"},"image":{"@id":"https:\/\/masalacrua.pt\/#\/schema\/logo\/image\/"},"sameAs":["https:\/\/www.facebook.com\/masalaCRUA","https:\/\/www.instagram.com\/masala.crua\/"]}]}},"jetpack_sharing_enabled":true,"_links":{"self":[{"href":"https:\/\/masalacrua.pt\/pt\/wp-json\/wp\/v2\/product\/2353","targetHints":{"allow":["GET"]}}],"collection":[{"href":"https:\/\/masalacrua.pt\/pt\/wp-json\/wp\/v2\/product"}],"about":[{"href":"https:\/\/masalacrua.pt\/pt\/wp-json\/wp\/v2\/types\/product"}],"replies":[{"embeddable":true,"href":"https:\/\/masalacrua.pt\/pt\/wp-json\/wp\/v2\/comments?post=2353"}],"wp:featuredmedia":[{"embeddable":true,"href":"https:\/\/masalacrua.pt\/pt\/wp-json\/wp\/v2\/media\/2354"}],"wp:attachment":[{"href":"https:\/\/masalacrua.pt\/pt\/wp-json\/wp\/v2\/media?parent=2353"}],"wp:term":[{"taxonomy":"product_brand","embeddable":true,"href":"https:\/\/masalacrua.pt\/pt\/wp-json\/wp\/v2\/product_brand?post=2353"},{"taxonomy":"product_cat","embeddable":true,"href":"https:\/\/masalacrua.pt\/pt\/wp-json\/wp\/v2\/product_cat?post=2353"},{"taxonomy":"product_tag","embeddable":true,"href":"https:\/\/masalacrua.pt\/pt\/wp-json\/wp\/v2\/product_tag?post=2353"}],"curies":[{"name":"wp","href":"https:\/\/api.w.org\/{rel}","templated":true}]}}