{"id":2425,"date":"2025-07-03T21:19:25","date_gmt":"2025-07-03T20:19:25","guid":{"rendered":"https:\/\/masalacrua.pt\/?post_type=product&#038;p=2425"},"modified":"2026-03-17T17:25:51","modified_gmt":"2026-03-17T17:25:51","slug":"mineral-sunscreen-fps-25","status":"publish","type":"product","link":"https:\/\/masalacrua.pt\/pt\/produto\/mineral-sunscreen-fps-25\/","title":{"rendered":"protector solar mineral | FPS 25"},"content":{"rendered":"<h3><strong>PROTETOR SOLAR NATURAL FPS 25<\/strong><\/h3>\n<p>Um protetor solar mineral natural desenvolvido para proteger o rosto e o corpo. Formulado com \u00f3xido de zinco e di\u00f3xido de tit\u00e2nio para proporcionar uma prote\u00e7\u00e3o solar eficaz de amplo espetro.<\/p>\n<p>Suave e adequado para uso di\u00e1rio, oferece uma prote\u00e7\u00e3o fi\u00e1vel com uma textura suave e de f\u00e1cil aplica\u00e7\u00e3o.<\/p>\n<p>Para prote\u00e7\u00e3o extra, combine com o nosso <a href=\"https:\/\/masalacrua.pt\/pt\/produto\/mineral-sunscreen-fps-50\/\" target=\"_blank\" rel=\"noopener\">Protetor solar mineral FPS 50.<\/a><\/p>\n<p>&nbsp;<\/p>\n<h3><strong>O QUE TORNA O PROTETOR SOLAR MINERAL UMA MELHOR ESCOLHA<\/strong><\/h3>\n<p class=\"translation-block\">Os protetores solares minerais funcionam de forma diferente dos protetores solares qu\u00edmicos: em vez de serem absorvidos pela pele, formam uma <strong>camada protetora na superf\u00edcie da pele que reflete os raios UVA e UVB<\/strong>. Oferecem uma prote\u00e7\u00e3o solar suave e eficaz, sendo especialmente indicados para peles sens\u00edveis ou delicadas, gra\u00e7as \u00e0 sua natureza suave e amiga da pele.<\/p>\n<p class=\"translation-block\">Filtros minerais como o \u00f3xido de zinco e o di\u00f3xido de tit\u00e2nio s\u00e3o considerados <strong>mais seguros para o corpo<\/strong> e <strong>mais amigos do ambiente<\/strong>, especialmente para os ecossistemas marinhos, como os recifes de coral, em compara\u00e7\u00e3o com muitos filtros qu\u00edmicos que podem prejudicar o ambiente e a sa\u00fade da pele a longo prazo.<\/p>\n<p class=\"translation-block\">Nas nossas f\u00f3rmulas de protetor solar mineral, utilizamos apenas \u00f3xido de zinco e di\u00f3xido de tit\u00e2nio <strong>n\u00e3o nano<\/strong>. O seu maior tamanho de part\u00edcula permite que permane\u00e7am \u00e0 superf\u00edcie da pele, onde refletem eficazmente os raios UV, minimizando a absor\u00e7\u00e3o. Os minerais n\u00e3o nano s\u00e3o prefer\u00edveis, pois reduzem a exposi\u00e7\u00e3o desnecess\u00e1ria do corpo a part\u00edculas.<\/p>\n<p>Ao proporcionar uma prote\u00e7\u00e3o de amplo espetro fi\u00e1vel, respeitando tanto a pele como a natureza, o \u00f3xido de zinco n\u00e3o nano apoia uma abordagem mais consciente aos cuidados solares.<\/p>\n<p class=\"translation-block\">Leia mais sobre o \u00f3xido de zinco n\u00e3o-nano <a href=\"https:\/\/www.mdpi.com\/1996-1944\/16\/5\/2099?utm_source=chatgpt.com\" target=\"_blank\" rel=\"noopener\">neste artigo.<\/a><\/p>\n<p>&nbsp;<\/p>\n<h3><strong>INGREDIENTES<\/strong><\/h3>\n<p>Aqua (\u00e1gua), triglicer\u00eddeo c\u00e1prico\/capr\u00edlico, di\u00f3xido de tit\u00e2nio, \u00f3xido de zinco, \u00e1lcool cetear\u00edlico, cetearil gluc\u00f3sido, \u00f3leo de olea europaea (oliveira), \u00f3leo da semente de helianthus annuus (girassol), extrato de haematococcus pluvialis (algas verdes), orizanol, tocoferol (vitamina E), \u00e1lcool benz\u00edlico\/\u00e1cido desidroac\u00e9tico (conservante natural), \u00f3leo de lavandula angustifolia.<\/p>\n<p>*de produ\u00e7\u00e3o biol\u00f3gica **de origem local<\/p>\n<p class=\"translation-block\">Vegan e n\u00e3o testado em animais.<br>\n100% biodegrad\u00e1vel.<br>\nSem fragr\u00e2ncias ou cores sint\u00e9ticas.<br>\nSem produtos qu\u00edmicos t\u00f3xicos.<\/p>\n<p>&nbsp;<\/p>\n<h3><strong>COMO USAR<\/strong><\/h3>\n<p data-start=\"54\" data-end=\"218\">Espalhe uniformemente: como qualquer protetor solar mineral, pode deixar um tom esbranqui\u00e7ado ao in\u00edcio. Espalhe bem at\u00e9 desaparecer.<\/p>\n<p data-start=\"222\" data-end=\"343\">Reaplique conforme necess\u00e1rio: para uma prote\u00e7\u00e3o cont\u00ednua, reaplique a cada 2 horas ou ap\u00f3s nadar, suar ou secar-se com a toalha.<\/p>","protected":false},"excerpt":{"rendered":"<p data-start=\"46\" data-end=\"344\">Um protetor solar natural e biodegrad\u00e1vel que protege o rosto e o corpo, com uma f\u00f3rmula em creme leve e de f\u00e1cil espalhabilidade.<\/p>\n<p data-start=\"46\" data-end=\"344\">Especialmente formulado para o rosto, \u00e9 enriquecido com extrato de algas verdes antioxidantes e orizanol para ajudar a proteger e nutrir a pele.<\/p>","protected":false},"featured_media":2621,"comment_status":"open","ping_status":"closed","template":"","meta":{"_acf_changed":false,"_et_pb_use_builder":"","_et_pb_old_content":"","_et_gb_content_width":""},"product_brand":[],"product_cat":[127,151],"product_tag":[424,423,425],"class_list":{"0":"post-2425","1":"product","2":"type-product","3":"status-publish","4":"has-post-thumbnail","6":"product_cat-body-care","7":"product_cat-face-oral-care","8":"product_tag-mineral-sunscreen","9":"product_tag-natural-sunscreen","10":"product_tag-zinc-oxide","11":"pa_ingredients-olive-oil","12":"pa_ingredients-vitamin-e","13":"pa_ingredients-zinc-oxyde","15":"first","16":"instock","17":"featured","18":"taxable","19":"shipping-taxable","20":"purchasable","21":"product-type-simple"},"acf":[],"yoast_head":"<!-- This site is optimized with the Yoast SEO plugin v27.5 - https:\/\/yoast.com\/product\/yoast-seo-wordpress\/ -->\n<title>Mineral Sunscreen FPS 25<\/title>\n<meta name=\"description\" content=\"Mineral face sunscreen with antioxidants. Vegan, biodegradable, and made for sensitive skin. a cream formulation easily spreadable.\" \/>\n<meta name=\"robots\" content=\"index, follow, max-snippet:-1, max-image-preview:large, max-video-preview:-1\" \/>\n<link rel=\"canonical\" href=\"https:\/\/masalacrua.pt\/pt\/produto\/mineral-sunscreen-fps-25\/\" \/>\n<meta property=\"og:locale\" content=\"pt_PT\" \/>\n<meta property=\"og:type\" content=\"article\" \/>\n<meta property=\"og:title\" content=\"Mineral Sunscreen FPS 25\" \/>\n<meta property=\"og:description\" content=\"Mineral face sunscreen with antioxidants. Vegan, biodegradable, and made for sensitive skin. a cream formulation easily spreadable.\" \/>\n<meta property=\"og:url\" content=\"https:\/\/masalacrua.pt\/pt\/produto\/mineral-sunscreen-fps-25\/\" \/>\n<meta property=\"og:site_name\" content=\"masalaCRUA\" \/>\n<meta property=\"article:publisher\" content=\"https:\/\/www.facebook.com\/masalaCRUA\" \/>\n<meta property=\"article:modified_time\" content=\"2026-03-17T17:25:51+00:00\" \/>\n<meta property=\"og:image\" content=\"https:\/\/masalacrua.pt\/wp-content\/uploads\/2025\/07\/img_0492.jpeg\" \/>\n\t<meta property=\"og:image:width\" content=\"1000\" \/>\n\t<meta property=\"og:image:height\" content=\"750\" \/>\n\t<meta property=\"og:image:type\" content=\"image\/jpeg\" \/>\n<meta name=\"twitter:card\" content=\"summary_large_image\" \/>\n<meta name=\"twitter:label1\" content=\"Tempo estimado de leitura\" \/>\n\t<meta name=\"twitter:data1\" content=\"2 minutos\" \/>\n<script type=\"application\/ld+json\" class=\"yoast-schema-graph\">{\"@context\":\"https:\\\/\\\/schema.org\",\"@graph\":[{\"@type\":\"WebPage\",\"@id\":\"https:\\\/\\\/masalacrua.pt\\\/product\\\/mineral-sunscreen-fps-25\\\/\",\"url\":\"https:\\\/\\\/masalacrua.pt\\\/product\\\/mineral-sunscreen-fps-25\\\/\",\"name\":\"Mineral Sunscreen FPS 25\",\"isPartOf\":{\"@id\":\"https:\\\/\\\/masalacrua.pt\\\/#website\"},\"primaryImageOfPage\":{\"@id\":\"https:\\\/\\\/masalacrua.pt\\\/product\\\/mineral-sunscreen-fps-25\\\/#primaryimage\"},\"image\":{\"@id\":\"https:\\\/\\\/masalacrua.pt\\\/product\\\/mineral-sunscreen-fps-25\\\/#primaryimage\"},\"thumbnailUrl\":\"https:\\\/\\\/masalacrua.pt\\\/wp-content\\\/uploads\\\/2025\\\/07\\\/img_0492.jpeg\",\"datePublished\":\"2025-07-03T20:19:25+00:00\",\"dateModified\":\"2026-03-17T17:25:51+00:00\",\"description\":\"Mineral face sunscreen with antioxidants. Vegan, biodegradable, and made for sensitive skin. a cream formulation easily spreadable.\",\"breadcrumb\":{\"@id\":\"https:\\\/\\\/masalacrua.pt\\\/product\\\/mineral-sunscreen-fps-25\\\/#breadcrumb\"},\"inLanguage\":\"pt-PT\",\"potentialAction\":[{\"@type\":\"ReadAction\",\"target\":[\"https:\\\/\\\/masalacrua.pt\\\/product\\\/mineral-sunscreen-fps-25\\\/\"]}]},{\"@type\":\"ImageObject\",\"inLanguage\":\"pt-PT\",\"@id\":\"https:\\\/\\\/masalacrua.pt\\\/product\\\/mineral-sunscreen-fps-25\\\/#primaryimage\",\"url\":\"https:\\\/\\\/masalacrua.pt\\\/wp-content\\\/uploads\\\/2025\\\/07\\\/img_0492.jpeg\",\"contentUrl\":\"https:\\\/\\\/masalacrua.pt\\\/wp-content\\\/uploads\\\/2025\\\/07\\\/img_0492.jpeg\",\"width\":1000,\"height\":750,\"caption\":\"Processed with VSCO with a9 preset\"},{\"@type\":\"BreadcrumbList\",\"@id\":\"https:\\\/\\\/masalacrua.pt\\\/product\\\/mineral-sunscreen-fps-25\\\/#breadcrumb\",\"itemListElement\":[{\"@type\":\"ListItem\",\"position\":1,\"name\":\"Home\",\"item\":\"https:\\\/\\\/masalacrua.pt\\\/\"},{\"@type\":\"ListItem\",\"position\":2,\"name\":\"SHOP\",\"item\":\"https:\\\/\\\/masalacrua.pt\\\/shop\\\/\"},{\"@type\":\"ListItem\",\"position\":3,\"name\":\"mineral sunscreen | FPS 25\"}]},{\"@type\":\"WebSite\",\"@id\":\"https:\\\/\\\/masalacrua.pt\\\/#website\",\"url\":\"https:\\\/\\\/masalacrua.pt\\\/\",\"name\":\"masalaCRUA\",\"description\":\"natural creations\",\"publisher\":{\"@id\":\"https:\\\/\\\/masalacrua.pt\\\/#organization\"},\"potentialAction\":[{\"@type\":\"SearchAction\",\"target\":{\"@type\":\"EntryPoint\",\"urlTemplate\":\"https:\\\/\\\/masalacrua.pt\\\/?s={search_term_string}\"},\"query-input\":{\"@type\":\"PropertyValueSpecification\",\"valueRequired\":true,\"valueName\":\"search_term_string\"}}],\"inLanguage\":\"pt-PT\"},{\"@type\":\"Organization\",\"@id\":\"https:\\\/\\\/masalacrua.pt\\\/#organization\",\"name\":\"masalaCRUA\",\"url\":\"https:\\\/\\\/masalacrua.pt\\\/\",\"logo\":{\"@type\":\"ImageObject\",\"inLanguage\":\"pt-PT\",\"@id\":\"https:\\\/\\\/masalacrua.pt\\\/#\\\/schema\\\/logo\\\/image\\\/\",\"url\":\"https:\\\/\\\/masalacrua.pt\\\/wp-content\\\/uploads\\\/2021\\\/11\\\/LOGO-finalLOGO-EXPAND-5pt-copy.png\",\"contentUrl\":\"https:\\\/\\\/masalacrua.pt\\\/wp-content\\\/uploads\\\/2021\\\/11\\\/LOGO-finalLOGO-EXPAND-5pt-copy.png\",\"width\":767,\"height\":766,\"caption\":\"masalaCRUA\"},\"image\":{\"@id\":\"https:\\\/\\\/masalacrua.pt\\\/#\\\/schema\\\/logo\\\/image\\\/\"},\"sameAs\":[\"https:\\\/\\\/www.facebook.com\\\/masalaCRUA\",\"https:\\\/\\\/www.instagram.com\\\/masala.crua\\\/\"]}]}<\/script>\n<!-- \/ Yoast SEO plugin. -->","yoast_head_json":{"title":"Mineral Sunscreen FPS 25","description":"Mineral face sunscreen with antioxidants. Vegan, biodegradable, and made for sensitive skin. a cream formulation easily spreadable.","robots":{"index":"index","follow":"follow","max-snippet":"max-snippet:-1","max-image-preview":"max-image-preview:large","max-video-preview":"max-video-preview:-1"},"canonical":"https:\/\/masalacrua.pt\/pt\/produto\/mineral-sunscreen-fps-25\/","og_locale":"pt_PT","og_type":"article","og_title":"Mineral Sunscreen FPS 25","og_description":"Mineral face sunscreen with antioxidants. Vegan, biodegradable, and made for sensitive skin. a cream formulation easily spreadable.","og_url":"https:\/\/masalacrua.pt\/pt\/produto\/mineral-sunscreen-fps-25\/","og_site_name":"masalaCRUA","article_publisher":"https:\/\/www.facebook.com\/masalaCRUA","article_modified_time":"2026-03-17T17:25:51+00:00","og_image":[{"width":1000,"height":750,"url":"https:\/\/masalacrua.pt\/wp-content\/uploads\/2025\/07\/img_0492.jpeg","type":"image\/jpeg"}],"twitter_card":"summary_large_image","twitter_misc":{"Tempo estimado de leitura":"2 minutos"},"schema":{"@context":"https:\/\/schema.org","@graph":[{"@type":"WebPage","@id":"https:\/\/masalacrua.pt\/product\/mineral-sunscreen-fps-25\/","url":"https:\/\/masalacrua.pt\/product\/mineral-sunscreen-fps-25\/","name":"Mineral Sunscreen FPS 25","isPartOf":{"@id":"https:\/\/masalacrua.pt\/#website"},"primaryImageOfPage":{"@id":"https:\/\/masalacrua.pt\/product\/mineral-sunscreen-fps-25\/#primaryimage"},"image":{"@id":"https:\/\/masalacrua.pt\/product\/mineral-sunscreen-fps-25\/#primaryimage"},"thumbnailUrl":"https:\/\/masalacrua.pt\/wp-content\/uploads\/2025\/07\/img_0492.jpeg","datePublished":"2025-07-03T20:19:25+00:00","dateModified":"2026-03-17T17:25:51+00:00","description":"Mineral face sunscreen with antioxidants. Vegan, biodegradable, and made for sensitive skin. a cream formulation easily spreadable.","breadcrumb":{"@id":"https:\/\/masalacrua.pt\/product\/mineral-sunscreen-fps-25\/#breadcrumb"},"inLanguage":"pt-PT","potentialAction":[{"@type":"ReadAction","target":["https:\/\/masalacrua.pt\/product\/mineral-sunscreen-fps-25\/"]}]},{"@type":"ImageObject","inLanguage":"pt-PT","@id":"https:\/\/masalacrua.pt\/product\/mineral-sunscreen-fps-25\/#primaryimage","url":"https:\/\/masalacrua.pt\/wp-content\/uploads\/2025\/07\/img_0492.jpeg","contentUrl":"https:\/\/masalacrua.pt\/wp-content\/uploads\/2025\/07\/img_0492.jpeg","width":1000,"height":750,"caption":"Processed with VSCO with a9 preset"},{"@type":"BreadcrumbList","@id":"https:\/\/masalacrua.pt\/product\/mineral-sunscreen-fps-25\/#breadcrumb","itemListElement":[{"@type":"ListItem","position":1,"name":"Home","item":"https:\/\/masalacrua.pt\/"},{"@type":"ListItem","position":2,"name":"SHOP","item":"https:\/\/masalacrua.pt\/shop\/"},{"@type":"ListItem","position":3,"name":"mineral sunscreen | FPS 25"}]},{"@type":"WebSite","@id":"https:\/\/masalacrua.pt\/#website","url":"https:\/\/masalacrua.pt\/","name":"masalaCRUA","description":"natural creations","publisher":{"@id":"https:\/\/masalacrua.pt\/#organization"},"potentialAction":[{"@type":"SearchAction","target":{"@type":"EntryPoint","urlTemplate":"https:\/\/masalacrua.pt\/?s={search_term_string}"},"query-input":{"@type":"PropertyValueSpecification","valueRequired":true,"valueName":"search_term_string"}}],"inLanguage":"pt-PT"},{"@type":"Organization","@id":"https:\/\/masalacrua.pt\/#organization","name":"masalaCRUA","url":"https:\/\/masalacrua.pt\/","logo":{"@type":"ImageObject","inLanguage":"pt-PT","@id":"https:\/\/masalacrua.pt\/#\/schema\/logo\/image\/","url":"https:\/\/masalacrua.pt\/wp-content\/uploads\/2021\/11\/LOGO-finalLOGO-EXPAND-5pt-copy.png","contentUrl":"https:\/\/masalacrua.pt\/wp-content\/uploads\/2021\/11\/LOGO-finalLOGO-EXPAND-5pt-copy.png","width":767,"height":766,"caption":"masalaCRUA"},"image":{"@id":"https:\/\/masalacrua.pt\/#\/schema\/logo\/image\/"},"sameAs":["https:\/\/www.facebook.com\/masalaCRUA","https:\/\/www.instagram.com\/masala.crua\/"]}]}},"jetpack_sharing_enabled":true,"_links":{"self":[{"href":"https:\/\/masalacrua.pt\/pt\/wp-json\/wp\/v2\/product\/2425","targetHints":{"allow":["GET"]}}],"collection":[{"href":"https:\/\/masalacrua.pt\/pt\/wp-json\/wp\/v2\/product"}],"about":[{"href":"https:\/\/masalacrua.pt\/pt\/wp-json\/wp\/v2\/types\/product"}],"replies":[{"embeddable":true,"href":"https:\/\/masalacrua.pt\/pt\/wp-json\/wp\/v2\/comments?post=2425"}],"wp:featuredmedia":[{"embeddable":true,"href":"https:\/\/masalacrua.pt\/pt\/wp-json\/wp\/v2\/media\/2621"}],"wp:attachment":[{"href":"https:\/\/masalacrua.pt\/pt\/wp-json\/wp\/v2\/media?parent=2425"}],"wp:term":[{"taxonomy":"product_brand","embeddable":true,"href":"https:\/\/masalacrua.pt\/pt\/wp-json\/wp\/v2\/product_brand?post=2425"},{"taxonomy":"product_cat","embeddable":true,"href":"https:\/\/masalacrua.pt\/pt\/wp-json\/wp\/v2\/product_cat?post=2425"},{"taxonomy":"product_tag","embeddable":true,"href":"https:\/\/masalacrua.pt\/pt\/wp-json\/wp\/v2\/product_tag?post=2425"}],"curies":[{"name":"wp","href":"https:\/\/api.w.org\/{rel}","templated":true}]}}