{"id":2518,"date":"2025-07-31T18:55:37","date_gmt":"2025-07-31T17:55:37","guid":{"rendered":"https:\/\/masalacrua.pt\/?post_type=product&#038;p=2518"},"modified":"2026-03-17T12:28:00","modified_gmt":"2026-03-17T12:28:00","slug":"natural-perfume-jasmine","status":"publish","type":"product","link":"https:\/\/masalacrua.pt\/pt\/produto\/natural-perfume-jasmine\/","title":{"rendered":"perfume natural | jasmim"},"content":{"rendered":"<h3><strong>JASMINE NATURAL PERFUME<\/strong><\/h3>\n<p>Experience the gentle, uplifting scent of jasmine with this Natural Jasmine Perfume. Made with pure jasmine absolute in a nourishing oil base, it settles lightly on the skin. This perfume leaves a delicate floral aroma that comforts and brightens your day. Simple, natural, and intimate, it\u2019s a little touch of calm and elegance you can carry anywhere.<\/p>\n<p>Our perfume is oil-based and<strong> free from alcohol,<\/strong> making it gentle and nourishing for the skin. Unlike traditional alcohol-based perfumes, which can dry out the skin and damage its natural protective barrier, the oil helps the fragrance spread smoothly while keeping your skin soft and cared for.<\/p>\n<p>Discover our collection of jasmine products, like the intimate <a href=\"https:\/\/masalacrua.pt\/pt\/produto\/love-balm\/\" target=\"_blank\" rel=\"noopener\">love balm<\/a>.<\/p>\n<p>&nbsp;<\/p>\n<h3><strong>INGREDIENTES<\/strong><\/h3>\n<div class=\"page\" title=\"Page 1\">\n<div class=\"section\">\n<div class=\"layoutArea\">\n<div class=\"column\">\n<p>prunus amygdalus dulcis (almond) oil* (cold pressed), jasminum grandiflorum (jasmine) flower absolute oil, tocopherol (natural vitamin E).<\/p>\n<p>*proveniente de produ\u00e7\u00e3o org\u00e2nica<\/p>\n<p>&nbsp;<\/p>\n<p>Jasmine is treasured for both its delicate, uplifting fragrance and its benefits for the skin. It helps nourish and soften the skin, leaving it smooth and radiant, while its scent promotes relaxation, emotional balance, and a sense of calm.<\/p>\n<p>This perfume uses jasmine absolute, a highly concentrated natural extract made by carefully collecting and processing thousands of jasmine flowers. Because jasmine produces very little oil, this precious extract is rare and highly valued, giving the perfume its rich, captivating aroma.<\/p>\n<p>&nbsp;<\/p>\n<p class=\"translation-block\">Vegan e n\u00e3o testado em animais.<br>\n100% biodegrad\u00e1vel.<br>\nSem fragr\u00e2ncias ou cores sint\u00e9ticas.<br>\nSem produtos qu\u00edmicos t\u00f3xicos.<\/p>\n<\/div>\n<\/div>\n<\/div>\n<\/div>","protected":false},"excerpt":{"rendered":"<p>An oil-based perfume infused with jasmine, that nourishes the skin while immersing you in a gentle, uplifting floral scent.<\/p>\n<p>10ml roll ideal for carrying in your bag and applying with ease.<\/p>","protected":false},"featured_media":2625,"comment_status":"open","ping_status":"closed","template":"","meta":{"_acf_changed":false,"_et_pb_use_builder":"","_et_pb_old_content":"","_et_gb_content_width":""},"product_brand":[],"product_cat":[127],"product_tag":[384,383,244],"class_list":{"0":"post-2518","1":"product","2":"type-product","3":"status-publish","4":"has-post-thumbnail","6":"product_cat-body-care","7":"product_tag-almond-oil","8":"product_tag-jasmine","9":"product_tag-natural-perfume","10":"pa_ingredients-almond-oil","11":"pa_ingredients-jasmine-essential-oil","13":"first","14":"instock","15":"taxable","16":"shipping-taxable","17":"purchasable","18":"product-type-simple"},"acf":[],"yoast_head":"<!-- This site is optimized with the Yoast SEO plugin v27.5 - https:\/\/yoast.com\/product\/yoast-seo-wordpress\/ -->\n<title>Natural Jasmine Perfume<\/title>\n<meta name=\"description\" content=\"A natural, oil-based jasmine perfume that nourishes the skin while immersing you in a gentle, uplifting floral scent. Natural Jasmine Perfume roll on.\" \/>\n<meta name=\"robots\" content=\"index, follow, max-snippet:-1, max-image-preview:large, max-video-preview:-1\" \/>\n<link rel=\"canonical\" href=\"https:\/\/masalacrua.pt\/pt\/produto\/natural-perfume-jasmine\/\" \/>\n<meta property=\"og:locale\" content=\"pt_PT\" \/>\n<meta property=\"og:type\" content=\"article\" \/>\n<meta property=\"og:title\" content=\"Natural Jasmine Perfume\" \/>\n<meta property=\"og:description\" content=\"A natural, oil-based jasmine perfume that nourishes the skin while immersing you in a gentle, uplifting floral scent. Natural Jasmine Perfume roll on.\" \/>\n<meta property=\"og:url\" content=\"https:\/\/masalacrua.pt\/pt\/produto\/natural-perfume-jasmine\/\" \/>\n<meta property=\"og:site_name\" content=\"masalaCRUA\" \/>\n<meta property=\"article:publisher\" content=\"https:\/\/www.facebook.com\/masalaCRUA\" \/>\n<meta property=\"article:modified_time\" content=\"2026-03-17T12:28:00+00:00\" \/>\n<meta property=\"og:image\" content=\"https:\/\/masalacrua.pt\/wp-content\/uploads\/2025\/07\/img_0495.jpeg\" \/>\n\t<meta property=\"og:image:width\" content=\"1000\" \/>\n\t<meta property=\"og:image:height\" content=\"750\" \/>\n\t<meta property=\"og:image:type\" content=\"image\/jpeg\" \/>\n<meta name=\"twitter:card\" content=\"summary_large_image\" \/>\n<meta name=\"twitter:label1\" content=\"Tempo estimado de leitura\" \/>\n\t<meta name=\"twitter:data1\" content=\"2 minutos\" \/>\n<script type=\"application\/ld+json\" class=\"yoast-schema-graph\">{\"@context\":\"https:\\\/\\\/schema.org\",\"@graph\":[{\"@type\":\"WebPage\",\"@id\":\"https:\\\/\\\/masalacrua.pt\\\/product\\\/natural-perfume-jasmine\\\/\",\"url\":\"https:\\\/\\\/masalacrua.pt\\\/product\\\/natural-perfume-jasmine\\\/\",\"name\":\"Natural Jasmine Perfume\",\"isPartOf\":{\"@id\":\"https:\\\/\\\/masalacrua.pt\\\/#website\"},\"primaryImageOfPage\":{\"@id\":\"https:\\\/\\\/masalacrua.pt\\\/product\\\/natural-perfume-jasmine\\\/#primaryimage\"},\"image\":{\"@id\":\"https:\\\/\\\/masalacrua.pt\\\/product\\\/natural-perfume-jasmine\\\/#primaryimage\"},\"thumbnailUrl\":\"https:\\\/\\\/masalacrua.pt\\\/wp-content\\\/uploads\\\/2025\\\/07\\\/img_0495.jpeg\",\"datePublished\":\"2025-07-31T17:55:37+00:00\",\"dateModified\":\"2026-03-17T12:28:00+00:00\",\"description\":\"A natural, oil-based jasmine perfume that nourishes the skin while immersing you in a gentle, uplifting floral scent. Natural Jasmine Perfume roll on.\",\"breadcrumb\":{\"@id\":\"https:\\\/\\\/masalacrua.pt\\\/product\\\/natural-perfume-jasmine\\\/#breadcrumb\"},\"inLanguage\":\"pt-PT\",\"potentialAction\":[{\"@type\":\"ReadAction\",\"target\":[\"https:\\\/\\\/masalacrua.pt\\\/product\\\/natural-perfume-jasmine\\\/\"]}]},{\"@type\":\"ImageObject\",\"inLanguage\":\"pt-PT\",\"@id\":\"https:\\\/\\\/masalacrua.pt\\\/product\\\/natural-perfume-jasmine\\\/#primaryimage\",\"url\":\"https:\\\/\\\/masalacrua.pt\\\/wp-content\\\/uploads\\\/2025\\\/07\\\/img_0495.jpeg\",\"contentUrl\":\"https:\\\/\\\/masalacrua.pt\\\/wp-content\\\/uploads\\\/2025\\\/07\\\/img_0495.jpeg\",\"width\":1000,\"height\":750,\"caption\":\"Processed with VSCO with a9 preset\"},{\"@type\":\"BreadcrumbList\",\"@id\":\"https:\\\/\\\/masalacrua.pt\\\/product\\\/natural-perfume-jasmine\\\/#breadcrumb\",\"itemListElement\":[{\"@type\":\"ListItem\",\"position\":1,\"name\":\"Home\",\"item\":\"https:\\\/\\\/masalacrua.pt\\\/\"},{\"@type\":\"ListItem\",\"position\":2,\"name\":\"SHOP\",\"item\":\"https:\\\/\\\/masalacrua.pt\\\/shop\\\/\"},{\"@type\":\"ListItem\",\"position\":3,\"name\":\"natural perfume | jasmine\"}]},{\"@type\":\"WebSite\",\"@id\":\"https:\\\/\\\/masalacrua.pt\\\/#website\",\"url\":\"https:\\\/\\\/masalacrua.pt\\\/\",\"name\":\"masalaCRUA\",\"description\":\"natural creations\",\"publisher\":{\"@id\":\"https:\\\/\\\/masalacrua.pt\\\/#organization\"},\"potentialAction\":[{\"@type\":\"SearchAction\",\"target\":{\"@type\":\"EntryPoint\",\"urlTemplate\":\"https:\\\/\\\/masalacrua.pt\\\/?s={search_term_string}\"},\"query-input\":{\"@type\":\"PropertyValueSpecification\",\"valueRequired\":true,\"valueName\":\"search_term_string\"}}],\"inLanguage\":\"pt-PT\"},{\"@type\":\"Organization\",\"@id\":\"https:\\\/\\\/masalacrua.pt\\\/#organization\",\"name\":\"masalaCRUA\",\"url\":\"https:\\\/\\\/masalacrua.pt\\\/\",\"logo\":{\"@type\":\"ImageObject\",\"inLanguage\":\"pt-PT\",\"@id\":\"https:\\\/\\\/masalacrua.pt\\\/#\\\/schema\\\/logo\\\/image\\\/\",\"url\":\"https:\\\/\\\/masalacrua.pt\\\/wp-content\\\/uploads\\\/2021\\\/11\\\/LOGO-finalLOGO-EXPAND-5pt-copy.png\",\"contentUrl\":\"https:\\\/\\\/masalacrua.pt\\\/wp-content\\\/uploads\\\/2021\\\/11\\\/LOGO-finalLOGO-EXPAND-5pt-copy.png\",\"width\":767,\"height\":766,\"caption\":\"masalaCRUA\"},\"image\":{\"@id\":\"https:\\\/\\\/masalacrua.pt\\\/#\\\/schema\\\/logo\\\/image\\\/\"},\"sameAs\":[\"https:\\\/\\\/www.facebook.com\\\/masalaCRUA\",\"https:\\\/\\\/www.instagram.com\\\/masala.crua\\\/\"]}]}<\/script>\n<!-- \/ Yoast SEO plugin. -->","yoast_head_json":{"title":"Natural Jasmine Perfume","description":"A natural, oil-based jasmine perfume that nourishes the skin while immersing you in a gentle, uplifting floral scent. Natural Jasmine Perfume roll on.","robots":{"index":"index","follow":"follow","max-snippet":"max-snippet:-1","max-image-preview":"max-image-preview:large","max-video-preview":"max-video-preview:-1"},"canonical":"https:\/\/masalacrua.pt\/pt\/produto\/natural-perfume-jasmine\/","og_locale":"pt_PT","og_type":"article","og_title":"Natural Jasmine Perfume","og_description":"A natural, oil-based jasmine perfume that nourishes the skin while immersing you in a gentle, uplifting floral scent. Natural Jasmine Perfume roll on.","og_url":"https:\/\/masalacrua.pt\/pt\/produto\/natural-perfume-jasmine\/","og_site_name":"masalaCRUA","article_publisher":"https:\/\/www.facebook.com\/masalaCRUA","article_modified_time":"2026-03-17T12:28:00+00:00","og_image":[{"width":1000,"height":750,"url":"https:\/\/masalacrua.pt\/wp-content\/uploads\/2025\/07\/img_0495.jpeg","type":"image\/jpeg"}],"twitter_card":"summary_large_image","twitter_misc":{"Tempo estimado de leitura":"2 minutos"},"schema":{"@context":"https:\/\/schema.org","@graph":[{"@type":"WebPage","@id":"https:\/\/masalacrua.pt\/product\/natural-perfume-jasmine\/","url":"https:\/\/masalacrua.pt\/product\/natural-perfume-jasmine\/","name":"Natural Jasmine Perfume","isPartOf":{"@id":"https:\/\/masalacrua.pt\/#website"},"primaryImageOfPage":{"@id":"https:\/\/masalacrua.pt\/product\/natural-perfume-jasmine\/#primaryimage"},"image":{"@id":"https:\/\/masalacrua.pt\/product\/natural-perfume-jasmine\/#primaryimage"},"thumbnailUrl":"https:\/\/masalacrua.pt\/wp-content\/uploads\/2025\/07\/img_0495.jpeg","datePublished":"2025-07-31T17:55:37+00:00","dateModified":"2026-03-17T12:28:00+00:00","description":"A natural, oil-based jasmine perfume that nourishes the skin while immersing you in a gentle, uplifting floral scent. Natural Jasmine Perfume roll on.","breadcrumb":{"@id":"https:\/\/masalacrua.pt\/product\/natural-perfume-jasmine\/#breadcrumb"},"inLanguage":"pt-PT","potentialAction":[{"@type":"ReadAction","target":["https:\/\/masalacrua.pt\/product\/natural-perfume-jasmine\/"]}]},{"@type":"ImageObject","inLanguage":"pt-PT","@id":"https:\/\/masalacrua.pt\/product\/natural-perfume-jasmine\/#primaryimage","url":"https:\/\/masalacrua.pt\/wp-content\/uploads\/2025\/07\/img_0495.jpeg","contentUrl":"https:\/\/masalacrua.pt\/wp-content\/uploads\/2025\/07\/img_0495.jpeg","width":1000,"height":750,"caption":"Processed with VSCO with a9 preset"},{"@type":"BreadcrumbList","@id":"https:\/\/masalacrua.pt\/product\/natural-perfume-jasmine\/#breadcrumb","itemListElement":[{"@type":"ListItem","position":1,"name":"Home","item":"https:\/\/masalacrua.pt\/"},{"@type":"ListItem","position":2,"name":"SHOP","item":"https:\/\/masalacrua.pt\/shop\/"},{"@type":"ListItem","position":3,"name":"natural perfume | jasmine"}]},{"@type":"WebSite","@id":"https:\/\/masalacrua.pt\/#website","url":"https:\/\/masalacrua.pt\/","name":"masalaCRUA","description":"natural creations","publisher":{"@id":"https:\/\/masalacrua.pt\/#organization"},"potentialAction":[{"@type":"SearchAction","target":{"@type":"EntryPoint","urlTemplate":"https:\/\/masalacrua.pt\/?s={search_term_string}"},"query-input":{"@type":"PropertyValueSpecification","valueRequired":true,"valueName":"search_term_string"}}],"inLanguage":"pt-PT"},{"@type":"Organization","@id":"https:\/\/masalacrua.pt\/#organization","name":"masalaCRUA","url":"https:\/\/masalacrua.pt\/","logo":{"@type":"ImageObject","inLanguage":"pt-PT","@id":"https:\/\/masalacrua.pt\/#\/schema\/logo\/image\/","url":"https:\/\/masalacrua.pt\/wp-content\/uploads\/2021\/11\/LOGO-finalLOGO-EXPAND-5pt-copy.png","contentUrl":"https:\/\/masalacrua.pt\/wp-content\/uploads\/2021\/11\/LOGO-finalLOGO-EXPAND-5pt-copy.png","width":767,"height":766,"caption":"masalaCRUA"},"image":{"@id":"https:\/\/masalacrua.pt\/#\/schema\/logo\/image\/"},"sameAs":["https:\/\/www.facebook.com\/masalaCRUA","https:\/\/www.instagram.com\/masala.crua\/"]}]}},"jetpack_sharing_enabled":true,"_links":{"self":[{"href":"https:\/\/masalacrua.pt\/pt\/wp-json\/wp\/v2\/product\/2518","targetHints":{"allow":["GET"]}}],"collection":[{"href":"https:\/\/masalacrua.pt\/pt\/wp-json\/wp\/v2\/product"}],"about":[{"href":"https:\/\/masalacrua.pt\/pt\/wp-json\/wp\/v2\/types\/product"}],"replies":[{"embeddable":true,"href":"https:\/\/masalacrua.pt\/pt\/wp-json\/wp\/v2\/comments?post=2518"}],"wp:featuredmedia":[{"embeddable":true,"href":"https:\/\/masalacrua.pt\/pt\/wp-json\/wp\/v2\/media\/2625"}],"wp:attachment":[{"href":"https:\/\/masalacrua.pt\/pt\/wp-json\/wp\/v2\/media?parent=2518"}],"wp:term":[{"taxonomy":"product_brand","embeddable":true,"href":"https:\/\/masalacrua.pt\/pt\/wp-json\/wp\/v2\/product_brand?post=2518"},{"taxonomy":"product_cat","embeddable":true,"href":"https:\/\/masalacrua.pt\/pt\/wp-json\/wp\/v2\/product_cat?post=2518"},{"taxonomy":"product_tag","embeddable":true,"href":"https:\/\/masalacrua.pt\/pt\/wp-json\/wp\/v2\/product_tag?post=2518"}],"curies":[{"name":"wp","href":"https:\/\/api.w.org\/{rel}","templated":true}]}}