{"id":2583,"date":"2025-07-31T21:02:11","date_gmt":"2025-07-31T20:02:11","guid":{"rendered":"https:\/\/masalacrua.pt\/?post_type=product&#038;p=2583"},"modified":"2026-03-25T11:11:07","modified_gmt":"2026-03-25T11:11:07","slug":"love-balm","status":"publish","type":"product","link":"https:\/\/masalacrua.pt\/pt\/produto\/love-balm\/","title":{"rendered":"love balm | afrodisiaco"},"content":{"rendered":"<h3><strong>B\u00c1LSAMO LUBRIFICANTE NATURAL COM DAMIANA, GINKGO BILOBA, CACAU E ROSA<\/strong><\/h3>\n<p class=\"translation-block\">Um b\u00e1lsamo sensorial e afrodis\u00edaco concebido para <strong>estimular os sentidos, aumentar a libido<\/strong> e promover uma sensa\u00e7\u00e3o relaxante e sensual. Este b\u00e1lsamo luxuoso combina \u00f3leos e bot\u00e2nicos cuidadosamente selecionados para nutrir a pele enquanto desperta os sentidos.<\/p>\n<p>&nbsp;<\/p>\n<h3><strong>INGREDIENTES<\/strong><\/h3>\n<p>olea europaea fruit (azeitona) \u00f3leo** infundido em turnera diffusa (damiana), ginkgo biloba, calendula officinalis (cal\u00eandula), rosa (rosa) e hibiscus sabdariffa (hibisco); cera alba (cera de abelha)**, theobroma cacao seed butter (manteiga de cacau), vanilla planifolia extract (extrato de baunilha), ricinus communis (r\u00edcino) \u00f3leo*, tocopherol (vitamina E natural), theobroma cacao (cacau)* (100%), jasminum grandiflorum absolute oil (absoluto de jasmim), citrus aurantium dulcis (laranja) \u00f3leo.<\/p>\n<p>*org\u00e2nico de origem local **de produ\u00e7\u00e3o org\u00e2nica<\/p>\n<p>&nbsp;<\/p>\n<p><strong>Ingredientes principais:<\/strong><\/p>\n<ul data-start=\"147\" data-end=\"869\">\n<li data-section-id=\"1qu5a8b\" data-start=\"147\" data-end=\"341\">\n<p data-start=\"149\" data-end=\"341\" class=\"translation-block\">Damiana e Ginkgo Biloba: tradicionalmente valorizados pelas suas propriedades <strong>estimulantes e de aumento da libido<\/strong>, ajudando a despertar os sentidos, a aumentar a energia e a apoiar a conex\u00e3o \u00edntima.<\/p>\n<\/li>\n<li data-section-id=\"1bwmm9h\" data-start=\"342\" data-end=\"469\">\n<p data-start=\"344\" data-end=\"469\" class=\"translation-block\">Cacau: naturalmente estimulante, promovendo uma <strong>sensa\u00e7\u00e3o de vitalidade e a melhoria do humor<\/strong>, enquanto adiciona um aroma subtil e indulgente.<\/p>\n<\/li>\n<li data-section-id=\"192lxdq\" data-start=\"470\" data-end=\"593\">\n<p data-start=\"472\" data-end=\"593\">Manteiga de Cacau: nutre profundamente e amacia a pele, melhorando a hidrata\u00e7\u00e3o e a elasticidade para um toque suave e aveludado.<\/p>\n<\/li>\n<li data-section-id=\"mz7ck3\" data-start=\"594\" data-end=\"710\">\n<p data-start=\"596\" data-end=\"710\" class=\"translation-block\">\u00d3leo de r\u00edcino: <strong>naturalmente lubrificante<\/strong>, proporcionando uma textura sedosa que melhora a aplica\u00e7\u00e3o \u00edntima e o conforto.<\/p>\n<\/li>\n<li data-section-id=\"19g145t\" data-start=\"711\" data-end=\"869\">\n<p data-start=\"713\" data-end=\"869\">Rosa, Jasmim e Hibisco \u2013 combinam-se para criar um aroma floral rico e sensual que acalma a mente, suaviza os sentidos e intensifica a intimidade.<\/p>\n<\/li>\n<\/ul>\n<p>&nbsp;<\/p>\n<p class=\"translation-block\">N\u00e3o testado em animais.<br>\n100% biodegrad\u00e1vel.<br>\nSem fragr\u00e2ncias ou cores sint\u00e9ticas.<br>\nSem produtos qu\u00edmicos t\u00f3xicos.<\/p>\n<p>&nbsp;<\/p>\n<h3><strong>COMO USAR O LOVE BALM<\/strong><\/h3>\n<p>Aplica criativamente em qualquer parte do corpo.<\/p>\n<p>&nbsp;<\/p>\n<h3><strong>PRECAU\u00c7\u00d5ES<\/strong><\/h3>\n<p>*Este produto n\u00e3o se destina a diagnosticar, tratar, curar ou prevenir qualquer doen\u00e7a. Apenas para fins educacionais*<\/p>\n<p>Seguro para contacto com a boca, mas n\u00e3o destinado \u00e0 ingest\u00e3o.<\/p>","protected":false},"excerpt":{"rendered":"<p>Um b\u00e1lsamo sensual e nutritivo para a pele, feito com \u00f3leos bot\u00e2nicos que despertam os sentidos, potenciando a intimidade e a conex\u00e3o.<\/p>\n<p>Para ser aplicado criativamente em qualquer parte do corpo para um efeito naturalmente estimulante, ou para usar como lubrificante, intensificando a intimidade e o prazer.<\/p>","protected":false},"featured_media":2618,"comment_status":"open","ping_status":"closed","template":"","meta":{"_acf_changed":false,"_et_pb_use_builder":"","_et_pb_old_content":"","_et_gb_content_width":""},"product_brand":[],"product_cat":[127,240],"product_tag":[433,438,434,435,437,436],"class_list":{"0":"post-2583","1":"product","2":"type-product","3":"status-publish","4":"has-post-thumbnail","6":"product_cat-body-care","7":"product_cat-herbal-balms","8":"product_tag-aphrodisiac","9":"product_tag-damiana","10":"product_tag-love-balm","11":"product_tag-natural-lubricant","12":"product_tag-stimulant-balm","13":"product_tag-yoni-balm","14":"pa_ingredients-cacau","15":"pa_ingredients-calendula","16":"pa_ingredients-damiana","17":"pa_ingredients-gingko-biloba","18":"pa_ingredients-jasmine-essential-oil","20":"first","21":"instock","22":"taxable","23":"shipping-taxable","24":"purchasable","25":"product-type-simple"},"acf":[],"yoast_head":"<!-- This site is optimized with the Yoast SEO plugin v27.4 - https:\/\/yoast.com\/product\/yoast-seo-wordpress\/ -->\n<title>Aphrodisiac Love Balm<\/title>\n<meta name=\"description\" content=\"A sensuous, skin-nourishing balm made with botanical oils that awakens the senses. Aphrodisiac Love Balm enhances intimacy and connection.\" \/>\n<meta name=\"robots\" content=\"index, follow, max-snippet:-1, max-image-preview:large, max-video-preview:-1\" \/>\n<link rel=\"canonical\" href=\"https:\/\/masalacrua.pt\/pt\/produto\/love-balm\/\" \/>\n<meta property=\"og:locale\" content=\"pt_PT\" \/>\n<meta property=\"og:type\" content=\"article\" \/>\n<meta property=\"og:title\" content=\"Aphrodisiac Love Balm\" \/>\n<meta property=\"og:description\" content=\"A sensuous, skin-nourishing balm made with botanical oils that awakens the senses. Aphrodisiac Love Balm enhances intimacy and connection.\" \/>\n<meta property=\"og:url\" content=\"https:\/\/masalacrua.pt\/pt\/produto\/love-balm\/\" \/>\n<meta property=\"og:site_name\" content=\"masalaCRUA\" \/>\n<meta property=\"article:publisher\" content=\"https:\/\/www.facebook.com\/masalaCRUA\" \/>\n<meta property=\"article:modified_time\" content=\"2026-03-25T11:11:07+00:00\" \/>\n<meta property=\"og:image\" content=\"https:\/\/masalacrua.pt\/wp-content\/uploads\/2025\/07\/img_0505.jpeg\" \/>\n\t<meta property=\"og:image:width\" content=\"1000\" \/>\n\t<meta property=\"og:image:height\" content=\"750\" \/>\n\t<meta property=\"og:image:type\" content=\"image\/jpeg\" \/>\n<meta name=\"twitter:card\" content=\"summary_large_image\" \/>\n<meta name=\"twitter:label1\" content=\"Tempo estimado de leitura\" \/>\n\t<meta name=\"twitter:data1\" content=\"2 minutos\" \/>\n<script type=\"application\/ld+json\" class=\"yoast-schema-graph\">{\"@context\":\"https:\\\/\\\/schema.org\",\"@graph\":[{\"@type\":\"WebPage\",\"@id\":\"https:\\\/\\\/masalacrua.pt\\\/product\\\/love-balm\\\/\",\"url\":\"https:\\\/\\\/masalacrua.pt\\\/product\\\/love-balm\\\/\",\"name\":\"Aphrodisiac Love Balm\",\"isPartOf\":{\"@id\":\"https:\\\/\\\/masalacrua.pt\\\/#website\"},\"primaryImageOfPage\":{\"@id\":\"https:\\\/\\\/masalacrua.pt\\\/product\\\/love-balm\\\/#primaryimage\"},\"image\":{\"@id\":\"https:\\\/\\\/masalacrua.pt\\\/product\\\/love-balm\\\/#primaryimage\"},\"thumbnailUrl\":\"https:\\\/\\\/masalacrua.pt\\\/wp-content\\\/uploads\\\/2025\\\/07\\\/img_0505.jpeg\",\"datePublished\":\"2025-07-31T20:02:11+00:00\",\"dateModified\":\"2026-03-25T11:11:07+00:00\",\"description\":\"A sensuous, skin-nourishing balm made with botanical oils that awakens the senses. Aphrodisiac Love Balm enhances intimacy and connection.\",\"breadcrumb\":{\"@id\":\"https:\\\/\\\/masalacrua.pt\\\/product\\\/love-balm\\\/#breadcrumb\"},\"inLanguage\":\"pt-PT\",\"potentialAction\":[{\"@type\":\"ReadAction\",\"target\":[\"https:\\\/\\\/masalacrua.pt\\\/product\\\/love-balm\\\/\"]}]},{\"@type\":\"ImageObject\",\"inLanguage\":\"pt-PT\",\"@id\":\"https:\\\/\\\/masalacrua.pt\\\/product\\\/love-balm\\\/#primaryimage\",\"url\":\"https:\\\/\\\/masalacrua.pt\\\/wp-content\\\/uploads\\\/2025\\\/07\\\/img_0505.jpeg\",\"contentUrl\":\"https:\\\/\\\/masalacrua.pt\\\/wp-content\\\/uploads\\\/2025\\\/07\\\/img_0505.jpeg\",\"width\":1000,\"height\":750,\"caption\":\"Processed with VSCO with a9 preset\"},{\"@type\":\"BreadcrumbList\",\"@id\":\"https:\\\/\\\/masalacrua.pt\\\/product\\\/love-balm\\\/#breadcrumb\",\"itemListElement\":[{\"@type\":\"ListItem\",\"position\":1,\"name\":\"Home\",\"item\":\"https:\\\/\\\/masalacrua.pt\\\/\"},{\"@type\":\"ListItem\",\"position\":2,\"name\":\"SHOP\",\"item\":\"https:\\\/\\\/masalacrua.pt\\\/shop\\\/\"},{\"@type\":\"ListItem\",\"position\":3,\"name\":\"love balm | aphrodisiac\"}]},{\"@type\":\"WebSite\",\"@id\":\"https:\\\/\\\/masalacrua.pt\\\/#website\",\"url\":\"https:\\\/\\\/masalacrua.pt\\\/\",\"name\":\"masalaCRUA\",\"description\":\"natural creations\",\"publisher\":{\"@id\":\"https:\\\/\\\/masalacrua.pt\\\/#organization\"},\"potentialAction\":[{\"@type\":\"SearchAction\",\"target\":{\"@type\":\"EntryPoint\",\"urlTemplate\":\"https:\\\/\\\/masalacrua.pt\\\/?s={search_term_string}\"},\"query-input\":{\"@type\":\"PropertyValueSpecification\",\"valueRequired\":true,\"valueName\":\"search_term_string\"}}],\"inLanguage\":\"pt-PT\"},{\"@type\":\"Organization\",\"@id\":\"https:\\\/\\\/masalacrua.pt\\\/#organization\",\"name\":\"masalaCRUA\",\"url\":\"https:\\\/\\\/masalacrua.pt\\\/\",\"logo\":{\"@type\":\"ImageObject\",\"inLanguage\":\"pt-PT\",\"@id\":\"https:\\\/\\\/masalacrua.pt\\\/#\\\/schema\\\/logo\\\/image\\\/\",\"url\":\"https:\\\/\\\/masalacrua.pt\\\/wp-content\\\/uploads\\\/2021\\\/11\\\/LOGO-finalLOGO-EXPAND-5pt-copy.png\",\"contentUrl\":\"https:\\\/\\\/masalacrua.pt\\\/wp-content\\\/uploads\\\/2021\\\/11\\\/LOGO-finalLOGO-EXPAND-5pt-copy.png\",\"width\":767,\"height\":766,\"caption\":\"masalaCRUA\"},\"image\":{\"@id\":\"https:\\\/\\\/masalacrua.pt\\\/#\\\/schema\\\/logo\\\/image\\\/\"},\"sameAs\":[\"https:\\\/\\\/www.facebook.com\\\/masalaCRUA\",\"https:\\\/\\\/www.instagram.com\\\/masala.crua\\\/\"]}]}<\/script>\n<!-- \/ Yoast SEO plugin. -->","yoast_head_json":{"title":"Aphrodisiac Love Balm","description":"A sensuous, skin-nourishing balm made with botanical oils that awakens the senses. Aphrodisiac Love Balm enhances intimacy and connection.","robots":{"index":"index","follow":"follow","max-snippet":"max-snippet:-1","max-image-preview":"max-image-preview:large","max-video-preview":"max-video-preview:-1"},"canonical":"https:\/\/masalacrua.pt\/pt\/produto\/love-balm\/","og_locale":"pt_PT","og_type":"article","og_title":"Aphrodisiac Love Balm","og_description":"A sensuous, skin-nourishing balm made with botanical oils that awakens the senses. Aphrodisiac Love Balm enhances intimacy and connection.","og_url":"https:\/\/masalacrua.pt\/pt\/produto\/love-balm\/","og_site_name":"masalaCRUA","article_publisher":"https:\/\/www.facebook.com\/masalaCRUA","article_modified_time":"2026-03-25T11:11:07+00:00","og_image":[{"width":1000,"height":750,"url":"https:\/\/masalacrua.pt\/wp-content\/uploads\/2025\/07\/img_0505.jpeg","type":"image\/jpeg"}],"twitter_card":"summary_large_image","twitter_misc":{"Tempo estimado de leitura":"2 minutos"},"schema":{"@context":"https:\/\/schema.org","@graph":[{"@type":"WebPage","@id":"https:\/\/masalacrua.pt\/product\/love-balm\/","url":"https:\/\/masalacrua.pt\/product\/love-balm\/","name":"Aphrodisiac Love Balm","isPartOf":{"@id":"https:\/\/masalacrua.pt\/#website"},"primaryImageOfPage":{"@id":"https:\/\/masalacrua.pt\/product\/love-balm\/#primaryimage"},"image":{"@id":"https:\/\/masalacrua.pt\/product\/love-balm\/#primaryimage"},"thumbnailUrl":"https:\/\/masalacrua.pt\/wp-content\/uploads\/2025\/07\/img_0505.jpeg","datePublished":"2025-07-31T20:02:11+00:00","dateModified":"2026-03-25T11:11:07+00:00","description":"A sensuous, skin-nourishing balm made with botanical oils that awakens the senses. Aphrodisiac Love Balm enhances intimacy and connection.","breadcrumb":{"@id":"https:\/\/masalacrua.pt\/product\/love-balm\/#breadcrumb"},"inLanguage":"pt-PT","potentialAction":[{"@type":"ReadAction","target":["https:\/\/masalacrua.pt\/product\/love-balm\/"]}]},{"@type":"ImageObject","inLanguage":"pt-PT","@id":"https:\/\/masalacrua.pt\/product\/love-balm\/#primaryimage","url":"https:\/\/masalacrua.pt\/wp-content\/uploads\/2025\/07\/img_0505.jpeg","contentUrl":"https:\/\/masalacrua.pt\/wp-content\/uploads\/2025\/07\/img_0505.jpeg","width":1000,"height":750,"caption":"Processed with VSCO with a9 preset"},{"@type":"BreadcrumbList","@id":"https:\/\/masalacrua.pt\/product\/love-balm\/#breadcrumb","itemListElement":[{"@type":"ListItem","position":1,"name":"Home","item":"https:\/\/masalacrua.pt\/"},{"@type":"ListItem","position":2,"name":"SHOP","item":"https:\/\/masalacrua.pt\/shop\/"},{"@type":"ListItem","position":3,"name":"love balm | aphrodisiac"}]},{"@type":"WebSite","@id":"https:\/\/masalacrua.pt\/#website","url":"https:\/\/masalacrua.pt\/","name":"masalaCRUA","description":"natural creations","publisher":{"@id":"https:\/\/masalacrua.pt\/#organization"},"potentialAction":[{"@type":"SearchAction","target":{"@type":"EntryPoint","urlTemplate":"https:\/\/masalacrua.pt\/?s={search_term_string}"},"query-input":{"@type":"PropertyValueSpecification","valueRequired":true,"valueName":"search_term_string"}}],"inLanguage":"pt-PT"},{"@type":"Organization","@id":"https:\/\/masalacrua.pt\/#organization","name":"masalaCRUA","url":"https:\/\/masalacrua.pt\/","logo":{"@type":"ImageObject","inLanguage":"pt-PT","@id":"https:\/\/masalacrua.pt\/#\/schema\/logo\/image\/","url":"https:\/\/masalacrua.pt\/wp-content\/uploads\/2021\/11\/LOGO-finalLOGO-EXPAND-5pt-copy.png","contentUrl":"https:\/\/masalacrua.pt\/wp-content\/uploads\/2021\/11\/LOGO-finalLOGO-EXPAND-5pt-copy.png","width":767,"height":766,"caption":"masalaCRUA"},"image":{"@id":"https:\/\/masalacrua.pt\/#\/schema\/logo\/image\/"},"sameAs":["https:\/\/www.facebook.com\/masalaCRUA","https:\/\/www.instagram.com\/masala.crua\/"]}]}},"jetpack_sharing_enabled":true,"_links":{"self":[{"href":"https:\/\/masalacrua.pt\/pt\/wp-json\/wp\/v2\/product\/2583","targetHints":{"allow":["GET"]}}],"collection":[{"href":"https:\/\/masalacrua.pt\/pt\/wp-json\/wp\/v2\/product"}],"about":[{"href":"https:\/\/masalacrua.pt\/pt\/wp-json\/wp\/v2\/types\/product"}],"replies":[{"embeddable":true,"href":"https:\/\/masalacrua.pt\/pt\/wp-json\/wp\/v2\/comments?post=2583"}],"wp:featuredmedia":[{"embeddable":true,"href":"https:\/\/masalacrua.pt\/pt\/wp-json\/wp\/v2\/media\/2618"}],"wp:attachment":[{"href":"https:\/\/masalacrua.pt\/pt\/wp-json\/wp\/v2\/media?parent=2583"}],"wp:term":[{"taxonomy":"product_brand","embeddable":true,"href":"https:\/\/masalacrua.pt\/pt\/wp-json\/wp\/v2\/product_brand?post=2583"},{"taxonomy":"product_cat","embeddable":true,"href":"https:\/\/masalacrua.pt\/pt\/wp-json\/wp\/v2\/product_cat?post=2583"},{"taxonomy":"product_tag","embeddable":true,"href":"https:\/\/masalacrua.pt\/pt\/wp-json\/wp\/v2\/product_tag?post=2583"}],"curies":[{"name":"wp","href":"https:\/\/api.w.org\/{rel}","templated":true}]}}