{"id":2943,"date":"2025-11-10T20:19:29","date_gmt":"2025-11-10T20:19:29","guid":{"rendered":"https:\/\/masalacrua.pt\/?post_type=product&#038;p=2943"},"modified":"2026-03-15T20:14:35","modified_gmt":"2026-03-15T20:14:35","slug":"masala-giftbox-body-care","status":"publish","type":"product","link":"https:\/\/masalacrua.pt\/pt\/produto\/masala-giftbox-body-care\/","title":{"rendered":"MASALA GIFTBOX | CUIDADOS DO CORPO"},"content":{"rendered":"<h3 data-start=\"345\" data-end=\"547\"><strong>A GIFTBOX DE CUIDADOS DO CORPO<\/strong><\/h3>\n<p data-start=\"345\" data-end=\"547\">Desfruta de um cuidado amoroso para o corpo e alegria para a alma com este conjunto de oferta cuidadosamente selecionado. Ideal para o autocuidado pessoal ou como um presente natural e atencioso.<\/p>\n<p data-start=\"345\" data-end=\"547\">Este belo conjunto artesanal inclui:<\/p>\n<ul data-start=\"549\" data-end=\"991\">\n<li data-section-id=\"h68dt8\" data-start=\"549\" data-end=\"707\">\n<p data-start=\"551\" data-end=\"707\" class=\"translation-block\"><strong>Sabonete Artesanal <\/strong>(100g) \u2013 selecionado aleatoriamente da nossa <a href=\"https:\/\/masalacrua.pt\/pt\/categoria-produto\/shop\/natural-skin-care\/artisanal-soap\/\" target=\"_blank\" rel=\"noopener\">cole\u00e7\u00e3o<\/a>. Se desejares escolher um sabonete espec\u00edfico, por favor adiciona uma nota nos coment\u00e1rios, sujeito \u00e0 disponibilidade de stock.<\/p>\n<\/li>\n<li data-section-id=\"xdw9qy\" data-start=\"708\" data-end=\"849\">\n<p data-start=\"710\" data-end=\"849\" class=\"translation-block\"><strong>B\u00e1lsamo Labial<\/strong> (15 ml) \u2013 <a href=\"https:\/\/masalacrua.pt\/pt\/produto\/lipbalm-sage-lavender\/\" target=\"_blank\" rel=\"noopener\">b\u00e1lsamo labial reparador<\/a> de salva e alfazema, enriquecido com manteiga de karit\u00e9, manteiga de cacau e \u00f3leo de r\u00edcino, concebido para hidratar, proteger e reparar os l\u00e1bios.<\/p>\n<\/li>\n<li data-section-id=\"e2ch4f\" data-start=\"850\" data-end=\"991\">\n<p data-start=\"852\" data-end=\"991\" class=\"translation-block\">Perfume Roll-on de lavanda (10 ml) \u2013 <a href=\"https:\/\/masalacrua.pt\/pt\/produto\/natural-perfume-lavender\/\" target=\"_blank\" rel=\"noopener\">perfume \u00e0 base de \u00f3leo com \u00f3leo essencial de lavanda<\/a>, oferecendo um aroma suave e calmante para uso di\u00e1rio.<\/p>\n<\/li>\n<\/ul>\n<p data-start=\"993\" data-end=\"1165\">Cada produto \u00e9 fabricado artesanalmente com ingredientes naturais, combinando cuidado, nutri\u00e7\u00e3o e um ritual consciente num set pronto a oferecer \u2014 perfeito para ti ou para algu\u00e9m especial.<\/p>","protected":false},"excerpt":{"rendered":"<p>A Giftbox de Cuidados do Corpo \u2013 um conjunto artesanal que inclui sabonete, b\u00e1lsamo labial e roll-on de alfazema, perfeito para cuidar do teu corpo e elevar o teu esp\u00edrito.<\/p>","protected":false},"featured_media":2935,"comment_status":"open","ping_status":"closed","template":"","meta":{"_acf_changed":false,"_et_pb_use_builder":"","_et_pb_old_content":"","_et_gb_content_width":""},"product_brand":[],"product_cat":[128,127,130],"product_tag":[275],"class_list":{"0":"post-2943","1":"product","2":"type-product","3":"status-publish","4":"has-post-thumbnail","6":"product_cat-artisanal-soap","7":"product_cat-body-care","8":"product_cat-accessories","9":"product_tag-giftbox","11":"first","12":"instock","13":"taxable","14":"shipping-taxable","15":"purchasable","16":"product-type-simple"},"acf":[],"yoast_head":"<!-- This site is optimized with the Yoast SEO plugin v27.4 - https:\/\/yoast.com\/product\/yoast-seo-wordpress\/ -->\n<title>Body Care Giftbox<\/title>\n<meta name=\"description\" content=\"The Body Care Giftbox \u2013 a handcrafted set including soap, lip balm, and lavender roll-on, perfect for nurturing your body and lifting your spirit.\" \/>\n<meta name=\"robots\" content=\"index, follow, max-snippet:-1, max-image-preview:large, max-video-preview:-1\" \/>\n<link rel=\"canonical\" href=\"https:\/\/masalacrua.pt\/pt\/produto\/masala-giftbox-body-care\/\" \/>\n<meta property=\"og:locale\" content=\"pt_PT\" \/>\n<meta property=\"og:type\" content=\"article\" \/>\n<meta property=\"og:title\" content=\"Body Care Giftbox\" \/>\n<meta property=\"og:description\" content=\"The Body Care Giftbox \u2013 a handcrafted set including soap, lip balm, and lavender roll-on, perfect for nurturing your body and lifting your spirit.\" \/>\n<meta property=\"og:url\" content=\"https:\/\/masalacrua.pt\/pt\/produto\/masala-giftbox-body-care\/\" \/>\n<meta property=\"og:site_name\" content=\"masalaCRUA\" \/>\n<meta property=\"article:publisher\" content=\"https:\/\/www.facebook.com\/masalaCRUA\" \/>\n<meta property=\"article:modified_time\" content=\"2026-03-15T20:14:35+00:00\" \/>\n<meta property=\"og:image\" content=\"https:\/\/masalacrua.pt\/wp-content\/uploads\/2023\/11\/img_1756.jpeg\" \/>\n\t<meta property=\"og:image:width\" content=\"1000\" \/>\n\t<meta property=\"og:image:height\" content=\"1333\" \/>\n\t<meta property=\"og:image:type\" content=\"image\/jpeg\" \/>\n<meta name=\"twitter:card\" content=\"summary_large_image\" \/>\n<meta name=\"twitter:label1\" content=\"Tempo estimado de leitura\" \/>\n\t<meta name=\"twitter:data1\" content=\"1 minuto\" \/>\n<script type=\"application\/ld+json\" class=\"yoast-schema-graph\">{\"@context\":\"https:\\\/\\\/schema.org\",\"@graph\":[{\"@type\":\"WebPage\",\"@id\":\"https:\\\/\\\/masalacrua.pt\\\/product\\\/masala-giftbox-body-care\\\/\",\"url\":\"https:\\\/\\\/masalacrua.pt\\\/product\\\/masala-giftbox-body-care\\\/\",\"name\":\"Body Care Giftbox\",\"isPartOf\":{\"@id\":\"https:\\\/\\\/masalacrua.pt\\\/#website\"},\"primaryImageOfPage\":{\"@id\":\"https:\\\/\\\/masalacrua.pt\\\/product\\\/masala-giftbox-body-care\\\/#primaryimage\"},\"image\":{\"@id\":\"https:\\\/\\\/masalacrua.pt\\\/product\\\/masala-giftbox-body-care\\\/#primaryimage\"},\"thumbnailUrl\":\"https:\\\/\\\/masalacrua.pt\\\/wp-content\\\/uploads\\\/2023\\\/11\\\/img_1756.jpeg\",\"datePublished\":\"2025-11-10T20:19:29+00:00\",\"dateModified\":\"2026-03-15T20:14:35+00:00\",\"description\":\"The Body Care Giftbox \u2013 a handcrafted set including soap, lip balm, and lavender roll-on, perfect for nurturing your body and lifting your spirit.\",\"breadcrumb\":{\"@id\":\"https:\\\/\\\/masalacrua.pt\\\/product\\\/masala-giftbox-body-care\\\/#breadcrumb\"},\"inLanguage\":\"pt-PT\",\"potentialAction\":[{\"@type\":\"ReadAction\",\"target\":[\"https:\\\/\\\/masalacrua.pt\\\/product\\\/masala-giftbox-body-care\\\/\"]}]},{\"@type\":\"ImageObject\",\"inLanguage\":\"pt-PT\",\"@id\":\"https:\\\/\\\/masalacrua.pt\\\/product\\\/masala-giftbox-body-care\\\/#primaryimage\",\"url\":\"https:\\\/\\\/masalacrua.pt\\\/wp-content\\\/uploads\\\/2023\\\/11\\\/img_1756.jpeg\",\"contentUrl\":\"https:\\\/\\\/masalacrua.pt\\\/wp-content\\\/uploads\\\/2023\\\/11\\\/img_1756.jpeg\",\"width\":1000,\"height\":1333,\"caption\":\"Processed with VSCO with a9 preset\"},{\"@type\":\"BreadcrumbList\",\"@id\":\"https:\\\/\\\/masalacrua.pt\\\/product\\\/masala-giftbox-body-care\\\/#breadcrumb\",\"itemListElement\":[{\"@type\":\"ListItem\",\"position\":1,\"name\":\"Home\",\"item\":\"https:\\\/\\\/masalacrua.pt\\\/\"},{\"@type\":\"ListItem\",\"position\":2,\"name\":\"SHOP\",\"item\":\"https:\\\/\\\/masalacrua.pt\\\/shop\\\/\"},{\"@type\":\"ListItem\",\"position\":3,\"name\":\"masala giftbox | body care\"}]},{\"@type\":\"WebSite\",\"@id\":\"https:\\\/\\\/masalacrua.pt\\\/#website\",\"url\":\"https:\\\/\\\/masalacrua.pt\\\/\",\"name\":\"masalaCRUA\",\"description\":\"natural creations\",\"publisher\":{\"@id\":\"https:\\\/\\\/masalacrua.pt\\\/#organization\"},\"potentialAction\":[{\"@type\":\"SearchAction\",\"target\":{\"@type\":\"EntryPoint\",\"urlTemplate\":\"https:\\\/\\\/masalacrua.pt\\\/?s={search_term_string}\"},\"query-input\":{\"@type\":\"PropertyValueSpecification\",\"valueRequired\":true,\"valueName\":\"search_term_string\"}}],\"inLanguage\":\"pt-PT\"},{\"@type\":\"Organization\",\"@id\":\"https:\\\/\\\/masalacrua.pt\\\/#organization\",\"name\":\"masalaCRUA\",\"url\":\"https:\\\/\\\/masalacrua.pt\\\/\",\"logo\":{\"@type\":\"ImageObject\",\"inLanguage\":\"pt-PT\",\"@id\":\"https:\\\/\\\/masalacrua.pt\\\/#\\\/schema\\\/logo\\\/image\\\/\",\"url\":\"https:\\\/\\\/masalacrua.pt\\\/wp-content\\\/uploads\\\/2021\\\/11\\\/LOGO-finalLOGO-EXPAND-5pt-copy.png\",\"contentUrl\":\"https:\\\/\\\/masalacrua.pt\\\/wp-content\\\/uploads\\\/2021\\\/11\\\/LOGO-finalLOGO-EXPAND-5pt-copy.png\",\"width\":767,\"height\":766,\"caption\":\"masalaCRUA\"},\"image\":{\"@id\":\"https:\\\/\\\/masalacrua.pt\\\/#\\\/schema\\\/logo\\\/image\\\/\"},\"sameAs\":[\"https:\\\/\\\/www.facebook.com\\\/masalaCRUA\",\"https:\\\/\\\/www.instagram.com\\\/masala.crua\\\/\"]}]}<\/script>\n<!-- \/ Yoast SEO plugin. -->","yoast_head_json":{"title":"Body Care Giftbox","description":"A Giftbox de Cuidados do Corpo \u2013 um conjunto artesanal que inclui sabonete, b\u00e1lsamo labial e roll-on de alfazema, perfeito para cuidar do teu corpo e elevar o teu esp\u00edrito.","robots":{"index":"index","follow":"follow","max-snippet":"max-snippet:-1","max-image-preview":"max-image-preview:large","max-video-preview":"max-video-preview:-1"},"canonical":"https:\/\/masalacrua.pt\/pt\/produto\/masala-giftbox-body-care\/","og_locale":"pt_PT","og_type":"article","og_title":"Body Care Giftbox","og_description":"The Body Care Giftbox \u2013 a handcrafted set including soap, lip balm, and lavender roll-on, perfect for nurturing your body and lifting your spirit.","og_url":"https:\/\/masalacrua.pt\/pt\/produto\/masala-giftbox-body-care\/","og_site_name":"masalaCRUA","article_publisher":"https:\/\/www.facebook.com\/masalaCRUA","article_modified_time":"2026-03-15T20:14:35+00:00","og_image":[{"width":1000,"height":1333,"url":"https:\/\/masalacrua.pt\/wp-content\/uploads\/2023\/11\/img_1756.jpeg","type":"image\/jpeg"}],"twitter_card":"summary_large_image","twitter_misc":{"Tempo estimado de leitura":"1 minuto"},"schema":{"@context":"https:\/\/schema.org","@graph":[{"@type":"WebPage","@id":"https:\/\/masalacrua.pt\/product\/masala-giftbox-body-care\/","url":"https:\/\/masalacrua.pt\/product\/masala-giftbox-body-care\/","name":"Body Care Giftbox","isPartOf":{"@id":"https:\/\/masalacrua.pt\/#website"},"primaryImageOfPage":{"@id":"https:\/\/masalacrua.pt\/product\/masala-giftbox-body-care\/#primaryimage"},"image":{"@id":"https:\/\/masalacrua.pt\/product\/masala-giftbox-body-care\/#primaryimage"},"thumbnailUrl":"https:\/\/masalacrua.pt\/wp-content\/uploads\/2023\/11\/img_1756.jpeg","datePublished":"2025-11-10T20:19:29+00:00","dateModified":"2026-03-15T20:14:35+00:00","description":"A Giftbox de Cuidados do Corpo \u2013 um conjunto artesanal que inclui sabonete, b\u00e1lsamo labial e roll-on de alfazema, perfeito para cuidar do teu corpo e elevar o teu esp\u00edrito.","breadcrumb":{"@id":"https:\/\/masalacrua.pt\/product\/masala-giftbox-body-care\/#breadcrumb"},"inLanguage":"pt-PT","potentialAction":[{"@type":"ReadAction","target":["https:\/\/masalacrua.pt\/product\/masala-giftbox-body-care\/"]}]},{"@type":"ImageObject","inLanguage":"pt-PT","@id":"https:\/\/masalacrua.pt\/product\/masala-giftbox-body-care\/#primaryimage","url":"https:\/\/masalacrua.pt\/wp-content\/uploads\/2023\/11\/img_1756.jpeg","contentUrl":"https:\/\/masalacrua.pt\/wp-content\/uploads\/2023\/11\/img_1756.jpeg","width":1000,"height":1333,"caption":"Processed with VSCO with a9 preset"},{"@type":"BreadcrumbList","@id":"https:\/\/masalacrua.pt\/product\/masala-giftbox-body-care\/#breadcrumb","itemListElement":[{"@type":"ListItem","position":1,"name":"Home","item":"https:\/\/masalacrua.pt\/"},{"@type":"ListItem","position":2,"name":"SHOP","item":"https:\/\/masalacrua.pt\/shop\/"},{"@type":"ListItem","position":3,"name":"masala giftbox | body care"}]},{"@type":"WebSite","@id":"https:\/\/masalacrua.pt\/#website","url":"https:\/\/masalacrua.pt\/","name":"masalaCRUA","description":"natural creations","publisher":{"@id":"https:\/\/masalacrua.pt\/#organization"},"potentialAction":[{"@type":"SearchAction","target":{"@type":"EntryPoint","urlTemplate":"https:\/\/masalacrua.pt\/?s={search_term_string}"},"query-input":{"@type":"PropertyValueSpecification","valueRequired":true,"valueName":"search_term_string"}}],"inLanguage":"pt-PT"},{"@type":"Organization","@id":"https:\/\/masalacrua.pt\/#organization","name":"masalaCRUA","url":"https:\/\/masalacrua.pt\/","logo":{"@type":"ImageObject","inLanguage":"pt-PT","@id":"https:\/\/masalacrua.pt\/#\/schema\/logo\/image\/","url":"https:\/\/masalacrua.pt\/wp-content\/uploads\/2021\/11\/LOGO-finalLOGO-EXPAND-5pt-copy.png","contentUrl":"https:\/\/masalacrua.pt\/wp-content\/uploads\/2021\/11\/LOGO-finalLOGO-EXPAND-5pt-copy.png","width":767,"height":766,"caption":"masalaCRUA"},"image":{"@id":"https:\/\/masalacrua.pt\/#\/schema\/logo\/image\/"},"sameAs":["https:\/\/www.facebook.com\/masalaCRUA","https:\/\/www.instagram.com\/masala.crua\/"]}]}},"jetpack_sharing_enabled":true,"_links":{"self":[{"href":"https:\/\/masalacrua.pt\/pt\/wp-json\/wp\/v2\/product\/2943","targetHints":{"allow":["GET"]}}],"collection":[{"href":"https:\/\/masalacrua.pt\/pt\/wp-json\/wp\/v2\/product"}],"about":[{"href":"https:\/\/masalacrua.pt\/pt\/wp-json\/wp\/v2\/types\/product"}],"replies":[{"embeddable":true,"href":"https:\/\/masalacrua.pt\/pt\/wp-json\/wp\/v2\/comments?post=2943"}],"wp:featuredmedia":[{"embeddable":true,"href":"https:\/\/masalacrua.pt\/pt\/wp-json\/wp\/v2\/media\/2935"}],"wp:attachment":[{"href":"https:\/\/masalacrua.pt\/pt\/wp-json\/wp\/v2\/media?parent=2943"}],"wp:term":[{"taxonomy":"product_brand","embeddable":true,"href":"https:\/\/masalacrua.pt\/pt\/wp-json\/wp\/v2\/product_brand?post=2943"},{"taxonomy":"product_cat","embeddable":true,"href":"https:\/\/masalacrua.pt\/pt\/wp-json\/wp\/v2\/product_cat?post=2943"},{"taxonomy":"product_tag","embeddable":true,"href":"https:\/\/masalacrua.pt\/pt\/wp-json\/wp\/v2\/product_tag?post=2943"}],"curies":[{"name":"wp","href":"https:\/\/api.w.org\/{rel}","templated":true}]}}