{"id":2946,"date":"2025-11-10T20:29:07","date_gmt":"2025-11-10T20:29:07","guid":{"rendered":"https:\/\/masalacrua.pt\/?post_type=product&#038;p=2946"},"modified":"2026-03-15T20:13:14","modified_gmt":"2026-03-15T20:13:14","slug":"masala-giftbox-skin-care","status":"publish","type":"product","link":"https:\/\/masalacrua.pt\/pt\/produto\/masala-giftbox-skin-care\/","title":{"rendered":"masala giftbox | cuidados da pele"},"content":{"rendered":"<h3><strong>A giftbox de cuidados da pele<\/strong><\/h3>\n<p data-start=\"409\" data-end=\"535\">Apoie a sua pele com um cuidado natural e regenerador atrav\u00e9s deste conjunto de oferta cuidadosamente selecionado.<\/p>\n<p data-start=\"409\" data-end=\"535\">Este conjunto inclui:<\/p>\n<ul data-start=\"537\" data-end=\"892\">\n<li data-section-id=\"x7m32q\" data-start=\"537\" data-end=\"652\">\n<p data-start=\"539\" data-end=\"652\" class=\"translation-block\"><strong data-start=\"539\" data-end=\"553\">B\u00e1lsamo de Tigre<\/strong> (30ml) \u2013 um <a href=\"https:\/\/masalacrua.pt\/pt\/produto\/tiger-balm-hypericum-arnica\/\" target=\"_blank\" rel=\"noopener\">b\u00e1lsamo herbal<\/a> medicinal com arnica, ideal para aliviar o desconforto e a tens\u00e3o muscular.<\/p>\n<\/li>\n<li data-section-id=\"plsrj3\" data-start=\"653\" data-end=\"764\">\n<p data-start=\"655\" data-end=\"764\" class=\"translation-block\"><strong data-start=\"655\" data-end=\"673\">Sangue de Drag\u00e3o<\/strong> (10ml) \u2013 <a href=\"https:\/\/masalacrua.pt\/pt\/produto\/dragons-blood\/\" target=\"_blank\" rel=\"noopener\">extrato de resina<\/a> da Amaz\u00f3nia, tradicionalmente utilizado para cicatrizar feridas e herpes labial.<\/p>\n<\/li>\n<li data-section-id=\"1e9q37g\" data-start=\"765\" data-end=\"892\">\n<p data-start=\"767\" data-end=\"892\" class=\"translation-block\"><strong data-start=\"767\" data-end=\"782\">\u00d3leo de Massagem<\/strong> (30ml) \u2013 um <a href=\"https:\/\/masalacrua.pt\/pt\/produto\/body-oil-lavender-jasmin\/\" target=\"_blank\" rel=\"noopener\">\u00f3leo infundido<\/a> com alfazema, cal\u00eandula e arnica, perfeito para a hidrata\u00e7\u00e3o di\u00e1ria da pele ou para massagem.<\/p>\n<\/li>\n<\/ul>\n<p data-start=\"894\" data-end=\"1080\">Cada produto \u00e9 fabricado artesanalmente com ingredientes naturais, combinando bem-estar, nutri\u00e7\u00e3o e um autocuidado consciente num conjunto de oferta \u2014 ideal para mimar-se a si pr\u00f3pria ou a algu\u00e9m especial.<\/p>","protected":false},"excerpt":{"rendered":"<p>A giftbox de cuidados da pele \u2013 um conjunto artesanal que inclui b\u00e1lsamo de tigre, sangue de drag\u00e3o e \u00f3leo de massagem, perfeito para nutrir, cicatrizar e cuidar da pele.<\/p>","protected":false},"featured_media":2947,"comment_status":"open","ping_status":"closed","template":"","meta":{"_acf_changed":false,"_et_pb_use_builder":"","_et_pb_old_content":"","_et_gb_content_width":""},"product_brand":[],"product_cat":[130,240],"product_tag":[275],"class_list":{"0":"post-2946","1":"product","2":"type-product","3":"status-publish","4":"has-post-thumbnail","6":"product_cat-accessories","7":"product_cat-herbal-balms","8":"product_tag-giftbox","10":"first","11":"instock","12":"taxable","13":"shipping-taxable","14":"purchasable","15":"product-type-simple"},"acf":[],"yoast_head":"<!-- This site is optimized with the Yoast SEO plugin v27.4 - https:\/\/yoast.com\/product\/yoast-seo-wordpress\/ -->\n<title>Skin Care Giftbox<\/title>\n<meta name=\"description\" content=\"The Skin Care Giftbox \u2013 a handcrafted set including tiger balm, dragon\u2019s blood, and massage oil, perfect for nourishing, healing, and caring for the skin.\" \/>\n<meta name=\"robots\" content=\"index, follow, max-snippet:-1, max-image-preview:large, max-video-preview:-1\" \/>\n<link rel=\"canonical\" href=\"https:\/\/masalacrua.pt\/pt\/produto\/masala-giftbox-skin-care\/\" \/>\n<meta property=\"og:locale\" content=\"pt_PT\" \/>\n<meta property=\"og:type\" content=\"article\" \/>\n<meta property=\"og:title\" content=\"Skin Care Giftbox\" \/>\n<meta property=\"og:description\" content=\"The Skin Care Giftbox \u2013 a handcrafted set including tiger balm, dragon\u2019s blood, and massage oil, perfect for nourishing, healing, and caring for the skin.\" \/>\n<meta property=\"og:url\" content=\"https:\/\/masalacrua.pt\/pt\/produto\/masala-giftbox-skin-care\/\" \/>\n<meta property=\"og:site_name\" content=\"masalaCRUA\" \/>\n<meta property=\"article:publisher\" content=\"https:\/\/www.facebook.com\/masalaCRUA\" \/>\n<meta property=\"article:modified_time\" content=\"2026-03-15T20:13:14+00:00\" \/>\n<meta property=\"og:image\" content=\"https:\/\/masalacrua.pt\/wp-content\/uploads\/2023\/11\/img_1755.jpeg\" \/>\n\t<meta property=\"og:image:width\" content=\"1000\" \/>\n\t<meta property=\"og:image:height\" content=\"1333\" \/>\n\t<meta property=\"og:image:type\" content=\"image\/jpeg\" \/>\n<meta name=\"twitter:card\" content=\"summary_large_image\" \/>\n<meta name=\"twitter:label1\" content=\"Tempo estimado de leitura\" \/>\n\t<meta name=\"twitter:data1\" content=\"1 minuto\" \/>\n<script type=\"application\/ld+json\" class=\"yoast-schema-graph\">{\"@context\":\"https:\\\/\\\/schema.org\",\"@graph\":[{\"@type\":\"WebPage\",\"@id\":\"https:\\\/\\\/masalacrua.pt\\\/product\\\/masala-giftbox-skin-care\\\/\",\"url\":\"https:\\\/\\\/masalacrua.pt\\\/product\\\/masala-giftbox-skin-care\\\/\",\"name\":\"Skin Care Giftbox\",\"isPartOf\":{\"@id\":\"https:\\\/\\\/masalacrua.pt\\\/#website\"},\"primaryImageOfPage\":{\"@id\":\"https:\\\/\\\/masalacrua.pt\\\/product\\\/masala-giftbox-skin-care\\\/#primaryimage\"},\"image\":{\"@id\":\"https:\\\/\\\/masalacrua.pt\\\/product\\\/masala-giftbox-skin-care\\\/#primaryimage\"},\"thumbnailUrl\":\"https:\\\/\\\/masalacrua.pt\\\/wp-content\\\/uploads\\\/2023\\\/11\\\/img_1755.jpeg\",\"datePublished\":\"2025-11-10T20:29:07+00:00\",\"dateModified\":\"2026-03-15T20:13:14+00:00\",\"description\":\"The Skin Care Giftbox \u2013 a handcrafted set including tiger balm, dragon\u2019s blood, and massage oil, perfect for nourishing, healing, and caring for the skin.\",\"breadcrumb\":{\"@id\":\"https:\\\/\\\/masalacrua.pt\\\/product\\\/masala-giftbox-skin-care\\\/#breadcrumb\"},\"inLanguage\":\"pt-PT\",\"potentialAction\":[{\"@type\":\"ReadAction\",\"target\":[\"https:\\\/\\\/masalacrua.pt\\\/product\\\/masala-giftbox-skin-care\\\/\"]}]},{\"@type\":\"ImageObject\",\"inLanguage\":\"pt-PT\",\"@id\":\"https:\\\/\\\/masalacrua.pt\\\/product\\\/masala-giftbox-skin-care\\\/#primaryimage\",\"url\":\"https:\\\/\\\/masalacrua.pt\\\/wp-content\\\/uploads\\\/2023\\\/11\\\/img_1755.jpeg\",\"contentUrl\":\"https:\\\/\\\/masalacrua.pt\\\/wp-content\\\/uploads\\\/2023\\\/11\\\/img_1755.jpeg\",\"width\":1000,\"height\":1333,\"caption\":\"Processed with VSCO with a9 preset\"},{\"@type\":\"BreadcrumbList\",\"@id\":\"https:\\\/\\\/masalacrua.pt\\\/product\\\/masala-giftbox-skin-care\\\/#breadcrumb\",\"itemListElement\":[{\"@type\":\"ListItem\",\"position\":1,\"name\":\"Home\",\"item\":\"https:\\\/\\\/masalacrua.pt\\\/\"},{\"@type\":\"ListItem\",\"position\":2,\"name\":\"SHOP\",\"item\":\"https:\\\/\\\/masalacrua.pt\\\/shop\\\/\"},{\"@type\":\"ListItem\",\"position\":3,\"name\":\"masala giftbox | skin care\"}]},{\"@type\":\"WebSite\",\"@id\":\"https:\\\/\\\/masalacrua.pt\\\/#website\",\"url\":\"https:\\\/\\\/masalacrua.pt\\\/\",\"name\":\"masalaCRUA\",\"description\":\"natural creations\",\"publisher\":{\"@id\":\"https:\\\/\\\/masalacrua.pt\\\/#organization\"},\"potentialAction\":[{\"@type\":\"SearchAction\",\"target\":{\"@type\":\"EntryPoint\",\"urlTemplate\":\"https:\\\/\\\/masalacrua.pt\\\/?s={search_term_string}\"},\"query-input\":{\"@type\":\"PropertyValueSpecification\",\"valueRequired\":true,\"valueName\":\"search_term_string\"}}],\"inLanguage\":\"pt-PT\"},{\"@type\":\"Organization\",\"@id\":\"https:\\\/\\\/masalacrua.pt\\\/#organization\",\"name\":\"masalaCRUA\",\"url\":\"https:\\\/\\\/masalacrua.pt\\\/\",\"logo\":{\"@type\":\"ImageObject\",\"inLanguage\":\"pt-PT\",\"@id\":\"https:\\\/\\\/masalacrua.pt\\\/#\\\/schema\\\/logo\\\/image\\\/\",\"url\":\"https:\\\/\\\/masalacrua.pt\\\/wp-content\\\/uploads\\\/2021\\\/11\\\/LOGO-finalLOGO-EXPAND-5pt-copy.png\",\"contentUrl\":\"https:\\\/\\\/masalacrua.pt\\\/wp-content\\\/uploads\\\/2021\\\/11\\\/LOGO-finalLOGO-EXPAND-5pt-copy.png\",\"width\":767,\"height\":766,\"caption\":\"masalaCRUA\"},\"image\":{\"@id\":\"https:\\\/\\\/masalacrua.pt\\\/#\\\/schema\\\/logo\\\/image\\\/\"},\"sameAs\":[\"https:\\\/\\\/www.facebook.com\\\/masalaCRUA\",\"https:\\\/\\\/www.instagram.com\\\/masala.crua\\\/\"]}]}<\/script>\n<!-- \/ Yoast SEO plugin. -->","yoast_head_json":{"title":"Skin Care Giftbox","description":"A giftbox de cuidados da pele \u2013 um conjunto artesanal que inclui b\u00e1lsamo de tigre, sangue de drag\u00e3o e \u00f3leo de massagem, perfeito para nutrir, cicatrizar e cuidar da pele.","robots":{"index":"index","follow":"follow","max-snippet":"max-snippet:-1","max-image-preview":"max-image-preview:large","max-video-preview":"max-video-preview:-1"},"canonical":"https:\/\/masalacrua.pt\/pt\/produto\/masala-giftbox-skin-care\/","og_locale":"pt_PT","og_type":"article","og_title":"Skin Care Giftbox","og_description":"The Skin Care Giftbox \u2013 a handcrafted set including tiger balm, dragon\u2019s blood, and massage oil, perfect for nourishing, healing, and caring for the skin.","og_url":"https:\/\/masalacrua.pt\/pt\/produto\/masala-giftbox-skin-care\/","og_site_name":"masalaCRUA","article_publisher":"https:\/\/www.facebook.com\/masalaCRUA","article_modified_time":"2026-03-15T20:13:14+00:00","og_image":[{"width":1000,"height":1333,"url":"https:\/\/masalacrua.pt\/wp-content\/uploads\/2023\/11\/img_1755.jpeg","type":"image\/jpeg"}],"twitter_card":"summary_large_image","twitter_misc":{"Tempo estimado de leitura":"1 minuto"},"schema":{"@context":"https:\/\/schema.org","@graph":[{"@type":"WebPage","@id":"https:\/\/masalacrua.pt\/product\/masala-giftbox-skin-care\/","url":"https:\/\/masalacrua.pt\/product\/masala-giftbox-skin-care\/","name":"Skin Care Giftbox","isPartOf":{"@id":"https:\/\/masalacrua.pt\/#website"},"primaryImageOfPage":{"@id":"https:\/\/masalacrua.pt\/product\/masala-giftbox-skin-care\/#primaryimage"},"image":{"@id":"https:\/\/masalacrua.pt\/product\/masala-giftbox-skin-care\/#primaryimage"},"thumbnailUrl":"https:\/\/masalacrua.pt\/wp-content\/uploads\/2023\/11\/img_1755.jpeg","datePublished":"2025-11-10T20:29:07+00:00","dateModified":"2026-03-15T20:13:14+00:00","description":"A giftbox de cuidados da pele \u2013 um conjunto artesanal que inclui b\u00e1lsamo de tigre, sangue de drag\u00e3o e \u00f3leo de massagem, perfeito para nutrir, cicatrizar e cuidar da pele.","breadcrumb":{"@id":"https:\/\/masalacrua.pt\/product\/masala-giftbox-skin-care\/#breadcrumb"},"inLanguage":"pt-PT","potentialAction":[{"@type":"ReadAction","target":["https:\/\/masalacrua.pt\/product\/masala-giftbox-skin-care\/"]}]},{"@type":"ImageObject","inLanguage":"pt-PT","@id":"https:\/\/masalacrua.pt\/product\/masala-giftbox-skin-care\/#primaryimage","url":"https:\/\/masalacrua.pt\/wp-content\/uploads\/2023\/11\/img_1755.jpeg","contentUrl":"https:\/\/masalacrua.pt\/wp-content\/uploads\/2023\/11\/img_1755.jpeg","width":1000,"height":1333,"caption":"Processed with VSCO with a9 preset"},{"@type":"BreadcrumbList","@id":"https:\/\/masalacrua.pt\/product\/masala-giftbox-skin-care\/#breadcrumb","itemListElement":[{"@type":"ListItem","position":1,"name":"Home","item":"https:\/\/masalacrua.pt\/"},{"@type":"ListItem","position":2,"name":"SHOP","item":"https:\/\/masalacrua.pt\/shop\/"},{"@type":"ListItem","position":3,"name":"masala giftbox | skin care"}]},{"@type":"WebSite","@id":"https:\/\/masalacrua.pt\/#website","url":"https:\/\/masalacrua.pt\/","name":"masalaCRUA","description":"natural creations","publisher":{"@id":"https:\/\/masalacrua.pt\/#organization"},"potentialAction":[{"@type":"SearchAction","target":{"@type":"EntryPoint","urlTemplate":"https:\/\/masalacrua.pt\/?s={search_term_string}"},"query-input":{"@type":"PropertyValueSpecification","valueRequired":true,"valueName":"search_term_string"}}],"inLanguage":"pt-PT"},{"@type":"Organization","@id":"https:\/\/masalacrua.pt\/#organization","name":"masalaCRUA","url":"https:\/\/masalacrua.pt\/","logo":{"@type":"ImageObject","inLanguage":"pt-PT","@id":"https:\/\/masalacrua.pt\/#\/schema\/logo\/image\/","url":"https:\/\/masalacrua.pt\/wp-content\/uploads\/2021\/11\/LOGO-finalLOGO-EXPAND-5pt-copy.png","contentUrl":"https:\/\/masalacrua.pt\/wp-content\/uploads\/2021\/11\/LOGO-finalLOGO-EXPAND-5pt-copy.png","width":767,"height":766,"caption":"masalaCRUA"},"image":{"@id":"https:\/\/masalacrua.pt\/#\/schema\/logo\/image\/"},"sameAs":["https:\/\/www.facebook.com\/masalaCRUA","https:\/\/www.instagram.com\/masala.crua\/"]}]}},"jetpack_sharing_enabled":true,"_links":{"self":[{"href":"https:\/\/masalacrua.pt\/pt\/wp-json\/wp\/v2\/product\/2946","targetHints":{"allow":["GET"]}}],"collection":[{"href":"https:\/\/masalacrua.pt\/pt\/wp-json\/wp\/v2\/product"}],"about":[{"href":"https:\/\/masalacrua.pt\/pt\/wp-json\/wp\/v2\/types\/product"}],"replies":[{"embeddable":true,"href":"https:\/\/masalacrua.pt\/pt\/wp-json\/wp\/v2\/comments?post=2946"}],"wp:featuredmedia":[{"embeddable":true,"href":"https:\/\/masalacrua.pt\/pt\/wp-json\/wp\/v2\/media\/2947"}],"wp:attachment":[{"href":"https:\/\/masalacrua.pt\/pt\/wp-json\/wp\/v2\/media?parent=2946"}],"wp:term":[{"taxonomy":"product_brand","embeddable":true,"href":"https:\/\/masalacrua.pt\/pt\/wp-json\/wp\/v2\/product_brand?post=2946"},{"taxonomy":"product_cat","embeddable":true,"href":"https:\/\/masalacrua.pt\/pt\/wp-json\/wp\/v2\/product_cat?post=2946"},{"taxonomy":"product_tag","embeddable":true,"href":"https:\/\/masalacrua.pt\/pt\/wp-json\/wp\/v2\/product_tag?post=2946"}],"curies":[{"name":"wp","href":"https:\/\/api.w.org\/{rel}","templated":true}]}}