{"id":402,"date":"2021-11-19T09:35:13","date_gmt":"2021-11-19T09:35:13","guid":{"rendered":"http:\/\/masalacrua.pt\/?post_type=product&#038;p=402"},"modified":"2026-04-08T11:38:26","modified_gmt":"2026-04-08T10:38:26","slug":"solid-shampoo-with-extra-foam-for-oily-hair","status":"publish","type":"product","link":"https:\/\/masalacrua.pt\/pt\/produto\/solid-shampoo-with-extra-foam-for-oily-hair\/","title":{"rendered":"shampoo cabelo oleoso | extra espuma"},"content":{"rendered":"<h3><strong>SHAMPOO S\u00d3LIDO PARA CABELO OLEOSO COM EXTRA ESPUMA<\/strong><\/h3>\n<p class=\"translation-block\">Este shampoo \u00e9 recomendado quando precisa de uma <strong>limpeza mais profunda<\/strong> ou quando est\u00e1 na fase de transi\u00e7\u00e3o <strong>do shampoo convencional para o natural<\/strong> e ainda prefere uma espuma mais rica e abundante. Os p\u00f3s de ervas cuidadosamente selecionados ajudam a remover o excesso de oleosidade e res\u00edduos, deixando o cabelo com uma sensa\u00e7\u00e3o de frescura, leveza e limpeza.<\/p>\n<p>Para uma alternativa mais suave e para o dia a dia, experimente o nosso <a href=\"http:\/\/masalacrua.pt\/pt\/produto\/sensitive-solid-shampoo-for-oily-hair\/\">Shampoo Sens\u00edvel para Cabelo Oleoso.<\/a><\/p>\n<p>&nbsp;<\/p>\n<p class=\"translation-block\">Os nossos shampoos s\u00f3lidos t\u00eam um pH entre 5 e 6, aproximando-se do pH natural do cabelo e do couro cabeludo (4\u20135.5). Ao contr\u00e1rio dos shampoos de saponifica\u00e7\u00e3o a frio (pH ~9), os nossos s\u00e3o mais suaves para o cabelo, ajudando a limpar eficazmente sem o deixar pesado ou com res\u00edduos.<\/p>\n<p class=\"translation-block\">Este pH equilibrado ajuda a limpar o cabelo enquanto mant\u00e9m a sua condi\u00e7\u00e3o natural. Tamb\u00e9m reduz a eletricidade est\u00e1tica negativa nas fibras capilares, ajudando a manter o cabelo mais liso, saud\u00e1vel e com menos frizz.<\/p>\n<p>Para uma limpeza suave mas eficaz, utilizamos tensioativos de origem vegetal derivados do \u00f3leo de coco, que limpam o cabelo mantendo-se delicados com o couro cabeludo. A nossa f\u00f3rmula inclui apenas SCI e SLSA \u2013 dois dos tensioativos mais suaves dispon\u00edveis. O resultado \u00e9 um shampoo que produz uma espuma macia e leve, respeitando tanto o teu cabelo como o teu couro cabeludo.<\/p>\n<p class=\"translation-block\">Saiba mais sobre as vantagens do shampoo de pH baixo <a href=\"https:\/\/journals.lww.com\/ijot\/fulltext\/2014\/06030\/the_shampoo_ph_can_affect_the_hair__myth_or.4.aspx?utm_source=chatgpt.com\" target=\"_blank\" rel=\"noopener\">neste artigo<\/a>.<\/p>\n<p>&nbsp;<\/p>\n<h3><strong>INGREDIENTES<\/strong><\/h3>\n<p class=\"p1\">Sodium cocoyl isethionate, sodium lauryl sulfoacetate, extrato de gr\u00e3o de avena sativa (aveia), montmorillonite (argila verde), aqua (\u00e1gua), p\u00f3 de emblica officinalis (amla), p\u00f3 de spirulina platensis, \u00f3leo da casca de citrus limon (lim\u00e3o), \u00f3leo de cocus nucifera (coco), \u00f3leo da semente de simmondsia chinensis (jojoba), \u00f3leo do fruto de litsea cubeba, tocopherol (vitamina E), benzyl alcohol\/dehydroacetic acid**<\/p>\n<p>*de produ\u00e7\u00e3o biol\u00f3gica **conservante aprovado para cosm\u00e9tica natural<br \/>\n99% de ingredientes naturais ou de origem vegetal<\/p>\n<p data-start=\"105\" data-end=\"126\"><strong>Ingredientes principais:<\/strong><\/p>\n<ul data-start=\"128\" data-end=\"550\">\n<li data-section-id=\"1vura1s\" data-start=\"128\" data-end=\"372\">\n<p data-start=\"130\" data-end=\"372\">Spirulina<strong data-start=\"130\" data-end=\"144\">:<\/strong> a nutrient-rich algae, considered a superfood for its high content of vitamins and minerals. On the hair, it helps <strong data-start=\"264\" data-end=\"283\">combat dandruff<\/strong> thanks to its zinc content and also works to <strong data-start=\"333\" data-end=\"369\">moisturize and hydrate the scalp<\/strong>.<\/p>\n<\/li>\n<li data-section-id=\"14f84kk\" data-start=\"373\" data-end=\"550\">\n<p data-start=\"375\" data-end=\"550\" class=\"translation-block\">Argila verde: <strong>remove<\/strong> suavemente a sujidade, a acumula\u00e7\u00e3o de produtos e as toxinas, enquanto <strong data-start=\"450\" data-end=\"478\">equilibra a produ\u00e7\u00e3o de oleosidade<\/strong>, limpando o excesso de \u00f3leos sem retirar a hidrata\u00e7\u00e3o natural do cabelo.<\/p>\n<\/li>\n<\/ul>\n<p>&nbsp;<\/p>\n<p class=\"translation-block\"><strong>Vegan e cruelty free<\/strong><br>\n<strong>100% biodegrad\u00e1vel<\/strong><br>\n<strong>Sem fragr\u00e2ncias ou corantes sint\u00e9ticos<\/strong><br>\n<strong>Sem sulfatos, parabenos ou conservantes t\u00f3xicos<\/strong><\/p>\n<p>&nbsp;<\/p>\n<h3><strong>COMO USAR<\/strong><\/h3>\n<p>Usar um shampoo s\u00f3lido \u00e9 simples \u2013 tal como usar uma barra de sabonete:<\/p>\n<p>1. Molhe bem a barra de shampoo e o seu cabelo.<br \/>\n2. Crie espuma esfregando a barra entre as m\u00e3os ou aplicando-a suavemente diretamente no cabelo e no couro cabeludo.<br \/>\n3. Deixe secar adequadamente ap\u00f3s a utiliza\u00e7\u00e3o. Evite deixar o shampoo numa superf\u00edcie plana onde n\u00e3o consiga secar. O ideal \u00e9 mant\u00ea-lo sobre uma esponja, assim durar\u00e1 mais tempo.<\/p>\n<p class=\"translation-block\">Para melhores resultados, termine a sua rotina com o nosso condicionador s\u00f3lido de <a href=\"https:\/\/masalacrua.pt\/pt\/produto\/conditioner-spirulina-lemon\/\" target=\"_blank\" rel=\"noopener\">lim\u00e3o<\/a> ou <a href=\"https:\/\/masalacrua.pt\/pt\/produto\/conditioner-palmarosa\/\" target=\"_blank\" rel=\"noopener\">palmarosa.<\/a><\/p>\n<p class=\"translation-block\">Para um cabelo mais brilhante e hidratado, aplique o nosso <a href=\"https:\/\/masalacrua.pt\/pt\/produto\/hair-serum-for-dry-hair\/\" target=\"_blank\" rel=\"noopener\">s\u00e9rum capilar<\/a> diariamente.<\/p>\n<p>&nbsp;<\/p>\n<h3><strong>PORQUE \u00c9 QUE O SHAMPOO S\u00d3LIDO \u00c9 MAIS SUSTENT\u00c1VEL<\/strong><\/h3>\n<p>O shampoo s\u00f3lido \u00e9 uma alternativa mais amiga do ambiente em compara\u00e7\u00e3o com os shampoos l\u00edquidos tradicionais.<\/p>\n<p class=\"translation-block\">Como se apresenta num formato s\u00f3lido, evita a necessidade de garrafas de pl\u00e1stico e \u00e9 mais f\u00e1cil de transportar em viagens \u2014 especialmente quando acompanhado pela nossa <a href=\"https:\/\/masalacrua.pt\/pt\/produto\/travel-cork-box\/\" target=\"_blank\" rel=\"noopener\">caixa de viagem em corti\u00e7a<\/a>.<\/p>\n<p>Durante a produ\u00e7\u00e3o, o shampoo s\u00f3lido requer significativamente menos \u00e1gua, tornando-o um produto altamente concentrado. Em compara\u00e7\u00e3o, a maioria dos shampoos l\u00edquidos cont\u00e9m cerca de 80% de \u00e1gua na sua formula\u00e7\u00e3o.<\/p>\n<p class=\"translation-block\">Gra\u00e7as a esta f\u00f3rmula concentrada, s\u00f3 precisa de usar uma pequena quantidade de cada vez que lava o cabelo, o que significa que o shampoo dura muito mais tempo. Uma barra dura normalmente entre <strong>3 e 6 meses<\/strong>, dependendo do comprimento do seu cabelo e da frequ\u00eancia com que \u00e9 utilizado.<\/p>\n<p class=\"translation-block\"><strong>Sem embalagens de pl\u00e1stico<\/strong><br data-start=\"900\" data-end=\"903\"><strong data-start=\"905\" data-end=\"935\">Produ\u00e7\u00e3o eficiente de \u00e1gua<\/strong><br data-start=\"935\" data-end=\"938\"><strong data-start=\"940\" data-end=\"971\">F\u00f3rmula altamente concentrada<\/strong><br data-start=\"971\" data-end=\"974\"><strong data-start=\"976\" data-end=\"1012\">Duradouro e ideal para viajar<\/strong><\/p>\n<p data-start=\"1014\" data-end=\"1081\">Uma mudan\u00e7a simples que ajuda a reduzir o desperd\u00edcio enquanto cuida do seu cabelo.<\/p>","protected":false},"excerpt":{"rendered":"<p>Shampoo s\u00f3lido de pH baixo para cabelos espessos com tend\u00eancia a ficarem secos. Com uma f\u00f3rmula de espuma extra, foi concebido especialmente para facilitar a transi\u00e7\u00e3o para o shampoo natural ou para uma limpeza profunda.<\/p>\n<p>Com spirulina e argila verde. Aroma a lim\u00e3o.<\/p>","protected":false},"featured_media":2008,"comment_status":"open","ping_status":"closed","template":"","meta":{"_acf_changed":false,"_et_pb_use_builder":"off","_et_pb_old_content":"<h3><strong>HOW TO USE<\/strong><\/h3>\r\nThe solid shampoo can be used the same way you would use a soap:\r\n\r\n1.Wet the shampoo bar\r\n\r\n2.Rub it on the hands to make some foam or directly on the hair.\r\n\r\n3.After using the shampoo always leave it hanged to dry or on top of a sponge or a soap holder with holes that will allow the water to pass through. This step is very important to guarantee the right preservation of the shampoo, if it stays with water it might go bad after a few weeks\r\n\r\n<span style=\"text-decoration: underline\">Suggestion for conditioning the hair after shampooing:<\/span> Rinse with apple cider vinegar diluted in water (1:5) to restore the hair pH.\u00a0Let it work for a few minutes and wash off with water.\r\n\r\nVegan and cruelty free.\r\n\r\n100% biodegradable.\r\n\r\nNo synthetic fragrance or colour.\r\n\r\nNo toxic chemicals.","_et_gb_content_width":""},"product_brand":[],"product_cat":[132],"product_tag":[277],"class_list":{"0":"post-402","1":"product","2":"type-product","3":"status-publish","4":"has-post-thumbnail","6":"product_cat-hair-care","7":"product_tag-shampoo","8":"pa_ingredients-coconut-oil","9":"pa_ingredients-green-clay","10":"pa_ingredients-lemon-essential-oil","11":"pa_ingredients-litsea","12":"pa_ingredients-vitamin-e","14":"first","15":"instock","16":"taxable","17":"shipping-taxable","18":"purchasable","19":"product-type-variable"},"acf":[],"yoast_head":"<!-- This site is optimized with the Yoast SEO plugin v27.4 - https:\/\/yoast.com\/product\/yoast-seo-wordpress\/ -->\n<title>Solid Shampoo with Extra Foam for Oily Hair<\/title>\n<meta name=\"description\" content=\"Solid Shampoo with Extra Foam for Oily Hair is perfect for those new to natural products or for a deep cleanse. With spirulina and green clay. Lemon scent.\" \/>\n<meta name=\"robots\" content=\"index, follow, max-snippet:-1, max-image-preview:large, max-video-preview:-1\" \/>\n<link rel=\"canonical\" href=\"https:\/\/masalacrua.pt\/pt\/produto\/solid-shampoo-with-extra-foam-for-oily-hair\/\" \/>\n<meta property=\"og:locale\" content=\"pt_PT\" \/>\n<meta property=\"og:type\" content=\"article\" \/>\n<meta property=\"og:title\" content=\"Solid Shampoo with Extra Foam for Oily Hair\" \/>\n<meta property=\"og:description\" content=\"Solid Shampoo with Extra Foam for Oily Hair is perfect for those new to natural products or for a deep cleanse. With spirulina and green clay. Lemon scent.\" \/>\n<meta property=\"og:url\" content=\"https:\/\/masalacrua.pt\/pt\/produto\/solid-shampoo-with-extra-foam-for-oily-hair\/\" \/>\n<meta property=\"og:site_name\" content=\"masalaCRUA\" \/>\n<meta property=\"article:publisher\" content=\"https:\/\/www.facebook.com\/masalaCRUA\" \/>\n<meta property=\"article:modified_time\" content=\"2026-04-08T10:38:26+00:00\" \/>\n<meta property=\"og:image\" content=\"https:\/\/masalacrua.pt\/wp-content\/uploads\/2024\/07\/masalacrua_shampoo_24.jpg\" \/>\n\t<meta property=\"og:image:width\" content=\"2200\" \/>\n\t<meta property=\"og:image:height\" content=\"1650\" \/>\n\t<meta property=\"og:image:type\" content=\"image\/jpeg\" \/>\n<meta name=\"twitter:card\" content=\"summary_large_image\" \/>\n<meta name=\"twitter:label1\" content=\"Tempo estimado de leitura\" \/>\n\t<meta name=\"twitter:data1\" content=\"3 minutos\" \/>\n<script type=\"application\/ld+json\" class=\"yoast-schema-graph\">{\"@context\":\"https:\\\/\\\/schema.org\",\"@graph\":[{\"@type\":\"WebPage\",\"@id\":\"https:\\\/\\\/masalacrua.pt\\\/product\\\/solid-shampoo-with-extra-foam-for-oily-hair\\\/\",\"url\":\"https:\\\/\\\/masalacrua.pt\\\/product\\\/solid-shampoo-with-extra-foam-for-oily-hair\\\/\",\"name\":\"Solid Shampoo with Extra Foam for Oily Hair\",\"isPartOf\":{\"@id\":\"https:\\\/\\\/masalacrua.pt\\\/#website\"},\"primaryImageOfPage\":{\"@id\":\"https:\\\/\\\/masalacrua.pt\\\/product\\\/solid-shampoo-with-extra-foam-for-oily-hair\\\/#primaryimage\"},\"image\":{\"@id\":\"https:\\\/\\\/masalacrua.pt\\\/product\\\/solid-shampoo-with-extra-foam-for-oily-hair\\\/#primaryimage\"},\"thumbnailUrl\":\"https:\\\/\\\/masalacrua.pt\\\/wp-content\\\/uploads\\\/2024\\\/07\\\/masalacrua_shampoo_24.jpg\",\"datePublished\":\"2021-11-19T09:35:13+00:00\",\"dateModified\":\"2026-04-08T10:38:26+00:00\",\"description\":\"Solid Shampoo with Extra Foam for Oily Hair is perfect for those new to natural products or for a deep cleanse. With spirulina and green clay. Lemon scent.\",\"breadcrumb\":{\"@id\":\"https:\\\/\\\/masalacrua.pt\\\/product\\\/solid-shampoo-with-extra-foam-for-oily-hair\\\/#breadcrumb\"},\"inLanguage\":\"pt-PT\",\"potentialAction\":[{\"@type\":\"ReadAction\",\"target\":[\"https:\\\/\\\/masalacrua.pt\\\/product\\\/solid-shampoo-with-extra-foam-for-oily-hair\\\/\"]}]},{\"@type\":\"ImageObject\",\"inLanguage\":\"pt-PT\",\"@id\":\"https:\\\/\\\/masalacrua.pt\\\/product\\\/solid-shampoo-with-extra-foam-for-oily-hair\\\/#primaryimage\",\"url\":\"https:\\\/\\\/masalacrua.pt\\\/wp-content\\\/uploads\\\/2024\\\/07\\\/masalacrua_shampoo_24.jpg\",\"contentUrl\":\"https:\\\/\\\/masalacrua.pt\\\/wp-content\\\/uploads\\\/2024\\\/07\\\/masalacrua_shampoo_24.jpg\",\"width\":2200,\"height\":1650},{\"@type\":\"BreadcrumbList\",\"@id\":\"https:\\\/\\\/masalacrua.pt\\\/product\\\/solid-shampoo-with-extra-foam-for-oily-hair\\\/#breadcrumb\",\"itemListElement\":[{\"@type\":\"ListItem\",\"position\":1,\"name\":\"Home\",\"item\":\"https:\\\/\\\/masalacrua.pt\\\/\"},{\"@type\":\"ListItem\",\"position\":2,\"name\":\"SHOP\",\"item\":\"https:\\\/\\\/masalacrua.pt\\\/shop\\\/\"},{\"@type\":\"ListItem\",\"position\":3,\"name\":\"shampoo oily hair | extra foam\"}]},{\"@type\":\"WebSite\",\"@id\":\"https:\\\/\\\/masalacrua.pt\\\/#website\",\"url\":\"https:\\\/\\\/masalacrua.pt\\\/\",\"name\":\"masalaCRUA\",\"description\":\"natural creations\",\"publisher\":{\"@id\":\"https:\\\/\\\/masalacrua.pt\\\/#organization\"},\"potentialAction\":[{\"@type\":\"SearchAction\",\"target\":{\"@type\":\"EntryPoint\",\"urlTemplate\":\"https:\\\/\\\/masalacrua.pt\\\/?s={search_term_string}\"},\"query-input\":{\"@type\":\"PropertyValueSpecification\",\"valueRequired\":true,\"valueName\":\"search_term_string\"}}],\"inLanguage\":\"pt-PT\"},{\"@type\":\"Organization\",\"@id\":\"https:\\\/\\\/masalacrua.pt\\\/#organization\",\"name\":\"masalaCRUA\",\"url\":\"https:\\\/\\\/masalacrua.pt\\\/\",\"logo\":{\"@type\":\"ImageObject\",\"inLanguage\":\"pt-PT\",\"@id\":\"https:\\\/\\\/masalacrua.pt\\\/#\\\/schema\\\/logo\\\/image\\\/\",\"url\":\"https:\\\/\\\/masalacrua.pt\\\/wp-content\\\/uploads\\\/2021\\\/11\\\/LOGO-finalLOGO-EXPAND-5pt-copy.png\",\"contentUrl\":\"https:\\\/\\\/masalacrua.pt\\\/wp-content\\\/uploads\\\/2021\\\/11\\\/LOGO-finalLOGO-EXPAND-5pt-copy.png\",\"width\":767,\"height\":766,\"caption\":\"masalaCRUA\"},\"image\":{\"@id\":\"https:\\\/\\\/masalacrua.pt\\\/#\\\/schema\\\/logo\\\/image\\\/\"},\"sameAs\":[\"https:\\\/\\\/www.facebook.com\\\/masalaCRUA\",\"https:\\\/\\\/www.instagram.com\\\/masala.crua\\\/\"]}]}<\/script>\n<!-- \/ Yoast SEO plugin. -->","yoast_head_json":{"title":"Solid Shampoo with Extra Foam for Oily Hair","description":"Solid Shampoo with Extra Foam for Oily Hair is perfect for those new to natural products or for a deep cleanse. With spirulina and green clay. Lemon scent.","robots":{"index":"index","follow":"follow","max-snippet":"max-snippet:-1","max-image-preview":"max-image-preview:large","max-video-preview":"max-video-preview:-1"},"canonical":"https:\/\/masalacrua.pt\/pt\/produto\/solid-shampoo-with-extra-foam-for-oily-hair\/","og_locale":"pt_PT","og_type":"article","og_title":"Solid Shampoo with Extra Foam for Oily Hair","og_description":"Solid Shampoo with Extra Foam for Oily Hair is perfect for those new to natural products or for a deep cleanse. With spirulina and green clay. Lemon scent.","og_url":"https:\/\/masalacrua.pt\/pt\/produto\/solid-shampoo-with-extra-foam-for-oily-hair\/","og_site_name":"masalaCRUA","article_publisher":"https:\/\/www.facebook.com\/masalaCRUA","article_modified_time":"2026-04-08T10:38:26+00:00","og_image":[{"width":2200,"height":1650,"url":"https:\/\/masalacrua.pt\/wp-content\/uploads\/2024\/07\/masalacrua_shampoo_24.jpg","type":"image\/jpeg"}],"twitter_card":"summary_large_image","twitter_misc":{"Tempo estimado de leitura":"3 minutos"},"schema":{"@context":"https:\/\/schema.org","@graph":[{"@type":"WebPage","@id":"https:\/\/masalacrua.pt\/product\/solid-shampoo-with-extra-foam-for-oily-hair\/","url":"https:\/\/masalacrua.pt\/product\/solid-shampoo-with-extra-foam-for-oily-hair\/","name":"Solid Shampoo with Extra Foam for Oily Hair","isPartOf":{"@id":"https:\/\/masalacrua.pt\/#website"},"primaryImageOfPage":{"@id":"https:\/\/masalacrua.pt\/product\/solid-shampoo-with-extra-foam-for-oily-hair\/#primaryimage"},"image":{"@id":"https:\/\/masalacrua.pt\/product\/solid-shampoo-with-extra-foam-for-oily-hair\/#primaryimage"},"thumbnailUrl":"https:\/\/masalacrua.pt\/wp-content\/uploads\/2024\/07\/masalacrua_shampoo_24.jpg","datePublished":"2021-11-19T09:35:13+00:00","dateModified":"2026-04-08T10:38:26+00:00","description":"Solid Shampoo with Extra Foam for Oily Hair is perfect for those new to natural products or for a deep cleanse. With spirulina and green clay. Lemon scent.","breadcrumb":{"@id":"https:\/\/masalacrua.pt\/product\/solid-shampoo-with-extra-foam-for-oily-hair\/#breadcrumb"},"inLanguage":"pt-PT","potentialAction":[{"@type":"ReadAction","target":["https:\/\/masalacrua.pt\/product\/solid-shampoo-with-extra-foam-for-oily-hair\/"]}]},{"@type":"ImageObject","inLanguage":"pt-PT","@id":"https:\/\/masalacrua.pt\/product\/solid-shampoo-with-extra-foam-for-oily-hair\/#primaryimage","url":"https:\/\/masalacrua.pt\/wp-content\/uploads\/2024\/07\/masalacrua_shampoo_24.jpg","contentUrl":"https:\/\/masalacrua.pt\/wp-content\/uploads\/2024\/07\/masalacrua_shampoo_24.jpg","width":2200,"height":1650},{"@type":"BreadcrumbList","@id":"https:\/\/masalacrua.pt\/product\/solid-shampoo-with-extra-foam-for-oily-hair\/#breadcrumb","itemListElement":[{"@type":"ListItem","position":1,"name":"Home","item":"https:\/\/masalacrua.pt\/"},{"@type":"ListItem","position":2,"name":"SHOP","item":"https:\/\/masalacrua.pt\/shop\/"},{"@type":"ListItem","position":3,"name":"shampoo oily hair | extra foam"}]},{"@type":"WebSite","@id":"https:\/\/masalacrua.pt\/#website","url":"https:\/\/masalacrua.pt\/","name":"masalaCRUA","description":"natural creations","publisher":{"@id":"https:\/\/masalacrua.pt\/#organization"},"potentialAction":[{"@type":"SearchAction","target":{"@type":"EntryPoint","urlTemplate":"https:\/\/masalacrua.pt\/?s={search_term_string}"},"query-input":{"@type":"PropertyValueSpecification","valueRequired":true,"valueName":"search_term_string"}}],"inLanguage":"pt-PT"},{"@type":"Organization","@id":"https:\/\/masalacrua.pt\/#organization","name":"masalaCRUA","url":"https:\/\/masalacrua.pt\/","logo":{"@type":"ImageObject","inLanguage":"pt-PT","@id":"https:\/\/masalacrua.pt\/#\/schema\/logo\/image\/","url":"https:\/\/masalacrua.pt\/wp-content\/uploads\/2021\/11\/LOGO-finalLOGO-EXPAND-5pt-copy.png","contentUrl":"https:\/\/masalacrua.pt\/wp-content\/uploads\/2021\/11\/LOGO-finalLOGO-EXPAND-5pt-copy.png","width":767,"height":766,"caption":"masalaCRUA"},"image":{"@id":"https:\/\/masalacrua.pt\/#\/schema\/logo\/image\/"},"sameAs":["https:\/\/www.facebook.com\/masalaCRUA","https:\/\/www.instagram.com\/masala.crua\/"]}]}},"jetpack_sharing_enabled":true,"_links":{"self":[{"href":"https:\/\/masalacrua.pt\/pt\/wp-json\/wp\/v2\/product\/402","targetHints":{"allow":["GET"]}}],"collection":[{"href":"https:\/\/masalacrua.pt\/pt\/wp-json\/wp\/v2\/product"}],"about":[{"href":"https:\/\/masalacrua.pt\/pt\/wp-json\/wp\/v2\/types\/product"}],"replies":[{"embeddable":true,"href":"https:\/\/masalacrua.pt\/pt\/wp-json\/wp\/v2\/comments?post=402"}],"wp:featuredmedia":[{"embeddable":true,"href":"https:\/\/masalacrua.pt\/pt\/wp-json\/wp\/v2\/media\/2008"}],"wp:attachment":[{"href":"https:\/\/masalacrua.pt\/pt\/wp-json\/wp\/v2\/media?parent=402"}],"wp:term":[{"taxonomy":"product_brand","embeddable":true,"href":"https:\/\/masalacrua.pt\/pt\/wp-json\/wp\/v2\/product_brand?post=402"},{"taxonomy":"product_cat","embeddable":true,"href":"https:\/\/masalacrua.pt\/pt\/wp-json\/wp\/v2\/product_cat?post=402"},{"taxonomy":"product_tag","embeddable":true,"href":"https:\/\/masalacrua.pt\/pt\/wp-json\/wp\/v2\/product_tag?post=402"}],"curies":[{"name":"wp","href":"https:\/\/api.w.org\/{rel}","templated":true}]}}