{"id":914,"date":"2022-11-16T23:53:15","date_gmt":"2022-11-16T23:53:15","guid":{"rendered":"http:\/\/masalacrua.pt\/?post_type=product&#038;p=914"},"modified":"2026-03-17T21:34:12","modified_gmt":"2026-03-17T21:34:12","slug":"toothpaste-sweet-fennel","status":"publish","type":"product","link":"https:\/\/masalacrua.pt\/pt\/produto\/toothpaste-sweet-fennel\/","title":{"rendered":"pasta de dentes | erva doce and laranja"},"content":{"rendered":"<h3><strong>INGREDIENTES<\/strong><\/h3>\n<p>Glicerina* (vegetal), aqua, argila bentonite, carbonato de c\u00e1lcio, caulim (argila branca), \u00f3leo de cocus nucifera (coco), extrato de semente de citrus grandis (toranja), \u00e1lcool benz\u00edlico\/ \u00e1cido desidroac\u00e9tico (conservante natural), \u00f3leo da casca de citrus aurantium dulcis (laranja), goma xantana*, \u00f3leo de foeniculum vulgare (erva doce).<\/p>\n<p>*proveniente de produ\u00e7\u00e3o org\u00e2nica<\/p>\n<p>&nbsp;<\/p>\n<p><strong>Ingredientes principais:<\/strong><\/p>\n<ul>\n<li data-start=\"0\" data-end=\"255\" class=\"translation-block\">Argila bentonita: uma das argilas mais eficazes para pasta de dentes, pois \u00e9 rica em minerais ben\u00e9ficos que apoiam a <strong>remineraliza\u00e7\u00e3o do esmalte dent\u00e1rio<\/strong>, atuando ao mesmo tempo como um polidor natural suave. A sua natureza alcalina tamb\u00e9m ajuda a reduzir a acidez na boca.<\/li>\n<li data-start=\"257\" data-end=\"397\" class=\"translation-block\">Extrato de semente de toranja: rico em vitamina C e antioxidantes, ajudando a manter as <strong>gengivas saud\u00e1veis<\/strong> e a apoiar a preven\u00e7\u00e3o de c\u00e1ries dent\u00e1rias.<\/li>\n<li data-start=\"399\" data-end=\"517\" class=\"translation-block\">Carv\u00e3o ativado: derivado de cascas de coco, funciona como um abrasivo suave que <strong>pole suavemente<\/strong> e ajuda a branquear os dentes.<\/li>\n<\/ul>\n<p>&nbsp;<\/p>\n<p class=\"translation-block\">Saiba mais sobre o extrato de semente de toranja <a href=\"\" target=\"_self\">neste artigo.<\/a><\/p>\n<p>&nbsp;<\/p>\n<p class=\"translation-block\">Saiba mais sobre o extrato de semente de toranja <a href=\"https:\/\/pmc.ncbi.nlm.nih.gov\/articles\/PMC9176302\/?utm_source=chatgpt.com\" target=\"_self\">neste artigo.<\/a><\/p>\n<p>&nbsp;<\/p>\n<h3><strong>COMO USAR<\/strong><\/h3>\n<p data-start=\"0\" data-end=\"147\">1. Use uma pequena quantidade de pasta de dentes, aplicando-a com uma colher ou esp\u00e1tula limpa para ajudar a preservar o produto.<br \/>\n2. Guardar fora da luz solar direta.<\/p>\n<p data-start=\"0\" data-end=\"147\">\n<p data-start=\"0\" data-end=\"147\" class=\"translation-block\">Para um sabor fresco a menta e um efeito branqueador, descubra a nossa <a href=\"https:\/\/masalacrua.pt\/pt\/produto\/toothpaste-mint\/\" target=\"_self\">pasta de dentes de menta.<\/a><\/p>","protected":false},"excerpt":{"rendered":"<p>Uma pasta de dentes natural e suave de erva doce e laranja, especialmente formulada para gengivas sens\u00edveis, proporcionando uma limpeza eficaz mas delicada, sem fl\u00faor ou bicarbonato de s\u00f3dio.<\/p>","protected":false},"featured_media":2233,"comment_status":"open","ping_status":"closed","template":"","meta":{"_acf_changed":false,"_et_pb_use_builder":"","_et_pb_old_content":"","_et_gb_content_width":""},"product_brand":[],"product_cat":[151],"product_tag":[299],"class_list":{"0":"post-914","1":"product","2":"type-product","3":"status-publish","4":"has-post-thumbnail","6":"product_cat-face-oral-care","7":"product_tag-toothpaste","8":"pa_ingredients-bentonite-clay","9":"pa_ingredients-grapefruit-seed-extract","10":"pa_ingredients-kaolin-clay","11":"pa_ingredients-orange","13":"first","14":"instock","15":"taxable","16":"shipping-taxable","17":"purchasable","18":"product-type-simple"},"acf":[],"yoast_head":"<!-- This site is optimized with the Yoast SEO plugin v27.4 - https:\/\/yoast.com\/product\/yoast-seo-wordpress\/ -->\n<title>Fennel and Orange Sensitive Toothpaste<\/title>\n<meta name=\"description\" content=\"A gentle natural toothpaste with sweet fennel and orange, specially formulated for sensitive gums, without fluoride or sodium bicarbonate.\" \/>\n<meta name=\"robots\" content=\"index, follow, max-snippet:-1, max-image-preview:large, max-video-preview:-1\" \/>\n<link rel=\"canonical\" href=\"https:\/\/masalacrua.pt\/pt\/produto\/toothpaste-sweet-fennel\/\" \/>\n<meta property=\"og:locale\" content=\"pt_PT\" \/>\n<meta property=\"og:type\" content=\"article\" \/>\n<meta property=\"og:title\" content=\"Fennel and Orange Sensitive Toothpaste\" \/>\n<meta property=\"og:description\" content=\"A gentle natural toothpaste with sweet fennel and orange, specially formulated for sensitive gums, without fluoride or sodium bicarbonate.\" \/>\n<meta property=\"og:url\" content=\"https:\/\/masalacrua.pt\/pt\/produto\/toothpaste-sweet-fennel\/\" \/>\n<meta property=\"og:site_name\" content=\"masalaCRUA\" \/>\n<meta property=\"article:publisher\" content=\"https:\/\/www.facebook.com\/masalaCRUA\" \/>\n<meta property=\"article:modified_time\" content=\"2026-03-17T21:34:12+00:00\" \/>\n<meta property=\"og:image\" content=\"https:\/\/masalacrua.pt\/wp-content\/uploads\/2024\/10\/img_7440.jpeg\" \/>\n\t<meta property=\"og:image:width\" content=\"2200\" \/>\n\t<meta property=\"og:image:height\" content=\"1650\" \/>\n\t<meta property=\"og:image:type\" content=\"image\/jpeg\" \/>\n<meta name=\"twitter:card\" content=\"summary_large_image\" \/>\n<meta name=\"twitter:label1\" content=\"Tempo estimado de leitura\" \/>\n\t<meta name=\"twitter:data1\" content=\"2 minutos\" \/>\n<script type=\"application\/ld+json\" class=\"yoast-schema-graph\">{\"@context\":\"https:\\\/\\\/schema.org\",\"@graph\":[{\"@type\":\"WebPage\",\"@id\":\"https:\\\/\\\/masalacrua.pt\\\/product\\\/toothpaste-sweet-fennel\\\/\",\"url\":\"https:\\\/\\\/masalacrua.pt\\\/product\\\/toothpaste-sweet-fennel\\\/\",\"name\":\"Fennel and Orange Sensitive Toothpaste\",\"isPartOf\":{\"@id\":\"https:\\\/\\\/masalacrua.pt\\\/#website\"},\"primaryImageOfPage\":{\"@id\":\"https:\\\/\\\/masalacrua.pt\\\/product\\\/toothpaste-sweet-fennel\\\/#primaryimage\"},\"image\":{\"@id\":\"https:\\\/\\\/masalacrua.pt\\\/product\\\/toothpaste-sweet-fennel\\\/#primaryimage\"},\"thumbnailUrl\":\"https:\\\/\\\/masalacrua.pt\\\/wp-content\\\/uploads\\\/2024\\\/10\\\/img_7440.jpeg\",\"datePublished\":\"2022-11-16T23:53:15+00:00\",\"dateModified\":\"2026-03-17T21:34:12+00:00\",\"description\":\"A gentle natural toothpaste with sweet fennel and orange, specially formulated for sensitive gums, without fluoride or sodium bicarbonate.\",\"breadcrumb\":{\"@id\":\"https:\\\/\\\/masalacrua.pt\\\/product\\\/toothpaste-sweet-fennel\\\/#breadcrumb\"},\"inLanguage\":\"pt-PT\",\"potentialAction\":[{\"@type\":\"ReadAction\",\"target\":[\"https:\\\/\\\/masalacrua.pt\\\/product\\\/toothpaste-sweet-fennel\\\/\"]}]},{\"@type\":\"ImageObject\",\"inLanguage\":\"pt-PT\",\"@id\":\"https:\\\/\\\/masalacrua.pt\\\/product\\\/toothpaste-sweet-fennel\\\/#primaryimage\",\"url\":\"https:\\\/\\\/masalacrua.pt\\\/wp-content\\\/uploads\\\/2024\\\/10\\\/img_7440.jpeg\",\"contentUrl\":\"https:\\\/\\\/masalacrua.pt\\\/wp-content\\\/uploads\\\/2024\\\/10\\\/img_7440.jpeg\",\"width\":2200,\"height\":1650,\"caption\":\"Processed with VSCO with a9 preset\"},{\"@type\":\"BreadcrumbList\",\"@id\":\"https:\\\/\\\/masalacrua.pt\\\/product\\\/toothpaste-sweet-fennel\\\/#breadcrumb\",\"itemListElement\":[{\"@type\":\"ListItem\",\"position\":1,\"name\":\"Home\",\"item\":\"https:\\\/\\\/masalacrua.pt\\\/\"},{\"@type\":\"ListItem\",\"position\":2,\"name\":\"SHOP\",\"item\":\"https:\\\/\\\/masalacrua.pt\\\/shop\\\/\"},{\"@type\":\"ListItem\",\"position\":3,\"name\":\"toothpaste | sweet fennel and orange\"}]},{\"@type\":\"WebSite\",\"@id\":\"https:\\\/\\\/masalacrua.pt\\\/#website\",\"url\":\"https:\\\/\\\/masalacrua.pt\\\/\",\"name\":\"masalaCRUA\",\"description\":\"natural creations\",\"publisher\":{\"@id\":\"https:\\\/\\\/masalacrua.pt\\\/#organization\"},\"potentialAction\":[{\"@type\":\"SearchAction\",\"target\":{\"@type\":\"EntryPoint\",\"urlTemplate\":\"https:\\\/\\\/masalacrua.pt\\\/?s={search_term_string}\"},\"query-input\":{\"@type\":\"PropertyValueSpecification\",\"valueRequired\":true,\"valueName\":\"search_term_string\"}}],\"inLanguage\":\"pt-PT\"},{\"@type\":\"Organization\",\"@id\":\"https:\\\/\\\/masalacrua.pt\\\/#organization\",\"name\":\"masalaCRUA\",\"url\":\"https:\\\/\\\/masalacrua.pt\\\/\",\"logo\":{\"@type\":\"ImageObject\",\"inLanguage\":\"pt-PT\",\"@id\":\"https:\\\/\\\/masalacrua.pt\\\/#\\\/schema\\\/logo\\\/image\\\/\",\"url\":\"https:\\\/\\\/masalacrua.pt\\\/wp-content\\\/uploads\\\/2021\\\/11\\\/LOGO-finalLOGO-EXPAND-5pt-copy.png\",\"contentUrl\":\"https:\\\/\\\/masalacrua.pt\\\/wp-content\\\/uploads\\\/2021\\\/11\\\/LOGO-finalLOGO-EXPAND-5pt-copy.png\",\"width\":767,\"height\":766,\"caption\":\"masalaCRUA\"},\"image\":{\"@id\":\"https:\\\/\\\/masalacrua.pt\\\/#\\\/schema\\\/logo\\\/image\\\/\"},\"sameAs\":[\"https:\\\/\\\/www.facebook.com\\\/masalaCRUA\",\"https:\\\/\\\/www.instagram.com\\\/masala.crua\\\/\"]}]}<\/script>\n<!-- \/ Yoast SEO plugin. -->","yoast_head_json":{"title":"Fennel and Orange Sensitive Toothpaste","description":"A gentle natural toothpaste with sweet fennel and orange, specially formulated for sensitive gums, without fluoride or sodium bicarbonate.","robots":{"index":"index","follow":"follow","max-snippet":"max-snippet:-1","max-image-preview":"max-image-preview:large","max-video-preview":"max-video-preview:-1"},"canonical":"https:\/\/masalacrua.pt\/pt\/produto\/toothpaste-sweet-fennel\/","og_locale":"pt_PT","og_type":"article","og_title":"Fennel and Orange Sensitive Toothpaste","og_description":"A gentle natural toothpaste with sweet fennel and orange, specially formulated for sensitive gums, without fluoride or sodium bicarbonate.","og_url":"https:\/\/masalacrua.pt\/pt\/produto\/toothpaste-sweet-fennel\/","og_site_name":"masalaCRUA","article_publisher":"https:\/\/www.facebook.com\/masalaCRUA","article_modified_time":"2026-03-17T21:34:12+00:00","og_image":[{"width":2200,"height":1650,"url":"https:\/\/masalacrua.pt\/wp-content\/uploads\/2024\/10\/img_7440.jpeg","type":"image\/jpeg"}],"twitter_card":"summary_large_image","twitter_misc":{"Tempo estimado de leitura":"2 minutos"},"schema":{"@context":"https:\/\/schema.org","@graph":[{"@type":"WebPage","@id":"https:\/\/masalacrua.pt\/product\/toothpaste-sweet-fennel\/","url":"https:\/\/masalacrua.pt\/product\/toothpaste-sweet-fennel\/","name":"Fennel and Orange Sensitive Toothpaste","isPartOf":{"@id":"https:\/\/masalacrua.pt\/#website"},"primaryImageOfPage":{"@id":"https:\/\/masalacrua.pt\/product\/toothpaste-sweet-fennel\/#primaryimage"},"image":{"@id":"https:\/\/masalacrua.pt\/product\/toothpaste-sweet-fennel\/#primaryimage"},"thumbnailUrl":"https:\/\/masalacrua.pt\/wp-content\/uploads\/2024\/10\/img_7440.jpeg","datePublished":"2022-11-16T23:53:15+00:00","dateModified":"2026-03-17T21:34:12+00:00","description":"A gentle natural toothpaste with sweet fennel and orange, specially formulated for sensitive gums, without fluoride or sodium bicarbonate.","breadcrumb":{"@id":"https:\/\/masalacrua.pt\/product\/toothpaste-sweet-fennel\/#breadcrumb"},"inLanguage":"pt-PT","potentialAction":[{"@type":"ReadAction","target":["https:\/\/masalacrua.pt\/product\/toothpaste-sweet-fennel\/"]}]},{"@type":"ImageObject","inLanguage":"pt-PT","@id":"https:\/\/masalacrua.pt\/product\/toothpaste-sweet-fennel\/#primaryimage","url":"https:\/\/masalacrua.pt\/wp-content\/uploads\/2024\/10\/img_7440.jpeg","contentUrl":"https:\/\/masalacrua.pt\/wp-content\/uploads\/2024\/10\/img_7440.jpeg","width":2200,"height":1650,"caption":"Processed with VSCO with a9 preset"},{"@type":"BreadcrumbList","@id":"https:\/\/masalacrua.pt\/product\/toothpaste-sweet-fennel\/#breadcrumb","itemListElement":[{"@type":"ListItem","position":1,"name":"Home","item":"https:\/\/masalacrua.pt\/"},{"@type":"ListItem","position":2,"name":"SHOP","item":"https:\/\/masalacrua.pt\/shop\/"},{"@type":"ListItem","position":3,"name":"toothpaste | sweet fennel and orange"}]},{"@type":"WebSite","@id":"https:\/\/masalacrua.pt\/#website","url":"https:\/\/masalacrua.pt\/","name":"masalaCRUA","description":"natural creations","publisher":{"@id":"https:\/\/masalacrua.pt\/#organization"},"potentialAction":[{"@type":"SearchAction","target":{"@type":"EntryPoint","urlTemplate":"https:\/\/masalacrua.pt\/?s={search_term_string}"},"query-input":{"@type":"PropertyValueSpecification","valueRequired":true,"valueName":"search_term_string"}}],"inLanguage":"pt-PT"},{"@type":"Organization","@id":"https:\/\/masalacrua.pt\/#organization","name":"masalaCRUA","url":"https:\/\/masalacrua.pt\/","logo":{"@type":"ImageObject","inLanguage":"pt-PT","@id":"https:\/\/masalacrua.pt\/#\/schema\/logo\/image\/","url":"https:\/\/masalacrua.pt\/wp-content\/uploads\/2021\/11\/LOGO-finalLOGO-EXPAND-5pt-copy.png","contentUrl":"https:\/\/masalacrua.pt\/wp-content\/uploads\/2021\/11\/LOGO-finalLOGO-EXPAND-5pt-copy.png","width":767,"height":766,"caption":"masalaCRUA"},"image":{"@id":"https:\/\/masalacrua.pt\/#\/schema\/logo\/image\/"},"sameAs":["https:\/\/www.facebook.com\/masalaCRUA","https:\/\/www.instagram.com\/masala.crua\/"]}]}},"jetpack_sharing_enabled":true,"_links":{"self":[{"href":"https:\/\/masalacrua.pt\/pt\/wp-json\/wp\/v2\/product\/914","targetHints":{"allow":["GET"]}}],"collection":[{"href":"https:\/\/masalacrua.pt\/pt\/wp-json\/wp\/v2\/product"}],"about":[{"href":"https:\/\/masalacrua.pt\/pt\/wp-json\/wp\/v2\/types\/product"}],"replies":[{"embeddable":true,"href":"https:\/\/masalacrua.pt\/pt\/wp-json\/wp\/v2\/comments?post=914"}],"wp:featuredmedia":[{"embeddable":true,"href":"https:\/\/masalacrua.pt\/pt\/wp-json\/wp\/v2\/media\/2233"}],"wp:attachment":[{"href":"https:\/\/masalacrua.pt\/pt\/wp-json\/wp\/v2\/media?parent=914"}],"wp:term":[{"taxonomy":"product_brand","embeddable":true,"href":"https:\/\/masalacrua.pt\/pt\/wp-json\/wp\/v2\/product_brand?post=914"},{"taxonomy":"product_cat","embeddable":true,"href":"https:\/\/masalacrua.pt\/pt\/wp-json\/wp\/v2\/product_cat?post=914"},{"taxonomy":"product_tag","embeddable":true,"href":"https:\/\/masalacrua.pt\/pt\/wp-json\/wp\/v2\/product_tag?post=914"}],"curies":[{"name":"wp","href":"https:\/\/api.w.org\/{rel}","templated":true}]}}